{"id":16218,"date":"2025-09-03T09:44:22","date_gmt":"2025-09-03T07:44:22","guid":{"rendered":"https:\/\/rutana.webdemo.lt\/?post_type=product&#038;p=16218"},"modified":"2025-10-13T15:50:46","modified_gmt":"2025-10-13T13:50:46","slug":"dazu-veidui-rinkinys-maskup-party-6-vnt-carioca-43052","status":"publish","type":"product","link":"https:\/\/rutana.lt\/en\/product\/dazu-veidui-rinkinys-maskup-party-6-vnt-carioca-43052\/","title":{"rendered":"Da\u017e\u0173 veidui rinkinys Maskup Party 6 vnt. Carioca 43052"},"content":{"rendered":"<p>Veido da\u017e\u0173 markeriai, vandens pagrindu pagamintos spalvos, kurias galima lengvai nuvalyti vandeniu. Dermatologi\u0161kai patikrinta. Galite mai\u0161yti spalvas tarpusavyje. Atsukite veido da\u017eus ir tepkite tiesiai ant odos. Komplekte prid\u0117tos dvi naudojimosi pamokos.<\/p>\n<p>\u012esp\u0117jimas! Netinka vaikams iki 3 met\u0173. Ma\u017e\u0173 nuimam\u0173 dali\u0173 buvimas, gali u\u017espringti. Nenaudoti aplink akis ir ant l\u016bp\u0173. Pa\u0161alinkite prie\u0161 mieg\u0105. Vartoti pri\u017ei\u016brint suaugusiems.<\/p>\n<p>Spalvos: 6 ( geltona, raudona, \u017ealia, m\u0117lyna, balta, juoda )<\/p>\n<p>Pakuot\u0117: kartonas<\/p>\n<p>Kilm\u0117s \u0161alis: Italija<\/p>\n<p><\/p>\n<p><\/p>","protected":false},"excerpt":{"rendered":"<p>Veido da\u017e\u0173 markeriai, vandens pagrindu pagamintos spalvos, kurias galima lengvai nuvalyti vandeniu. Dermatologi\u0161kai patikrinta. Galite mai\u0161yti spalvas tarpusavyje. Atsukite veido da\u017eus ir tepkite tiesiai ant odos. Komplekte prid\u0117tos dvi naudojimosi pamokos. \u012esp\u0117jimas! Netinka vaikams iki 3 met\u0173. Ma\u017e\u0173 nuimam\u0173 dali\u0173 buvimas, gali u\u017espringti. Nenaudoti aplink akis ir ant l\u016bp\u0173. Pa\u0161alinkite prie\u0161 mieg\u0105. Vartoti pri\u017ei\u016brint suaugusiems. [&hellip;]<\/p>","protected":false},"featured_media":29000,"comment_status":"open","ping_status":"closed","template":"","meta":{"_season_start":"","_season_end":"","_season_days":"","_season_months":"","_season_auto_visibility":""},"product_brand":[207],"product_cat":[1878],"product_tag":[],"class_list":{"0":"post-16218","1":"product","2":"type-product","3":"status-publish","4":"has-post-thumbnail","6":"product_brand-universal","7":"product_cat-vandens-pagrindu-zymekliai","9":"first","10":"instock","11":"taxable","12":"shipping-taxable","13":"purchasable","14":"product-type-simple"},"yoast_head":"<!-- This site is optimized with the Yoast SEO plugin v26.1.1 - https:\/\/yoast.com\/wordpress\/plugins\/seo\/ -->\n<title>Da\u017e\u0173 veidui rinkinys Maskup Party 6 vnt. Carioca 43052 - Rutana - Ra\u0161tin\u0117s reikmenys<\/title>\n<meta name=\"robots\" content=\"index, follow, max-snippet:-1, max-image-preview:large, max-video-preview:-1\" \/>\n<link rel=\"canonical\" href=\"https:\/\/rutana.lt\/en\/product\/dazu-veidui-rinkinys-maskup-party-6-vnt-carioca-43052\/\" \/>\n<meta property=\"og:locale\" content=\"en_US\" \/>\n<meta property=\"og:type\" content=\"article\" \/>\n<meta property=\"og:title\" content=\"Da\u017e\u0173 veidui rinkinys Maskup Party 6 vnt. Carioca 43052 - Rutana - Ra\u0161tin\u0117s reikmenys\" \/>\n<meta property=\"og:description\" content=\"Veido da\u017e\u0173 markeriai, vandens pagrindu pagamintos spalvos, kurias galima lengvai nuvalyti vandeniu. Dermatologi\u0161kai patikrinta. Galite mai\u0161yti spalvas tarpusavyje. Atsukite veido da\u017eus ir tepkite tiesiai ant odos. Komplekte prid\u0117tos dvi naudojimosi pamokos. \u012esp\u0117jimas! Netinka vaikams iki 3 met\u0173. Ma\u017e\u0173 nuimam\u0173 dali\u0173 buvimas, gali u\u017espringti. Nenaudoti aplink akis ir ant l\u016bp\u0173. Pa\u0161alinkite prie\u0161 mieg\u0105. Vartoti pri\u017ei\u016brint suaugusiems. [&hellip;]\" \/>\n<meta property=\"og:url\" content=\"https:\/\/rutana.lt\/en\/product\/dazu-veidui-rinkinys-maskup-party-6-vnt-carioca-43052\/\" \/>\n<meta property=\"og:site_name\" content=\"Rutana - Ra\u0161tin\u0117s reikmenys\" \/>\n<meta property=\"article:publisher\" content=\"https:\/\/www.facebook.com\/RutanaKanceliarinesPrekes\/\" \/>\n<meta property=\"article:modified_time\" content=\"2025-10-13T13:50:46+00:00\" \/>\n<meta property=\"og:image\" content=\"https:\/\/rutana.lt\/wp-content\/uploads\/2025\/09\/D032-681.jpg\" \/>\n\t<meta property=\"og:image:width\" content=\"600\" \/>\n\t<meta property=\"og:image:height\" content=\"600\" \/>\n\t<meta property=\"og:image:type\" content=\"image\/jpeg\" \/>\n<meta name=\"twitter:card\" content=\"summary_large_image\" \/>\n<script type=\"application\/ld+json\" class=\"yoast-schema-graph\">{\"@context\":\"https:\/\/schema.org\",\"@graph\":[{\"@type\":\"WebPage\",\"@id\":\"https:\/\/rutana.lt\/produktas\/dazu-veidui-rinkinys-maskup-party-6-vnt-carioca-43052\/\",\"url\":\"https:\/\/rutana.lt\/produktas\/dazu-veidui-rinkinys-maskup-party-6-vnt-carioca-43052\/\",\"name\":\"Da\u017e\u0173 veidui rinkinys Maskup Party 6 vnt. Carioca 43052 - Rutana - Ra\u0161tin\u0117s reikmenys\",\"isPartOf\":{\"@id\":\"https:\/\/rutana.lt\/#website\"},\"primaryImageOfPage\":{\"@id\":\"https:\/\/rutana.lt\/produktas\/dazu-veidui-rinkinys-maskup-party-6-vnt-carioca-43052\/#primaryimage\"},\"image\":{\"@id\":\"https:\/\/rutana.lt\/produktas\/dazu-veidui-rinkinys-maskup-party-6-vnt-carioca-43052\/#primaryimage\"},\"thumbnailUrl\":\"https:\/\/rutana.lt\/wp-content\/uploads\/2025\/09\/D032-681-3.jpg?v=1763565469\",\"datePublished\":\"2025-09-03T07:44:22+00:00\",\"dateModified\":\"2025-10-13T13:50:46+00:00\",\"breadcrumb\":{\"@id\":\"https:\/\/rutana.lt\/produktas\/dazu-veidui-rinkinys-maskup-party-6-vnt-carioca-43052\/#breadcrumb\"},\"inLanguage\":\"en-US\",\"potentialAction\":[{\"@type\":\"ReadAction\",\"target\":[\"https:\/\/rutana.lt\/produktas\/dazu-veidui-rinkinys-maskup-party-6-vnt-carioca-43052\/\"]}]},{\"@type\":\"ImageObject\",\"inLanguage\":\"en-US\",\"@id\":\"https:\/\/rutana.lt\/produktas\/dazu-veidui-rinkinys-maskup-party-6-vnt-carioca-43052\/#primaryimage\",\"url\":\"https:\/\/rutana.lt\/wp-content\/uploads\/2025\/09\/D032-681-3.jpg?v=1763565469\",\"contentUrl\":\"https:\/\/rutana.lt\/wp-content\/uploads\/2025\/09\/D032-681-3.jpg?v=1763565469\",\"width\":600,\"height\":600},{\"@type\":\"BreadcrumbList\",\"@id\":\"https:\/\/rutana.lt\/produktas\/dazu-veidui-rinkinys-maskup-party-6-vnt-carioca-43052\/#breadcrumb\",\"itemListElement\":[{\"@type\":\"ListItem\",\"position\":1,\"name\":\"Home\",\"item\":\"https:\/\/rutana.lt\/\"},{\"@type\":\"ListItem\",\"position\":2,\"name\":\"Parduotuv\u0117\",\"item\":\"https:\/\/rutana.lt\/parduotuve\/\"},{\"@type\":\"ListItem\",\"position\":3,\"name\":\"Da\u017e\u0173 veidui rinkinys Maskup Party 6 vnt. Carioca 43052\"}]},{\"@type\":\"WebSite\",\"@id\":\"https:\/\/rutana.lt\/#website\",\"url\":\"https:\/\/rutana.lt\/\",\"name\":\"Rutana - Ra\u0161tin\u0117s reikmenys\",\"description\":\"Prekiaujame pasaulin\u0117je rinkoje pripa\u017eintomis, kokybi\u0161komis biuro prek\u0117mis toki\u0173  gamintoj\u0173 kaip: Schneider, Esselte, Novus, 3M, Faber-Castell, Citizen, Milan, Leitz, Colop, Zebra, Staedtler, Durable, Tork, Parker, Waterman ir kt.\",\"publisher\":{\"@id\":\"https:\/\/rutana.lt\/#organization\"},\"potentialAction\":[{\"@type\":\"SearchAction\",\"target\":{\"@type\":\"EntryPoint\",\"urlTemplate\":\"https:\/\/rutana.lt\/?s={search_term_string}\"},\"query-input\":{\"@type\":\"PropertyValueSpecification\",\"valueRequired\":true,\"valueName\":\"search_term_string\"}}],\"inLanguage\":\"en-US\"},{\"@type\":\"Organization\",\"@id\":\"https:\/\/rutana.lt\/#organization\",\"name\":\"Rutana - Ra\u0161tin\u0117s reikmenys\",\"url\":\"https:\/\/rutana.lt\/\",\"logo\":{\"@type\":\"ImageObject\",\"inLanguage\":\"en-US\",\"@id\":\"https:\/\/rutana.lt\/#\/schema\/logo\/image\/\",\"url\":\"https:\/\/rutana.lt\/wp-content\/uploads\/2025\/10\/Asset-32.png\",\"contentUrl\":\"https:\/\/rutana.lt\/wp-content\/uploads\/2025\/10\/Asset-32.png\",\"width\":433,\"height\":119,\"caption\":\"Rutana - Ra\u0161tin\u0117s reikmenys\"},\"image\":{\"@id\":\"https:\/\/rutana.lt\/#\/schema\/logo\/image\/\"},\"sameAs\":[\"https:\/\/www.facebook.com\/RutanaKanceliarinesPrekes\/\"]}]}<\/script>\n<!-- \/ Yoast SEO plugin. -->","yoast_head_json":{"title":"Da\u017e\u0173 veidui rinkinys Maskup Party 6 vnt. Carioca 43052 - Rutana - Ra\u0161tin\u0117s reikmenys","robots":{"index":"index","follow":"follow","max-snippet":"max-snippet:-1","max-image-preview":"max-image-preview:large","max-video-preview":"max-video-preview:-1"},"canonical":"https:\/\/rutana.lt\/en\/product\/dazu-veidui-rinkinys-maskup-party-6-vnt-carioca-43052\/","og_locale":"en_US","og_type":"article","og_title":"Da\u017e\u0173 veidui rinkinys Maskup Party 6 vnt. Carioca 43052 - Rutana - Ra\u0161tin\u0117s reikmenys","og_description":"Veido da\u017e\u0173 markeriai, vandens pagrindu pagamintos spalvos, kurias galima lengvai nuvalyti vandeniu. Dermatologi\u0161kai patikrinta. Galite mai\u0161yti spalvas tarpusavyje. Atsukite veido da\u017eus ir tepkite tiesiai ant odos. Komplekte prid\u0117tos dvi naudojimosi pamokos. \u012esp\u0117jimas! Netinka vaikams iki 3 met\u0173. Ma\u017e\u0173 nuimam\u0173 dali\u0173 buvimas, gali u\u017espringti. Nenaudoti aplink akis ir ant l\u016bp\u0173. Pa\u0161alinkite prie\u0161 mieg\u0105. Vartoti pri\u017ei\u016brint suaugusiems. [&hellip;]","og_url":"https:\/\/rutana.lt\/en\/product\/dazu-veidui-rinkinys-maskup-party-6-vnt-carioca-43052\/","og_site_name":"Rutana - Ra\u0161tin\u0117s reikmenys","article_publisher":"https:\/\/www.facebook.com\/RutanaKanceliarinesPrekes\/","article_modified_time":"2025-10-13T13:50:46+00:00","og_image":[{"width":600,"height":600,"url":"https:\/\/rutana.lt\/wp-content\/uploads\/2025\/09\/D032-681.jpg","type":"image\/jpeg"}],"twitter_card":"summary_large_image","schema":{"@context":"https:\/\/schema.org","@graph":[{"@type":"WebPage","@id":"https:\/\/rutana.lt\/produktas\/dazu-veidui-rinkinys-maskup-party-6-vnt-carioca-43052\/","url":"https:\/\/rutana.lt\/produktas\/dazu-veidui-rinkinys-maskup-party-6-vnt-carioca-43052\/","name":"Da\u017e\u0173 veidui rinkinys Maskup Party 6 vnt. Carioca 43052 - Rutana - Ra\u0161tin\u0117s reikmenys","isPartOf":{"@id":"https:\/\/rutana.lt\/#website"},"primaryImageOfPage":{"@id":"https:\/\/rutana.lt\/produktas\/dazu-veidui-rinkinys-maskup-party-6-vnt-carioca-43052\/#primaryimage"},"image":{"@id":"https:\/\/rutana.lt\/produktas\/dazu-veidui-rinkinys-maskup-party-6-vnt-carioca-43052\/#primaryimage"},"thumbnailUrl":"https:\/\/rutana.lt\/wp-content\/uploads\/2025\/09\/D032-681-3.jpg?v=1763565469","datePublished":"2025-09-03T07:44:22+00:00","dateModified":"2025-10-13T13:50:46+00:00","breadcrumb":{"@id":"https:\/\/rutana.lt\/produktas\/dazu-veidui-rinkinys-maskup-party-6-vnt-carioca-43052\/#breadcrumb"},"inLanguage":"en-US","potentialAction":[{"@type":"ReadAction","target":["https:\/\/rutana.lt\/produktas\/dazu-veidui-rinkinys-maskup-party-6-vnt-carioca-43052\/"]}]},{"@type":"ImageObject","inLanguage":"en-US","@id":"https:\/\/rutana.lt\/produktas\/dazu-veidui-rinkinys-maskup-party-6-vnt-carioca-43052\/#primaryimage","url":"https:\/\/rutana.lt\/wp-content\/uploads\/2025\/09\/D032-681-3.jpg?v=1763565469","contentUrl":"https:\/\/rutana.lt\/wp-content\/uploads\/2025\/09\/D032-681-3.jpg?v=1763565469","width":600,"height":600},{"@type":"BreadcrumbList","@id":"https:\/\/rutana.lt\/produktas\/dazu-veidui-rinkinys-maskup-party-6-vnt-carioca-43052\/#breadcrumb","itemListElement":[{"@type":"ListItem","position":1,"name":"Home","item":"https:\/\/rutana.lt\/"},{"@type":"ListItem","position":2,"name":"Parduotuv\u0117","item":"https:\/\/rutana.lt\/parduotuve\/"},{"@type":"ListItem","position":3,"name":"Da\u017e\u0173 veidui rinkinys Maskup Party 6 vnt. Carioca 43052"}]},{"@type":"WebSite","@id":"https:\/\/rutana.lt\/#website","url":"https:\/\/rutana.lt\/","name":"Rutana - Ra\u0161tin\u0117s reikmenys","description":"Prekiaujame pasaulin\u0117je rinkoje pripa\u017eintomis, kokybi\u0161komis biuro prek\u0117mis toki\u0173  gamintoj\u0173 kaip: Schneider, Esselte, Novus, 3M, Faber-Castell, Citizen, Milan, Leitz, Colop, Zebra, Staedtler, Durable, Tork, Parker, Waterman ir kt.","publisher":{"@id":"https:\/\/rutana.lt\/#organization"},"potentialAction":[{"@type":"SearchAction","target":{"@type":"EntryPoint","urlTemplate":"https:\/\/rutana.lt\/?s={search_term_string}"},"query-input":{"@type":"PropertyValueSpecification","valueRequired":true,"valueName":"search_term_string"}}],"inLanguage":"en-US"},{"@type":"Organization","@id":"https:\/\/rutana.lt\/#organization","name":"Rutana - Ra\u0161tin\u0117s reikmenys","url":"https:\/\/rutana.lt\/","logo":{"@type":"ImageObject","inLanguage":"en-US","@id":"https:\/\/rutana.lt\/#\/schema\/logo\/image\/","url":"https:\/\/rutana.lt\/wp-content\/uploads\/2025\/10\/Asset-32.png","contentUrl":"https:\/\/rutana.lt\/wp-content\/uploads\/2025\/10\/Asset-32.png","width":433,"height":119,"caption":"Rutana - Ra\u0161tin\u0117s reikmenys"},"image":{"@id":"https:\/\/rutana.lt\/#\/schema\/logo\/image\/"},"sameAs":["https:\/\/www.facebook.com\/RutanaKanceliarinesPrekes\/"]}]}},"_links":{"self":[{"href":"https:\/\/rutana.lt\/en\/wp-json\/wp\/v2\/product\/16218","targetHints":{"allow":["GET"]}}],"collection":[{"href":"https:\/\/rutana.lt\/en\/wp-json\/wp\/v2\/product"}],"about":[{"href":"https:\/\/rutana.lt\/en\/wp-json\/wp\/v2\/types\/product"}],"replies":[{"embeddable":true,"href":"https:\/\/rutana.lt\/en\/wp-json\/wp\/v2\/comments?post=16218"}],"version-history":[{"count":1,"href":"https:\/\/rutana.lt\/en\/wp-json\/wp\/v2\/product\/16218\/revisions"}],"predecessor-version":[{"id":16250,"href":"https:\/\/rutana.lt\/en\/wp-json\/wp\/v2\/product\/16218\/revisions\/16250"}],"wp:featuredmedia":[{"embeddable":true,"href":"https:\/\/rutana.lt\/en\/wp-json\/wp\/v2\/media\/29000"}],"wp:attachment":[{"href":"https:\/\/rutana.lt\/en\/wp-json\/wp\/v2\/media?parent=16218"}],"wp:term":[{"taxonomy":"product_brand","embeddable":true,"href":"https:\/\/rutana.lt\/en\/wp-json\/wp\/v2\/product_brand?post=16218"},{"taxonomy":"product_cat","embeddable":true,"href":"https:\/\/rutana.lt\/en\/wp-json\/wp\/v2\/product_cat?post=16218"},{"taxonomy":"product_tag","embeddable":true,"href":"https:\/\/rutana.lt\/en\/wp-json\/wp\/v2\/product_tag?post=16218"}],"curies":[{"name":"wp","href":"https:\/\/api.w.org\/{rel}","templated":true}]}}