{"id":16213,"date":"2025-09-03T09:44:22","date_gmt":"2025-09-03T07:44:22","guid":{"rendered":"https:\/\/rutana.webdemo.lt\/?post_type=product&#038;p=16213"},"modified":"2025-10-13T15:50:42","modified_gmt":"2025-10-13T13:50:42","slug":"automatinis-tusinukas-reco-melynas-schneider-131813","status":"publish","type":"product","link":"https:\/\/rutana.lt\/en\/product\/automatinis-tusinukas-reco-melynas-schneider-131813\/","title":{"rendered":"Automatinis tu\u0161inukas Reco m\u0117lynas Schneider 131813"},"content":{"rendered":"<p>Pirmasis pasaulyje tu\u0161inukas, kuriam suteiktas garsiausias ekologinis \u017eenklas \u201eM\u0117lynasis angelas\u201c \u012ftikina savo ypa\u010d draugi\u0161ka aplinkai ir taupan\u010dia i\u0161teklius gamyba. Ra\u0161iklio korpusas pagamintas i\u0161 92 % perdirbto plastiko, tod\u0117l i\u0161metama ma\u017eiau nei 65 % CO2 (palyginti su \u012fprastu plastiku). Supaprastintas dinami\u0161kas dizainas kartu su matiniu satino pavir\u0161iumi sukuria eleganti\u0161k\u0105 i\u0161vaizd\u0105. \u201eReco\u201c yra apr\u016bpintas kei\u010diama talpia \u201eEco 725 M\u201c \u0161erdele, kurios korpusas taip pat pagamintas i\u0161 perdirbto plastiko, taupant ribotus i\u0161teklius. Ra\u0161alo spalva m\u0117lyna, atspari vandeniui pagal ISO 12757-2. D\u0117l lengvo ir nuolatinio ra\u0161alo srauto &#8222;Reco&#8221; u\u017etikrina \u0161var\u0173 ir patog\u0173 ra\u0161ym\u0105 ir gali b\u016bti pakeistas bet kuriuo kitu \u201ePlug + Play\u201c papildymu.<\/p>\n<p>Br\u0117\u017eiamos linijos storis: M ( medium, vidutin\u0117 )<\/p>\n<p>Korpuso spalva: m\u0117lyna<\/p>\n<p>Tu\u0161o spalva: m\u0117lyna<\/p>\n<p>Kilm\u0117s \u0161alis: Vokietija<\/p>\n<p><\/p>\n<p><iframe src=\"\/\/www.youtube.com\/embed\/cKKgqmkQyQU\" width=\"640\" height=\"360\" frameborder=\"0\"><\/iframe><\/p>\n<p><\/p>\n<p><\/p>","protected":false},"excerpt":{"rendered":"<p>Pirmasis pasaulyje tu\u0161inukas, kuriam suteiktas garsiausias ekologinis \u017eenklas \u201eM\u0117lynasis angelas\u201c \u012ftikina savo ypa\u010d draugi\u0161ka aplinkai ir taupan\u010dia i\u0161teklius gamyba. Ra\u0161iklio korpusas pagamintas i\u0161 92 % perdirbto plastiko, tod\u0117l i\u0161metama ma\u017eiau nei 65 % CO2 (palyginti su \u012fprastu plastiku). Supaprastintas dinami\u0161kas dizainas kartu su matiniu satino pavir\u0161iumi sukuria eleganti\u0161k\u0105 i\u0161vaizd\u0105. \u201eReco\u201c yra apr\u016bpintas kei\u010diama talpia \u201eEco [&hellip;]<\/p>","protected":false},"featured_media":28995,"comment_status":"open","ping_status":"closed","template":"","meta":{"_season_start":"","_season_end":"","_season_days":"","_season_months":"","_season_auto_visibility":""},"product_brand":[202],"product_cat":[1750],"product_tag":[],"class_list":{"0":"post-16213","1":"product","2":"type-product","3":"status-publish","4":"has-post-thumbnail","6":"product_brand-schneider","7":"product_cat-tusinukai","9":"first","10":"instock","11":"taxable","12":"shipping-taxable","13":"purchasable","14":"product-type-simple"},"yoast_head":"<!-- This site is optimized with the Yoast SEO plugin v26.1.1 - https:\/\/yoast.com\/wordpress\/plugins\/seo\/ -->\n<title>Automatinis tu\u0161inukas Reco m\u0117lynas Schneider 131813 - Rutana - Ra\u0161tin\u0117s reikmenys<\/title>\n<meta name=\"robots\" content=\"index, follow, max-snippet:-1, max-image-preview:large, max-video-preview:-1\" \/>\n<link rel=\"canonical\" href=\"https:\/\/rutana.lt\/en\/product\/automatinis-tusinukas-reco-melynas-schneider-131813\/\" \/>\n<meta property=\"og:locale\" content=\"en_US\" \/>\n<meta property=\"og:type\" content=\"article\" \/>\n<meta property=\"og:title\" content=\"Automatinis tu\u0161inukas Reco m\u0117lynas Schneider 131813 - Rutana - Ra\u0161tin\u0117s reikmenys\" \/>\n<meta property=\"og:description\" content=\"Pirmasis pasaulyje tu\u0161inukas, kuriam suteiktas garsiausias ekologinis \u017eenklas \u201eM\u0117lynasis angelas\u201c \u012ftikina savo ypa\u010d draugi\u0161ka aplinkai ir taupan\u010dia i\u0161teklius gamyba. Ra\u0161iklio korpusas pagamintas i\u0161 92 % perdirbto plastiko, tod\u0117l i\u0161metama ma\u017eiau nei 65 % CO2 (palyginti su \u012fprastu plastiku). Supaprastintas dinami\u0161kas dizainas kartu su matiniu satino pavir\u0161iumi sukuria eleganti\u0161k\u0105 i\u0161vaizd\u0105. \u201eReco\u201c yra apr\u016bpintas kei\u010diama talpia \u201eEco [&hellip;]\" \/>\n<meta property=\"og:url\" content=\"https:\/\/rutana.lt\/en\/product\/automatinis-tusinukas-reco-melynas-schneider-131813\/\" \/>\n<meta property=\"og:site_name\" content=\"Rutana - Ra\u0161tin\u0117s reikmenys\" \/>\n<meta property=\"article:publisher\" content=\"https:\/\/www.facebook.com\/RutanaKanceliarinesPrekes\/\" \/>\n<meta property=\"article:modified_time\" content=\"2025-10-13T13:50:42+00:00\" \/>\n<meta property=\"og:image\" content=\"https:\/\/rutana.lt\/wp-content\/uploads\/2025\/09\/C133-421.jpg\" \/>\n\t<meta property=\"og:image:width\" content=\"603\" \/>\n\t<meta property=\"og:image:height\" content=\"600\" \/>\n\t<meta property=\"og:image:type\" content=\"image\/jpeg\" \/>\n<meta name=\"twitter:card\" content=\"summary_large_image\" \/>\n<meta name=\"twitter:label1\" content=\"Est. reading time\" \/>\n\t<meta name=\"twitter:data1\" content=\"1 minute\" \/>\n<script type=\"application\/ld+json\" class=\"yoast-schema-graph\">{\"@context\":\"https:\/\/schema.org\",\"@graph\":[{\"@type\":\"WebPage\",\"@id\":\"https:\/\/rutana.lt\/produktas\/automatinis-tusinukas-reco-melynas-schneider-131813\/\",\"url\":\"https:\/\/rutana.lt\/produktas\/automatinis-tusinukas-reco-melynas-schneider-131813\/\",\"name\":\"Automatinis tu\u0161inukas Reco m\u0117lynas Schneider 131813 - Rutana - Ra\u0161tin\u0117s reikmenys\",\"isPartOf\":{\"@id\":\"https:\/\/rutana.lt\/#website\"},\"primaryImageOfPage\":{\"@id\":\"https:\/\/rutana.lt\/produktas\/automatinis-tusinukas-reco-melynas-schneider-131813\/#primaryimage\"},\"image\":{\"@id\":\"https:\/\/rutana.lt\/produktas\/automatinis-tusinukas-reco-melynas-schneider-131813\/#primaryimage\"},\"thumbnailUrl\":\"https:\/\/rutana.lt\/wp-content\/uploads\/2025\/09\/C133-421-1.jpg?v=1763565477\",\"datePublished\":\"2025-09-03T07:44:22+00:00\",\"dateModified\":\"2025-10-13T13:50:42+00:00\",\"breadcrumb\":{\"@id\":\"https:\/\/rutana.lt\/produktas\/automatinis-tusinukas-reco-melynas-schneider-131813\/#breadcrumb\"},\"inLanguage\":\"en-US\",\"potentialAction\":[{\"@type\":\"ReadAction\",\"target\":[\"https:\/\/rutana.lt\/produktas\/automatinis-tusinukas-reco-melynas-schneider-131813\/\"]}]},{\"@type\":\"ImageObject\",\"inLanguage\":\"en-US\",\"@id\":\"https:\/\/rutana.lt\/produktas\/automatinis-tusinukas-reco-melynas-schneider-131813\/#primaryimage\",\"url\":\"https:\/\/rutana.lt\/wp-content\/uploads\/2025\/09\/C133-421-1.jpg?v=1763565477\",\"contentUrl\":\"https:\/\/rutana.lt\/wp-content\/uploads\/2025\/09\/C133-421-1.jpg?v=1763565477\",\"width\":603,\"height\":600},{\"@type\":\"BreadcrumbList\",\"@id\":\"https:\/\/rutana.lt\/produktas\/automatinis-tusinukas-reco-melynas-schneider-131813\/#breadcrumb\",\"itemListElement\":[{\"@type\":\"ListItem\",\"position\":1,\"name\":\"Home\",\"item\":\"https:\/\/rutana.lt\/\"},{\"@type\":\"ListItem\",\"position\":2,\"name\":\"Parduotuv\u0117\",\"item\":\"https:\/\/rutana.lt\/parduotuve\/\"},{\"@type\":\"ListItem\",\"position\":3,\"name\":\"Automatinis tu\u0161inukas Reco m\u0117lynas Schneider 131813\"}]},{\"@type\":\"WebSite\",\"@id\":\"https:\/\/rutana.lt\/#website\",\"url\":\"https:\/\/rutana.lt\/\",\"name\":\"Rutana - Ra\u0161tin\u0117s reikmenys\",\"description\":\"Prekiaujame pasaulin\u0117je rinkoje pripa\u017eintomis, kokybi\u0161komis biuro prek\u0117mis toki\u0173  gamintoj\u0173 kaip: Schneider, Esselte, Novus, 3M, Faber-Castell, Citizen, Milan, Leitz, Colop, Zebra, Staedtler, Durable, Tork, Parker, Waterman ir kt.\",\"publisher\":{\"@id\":\"https:\/\/rutana.lt\/#organization\"},\"potentialAction\":[{\"@type\":\"SearchAction\",\"target\":{\"@type\":\"EntryPoint\",\"urlTemplate\":\"https:\/\/rutana.lt\/?s={search_term_string}\"},\"query-input\":{\"@type\":\"PropertyValueSpecification\",\"valueRequired\":true,\"valueName\":\"search_term_string\"}}],\"inLanguage\":\"en-US\"},{\"@type\":\"Organization\",\"@id\":\"https:\/\/rutana.lt\/#organization\",\"name\":\"Rutana - Ra\u0161tin\u0117s reikmenys\",\"url\":\"https:\/\/rutana.lt\/\",\"logo\":{\"@type\":\"ImageObject\",\"inLanguage\":\"en-US\",\"@id\":\"https:\/\/rutana.lt\/#\/schema\/logo\/image\/\",\"url\":\"https:\/\/rutana.lt\/wp-content\/uploads\/2025\/10\/Asset-32.png\",\"contentUrl\":\"https:\/\/rutana.lt\/wp-content\/uploads\/2025\/10\/Asset-32.png\",\"width\":433,\"height\":119,\"caption\":\"Rutana - Ra\u0161tin\u0117s reikmenys\"},\"image\":{\"@id\":\"https:\/\/rutana.lt\/#\/schema\/logo\/image\/\"},\"sameAs\":[\"https:\/\/www.facebook.com\/RutanaKanceliarinesPrekes\/\"]}]}<\/script>\n<!-- \/ Yoast SEO plugin. -->","yoast_head_json":{"title":"Automatinis tu\u0161inukas Reco m\u0117lynas Schneider 131813 - Rutana - Ra\u0161tin\u0117s reikmenys","robots":{"index":"index","follow":"follow","max-snippet":"max-snippet:-1","max-image-preview":"max-image-preview:large","max-video-preview":"max-video-preview:-1"},"canonical":"https:\/\/rutana.lt\/en\/product\/automatinis-tusinukas-reco-melynas-schneider-131813\/","og_locale":"en_US","og_type":"article","og_title":"Automatinis tu\u0161inukas Reco m\u0117lynas Schneider 131813 - Rutana - Ra\u0161tin\u0117s reikmenys","og_description":"Pirmasis pasaulyje tu\u0161inukas, kuriam suteiktas garsiausias ekologinis \u017eenklas \u201eM\u0117lynasis angelas\u201c \u012ftikina savo ypa\u010d draugi\u0161ka aplinkai ir taupan\u010dia i\u0161teklius gamyba. Ra\u0161iklio korpusas pagamintas i\u0161 92 % perdirbto plastiko, tod\u0117l i\u0161metama ma\u017eiau nei 65 % CO2 (palyginti su \u012fprastu plastiku). Supaprastintas dinami\u0161kas dizainas kartu su matiniu satino pavir\u0161iumi sukuria eleganti\u0161k\u0105 i\u0161vaizd\u0105. \u201eReco\u201c yra apr\u016bpintas kei\u010diama talpia \u201eEco [&hellip;]","og_url":"https:\/\/rutana.lt\/en\/product\/automatinis-tusinukas-reco-melynas-schneider-131813\/","og_site_name":"Rutana - Ra\u0161tin\u0117s reikmenys","article_publisher":"https:\/\/www.facebook.com\/RutanaKanceliarinesPrekes\/","article_modified_time":"2025-10-13T13:50:42+00:00","og_image":[{"width":603,"height":600,"url":"https:\/\/rutana.lt\/wp-content\/uploads\/2025\/09\/C133-421.jpg","type":"image\/jpeg"}],"twitter_card":"summary_large_image","twitter_misc":{"Est. reading time":"1 minute"},"schema":{"@context":"https:\/\/schema.org","@graph":[{"@type":"WebPage","@id":"https:\/\/rutana.lt\/produktas\/automatinis-tusinukas-reco-melynas-schneider-131813\/","url":"https:\/\/rutana.lt\/produktas\/automatinis-tusinukas-reco-melynas-schneider-131813\/","name":"Automatinis tu\u0161inukas Reco m\u0117lynas Schneider 131813 - Rutana - Ra\u0161tin\u0117s reikmenys","isPartOf":{"@id":"https:\/\/rutana.lt\/#website"},"primaryImageOfPage":{"@id":"https:\/\/rutana.lt\/produktas\/automatinis-tusinukas-reco-melynas-schneider-131813\/#primaryimage"},"image":{"@id":"https:\/\/rutana.lt\/produktas\/automatinis-tusinukas-reco-melynas-schneider-131813\/#primaryimage"},"thumbnailUrl":"https:\/\/rutana.lt\/wp-content\/uploads\/2025\/09\/C133-421-1.jpg?v=1763565477","datePublished":"2025-09-03T07:44:22+00:00","dateModified":"2025-10-13T13:50:42+00:00","breadcrumb":{"@id":"https:\/\/rutana.lt\/produktas\/automatinis-tusinukas-reco-melynas-schneider-131813\/#breadcrumb"},"inLanguage":"en-US","potentialAction":[{"@type":"ReadAction","target":["https:\/\/rutana.lt\/produktas\/automatinis-tusinukas-reco-melynas-schneider-131813\/"]}]},{"@type":"ImageObject","inLanguage":"en-US","@id":"https:\/\/rutana.lt\/produktas\/automatinis-tusinukas-reco-melynas-schneider-131813\/#primaryimage","url":"https:\/\/rutana.lt\/wp-content\/uploads\/2025\/09\/C133-421-1.jpg?v=1763565477","contentUrl":"https:\/\/rutana.lt\/wp-content\/uploads\/2025\/09\/C133-421-1.jpg?v=1763565477","width":603,"height":600},{"@type":"BreadcrumbList","@id":"https:\/\/rutana.lt\/produktas\/automatinis-tusinukas-reco-melynas-schneider-131813\/#breadcrumb","itemListElement":[{"@type":"ListItem","position":1,"name":"Home","item":"https:\/\/rutana.lt\/"},{"@type":"ListItem","position":2,"name":"Parduotuv\u0117","item":"https:\/\/rutana.lt\/parduotuve\/"},{"@type":"ListItem","position":3,"name":"Automatinis tu\u0161inukas Reco m\u0117lynas Schneider 131813"}]},{"@type":"WebSite","@id":"https:\/\/rutana.lt\/#website","url":"https:\/\/rutana.lt\/","name":"Rutana - Ra\u0161tin\u0117s reikmenys","description":"Prekiaujame pasaulin\u0117je rinkoje pripa\u017eintomis, kokybi\u0161komis biuro prek\u0117mis toki\u0173  gamintoj\u0173 kaip: Schneider, Esselte, Novus, 3M, Faber-Castell, Citizen, Milan, Leitz, Colop, Zebra, Staedtler, Durable, Tork, Parker, Waterman ir kt.","publisher":{"@id":"https:\/\/rutana.lt\/#organization"},"potentialAction":[{"@type":"SearchAction","target":{"@type":"EntryPoint","urlTemplate":"https:\/\/rutana.lt\/?s={search_term_string}"},"query-input":{"@type":"PropertyValueSpecification","valueRequired":true,"valueName":"search_term_string"}}],"inLanguage":"en-US"},{"@type":"Organization","@id":"https:\/\/rutana.lt\/#organization","name":"Rutana - Ra\u0161tin\u0117s reikmenys","url":"https:\/\/rutana.lt\/","logo":{"@type":"ImageObject","inLanguage":"en-US","@id":"https:\/\/rutana.lt\/#\/schema\/logo\/image\/","url":"https:\/\/rutana.lt\/wp-content\/uploads\/2025\/10\/Asset-32.png","contentUrl":"https:\/\/rutana.lt\/wp-content\/uploads\/2025\/10\/Asset-32.png","width":433,"height":119,"caption":"Rutana - Ra\u0161tin\u0117s reikmenys"},"image":{"@id":"https:\/\/rutana.lt\/#\/schema\/logo\/image\/"},"sameAs":["https:\/\/www.facebook.com\/RutanaKanceliarinesPrekes\/"]}]}},"_links":{"self":[{"href":"https:\/\/rutana.lt\/en\/wp-json\/wp\/v2\/product\/16213","targetHints":{"allow":["GET"]}}],"collection":[{"href":"https:\/\/rutana.lt\/en\/wp-json\/wp\/v2\/product"}],"about":[{"href":"https:\/\/rutana.lt\/en\/wp-json\/wp\/v2\/types\/product"}],"replies":[{"embeddable":true,"href":"https:\/\/rutana.lt\/en\/wp-json\/wp\/v2\/comments?post=16213"}],"version-history":[{"count":1,"href":"https:\/\/rutana.lt\/en\/wp-json\/wp\/v2\/product\/16213\/revisions"}],"predecessor-version":[{"id":16240,"href":"https:\/\/rutana.lt\/en\/wp-json\/wp\/v2\/product\/16213\/revisions\/16240"}],"wp:featuredmedia":[{"embeddable":true,"href":"https:\/\/rutana.lt\/en\/wp-json\/wp\/v2\/media\/28995"}],"wp:attachment":[{"href":"https:\/\/rutana.lt\/en\/wp-json\/wp\/v2\/media?parent=16213"}],"wp:term":[{"taxonomy":"product_brand","embeddable":true,"href":"https:\/\/rutana.lt\/en\/wp-json\/wp\/v2\/product_brand?post=16213"},{"taxonomy":"product_cat","embeddable":true,"href":"https:\/\/rutana.lt\/en\/wp-json\/wp\/v2\/product_cat?post=16213"},{"taxonomy":"product_tag","embeddable":true,"href":"https:\/\/rutana.lt\/en\/wp-json\/wp\/v2\/product_tag?post=16213"}],"curies":[{"name":"wp","href":"https:\/\/api.w.org\/{rel}","templated":true}]}}