{"id":16163,"date":"2025-09-03T09:44:02","date_gmt":"2025-09-03T07:44:02","guid":{"rendered":"https:\/\/rutana.webdemo.lt\/?post_type=product&#038;p=16163"},"modified":"2025-12-21T12:49:40","modified_gmt":"2025-12-21T10:49:40","slug":"arbata-juodoji-strawberry-sensation-20-vnt-ahmad-tea-00700","status":"publish","type":"product","link":"https:\/\/rutana.lt\/en\/product\/arbata-juodoji-strawberry-sensation-20-vnt-ahmad-tea-00700\/","title":{"rendered":"Arbata juodoji &#8222;Strawberry Sensation&#8221; 20 vnt. Ahmad Tea 00700"},"content":{"rendered":"<p class=\"MsoNormal\"><span style=\"box-sizing: inherit;\">Arbata \u201eStrawberry Sensation\u201c yra nuostabi vaisin\u0117 juodoji arbata su sulting\u0173 bra\u0161ki\u0173 sodrumu. M\u0117gaukit\u0117s vasaros skoniu i\u0161tisus metus su \u0161iuo gaiviu, nuotaik\u0105 kelian\u010diu g\u0117rimu. Nor\u0117dami sukurti \u0161\u012f vaisi\u0173 mi\u0161in\u012f, arbatos meistrai subalansuoja ry\u0161kiai tvirtas Ryt\u0173 Afrikos arbatas. Tada pridedama tikr\u0173 bra\u0161ki\u0173 gabal\u0117li\u0173 ir pa\u010di\u0173 bra\u0161ki\u0173 skonio, kad sukurtume \u0161\u012f ypating\u0105 uogomis pripildyt\u0105 g\u0117rim\u0105. \u0160is mi\u0161inys buvo labai mylimas Ahmad arbatos kolekcijos narys daugiau nei 20 met\u0173. M\u0117gaukit\u0117s \u0161ia arbata, u\u017eplikyta kar\u0161tu vandeniu, kad gautum\u0117te vaising\u0105 ir aromating\u0105 arbatos puodel\u012f, arba pabandykite \u012fpilti \u0161lakel\u012f pieno, kad gautum\u0117te malonesn\u012f \u201ebra\u0161ki\u0173 ir grietin\u0117l\u0117s\u201c stiliaus arbat\u0105. Pabarstyti cukrumi ant k\u0105 tik nuskint\u0173 bra\u0161ki\u0173 yra populiarus b\u016bdas patiekti \u0161\u012f m\u0117gstam\u0105 vaisi\u0173, ir \u0161is mi\u0161inys niekuo nesiskiria. Nor\u0117dami paruo\u0161ti skani\u0105 bra\u0161kin\u0119 ledin\u0119 arbat\u0105, tiesiog pabarstykite arbat\u0105 cukrumi, tada patiekite su ledu ir at\u0161aldytu vandeniu. Puikiai tiks vasaros sodo vakar\u0117liui. <\/span>Kiekvienas arbatos mai\u0161elis yra supakuotas \u012f folij\u0105, kad i\u0161saugot\u0173 skonius, o tai rei\u0161kia, kad kiekvien\u0105 kart\u0105 galite b\u016bti tikri, kad g\u0117rimas bus tobulas \u2013 kad ir kaip nor\u0117tum\u0117te j\u012f gerti.<\/p>\n<p class=\"MsoNormal\">Sud\u0117tis: juodoji arbata, bra\u0161ki\u0173 kvapioji med\u017eiaga, bra\u0161k\u0117s<\/p>\n<p class=\"MsoNormal\">Kiekis: 20 vnt.<\/p>\n<p class=\"MsoNormal\">Arbatos kiekis pakelyje: 2 g<\/p>\n<div id=\"product-details\" class=\"tab-pane fade\" data-product=\"{\">\n<div class=\"product-out-of-stock\" style=\"box-sizing: inherit;\">Kilm\u0117s \u0161alis: Ryt\u0173 Afrika<\/div>\n<\/div>\n<p class=\"MsoNormal\" style=\"line-height: normal;\"><span lang=\"EN-GB\">\u00a0<\/span><\/p>\n<p class=\"MsoNormal\" style=\"line-height: normal;\">","protected":false},"excerpt":{"rendered":"<p><span style=\"box-sizing: inherit;\">Arbata \u201eStrawberry Sensation\u201c yra nuostabi vaisin\u0117 juodoji arbata su sulting\u0173 bra\u0161ki\u0173 sodrumu. <\/span><\/p>","protected":false},"featured_media":28985,"comment_status":"open","ping_status":"closed","template":"","meta":{"_season_start":"","_season_end":"","_season_days":"","_season_months":"","_season_auto_visibility":"1"},"product_brand":[696],"product_cat":[1834],"product_tag":[],"class_list":{"0":"post-16163","1":"product","2":"type-product","3":"status-publish","4":"has-post-thumbnail","6":"product_brand-ahmad","7":"product_cat-arbata-pakelyje-arbata","9":"first","10":"instock","11":"taxable","12":"shipping-taxable","13":"purchasable","14":"product-type-simple"},"yoast_head":"<!-- This site is optimized with the Yoast SEO plugin v27.4 - https:\/\/yoast.com\/product\/yoast-seo-wordpress\/ -->\n<title>Arbata juodoji &quot;Strawberry Sensation&quot; 20 vnt. Ahmad Tea 00700 - Rutana - Ra\u0161tin\u0117s reikmenys<\/title>\n<meta name=\"robots\" content=\"index, follow, max-snippet:-1, max-image-preview:large, max-video-preview:-1\" \/>\n<link rel=\"canonical\" href=\"https:\/\/rutana.lt\/en\/product\/arbata-juodoji-strawberry-sensation-20-vnt-ahmad-tea-00700\/\" \/>\n<meta property=\"og:locale\" content=\"en_US\" \/>\n<meta property=\"og:type\" content=\"article\" \/>\n<meta property=\"og:title\" content=\"Arbata juodoji &quot;Strawberry Sensation&quot; 20 vnt. Ahmad Tea 00700 - Rutana - Ra\u0161tin\u0117s reikmenys\" \/>\n<meta property=\"og:description\" content=\"Arbata \u201eStrawberry Sensation\u201c yra nuostabi vaisin\u0117 juodoji arbata su sulting\u0173 bra\u0161ki\u0173 sodrumu.\" \/>\n<meta property=\"og:url\" content=\"https:\/\/rutana.lt\/en\/product\/arbata-juodoji-strawberry-sensation-20-vnt-ahmad-tea-00700\/\" \/>\n<meta property=\"og:site_name\" content=\"Rutana - Ra\u0161tin\u0117s reikmenys\" \/>\n<meta property=\"article:publisher\" content=\"https:\/\/www.facebook.com\/RutanaKanceliarinesPrekes\/\" \/>\n<meta property=\"article:modified_time\" content=\"2025-12-21T10:49:40+00:00\" \/>\n<meta property=\"og:image\" content=\"https:\/\/rutana.lt\/wp-content\/uploads\/2025\/09\/B091-296-1.jpg?v=1763565489\" \/>\n\t<meta property=\"og:image:width\" content=\"549\" \/>\n\t<meta property=\"og:image:height\" content=\"535\" \/>\n\t<meta property=\"og:image:type\" content=\"image\/jpeg\" \/>\n<meta name=\"twitter:card\" content=\"summary_large_image\" \/>\n<meta name=\"twitter:label1\" content=\"Est. reading time\" \/>\n\t<meta name=\"twitter:data1\" content=\"2 minutes\" \/>\n<script type=\"application\/ld+json\" class=\"yoast-schema-graph\">{\"@context\":\"https:\\\/\\\/schema.org\",\"@graph\":[{\"@type\":\"WebPage\",\"@id\":\"https:\\\/\\\/rutana.lt\\\/produktas\\\/arbata-juodoji-strawberry-sensation-20-vnt-ahmad-tea-00700\\\/\",\"url\":\"https:\\\/\\\/rutana.lt\\\/produktas\\\/arbata-juodoji-strawberry-sensation-20-vnt-ahmad-tea-00700\\\/\",\"name\":\"Arbata juodoji \\\"Strawberry Sensation\\\" 20 vnt. Ahmad Tea 00700 - Rutana - Ra\u0161tin\u0117s reikmenys\",\"isPartOf\":{\"@id\":\"https:\\\/\\\/rutana.lt\\\/#website\"},\"primaryImageOfPage\":{\"@id\":\"https:\\\/\\\/rutana.lt\\\/produktas\\\/arbata-juodoji-strawberry-sensation-20-vnt-ahmad-tea-00700\\\/#primaryimage\"},\"image\":{\"@id\":\"https:\\\/\\\/rutana.lt\\\/produktas\\\/arbata-juodoji-strawberry-sensation-20-vnt-ahmad-tea-00700\\\/#primaryimage\"},\"thumbnailUrl\":\"https:\\\/\\\/rutana.lt\\\/wp-content\\\/uploads\\\/2025\\\/09\\\/B091-296-1.jpg?v=1763565489\",\"datePublished\":\"2025-09-03T07:44:02+00:00\",\"dateModified\":\"2025-12-21T10:49:40+00:00\",\"breadcrumb\":{\"@id\":\"https:\\\/\\\/rutana.lt\\\/produktas\\\/arbata-juodoji-strawberry-sensation-20-vnt-ahmad-tea-00700\\\/#breadcrumb\"},\"inLanguage\":\"en-US\",\"potentialAction\":[{\"@type\":\"ReadAction\",\"target\":[\"https:\\\/\\\/rutana.lt\\\/produktas\\\/arbata-juodoji-strawberry-sensation-20-vnt-ahmad-tea-00700\\\/\"]}]},{\"@type\":\"ImageObject\",\"inLanguage\":\"en-US\",\"@id\":\"https:\\\/\\\/rutana.lt\\\/produktas\\\/arbata-juodoji-strawberry-sensation-20-vnt-ahmad-tea-00700\\\/#primaryimage\",\"url\":\"https:\\\/\\\/rutana.lt\\\/wp-content\\\/uploads\\\/2025\\\/09\\\/B091-296-1.jpg?v=1763565489\",\"contentUrl\":\"https:\\\/\\\/rutana.lt\\\/wp-content\\\/uploads\\\/2025\\\/09\\\/B091-296-1.jpg?v=1763565489\",\"width\":549,\"height\":535},{\"@type\":\"BreadcrumbList\",\"@id\":\"https:\\\/\\\/rutana.lt\\\/produktas\\\/arbata-juodoji-strawberry-sensation-20-vnt-ahmad-tea-00700\\\/#breadcrumb\",\"itemListElement\":[{\"@type\":\"ListItem\",\"position\":1,\"name\":\"Home\",\"item\":\"https:\\\/\\\/rutana.lt\\\/\"},{\"@type\":\"ListItem\",\"position\":2,\"name\":\"Parduotuv\u0117\",\"item\":\"https:\\\/\\\/rutana.lt\\\/parduotuve\\\/\"},{\"@type\":\"ListItem\",\"position\":3,\"name\":\"Arbata juodoji &#8222;Strawberry Sensation&#8221; 20 vnt. Ahmad Tea 00700\"}]},{\"@type\":\"WebSite\",\"@id\":\"https:\\\/\\\/rutana.lt\\\/#website\",\"url\":\"https:\\\/\\\/rutana.lt\\\/\",\"name\":\"Rutana - Ra\u0161tin\u0117s reikmenys\",\"description\":\"Prekiaujame pasaulin\u0117je rinkoje pripa\u017eintomis, kokybi\u0161komis biuro prek\u0117mis toki\u0173  gamintoj\u0173 kaip: Schneider, Esselte, Novus, 3M, Faber-Castell, Citizen, Milan, Leitz, Colop, Zebra, Staedtler, Durable, Tork, Parker, Waterman ir kt.\",\"publisher\":{\"@id\":\"https:\\\/\\\/rutana.lt\\\/#organization\"},\"potentialAction\":[{\"@type\":\"SearchAction\",\"target\":{\"@type\":\"EntryPoint\",\"urlTemplate\":\"https:\\\/\\\/rutana.lt\\\/?s={search_term_string}\"},\"query-input\":{\"@type\":\"PropertyValueSpecification\",\"valueRequired\":true,\"valueName\":\"search_term_string\"}}],\"inLanguage\":\"en-US\"},{\"@type\":\"Organization\",\"@id\":\"https:\\\/\\\/rutana.lt\\\/#organization\",\"name\":\"Rutana - Ra\u0161tin\u0117s reikmenys\",\"url\":\"https:\\\/\\\/rutana.lt\\\/\",\"logo\":{\"@type\":\"ImageObject\",\"inLanguage\":\"en-US\",\"@id\":\"https:\\\/\\\/rutana.lt\\\/#\\\/schema\\\/logo\\\/image\\\/\",\"url\":\"https:\\\/\\\/rutana.lt\\\/wp-content\\\/uploads\\\/2025\\\/10\\\/Asset-32.png\",\"contentUrl\":\"https:\\\/\\\/rutana.lt\\\/wp-content\\\/uploads\\\/2025\\\/10\\\/Asset-32.png\",\"width\":433,\"height\":119,\"caption\":\"Rutana - Ra\u0161tin\u0117s reikmenys\"},\"image\":{\"@id\":\"https:\\\/\\\/rutana.lt\\\/#\\\/schema\\\/logo\\\/image\\\/\"},\"sameAs\":[\"https:\\\/\\\/www.facebook.com\\\/RutanaKanceliarinesPrekes\\\/\"]}]}<\/script>\n<!-- \/ Yoast SEO plugin. -->","yoast_head_json":{"title":"Arbata juodoji \"Strawberry Sensation\" 20 vnt. Ahmad Tea 00700 - Rutana - Ra\u0161tin\u0117s reikmenys","robots":{"index":"index","follow":"follow","max-snippet":"max-snippet:-1","max-image-preview":"max-image-preview:large","max-video-preview":"max-video-preview:-1"},"canonical":"https:\/\/rutana.lt\/en\/product\/arbata-juodoji-strawberry-sensation-20-vnt-ahmad-tea-00700\/","og_locale":"en_US","og_type":"article","og_title":"Arbata juodoji \"Strawberry Sensation\" 20 vnt. Ahmad Tea 00700 - Rutana - Ra\u0161tin\u0117s reikmenys","og_description":"Arbata \u201eStrawberry Sensation\u201c yra nuostabi vaisin\u0117 juodoji arbata su sulting\u0173 bra\u0161ki\u0173 sodrumu.","og_url":"https:\/\/rutana.lt\/en\/product\/arbata-juodoji-strawberry-sensation-20-vnt-ahmad-tea-00700\/","og_site_name":"Rutana - Ra\u0161tin\u0117s reikmenys","article_publisher":"https:\/\/www.facebook.com\/RutanaKanceliarinesPrekes\/","article_modified_time":"2025-12-21T10:49:40+00:00","og_image":[{"width":549,"height":535,"url":"https:\/\/rutana.lt\/wp-content\/uploads\/2025\/09\/B091-296-1.jpg?v=1763565489","type":"image\/jpeg"}],"twitter_card":"summary_large_image","twitter_misc":{"Est. reading time":"2 minutes"},"schema":{"@context":"https:\/\/schema.org","@graph":[{"@type":"WebPage","@id":"https:\/\/rutana.lt\/produktas\/arbata-juodoji-strawberry-sensation-20-vnt-ahmad-tea-00700\/","url":"https:\/\/rutana.lt\/produktas\/arbata-juodoji-strawberry-sensation-20-vnt-ahmad-tea-00700\/","name":"Arbata juodoji \"Strawberry Sensation\" 20 vnt. Ahmad Tea 00700 - Rutana - Ra\u0161tin\u0117s reikmenys","isPartOf":{"@id":"https:\/\/rutana.lt\/#website"},"primaryImageOfPage":{"@id":"https:\/\/rutana.lt\/produktas\/arbata-juodoji-strawberry-sensation-20-vnt-ahmad-tea-00700\/#primaryimage"},"image":{"@id":"https:\/\/rutana.lt\/produktas\/arbata-juodoji-strawberry-sensation-20-vnt-ahmad-tea-00700\/#primaryimage"},"thumbnailUrl":"https:\/\/rutana.lt\/wp-content\/uploads\/2025\/09\/B091-296-1.jpg?v=1763565489","datePublished":"2025-09-03T07:44:02+00:00","dateModified":"2025-12-21T10:49:40+00:00","breadcrumb":{"@id":"https:\/\/rutana.lt\/produktas\/arbata-juodoji-strawberry-sensation-20-vnt-ahmad-tea-00700\/#breadcrumb"},"inLanguage":"en-US","potentialAction":[{"@type":"ReadAction","target":["https:\/\/rutana.lt\/produktas\/arbata-juodoji-strawberry-sensation-20-vnt-ahmad-tea-00700\/"]}]},{"@type":"ImageObject","inLanguage":"en-US","@id":"https:\/\/rutana.lt\/produktas\/arbata-juodoji-strawberry-sensation-20-vnt-ahmad-tea-00700\/#primaryimage","url":"https:\/\/rutana.lt\/wp-content\/uploads\/2025\/09\/B091-296-1.jpg?v=1763565489","contentUrl":"https:\/\/rutana.lt\/wp-content\/uploads\/2025\/09\/B091-296-1.jpg?v=1763565489","width":549,"height":535},{"@type":"BreadcrumbList","@id":"https:\/\/rutana.lt\/produktas\/arbata-juodoji-strawberry-sensation-20-vnt-ahmad-tea-00700\/#breadcrumb","itemListElement":[{"@type":"ListItem","position":1,"name":"Home","item":"https:\/\/rutana.lt\/"},{"@type":"ListItem","position":2,"name":"Parduotuv\u0117","item":"https:\/\/rutana.lt\/parduotuve\/"},{"@type":"ListItem","position":3,"name":"Arbata juodoji &#8222;Strawberry Sensation&#8221; 20 vnt. Ahmad Tea 00700"}]},{"@type":"WebSite","@id":"https:\/\/rutana.lt\/#website","url":"https:\/\/rutana.lt\/","name":"Rutana - Ra\u0161tin\u0117s reikmenys","description":"Prekiaujame pasaulin\u0117je rinkoje pripa\u017eintomis, kokybi\u0161komis biuro prek\u0117mis toki\u0173  gamintoj\u0173 kaip: Schneider, Esselte, Novus, 3M, Faber-Castell, Citizen, Milan, Leitz, Colop, Zebra, Staedtler, Durable, Tork, Parker, Waterman ir kt.","publisher":{"@id":"https:\/\/rutana.lt\/#organization"},"potentialAction":[{"@type":"SearchAction","target":{"@type":"EntryPoint","urlTemplate":"https:\/\/rutana.lt\/?s={search_term_string}"},"query-input":{"@type":"PropertyValueSpecification","valueRequired":true,"valueName":"search_term_string"}}],"inLanguage":"en-US"},{"@type":"Organization","@id":"https:\/\/rutana.lt\/#organization","name":"Rutana - Ra\u0161tin\u0117s reikmenys","url":"https:\/\/rutana.lt\/","logo":{"@type":"ImageObject","inLanguage":"en-US","@id":"https:\/\/rutana.lt\/#\/schema\/logo\/image\/","url":"https:\/\/rutana.lt\/wp-content\/uploads\/2025\/10\/Asset-32.png","contentUrl":"https:\/\/rutana.lt\/wp-content\/uploads\/2025\/10\/Asset-32.png","width":433,"height":119,"caption":"Rutana - Ra\u0161tin\u0117s reikmenys"},"image":{"@id":"https:\/\/rutana.lt\/#\/schema\/logo\/image\/"},"sameAs":["https:\/\/www.facebook.com\/RutanaKanceliarinesPrekes\/"]}]}},"_links":{"self":[{"href":"https:\/\/rutana.lt\/en\/wp-json\/wp\/v2\/product\/16163","targetHints":{"allow":["GET"]}}],"collection":[{"href":"https:\/\/rutana.lt\/en\/wp-json\/wp\/v2\/product"}],"about":[{"href":"https:\/\/rutana.lt\/en\/wp-json\/wp\/v2\/types\/product"}],"replies":[{"embeddable":true,"href":"https:\/\/rutana.lt\/en\/wp-json\/wp\/v2\/comments?post=16163"}],"version-history":[{"count":3,"href":"https:\/\/rutana.lt\/en\/wp-json\/wp\/v2\/product\/16163\/revisions"}],"predecessor-version":[{"id":34189,"href":"https:\/\/rutana.lt\/en\/wp-json\/wp\/v2\/product\/16163\/revisions\/34189"}],"wp:featuredmedia":[{"embeddable":true,"href":"https:\/\/rutana.lt\/en\/wp-json\/wp\/v2\/media\/28985"}],"wp:attachment":[{"href":"https:\/\/rutana.lt\/en\/wp-json\/wp\/v2\/media?parent=16163"}],"wp:term":[{"taxonomy":"product_brand","embeddable":true,"href":"https:\/\/rutana.lt\/en\/wp-json\/wp\/v2\/product_brand?post=16163"},{"taxonomy":"product_cat","embeddable":true,"href":"https:\/\/rutana.lt\/en\/wp-json\/wp\/v2\/product_cat?post=16163"},{"taxonomy":"product_tag","embeddable":true,"href":"https:\/\/rutana.lt\/en\/wp-json\/wp\/v2\/product_tag?post=16163"}],"curies":[{"name":"wp","href":"https:\/\/api.w.org\/{rel}","templated":true}]}}