{"id":16158,"date":"2025-09-03T09:44:01","date_gmt":"2025-09-03T07:44:01","guid":{"rendered":"https:\/\/rutana.webdemo.lt\/?post_type=product&#038;p=16158"},"modified":"2025-10-13T15:50:36","modified_gmt":"2025-10-13T13:50:36","slug":"sasiuvinis-su-spirale-a4-150-lapu-langeliais-abc-00119","status":"publish","type":"product","link":"https:\/\/rutana.lt\/en\/product\/sasiuvinis-su-spirale-a4-150-lapu-langeliais-abc-00119\/","title":{"rendered":"S\u0105siuvinis su spirale A4 150 lap\u0173 langeliais ABC 00119"},"content":{"rendered":"<p>S\u0105siuvinio vir\u0161elis pagamintas i\u0161 250 g \/ m<span style=\"vertical-align: super;\">2 <\/span> storio kartono. Ofsetinis popierius, kurio tankis 70 g \/ m<span style=\"vertical-align: super;\">2<\/span>. Vidiniai lapai su perforuotomis 4 skyl\u0117mis kair\u0117je pus\u0117je. Suri\u0161imo tipas &#8211; spiralinis. <\/p>\n<p>S\u0105siuvinio formatas: A4<\/p>\n<p>S\u0105siuvinio lap\u0173 skai\u010dius: 150<\/p>\n<p>Vidus: langeliais<\/p>\n<p>Vir\u0161elio spalva: \u012fvairiaspalv\u0117<\/p>\n<p>Kilm\u0117s \u0161alis: Latvija<\/p>\n<\/p>\n<p><\/p>","protected":false},"excerpt":{"rendered":"<p>S\u0105siuvinio vir\u0161elis pagamintas i\u0161 250 g \/ m2 storio kartono. Ofsetinis popierius, kurio tankis 70 g \/ m2. Vidiniai lapai su perforuotomis 4 skyl\u0117mis kair\u0117je pus\u0117je. Suri\u0161imo tipas &#8211; spiralinis. S\u0105siuvinio formatas: A4 S\u0105siuvinio lap\u0173 skai\u010dius: 150 Vidus: langeliais Vir\u0161elio spalva: \u012fvairiaspalv\u0117 Kilm\u0117s \u0161alis: Latvija<\/p>","protected":false},"featured_media":28981,"comment_status":"open","ping_status":"closed","template":"","meta":{"_season_start":"","_season_end":"","_season_days":"","_season_months":"","_season_auto_visibility":""},"product_brand":[884],"product_cat":[1773],"product_tag":[],"class_list":{"0":"post-16158","1":"product","2":"type-product","3":"status-publish","4":"has-post-thumbnail","6":"product_brand-abc-jums","7":"product_cat-a4-formatai","9":"first","10":"instock","11":"taxable","12":"shipping-taxable","13":"purchasable","14":"product-type-simple"},"yoast_head":"<!-- This site is optimized with the Yoast SEO plugin v26.1.1 - https:\/\/yoast.com\/wordpress\/plugins\/seo\/ -->\n<title>S\u0105siuvinis su spirale A4 150 lap\u0173 langeliais ABC 00119 - Rutana - Ra\u0161tin\u0117s reikmenys<\/title>\n<meta name=\"robots\" content=\"index, follow, max-snippet:-1, max-image-preview:large, max-video-preview:-1\" \/>\n<link rel=\"canonical\" href=\"https:\/\/rutana.lt\/en\/product\/sasiuvinis-su-spirale-a4-150-lapu-langeliais-abc-00119\/\" \/>\n<meta property=\"og:locale\" content=\"en_US\" \/>\n<meta property=\"og:type\" content=\"article\" \/>\n<meta property=\"og:title\" content=\"S\u0105siuvinis su spirale A4 150 lap\u0173 langeliais ABC 00119 - Rutana - Ra\u0161tin\u0117s reikmenys\" \/>\n<meta property=\"og:description\" content=\"S\u0105siuvinio vir\u0161elis pagamintas i\u0161 250 g \/ m2 storio kartono. Ofsetinis popierius, kurio tankis 70 g \/ m2. Vidiniai lapai su perforuotomis 4 skyl\u0117mis kair\u0117je pus\u0117je. Suri\u0161imo tipas &#8211; spiralinis. S\u0105siuvinio formatas: A4 S\u0105siuvinio lap\u0173 skai\u010dius: 150 Vidus: langeliais Vir\u0161elio spalva: \u012fvairiaspalv\u0117 Kilm\u0117s \u0161alis: Latvija\" \/>\n<meta property=\"og:url\" content=\"https:\/\/rutana.lt\/en\/product\/sasiuvinis-su-spirale-a4-150-lapu-langeliais-abc-00119\/\" \/>\n<meta property=\"og:site_name\" content=\"Rutana - Ra\u0161tin\u0117s reikmenys\" \/>\n<meta property=\"article:publisher\" content=\"https:\/\/www.facebook.com\/RutanaKanceliarinesPrekes\/\" \/>\n<meta property=\"article:modified_time\" content=\"2025-10-13T13:50:36+00:00\" \/>\n<meta property=\"og:image\" content=\"https:\/\/rutana.lt\/wp-content\/uploads\/2025\/09\/A024-202.jpg\" \/>\n\t<meta property=\"og:image:width\" content=\"602\" \/>\n\t<meta property=\"og:image:height\" content=\"658\" \/>\n\t<meta property=\"og:image:type\" content=\"image\/jpeg\" \/>\n<meta name=\"twitter:card\" content=\"summary_large_image\" \/>\n<script type=\"application\/ld+json\" class=\"yoast-schema-graph\">{\"@context\":\"https:\/\/schema.org\",\"@graph\":[{\"@type\":\"WebPage\",\"@id\":\"https:\/\/rutana.lt\/produktas\/sasiuvinis-su-spirale-a4-150-lapu-langeliais-abc-00119\/\",\"url\":\"https:\/\/rutana.lt\/produktas\/sasiuvinis-su-spirale-a4-150-lapu-langeliais-abc-00119\/\",\"name\":\"S\u0105siuvinis su spirale A4 150 lap\u0173 langeliais ABC 00119 - Rutana - Ra\u0161tin\u0117s reikmenys\",\"isPartOf\":{\"@id\":\"https:\/\/rutana.lt\/#website\"},\"primaryImageOfPage\":{\"@id\":\"https:\/\/rutana.lt\/produktas\/sasiuvinis-su-spirale-a4-150-lapu-langeliais-abc-00119\/#primaryimage\"},\"image\":{\"@id\":\"https:\/\/rutana.lt\/produktas\/sasiuvinis-su-spirale-a4-150-lapu-langeliais-abc-00119\/#primaryimage\"},\"thumbnailUrl\":\"https:\/\/rutana.lt\/wp-content\/uploads\/2025\/09\/A024-202-2.jpg?v=1763565496\",\"datePublished\":\"2025-09-03T07:44:01+00:00\",\"dateModified\":\"2025-10-13T13:50:36+00:00\",\"breadcrumb\":{\"@id\":\"https:\/\/rutana.lt\/produktas\/sasiuvinis-su-spirale-a4-150-lapu-langeliais-abc-00119\/#breadcrumb\"},\"inLanguage\":\"en-US\",\"potentialAction\":[{\"@type\":\"ReadAction\",\"target\":[\"https:\/\/rutana.lt\/produktas\/sasiuvinis-su-spirale-a4-150-lapu-langeliais-abc-00119\/\"]}]},{\"@type\":\"ImageObject\",\"inLanguage\":\"en-US\",\"@id\":\"https:\/\/rutana.lt\/produktas\/sasiuvinis-su-spirale-a4-150-lapu-langeliais-abc-00119\/#primaryimage\",\"url\":\"https:\/\/rutana.lt\/wp-content\/uploads\/2025\/09\/A024-202-2.jpg?v=1763565496\",\"contentUrl\":\"https:\/\/rutana.lt\/wp-content\/uploads\/2025\/09\/A024-202-2.jpg?v=1763565496\",\"width\":602,\"height\":658},{\"@type\":\"BreadcrumbList\",\"@id\":\"https:\/\/rutana.lt\/produktas\/sasiuvinis-su-spirale-a4-150-lapu-langeliais-abc-00119\/#breadcrumb\",\"itemListElement\":[{\"@type\":\"ListItem\",\"position\":1,\"name\":\"Home\",\"item\":\"https:\/\/rutana.lt\/\"},{\"@type\":\"ListItem\",\"position\":2,\"name\":\"Parduotuv\u0117\",\"item\":\"https:\/\/rutana.lt\/parduotuve\/\"},{\"@type\":\"ListItem\",\"position\":3,\"name\":\"S\u0105siuvinis su spirale A4 150 lap\u0173 langeliais ABC 00119\"}]},{\"@type\":\"WebSite\",\"@id\":\"https:\/\/rutana.lt\/#website\",\"url\":\"https:\/\/rutana.lt\/\",\"name\":\"Rutana - Ra\u0161tin\u0117s reikmenys\",\"description\":\"Prekiaujame pasaulin\u0117je rinkoje pripa\u017eintomis, kokybi\u0161komis biuro prek\u0117mis toki\u0173  gamintoj\u0173 kaip: Schneider, Esselte, Novus, 3M, Faber-Castell, Citizen, Milan, Leitz, Colop, Zebra, Staedtler, Durable, Tork, Parker, Waterman ir kt.\",\"publisher\":{\"@id\":\"https:\/\/rutana.lt\/#organization\"},\"potentialAction\":[{\"@type\":\"SearchAction\",\"target\":{\"@type\":\"EntryPoint\",\"urlTemplate\":\"https:\/\/rutana.lt\/?s={search_term_string}\"},\"query-input\":{\"@type\":\"PropertyValueSpecification\",\"valueRequired\":true,\"valueName\":\"search_term_string\"}}],\"inLanguage\":\"en-US\"},{\"@type\":\"Organization\",\"@id\":\"https:\/\/rutana.lt\/#organization\",\"name\":\"Rutana - Ra\u0161tin\u0117s reikmenys\",\"url\":\"https:\/\/rutana.lt\/\",\"logo\":{\"@type\":\"ImageObject\",\"inLanguage\":\"en-US\",\"@id\":\"https:\/\/rutana.lt\/#\/schema\/logo\/image\/\",\"url\":\"https:\/\/rutana.lt\/wp-content\/uploads\/2025\/10\/Asset-32.png\",\"contentUrl\":\"https:\/\/rutana.lt\/wp-content\/uploads\/2025\/10\/Asset-32.png\",\"width\":433,\"height\":119,\"caption\":\"Rutana - Ra\u0161tin\u0117s reikmenys\"},\"image\":{\"@id\":\"https:\/\/rutana.lt\/#\/schema\/logo\/image\/\"},\"sameAs\":[\"https:\/\/www.facebook.com\/RutanaKanceliarinesPrekes\/\"]}]}<\/script>\n<!-- \/ Yoast SEO plugin. -->","yoast_head_json":{"title":"S\u0105siuvinis su spirale A4 150 lap\u0173 langeliais ABC 00119 - Rutana - Ra\u0161tin\u0117s reikmenys","robots":{"index":"index","follow":"follow","max-snippet":"max-snippet:-1","max-image-preview":"max-image-preview:large","max-video-preview":"max-video-preview:-1"},"canonical":"https:\/\/rutana.lt\/en\/product\/sasiuvinis-su-spirale-a4-150-lapu-langeliais-abc-00119\/","og_locale":"en_US","og_type":"article","og_title":"S\u0105siuvinis su spirale A4 150 lap\u0173 langeliais ABC 00119 - Rutana - Ra\u0161tin\u0117s reikmenys","og_description":"S\u0105siuvinio vir\u0161elis pagamintas i\u0161 250 g \/ m2 storio kartono. Ofsetinis popierius, kurio tankis 70 g \/ m2. Vidiniai lapai su perforuotomis 4 skyl\u0117mis kair\u0117je pus\u0117je. Suri\u0161imo tipas &#8211; spiralinis. S\u0105siuvinio formatas: A4 S\u0105siuvinio lap\u0173 skai\u010dius: 150 Vidus: langeliais Vir\u0161elio spalva: \u012fvairiaspalv\u0117 Kilm\u0117s \u0161alis: Latvija","og_url":"https:\/\/rutana.lt\/en\/product\/sasiuvinis-su-spirale-a4-150-lapu-langeliais-abc-00119\/","og_site_name":"Rutana - Ra\u0161tin\u0117s reikmenys","article_publisher":"https:\/\/www.facebook.com\/RutanaKanceliarinesPrekes\/","article_modified_time":"2025-10-13T13:50:36+00:00","og_image":[{"width":602,"height":658,"url":"https:\/\/rutana.lt\/wp-content\/uploads\/2025\/09\/A024-202.jpg","type":"image\/jpeg"}],"twitter_card":"summary_large_image","schema":{"@context":"https:\/\/schema.org","@graph":[{"@type":"WebPage","@id":"https:\/\/rutana.lt\/produktas\/sasiuvinis-su-spirale-a4-150-lapu-langeliais-abc-00119\/","url":"https:\/\/rutana.lt\/produktas\/sasiuvinis-su-spirale-a4-150-lapu-langeliais-abc-00119\/","name":"S\u0105siuvinis su spirale A4 150 lap\u0173 langeliais ABC 00119 - Rutana - Ra\u0161tin\u0117s reikmenys","isPartOf":{"@id":"https:\/\/rutana.lt\/#website"},"primaryImageOfPage":{"@id":"https:\/\/rutana.lt\/produktas\/sasiuvinis-su-spirale-a4-150-lapu-langeliais-abc-00119\/#primaryimage"},"image":{"@id":"https:\/\/rutana.lt\/produktas\/sasiuvinis-su-spirale-a4-150-lapu-langeliais-abc-00119\/#primaryimage"},"thumbnailUrl":"https:\/\/rutana.lt\/wp-content\/uploads\/2025\/09\/A024-202-2.jpg?v=1763565496","datePublished":"2025-09-03T07:44:01+00:00","dateModified":"2025-10-13T13:50:36+00:00","breadcrumb":{"@id":"https:\/\/rutana.lt\/produktas\/sasiuvinis-su-spirale-a4-150-lapu-langeliais-abc-00119\/#breadcrumb"},"inLanguage":"en-US","potentialAction":[{"@type":"ReadAction","target":["https:\/\/rutana.lt\/produktas\/sasiuvinis-su-spirale-a4-150-lapu-langeliais-abc-00119\/"]}]},{"@type":"ImageObject","inLanguage":"en-US","@id":"https:\/\/rutana.lt\/produktas\/sasiuvinis-su-spirale-a4-150-lapu-langeliais-abc-00119\/#primaryimage","url":"https:\/\/rutana.lt\/wp-content\/uploads\/2025\/09\/A024-202-2.jpg?v=1763565496","contentUrl":"https:\/\/rutana.lt\/wp-content\/uploads\/2025\/09\/A024-202-2.jpg?v=1763565496","width":602,"height":658},{"@type":"BreadcrumbList","@id":"https:\/\/rutana.lt\/produktas\/sasiuvinis-su-spirale-a4-150-lapu-langeliais-abc-00119\/#breadcrumb","itemListElement":[{"@type":"ListItem","position":1,"name":"Home","item":"https:\/\/rutana.lt\/"},{"@type":"ListItem","position":2,"name":"Parduotuv\u0117","item":"https:\/\/rutana.lt\/parduotuve\/"},{"@type":"ListItem","position":3,"name":"S\u0105siuvinis su spirale A4 150 lap\u0173 langeliais ABC 00119"}]},{"@type":"WebSite","@id":"https:\/\/rutana.lt\/#website","url":"https:\/\/rutana.lt\/","name":"Rutana - Ra\u0161tin\u0117s reikmenys","description":"Prekiaujame pasaulin\u0117je rinkoje pripa\u017eintomis, kokybi\u0161komis biuro prek\u0117mis toki\u0173  gamintoj\u0173 kaip: Schneider, Esselte, Novus, 3M, Faber-Castell, Citizen, Milan, Leitz, Colop, Zebra, Staedtler, Durable, Tork, Parker, Waterman ir kt.","publisher":{"@id":"https:\/\/rutana.lt\/#organization"},"potentialAction":[{"@type":"SearchAction","target":{"@type":"EntryPoint","urlTemplate":"https:\/\/rutana.lt\/?s={search_term_string}"},"query-input":{"@type":"PropertyValueSpecification","valueRequired":true,"valueName":"search_term_string"}}],"inLanguage":"en-US"},{"@type":"Organization","@id":"https:\/\/rutana.lt\/#organization","name":"Rutana - Ra\u0161tin\u0117s reikmenys","url":"https:\/\/rutana.lt\/","logo":{"@type":"ImageObject","inLanguage":"en-US","@id":"https:\/\/rutana.lt\/#\/schema\/logo\/image\/","url":"https:\/\/rutana.lt\/wp-content\/uploads\/2025\/10\/Asset-32.png","contentUrl":"https:\/\/rutana.lt\/wp-content\/uploads\/2025\/10\/Asset-32.png","width":433,"height":119,"caption":"Rutana - Ra\u0161tin\u0117s reikmenys"},"image":{"@id":"https:\/\/rutana.lt\/#\/schema\/logo\/image\/"},"sameAs":["https:\/\/www.facebook.com\/RutanaKanceliarinesPrekes\/"]}]}},"_links":{"self":[{"href":"https:\/\/rutana.lt\/en\/wp-json\/wp\/v2\/product\/16158","targetHints":{"allow":["GET"]}}],"collection":[{"href":"https:\/\/rutana.lt\/en\/wp-json\/wp\/v2\/product"}],"about":[{"href":"https:\/\/rutana.lt\/en\/wp-json\/wp\/v2\/types\/product"}],"replies":[{"embeddable":true,"href":"https:\/\/rutana.lt\/en\/wp-json\/wp\/v2\/comments?post=16158"}],"version-history":[{"count":1,"href":"https:\/\/rutana.lt\/en\/wp-json\/wp\/v2\/product\/16158\/revisions"}],"predecessor-version":[{"id":16189,"href":"https:\/\/rutana.lt\/en\/wp-json\/wp\/v2\/product\/16158\/revisions\/16189"}],"wp:featuredmedia":[{"embeddable":true,"href":"https:\/\/rutana.lt\/en\/wp-json\/wp\/v2\/media\/28981"}],"wp:attachment":[{"href":"https:\/\/rutana.lt\/en\/wp-json\/wp\/v2\/media?parent=16158"}],"wp:term":[{"taxonomy":"product_brand","embeddable":true,"href":"https:\/\/rutana.lt\/en\/wp-json\/wp\/v2\/product_brand?post=16158"},{"taxonomy":"product_cat","embeddable":true,"href":"https:\/\/rutana.lt\/en\/wp-json\/wp\/v2\/product_cat?post=16158"},{"taxonomy":"product_tag","embeddable":true,"href":"https:\/\/rutana.lt\/en\/wp-json\/wp\/v2\/product_tag?post=16158"}],"curies":[{"name":"wp","href":"https:\/\/api.w.org\/{rel}","templated":true}]}}