{"id":16104,"date":"2025-09-03T09:43:39","date_gmt":"2025-09-03T07:43:39","guid":{"rendered":"https:\/\/rutana.webdemo.lt\/?post_type=product&#038;p=16104"},"modified":"2025-10-13T15:50:31","modified_gmt":"2025-10-13T13:50:31","slug":"kuprine-kompiuteriui-metro-iki-15-coliu-juoda-moleskine-62138","status":"publish","type":"product","link":"https:\/\/rutana.lt\/en\/product\/kuprine-kompiuteriui-metro-iki-15-coliu-juoda-moleskine-62138\/","title":{"rendered":"Kuprin\u0117 kompiuteriui &#8222;Metro&#8221; iki 15 coli\u0173 juoda Moleskine 62138"},"content":{"rendered":"<p>\u201eMetro Backpack\u201c yra \u0161iuolaiki\u0161kas miesto krep\u0161ys, kurio dizainas i\u0161skirtinis ir patogus. Jis sukurtas taip, kad tilpt\u0173 viskas, ko jums reikia, kad gal\u0117tum\u0117te susisiekti su tuo, kur esate, kur buvote ir kur einate. Dinami\u0161ka \u201eMetro\u201c kuprin\u0117 pasi\u017eymi i\u0161skirtiniu reljefiniu korio pamu\u0161alu ir subtiliomis atspindin\u010diomis detal\u0117mis, kurios suteikia \u0161viesos \u012f kiekvien\u0105 kelion\u0119. 2 skyriai, skirti atskirti ne\u0161iojam\u0105j\u012f kompiuter\u012f nuo asmenini\u0173 daikt\u0173, reguliuojamas pamink\u0161tintas pe\u010di\u0173 dir\u017eelis, kv\u0117puojanti oro tinklelio nugara ir baga\u017eo dir\u017eas. Lengvai pasiekiama priekin\u0117 ki\u0161en\u0117 su termi\u0161kai u\u017edarytu u\u017etrauktuku. Logotipas, atspausdintas ant atspindin\u010dios med\u017eiagos. Vandeniui atsparus vir\u0161utinis u\u017etrauktukas. U\u017era\u0161\u0173 ki\u0161en\u0117 id\u0117joms laikyti ir vidin\u0117 ki\u0161en\u0117 su u\u017etrauktuku. 1 mini organaizeris su 2 ra\u0161ikli\u0173 laikikliais ir 1 vizitini\u0173 korteli\u0173 laikikliu. Tinka kompiuteriams iki 15 coli\u0173 dyd\u017eio.<\/p>\n<p>Matmenys: 31 x 47 x 13 cm<\/p>\n<p>Kuprin\u0117s spalva: juoda<\/p>\n<p>Med\u017eiaga: poliamidas, PU pagrindas<\/p>\n<p>Kuprin\u0117s t\u016bris: 15 litr\u0173<\/p>\n<p>Kilm\u0117s \u0161alis: Italija<\/p>\n<p><\/p>\n<p><\/p>","protected":false},"excerpt":{"rendered":"<p>\u201eMetro Backpack\u201c yra \u0161iuolaiki\u0161kas miesto krep\u0161ys, kurio dizainas i\u0161skirtinis ir patogus. Jis sukurtas taip, kad tilpt\u0173 viskas, ko jums reikia, kad gal\u0117tum\u0117te susisiekti su tuo, kur esate, kur buvote ir kur einate. Dinami\u0161ka \u201eMetro\u201c kuprin\u0117 pasi\u017eymi i\u0161skirtiniu reljefiniu korio pamu\u0161alu ir subtiliomis atspindin\u010diomis detal\u0117mis, kurios suteikia \u0161viesos \u012f kiekvien\u0105 kelion\u0119. 2 skyriai, skirti atskirti ne\u0161iojam\u0105j\u012f [&hellip;]<\/p>","protected":false},"featured_media":28972,"comment_status":"open","ping_status":"closed","template":"","meta":{"_season_start":"","_season_end":"","_season_days":"","_season_months":"","_season_auto_visibility":""},"product_brand":[997],"product_cat":[1646,1645],"product_tag":[],"class_list":{"0":"post-16104","1":"product","2":"type-product","3":"status-publish","4":"has-post-thumbnail","6":"product_brand-moleskine","7":"product_cat-deklai-ir-kuprines-nesiojamiems-kompiuteriams","8":"product_cat-krepsiai","10":"first","11":"instock","12":"taxable","13":"shipping-taxable","14":"purchasable","15":"product-type-simple"},"yoast_head":"<!-- This site is optimized with the Yoast SEO plugin v27.4 - https:\/\/yoast.com\/product\/yoast-seo-wordpress\/ -->\n<title>Kuprin\u0117 kompiuteriui &quot;Metro&quot; iki 15 coli\u0173 juoda Moleskine 62138 - Rutana - Ra\u0161tin\u0117s reikmenys<\/title>\n<meta name=\"robots\" content=\"index, follow, max-snippet:-1, max-image-preview:large, max-video-preview:-1\" \/>\n<link rel=\"canonical\" href=\"https:\/\/rutana.lt\/en\/product\/kuprine-kompiuteriui-metro-iki-15-coliu-juoda-moleskine-62138\/\" \/>\n<meta property=\"og:locale\" content=\"en_US\" \/>\n<meta property=\"og:type\" content=\"article\" \/>\n<meta property=\"og:title\" content=\"Kuprin\u0117 kompiuteriui &quot;Metro&quot; iki 15 coli\u0173 juoda Moleskine 62138 - Rutana - Ra\u0161tin\u0117s reikmenys\" \/>\n<meta property=\"og:description\" content=\"\u201eMetro Backpack\u201c yra \u0161iuolaiki\u0161kas miesto krep\u0161ys, kurio dizainas i\u0161skirtinis ir patogus. Jis sukurtas taip, kad tilpt\u0173 viskas, ko jums reikia, kad gal\u0117tum\u0117te susisiekti su tuo, kur esate, kur buvote ir kur einate. Dinami\u0161ka \u201eMetro\u201c kuprin\u0117 pasi\u017eymi i\u0161skirtiniu reljefiniu korio pamu\u0161alu ir subtiliomis atspindin\u010diomis detal\u0117mis, kurios suteikia \u0161viesos \u012f kiekvien\u0105 kelion\u0119. 2 skyriai, skirti atskirti ne\u0161iojam\u0105j\u012f [&hellip;]\" \/>\n<meta property=\"og:url\" content=\"https:\/\/rutana.lt\/en\/product\/kuprine-kompiuteriui-metro-iki-15-coliu-juoda-moleskine-62138\/\" \/>\n<meta property=\"og:site_name\" content=\"Rutana - Ra\u0161tin\u0117s reikmenys\" \/>\n<meta property=\"article:publisher\" content=\"https:\/\/www.facebook.com\/RutanaKanceliarinesPrekes\/\" \/>\n<meta property=\"article:modified_time\" content=\"2025-10-13T13:50:31+00:00\" \/>\n<meta property=\"og:image\" content=\"https:\/\/rutana.lt\/wp-content\/uploads\/2025\/09\/D027-751.jpg\" \/>\n\t<meta property=\"og:image:width\" content=\"600\" \/>\n\t<meta property=\"og:image:height\" content=\"600\" \/>\n\t<meta property=\"og:image:type\" content=\"image\/jpeg\" \/>\n<meta name=\"twitter:card\" content=\"summary_large_image\" \/>\n<meta name=\"twitter:label1\" content=\"Est. reading time\" \/>\n\t<meta name=\"twitter:data1\" content=\"1 minute\" \/>\n<script type=\"application\/ld+json\" class=\"yoast-schema-graph\">{\"@context\":\"https:\\\/\\\/schema.org\",\"@graph\":[{\"@type\":\"WebPage\",\"@id\":\"https:\\\/\\\/rutana.lt\\\/produktas\\\/kuprine-kompiuteriui-metro-iki-15-coliu-juoda-moleskine-62138\\\/\",\"url\":\"https:\\\/\\\/rutana.lt\\\/produktas\\\/kuprine-kompiuteriui-metro-iki-15-coliu-juoda-moleskine-62138\\\/\",\"name\":\"Kuprin\u0117 kompiuteriui \\\"Metro\\\" iki 15 coli\u0173 juoda Moleskine 62138 - Rutana - Ra\u0161tin\u0117s reikmenys\",\"isPartOf\":{\"@id\":\"https:\\\/\\\/rutana.lt\\\/#website\"},\"primaryImageOfPage\":{\"@id\":\"https:\\\/\\\/rutana.lt\\\/produktas\\\/kuprine-kompiuteriui-metro-iki-15-coliu-juoda-moleskine-62138\\\/#primaryimage\"},\"image\":{\"@id\":\"https:\\\/\\\/rutana.lt\\\/produktas\\\/kuprine-kompiuteriui-metro-iki-15-coliu-juoda-moleskine-62138\\\/#primaryimage\"},\"thumbnailUrl\":\"https:\\\/\\\/rutana.lt\\\/wp-content\\\/uploads\\\/2025\\\/09\\\/D027-751-4.jpg?v=1763565509\",\"datePublished\":\"2025-09-03T07:43:39+00:00\",\"dateModified\":\"2025-10-13T13:50:31+00:00\",\"breadcrumb\":{\"@id\":\"https:\\\/\\\/rutana.lt\\\/produktas\\\/kuprine-kompiuteriui-metro-iki-15-coliu-juoda-moleskine-62138\\\/#breadcrumb\"},\"inLanguage\":\"en-US\",\"potentialAction\":[{\"@type\":\"ReadAction\",\"target\":[\"https:\\\/\\\/rutana.lt\\\/produktas\\\/kuprine-kompiuteriui-metro-iki-15-coliu-juoda-moleskine-62138\\\/\"]}]},{\"@type\":\"ImageObject\",\"inLanguage\":\"en-US\",\"@id\":\"https:\\\/\\\/rutana.lt\\\/produktas\\\/kuprine-kompiuteriui-metro-iki-15-coliu-juoda-moleskine-62138\\\/#primaryimage\",\"url\":\"https:\\\/\\\/rutana.lt\\\/wp-content\\\/uploads\\\/2025\\\/09\\\/D027-751-4.jpg?v=1763565509\",\"contentUrl\":\"https:\\\/\\\/rutana.lt\\\/wp-content\\\/uploads\\\/2025\\\/09\\\/D027-751-4.jpg?v=1763565509\",\"width\":600,\"height\":600},{\"@type\":\"BreadcrumbList\",\"@id\":\"https:\\\/\\\/rutana.lt\\\/produktas\\\/kuprine-kompiuteriui-metro-iki-15-coliu-juoda-moleskine-62138\\\/#breadcrumb\",\"itemListElement\":[{\"@type\":\"ListItem\",\"position\":1,\"name\":\"Home\",\"item\":\"https:\\\/\\\/rutana.lt\\\/\"},{\"@type\":\"ListItem\",\"position\":2,\"name\":\"Parduotuv\u0117\",\"item\":\"https:\\\/\\\/rutana.lt\\\/parduotuve\\\/\"},{\"@type\":\"ListItem\",\"position\":3,\"name\":\"Kuprin\u0117 kompiuteriui &#8222;Metro&#8221; iki 15 coli\u0173 juoda Moleskine 62138\"}]},{\"@type\":\"WebSite\",\"@id\":\"https:\\\/\\\/rutana.lt\\\/#website\",\"url\":\"https:\\\/\\\/rutana.lt\\\/\",\"name\":\"Rutana - Ra\u0161tin\u0117s reikmenys\",\"description\":\"Prekiaujame pasaulin\u0117je rinkoje pripa\u017eintomis, kokybi\u0161komis biuro prek\u0117mis toki\u0173  gamintoj\u0173 kaip: Schneider, Esselte, Novus, 3M, Faber-Castell, Citizen, Milan, Leitz, Colop, Zebra, Staedtler, Durable, Tork, Parker, Waterman ir kt.\",\"publisher\":{\"@id\":\"https:\\\/\\\/rutana.lt\\\/#organization\"},\"potentialAction\":[{\"@type\":\"SearchAction\",\"target\":{\"@type\":\"EntryPoint\",\"urlTemplate\":\"https:\\\/\\\/rutana.lt\\\/?s={search_term_string}\"},\"query-input\":{\"@type\":\"PropertyValueSpecification\",\"valueRequired\":true,\"valueName\":\"search_term_string\"}}],\"inLanguage\":\"en-US\"},{\"@type\":\"Organization\",\"@id\":\"https:\\\/\\\/rutana.lt\\\/#organization\",\"name\":\"Rutana - Ra\u0161tin\u0117s reikmenys\",\"url\":\"https:\\\/\\\/rutana.lt\\\/\",\"logo\":{\"@type\":\"ImageObject\",\"inLanguage\":\"en-US\",\"@id\":\"https:\\\/\\\/rutana.lt\\\/#\\\/schema\\\/logo\\\/image\\\/\",\"url\":\"https:\\\/\\\/rutana.lt\\\/wp-content\\\/uploads\\\/2025\\\/10\\\/Asset-32.png\",\"contentUrl\":\"https:\\\/\\\/rutana.lt\\\/wp-content\\\/uploads\\\/2025\\\/10\\\/Asset-32.png\",\"width\":433,\"height\":119,\"caption\":\"Rutana - Ra\u0161tin\u0117s reikmenys\"},\"image\":{\"@id\":\"https:\\\/\\\/rutana.lt\\\/#\\\/schema\\\/logo\\\/image\\\/\"},\"sameAs\":[\"https:\\\/\\\/www.facebook.com\\\/RutanaKanceliarinesPrekes\\\/\"]}]}<\/script>\n<!-- \/ Yoast SEO plugin. -->","yoast_head_json":{"title":"Kuprin\u0117 kompiuteriui \"Metro\" iki 15 coli\u0173 juoda Moleskine 62138 - Rutana - Ra\u0161tin\u0117s reikmenys","robots":{"index":"index","follow":"follow","max-snippet":"max-snippet:-1","max-image-preview":"max-image-preview:large","max-video-preview":"max-video-preview:-1"},"canonical":"https:\/\/rutana.lt\/en\/product\/kuprine-kompiuteriui-metro-iki-15-coliu-juoda-moleskine-62138\/","og_locale":"en_US","og_type":"article","og_title":"Kuprin\u0117 kompiuteriui \"Metro\" iki 15 coli\u0173 juoda Moleskine 62138 - Rutana - Ra\u0161tin\u0117s reikmenys","og_description":"\u201eMetro Backpack\u201c yra \u0161iuolaiki\u0161kas miesto krep\u0161ys, kurio dizainas i\u0161skirtinis ir patogus. Jis sukurtas taip, kad tilpt\u0173 viskas, ko jums reikia, kad gal\u0117tum\u0117te susisiekti su tuo, kur esate, kur buvote ir kur einate. Dinami\u0161ka \u201eMetro\u201c kuprin\u0117 pasi\u017eymi i\u0161skirtiniu reljefiniu korio pamu\u0161alu ir subtiliomis atspindin\u010diomis detal\u0117mis, kurios suteikia \u0161viesos \u012f kiekvien\u0105 kelion\u0119. 2 skyriai, skirti atskirti ne\u0161iojam\u0105j\u012f [&hellip;]","og_url":"https:\/\/rutana.lt\/en\/product\/kuprine-kompiuteriui-metro-iki-15-coliu-juoda-moleskine-62138\/","og_site_name":"Rutana - Ra\u0161tin\u0117s reikmenys","article_publisher":"https:\/\/www.facebook.com\/RutanaKanceliarinesPrekes\/","article_modified_time":"2025-10-13T13:50:31+00:00","og_image":[{"width":600,"height":600,"url":"https:\/\/rutana.lt\/wp-content\/uploads\/2025\/09\/D027-751.jpg","type":"image\/jpeg"}],"twitter_card":"summary_large_image","twitter_misc":{"Est. reading time":"1 minute"},"schema":{"@context":"https:\/\/schema.org","@graph":[{"@type":"WebPage","@id":"https:\/\/rutana.lt\/produktas\/kuprine-kompiuteriui-metro-iki-15-coliu-juoda-moleskine-62138\/","url":"https:\/\/rutana.lt\/produktas\/kuprine-kompiuteriui-metro-iki-15-coliu-juoda-moleskine-62138\/","name":"Kuprin\u0117 kompiuteriui \"Metro\" iki 15 coli\u0173 juoda Moleskine 62138 - Rutana - Ra\u0161tin\u0117s reikmenys","isPartOf":{"@id":"https:\/\/rutana.lt\/#website"},"primaryImageOfPage":{"@id":"https:\/\/rutana.lt\/produktas\/kuprine-kompiuteriui-metro-iki-15-coliu-juoda-moleskine-62138\/#primaryimage"},"image":{"@id":"https:\/\/rutana.lt\/produktas\/kuprine-kompiuteriui-metro-iki-15-coliu-juoda-moleskine-62138\/#primaryimage"},"thumbnailUrl":"https:\/\/rutana.lt\/wp-content\/uploads\/2025\/09\/D027-751-4.jpg?v=1763565509","datePublished":"2025-09-03T07:43:39+00:00","dateModified":"2025-10-13T13:50:31+00:00","breadcrumb":{"@id":"https:\/\/rutana.lt\/produktas\/kuprine-kompiuteriui-metro-iki-15-coliu-juoda-moleskine-62138\/#breadcrumb"},"inLanguage":"en-US","potentialAction":[{"@type":"ReadAction","target":["https:\/\/rutana.lt\/produktas\/kuprine-kompiuteriui-metro-iki-15-coliu-juoda-moleskine-62138\/"]}]},{"@type":"ImageObject","inLanguage":"en-US","@id":"https:\/\/rutana.lt\/produktas\/kuprine-kompiuteriui-metro-iki-15-coliu-juoda-moleskine-62138\/#primaryimage","url":"https:\/\/rutana.lt\/wp-content\/uploads\/2025\/09\/D027-751-4.jpg?v=1763565509","contentUrl":"https:\/\/rutana.lt\/wp-content\/uploads\/2025\/09\/D027-751-4.jpg?v=1763565509","width":600,"height":600},{"@type":"BreadcrumbList","@id":"https:\/\/rutana.lt\/produktas\/kuprine-kompiuteriui-metro-iki-15-coliu-juoda-moleskine-62138\/#breadcrumb","itemListElement":[{"@type":"ListItem","position":1,"name":"Home","item":"https:\/\/rutana.lt\/"},{"@type":"ListItem","position":2,"name":"Parduotuv\u0117","item":"https:\/\/rutana.lt\/parduotuve\/"},{"@type":"ListItem","position":3,"name":"Kuprin\u0117 kompiuteriui &#8222;Metro&#8221; iki 15 coli\u0173 juoda Moleskine 62138"}]},{"@type":"WebSite","@id":"https:\/\/rutana.lt\/#website","url":"https:\/\/rutana.lt\/","name":"Rutana - Ra\u0161tin\u0117s reikmenys","description":"Prekiaujame pasaulin\u0117je rinkoje pripa\u017eintomis, kokybi\u0161komis biuro prek\u0117mis toki\u0173  gamintoj\u0173 kaip: Schneider, Esselte, Novus, 3M, Faber-Castell, Citizen, Milan, Leitz, Colop, Zebra, Staedtler, Durable, Tork, Parker, Waterman ir kt.","publisher":{"@id":"https:\/\/rutana.lt\/#organization"},"potentialAction":[{"@type":"SearchAction","target":{"@type":"EntryPoint","urlTemplate":"https:\/\/rutana.lt\/?s={search_term_string}"},"query-input":{"@type":"PropertyValueSpecification","valueRequired":true,"valueName":"search_term_string"}}],"inLanguage":"en-US"},{"@type":"Organization","@id":"https:\/\/rutana.lt\/#organization","name":"Rutana - Ra\u0161tin\u0117s reikmenys","url":"https:\/\/rutana.lt\/","logo":{"@type":"ImageObject","inLanguage":"en-US","@id":"https:\/\/rutana.lt\/#\/schema\/logo\/image\/","url":"https:\/\/rutana.lt\/wp-content\/uploads\/2025\/10\/Asset-32.png","contentUrl":"https:\/\/rutana.lt\/wp-content\/uploads\/2025\/10\/Asset-32.png","width":433,"height":119,"caption":"Rutana - Ra\u0161tin\u0117s reikmenys"},"image":{"@id":"https:\/\/rutana.lt\/#\/schema\/logo\/image\/"},"sameAs":["https:\/\/www.facebook.com\/RutanaKanceliarinesPrekes\/"]}]}},"_links":{"self":[{"href":"https:\/\/rutana.lt\/en\/wp-json\/wp\/v2\/product\/16104","targetHints":{"allow":["GET"]}}],"collection":[{"href":"https:\/\/rutana.lt\/en\/wp-json\/wp\/v2\/product"}],"about":[{"href":"https:\/\/rutana.lt\/en\/wp-json\/wp\/v2\/types\/product"}],"replies":[{"embeddable":true,"href":"https:\/\/rutana.lt\/en\/wp-json\/wp\/v2\/comments?post=16104"}],"version-history":[{"count":1,"href":"https:\/\/rutana.lt\/en\/wp-json\/wp\/v2\/product\/16104\/revisions"}],"predecessor-version":[{"id":16152,"href":"https:\/\/rutana.lt\/en\/wp-json\/wp\/v2\/product\/16104\/revisions\/16152"}],"wp:featuredmedia":[{"embeddable":true,"href":"https:\/\/rutana.lt\/en\/wp-json\/wp\/v2\/media\/28972"}],"wp:attachment":[{"href":"https:\/\/rutana.lt\/en\/wp-json\/wp\/v2\/media?parent=16104"}],"wp:term":[{"taxonomy":"product_brand","embeddable":true,"href":"https:\/\/rutana.lt\/en\/wp-json\/wp\/v2\/product_brand?post=16104"},{"taxonomy":"product_cat","embeddable":true,"href":"https:\/\/rutana.lt\/en\/wp-json\/wp\/v2\/product_cat?post=16104"},{"taxonomy":"product_tag","embeddable":true,"href":"https:\/\/rutana.lt\/en\/wp-json\/wp\/v2\/product_tag?post=16104"}],"curies":[{"name":"wp","href":"https:\/\/api.w.org\/{rel}","templated":true}]}}