{"id":16102,"date":"2025-09-03T09:43:39","date_gmt":"2025-09-03T07:43:39","guid":{"rendered":"https:\/\/rutana.webdemo.lt\/?post_type=product&#038;p=16102"},"modified":"2025-10-13T15:50:31","modified_gmt":"2025-10-13T13:50:31","slug":"zoleliu-arbata-siltas-prisiminimas-22-vnt-etno","status":"publish","type":"product","link":"https:\/\/rutana.lt\/en\/product\/zoleliu-arbata-siltas-prisiminimas-22-vnt-etno\/","title":{"rendered":"\u017doleli\u0173 arbata &#8222;\u0160iltas prisiminimas&#8221; 22 vnt. Etno"},"content":{"rendered":"<p class=\"MsoNormal\"><span style=\"text-align: justify;\">Gurk\u0161nis malonaus skonio arbatos primins mielus ir nostalgi\u0161kus i\u0161gyvenimus. Aromatingosios ramun\u0117l\u0117s, \u010diobreliai ir pipirm\u0117t\u0117s suteikia \u017evalumo. Augaliniai arbatos komponentai pasi\u017eymi ypatinga skonio gama.<\/span><\/p>\n<p class=\"MsoNormal\"><span style=\"text-align: justify;\">Sud\u0117tis: r<\/span><span style=\"text-align: justify;\">amun\u0117li\u0173 \u017eiedai &#8211; 40 %, <\/span><span style=\"text-align: justify;\">\u010diobreli\u0173 \u017eol\u0117 &#8211; 40 %, <\/span><span style=\"text-align: justify;\">pipirm\u0117\u010di\u0173 lapai &#8211; 20 %.<\/span><\/p>\n<p class=\"MsoNormal\">Kiekis: 22 vnt. x 1.5 g<\/p>\n<p class=\"MsoNormal\">Kilm\u0117s \u0161alis: Lietuva<\/p>\n<p class=\"MsoNormal\"><span lang=\"EN-GB\"><o:p><br \/><\/o:p><\/span><\/p>\n<p class=\"MsoNormal\"><\/p>","protected":false},"excerpt":{"rendered":"<p>Gurk\u0161nis malonaus skonio arbatos primins mielus ir nostalgi\u0161kus i\u0161gyvenimus. Aromatingosios ramun\u0117l\u0117s, \u010diobreliai ir pipirm\u0117t\u0117s suteikia \u017evalumo. Augaliniai arbatos komponentai pasi\u017eymi ypatinga skonio gama. Sud\u0117tis: ramun\u0117li\u0173 \u017eiedai &#8211; 40 %, \u010diobreli\u0173 \u017eol\u0117 &#8211; 40 %, pipirm\u0117\u010di\u0173 lapai &#8211; 20 %. Kiekis: 22 vnt. x 1.5 g Kilm\u0117s \u0161alis: Lietuva<\/p>","protected":false},"featured_media":28970,"comment_status":"open","ping_status":"closed","template":"","meta":{"_season_start":"","_season_end":"","_season_days":"","_season_months":"","_season_auto_visibility":""},"product_brand":[697],"product_cat":[1834],"product_tag":[],"class_list":{"0":"post-16102","1":"product","2":"type-product","3":"status-publish","4":"has-post-thumbnail","6":"product_brand-etno","7":"product_cat-arbata-pakelyje-arbata","9":"first","10":"instock","11":"taxable","12":"shipping-taxable","13":"purchasable","14":"product-type-simple"},"yoast_head":"<!-- This site is optimized with the Yoast SEO plugin v27.4 - https:\/\/yoast.com\/product\/yoast-seo-wordpress\/ -->\n<title>\u017doleli\u0173 arbata &quot;\u0160iltas prisiminimas&quot; 22 vnt. Etno - Rutana - Ra\u0161tin\u0117s reikmenys<\/title>\n<meta name=\"robots\" content=\"index, follow, max-snippet:-1, max-image-preview:large, max-video-preview:-1\" \/>\n<link rel=\"canonical\" href=\"https:\/\/rutana.lt\/en\/product\/zoleliu-arbata-siltas-prisiminimas-22-vnt-etno\/\" \/>\n<meta property=\"og:locale\" content=\"en_US\" \/>\n<meta property=\"og:type\" content=\"article\" \/>\n<meta property=\"og:title\" content=\"\u017doleli\u0173 arbata &quot;\u0160iltas prisiminimas&quot; 22 vnt. Etno - Rutana - Ra\u0161tin\u0117s reikmenys\" \/>\n<meta property=\"og:description\" content=\"Gurk\u0161nis malonaus skonio arbatos primins mielus ir nostalgi\u0161kus i\u0161gyvenimus. Aromatingosios ramun\u0117l\u0117s, \u010diobreliai ir pipirm\u0117t\u0117s suteikia \u017evalumo. Augaliniai arbatos komponentai pasi\u017eymi ypatinga skonio gama. Sud\u0117tis: ramun\u0117li\u0173 \u017eiedai &#8211; 40 %, \u010diobreli\u0173 \u017eol\u0117 &#8211; 40 %, pipirm\u0117\u010di\u0173 lapai &#8211; 20 %. Kiekis: 22 vnt. x 1.5 g Kilm\u0117s \u0161alis: Lietuva\" \/>\n<meta property=\"og:url\" content=\"https:\/\/rutana.lt\/en\/product\/zoleliu-arbata-siltas-prisiminimas-22-vnt-etno\/\" \/>\n<meta property=\"og:site_name\" content=\"Rutana - Ra\u0161tin\u0117s reikmenys\" \/>\n<meta property=\"article:publisher\" content=\"https:\/\/www.facebook.com\/RutanaKanceliarinesPrekes\/\" \/>\n<meta property=\"article:modified_time\" content=\"2025-10-13T13:50:31+00:00\" \/>\n<meta property=\"og:image\" content=\"https:\/\/rutana.lt\/wp-content\/uploads\/2025\/09\/B091-377.jpg\" \/>\n\t<meta property=\"og:image:width\" content=\"581\" \/>\n\t<meta property=\"og:image:height\" content=\"626\" \/>\n\t<meta property=\"og:image:type\" content=\"image\/jpeg\" \/>\n<meta name=\"twitter:card\" content=\"summary_large_image\" \/>\n<script type=\"application\/ld+json\" class=\"yoast-schema-graph\">{\"@context\":\"https:\\\/\\\/schema.org\",\"@graph\":[{\"@type\":\"WebPage\",\"@id\":\"https:\\\/\\\/rutana.lt\\\/produktas\\\/zoleliu-arbata-siltas-prisiminimas-22-vnt-etno\\\/\",\"url\":\"https:\\\/\\\/rutana.lt\\\/produktas\\\/zoleliu-arbata-siltas-prisiminimas-22-vnt-etno\\\/\",\"name\":\"\u017doleli\u0173 arbata \\\"\u0160iltas prisiminimas\\\" 22 vnt. Etno - Rutana - Ra\u0161tin\u0117s reikmenys\",\"isPartOf\":{\"@id\":\"https:\\\/\\\/rutana.lt\\\/#website\"},\"primaryImageOfPage\":{\"@id\":\"https:\\\/\\\/rutana.lt\\\/produktas\\\/zoleliu-arbata-siltas-prisiminimas-22-vnt-etno\\\/#primaryimage\"},\"image\":{\"@id\":\"https:\\\/\\\/rutana.lt\\\/produktas\\\/zoleliu-arbata-siltas-prisiminimas-22-vnt-etno\\\/#primaryimage\"},\"thumbnailUrl\":\"https:\\\/\\\/rutana.lt\\\/wp-content\\\/uploads\\\/2025\\\/09\\\/B091-377-1.jpg?v=1763565513\",\"datePublished\":\"2025-09-03T07:43:39+00:00\",\"dateModified\":\"2025-10-13T13:50:31+00:00\",\"breadcrumb\":{\"@id\":\"https:\\\/\\\/rutana.lt\\\/produktas\\\/zoleliu-arbata-siltas-prisiminimas-22-vnt-etno\\\/#breadcrumb\"},\"inLanguage\":\"en-US\",\"potentialAction\":[{\"@type\":\"ReadAction\",\"target\":[\"https:\\\/\\\/rutana.lt\\\/produktas\\\/zoleliu-arbata-siltas-prisiminimas-22-vnt-etno\\\/\"]}]},{\"@type\":\"ImageObject\",\"inLanguage\":\"en-US\",\"@id\":\"https:\\\/\\\/rutana.lt\\\/produktas\\\/zoleliu-arbata-siltas-prisiminimas-22-vnt-etno\\\/#primaryimage\",\"url\":\"https:\\\/\\\/rutana.lt\\\/wp-content\\\/uploads\\\/2025\\\/09\\\/B091-377-1.jpg?v=1763565513\",\"contentUrl\":\"https:\\\/\\\/rutana.lt\\\/wp-content\\\/uploads\\\/2025\\\/09\\\/B091-377-1.jpg?v=1763565513\",\"width\":581,\"height\":626},{\"@type\":\"BreadcrumbList\",\"@id\":\"https:\\\/\\\/rutana.lt\\\/produktas\\\/zoleliu-arbata-siltas-prisiminimas-22-vnt-etno\\\/#breadcrumb\",\"itemListElement\":[{\"@type\":\"ListItem\",\"position\":1,\"name\":\"Home\",\"item\":\"https:\\\/\\\/rutana.lt\\\/\"},{\"@type\":\"ListItem\",\"position\":2,\"name\":\"Parduotuv\u0117\",\"item\":\"https:\\\/\\\/rutana.lt\\\/parduotuve\\\/\"},{\"@type\":\"ListItem\",\"position\":3,\"name\":\"\u017doleli\u0173 arbata &#8222;\u0160iltas prisiminimas&#8221; 22 vnt. Etno\"}]},{\"@type\":\"WebSite\",\"@id\":\"https:\\\/\\\/rutana.lt\\\/#website\",\"url\":\"https:\\\/\\\/rutana.lt\\\/\",\"name\":\"Rutana - Ra\u0161tin\u0117s reikmenys\",\"description\":\"Prekiaujame pasaulin\u0117je rinkoje pripa\u017eintomis, kokybi\u0161komis biuro prek\u0117mis toki\u0173  gamintoj\u0173 kaip: Schneider, Esselte, Novus, 3M, Faber-Castell, Citizen, Milan, Leitz, Colop, Zebra, Staedtler, Durable, Tork, Parker, Waterman ir kt.\",\"publisher\":{\"@id\":\"https:\\\/\\\/rutana.lt\\\/#organization\"},\"potentialAction\":[{\"@type\":\"SearchAction\",\"target\":{\"@type\":\"EntryPoint\",\"urlTemplate\":\"https:\\\/\\\/rutana.lt\\\/?s={search_term_string}\"},\"query-input\":{\"@type\":\"PropertyValueSpecification\",\"valueRequired\":true,\"valueName\":\"search_term_string\"}}],\"inLanguage\":\"en-US\"},{\"@type\":\"Organization\",\"@id\":\"https:\\\/\\\/rutana.lt\\\/#organization\",\"name\":\"Rutana - Ra\u0161tin\u0117s reikmenys\",\"url\":\"https:\\\/\\\/rutana.lt\\\/\",\"logo\":{\"@type\":\"ImageObject\",\"inLanguage\":\"en-US\",\"@id\":\"https:\\\/\\\/rutana.lt\\\/#\\\/schema\\\/logo\\\/image\\\/\",\"url\":\"https:\\\/\\\/rutana.lt\\\/wp-content\\\/uploads\\\/2025\\\/10\\\/Asset-32.png\",\"contentUrl\":\"https:\\\/\\\/rutana.lt\\\/wp-content\\\/uploads\\\/2025\\\/10\\\/Asset-32.png\",\"width\":433,\"height\":119,\"caption\":\"Rutana - Ra\u0161tin\u0117s reikmenys\"},\"image\":{\"@id\":\"https:\\\/\\\/rutana.lt\\\/#\\\/schema\\\/logo\\\/image\\\/\"},\"sameAs\":[\"https:\\\/\\\/www.facebook.com\\\/RutanaKanceliarinesPrekes\\\/\"]}]}<\/script>\n<!-- \/ Yoast SEO plugin. -->","yoast_head_json":{"title":"\u017doleli\u0173 arbata \"\u0160iltas prisiminimas\" 22 vnt. Etno - Rutana - Ra\u0161tin\u0117s reikmenys","robots":{"index":"index","follow":"follow","max-snippet":"max-snippet:-1","max-image-preview":"max-image-preview:large","max-video-preview":"max-video-preview:-1"},"canonical":"https:\/\/rutana.lt\/en\/product\/zoleliu-arbata-siltas-prisiminimas-22-vnt-etno\/","og_locale":"en_US","og_type":"article","og_title":"\u017doleli\u0173 arbata \"\u0160iltas prisiminimas\" 22 vnt. Etno - Rutana - Ra\u0161tin\u0117s reikmenys","og_description":"Gurk\u0161nis malonaus skonio arbatos primins mielus ir nostalgi\u0161kus i\u0161gyvenimus. Aromatingosios ramun\u0117l\u0117s, \u010diobreliai ir pipirm\u0117t\u0117s suteikia \u017evalumo. Augaliniai arbatos komponentai pasi\u017eymi ypatinga skonio gama. Sud\u0117tis: ramun\u0117li\u0173 \u017eiedai &#8211; 40 %, \u010diobreli\u0173 \u017eol\u0117 &#8211; 40 %, pipirm\u0117\u010di\u0173 lapai &#8211; 20 %. Kiekis: 22 vnt. x 1.5 g Kilm\u0117s \u0161alis: Lietuva","og_url":"https:\/\/rutana.lt\/en\/product\/zoleliu-arbata-siltas-prisiminimas-22-vnt-etno\/","og_site_name":"Rutana - Ra\u0161tin\u0117s reikmenys","article_publisher":"https:\/\/www.facebook.com\/RutanaKanceliarinesPrekes\/","article_modified_time":"2025-10-13T13:50:31+00:00","og_image":[{"width":581,"height":626,"url":"https:\/\/rutana.lt\/wp-content\/uploads\/2025\/09\/B091-377.jpg","type":"image\/jpeg"}],"twitter_card":"summary_large_image","schema":{"@context":"https:\/\/schema.org","@graph":[{"@type":"WebPage","@id":"https:\/\/rutana.lt\/produktas\/zoleliu-arbata-siltas-prisiminimas-22-vnt-etno\/","url":"https:\/\/rutana.lt\/produktas\/zoleliu-arbata-siltas-prisiminimas-22-vnt-etno\/","name":"\u017doleli\u0173 arbata \"\u0160iltas prisiminimas\" 22 vnt. Etno - Rutana - Ra\u0161tin\u0117s reikmenys","isPartOf":{"@id":"https:\/\/rutana.lt\/#website"},"primaryImageOfPage":{"@id":"https:\/\/rutana.lt\/produktas\/zoleliu-arbata-siltas-prisiminimas-22-vnt-etno\/#primaryimage"},"image":{"@id":"https:\/\/rutana.lt\/produktas\/zoleliu-arbata-siltas-prisiminimas-22-vnt-etno\/#primaryimage"},"thumbnailUrl":"https:\/\/rutana.lt\/wp-content\/uploads\/2025\/09\/B091-377-1.jpg?v=1763565513","datePublished":"2025-09-03T07:43:39+00:00","dateModified":"2025-10-13T13:50:31+00:00","breadcrumb":{"@id":"https:\/\/rutana.lt\/produktas\/zoleliu-arbata-siltas-prisiminimas-22-vnt-etno\/#breadcrumb"},"inLanguage":"en-US","potentialAction":[{"@type":"ReadAction","target":["https:\/\/rutana.lt\/produktas\/zoleliu-arbata-siltas-prisiminimas-22-vnt-etno\/"]}]},{"@type":"ImageObject","inLanguage":"en-US","@id":"https:\/\/rutana.lt\/produktas\/zoleliu-arbata-siltas-prisiminimas-22-vnt-etno\/#primaryimage","url":"https:\/\/rutana.lt\/wp-content\/uploads\/2025\/09\/B091-377-1.jpg?v=1763565513","contentUrl":"https:\/\/rutana.lt\/wp-content\/uploads\/2025\/09\/B091-377-1.jpg?v=1763565513","width":581,"height":626},{"@type":"BreadcrumbList","@id":"https:\/\/rutana.lt\/produktas\/zoleliu-arbata-siltas-prisiminimas-22-vnt-etno\/#breadcrumb","itemListElement":[{"@type":"ListItem","position":1,"name":"Home","item":"https:\/\/rutana.lt\/"},{"@type":"ListItem","position":2,"name":"Parduotuv\u0117","item":"https:\/\/rutana.lt\/parduotuve\/"},{"@type":"ListItem","position":3,"name":"\u017doleli\u0173 arbata &#8222;\u0160iltas prisiminimas&#8221; 22 vnt. Etno"}]},{"@type":"WebSite","@id":"https:\/\/rutana.lt\/#website","url":"https:\/\/rutana.lt\/","name":"Rutana - Ra\u0161tin\u0117s reikmenys","description":"Prekiaujame pasaulin\u0117je rinkoje pripa\u017eintomis, kokybi\u0161komis biuro prek\u0117mis toki\u0173  gamintoj\u0173 kaip: Schneider, Esselte, Novus, 3M, Faber-Castell, Citizen, Milan, Leitz, Colop, Zebra, Staedtler, Durable, Tork, Parker, Waterman ir kt.","publisher":{"@id":"https:\/\/rutana.lt\/#organization"},"potentialAction":[{"@type":"SearchAction","target":{"@type":"EntryPoint","urlTemplate":"https:\/\/rutana.lt\/?s={search_term_string}"},"query-input":{"@type":"PropertyValueSpecification","valueRequired":true,"valueName":"search_term_string"}}],"inLanguage":"en-US"},{"@type":"Organization","@id":"https:\/\/rutana.lt\/#organization","name":"Rutana - Ra\u0161tin\u0117s reikmenys","url":"https:\/\/rutana.lt\/","logo":{"@type":"ImageObject","inLanguage":"en-US","@id":"https:\/\/rutana.lt\/#\/schema\/logo\/image\/","url":"https:\/\/rutana.lt\/wp-content\/uploads\/2025\/10\/Asset-32.png","contentUrl":"https:\/\/rutana.lt\/wp-content\/uploads\/2025\/10\/Asset-32.png","width":433,"height":119,"caption":"Rutana - Ra\u0161tin\u0117s reikmenys"},"image":{"@id":"https:\/\/rutana.lt\/#\/schema\/logo\/image\/"},"sameAs":["https:\/\/www.facebook.com\/RutanaKanceliarinesPrekes\/"]}]}},"_links":{"self":[{"href":"https:\/\/rutana.lt\/en\/wp-json\/wp\/v2\/product\/16102","targetHints":{"allow":["GET"]}}],"collection":[{"href":"https:\/\/rutana.lt\/en\/wp-json\/wp\/v2\/product"}],"about":[{"href":"https:\/\/rutana.lt\/en\/wp-json\/wp\/v2\/types\/product"}],"replies":[{"embeddable":true,"href":"https:\/\/rutana.lt\/en\/wp-json\/wp\/v2\/comments?post=16102"}],"version-history":[{"count":1,"href":"https:\/\/rutana.lt\/en\/wp-json\/wp\/v2\/product\/16102\/revisions"}],"predecessor-version":[{"id":16148,"href":"https:\/\/rutana.lt\/en\/wp-json\/wp\/v2\/product\/16102\/revisions\/16148"}],"wp:featuredmedia":[{"embeddable":true,"href":"https:\/\/rutana.lt\/en\/wp-json\/wp\/v2\/media\/28970"}],"wp:attachment":[{"href":"https:\/\/rutana.lt\/en\/wp-json\/wp\/v2\/media?parent=16102"}],"wp:term":[{"taxonomy":"product_brand","embeddable":true,"href":"https:\/\/rutana.lt\/en\/wp-json\/wp\/v2\/product_brand?post=16102"},{"taxonomy":"product_cat","embeddable":true,"href":"https:\/\/rutana.lt\/en\/wp-json\/wp\/v2\/product_cat?post=16102"},{"taxonomy":"product_tag","embeddable":true,"href":"https:\/\/rutana.lt\/en\/wp-json\/wp\/v2\/product_tag?post=16102"}],"curies":[{"name":"wp","href":"https:\/\/api.w.org\/{rel}","templated":true}]}}