{"id":16044,"date":"2025-09-03T09:43:16","date_gmt":"2025-09-03T07:43:16","guid":{"rendered":"https:\/\/rutana.webdemo.lt\/?post_type=product&#038;p=16044"},"modified":"2025-10-13T15:50:23","modified_gmt":"2025-10-13T13:50:23","slug":"automatinis-gelio-rasiklis-energel-x-0-7mm-raudonas-pentel-bl107","status":"publish","type":"product","link":"https:\/\/rutana.lt\/en\/product\/automatinis-gelio-rasiklis-energel-x-0-7mm-raudonas-pentel-bl107\/","title":{"rendered":"Automatinis gelio ra\u0161iklis Energel X 0.7mm raudonas Pentel BL107"},"content":{"rendered":"<p>D\u0117l savo ma\u017eo klampumo, skysto gelio ra\u0161alo EnerGel formul\u0117 leid\u017eia jam tek\u0117ti skland\u017eiau ir grei\u010diau d\u017ei\u016bsta nei \u012fprastas gelio ra\u0161alas, tod\u0117l poj\u016btis pana\u0161us \u012f skysto ra\u0161alo poj\u016bt\u012f. Kadangi ra\u0161alas greitai d\u017ei\u016bsta, j\u012f ypa\u010d vertina kairiarankiai, taip pat tie, kurie yra de\u0161iniarankiai, nes yra ma\u017eesn\u0117 rizika, kad ra\u0161alas suteps rankas, nety\u010dia perbraukus per para\u0161yt\u0105 tekst\u0105. \u0160tai kod\u0117l \u201eEnerGel\u201c produkt\u0173 \u0161eima suteikia jums geriausi\u0105 ra\u0161ymo patirt\u012f!<\/p>\n<p>Automatinis EnerGel ra\u0161iklis idealiai tinka kasdieniam naudojimui. Skaidrus korpusas, leid\u017eiantis lengvai matyti likusio ra\u0161alo kiek\u012f. Mink\u0161ta laikymo zona be latekso \u2013 patogi ir paprasta naudoti vis\u0105 dien\u0105. Pagamintas i\u0161 84 % perdirbt\u0173 med\u017eiag\u0173. Kei\u010diama \u0161erdel\u0117, kodu LR7.<\/p>\n<p>\u0160erdel\u0117s galvut\u0117s storis: 0.7 mm<\/p>\n<p>Br\u0117\u017eiamos linijos storis: 0.35 mm<\/p>\n<p>Tu\u0161o spalva: raudona <\/p>\n<p>Kilm\u0117s \u0161alis: Japonija <\/p>\n<\/p>\n<p><iframe src=\"\/\/www.youtube.com\/embed\/gG_LtnEXvh4\" width=\"640\" height=\"360\" frameborder=\"0\"><\/iframe><\/p>\n<p><\/p>\n<p><\/p>","protected":false},"excerpt":{"rendered":"<p>D\u0117l savo ma\u017eo klampumo, skysto gelio ra\u0161alo EnerGel formul\u0117 leid\u017eia jam tek\u0117ti skland\u017eiau ir grei\u010diau d\u017ei\u016bsta nei \u012fprastas gelio ra\u0161alas, tod\u0117l poj\u016btis pana\u0161us \u012f skysto ra\u0161alo poj\u016bt\u012f. Kadangi ra\u0161alas greitai d\u017ei\u016bsta, j\u012f ypa\u010d vertina kairiarankiai, taip pat tie, kurie yra de\u0161iniarankiai, nes yra ma\u017eesn\u0117 rizika, kad ra\u0161alas suteps rankas, nety\u010dia perbraukus per para\u0161yt\u0105 tekst\u0105. \u0160tai [&hellip;]<\/p>","protected":false},"featured_media":28952,"comment_status":"open","ping_status":"closed","template":"","meta":{"_season_start":"","_season_end":"","_season_days":"","_season_months":"","_season_auto_visibility":""},"product_brand":[576],"product_cat":[1747],"product_tag":[],"class_list":{"0":"post-16044","1":"product","2":"type-product","3":"status-publish","4":"has-post-thumbnail","6":"product_brand-pentel","7":"product_cat-geliniai-rasikliai","9":"first","10":"instock","11":"taxable","12":"shipping-taxable","13":"purchasable","14":"product-type-simple"},"yoast_head":"<!-- This site is optimized with the Yoast SEO plugin v27.4 - https:\/\/yoast.com\/product\/yoast-seo-wordpress\/ -->\n<title>Automatinis gelio ra\u0161iklis Energel X 0.7mm raudonas Pentel BL107 - Rutana - Ra\u0161tin\u0117s reikmenys<\/title>\n<meta name=\"robots\" content=\"index, follow, max-snippet:-1, max-image-preview:large, max-video-preview:-1\" \/>\n<link rel=\"canonical\" href=\"https:\/\/rutana.lt\/en\/product\/automatinis-gelio-rasiklis-energel-x-0-7mm-raudonas-pentel-bl107\/\" \/>\n<meta property=\"og:locale\" content=\"en_US\" \/>\n<meta property=\"og:type\" content=\"article\" \/>\n<meta property=\"og:title\" content=\"Automatinis gelio ra\u0161iklis Energel X 0.7mm raudonas Pentel BL107 - Rutana - Ra\u0161tin\u0117s reikmenys\" \/>\n<meta property=\"og:description\" content=\"D\u0117l savo ma\u017eo klampumo, skysto gelio ra\u0161alo EnerGel formul\u0117 leid\u017eia jam tek\u0117ti skland\u017eiau ir grei\u010diau d\u017ei\u016bsta nei \u012fprastas gelio ra\u0161alas, tod\u0117l poj\u016btis pana\u0161us \u012f skysto ra\u0161alo poj\u016bt\u012f. Kadangi ra\u0161alas greitai d\u017ei\u016bsta, j\u012f ypa\u010d vertina kairiarankiai, taip pat tie, kurie yra de\u0161iniarankiai, nes yra ma\u017eesn\u0117 rizika, kad ra\u0161alas suteps rankas, nety\u010dia perbraukus per para\u0161yt\u0105 tekst\u0105. \u0160tai [&hellip;]\" \/>\n<meta property=\"og:url\" content=\"https:\/\/rutana.lt\/en\/product\/automatinis-gelio-rasiklis-energel-x-0-7mm-raudonas-pentel-bl107\/\" \/>\n<meta property=\"og:site_name\" content=\"Rutana - Ra\u0161tin\u0117s reikmenys\" \/>\n<meta property=\"article:publisher\" content=\"https:\/\/www.facebook.com\/RutanaKanceliarinesPrekes\/\" \/>\n<meta property=\"article:modified_time\" content=\"2025-10-13T13:50:23+00:00\" \/>\n<meta property=\"og:image\" content=\"https:\/\/rutana.lt\/wp-content\/uploads\/2025\/09\/C042-276.jpg\" \/>\n\t<meta property=\"og:image:width\" content=\"600\" \/>\n\t<meta property=\"og:image:height\" content=\"600\" \/>\n\t<meta property=\"og:image:type\" content=\"image\/jpeg\" \/>\n<meta name=\"twitter:card\" content=\"summary_large_image\" \/>\n<meta name=\"twitter:label1\" content=\"Est. reading time\" \/>\n\t<meta name=\"twitter:data1\" content=\"1 minute\" \/>\n<script type=\"application\/ld+json\" class=\"yoast-schema-graph\">{\"@context\":\"https:\\\/\\\/schema.org\",\"@graph\":[{\"@type\":\"WebPage\",\"@id\":\"https:\\\/\\\/rutana.lt\\\/produktas\\\/automatinis-gelio-rasiklis-energel-x-0-7mm-raudonas-pentel-bl107\\\/\",\"url\":\"https:\\\/\\\/rutana.lt\\\/produktas\\\/automatinis-gelio-rasiklis-energel-x-0-7mm-raudonas-pentel-bl107\\\/\",\"name\":\"Automatinis gelio ra\u0161iklis Energel X 0.7mm raudonas Pentel BL107 - Rutana - Ra\u0161tin\u0117s reikmenys\",\"isPartOf\":{\"@id\":\"https:\\\/\\\/rutana.lt\\\/#website\"},\"primaryImageOfPage\":{\"@id\":\"https:\\\/\\\/rutana.lt\\\/produktas\\\/automatinis-gelio-rasiklis-energel-x-0-7mm-raudonas-pentel-bl107\\\/#primaryimage\"},\"image\":{\"@id\":\"https:\\\/\\\/rutana.lt\\\/produktas\\\/automatinis-gelio-rasiklis-energel-x-0-7mm-raudonas-pentel-bl107\\\/#primaryimage\"},\"thumbnailUrl\":\"https:\\\/\\\/rutana.lt\\\/wp-content\\\/uploads\\\/2025\\\/09\\\/C042-276-1.jpg?v=1763565536\",\"datePublished\":\"2025-09-03T07:43:16+00:00\",\"dateModified\":\"2025-10-13T13:50:23+00:00\",\"breadcrumb\":{\"@id\":\"https:\\\/\\\/rutana.lt\\\/produktas\\\/automatinis-gelio-rasiklis-energel-x-0-7mm-raudonas-pentel-bl107\\\/#breadcrumb\"},\"inLanguage\":\"en-US\",\"potentialAction\":[{\"@type\":\"ReadAction\",\"target\":[\"https:\\\/\\\/rutana.lt\\\/produktas\\\/automatinis-gelio-rasiklis-energel-x-0-7mm-raudonas-pentel-bl107\\\/\"]}]},{\"@type\":\"ImageObject\",\"inLanguage\":\"en-US\",\"@id\":\"https:\\\/\\\/rutana.lt\\\/produktas\\\/automatinis-gelio-rasiklis-energel-x-0-7mm-raudonas-pentel-bl107\\\/#primaryimage\",\"url\":\"https:\\\/\\\/rutana.lt\\\/wp-content\\\/uploads\\\/2025\\\/09\\\/C042-276-1.jpg?v=1763565536\",\"contentUrl\":\"https:\\\/\\\/rutana.lt\\\/wp-content\\\/uploads\\\/2025\\\/09\\\/C042-276-1.jpg?v=1763565536\",\"width\":600,\"height\":600},{\"@type\":\"BreadcrumbList\",\"@id\":\"https:\\\/\\\/rutana.lt\\\/produktas\\\/automatinis-gelio-rasiklis-energel-x-0-7mm-raudonas-pentel-bl107\\\/#breadcrumb\",\"itemListElement\":[{\"@type\":\"ListItem\",\"position\":1,\"name\":\"Home\",\"item\":\"https:\\\/\\\/rutana.lt\\\/\"},{\"@type\":\"ListItem\",\"position\":2,\"name\":\"Parduotuv\u0117\",\"item\":\"https:\\\/\\\/rutana.lt\\\/parduotuve\\\/\"},{\"@type\":\"ListItem\",\"position\":3,\"name\":\"Automatinis gelio ra\u0161iklis Energel X 0.7mm raudonas Pentel BL107\"}]},{\"@type\":\"WebSite\",\"@id\":\"https:\\\/\\\/rutana.lt\\\/#website\",\"url\":\"https:\\\/\\\/rutana.lt\\\/\",\"name\":\"Rutana - Ra\u0161tin\u0117s reikmenys\",\"description\":\"Prekiaujame pasaulin\u0117je rinkoje pripa\u017eintomis, kokybi\u0161komis biuro prek\u0117mis toki\u0173  gamintoj\u0173 kaip: Schneider, Esselte, Novus, 3M, Faber-Castell, Citizen, Milan, Leitz, Colop, Zebra, Staedtler, Durable, Tork, Parker, Waterman ir kt.\",\"publisher\":{\"@id\":\"https:\\\/\\\/rutana.lt\\\/#organization\"},\"potentialAction\":[{\"@type\":\"SearchAction\",\"target\":{\"@type\":\"EntryPoint\",\"urlTemplate\":\"https:\\\/\\\/rutana.lt\\\/?s={search_term_string}\"},\"query-input\":{\"@type\":\"PropertyValueSpecification\",\"valueRequired\":true,\"valueName\":\"search_term_string\"}}],\"inLanguage\":\"en-US\"},{\"@type\":\"Organization\",\"@id\":\"https:\\\/\\\/rutana.lt\\\/#organization\",\"name\":\"Rutana - Ra\u0161tin\u0117s reikmenys\",\"url\":\"https:\\\/\\\/rutana.lt\\\/\",\"logo\":{\"@type\":\"ImageObject\",\"inLanguage\":\"en-US\",\"@id\":\"https:\\\/\\\/rutana.lt\\\/#\\\/schema\\\/logo\\\/image\\\/\",\"url\":\"https:\\\/\\\/rutana.lt\\\/wp-content\\\/uploads\\\/2025\\\/10\\\/Asset-32.png\",\"contentUrl\":\"https:\\\/\\\/rutana.lt\\\/wp-content\\\/uploads\\\/2025\\\/10\\\/Asset-32.png\",\"width\":433,\"height\":119,\"caption\":\"Rutana - Ra\u0161tin\u0117s reikmenys\"},\"image\":{\"@id\":\"https:\\\/\\\/rutana.lt\\\/#\\\/schema\\\/logo\\\/image\\\/\"},\"sameAs\":[\"https:\\\/\\\/www.facebook.com\\\/RutanaKanceliarinesPrekes\\\/\"]}]}<\/script>\n<!-- \/ Yoast SEO plugin. -->","yoast_head_json":{"title":"Automatinis gelio ra\u0161iklis Energel X 0.7mm raudonas Pentel BL107 - Rutana - Ra\u0161tin\u0117s reikmenys","robots":{"index":"index","follow":"follow","max-snippet":"max-snippet:-1","max-image-preview":"max-image-preview:large","max-video-preview":"max-video-preview:-1"},"canonical":"https:\/\/rutana.lt\/en\/product\/automatinis-gelio-rasiklis-energel-x-0-7mm-raudonas-pentel-bl107\/","og_locale":"en_US","og_type":"article","og_title":"Automatinis gelio ra\u0161iklis Energel X 0.7mm raudonas Pentel BL107 - Rutana - Ra\u0161tin\u0117s reikmenys","og_description":"D\u0117l savo ma\u017eo klampumo, skysto gelio ra\u0161alo EnerGel formul\u0117 leid\u017eia jam tek\u0117ti skland\u017eiau ir grei\u010diau d\u017ei\u016bsta nei \u012fprastas gelio ra\u0161alas, tod\u0117l poj\u016btis pana\u0161us \u012f skysto ra\u0161alo poj\u016bt\u012f. Kadangi ra\u0161alas greitai d\u017ei\u016bsta, j\u012f ypa\u010d vertina kairiarankiai, taip pat tie, kurie yra de\u0161iniarankiai, nes yra ma\u017eesn\u0117 rizika, kad ra\u0161alas suteps rankas, nety\u010dia perbraukus per para\u0161yt\u0105 tekst\u0105. \u0160tai [&hellip;]","og_url":"https:\/\/rutana.lt\/en\/product\/automatinis-gelio-rasiklis-energel-x-0-7mm-raudonas-pentel-bl107\/","og_site_name":"Rutana - Ra\u0161tin\u0117s reikmenys","article_publisher":"https:\/\/www.facebook.com\/RutanaKanceliarinesPrekes\/","article_modified_time":"2025-10-13T13:50:23+00:00","og_image":[{"width":600,"height":600,"url":"https:\/\/rutana.lt\/wp-content\/uploads\/2025\/09\/C042-276.jpg","type":"image\/jpeg"}],"twitter_card":"summary_large_image","twitter_misc":{"Est. reading time":"1 minute"},"schema":{"@context":"https:\/\/schema.org","@graph":[{"@type":"WebPage","@id":"https:\/\/rutana.lt\/produktas\/automatinis-gelio-rasiklis-energel-x-0-7mm-raudonas-pentel-bl107\/","url":"https:\/\/rutana.lt\/produktas\/automatinis-gelio-rasiklis-energel-x-0-7mm-raudonas-pentel-bl107\/","name":"Automatinis gelio ra\u0161iklis Energel X 0.7mm raudonas Pentel BL107 - Rutana - Ra\u0161tin\u0117s reikmenys","isPartOf":{"@id":"https:\/\/rutana.lt\/#website"},"primaryImageOfPage":{"@id":"https:\/\/rutana.lt\/produktas\/automatinis-gelio-rasiklis-energel-x-0-7mm-raudonas-pentel-bl107\/#primaryimage"},"image":{"@id":"https:\/\/rutana.lt\/produktas\/automatinis-gelio-rasiklis-energel-x-0-7mm-raudonas-pentel-bl107\/#primaryimage"},"thumbnailUrl":"https:\/\/rutana.lt\/wp-content\/uploads\/2025\/09\/C042-276-1.jpg?v=1763565536","datePublished":"2025-09-03T07:43:16+00:00","dateModified":"2025-10-13T13:50:23+00:00","breadcrumb":{"@id":"https:\/\/rutana.lt\/produktas\/automatinis-gelio-rasiklis-energel-x-0-7mm-raudonas-pentel-bl107\/#breadcrumb"},"inLanguage":"en-US","potentialAction":[{"@type":"ReadAction","target":["https:\/\/rutana.lt\/produktas\/automatinis-gelio-rasiklis-energel-x-0-7mm-raudonas-pentel-bl107\/"]}]},{"@type":"ImageObject","inLanguage":"en-US","@id":"https:\/\/rutana.lt\/produktas\/automatinis-gelio-rasiklis-energel-x-0-7mm-raudonas-pentel-bl107\/#primaryimage","url":"https:\/\/rutana.lt\/wp-content\/uploads\/2025\/09\/C042-276-1.jpg?v=1763565536","contentUrl":"https:\/\/rutana.lt\/wp-content\/uploads\/2025\/09\/C042-276-1.jpg?v=1763565536","width":600,"height":600},{"@type":"BreadcrumbList","@id":"https:\/\/rutana.lt\/produktas\/automatinis-gelio-rasiklis-energel-x-0-7mm-raudonas-pentel-bl107\/#breadcrumb","itemListElement":[{"@type":"ListItem","position":1,"name":"Home","item":"https:\/\/rutana.lt\/"},{"@type":"ListItem","position":2,"name":"Parduotuv\u0117","item":"https:\/\/rutana.lt\/parduotuve\/"},{"@type":"ListItem","position":3,"name":"Automatinis gelio ra\u0161iklis Energel X 0.7mm raudonas Pentel BL107"}]},{"@type":"WebSite","@id":"https:\/\/rutana.lt\/#website","url":"https:\/\/rutana.lt\/","name":"Rutana - Ra\u0161tin\u0117s reikmenys","description":"Prekiaujame pasaulin\u0117je rinkoje pripa\u017eintomis, kokybi\u0161komis biuro prek\u0117mis toki\u0173  gamintoj\u0173 kaip: Schneider, Esselte, Novus, 3M, Faber-Castell, Citizen, Milan, Leitz, Colop, Zebra, Staedtler, Durable, Tork, Parker, Waterman ir kt.","publisher":{"@id":"https:\/\/rutana.lt\/#organization"},"potentialAction":[{"@type":"SearchAction","target":{"@type":"EntryPoint","urlTemplate":"https:\/\/rutana.lt\/?s={search_term_string}"},"query-input":{"@type":"PropertyValueSpecification","valueRequired":true,"valueName":"search_term_string"}}],"inLanguage":"en-US"},{"@type":"Organization","@id":"https:\/\/rutana.lt\/#organization","name":"Rutana - Ra\u0161tin\u0117s reikmenys","url":"https:\/\/rutana.lt\/","logo":{"@type":"ImageObject","inLanguage":"en-US","@id":"https:\/\/rutana.lt\/#\/schema\/logo\/image\/","url":"https:\/\/rutana.lt\/wp-content\/uploads\/2025\/10\/Asset-32.png","contentUrl":"https:\/\/rutana.lt\/wp-content\/uploads\/2025\/10\/Asset-32.png","width":433,"height":119,"caption":"Rutana - Ra\u0161tin\u0117s reikmenys"},"image":{"@id":"https:\/\/rutana.lt\/#\/schema\/logo\/image\/"},"sameAs":["https:\/\/www.facebook.com\/RutanaKanceliarinesPrekes\/"]}]}},"_links":{"self":[{"href":"https:\/\/rutana.lt\/en\/wp-json\/wp\/v2\/product\/16044","targetHints":{"allow":["GET"]}}],"collection":[{"href":"https:\/\/rutana.lt\/en\/wp-json\/wp\/v2\/product"}],"about":[{"href":"https:\/\/rutana.lt\/en\/wp-json\/wp\/v2\/types\/product"}],"replies":[{"embeddable":true,"href":"https:\/\/rutana.lt\/en\/wp-json\/wp\/v2\/comments?post=16044"}],"version-history":[{"count":1,"href":"https:\/\/rutana.lt\/en\/wp-json\/wp\/v2\/product\/16044\/revisions"}],"predecessor-version":[{"id":16112,"href":"https:\/\/rutana.lt\/en\/wp-json\/wp\/v2\/product\/16044\/revisions\/16112"}],"wp:featuredmedia":[{"embeddable":true,"href":"https:\/\/rutana.lt\/en\/wp-json\/wp\/v2\/media\/28952"}],"wp:attachment":[{"href":"https:\/\/rutana.lt\/en\/wp-json\/wp\/v2\/media?parent=16044"}],"wp:term":[{"taxonomy":"product_brand","embeddable":true,"href":"https:\/\/rutana.lt\/en\/wp-json\/wp\/v2\/product_brand?post=16044"},{"taxonomy":"product_cat","embeddable":true,"href":"https:\/\/rutana.lt\/en\/wp-json\/wp\/v2\/product_cat?post=16044"},{"taxonomy":"product_tag","embeddable":true,"href":"https:\/\/rutana.lt\/en\/wp-json\/wp\/v2\/product_tag?post=16044"}],"curies":[{"name":"wp","href":"https:\/\/api.w.org\/{rel}","templated":true}]}}