{"id":16034,"date":"2025-09-03T09:43:13","date_gmt":"2025-09-03T07:43:13","guid":{"rendered":"https:\/\/rutana.webdemo.lt\/?post_type=product&#038;p=16034"},"modified":"2026-03-16T09:00:41","modified_gmt":"2026-03-16T07:00:41","slug":"tautinis-kaspinelis-isegamas-hbb","status":"publish","type":"product","link":"https:\/\/rutana.lt\/en\/product\/tautinis-kaspinelis-isegamas-hbb\/","title":{"rendered":"Tautinis kaspin\u0117lis \u012fsegamas HBB"},"content":{"rendered":"<p>Tautinis, trispalvis kaspin\u0117lis pagamintas i\u0161 med\u017eiagos. Pritaikytas segti \u012f drabu\u017eius. Tinkamas naudoti Lietuvos valstyb\u0117s \u0161ventin\u0117ms ar gedulo dienoms pa\u017eym\u0117ti: Sausio 13, Vasario 16, Kovo 11 ir t. t.<\/p>\n<p>Matmenys: 30 x 65 mm<\/p>\n<p>Pagamintas Lietuvoje<\/p>","protected":false},"excerpt":{"rendered":"<p>Tautinis, trispalvis kaspin\u0117lis pagamintas i\u0161 med\u017eiagos. Pritaikytas segti \u012f drabu\u017eius.<\/p>","protected":false},"featured_media":28942,"comment_status":"open","ping_status":"closed","template":"","meta":{"_season_start":"","_season_end":"","_season_days":"","_season_months":"","_season_auto_visibility":"1"},"product_brand":[83],"product_cat":[1656],"product_tag":[],"class_list":{"0":"post-16034","1":"product","2":"type-product","3":"status-publish","4":"has-post-thumbnail","6":"product_brand-null","7":"product_cat-kitos-buities-prekes","9":"first","10":"instock","11":"taxable","12":"shipping-taxable","13":"purchasable","14":"product-type-simple"},"yoast_head":"<!-- This site is optimized with the Yoast SEO plugin v27.4 - https:\/\/yoast.com\/product\/yoast-seo-wordpress\/ -->\n<title>Tautinis kaspin\u0117lis \u012fsegamas HBB - Rutana - Ra\u0161tin\u0117s reikmenys<\/title>\n<meta name=\"robots\" content=\"index, follow, max-snippet:-1, max-image-preview:large, max-video-preview:-1\" \/>\n<link rel=\"canonical\" href=\"https:\/\/rutana.lt\/en\/product\/tautinis-kaspinelis-isegamas-hbb\/\" \/>\n<meta property=\"og:locale\" content=\"en_US\" \/>\n<meta property=\"og:type\" content=\"article\" \/>\n<meta property=\"og:title\" content=\"Tautinis kaspin\u0117lis \u012fsegamas HBB - Rutana - Ra\u0161tin\u0117s reikmenys\" \/>\n<meta property=\"og:description\" content=\"Tautinis, trispalvis kaspin\u0117lis pagamintas i\u0161 med\u017eiagos. Pritaikytas segti \u012f drabu\u017eius.\" \/>\n<meta property=\"og:url\" content=\"https:\/\/rutana.lt\/en\/product\/tautinis-kaspinelis-isegamas-hbb\/\" \/>\n<meta property=\"og:site_name\" content=\"Rutana - Ra\u0161tin\u0117s reikmenys\" \/>\n<meta property=\"article:publisher\" content=\"https:\/\/www.facebook.com\/RutanaKanceliarinesPrekes\/\" \/>\n<meta property=\"article:modified_time\" content=\"2026-03-16T07:00:41+00:00\" \/>\n<meta property=\"og:image\" content=\"https:\/\/rutana.lt\/wp-content\/uploads\/2025\/09\/A095-195-2.jpg?v=1763565553\" \/>\n\t<meta property=\"og:image:width\" content=\"553\" \/>\n\t<meta property=\"og:image:height\" content=\"600\" \/>\n\t<meta property=\"og:image:type\" content=\"image\/jpeg\" \/>\n<meta name=\"twitter:card\" content=\"summary_large_image\" \/>\n<meta name=\"twitter:label1\" content=\"Est. reading time\" \/>\n\t<meta name=\"twitter:data1\" content=\"1 minute\" \/>\n<script type=\"application\/ld+json\" class=\"yoast-schema-graph\">{\"@context\":\"https:\\\/\\\/schema.org\",\"@graph\":[{\"@type\":\"WebPage\",\"@id\":\"https:\\\/\\\/rutana.lt\\\/produktas\\\/tautinis-kaspinelis-isegamas-hbb\\\/\",\"url\":\"https:\\\/\\\/rutana.lt\\\/produktas\\\/tautinis-kaspinelis-isegamas-hbb\\\/\",\"name\":\"Tautinis kaspin\u0117lis \u012fsegamas HBB - Rutana - Ra\u0161tin\u0117s reikmenys\",\"isPartOf\":{\"@id\":\"https:\\\/\\\/rutana.lt\\\/#website\"},\"primaryImageOfPage\":{\"@id\":\"https:\\\/\\\/rutana.lt\\\/produktas\\\/tautinis-kaspinelis-isegamas-hbb\\\/#primaryimage\"},\"image\":{\"@id\":\"https:\\\/\\\/rutana.lt\\\/produktas\\\/tautinis-kaspinelis-isegamas-hbb\\\/#primaryimage\"},\"thumbnailUrl\":\"https:\\\/\\\/rutana.lt\\\/wp-content\\\/uploads\\\/2025\\\/09\\\/A095-195-2.jpg?v=1763565553\",\"datePublished\":\"2025-09-03T07:43:13+00:00\",\"dateModified\":\"2026-03-16T07:00:41+00:00\",\"breadcrumb\":{\"@id\":\"https:\\\/\\\/rutana.lt\\\/produktas\\\/tautinis-kaspinelis-isegamas-hbb\\\/#breadcrumb\"},\"inLanguage\":\"en-US\",\"potentialAction\":[{\"@type\":\"ReadAction\",\"target\":[\"https:\\\/\\\/rutana.lt\\\/produktas\\\/tautinis-kaspinelis-isegamas-hbb\\\/\"]}]},{\"@type\":\"ImageObject\",\"inLanguage\":\"en-US\",\"@id\":\"https:\\\/\\\/rutana.lt\\\/produktas\\\/tautinis-kaspinelis-isegamas-hbb\\\/#primaryimage\",\"url\":\"https:\\\/\\\/rutana.lt\\\/wp-content\\\/uploads\\\/2025\\\/09\\\/A095-195-2.jpg?v=1763565553\",\"contentUrl\":\"https:\\\/\\\/rutana.lt\\\/wp-content\\\/uploads\\\/2025\\\/09\\\/A095-195-2.jpg?v=1763565553\",\"width\":553,\"height\":600},{\"@type\":\"BreadcrumbList\",\"@id\":\"https:\\\/\\\/rutana.lt\\\/produktas\\\/tautinis-kaspinelis-isegamas-hbb\\\/#breadcrumb\",\"itemListElement\":[{\"@type\":\"ListItem\",\"position\":1,\"name\":\"Home\",\"item\":\"https:\\\/\\\/rutana.lt\\\/\"},{\"@type\":\"ListItem\",\"position\":2,\"name\":\"Parduotuv\u0117\",\"item\":\"https:\\\/\\\/rutana.lt\\\/parduotuve\\\/\"},{\"@type\":\"ListItem\",\"position\":3,\"name\":\"Tautinis kaspin\u0117lis \u012fsegamas HBB\"}]},{\"@type\":\"WebSite\",\"@id\":\"https:\\\/\\\/rutana.lt\\\/#website\",\"url\":\"https:\\\/\\\/rutana.lt\\\/\",\"name\":\"Rutana - Ra\u0161tin\u0117s reikmenys\",\"description\":\"Prekiaujame pasaulin\u0117je rinkoje pripa\u017eintomis, kokybi\u0161komis biuro prek\u0117mis toki\u0173  gamintoj\u0173 kaip: Schneider, Esselte, Novus, 3M, Faber-Castell, Citizen, Milan, Leitz, Colop, Zebra, Staedtler, Durable, Tork, Parker, Waterman ir kt.\",\"publisher\":{\"@id\":\"https:\\\/\\\/rutana.lt\\\/#organization\"},\"potentialAction\":[{\"@type\":\"SearchAction\",\"target\":{\"@type\":\"EntryPoint\",\"urlTemplate\":\"https:\\\/\\\/rutana.lt\\\/?s={search_term_string}\"},\"query-input\":{\"@type\":\"PropertyValueSpecification\",\"valueRequired\":true,\"valueName\":\"search_term_string\"}}],\"inLanguage\":\"en-US\"},{\"@type\":\"Organization\",\"@id\":\"https:\\\/\\\/rutana.lt\\\/#organization\",\"name\":\"Rutana - Ra\u0161tin\u0117s reikmenys\",\"url\":\"https:\\\/\\\/rutana.lt\\\/\",\"logo\":{\"@type\":\"ImageObject\",\"inLanguage\":\"en-US\",\"@id\":\"https:\\\/\\\/rutana.lt\\\/#\\\/schema\\\/logo\\\/image\\\/\",\"url\":\"https:\\\/\\\/rutana.lt\\\/wp-content\\\/uploads\\\/2025\\\/10\\\/Asset-32.png\",\"contentUrl\":\"https:\\\/\\\/rutana.lt\\\/wp-content\\\/uploads\\\/2025\\\/10\\\/Asset-32.png\",\"width\":433,\"height\":119,\"caption\":\"Rutana - Ra\u0161tin\u0117s reikmenys\"},\"image\":{\"@id\":\"https:\\\/\\\/rutana.lt\\\/#\\\/schema\\\/logo\\\/image\\\/\"},\"sameAs\":[\"https:\\\/\\\/www.facebook.com\\\/RutanaKanceliarinesPrekes\\\/\"]}]}<\/script>\n<!-- \/ Yoast SEO plugin. -->","yoast_head_json":{"title":"Tautinis kaspin\u0117lis \u012fsegamas HBB - Rutana - Ra\u0161tin\u0117s reikmenys","robots":{"index":"index","follow":"follow","max-snippet":"max-snippet:-1","max-image-preview":"max-image-preview:large","max-video-preview":"max-video-preview:-1"},"canonical":"https:\/\/rutana.lt\/en\/product\/tautinis-kaspinelis-isegamas-hbb\/","og_locale":"en_US","og_type":"article","og_title":"Tautinis kaspin\u0117lis \u012fsegamas HBB - Rutana - Ra\u0161tin\u0117s reikmenys","og_description":"Tautinis, trispalvis kaspin\u0117lis pagamintas i\u0161 med\u017eiagos. Pritaikytas segti \u012f drabu\u017eius.","og_url":"https:\/\/rutana.lt\/en\/product\/tautinis-kaspinelis-isegamas-hbb\/","og_site_name":"Rutana - Ra\u0161tin\u0117s reikmenys","article_publisher":"https:\/\/www.facebook.com\/RutanaKanceliarinesPrekes\/","article_modified_time":"2026-03-16T07:00:41+00:00","og_image":[{"width":553,"height":600,"url":"https:\/\/rutana.lt\/wp-content\/uploads\/2025\/09\/A095-195-2.jpg?v=1763565553","type":"image\/jpeg"}],"twitter_card":"summary_large_image","twitter_misc":{"Est. reading time":"1 minute"},"schema":{"@context":"https:\/\/schema.org","@graph":[{"@type":"WebPage","@id":"https:\/\/rutana.lt\/produktas\/tautinis-kaspinelis-isegamas-hbb\/","url":"https:\/\/rutana.lt\/produktas\/tautinis-kaspinelis-isegamas-hbb\/","name":"Tautinis kaspin\u0117lis \u012fsegamas HBB - Rutana - Ra\u0161tin\u0117s reikmenys","isPartOf":{"@id":"https:\/\/rutana.lt\/#website"},"primaryImageOfPage":{"@id":"https:\/\/rutana.lt\/produktas\/tautinis-kaspinelis-isegamas-hbb\/#primaryimage"},"image":{"@id":"https:\/\/rutana.lt\/produktas\/tautinis-kaspinelis-isegamas-hbb\/#primaryimage"},"thumbnailUrl":"https:\/\/rutana.lt\/wp-content\/uploads\/2025\/09\/A095-195-2.jpg?v=1763565553","datePublished":"2025-09-03T07:43:13+00:00","dateModified":"2026-03-16T07:00:41+00:00","breadcrumb":{"@id":"https:\/\/rutana.lt\/produktas\/tautinis-kaspinelis-isegamas-hbb\/#breadcrumb"},"inLanguage":"en-US","potentialAction":[{"@type":"ReadAction","target":["https:\/\/rutana.lt\/produktas\/tautinis-kaspinelis-isegamas-hbb\/"]}]},{"@type":"ImageObject","inLanguage":"en-US","@id":"https:\/\/rutana.lt\/produktas\/tautinis-kaspinelis-isegamas-hbb\/#primaryimage","url":"https:\/\/rutana.lt\/wp-content\/uploads\/2025\/09\/A095-195-2.jpg?v=1763565553","contentUrl":"https:\/\/rutana.lt\/wp-content\/uploads\/2025\/09\/A095-195-2.jpg?v=1763565553","width":553,"height":600},{"@type":"BreadcrumbList","@id":"https:\/\/rutana.lt\/produktas\/tautinis-kaspinelis-isegamas-hbb\/#breadcrumb","itemListElement":[{"@type":"ListItem","position":1,"name":"Home","item":"https:\/\/rutana.lt\/"},{"@type":"ListItem","position":2,"name":"Parduotuv\u0117","item":"https:\/\/rutana.lt\/parduotuve\/"},{"@type":"ListItem","position":3,"name":"Tautinis kaspin\u0117lis \u012fsegamas HBB"}]},{"@type":"WebSite","@id":"https:\/\/rutana.lt\/#website","url":"https:\/\/rutana.lt\/","name":"Rutana - Ra\u0161tin\u0117s reikmenys","description":"Prekiaujame pasaulin\u0117je rinkoje pripa\u017eintomis, kokybi\u0161komis biuro prek\u0117mis toki\u0173  gamintoj\u0173 kaip: Schneider, Esselte, Novus, 3M, Faber-Castell, Citizen, Milan, Leitz, Colop, Zebra, Staedtler, Durable, Tork, Parker, Waterman ir kt.","publisher":{"@id":"https:\/\/rutana.lt\/#organization"},"potentialAction":[{"@type":"SearchAction","target":{"@type":"EntryPoint","urlTemplate":"https:\/\/rutana.lt\/?s={search_term_string}"},"query-input":{"@type":"PropertyValueSpecification","valueRequired":true,"valueName":"search_term_string"}}],"inLanguage":"en-US"},{"@type":"Organization","@id":"https:\/\/rutana.lt\/#organization","name":"Rutana - Ra\u0161tin\u0117s reikmenys","url":"https:\/\/rutana.lt\/","logo":{"@type":"ImageObject","inLanguage":"en-US","@id":"https:\/\/rutana.lt\/#\/schema\/logo\/image\/","url":"https:\/\/rutana.lt\/wp-content\/uploads\/2025\/10\/Asset-32.png","contentUrl":"https:\/\/rutana.lt\/wp-content\/uploads\/2025\/10\/Asset-32.png","width":433,"height":119,"caption":"Rutana - Ra\u0161tin\u0117s reikmenys"},"image":{"@id":"https:\/\/rutana.lt\/#\/schema\/logo\/image\/"},"sameAs":["https:\/\/www.facebook.com\/RutanaKanceliarinesPrekes\/"]}]}},"_links":{"self":[{"href":"https:\/\/rutana.lt\/en\/wp-json\/wp\/v2\/product\/16034","targetHints":{"allow":["GET"]}}],"collection":[{"href":"https:\/\/rutana.lt\/en\/wp-json\/wp\/v2\/product"}],"about":[{"href":"https:\/\/rutana.lt\/en\/wp-json\/wp\/v2\/types\/product"}],"replies":[{"embeddable":true,"href":"https:\/\/rutana.lt\/en\/wp-json\/wp\/v2\/comments?post=16034"}],"version-history":[{"count":3,"href":"https:\/\/rutana.lt\/en\/wp-json\/wp\/v2\/product\/16034\/revisions"}],"predecessor-version":[{"id":35009,"href":"https:\/\/rutana.lt\/en\/wp-json\/wp\/v2\/product\/16034\/revisions\/35009"}],"wp:featuredmedia":[{"embeddable":true,"href":"https:\/\/rutana.lt\/en\/wp-json\/wp\/v2\/media\/28942"}],"wp:attachment":[{"href":"https:\/\/rutana.lt\/en\/wp-json\/wp\/v2\/media?parent=16034"}],"wp:term":[{"taxonomy":"product_brand","embeddable":true,"href":"https:\/\/rutana.lt\/en\/wp-json\/wp\/v2\/product_brand?post=16034"},{"taxonomy":"product_cat","embeddable":true,"href":"https:\/\/rutana.lt\/en\/wp-json\/wp\/v2\/product_cat?post=16034"},{"taxonomy":"product_tag","embeddable":true,"href":"https:\/\/rutana.lt\/en\/wp-json\/wp\/v2\/product_tag?post=16034"}],"curies":[{"name":"wp","href":"https:\/\/api.w.org\/{rel}","templated":true}]}}