{"id":16028,"date":"2025-09-03T09:43:13","date_gmt":"2025-09-03T07:43:13","guid":{"rendered":"https:\/\/rutana.webdemo.lt\/?post_type=product&#038;p=16028"},"modified":"2025-10-13T15:50:16","modified_gmt":"2025-10-13T13:50:16","slug":"rasiklis-lineris-link-it-1-0mm-raudonas-schneider-192002","status":"publish","type":"product","link":"https:\/\/rutana.lt\/en\/product\/rasiklis-lineris-link-it-1-0mm-raudonas-schneider-192002\/","title":{"rendered":"Ra\u0161iklis lineris Link-It 1.0mm raudonas Schneider 192002"},"content":{"rendered":"<p>Pirmasis ra\u0161iklis &#8211;  lineris su sumania sistema, leid\u017eian\u010dia \u012fvairius derinius panaudojimui. Apdovanotas \u017einomiausiu pasaulyje ekologiniu \u017eenklu \u201eM\u0117lynasis angelas\u201c u\u017e ypa\u010d tausojan\u010di\u0105 i\u0161teklius ir aplink\u0105 tausojan\u010di\u0105 gamyb\u0105. Galima lengvai susieti ne tik skirtingas m\u0117gstamas spalvas, bet ir skirtingas Link-It ra\u0161ymo sistemas. Ra\u0161alas nei\u0161d\u017ei\u016bsta, net jei dangtelis nuimtas 2 \u2013 3 dienas. Gumuotas ergonomi\u0161kas ir trij\u0173 kra\u0161t\u0173 ra\u0161iklio korpusas idealiai tinka ramiam ra\u0161ymui. Kadangi dangtelis tvarkingai priglunda prie korpuso galo, j\u012f galima patogiai laikyti ir kaip atskir\u0105 ra\u0161ikl\u012f. Jis nerieda ant stalo, o plonas dizainas puikiai telpa \u012f mokini\u0173 ra\u0161ikli\u0173 penalus atskirai arba susietas su kita Link-It tipo ra\u0161ymo priemone. Korpusas pagamintas i\u0161 88 % biologinio plastiko. Link-It gaminamas be CO2. Tinkamas naudojimui nuo 3 met\u0173 vaikams.<\/p>\n<p>Linijos br\u0117\u017eio storis: 1.0 mm<\/p>\n<p><span style=\"vertical-align: sub;\">Ra\u0161alo spalva: raudona<\/span><\/p>\n<p><span style=\"vertical-align: sub;\">Kilm\u0117s \u0161alis: Vokietija<\/span><\/p>\n<p><span style=\"vertical-align: sub;\"><br \/><\/span><\/p>\n<p><iframe src=\"\/\/www.youtube.com\/embed\/zYclkPKLTHs\" width=\"640\" height=\"360\" frameborder=\"0\"><\/iframe><\/p>\n<p><span style=\"vertical-align: sub;\"><br \/><\/span><\/p>","protected":false},"excerpt":{"rendered":"<p>Pirmasis ra\u0161iklis &#8211; lineris su sumania sistema, leid\u017eian\u010dia \u012fvairius derinius panaudojimui. Apdovanotas \u017einomiausiu pasaulyje ekologiniu \u017eenklu \u201eM\u0117lynasis angelas\u201c u\u017e ypa\u010d tausojan\u010di\u0105 i\u0161teklius ir aplink\u0105 tausojan\u010di\u0105 gamyb\u0105. Galima lengvai susieti ne tik skirtingas m\u0117gstamas spalvas, bet ir skirtingas Link-It ra\u0161ymo sistemas. Ra\u0161alas nei\u0161d\u017ei\u016bsta, net jei dangtelis nuimtas 2 \u2013 3 dienas. Gumuotas ergonomi\u0161kas ir trij\u0173 kra\u0161t\u0173 [&hellip;]<\/p>","protected":false},"featured_media":28936,"comment_status":"open","ping_status":"closed","template":"","meta":{"_season_start":"","_season_end":"","_season_days":"","_season_months":"","_season_auto_visibility":""},"product_brand":[202],"product_cat":[1749],"product_tag":[],"class_list":{"0":"post-16028","1":"product","2":"type-product","3":"status-publish","4":"has-post-thumbnail","6":"product_brand-schneider","7":"product_cat-vienkartiniai-rasikliai","9":"first","10":"instock","11":"taxable","12":"shipping-taxable","13":"purchasable","14":"product-type-simple"},"yoast_head":"<!-- This site is optimized with the Yoast SEO plugin v26.1.1 - https:\/\/yoast.com\/wordpress\/plugins\/seo\/ -->\n<title>Ra\u0161iklis lineris Link-It 1.0mm raudonas Schneider 192002 - Rutana - Ra\u0161tin\u0117s reikmenys<\/title>\n<meta name=\"robots\" content=\"index, follow, max-snippet:-1, max-image-preview:large, max-video-preview:-1\" \/>\n<link rel=\"canonical\" href=\"https:\/\/rutana.lt\/en\/product\/rasiklis-lineris-link-it-1-0mm-raudonas-schneider-192002\/\" \/>\n<meta property=\"og:locale\" content=\"en_US\" \/>\n<meta property=\"og:type\" content=\"article\" \/>\n<meta property=\"og:title\" content=\"Ra\u0161iklis lineris Link-It 1.0mm raudonas Schneider 192002 - Rutana - Ra\u0161tin\u0117s reikmenys\" \/>\n<meta property=\"og:description\" content=\"Pirmasis ra\u0161iklis &#8211; lineris su sumania sistema, leid\u017eian\u010dia \u012fvairius derinius panaudojimui. Apdovanotas \u017einomiausiu pasaulyje ekologiniu \u017eenklu \u201eM\u0117lynasis angelas\u201c u\u017e ypa\u010d tausojan\u010di\u0105 i\u0161teklius ir aplink\u0105 tausojan\u010di\u0105 gamyb\u0105. Galima lengvai susieti ne tik skirtingas m\u0117gstamas spalvas, bet ir skirtingas Link-It ra\u0161ymo sistemas. Ra\u0161alas nei\u0161d\u017ei\u016bsta, net jei dangtelis nuimtas 2 \u2013 3 dienas. Gumuotas ergonomi\u0161kas ir trij\u0173 kra\u0161t\u0173 [&hellip;]\" \/>\n<meta property=\"og:url\" content=\"https:\/\/rutana.lt\/en\/product\/rasiklis-lineris-link-it-1-0mm-raudonas-schneider-192002\/\" \/>\n<meta property=\"og:site_name\" content=\"Rutana - Ra\u0161tin\u0117s reikmenys\" \/>\n<meta property=\"article:publisher\" content=\"https:\/\/www.facebook.com\/RutanaKanceliarinesPrekes\/\" \/>\n<meta property=\"article:modified_time\" content=\"2025-10-13T13:50:16+00:00\" \/>\n<meta property=\"og:image\" content=\"https:\/\/rutana.lt\/wp-content\/uploads\/2025\/09\/C032-282.jpg\" \/>\n\t<meta property=\"og:image:width\" content=\"603\" \/>\n\t<meta property=\"og:image:height\" content=\"600\" \/>\n\t<meta property=\"og:image:type\" content=\"image\/jpeg\" \/>\n<meta name=\"twitter:card\" content=\"summary_large_image\" \/>\n<meta name=\"twitter:label1\" content=\"Est. reading time\" \/>\n\t<meta name=\"twitter:data1\" content=\"1 minute\" \/>\n<script type=\"application\/ld+json\" class=\"yoast-schema-graph\">{\"@context\":\"https:\/\/schema.org\",\"@graph\":[{\"@type\":\"WebPage\",\"@id\":\"https:\/\/rutana.lt\/produktas\/rasiklis-lineris-link-it-1-0mm-raudonas-schneider-192002\/\",\"url\":\"https:\/\/rutana.lt\/produktas\/rasiklis-lineris-link-it-1-0mm-raudonas-schneider-192002\/\",\"name\":\"Ra\u0161iklis lineris Link-It 1.0mm raudonas Schneider 192002 - Rutana - Ra\u0161tin\u0117s reikmenys\",\"isPartOf\":{\"@id\":\"https:\/\/rutana.lt\/#website\"},\"primaryImageOfPage\":{\"@id\":\"https:\/\/rutana.lt\/produktas\/rasiklis-lineris-link-it-1-0mm-raudonas-schneider-192002\/#primaryimage\"},\"image\":{\"@id\":\"https:\/\/rutana.lt\/produktas\/rasiklis-lineris-link-it-1-0mm-raudonas-schneider-192002\/#primaryimage\"},\"thumbnailUrl\":\"https:\/\/rutana.lt\/wp-content\/uploads\/2025\/09\/C032-282-1.jpg?v=1763565558\",\"datePublished\":\"2025-09-03T07:43:13+00:00\",\"dateModified\":\"2025-10-13T13:50:16+00:00\",\"breadcrumb\":{\"@id\":\"https:\/\/rutana.lt\/produktas\/rasiklis-lineris-link-it-1-0mm-raudonas-schneider-192002\/#breadcrumb\"},\"inLanguage\":\"en-US\",\"potentialAction\":[{\"@type\":\"ReadAction\",\"target\":[\"https:\/\/rutana.lt\/produktas\/rasiklis-lineris-link-it-1-0mm-raudonas-schneider-192002\/\"]}]},{\"@type\":\"ImageObject\",\"inLanguage\":\"en-US\",\"@id\":\"https:\/\/rutana.lt\/produktas\/rasiklis-lineris-link-it-1-0mm-raudonas-schneider-192002\/#primaryimage\",\"url\":\"https:\/\/rutana.lt\/wp-content\/uploads\/2025\/09\/C032-282-1.jpg?v=1763565558\",\"contentUrl\":\"https:\/\/rutana.lt\/wp-content\/uploads\/2025\/09\/C032-282-1.jpg?v=1763565558\",\"width\":603,\"height\":600},{\"@type\":\"BreadcrumbList\",\"@id\":\"https:\/\/rutana.lt\/produktas\/rasiklis-lineris-link-it-1-0mm-raudonas-schneider-192002\/#breadcrumb\",\"itemListElement\":[{\"@type\":\"ListItem\",\"position\":1,\"name\":\"Home\",\"item\":\"https:\/\/rutana.lt\/\"},{\"@type\":\"ListItem\",\"position\":2,\"name\":\"Parduotuv\u0117\",\"item\":\"https:\/\/rutana.lt\/parduotuve\/\"},{\"@type\":\"ListItem\",\"position\":3,\"name\":\"Ra\u0161iklis lineris Link-It 1.0mm raudonas Schneider 192002\"}]},{\"@type\":\"WebSite\",\"@id\":\"https:\/\/rutana.lt\/#website\",\"url\":\"https:\/\/rutana.lt\/\",\"name\":\"Rutana - Ra\u0161tin\u0117s reikmenys\",\"description\":\"Prekiaujame pasaulin\u0117je rinkoje pripa\u017eintomis, kokybi\u0161komis biuro prek\u0117mis toki\u0173  gamintoj\u0173 kaip: Schneider, Esselte, Novus, 3M, Faber-Castell, Citizen, Milan, Leitz, Colop, Zebra, Staedtler, Durable, Tork, Parker, Waterman ir kt.\",\"publisher\":{\"@id\":\"https:\/\/rutana.lt\/#organization\"},\"potentialAction\":[{\"@type\":\"SearchAction\",\"target\":{\"@type\":\"EntryPoint\",\"urlTemplate\":\"https:\/\/rutana.lt\/?s={search_term_string}\"},\"query-input\":{\"@type\":\"PropertyValueSpecification\",\"valueRequired\":true,\"valueName\":\"search_term_string\"}}],\"inLanguage\":\"en-US\"},{\"@type\":\"Organization\",\"@id\":\"https:\/\/rutana.lt\/#organization\",\"name\":\"Rutana - Ra\u0161tin\u0117s reikmenys\",\"url\":\"https:\/\/rutana.lt\/\",\"logo\":{\"@type\":\"ImageObject\",\"inLanguage\":\"en-US\",\"@id\":\"https:\/\/rutana.lt\/#\/schema\/logo\/image\/\",\"url\":\"https:\/\/rutana.lt\/wp-content\/uploads\/2025\/10\/Asset-32.png\",\"contentUrl\":\"https:\/\/rutana.lt\/wp-content\/uploads\/2025\/10\/Asset-32.png\",\"width\":433,\"height\":119,\"caption\":\"Rutana - Ra\u0161tin\u0117s reikmenys\"},\"image\":{\"@id\":\"https:\/\/rutana.lt\/#\/schema\/logo\/image\/\"},\"sameAs\":[\"https:\/\/www.facebook.com\/RutanaKanceliarinesPrekes\/\"]}]}<\/script>\n<!-- \/ Yoast SEO plugin. -->","yoast_head_json":{"title":"Ra\u0161iklis lineris Link-It 1.0mm raudonas Schneider 192002 - Rutana - Ra\u0161tin\u0117s reikmenys","robots":{"index":"index","follow":"follow","max-snippet":"max-snippet:-1","max-image-preview":"max-image-preview:large","max-video-preview":"max-video-preview:-1"},"canonical":"https:\/\/rutana.lt\/en\/product\/rasiklis-lineris-link-it-1-0mm-raudonas-schneider-192002\/","og_locale":"en_US","og_type":"article","og_title":"Ra\u0161iklis lineris Link-It 1.0mm raudonas Schneider 192002 - Rutana - Ra\u0161tin\u0117s reikmenys","og_description":"Pirmasis ra\u0161iklis &#8211; lineris su sumania sistema, leid\u017eian\u010dia \u012fvairius derinius panaudojimui. Apdovanotas \u017einomiausiu pasaulyje ekologiniu \u017eenklu \u201eM\u0117lynasis angelas\u201c u\u017e ypa\u010d tausojan\u010di\u0105 i\u0161teklius ir aplink\u0105 tausojan\u010di\u0105 gamyb\u0105. Galima lengvai susieti ne tik skirtingas m\u0117gstamas spalvas, bet ir skirtingas Link-It ra\u0161ymo sistemas. Ra\u0161alas nei\u0161d\u017ei\u016bsta, net jei dangtelis nuimtas 2 \u2013 3 dienas. Gumuotas ergonomi\u0161kas ir trij\u0173 kra\u0161t\u0173 [&hellip;]","og_url":"https:\/\/rutana.lt\/en\/product\/rasiklis-lineris-link-it-1-0mm-raudonas-schneider-192002\/","og_site_name":"Rutana - Ra\u0161tin\u0117s reikmenys","article_publisher":"https:\/\/www.facebook.com\/RutanaKanceliarinesPrekes\/","article_modified_time":"2025-10-13T13:50:16+00:00","og_image":[{"width":603,"height":600,"url":"https:\/\/rutana.lt\/wp-content\/uploads\/2025\/09\/C032-282.jpg","type":"image\/jpeg"}],"twitter_card":"summary_large_image","twitter_misc":{"Est. reading time":"1 minute"},"schema":{"@context":"https:\/\/schema.org","@graph":[{"@type":"WebPage","@id":"https:\/\/rutana.lt\/produktas\/rasiklis-lineris-link-it-1-0mm-raudonas-schneider-192002\/","url":"https:\/\/rutana.lt\/produktas\/rasiklis-lineris-link-it-1-0mm-raudonas-schneider-192002\/","name":"Ra\u0161iklis lineris Link-It 1.0mm raudonas Schneider 192002 - Rutana - Ra\u0161tin\u0117s reikmenys","isPartOf":{"@id":"https:\/\/rutana.lt\/#website"},"primaryImageOfPage":{"@id":"https:\/\/rutana.lt\/produktas\/rasiklis-lineris-link-it-1-0mm-raudonas-schneider-192002\/#primaryimage"},"image":{"@id":"https:\/\/rutana.lt\/produktas\/rasiklis-lineris-link-it-1-0mm-raudonas-schneider-192002\/#primaryimage"},"thumbnailUrl":"https:\/\/rutana.lt\/wp-content\/uploads\/2025\/09\/C032-282-1.jpg?v=1763565558","datePublished":"2025-09-03T07:43:13+00:00","dateModified":"2025-10-13T13:50:16+00:00","breadcrumb":{"@id":"https:\/\/rutana.lt\/produktas\/rasiklis-lineris-link-it-1-0mm-raudonas-schneider-192002\/#breadcrumb"},"inLanguage":"en-US","potentialAction":[{"@type":"ReadAction","target":["https:\/\/rutana.lt\/produktas\/rasiklis-lineris-link-it-1-0mm-raudonas-schneider-192002\/"]}]},{"@type":"ImageObject","inLanguage":"en-US","@id":"https:\/\/rutana.lt\/produktas\/rasiklis-lineris-link-it-1-0mm-raudonas-schneider-192002\/#primaryimage","url":"https:\/\/rutana.lt\/wp-content\/uploads\/2025\/09\/C032-282-1.jpg?v=1763565558","contentUrl":"https:\/\/rutana.lt\/wp-content\/uploads\/2025\/09\/C032-282-1.jpg?v=1763565558","width":603,"height":600},{"@type":"BreadcrumbList","@id":"https:\/\/rutana.lt\/produktas\/rasiklis-lineris-link-it-1-0mm-raudonas-schneider-192002\/#breadcrumb","itemListElement":[{"@type":"ListItem","position":1,"name":"Home","item":"https:\/\/rutana.lt\/"},{"@type":"ListItem","position":2,"name":"Parduotuv\u0117","item":"https:\/\/rutana.lt\/parduotuve\/"},{"@type":"ListItem","position":3,"name":"Ra\u0161iklis lineris Link-It 1.0mm raudonas Schneider 192002"}]},{"@type":"WebSite","@id":"https:\/\/rutana.lt\/#website","url":"https:\/\/rutana.lt\/","name":"Rutana - Ra\u0161tin\u0117s reikmenys","description":"Prekiaujame pasaulin\u0117je rinkoje pripa\u017eintomis, kokybi\u0161komis biuro prek\u0117mis toki\u0173  gamintoj\u0173 kaip: Schneider, Esselte, Novus, 3M, Faber-Castell, Citizen, Milan, Leitz, Colop, Zebra, Staedtler, Durable, Tork, Parker, Waterman ir kt.","publisher":{"@id":"https:\/\/rutana.lt\/#organization"},"potentialAction":[{"@type":"SearchAction","target":{"@type":"EntryPoint","urlTemplate":"https:\/\/rutana.lt\/?s={search_term_string}"},"query-input":{"@type":"PropertyValueSpecification","valueRequired":true,"valueName":"search_term_string"}}],"inLanguage":"en-US"},{"@type":"Organization","@id":"https:\/\/rutana.lt\/#organization","name":"Rutana - Ra\u0161tin\u0117s reikmenys","url":"https:\/\/rutana.lt\/","logo":{"@type":"ImageObject","inLanguage":"en-US","@id":"https:\/\/rutana.lt\/#\/schema\/logo\/image\/","url":"https:\/\/rutana.lt\/wp-content\/uploads\/2025\/10\/Asset-32.png","contentUrl":"https:\/\/rutana.lt\/wp-content\/uploads\/2025\/10\/Asset-32.png","width":433,"height":119,"caption":"Rutana - Ra\u0161tin\u0117s reikmenys"},"image":{"@id":"https:\/\/rutana.lt\/#\/schema\/logo\/image\/"},"sameAs":["https:\/\/www.facebook.com\/RutanaKanceliarinesPrekes\/"]}]}},"_links":{"self":[{"href":"https:\/\/rutana.lt\/en\/wp-json\/wp\/v2\/product\/16028","targetHints":{"allow":["GET"]}}],"collection":[{"href":"https:\/\/rutana.lt\/en\/wp-json\/wp\/v2\/product"}],"about":[{"href":"https:\/\/rutana.lt\/en\/wp-json\/wp\/v2\/types\/product"}],"replies":[{"embeddable":true,"href":"https:\/\/rutana.lt\/en\/wp-json\/wp\/v2\/comments?post=16028"}],"version-history":[{"count":1,"href":"https:\/\/rutana.lt\/en\/wp-json\/wp\/v2\/product\/16028\/revisions"}],"predecessor-version":[{"id":16060,"href":"https:\/\/rutana.lt\/en\/wp-json\/wp\/v2\/product\/16028\/revisions\/16060"}],"wp:featuredmedia":[{"embeddable":true,"href":"https:\/\/rutana.lt\/en\/wp-json\/wp\/v2\/media\/28936"}],"wp:attachment":[{"href":"https:\/\/rutana.lt\/en\/wp-json\/wp\/v2\/media?parent=16028"}],"wp:term":[{"taxonomy":"product_brand","embeddable":true,"href":"https:\/\/rutana.lt\/en\/wp-json\/wp\/v2\/product_brand?post=16028"},{"taxonomy":"product_cat","embeddable":true,"href":"https:\/\/rutana.lt\/en\/wp-json\/wp\/v2\/product_cat?post=16028"},{"taxonomy":"product_tag","embeddable":true,"href":"https:\/\/rutana.lt\/en\/wp-json\/wp\/v2\/product_tag?post=16028"}],"curies":[{"name":"wp","href":"https:\/\/api.w.org\/{rel}","templated":true}]}}