{"id":15912,"date":"2025-09-03T09:42:26","date_gmt":"2025-09-03T07:42:26","guid":{"rendered":"https:\/\/rutana.webdemo.lt\/?post_type=product&#038;p=15912"},"modified":"2025-11-12T17:58:16","modified_gmt":"2025-11-12T15:58:16","slug":"dienos-planuoklis-a6-cloudline","status":"publish","type":"product","link":"https:\/\/rutana.lt\/en\/product\/dienos-planuoklis-a6-cloudline\/","title":{"rendered":"Dienos planuoklis A6 Cloudline"},"content":{"rendered":"<div style=\"box-sizing: inherit; font-variant-numeric: inherit; font-variant-east-asian: inherit; font-stretch: inherit; line-height: 1.8; -webkit-font-smoothing: antialiased; background-image: none; background-position: initial; background-size: initial; background-repeat: initial; background-attachment: initial; background-origin: initial; background-clip: initial; border: 0px; border-radius: 0px; outline: 0px;\"><span style=\"box-sizing: inherit; font-variant-numeric: inherit; font-variant-east-asian: inherit; font-stretch: inherit; line-height: inherit; background-position: initial; background-size: initial; background-repeat: initial; background-attachment: initial; background-origin: initial; background-clip: initial; border-style: initial; border-color: initial; border-image: initial; outline-color: initial; outline-style: initial;\">Suplanuokite savo dienotvark\u0119 &#8211;<\/span> u\u017esira\u0161ykite svarbiausias u\u017eduotis, darbus bei kilusias id\u0117jas. Lapeliuose n\u0117ra su\u017eym\u0117t\u0173 dat\u0173, tod\u0117l planuoklis tinkamas prad\u0117ti naudoti bet kada met\u0173 eigoje. Matydami u\u017eduotis vienoje vietoje, gal\u0117site nuosekliai steb\u0117ti dienos darb\u0173 \u012fgyvendinim\u0105. Laikydami planuokl\u012f ant stalo, visada tur\u0117site vietos u\u017era\u0161ams. Patogi priemon\u0117 tiek ant darbo stalo, tiek ne\u0161iotis su savimi.<br \/>\nPlanuoklio matmenys: 120 x 170 mm ( A6 formatas )<br \/>\nKalba: lietuvi\u0173<br \/>\nLap\u0173 kiekis: 35<\/div>\n<div style=\"box-sizing: inherit; font-variant-numeric: inherit; font-variant-east-asian: inherit; font-stretch: inherit; line-height: 1.8; -webkit-font-smoothing: antialiased; background-image: none; background-position: initial; background-size: initial; background-repeat: initial; background-attachment: initial; background-origin: initial; background-clip: initial; border: 0px; border-radius: 0px; outline: 0px;\">Galimos spalvos ir motyvai: Karali\u0161kasis A\u0161tuonkojis (m\u0117lynas), Sidabrin\u0117 \u017dvaig\u017ed\u0117 (sidabrinis), Rausvasis Koralas (rausvas), Rojaus Kriaukl\u0117 (pilkas), J\u016bros Arkliukas (turkio).<\/div>\n<div style=\"box-sizing: inherit; font-variant-numeric: inherit; font-variant-east-asian: inherit; font-stretch: inherit; line-height: 1.8; -webkit-font-smoothing: antialiased; background-image: none; background-position: initial; background-size: initial; background-repeat: initial; background-attachment: initial; background-origin: initial; background-clip: initial; border: 0px; border-radius: 0px; outline: 0px;\">Pagamintas Lietuvoje<\/div>","protected":false},"excerpt":{"rendered":"<p><span style=\"box-sizing: inherit; font-variant-numeric: inherit; font-variant-east-asian: inherit; font-stretch: inherit; line-height: inherit; background-position: initial; background-size: initial; background-repeat: initial; background-attachment: initial; background-origin: initial; background-clip: initial; border-style: initial; border-color: initial; border-image: initial; outline-color: initial; outline-style: initial;\">Suplanuokite savo dienotvark\u0119 &#8211;<\/span> u\u017esira\u0161ykite svarbiausias u\u017eduotis, darbus bei kilusias id\u0117jas.<\/p>","protected":false},"featured_media":28914,"comment_status":"open","ping_status":"closed","template":"","meta":{"_season_start":"","_season_end":"","_season_days":"","_season_months":"","_season_auto_visibility":"1"},"product_brand":[83],"product_cat":[1847],"product_tag":[],"class_list":{"0":"post-15912","1":"product","2":"type-product","3":"status-publish","4":"has-post-thumbnail","6":"product_brand-null","7":"product_cat-a6-formato","9":"first","10":"instock","11":"taxable","12":"shipping-taxable","13":"purchasable","14":"product-type-simple"},"yoast_head":"<!-- This site is optimized with the Yoast SEO plugin v26.1.1 - https:\/\/yoast.com\/wordpress\/plugins\/seo\/ -->\n<title>Dienos planuoklis A6 Cloudline - Rutana - Ra\u0161tin\u0117s reikmenys<\/title>\n<meta name=\"robots\" content=\"index, follow, max-snippet:-1, max-image-preview:large, max-video-preview:-1\" \/>\n<link rel=\"canonical\" href=\"https:\/\/rutana.lt\/en\/product\/dienos-planuoklis-a6-cloudline\/\" \/>\n<meta property=\"og:locale\" content=\"en_US\" \/>\n<meta property=\"og:type\" content=\"article\" \/>\n<meta property=\"og:title\" content=\"Dienos planuoklis A6 Cloudline - Rutana - Ra\u0161tin\u0117s reikmenys\" \/>\n<meta property=\"og:description\" content=\"Suplanuokite savo dienotvark\u0119 - u\u017esira\u0161ykite svarbiausias u\u017eduotis, darbus bei kilusias id\u0117jas.\" \/>\n<meta property=\"og:url\" content=\"https:\/\/rutana.lt\/en\/product\/dienos-planuoklis-a6-cloudline\/\" \/>\n<meta property=\"og:site_name\" content=\"Rutana - Ra\u0161tin\u0117s reikmenys\" \/>\n<meta property=\"article:publisher\" content=\"https:\/\/www.facebook.com\/RutanaKanceliarinesPrekes\/\" \/>\n<meta property=\"article:modified_time\" content=\"2025-11-12T15:58:16+00:00\" \/>\n<meta property=\"og:image\" content=\"https:\/\/rutana.lt\/wp-content\/uploads\/2025\/09\/A122-899-6.jpg?v=1761812372\" \/>\n\t<meta property=\"og:image:width\" content=\"500\" \/>\n\t<meta property=\"og:image:height\" content=\"500\" \/>\n\t<meta property=\"og:image:type\" content=\"image\/jpeg\" \/>\n<meta name=\"twitter:card\" content=\"summary_large_image\" \/>\n<meta name=\"twitter:label1\" content=\"Est. reading time\" \/>\n\t<meta name=\"twitter:data1\" content=\"1 minute\" \/>\n<script type=\"application\/ld+json\" class=\"yoast-schema-graph\">{\"@context\":\"https:\/\/schema.org\",\"@graph\":[{\"@type\":\"WebPage\",\"@id\":\"https:\/\/rutana.lt\/produktas\/dienos-planuoklis-a6-cloudline\/\",\"url\":\"https:\/\/rutana.lt\/produktas\/dienos-planuoklis-a6-cloudline\/\",\"name\":\"Dienos planuoklis A6 Cloudline - Rutana - Ra\u0161tin\u0117s reikmenys\",\"isPartOf\":{\"@id\":\"https:\/\/rutana.lt\/#website\"},\"primaryImageOfPage\":{\"@id\":\"https:\/\/rutana.lt\/produktas\/dienos-planuoklis-a6-cloudline\/#primaryimage\"},\"image\":{\"@id\":\"https:\/\/rutana.lt\/produktas\/dienos-planuoklis-a6-cloudline\/#primaryimage\"},\"thumbnailUrl\":\"https:\/\/rutana.lt\/wp-content\/uploads\/2025\/09\/A122-899-6.jpg?v=1763565590\",\"datePublished\":\"2025-09-03T07:42:26+00:00\",\"dateModified\":\"2025-11-12T15:58:16+00:00\",\"breadcrumb\":{\"@id\":\"https:\/\/rutana.lt\/produktas\/dienos-planuoklis-a6-cloudline\/#breadcrumb\"},\"inLanguage\":\"en-US\",\"potentialAction\":[{\"@type\":\"ReadAction\",\"target\":[\"https:\/\/rutana.lt\/produktas\/dienos-planuoklis-a6-cloudline\/\"]}]},{\"@type\":\"ImageObject\",\"inLanguage\":\"en-US\",\"@id\":\"https:\/\/rutana.lt\/produktas\/dienos-planuoklis-a6-cloudline\/#primaryimage\",\"url\":\"https:\/\/rutana.lt\/wp-content\/uploads\/2025\/09\/A122-899-6.jpg?v=1763565590\",\"contentUrl\":\"https:\/\/rutana.lt\/wp-content\/uploads\/2025\/09\/A122-899-6.jpg?v=1763565590\",\"width\":500,\"height\":500},{\"@type\":\"BreadcrumbList\",\"@id\":\"https:\/\/rutana.lt\/produktas\/dienos-planuoklis-a6-cloudline\/#breadcrumb\",\"itemListElement\":[{\"@type\":\"ListItem\",\"position\":1,\"name\":\"Home\",\"item\":\"https:\/\/rutana.lt\/\"},{\"@type\":\"ListItem\",\"position\":2,\"name\":\"Parduotuv\u0117\",\"item\":\"https:\/\/rutana.lt\/parduotuve\/\"},{\"@type\":\"ListItem\",\"position\":3,\"name\":\"Dienos planuoklis A6 Cloudline\"}]},{\"@type\":\"WebSite\",\"@id\":\"https:\/\/rutana.lt\/#website\",\"url\":\"https:\/\/rutana.lt\/\",\"name\":\"Rutana - Ra\u0161tin\u0117s reikmenys\",\"description\":\"Prekiaujame pasaulin\u0117je rinkoje pripa\u017eintomis, kokybi\u0161komis biuro prek\u0117mis toki\u0173  gamintoj\u0173 kaip: Schneider, Esselte, Novus, 3M, Faber-Castell, Citizen, Milan, Leitz, Colop, Zebra, Staedtler, Durable, Tork, Parker, Waterman ir kt.\",\"publisher\":{\"@id\":\"https:\/\/rutana.lt\/#organization\"},\"potentialAction\":[{\"@type\":\"SearchAction\",\"target\":{\"@type\":\"EntryPoint\",\"urlTemplate\":\"https:\/\/rutana.lt\/?s={search_term_string}\"},\"query-input\":{\"@type\":\"PropertyValueSpecification\",\"valueRequired\":true,\"valueName\":\"search_term_string\"}}],\"inLanguage\":\"en-US\"},{\"@type\":\"Organization\",\"@id\":\"https:\/\/rutana.lt\/#organization\",\"name\":\"Rutana - Ra\u0161tin\u0117s reikmenys\",\"url\":\"https:\/\/rutana.lt\/\",\"logo\":{\"@type\":\"ImageObject\",\"inLanguage\":\"en-US\",\"@id\":\"https:\/\/rutana.lt\/#\/schema\/logo\/image\/\",\"url\":\"https:\/\/rutana.lt\/wp-content\/uploads\/2025\/10\/Asset-32.png\",\"contentUrl\":\"https:\/\/rutana.lt\/wp-content\/uploads\/2025\/10\/Asset-32.png\",\"width\":433,\"height\":119,\"caption\":\"Rutana - Ra\u0161tin\u0117s reikmenys\"},\"image\":{\"@id\":\"https:\/\/rutana.lt\/#\/schema\/logo\/image\/\"},\"sameAs\":[\"https:\/\/www.facebook.com\/RutanaKanceliarinesPrekes\/\"]}]}<\/script>\n<!-- \/ Yoast SEO plugin. -->","yoast_head_json":{"title":"Dienos planuoklis A6 Cloudline - Rutana - Ra\u0161tin\u0117s reikmenys","robots":{"index":"index","follow":"follow","max-snippet":"max-snippet:-1","max-image-preview":"max-image-preview:large","max-video-preview":"max-video-preview:-1"},"canonical":"https:\/\/rutana.lt\/en\/product\/dienos-planuoklis-a6-cloudline\/","og_locale":"en_US","og_type":"article","og_title":"Dienos planuoklis A6 Cloudline - Rutana - Ra\u0161tin\u0117s reikmenys","og_description":"Suplanuokite savo dienotvark\u0119 - u\u017esira\u0161ykite svarbiausias u\u017eduotis, darbus bei kilusias id\u0117jas.","og_url":"https:\/\/rutana.lt\/en\/product\/dienos-planuoklis-a6-cloudline\/","og_site_name":"Rutana - Ra\u0161tin\u0117s reikmenys","article_publisher":"https:\/\/www.facebook.com\/RutanaKanceliarinesPrekes\/","article_modified_time":"2025-11-12T15:58:16+00:00","og_image":[{"width":500,"height":500,"url":"https:\/\/rutana.lt\/wp-content\/uploads\/2025\/09\/A122-899-6.jpg?v=1761812372","type":"image\/jpeg"}],"twitter_card":"summary_large_image","twitter_misc":{"Est. reading time":"1 minute"},"schema":{"@context":"https:\/\/schema.org","@graph":[{"@type":"WebPage","@id":"https:\/\/rutana.lt\/produktas\/dienos-planuoklis-a6-cloudline\/","url":"https:\/\/rutana.lt\/produktas\/dienos-planuoklis-a6-cloudline\/","name":"Dienos planuoklis A6 Cloudline - Rutana - Ra\u0161tin\u0117s reikmenys","isPartOf":{"@id":"https:\/\/rutana.lt\/#website"},"primaryImageOfPage":{"@id":"https:\/\/rutana.lt\/produktas\/dienos-planuoklis-a6-cloudline\/#primaryimage"},"image":{"@id":"https:\/\/rutana.lt\/produktas\/dienos-planuoklis-a6-cloudline\/#primaryimage"},"thumbnailUrl":"https:\/\/rutana.lt\/wp-content\/uploads\/2025\/09\/A122-899-6.jpg?v=1763565590","datePublished":"2025-09-03T07:42:26+00:00","dateModified":"2025-11-12T15:58:16+00:00","breadcrumb":{"@id":"https:\/\/rutana.lt\/produktas\/dienos-planuoklis-a6-cloudline\/#breadcrumb"},"inLanguage":"en-US","potentialAction":[{"@type":"ReadAction","target":["https:\/\/rutana.lt\/produktas\/dienos-planuoklis-a6-cloudline\/"]}]},{"@type":"ImageObject","inLanguage":"en-US","@id":"https:\/\/rutana.lt\/produktas\/dienos-planuoklis-a6-cloudline\/#primaryimage","url":"https:\/\/rutana.lt\/wp-content\/uploads\/2025\/09\/A122-899-6.jpg?v=1763565590","contentUrl":"https:\/\/rutana.lt\/wp-content\/uploads\/2025\/09\/A122-899-6.jpg?v=1763565590","width":500,"height":500},{"@type":"BreadcrumbList","@id":"https:\/\/rutana.lt\/produktas\/dienos-planuoklis-a6-cloudline\/#breadcrumb","itemListElement":[{"@type":"ListItem","position":1,"name":"Home","item":"https:\/\/rutana.lt\/"},{"@type":"ListItem","position":2,"name":"Parduotuv\u0117","item":"https:\/\/rutana.lt\/parduotuve\/"},{"@type":"ListItem","position":3,"name":"Dienos planuoklis A6 Cloudline"}]},{"@type":"WebSite","@id":"https:\/\/rutana.lt\/#website","url":"https:\/\/rutana.lt\/","name":"Rutana - Ra\u0161tin\u0117s reikmenys","description":"Prekiaujame pasaulin\u0117je rinkoje pripa\u017eintomis, kokybi\u0161komis biuro prek\u0117mis toki\u0173  gamintoj\u0173 kaip: Schneider, Esselte, Novus, 3M, Faber-Castell, Citizen, Milan, Leitz, Colop, Zebra, Staedtler, Durable, Tork, Parker, Waterman ir kt.","publisher":{"@id":"https:\/\/rutana.lt\/#organization"},"potentialAction":[{"@type":"SearchAction","target":{"@type":"EntryPoint","urlTemplate":"https:\/\/rutana.lt\/?s={search_term_string}"},"query-input":{"@type":"PropertyValueSpecification","valueRequired":true,"valueName":"search_term_string"}}],"inLanguage":"en-US"},{"@type":"Organization","@id":"https:\/\/rutana.lt\/#organization","name":"Rutana - Ra\u0161tin\u0117s reikmenys","url":"https:\/\/rutana.lt\/","logo":{"@type":"ImageObject","inLanguage":"en-US","@id":"https:\/\/rutana.lt\/#\/schema\/logo\/image\/","url":"https:\/\/rutana.lt\/wp-content\/uploads\/2025\/10\/Asset-32.png","contentUrl":"https:\/\/rutana.lt\/wp-content\/uploads\/2025\/10\/Asset-32.png","width":433,"height":119,"caption":"Rutana - Ra\u0161tin\u0117s reikmenys"},"image":{"@id":"https:\/\/rutana.lt\/#\/schema\/logo\/image\/"},"sameAs":["https:\/\/www.facebook.com\/RutanaKanceliarinesPrekes\/"]}]}},"_links":{"self":[{"href":"https:\/\/rutana.lt\/en\/wp-json\/wp\/v2\/product\/15912","targetHints":{"allow":["GET"]}}],"collection":[{"href":"https:\/\/rutana.lt\/en\/wp-json\/wp\/v2\/product"}],"about":[{"href":"https:\/\/rutana.lt\/en\/wp-json\/wp\/v2\/types\/product"}],"replies":[{"embeddable":true,"href":"https:\/\/rutana.lt\/en\/wp-json\/wp\/v2\/comments?post=15912"}],"version-history":[{"count":2,"href":"https:\/\/rutana.lt\/en\/wp-json\/wp\/v2\/product\/15912\/revisions"}],"predecessor-version":[{"id":33657,"href":"https:\/\/rutana.lt\/en\/wp-json\/wp\/v2\/product\/15912\/revisions\/33657"}],"wp:featuredmedia":[{"embeddable":true,"href":"https:\/\/rutana.lt\/en\/wp-json\/wp\/v2\/media\/28914"}],"wp:attachment":[{"href":"https:\/\/rutana.lt\/en\/wp-json\/wp\/v2\/media?parent=15912"}],"wp:term":[{"taxonomy":"product_brand","embeddable":true,"href":"https:\/\/rutana.lt\/en\/wp-json\/wp\/v2\/product_brand?post=15912"},{"taxonomy":"product_cat","embeddable":true,"href":"https:\/\/rutana.lt\/en\/wp-json\/wp\/v2\/product_cat?post=15912"},{"taxonomy":"product_tag","embeddable":true,"href":"https:\/\/rutana.lt\/en\/wp-json\/wp\/v2\/product_tag?post=15912"}],"curies":[{"name":"wp","href":"https:\/\/api.w.org\/{rel}","templated":true}]}}