{"id":15769,"date":"2025-09-03T09:41:43","date_gmt":"2025-09-03T07:41:43","guid":{"rendered":"https:\/\/rutana.webdemo.lt\/?post_type=product&#038;p=15769"},"modified":"2025-10-13T15:49:50","modified_gmt":"2025-10-13T13:49:50","slug":"parkeris-kapsulinis-twist-p457-m-night-breeze-pelikan-820127","status":"publish","type":"product","link":"https:\/\/rutana.lt\/en\/product\/parkeris-kapsulinis-twist-p457-m-night-breeze-pelikan-820127\/","title":{"rendered":"Parkeris kapsulinis Twist P457 M Night Breeze Pelikan 820127"},"content":{"rendered":"<p>\u201ePelikan\u201c suktos formos plunksnako\u010diai yra madinga ra\u0161ymo priemon\u0117 jauniems \u017emon\u0117ms i\u0161 tradicin\u0117s Pelikan kompanijos. Susukta i\u0161vaizda ir madingi spalv\u0173 deriniai, plunksnako\u010diai traukia ak\u012f kiekviename pie\u0161tuk\u0173 d\u0117kle. Twist plunksnako\u010diai ir ra\u0161ikliai stebina savo madingu dizainu ir \u012fsp\u016bdinga dviej\u0173 atspalvi\u0173 spalva, kai \u012frenginiai yra atidaryti. \u201eTwist\u201c perima spalv\u0173 tendencijas i\u0161 mados ir gyvenimo b\u016bdo sektori\u0173, kad vartotojai taip pat gal\u0117t\u0173 spind\u0117ti ra\u0161ydami. Nepriklausomai nuo to, ar tai b\u016bt\u0173 puo\u0161nus, ar labiau klasikinis, \u201ePelikan Twist\u201c bus kiekvienam skoniui tinkamo spalv\u0173 derinio. D\u0117l unikalios susuktos formos ir ergonomi\u0161ko rankenos profilio Twist ra\u0161ymo priemon\u0117s puikiai laikosi rankoje, net ir ra\u0161ant ilg\u0105 laik\u0105 \u2013 tinka tiek kairiarankiams, tiek de\u0161iniarankiams. Karali\u0161kosios m\u0117lynos spalvos \u201ePelikan\u201c ra\u0161alo kaset\u0117 su i\u0161trinamu ra\u0161alu yra standarti\u0161kai pridedama prie \u201eTwist\u201c plunksnako\u010dio. Esant nedidel\u0117ms ra\u0161ybos klaidoms, \u0161\u012f ra\u0161al\u0105 galima lengvai pakeisti naudojant Pelikan ra\u0161alo trintuk\u0105. Visos susuktos i\u0161vaizdos ir ergonomi\u0161kos formos Twist tendencij\u0173 ra\u0161ymo priemon\u0117s yra pagamintos Vokietijoje. Kokyb\u0117 pagaminta Vokietijoje \u2013 pagaminta Pelikan.<\/p>\n<p>D\u0117l ner\u016bdijan\u010dio plieno antgalio Pelikan plunksnako\u010diai \u0161velniai slysta pavir\u0161iumi ir lengvai i\u0161d\u0117sto kiekvien\u0105 mint\u012f ant popieriaus. Be to, mink\u0161tas antgalis u\u017etikrina ra\u0161ym\u0105 be \u012fbr\u0117\u017eim\u0173 ir neleid\u017eia ra\u0161alui nutek\u0117ti.<\/p>\n<p>Korpuso spalva: tamsiai m\u0117lyna<\/p>\n<p>Plunksnos storis: M<\/p>\n<p>Kilm\u0117s \u0161alis: Vokietija<\/p>\n<p><\/p>\n<p><iframe src=\"\/\/www.youtube.com\/embed\/Pfo9ess-fGA\" width=\"640\" height=\"360\" frameborder=\"0\"><\/iframe><\/p>\n<p><\/p>\n<p><\/p>","protected":false},"excerpt":{"rendered":"<p>\u201ePelikan\u201c suktos formos plunksnako\u010diai yra madinga ra\u0161ymo priemon\u0117 jauniems \u017emon\u0117ms i\u0161 tradicin\u0117s Pelikan kompanijos. Susukta i\u0161vaizda ir madingi spalv\u0173 deriniai, plunksnako\u010diai traukia ak\u012f kiekviename pie\u0161tuk\u0173 d\u0117kle. Twist plunksnako\u010diai ir ra\u0161ikliai stebina savo madingu dizainu ir \u012fsp\u016bdinga dviej\u0173 atspalvi\u0173 spalva, kai \u012frenginiai yra atidaryti. \u201eTwist\u201c perima spalv\u0173 tendencijas i\u0161 mados ir gyvenimo b\u016bdo sektori\u0173, kad vartotojai [&hellip;]<\/p>","protected":false},"featured_media":28863,"comment_status":"open","ping_status":"closed","template":"","meta":{"_season_start":"","_season_end":"","_season_days":"","_season_months":"","_season_auto_visibility":""},"product_brand":[540],"product_cat":[1537],"product_tag":[],"class_list":{"0":"post-15769","1":"product","2":"type-product","3":"status-publish","4":"has-post-thumbnail","6":"product_brand-pelikan","7":"product_cat-mokykliniai-parkeriai-mokyklines-prekes","9":"first","10":"instock","11":"taxable","12":"shipping-taxable","13":"purchasable","14":"product-type-simple"},"yoast_head":"<!-- This site is optimized with the Yoast SEO plugin v27.4 - https:\/\/yoast.com\/product\/yoast-seo-wordpress\/ -->\n<title>Parkeris kapsulinis Twist P457 M Night Breeze Pelikan 820127 - Rutana - Ra\u0161tin\u0117s reikmenys<\/title>\n<meta name=\"robots\" content=\"index, follow, max-snippet:-1, max-image-preview:large, max-video-preview:-1\" \/>\n<link rel=\"canonical\" href=\"https:\/\/rutana.lt\/en\/product\/parkeris-kapsulinis-twist-p457-m-night-breeze-pelikan-820127\/\" \/>\n<meta property=\"og:locale\" content=\"en_US\" \/>\n<meta property=\"og:type\" content=\"article\" \/>\n<meta property=\"og:title\" content=\"Parkeris kapsulinis Twist P457 M Night Breeze Pelikan 820127 - Rutana - Ra\u0161tin\u0117s reikmenys\" \/>\n<meta property=\"og:description\" content=\"\u201ePelikan\u201c suktos formos plunksnako\u010diai yra madinga ra\u0161ymo priemon\u0117 jauniems \u017emon\u0117ms i\u0161 tradicin\u0117s Pelikan kompanijos. Susukta i\u0161vaizda ir madingi spalv\u0173 deriniai, plunksnako\u010diai traukia ak\u012f kiekviename pie\u0161tuk\u0173 d\u0117kle. Twist plunksnako\u010diai ir ra\u0161ikliai stebina savo madingu dizainu ir \u012fsp\u016bdinga dviej\u0173 atspalvi\u0173 spalva, kai \u012frenginiai yra atidaryti. \u201eTwist\u201c perima spalv\u0173 tendencijas i\u0161 mados ir gyvenimo b\u016bdo sektori\u0173, kad vartotojai [&hellip;]\" \/>\n<meta property=\"og:url\" content=\"https:\/\/rutana.lt\/en\/product\/parkeris-kapsulinis-twist-p457-m-night-breeze-pelikan-820127\/\" \/>\n<meta property=\"og:site_name\" content=\"Rutana - Ra\u0161tin\u0117s reikmenys\" \/>\n<meta property=\"article:publisher\" content=\"https:\/\/www.facebook.com\/RutanaKanceliarinesPrekes\/\" \/>\n<meta property=\"article:modified_time\" content=\"2025-10-13T13:49:50+00:00\" \/>\n<meta property=\"og:image\" content=\"https:\/\/rutana.lt\/wp-content\/uploads\/2025\/09\/C051-220.jpg\" \/>\n\t<meta property=\"og:image:width\" content=\"638\" \/>\n\t<meta property=\"og:image:height\" content=\"526\" \/>\n\t<meta property=\"og:image:type\" content=\"image\/jpeg\" \/>\n<meta name=\"twitter:card\" content=\"summary_large_image\" \/>\n<meta name=\"twitter:label1\" content=\"Est. reading time\" \/>\n\t<meta name=\"twitter:data1\" content=\"1 minute\" \/>\n<script type=\"application\/ld+json\" class=\"yoast-schema-graph\">{\"@context\":\"https:\\\/\\\/schema.org\",\"@graph\":[{\"@type\":\"WebPage\",\"@id\":\"https:\\\/\\\/rutana.lt\\\/produktas\\\/parkeris-kapsulinis-twist-p457-m-night-breeze-pelikan-820127\\\/\",\"url\":\"https:\\\/\\\/rutana.lt\\\/produktas\\\/parkeris-kapsulinis-twist-p457-m-night-breeze-pelikan-820127\\\/\",\"name\":\"Parkeris kapsulinis Twist P457 M Night Breeze Pelikan 820127 - Rutana - Ra\u0161tin\u0117s reikmenys\",\"isPartOf\":{\"@id\":\"https:\\\/\\\/rutana.lt\\\/#website\"},\"primaryImageOfPage\":{\"@id\":\"https:\\\/\\\/rutana.lt\\\/produktas\\\/parkeris-kapsulinis-twist-p457-m-night-breeze-pelikan-820127\\\/#primaryimage\"},\"image\":{\"@id\":\"https:\\\/\\\/rutana.lt\\\/produktas\\\/parkeris-kapsulinis-twist-p457-m-night-breeze-pelikan-820127\\\/#primaryimage\"},\"thumbnailUrl\":\"https:\\\/\\\/rutana.lt\\\/wp-content\\\/uploads\\\/2025\\\/09\\\/C051-220-1.jpg?v=1763565667\",\"datePublished\":\"2025-09-03T07:41:43+00:00\",\"dateModified\":\"2025-10-13T13:49:50+00:00\",\"breadcrumb\":{\"@id\":\"https:\\\/\\\/rutana.lt\\\/produktas\\\/parkeris-kapsulinis-twist-p457-m-night-breeze-pelikan-820127\\\/#breadcrumb\"},\"inLanguage\":\"en-US\",\"potentialAction\":[{\"@type\":\"ReadAction\",\"target\":[\"https:\\\/\\\/rutana.lt\\\/produktas\\\/parkeris-kapsulinis-twist-p457-m-night-breeze-pelikan-820127\\\/\"]}]},{\"@type\":\"ImageObject\",\"inLanguage\":\"en-US\",\"@id\":\"https:\\\/\\\/rutana.lt\\\/produktas\\\/parkeris-kapsulinis-twist-p457-m-night-breeze-pelikan-820127\\\/#primaryimage\",\"url\":\"https:\\\/\\\/rutana.lt\\\/wp-content\\\/uploads\\\/2025\\\/09\\\/C051-220-1.jpg?v=1763565667\",\"contentUrl\":\"https:\\\/\\\/rutana.lt\\\/wp-content\\\/uploads\\\/2025\\\/09\\\/C051-220-1.jpg?v=1763565667\",\"width\":638,\"height\":526},{\"@type\":\"BreadcrumbList\",\"@id\":\"https:\\\/\\\/rutana.lt\\\/produktas\\\/parkeris-kapsulinis-twist-p457-m-night-breeze-pelikan-820127\\\/#breadcrumb\",\"itemListElement\":[{\"@type\":\"ListItem\",\"position\":1,\"name\":\"Home\",\"item\":\"https:\\\/\\\/rutana.lt\\\/\"},{\"@type\":\"ListItem\",\"position\":2,\"name\":\"Parduotuv\u0117\",\"item\":\"https:\\\/\\\/rutana.lt\\\/parduotuve\\\/\"},{\"@type\":\"ListItem\",\"position\":3,\"name\":\"Parkeris kapsulinis Twist P457 M Night Breeze Pelikan 820127\"}]},{\"@type\":\"WebSite\",\"@id\":\"https:\\\/\\\/rutana.lt\\\/#website\",\"url\":\"https:\\\/\\\/rutana.lt\\\/\",\"name\":\"Rutana - Ra\u0161tin\u0117s reikmenys\",\"description\":\"Prekiaujame pasaulin\u0117je rinkoje pripa\u017eintomis, kokybi\u0161komis biuro prek\u0117mis toki\u0173  gamintoj\u0173 kaip: Schneider, Esselte, Novus, 3M, Faber-Castell, Citizen, Milan, Leitz, Colop, Zebra, Staedtler, Durable, Tork, Parker, Waterman ir kt.\",\"publisher\":{\"@id\":\"https:\\\/\\\/rutana.lt\\\/#organization\"},\"potentialAction\":[{\"@type\":\"SearchAction\",\"target\":{\"@type\":\"EntryPoint\",\"urlTemplate\":\"https:\\\/\\\/rutana.lt\\\/?s={search_term_string}\"},\"query-input\":{\"@type\":\"PropertyValueSpecification\",\"valueRequired\":true,\"valueName\":\"search_term_string\"}}],\"inLanguage\":\"en-US\"},{\"@type\":\"Organization\",\"@id\":\"https:\\\/\\\/rutana.lt\\\/#organization\",\"name\":\"Rutana - Ra\u0161tin\u0117s reikmenys\",\"url\":\"https:\\\/\\\/rutana.lt\\\/\",\"logo\":{\"@type\":\"ImageObject\",\"inLanguage\":\"en-US\",\"@id\":\"https:\\\/\\\/rutana.lt\\\/#\\\/schema\\\/logo\\\/image\\\/\",\"url\":\"https:\\\/\\\/rutana.lt\\\/wp-content\\\/uploads\\\/2025\\\/10\\\/Asset-32.png\",\"contentUrl\":\"https:\\\/\\\/rutana.lt\\\/wp-content\\\/uploads\\\/2025\\\/10\\\/Asset-32.png\",\"width\":433,\"height\":119,\"caption\":\"Rutana - Ra\u0161tin\u0117s reikmenys\"},\"image\":{\"@id\":\"https:\\\/\\\/rutana.lt\\\/#\\\/schema\\\/logo\\\/image\\\/\"},\"sameAs\":[\"https:\\\/\\\/www.facebook.com\\\/RutanaKanceliarinesPrekes\\\/\"]}]}<\/script>\n<!-- \/ Yoast SEO plugin. -->","yoast_head_json":{"title":"Parkeris kapsulinis Twist P457 M Night Breeze Pelikan 820127 - Rutana - Ra\u0161tin\u0117s reikmenys","robots":{"index":"index","follow":"follow","max-snippet":"max-snippet:-1","max-image-preview":"max-image-preview:large","max-video-preview":"max-video-preview:-1"},"canonical":"https:\/\/rutana.lt\/en\/product\/parkeris-kapsulinis-twist-p457-m-night-breeze-pelikan-820127\/","og_locale":"en_US","og_type":"article","og_title":"Parkeris kapsulinis Twist P457 M Night Breeze Pelikan 820127 - Rutana - Ra\u0161tin\u0117s reikmenys","og_description":"\u201ePelikan\u201c suktos formos plunksnako\u010diai yra madinga ra\u0161ymo priemon\u0117 jauniems \u017emon\u0117ms i\u0161 tradicin\u0117s Pelikan kompanijos. Susukta i\u0161vaizda ir madingi spalv\u0173 deriniai, plunksnako\u010diai traukia ak\u012f kiekviename pie\u0161tuk\u0173 d\u0117kle. Twist plunksnako\u010diai ir ra\u0161ikliai stebina savo madingu dizainu ir \u012fsp\u016bdinga dviej\u0173 atspalvi\u0173 spalva, kai \u012frenginiai yra atidaryti. \u201eTwist\u201c perima spalv\u0173 tendencijas i\u0161 mados ir gyvenimo b\u016bdo sektori\u0173, kad vartotojai [&hellip;]","og_url":"https:\/\/rutana.lt\/en\/product\/parkeris-kapsulinis-twist-p457-m-night-breeze-pelikan-820127\/","og_site_name":"Rutana - Ra\u0161tin\u0117s reikmenys","article_publisher":"https:\/\/www.facebook.com\/RutanaKanceliarinesPrekes\/","article_modified_time":"2025-10-13T13:49:50+00:00","og_image":[{"width":638,"height":526,"url":"https:\/\/rutana.lt\/wp-content\/uploads\/2025\/09\/C051-220.jpg","type":"image\/jpeg"}],"twitter_card":"summary_large_image","twitter_misc":{"Est. reading time":"1 minute"},"schema":{"@context":"https:\/\/schema.org","@graph":[{"@type":"WebPage","@id":"https:\/\/rutana.lt\/produktas\/parkeris-kapsulinis-twist-p457-m-night-breeze-pelikan-820127\/","url":"https:\/\/rutana.lt\/produktas\/parkeris-kapsulinis-twist-p457-m-night-breeze-pelikan-820127\/","name":"Parkeris kapsulinis Twist P457 M Night Breeze Pelikan 820127 - Rutana - Ra\u0161tin\u0117s reikmenys","isPartOf":{"@id":"https:\/\/rutana.lt\/#website"},"primaryImageOfPage":{"@id":"https:\/\/rutana.lt\/produktas\/parkeris-kapsulinis-twist-p457-m-night-breeze-pelikan-820127\/#primaryimage"},"image":{"@id":"https:\/\/rutana.lt\/produktas\/parkeris-kapsulinis-twist-p457-m-night-breeze-pelikan-820127\/#primaryimage"},"thumbnailUrl":"https:\/\/rutana.lt\/wp-content\/uploads\/2025\/09\/C051-220-1.jpg?v=1763565667","datePublished":"2025-09-03T07:41:43+00:00","dateModified":"2025-10-13T13:49:50+00:00","breadcrumb":{"@id":"https:\/\/rutana.lt\/produktas\/parkeris-kapsulinis-twist-p457-m-night-breeze-pelikan-820127\/#breadcrumb"},"inLanguage":"en-US","potentialAction":[{"@type":"ReadAction","target":["https:\/\/rutana.lt\/produktas\/parkeris-kapsulinis-twist-p457-m-night-breeze-pelikan-820127\/"]}]},{"@type":"ImageObject","inLanguage":"en-US","@id":"https:\/\/rutana.lt\/produktas\/parkeris-kapsulinis-twist-p457-m-night-breeze-pelikan-820127\/#primaryimage","url":"https:\/\/rutana.lt\/wp-content\/uploads\/2025\/09\/C051-220-1.jpg?v=1763565667","contentUrl":"https:\/\/rutana.lt\/wp-content\/uploads\/2025\/09\/C051-220-1.jpg?v=1763565667","width":638,"height":526},{"@type":"BreadcrumbList","@id":"https:\/\/rutana.lt\/produktas\/parkeris-kapsulinis-twist-p457-m-night-breeze-pelikan-820127\/#breadcrumb","itemListElement":[{"@type":"ListItem","position":1,"name":"Home","item":"https:\/\/rutana.lt\/"},{"@type":"ListItem","position":2,"name":"Parduotuv\u0117","item":"https:\/\/rutana.lt\/parduotuve\/"},{"@type":"ListItem","position":3,"name":"Parkeris kapsulinis Twist P457 M Night Breeze Pelikan 820127"}]},{"@type":"WebSite","@id":"https:\/\/rutana.lt\/#website","url":"https:\/\/rutana.lt\/","name":"Rutana - Ra\u0161tin\u0117s reikmenys","description":"Prekiaujame pasaulin\u0117je rinkoje pripa\u017eintomis, kokybi\u0161komis biuro prek\u0117mis toki\u0173  gamintoj\u0173 kaip: Schneider, Esselte, Novus, 3M, Faber-Castell, Citizen, Milan, Leitz, Colop, Zebra, Staedtler, Durable, Tork, Parker, Waterman ir kt.","publisher":{"@id":"https:\/\/rutana.lt\/#organization"},"potentialAction":[{"@type":"SearchAction","target":{"@type":"EntryPoint","urlTemplate":"https:\/\/rutana.lt\/?s={search_term_string}"},"query-input":{"@type":"PropertyValueSpecification","valueRequired":true,"valueName":"search_term_string"}}],"inLanguage":"en-US"},{"@type":"Organization","@id":"https:\/\/rutana.lt\/#organization","name":"Rutana - Ra\u0161tin\u0117s reikmenys","url":"https:\/\/rutana.lt\/","logo":{"@type":"ImageObject","inLanguage":"en-US","@id":"https:\/\/rutana.lt\/#\/schema\/logo\/image\/","url":"https:\/\/rutana.lt\/wp-content\/uploads\/2025\/10\/Asset-32.png","contentUrl":"https:\/\/rutana.lt\/wp-content\/uploads\/2025\/10\/Asset-32.png","width":433,"height":119,"caption":"Rutana - Ra\u0161tin\u0117s reikmenys"},"image":{"@id":"https:\/\/rutana.lt\/#\/schema\/logo\/image\/"},"sameAs":["https:\/\/www.facebook.com\/RutanaKanceliarinesPrekes\/"]}]}},"_links":{"self":[{"href":"https:\/\/rutana.lt\/en\/wp-json\/wp\/v2\/product\/15769","targetHints":{"allow":["GET"]}}],"collection":[{"href":"https:\/\/rutana.lt\/en\/wp-json\/wp\/v2\/product"}],"about":[{"href":"https:\/\/rutana.lt\/en\/wp-json\/wp\/v2\/types\/product"}],"replies":[{"embeddable":true,"href":"https:\/\/rutana.lt\/en\/wp-json\/wp\/v2\/comments?post=15769"}],"version-history":[{"count":1,"href":"https:\/\/rutana.lt\/en\/wp-json\/wp\/v2\/product\/15769\/revisions"}],"predecessor-version":[{"id":15822,"href":"https:\/\/rutana.lt\/en\/wp-json\/wp\/v2\/product\/15769\/revisions\/15822"}],"wp:featuredmedia":[{"embeddable":true,"href":"https:\/\/rutana.lt\/en\/wp-json\/wp\/v2\/media\/28863"}],"wp:attachment":[{"href":"https:\/\/rutana.lt\/en\/wp-json\/wp\/v2\/media?parent=15769"}],"wp:term":[{"taxonomy":"product_brand","embeddable":true,"href":"https:\/\/rutana.lt\/en\/wp-json\/wp\/v2\/product_brand?post=15769"},{"taxonomy":"product_cat","embeddable":true,"href":"https:\/\/rutana.lt\/en\/wp-json\/wp\/v2\/product_cat?post=15769"},{"taxonomy":"product_tag","embeddable":true,"href":"https:\/\/rutana.lt\/en\/wp-json\/wp\/v2\/product_tag?post=15769"}],"curies":[{"name":"wp","href":"https:\/\/api.w.org\/{rel}","templated":true}]}}