{"id":15756,"date":"2025-09-03T09:41:42","date_gmt":"2025-09-03T07:41:42","guid":{"rendered":"https:\/\/rutana.webdemo.lt\/?post_type=product&#038;p=15756"},"modified":"2025-10-13T15:49:46","modified_gmt":"2025-10-13T13:49:46","slug":"rasalo-kapsules-4001-tp-6-vnt-trumpos-melynos-pelikan-301176","status":"publish","type":"product","link":"https:\/\/rutana.lt\/en\/product\/rasalo-kapsules-4001-tp-6-vnt-trumpos-melynos-pelikan-301176\/","title":{"rendered":"Ra\u0161alo kapsul\u0117s 4001 TP\/6 vnt. trumpos m\u0117lynos Pelikan 301176"},"content":{"rendered":"<p>Pelikan 4001 ra\u0161alas yra daugelio gamini\u0173, kurie pasitvirtino per daugel\u012f de\u0161imtme\u010di\u0173, dalis. D\u0117l formul\u0117s, kuri buvo i\u0161tobulinta iki smulkiausi\u0173 detali\u0173, \u012frodyta 4001 ra\u0161alo kokyb\u0117 yra nuolat u\u017etikrinama. Jie garantuoja tolyg\u0173 ra\u0161alo sraut\u0105, galing\u0105 ra\u0161ytin\u0119 i\u0161rai\u0161k\u0105 ir ry\u0161kias spalvas. Tikras vis\u0173 amat\u0173 k\u0117bulas. Klasikinis TP\/6 skirtas visiems Pelikan ir daugeliui kit\u0173 plunksnako\u010di\u0173.<\/p>\n<p>Ra\u0161alo spalva: m\u0117lyna<\/p>\n<p>D\u0117\u017eut\u0117je: 6 kapsul\u0117s ( kaina nurodyta u\u017e 6 vnt. )<\/p>\n<p>Kilm\u0117s \u0161alis: Vokietija<\/p>\n<p><\/p>","protected":false},"excerpt":{"rendered":"<p>Pelikan 4001 ra\u0161alas yra daugelio gamini\u0173, kurie pasitvirtino per daugel\u012f de\u0161imtme\u010di\u0173, dalis. D\u0117l formul\u0117s, kuri buvo i\u0161tobulinta iki smulkiausi\u0173 detali\u0173, \u012frodyta 4001 ra\u0161alo kokyb\u0117 yra nuolat u\u017etikrinama. Jie garantuoja tolyg\u0173 ra\u0161alo sraut\u0105, galing\u0105 ra\u0161ytin\u0119 i\u0161rai\u0161k\u0105 ir ry\u0161kias spalvas. Tikras vis\u0173 amat\u0173 k\u0117bulas. Klasikinis TP\/6 skirtas visiems Pelikan ir daugeliui kit\u0173 plunksnako\u010di\u0173. Ra\u0161alo spalva: m\u0117lyna D\u0117\u017eut\u0117je: [&hellip;]<\/p>","protected":false},"featured_media":28850,"comment_status":"open","ping_status":"closed","template":"","meta":{"_season_start":"","_season_end":"","_season_days":"","_season_months":"","_season_auto_visibility":""},"product_brand":[540],"product_cat":[1853],"product_tag":[],"class_list":{"0":"post-15756","1":"product","2":"type-product","3":"status-publish","4":"has-post-thumbnail","6":"product_brand-pelikan","7":"product_cat-rasalas-ir-priedai-parkeriams","9":"first","10":"instock","11":"taxable","12":"shipping-taxable","13":"purchasable","14":"product-type-simple"},"yoast_head":"<!-- This site is optimized with the Yoast SEO plugin v26.1.1 - https:\/\/yoast.com\/wordpress\/plugins\/seo\/ -->\n<title>Ra\u0161alo kapsul\u0117s 4001 TP\/6 vnt. trumpos m\u0117lynos Pelikan 301176 - Rutana - Ra\u0161tin\u0117s reikmenys<\/title>\n<meta name=\"robots\" content=\"index, follow, max-snippet:-1, max-image-preview:large, max-video-preview:-1\" \/>\n<link rel=\"canonical\" href=\"https:\/\/rutana.lt\/en\/product\/rasalo-kapsules-4001-tp-6-vnt-trumpos-melynos-pelikan-301176\/\" \/>\n<meta property=\"og:locale\" content=\"en_US\" \/>\n<meta property=\"og:type\" content=\"article\" \/>\n<meta property=\"og:title\" content=\"Ra\u0161alo kapsul\u0117s 4001 TP\/6 vnt. trumpos m\u0117lynos Pelikan 301176 - Rutana - Ra\u0161tin\u0117s reikmenys\" \/>\n<meta property=\"og:description\" content=\"Pelikan 4001 ra\u0161alas yra daugelio gamini\u0173, kurie pasitvirtino per daugel\u012f de\u0161imtme\u010di\u0173, dalis. D\u0117l formul\u0117s, kuri buvo i\u0161tobulinta iki smulkiausi\u0173 detali\u0173, \u012frodyta 4001 ra\u0161alo kokyb\u0117 yra nuolat u\u017etikrinama. Jie garantuoja tolyg\u0173 ra\u0161alo sraut\u0105, galing\u0105 ra\u0161ytin\u0119 i\u0161rai\u0161k\u0105 ir ry\u0161kias spalvas. Tikras vis\u0173 amat\u0173 k\u0117bulas. Klasikinis TP\/6 skirtas visiems Pelikan ir daugeliui kit\u0173 plunksnako\u010di\u0173. Ra\u0161alo spalva: m\u0117lyna D\u0117\u017eut\u0117je: [&hellip;]\" \/>\n<meta property=\"og:url\" content=\"https:\/\/rutana.lt\/en\/product\/rasalo-kapsules-4001-tp-6-vnt-trumpos-melynos-pelikan-301176\/\" \/>\n<meta property=\"og:site_name\" content=\"Rutana - Ra\u0161tin\u0117s reikmenys\" \/>\n<meta property=\"article:publisher\" content=\"https:\/\/www.facebook.com\/RutanaKanceliarinesPrekes\/\" \/>\n<meta property=\"article:modified_time\" content=\"2025-10-13T13:49:46+00:00\" \/>\n<meta property=\"og:image\" content=\"https:\/\/rutana.lt\/wp-content\/uploads\/2025\/09\/C071-019-1.jpg\" \/>\n\t<meta property=\"og:image:width\" content=\"500\" \/>\n\t<meta property=\"og:image:height\" content=\"500\" \/>\n\t<meta property=\"og:image:type\" content=\"image\/jpeg\" \/>\n<meta name=\"twitter:card\" content=\"summary_large_image\" \/>\n<script type=\"application\/ld+json\" class=\"yoast-schema-graph\">{\"@context\":\"https:\/\/schema.org\",\"@graph\":[{\"@type\":\"WebPage\",\"@id\":\"https:\/\/rutana.lt\/produktas\/rasalo-kapsules-4001-tp-6-vnt-trumpos-melynos-pelikan-301176\/\",\"url\":\"https:\/\/rutana.lt\/produktas\/rasalo-kapsules-4001-tp-6-vnt-trumpos-melynos-pelikan-301176\/\",\"name\":\"Ra\u0161alo kapsul\u0117s 4001 TP\/6 vnt. trumpos m\u0117lynos Pelikan 301176 - Rutana - Ra\u0161tin\u0117s reikmenys\",\"isPartOf\":{\"@id\":\"https:\/\/rutana.lt\/#website\"},\"primaryImageOfPage\":{\"@id\":\"https:\/\/rutana.lt\/produktas\/rasalo-kapsules-4001-tp-6-vnt-trumpos-melynos-pelikan-301176\/#primaryimage\"},\"image\":{\"@id\":\"https:\/\/rutana.lt\/produktas\/rasalo-kapsules-4001-tp-6-vnt-trumpos-melynos-pelikan-301176\/#primaryimage\"},\"thumbnailUrl\":\"https:\/\/rutana.lt\/wp-content\/uploads\/2025\/09\/C071-019-1-1.jpg?v=1763565681\",\"datePublished\":\"2025-09-03T07:41:42+00:00\",\"dateModified\":\"2025-10-13T13:49:46+00:00\",\"breadcrumb\":{\"@id\":\"https:\/\/rutana.lt\/produktas\/rasalo-kapsules-4001-tp-6-vnt-trumpos-melynos-pelikan-301176\/#breadcrumb\"},\"inLanguage\":\"en-US\",\"potentialAction\":[{\"@type\":\"ReadAction\",\"target\":[\"https:\/\/rutana.lt\/produktas\/rasalo-kapsules-4001-tp-6-vnt-trumpos-melynos-pelikan-301176\/\"]}]},{\"@type\":\"ImageObject\",\"inLanguage\":\"en-US\",\"@id\":\"https:\/\/rutana.lt\/produktas\/rasalo-kapsules-4001-tp-6-vnt-trumpos-melynos-pelikan-301176\/#primaryimage\",\"url\":\"https:\/\/rutana.lt\/wp-content\/uploads\/2025\/09\/C071-019-1-1.jpg?v=1763565681\",\"contentUrl\":\"https:\/\/rutana.lt\/wp-content\/uploads\/2025\/09\/C071-019-1-1.jpg?v=1763565681\",\"width\":500,\"height\":500},{\"@type\":\"BreadcrumbList\",\"@id\":\"https:\/\/rutana.lt\/produktas\/rasalo-kapsules-4001-tp-6-vnt-trumpos-melynos-pelikan-301176\/#breadcrumb\",\"itemListElement\":[{\"@type\":\"ListItem\",\"position\":1,\"name\":\"Home\",\"item\":\"https:\/\/rutana.lt\/\"},{\"@type\":\"ListItem\",\"position\":2,\"name\":\"Parduotuv\u0117\",\"item\":\"https:\/\/rutana.lt\/parduotuve\/\"},{\"@type\":\"ListItem\",\"position\":3,\"name\":\"Ra\u0161alo kapsul\u0117s 4001 TP\/6 vnt. trumpos m\u0117lynos Pelikan 301176\"}]},{\"@type\":\"WebSite\",\"@id\":\"https:\/\/rutana.lt\/#website\",\"url\":\"https:\/\/rutana.lt\/\",\"name\":\"Rutana - Ra\u0161tin\u0117s reikmenys\",\"description\":\"Prekiaujame pasaulin\u0117je rinkoje pripa\u017eintomis, kokybi\u0161komis biuro prek\u0117mis toki\u0173  gamintoj\u0173 kaip: Schneider, Esselte, Novus, 3M, Faber-Castell, Citizen, Milan, Leitz, Colop, Zebra, Staedtler, Durable, Tork, Parker, Waterman ir kt.\",\"publisher\":{\"@id\":\"https:\/\/rutana.lt\/#organization\"},\"potentialAction\":[{\"@type\":\"SearchAction\",\"target\":{\"@type\":\"EntryPoint\",\"urlTemplate\":\"https:\/\/rutana.lt\/?s={search_term_string}\"},\"query-input\":{\"@type\":\"PropertyValueSpecification\",\"valueRequired\":true,\"valueName\":\"search_term_string\"}}],\"inLanguage\":\"en-US\"},{\"@type\":\"Organization\",\"@id\":\"https:\/\/rutana.lt\/#organization\",\"name\":\"Rutana - Ra\u0161tin\u0117s reikmenys\",\"url\":\"https:\/\/rutana.lt\/\",\"logo\":{\"@type\":\"ImageObject\",\"inLanguage\":\"en-US\",\"@id\":\"https:\/\/rutana.lt\/#\/schema\/logo\/image\/\",\"url\":\"https:\/\/rutana.lt\/wp-content\/uploads\/2025\/10\/Asset-32.png\",\"contentUrl\":\"https:\/\/rutana.lt\/wp-content\/uploads\/2025\/10\/Asset-32.png\",\"width\":433,\"height\":119,\"caption\":\"Rutana - Ra\u0161tin\u0117s reikmenys\"},\"image\":{\"@id\":\"https:\/\/rutana.lt\/#\/schema\/logo\/image\/\"},\"sameAs\":[\"https:\/\/www.facebook.com\/RutanaKanceliarinesPrekes\/\"]}]}<\/script>\n<!-- \/ Yoast SEO plugin. -->","yoast_head_json":{"title":"Ra\u0161alo kapsul\u0117s 4001 TP\/6 vnt. trumpos m\u0117lynos Pelikan 301176 - Rutana - Ra\u0161tin\u0117s reikmenys","robots":{"index":"index","follow":"follow","max-snippet":"max-snippet:-1","max-image-preview":"max-image-preview:large","max-video-preview":"max-video-preview:-1"},"canonical":"https:\/\/rutana.lt\/en\/product\/rasalo-kapsules-4001-tp-6-vnt-trumpos-melynos-pelikan-301176\/","og_locale":"en_US","og_type":"article","og_title":"Ra\u0161alo kapsul\u0117s 4001 TP\/6 vnt. trumpos m\u0117lynos Pelikan 301176 - Rutana - Ra\u0161tin\u0117s reikmenys","og_description":"Pelikan 4001 ra\u0161alas yra daugelio gamini\u0173, kurie pasitvirtino per daugel\u012f de\u0161imtme\u010di\u0173, dalis. D\u0117l formul\u0117s, kuri buvo i\u0161tobulinta iki smulkiausi\u0173 detali\u0173, \u012frodyta 4001 ra\u0161alo kokyb\u0117 yra nuolat u\u017etikrinama. Jie garantuoja tolyg\u0173 ra\u0161alo sraut\u0105, galing\u0105 ra\u0161ytin\u0119 i\u0161rai\u0161k\u0105 ir ry\u0161kias spalvas. Tikras vis\u0173 amat\u0173 k\u0117bulas. Klasikinis TP\/6 skirtas visiems Pelikan ir daugeliui kit\u0173 plunksnako\u010di\u0173. Ra\u0161alo spalva: m\u0117lyna D\u0117\u017eut\u0117je: [&hellip;]","og_url":"https:\/\/rutana.lt\/en\/product\/rasalo-kapsules-4001-tp-6-vnt-trumpos-melynos-pelikan-301176\/","og_site_name":"Rutana - Ra\u0161tin\u0117s reikmenys","article_publisher":"https:\/\/www.facebook.com\/RutanaKanceliarinesPrekes\/","article_modified_time":"2025-10-13T13:49:46+00:00","og_image":[{"width":500,"height":500,"url":"https:\/\/rutana.lt\/wp-content\/uploads\/2025\/09\/C071-019-1.jpg","type":"image\/jpeg"}],"twitter_card":"summary_large_image","schema":{"@context":"https:\/\/schema.org","@graph":[{"@type":"WebPage","@id":"https:\/\/rutana.lt\/produktas\/rasalo-kapsules-4001-tp-6-vnt-trumpos-melynos-pelikan-301176\/","url":"https:\/\/rutana.lt\/produktas\/rasalo-kapsules-4001-tp-6-vnt-trumpos-melynos-pelikan-301176\/","name":"Ra\u0161alo kapsul\u0117s 4001 TP\/6 vnt. trumpos m\u0117lynos Pelikan 301176 - Rutana - Ra\u0161tin\u0117s reikmenys","isPartOf":{"@id":"https:\/\/rutana.lt\/#website"},"primaryImageOfPage":{"@id":"https:\/\/rutana.lt\/produktas\/rasalo-kapsules-4001-tp-6-vnt-trumpos-melynos-pelikan-301176\/#primaryimage"},"image":{"@id":"https:\/\/rutana.lt\/produktas\/rasalo-kapsules-4001-tp-6-vnt-trumpos-melynos-pelikan-301176\/#primaryimage"},"thumbnailUrl":"https:\/\/rutana.lt\/wp-content\/uploads\/2025\/09\/C071-019-1-1.jpg?v=1763565681","datePublished":"2025-09-03T07:41:42+00:00","dateModified":"2025-10-13T13:49:46+00:00","breadcrumb":{"@id":"https:\/\/rutana.lt\/produktas\/rasalo-kapsules-4001-tp-6-vnt-trumpos-melynos-pelikan-301176\/#breadcrumb"},"inLanguage":"en-US","potentialAction":[{"@type":"ReadAction","target":["https:\/\/rutana.lt\/produktas\/rasalo-kapsules-4001-tp-6-vnt-trumpos-melynos-pelikan-301176\/"]}]},{"@type":"ImageObject","inLanguage":"en-US","@id":"https:\/\/rutana.lt\/produktas\/rasalo-kapsules-4001-tp-6-vnt-trumpos-melynos-pelikan-301176\/#primaryimage","url":"https:\/\/rutana.lt\/wp-content\/uploads\/2025\/09\/C071-019-1-1.jpg?v=1763565681","contentUrl":"https:\/\/rutana.lt\/wp-content\/uploads\/2025\/09\/C071-019-1-1.jpg?v=1763565681","width":500,"height":500},{"@type":"BreadcrumbList","@id":"https:\/\/rutana.lt\/produktas\/rasalo-kapsules-4001-tp-6-vnt-trumpos-melynos-pelikan-301176\/#breadcrumb","itemListElement":[{"@type":"ListItem","position":1,"name":"Home","item":"https:\/\/rutana.lt\/"},{"@type":"ListItem","position":2,"name":"Parduotuv\u0117","item":"https:\/\/rutana.lt\/parduotuve\/"},{"@type":"ListItem","position":3,"name":"Ra\u0161alo kapsul\u0117s 4001 TP\/6 vnt. trumpos m\u0117lynos Pelikan 301176"}]},{"@type":"WebSite","@id":"https:\/\/rutana.lt\/#website","url":"https:\/\/rutana.lt\/","name":"Rutana - Ra\u0161tin\u0117s reikmenys","description":"Prekiaujame pasaulin\u0117je rinkoje pripa\u017eintomis, kokybi\u0161komis biuro prek\u0117mis toki\u0173  gamintoj\u0173 kaip: Schneider, Esselte, Novus, 3M, Faber-Castell, Citizen, Milan, Leitz, Colop, Zebra, Staedtler, Durable, Tork, Parker, Waterman ir kt.","publisher":{"@id":"https:\/\/rutana.lt\/#organization"},"potentialAction":[{"@type":"SearchAction","target":{"@type":"EntryPoint","urlTemplate":"https:\/\/rutana.lt\/?s={search_term_string}"},"query-input":{"@type":"PropertyValueSpecification","valueRequired":true,"valueName":"search_term_string"}}],"inLanguage":"en-US"},{"@type":"Organization","@id":"https:\/\/rutana.lt\/#organization","name":"Rutana - Ra\u0161tin\u0117s reikmenys","url":"https:\/\/rutana.lt\/","logo":{"@type":"ImageObject","inLanguage":"en-US","@id":"https:\/\/rutana.lt\/#\/schema\/logo\/image\/","url":"https:\/\/rutana.lt\/wp-content\/uploads\/2025\/10\/Asset-32.png","contentUrl":"https:\/\/rutana.lt\/wp-content\/uploads\/2025\/10\/Asset-32.png","width":433,"height":119,"caption":"Rutana - Ra\u0161tin\u0117s reikmenys"},"image":{"@id":"https:\/\/rutana.lt\/#\/schema\/logo\/image\/"},"sameAs":["https:\/\/www.facebook.com\/RutanaKanceliarinesPrekes\/"]}]}},"_links":{"self":[{"href":"https:\/\/rutana.lt\/en\/wp-json\/wp\/v2\/product\/15756","targetHints":{"allow":["GET"]}}],"collection":[{"href":"https:\/\/rutana.lt\/en\/wp-json\/wp\/v2\/product"}],"about":[{"href":"https:\/\/rutana.lt\/en\/wp-json\/wp\/v2\/types\/product"}],"replies":[{"embeddable":true,"href":"https:\/\/rutana.lt\/en\/wp-json\/wp\/v2\/comments?post=15756"}],"version-history":[{"count":1,"href":"https:\/\/rutana.lt\/en\/wp-json\/wp\/v2\/product\/15756\/revisions"}],"predecessor-version":[{"id":15796,"href":"https:\/\/rutana.lt\/en\/wp-json\/wp\/v2\/product\/15756\/revisions\/15796"}],"wp:featuredmedia":[{"embeddable":true,"href":"https:\/\/rutana.lt\/en\/wp-json\/wp\/v2\/media\/28850"}],"wp:attachment":[{"href":"https:\/\/rutana.lt\/en\/wp-json\/wp\/v2\/media?parent=15756"}],"wp:term":[{"taxonomy":"product_brand","embeddable":true,"href":"https:\/\/rutana.lt\/en\/wp-json\/wp\/v2\/product_brand?post=15756"},{"taxonomy":"product_cat","embeddable":true,"href":"https:\/\/rutana.lt\/en\/wp-json\/wp\/v2\/product_cat?post=15756"},{"taxonomy":"product_tag","embeddable":true,"href":"https:\/\/rutana.lt\/en\/wp-json\/wp\/v2\/product_tag?post=15756"}],"curies":[{"name":"wp","href":"https:\/\/api.w.org\/{rel}","templated":true}]}}