{"id":15700,"date":"2025-09-03T09:41:20","date_gmt":"2025-09-03T07:41:20","guid":{"rendered":"https:\/\/rutana.webdemo.lt\/?post_type=product&#038;p=15700"},"modified":"2025-10-13T15:49:44","modified_gmt":"2025-10-13T13:49:44","slug":"guasas-12-spalvu-po-40-ml-gama-322042","status":"publish","type":"product","link":"https:\/\/rutana.lt\/en\/product\/guasas-12-spalvu-po-40-ml-gama-322042\/","title":{"rendered":"Gua\u0161as 12 spalv\u0173 po 40 ml Gama 322042"},"content":{"rendered":"<p>Gua\u0161as skirtas vaik\u0173 k\u016brybi\u0161kumui, meniniams, dekoratyviniams ir dizaino darbams atlikti. Da\u017eai yra pagaminti i\u0161 nat\u016brali\u0173 ingredient\u0173 ir auk\u0161tos kokyb\u0117s pigment\u0173. Tinka pie\u0161imui ant popieriaus, kartono, med\u017eio. I\u0161d\u017ei\u016bv\u0119 da\u017eai neblunka, \u012fgauna aksomin\u012f pavir\u0161i\u0173. Gua\u0161as lengvai nuplaunamas nuo rank\u0173 ir drabu\u017ei\u0173. Neturi nemalonaus kvapo. U\u017esukami indeliai. Kartonin\u0117 pakuot\u0117. Tinka vaikams nuo 3 met\u0173 am\u017eiaus. Atitinka CE reikalavimams.<\/p>\n<p>Spalvos: 12 x 40 ml<\/p>\n<p>Svoris: 480 g<\/p>\n<p>Kilm\u0117s \u0161alis: Ukraina<\/p>\n<p><\/p>\n<p><\/p><\/p>","protected":false},"excerpt":{"rendered":"<p>Gua\u0161as skirtas vaik\u0173 k\u016brybi\u0161kumui, meniniams, dekoratyviniams ir dizaino darbams atlikti. Da\u017eai yra pagaminti i\u0161 nat\u016brali\u0173 ingredient\u0173 ir auk\u0161tos kokyb\u0117s pigment\u0173. Tinka pie\u0161imui ant popieriaus, kartono, med\u017eio. I\u0161d\u017ei\u016bv\u0119 da\u017eai neblunka, \u012fgauna aksomin\u012f pavir\u0161i\u0173. Gua\u0161as lengvai nuplaunamas nuo rank\u0173 ir drabu\u017ei\u0173. Neturi nemalonaus kvapo. U\u017esukami indeliai. Kartonin\u0117 pakuot\u0117. Tinka vaikams nuo 3 met\u0173 am\u017eiaus. Atitinka CE reikalavimams. [&hellip;]<\/p>","protected":false},"featured_media":28842,"comment_status":"open","ping_status":"closed","template":"","meta":{"_season_start":"","_season_end":"","_season_days":"","_season_months":"","_season_auto_visibility":""},"product_brand":[515],"product_cat":[1659],"product_tag":[],"class_list":{"0":"post-15700","1":"product","2":"type-product","3":"status-publish","4":"has-post-thumbnail","6":"product_brand-gamma","7":"product_cat-guasas","9":"first","10":"instock","11":"taxable","12":"shipping-taxable","13":"purchasable","14":"product-type-simple"},"yoast_head":"<!-- This site is optimized with the Yoast SEO plugin v27.4 - https:\/\/yoast.com\/product\/yoast-seo-wordpress\/ -->\n<title>Gua\u0161as 12 spalv\u0173 po 40 ml Gama 322042 - Rutana - Ra\u0161tin\u0117s reikmenys<\/title>\n<meta name=\"robots\" content=\"index, follow, max-snippet:-1, max-image-preview:large, max-video-preview:-1\" \/>\n<link rel=\"canonical\" href=\"https:\/\/rutana.lt\/en\/product\/guasas-12-spalvu-po-40-ml-gama-322042\/\" \/>\n<meta property=\"og:locale\" content=\"en_US\" \/>\n<meta property=\"og:type\" content=\"article\" \/>\n<meta property=\"og:title\" content=\"Gua\u0161as 12 spalv\u0173 po 40 ml Gama 322042 - Rutana - Ra\u0161tin\u0117s reikmenys\" \/>\n<meta property=\"og:description\" content=\"Gua\u0161as skirtas vaik\u0173 k\u016brybi\u0161kumui, meniniams, dekoratyviniams ir dizaino darbams atlikti. Da\u017eai yra pagaminti i\u0161 nat\u016brali\u0173 ingredient\u0173 ir auk\u0161tos kokyb\u0117s pigment\u0173. Tinka pie\u0161imui ant popieriaus, kartono, med\u017eio. I\u0161d\u017ei\u016bv\u0119 da\u017eai neblunka, \u012fgauna aksomin\u012f pavir\u0161i\u0173. Gua\u0161as lengvai nuplaunamas nuo rank\u0173 ir drabu\u017ei\u0173. Neturi nemalonaus kvapo. U\u017esukami indeliai. Kartonin\u0117 pakuot\u0117. Tinka vaikams nuo 3 met\u0173 am\u017eiaus. Atitinka CE reikalavimams. [&hellip;]\" \/>\n<meta property=\"og:url\" content=\"https:\/\/rutana.lt\/en\/product\/guasas-12-spalvu-po-40-ml-gama-322042\/\" \/>\n<meta property=\"og:site_name\" content=\"Rutana - Ra\u0161tin\u0117s reikmenys\" \/>\n<meta property=\"article:publisher\" content=\"https:\/\/www.facebook.com\/RutanaKanceliarinesPrekes\/\" \/>\n<meta property=\"article:modified_time\" content=\"2025-10-13T13:49:44+00:00\" \/>\n<meta property=\"og:image\" content=\"https:\/\/rutana.lt\/wp-content\/uploads\/2025\/09\/D032-212.jpg\" \/>\n\t<meta property=\"og:image:width\" content=\"600\" \/>\n\t<meta property=\"og:image:height\" content=\"600\" \/>\n\t<meta property=\"og:image:type\" content=\"image\/jpeg\" \/>\n<meta name=\"twitter:card\" content=\"summary_large_image\" \/>\n<script type=\"application\/ld+json\" class=\"yoast-schema-graph\">{\"@context\":\"https:\\\/\\\/schema.org\",\"@graph\":[{\"@type\":\"WebPage\",\"@id\":\"https:\\\/\\\/rutana.lt\\\/produktas\\\/guasas-12-spalvu-po-40-ml-gama-322042\\\/\",\"url\":\"https:\\\/\\\/rutana.lt\\\/produktas\\\/guasas-12-spalvu-po-40-ml-gama-322042\\\/\",\"name\":\"Gua\u0161as 12 spalv\u0173 po 40 ml Gama 322042 - Rutana - Ra\u0161tin\u0117s reikmenys\",\"isPartOf\":{\"@id\":\"https:\\\/\\\/rutana.lt\\\/#website\"},\"primaryImageOfPage\":{\"@id\":\"https:\\\/\\\/rutana.lt\\\/produktas\\\/guasas-12-spalvu-po-40-ml-gama-322042\\\/#primaryimage\"},\"image\":{\"@id\":\"https:\\\/\\\/rutana.lt\\\/produktas\\\/guasas-12-spalvu-po-40-ml-gama-322042\\\/#primaryimage\"},\"thumbnailUrl\":\"https:\\\/\\\/rutana.lt\\\/wp-content\\\/uploads\\\/2025\\\/09\\\/D032-212-1.jpg?v=1763565693\",\"datePublished\":\"2025-09-03T07:41:20+00:00\",\"dateModified\":\"2025-10-13T13:49:44+00:00\",\"breadcrumb\":{\"@id\":\"https:\\\/\\\/rutana.lt\\\/produktas\\\/guasas-12-spalvu-po-40-ml-gama-322042\\\/#breadcrumb\"},\"inLanguage\":\"en-US\",\"potentialAction\":[{\"@type\":\"ReadAction\",\"target\":[\"https:\\\/\\\/rutana.lt\\\/produktas\\\/guasas-12-spalvu-po-40-ml-gama-322042\\\/\"]}]},{\"@type\":\"ImageObject\",\"inLanguage\":\"en-US\",\"@id\":\"https:\\\/\\\/rutana.lt\\\/produktas\\\/guasas-12-spalvu-po-40-ml-gama-322042\\\/#primaryimage\",\"url\":\"https:\\\/\\\/rutana.lt\\\/wp-content\\\/uploads\\\/2025\\\/09\\\/D032-212-1.jpg?v=1763565693\",\"contentUrl\":\"https:\\\/\\\/rutana.lt\\\/wp-content\\\/uploads\\\/2025\\\/09\\\/D032-212-1.jpg?v=1763565693\",\"width\":600,\"height\":600},{\"@type\":\"BreadcrumbList\",\"@id\":\"https:\\\/\\\/rutana.lt\\\/produktas\\\/guasas-12-spalvu-po-40-ml-gama-322042\\\/#breadcrumb\",\"itemListElement\":[{\"@type\":\"ListItem\",\"position\":1,\"name\":\"Home\",\"item\":\"https:\\\/\\\/rutana.lt\\\/\"},{\"@type\":\"ListItem\",\"position\":2,\"name\":\"Parduotuv\u0117\",\"item\":\"https:\\\/\\\/rutana.lt\\\/parduotuve\\\/\"},{\"@type\":\"ListItem\",\"position\":3,\"name\":\"Gua\u0161as 12 spalv\u0173 po 40 ml Gama 322042\"}]},{\"@type\":\"WebSite\",\"@id\":\"https:\\\/\\\/rutana.lt\\\/#website\",\"url\":\"https:\\\/\\\/rutana.lt\\\/\",\"name\":\"Rutana - Ra\u0161tin\u0117s reikmenys\",\"description\":\"Prekiaujame pasaulin\u0117je rinkoje pripa\u017eintomis, kokybi\u0161komis biuro prek\u0117mis toki\u0173  gamintoj\u0173 kaip: Schneider, Esselte, Novus, 3M, Faber-Castell, Citizen, Milan, Leitz, Colop, Zebra, Staedtler, Durable, Tork, Parker, Waterman ir kt.\",\"publisher\":{\"@id\":\"https:\\\/\\\/rutana.lt\\\/#organization\"},\"potentialAction\":[{\"@type\":\"SearchAction\",\"target\":{\"@type\":\"EntryPoint\",\"urlTemplate\":\"https:\\\/\\\/rutana.lt\\\/?s={search_term_string}\"},\"query-input\":{\"@type\":\"PropertyValueSpecification\",\"valueRequired\":true,\"valueName\":\"search_term_string\"}}],\"inLanguage\":\"en-US\"},{\"@type\":\"Organization\",\"@id\":\"https:\\\/\\\/rutana.lt\\\/#organization\",\"name\":\"Rutana - Ra\u0161tin\u0117s reikmenys\",\"url\":\"https:\\\/\\\/rutana.lt\\\/\",\"logo\":{\"@type\":\"ImageObject\",\"inLanguage\":\"en-US\",\"@id\":\"https:\\\/\\\/rutana.lt\\\/#\\\/schema\\\/logo\\\/image\\\/\",\"url\":\"https:\\\/\\\/rutana.lt\\\/wp-content\\\/uploads\\\/2025\\\/10\\\/Asset-32.png\",\"contentUrl\":\"https:\\\/\\\/rutana.lt\\\/wp-content\\\/uploads\\\/2025\\\/10\\\/Asset-32.png\",\"width\":433,\"height\":119,\"caption\":\"Rutana - Ra\u0161tin\u0117s reikmenys\"},\"image\":{\"@id\":\"https:\\\/\\\/rutana.lt\\\/#\\\/schema\\\/logo\\\/image\\\/\"},\"sameAs\":[\"https:\\\/\\\/www.facebook.com\\\/RutanaKanceliarinesPrekes\\\/\"]}]}<\/script>\n<!-- \/ Yoast SEO plugin. -->","yoast_head_json":{"title":"Gua\u0161as 12 spalv\u0173 po 40 ml Gama 322042 - Rutana - Ra\u0161tin\u0117s reikmenys","robots":{"index":"index","follow":"follow","max-snippet":"max-snippet:-1","max-image-preview":"max-image-preview:large","max-video-preview":"max-video-preview:-1"},"canonical":"https:\/\/rutana.lt\/en\/product\/guasas-12-spalvu-po-40-ml-gama-322042\/","og_locale":"en_US","og_type":"article","og_title":"Gua\u0161as 12 spalv\u0173 po 40 ml Gama 322042 - Rutana - Ra\u0161tin\u0117s reikmenys","og_description":"Gua\u0161as skirtas vaik\u0173 k\u016brybi\u0161kumui, meniniams, dekoratyviniams ir dizaino darbams atlikti. Da\u017eai yra pagaminti i\u0161 nat\u016brali\u0173 ingredient\u0173 ir auk\u0161tos kokyb\u0117s pigment\u0173. Tinka pie\u0161imui ant popieriaus, kartono, med\u017eio. I\u0161d\u017ei\u016bv\u0119 da\u017eai neblunka, \u012fgauna aksomin\u012f pavir\u0161i\u0173. Gua\u0161as lengvai nuplaunamas nuo rank\u0173 ir drabu\u017ei\u0173. Neturi nemalonaus kvapo. U\u017esukami indeliai. Kartonin\u0117 pakuot\u0117. Tinka vaikams nuo 3 met\u0173 am\u017eiaus. Atitinka CE reikalavimams. [&hellip;]","og_url":"https:\/\/rutana.lt\/en\/product\/guasas-12-spalvu-po-40-ml-gama-322042\/","og_site_name":"Rutana - Ra\u0161tin\u0117s reikmenys","article_publisher":"https:\/\/www.facebook.com\/RutanaKanceliarinesPrekes\/","article_modified_time":"2025-10-13T13:49:44+00:00","og_image":[{"width":600,"height":600,"url":"https:\/\/rutana.lt\/wp-content\/uploads\/2025\/09\/D032-212.jpg","type":"image\/jpeg"}],"twitter_card":"summary_large_image","schema":{"@context":"https:\/\/schema.org","@graph":[{"@type":"WebPage","@id":"https:\/\/rutana.lt\/produktas\/guasas-12-spalvu-po-40-ml-gama-322042\/","url":"https:\/\/rutana.lt\/produktas\/guasas-12-spalvu-po-40-ml-gama-322042\/","name":"Gua\u0161as 12 spalv\u0173 po 40 ml Gama 322042 - Rutana - Ra\u0161tin\u0117s reikmenys","isPartOf":{"@id":"https:\/\/rutana.lt\/#website"},"primaryImageOfPage":{"@id":"https:\/\/rutana.lt\/produktas\/guasas-12-spalvu-po-40-ml-gama-322042\/#primaryimage"},"image":{"@id":"https:\/\/rutana.lt\/produktas\/guasas-12-spalvu-po-40-ml-gama-322042\/#primaryimage"},"thumbnailUrl":"https:\/\/rutana.lt\/wp-content\/uploads\/2025\/09\/D032-212-1.jpg?v=1763565693","datePublished":"2025-09-03T07:41:20+00:00","dateModified":"2025-10-13T13:49:44+00:00","breadcrumb":{"@id":"https:\/\/rutana.lt\/produktas\/guasas-12-spalvu-po-40-ml-gama-322042\/#breadcrumb"},"inLanguage":"en-US","potentialAction":[{"@type":"ReadAction","target":["https:\/\/rutana.lt\/produktas\/guasas-12-spalvu-po-40-ml-gama-322042\/"]}]},{"@type":"ImageObject","inLanguage":"en-US","@id":"https:\/\/rutana.lt\/produktas\/guasas-12-spalvu-po-40-ml-gama-322042\/#primaryimage","url":"https:\/\/rutana.lt\/wp-content\/uploads\/2025\/09\/D032-212-1.jpg?v=1763565693","contentUrl":"https:\/\/rutana.lt\/wp-content\/uploads\/2025\/09\/D032-212-1.jpg?v=1763565693","width":600,"height":600},{"@type":"BreadcrumbList","@id":"https:\/\/rutana.lt\/produktas\/guasas-12-spalvu-po-40-ml-gama-322042\/#breadcrumb","itemListElement":[{"@type":"ListItem","position":1,"name":"Home","item":"https:\/\/rutana.lt\/"},{"@type":"ListItem","position":2,"name":"Parduotuv\u0117","item":"https:\/\/rutana.lt\/parduotuve\/"},{"@type":"ListItem","position":3,"name":"Gua\u0161as 12 spalv\u0173 po 40 ml Gama 322042"}]},{"@type":"WebSite","@id":"https:\/\/rutana.lt\/#website","url":"https:\/\/rutana.lt\/","name":"Rutana - Ra\u0161tin\u0117s reikmenys","description":"Prekiaujame pasaulin\u0117je rinkoje pripa\u017eintomis, kokybi\u0161komis biuro prek\u0117mis toki\u0173  gamintoj\u0173 kaip: Schneider, Esselte, Novus, 3M, Faber-Castell, Citizen, Milan, Leitz, Colop, Zebra, Staedtler, Durable, Tork, Parker, Waterman ir kt.","publisher":{"@id":"https:\/\/rutana.lt\/#organization"},"potentialAction":[{"@type":"SearchAction","target":{"@type":"EntryPoint","urlTemplate":"https:\/\/rutana.lt\/?s={search_term_string}"},"query-input":{"@type":"PropertyValueSpecification","valueRequired":true,"valueName":"search_term_string"}}],"inLanguage":"en-US"},{"@type":"Organization","@id":"https:\/\/rutana.lt\/#organization","name":"Rutana - Ra\u0161tin\u0117s reikmenys","url":"https:\/\/rutana.lt\/","logo":{"@type":"ImageObject","inLanguage":"en-US","@id":"https:\/\/rutana.lt\/#\/schema\/logo\/image\/","url":"https:\/\/rutana.lt\/wp-content\/uploads\/2025\/10\/Asset-32.png","contentUrl":"https:\/\/rutana.lt\/wp-content\/uploads\/2025\/10\/Asset-32.png","width":433,"height":119,"caption":"Rutana - Ra\u0161tin\u0117s reikmenys"},"image":{"@id":"https:\/\/rutana.lt\/#\/schema\/logo\/image\/"},"sameAs":["https:\/\/www.facebook.com\/RutanaKanceliarinesPrekes\/"]}]}},"_links":{"self":[{"href":"https:\/\/rutana.lt\/en\/wp-json\/wp\/v2\/product\/15700","targetHints":{"allow":["GET"]}}],"collection":[{"href":"https:\/\/rutana.lt\/en\/wp-json\/wp\/v2\/product"}],"about":[{"href":"https:\/\/rutana.lt\/en\/wp-json\/wp\/v2\/types\/product"}],"replies":[{"embeddable":true,"href":"https:\/\/rutana.lt\/en\/wp-json\/wp\/v2\/comments?post=15700"}],"version-history":[{"count":1,"href":"https:\/\/rutana.lt\/en\/wp-json\/wp\/v2\/product\/15700\/revisions"}],"predecessor-version":[{"id":15780,"href":"https:\/\/rutana.lt\/en\/wp-json\/wp\/v2\/product\/15700\/revisions\/15780"}],"wp:featuredmedia":[{"embeddable":true,"href":"https:\/\/rutana.lt\/en\/wp-json\/wp\/v2\/media\/28842"}],"wp:attachment":[{"href":"https:\/\/rutana.lt\/en\/wp-json\/wp\/v2\/media?parent=15700"}],"wp:term":[{"taxonomy":"product_brand","embeddable":true,"href":"https:\/\/rutana.lt\/en\/wp-json\/wp\/v2\/product_brand?post=15700"},{"taxonomy":"product_cat","embeddable":true,"href":"https:\/\/rutana.lt\/en\/wp-json\/wp\/v2\/product_cat?post=15700"},{"taxonomy":"product_tag","embeddable":true,"href":"https:\/\/rutana.lt\/en\/wp-json\/wp\/v2\/product_tag?post=15700"}],"curies":[{"name":"wp","href":"https:\/\/api.w.org\/{rel}","templated":true}]}}