{"id":15694,"date":"2025-09-03T09:41:20","date_gmt":"2025-09-03T07:41:20","guid":{"rendered":"https:\/\/rutana.webdemo.lt\/?post_type=product&#038;p=15694"},"modified":"2025-10-13T15:49:42","modified_gmt":"2025-10-13T13:49:42","slug":"parkeris-kapsulinis-ilo-p475-m-baltas-pelikan-817868","status":"publish","type":"product","link":"https:\/\/rutana.lt\/en\/product\/parkeris-kapsulinis-ilo-p475-m-baltas-pelikan-817868\/","title":{"rendered":"Parkeris kapsulinis ilo P475 M baltas Pelikan 817868"},"content":{"rendered":"<p>Grynas ra\u0161ymo d\u017eiaugsmas su Pelikan ilo plunksnako\u010diu. Pelikan ilo plunksnako\u010diai yra nauja madinga ra\u0161ymo priemon\u0117 paaugliams. Vokietijoje pagaminti plunksnako\u010diai \u017eada ne\u012ftik\u0117tin\u0105 d\u017eiaugsm\u0105, nes pavadinimas ilo rei\u0161kia d\u017eiaugsm\u0105 \u2013 ra\u0161ymo d\u017eiaugsm\u0105. Jei reikia ra\u0161yti ilgus ra\u0161inius ar egzaminus, \u201ePelikan\u201c plunksnako\u010diai u\u017etikrina nenutr\u016bkstam\u0105 ra\u0161ymo malonum\u0105, nejau\u010diant nuovargio pir\u0161tuose. D\u0117l savo siauros formos ir ma\u017eo svorio, ra\u0161ymas su ilo plunksnako\u010diu lengvas ir malonus. Tokiu b\u016bdu ra\u0161anti ranka yra optimaliai palaikoma. Tai ypa\u010d svarbu ra\u0161ant ilgus tekstus ar kuriant \u012fdomias istorijas. Unikali mink\u0161to prisilietimo sukibimo zona atpalaiduoja vidurin\u012fj\u012f pir\u0161t\u0105 ir apsaugo nuo \u012fprast\u0173 spaudimo ta\u0161k\u0173. D\u0117l papildomo, maloniai mink\u0161to pavir\u0161iaus apatin\u0117je rankenos pus\u0117je, \u0161\u012f \u201ePelikan\u201c ra\u0161ikl\u012f ypa\u010d patogu laikyti. Vizualiai ilo plunksnako\u010diai \u017eavi ne tik savo modernia forma, bet ir ne\u012fprasta dizaino strukt\u016bra. D\u0117l modernios ir nepastebimos strukt\u016bros Pelikan plunksnako\u010diai ilo yra ne tik ra\u0161ymo priemon\u0117. Prie to prisideda ir madingas spalv\u0173 derinys. Pagrindin\u0117 plunksnako\u010dio spalva atspindi unikali\u0105 pavir\u0161iaus strukt\u016br\u0105, o akcentin\u0117 spalva suteikia tai papildomai. M plo\u010dio ner\u016bdijan\u010dio plieno antgalis \u0161velniai slysta per popieri\u0173 ir mintis lengvai paver\u010dia ra\u0161tu. Be to, blizgantis sidabrinis antgalis u\u017etikrina mink\u0161t\u0105 ra\u0161ym\u0105 be \u012fbr\u0117\u017eim\u0173 ir neleid\u017eia nutek\u0117ti ra\u0161alui. D\u0117l prakti\u0161kos naujos mink\u0161to prisilietimo zonos, ilo plunksnako\u010diai vienodai tinka kairiarankiams ir de\u0161iniarankiams. Funkcinis segtukas ant dangtelio yra ne tik priedas, bet ir prakti\u0161ka apsauga nuo nuried\u0117jimo.<\/p>\n<p>Korpuso spalva: balta<\/p>\n<p>Plunksnos storis: M<\/p>\n<p>Kilm\u0117s \u0161alis: Vokietija<\/p>\n<p><\/p>\n<p><iframe src=\"\/\/www.youtube.com\/embed\/KMiTuPaNZh8\" width=\"640\" height=\"360\" frameborder=\"0\"><\/iframe><\/p>\n<p><\/p>\n<p><\/p>\n<p><\/p>","protected":false},"excerpt":{"rendered":"<p>Grynas ra\u0161ymo d\u017eiaugsmas su Pelikan ilo plunksnako\u010diu. Pelikan ilo plunksnako\u010diai yra nauja madinga ra\u0161ymo priemon\u0117 paaugliams. Vokietijoje pagaminti plunksnako\u010diai \u017eada ne\u012ftik\u0117tin\u0105 d\u017eiaugsm\u0105, nes pavadinimas ilo rei\u0161kia d\u017eiaugsm\u0105 \u2013 ra\u0161ymo d\u017eiaugsm\u0105. Jei reikia ra\u0161yti ilgus ra\u0161inius ar egzaminus, \u201ePelikan\u201c plunksnako\u010diai u\u017etikrina nenutr\u016bkstam\u0105 ra\u0161ymo malonum\u0105, nejau\u010diant nuovargio pir\u0161tuose. D\u0117l savo siauros formos ir ma\u017eo svorio, ra\u0161ymas su [&hellip;]<\/p>","protected":false},"featured_media":28836,"comment_status":"open","ping_status":"closed","template":"","meta":{"_season_start":"","_season_end":"","_season_days":"","_season_months":"","_season_auto_visibility":""},"product_brand":[540],"product_cat":[1537],"product_tag":[],"class_list":{"0":"post-15694","1":"product","2":"type-product","3":"status-publish","4":"has-post-thumbnail","6":"product_brand-pelikan","7":"product_cat-mokykliniai-parkeriai-mokyklines-prekes","9":"first","10":"instock","11":"taxable","12":"shipping-taxable","13":"purchasable","14":"product-type-simple"},"yoast_head":"<!-- This site is optimized with the Yoast SEO plugin v27.4 - https:\/\/yoast.com\/product\/yoast-seo-wordpress\/ -->\n<title>Parkeris kapsulinis ilo P475 M baltas Pelikan 817868 - Rutana - Ra\u0161tin\u0117s reikmenys<\/title>\n<meta name=\"robots\" content=\"index, follow, max-snippet:-1, max-image-preview:large, max-video-preview:-1\" \/>\n<link rel=\"canonical\" href=\"https:\/\/rutana.lt\/en\/product\/parkeris-kapsulinis-ilo-p475-m-baltas-pelikan-817868\/\" \/>\n<meta property=\"og:locale\" content=\"en_US\" \/>\n<meta property=\"og:type\" content=\"article\" \/>\n<meta property=\"og:title\" content=\"Parkeris kapsulinis ilo P475 M baltas Pelikan 817868 - Rutana - Ra\u0161tin\u0117s reikmenys\" \/>\n<meta property=\"og:description\" content=\"Grynas ra\u0161ymo d\u017eiaugsmas su Pelikan ilo plunksnako\u010diu. Pelikan ilo plunksnako\u010diai yra nauja madinga ra\u0161ymo priemon\u0117 paaugliams. Vokietijoje pagaminti plunksnako\u010diai \u017eada ne\u012ftik\u0117tin\u0105 d\u017eiaugsm\u0105, nes pavadinimas ilo rei\u0161kia d\u017eiaugsm\u0105 \u2013 ra\u0161ymo d\u017eiaugsm\u0105. Jei reikia ra\u0161yti ilgus ra\u0161inius ar egzaminus, \u201ePelikan\u201c plunksnako\u010diai u\u017etikrina nenutr\u016bkstam\u0105 ra\u0161ymo malonum\u0105, nejau\u010diant nuovargio pir\u0161tuose. D\u0117l savo siauros formos ir ma\u017eo svorio, ra\u0161ymas su [&hellip;]\" \/>\n<meta property=\"og:url\" content=\"https:\/\/rutana.lt\/en\/product\/parkeris-kapsulinis-ilo-p475-m-baltas-pelikan-817868\/\" \/>\n<meta property=\"og:site_name\" content=\"Rutana - Ra\u0161tin\u0117s reikmenys\" \/>\n<meta property=\"article:publisher\" content=\"https:\/\/www.facebook.com\/RutanaKanceliarinesPrekes\/\" \/>\n<meta property=\"article:modified_time\" content=\"2025-10-13T13:49:42+00:00\" \/>\n<meta property=\"og:image\" content=\"https:\/\/rutana.lt\/wp-content\/uploads\/2025\/09\/C051-169.jpg\" \/>\n\t<meta property=\"og:image:width\" content=\"600\" \/>\n\t<meta property=\"og:image:height\" content=\"600\" \/>\n\t<meta property=\"og:image:type\" content=\"image\/jpeg\" \/>\n<meta name=\"twitter:card\" content=\"summary_large_image\" \/>\n<meta name=\"twitter:label1\" content=\"Est. reading time\" \/>\n\t<meta name=\"twitter:data1\" content=\"1 minute\" \/>\n<script type=\"application\/ld+json\" class=\"yoast-schema-graph\">{\"@context\":\"https:\\\/\\\/schema.org\",\"@graph\":[{\"@type\":\"WebPage\",\"@id\":\"https:\\\/\\\/rutana.lt\\\/produktas\\\/parkeris-kapsulinis-ilo-p475-m-baltas-pelikan-817868\\\/\",\"url\":\"https:\\\/\\\/rutana.lt\\\/produktas\\\/parkeris-kapsulinis-ilo-p475-m-baltas-pelikan-817868\\\/\",\"name\":\"Parkeris kapsulinis ilo P475 M baltas Pelikan 817868 - Rutana - Ra\u0161tin\u0117s reikmenys\",\"isPartOf\":{\"@id\":\"https:\\\/\\\/rutana.lt\\\/#website\"},\"primaryImageOfPage\":{\"@id\":\"https:\\\/\\\/rutana.lt\\\/produktas\\\/parkeris-kapsulinis-ilo-p475-m-baltas-pelikan-817868\\\/#primaryimage\"},\"image\":{\"@id\":\"https:\\\/\\\/rutana.lt\\\/produktas\\\/parkeris-kapsulinis-ilo-p475-m-baltas-pelikan-817868\\\/#primaryimage\"},\"thumbnailUrl\":\"https:\\\/\\\/rutana.lt\\\/wp-content\\\/uploads\\\/2025\\\/09\\\/C051-169-1.jpg?v=1763565702\",\"datePublished\":\"2025-09-03T07:41:20+00:00\",\"dateModified\":\"2025-10-13T13:49:42+00:00\",\"breadcrumb\":{\"@id\":\"https:\\\/\\\/rutana.lt\\\/produktas\\\/parkeris-kapsulinis-ilo-p475-m-baltas-pelikan-817868\\\/#breadcrumb\"},\"inLanguage\":\"en-US\",\"potentialAction\":[{\"@type\":\"ReadAction\",\"target\":[\"https:\\\/\\\/rutana.lt\\\/produktas\\\/parkeris-kapsulinis-ilo-p475-m-baltas-pelikan-817868\\\/\"]}]},{\"@type\":\"ImageObject\",\"inLanguage\":\"en-US\",\"@id\":\"https:\\\/\\\/rutana.lt\\\/produktas\\\/parkeris-kapsulinis-ilo-p475-m-baltas-pelikan-817868\\\/#primaryimage\",\"url\":\"https:\\\/\\\/rutana.lt\\\/wp-content\\\/uploads\\\/2025\\\/09\\\/C051-169-1.jpg?v=1763565702\",\"contentUrl\":\"https:\\\/\\\/rutana.lt\\\/wp-content\\\/uploads\\\/2025\\\/09\\\/C051-169-1.jpg?v=1763565702\",\"width\":600,\"height\":600},{\"@type\":\"BreadcrumbList\",\"@id\":\"https:\\\/\\\/rutana.lt\\\/produktas\\\/parkeris-kapsulinis-ilo-p475-m-baltas-pelikan-817868\\\/#breadcrumb\",\"itemListElement\":[{\"@type\":\"ListItem\",\"position\":1,\"name\":\"Home\",\"item\":\"https:\\\/\\\/rutana.lt\\\/\"},{\"@type\":\"ListItem\",\"position\":2,\"name\":\"Parduotuv\u0117\",\"item\":\"https:\\\/\\\/rutana.lt\\\/parduotuve\\\/\"},{\"@type\":\"ListItem\",\"position\":3,\"name\":\"Parkeris kapsulinis ilo P475 M baltas Pelikan 817868\"}]},{\"@type\":\"WebSite\",\"@id\":\"https:\\\/\\\/rutana.lt\\\/#website\",\"url\":\"https:\\\/\\\/rutana.lt\\\/\",\"name\":\"Rutana - Ra\u0161tin\u0117s reikmenys\",\"description\":\"Prekiaujame pasaulin\u0117je rinkoje pripa\u017eintomis, kokybi\u0161komis biuro prek\u0117mis toki\u0173  gamintoj\u0173 kaip: Schneider, Esselte, Novus, 3M, Faber-Castell, Citizen, Milan, Leitz, Colop, Zebra, Staedtler, Durable, Tork, Parker, Waterman ir kt.\",\"publisher\":{\"@id\":\"https:\\\/\\\/rutana.lt\\\/#organization\"},\"potentialAction\":[{\"@type\":\"SearchAction\",\"target\":{\"@type\":\"EntryPoint\",\"urlTemplate\":\"https:\\\/\\\/rutana.lt\\\/?s={search_term_string}\"},\"query-input\":{\"@type\":\"PropertyValueSpecification\",\"valueRequired\":true,\"valueName\":\"search_term_string\"}}],\"inLanguage\":\"en-US\"},{\"@type\":\"Organization\",\"@id\":\"https:\\\/\\\/rutana.lt\\\/#organization\",\"name\":\"Rutana - Ra\u0161tin\u0117s reikmenys\",\"url\":\"https:\\\/\\\/rutana.lt\\\/\",\"logo\":{\"@type\":\"ImageObject\",\"inLanguage\":\"en-US\",\"@id\":\"https:\\\/\\\/rutana.lt\\\/#\\\/schema\\\/logo\\\/image\\\/\",\"url\":\"https:\\\/\\\/rutana.lt\\\/wp-content\\\/uploads\\\/2025\\\/10\\\/Asset-32.png\",\"contentUrl\":\"https:\\\/\\\/rutana.lt\\\/wp-content\\\/uploads\\\/2025\\\/10\\\/Asset-32.png\",\"width\":433,\"height\":119,\"caption\":\"Rutana - Ra\u0161tin\u0117s reikmenys\"},\"image\":{\"@id\":\"https:\\\/\\\/rutana.lt\\\/#\\\/schema\\\/logo\\\/image\\\/\"},\"sameAs\":[\"https:\\\/\\\/www.facebook.com\\\/RutanaKanceliarinesPrekes\\\/\"]}]}<\/script>\n<!-- \/ Yoast SEO plugin. -->","yoast_head_json":{"title":"Parkeris kapsulinis ilo P475 M baltas Pelikan 817868 - Rutana - Ra\u0161tin\u0117s reikmenys","robots":{"index":"index","follow":"follow","max-snippet":"max-snippet:-1","max-image-preview":"max-image-preview:large","max-video-preview":"max-video-preview:-1"},"canonical":"https:\/\/rutana.lt\/en\/product\/parkeris-kapsulinis-ilo-p475-m-baltas-pelikan-817868\/","og_locale":"en_US","og_type":"article","og_title":"Parkeris kapsulinis ilo P475 M baltas Pelikan 817868 - Rutana - Ra\u0161tin\u0117s reikmenys","og_description":"Grynas ra\u0161ymo d\u017eiaugsmas su Pelikan ilo plunksnako\u010diu. Pelikan ilo plunksnako\u010diai yra nauja madinga ra\u0161ymo priemon\u0117 paaugliams. Vokietijoje pagaminti plunksnako\u010diai \u017eada ne\u012ftik\u0117tin\u0105 d\u017eiaugsm\u0105, nes pavadinimas ilo rei\u0161kia d\u017eiaugsm\u0105 \u2013 ra\u0161ymo d\u017eiaugsm\u0105. Jei reikia ra\u0161yti ilgus ra\u0161inius ar egzaminus, \u201ePelikan\u201c plunksnako\u010diai u\u017etikrina nenutr\u016bkstam\u0105 ra\u0161ymo malonum\u0105, nejau\u010diant nuovargio pir\u0161tuose. D\u0117l savo siauros formos ir ma\u017eo svorio, ra\u0161ymas su [&hellip;]","og_url":"https:\/\/rutana.lt\/en\/product\/parkeris-kapsulinis-ilo-p475-m-baltas-pelikan-817868\/","og_site_name":"Rutana - Ra\u0161tin\u0117s reikmenys","article_publisher":"https:\/\/www.facebook.com\/RutanaKanceliarinesPrekes\/","article_modified_time":"2025-10-13T13:49:42+00:00","og_image":[{"width":600,"height":600,"url":"https:\/\/rutana.lt\/wp-content\/uploads\/2025\/09\/C051-169.jpg","type":"image\/jpeg"}],"twitter_card":"summary_large_image","twitter_misc":{"Est. reading time":"1 minute"},"schema":{"@context":"https:\/\/schema.org","@graph":[{"@type":"WebPage","@id":"https:\/\/rutana.lt\/produktas\/parkeris-kapsulinis-ilo-p475-m-baltas-pelikan-817868\/","url":"https:\/\/rutana.lt\/produktas\/parkeris-kapsulinis-ilo-p475-m-baltas-pelikan-817868\/","name":"Parkeris kapsulinis ilo P475 M baltas Pelikan 817868 - Rutana - Ra\u0161tin\u0117s reikmenys","isPartOf":{"@id":"https:\/\/rutana.lt\/#website"},"primaryImageOfPage":{"@id":"https:\/\/rutana.lt\/produktas\/parkeris-kapsulinis-ilo-p475-m-baltas-pelikan-817868\/#primaryimage"},"image":{"@id":"https:\/\/rutana.lt\/produktas\/parkeris-kapsulinis-ilo-p475-m-baltas-pelikan-817868\/#primaryimage"},"thumbnailUrl":"https:\/\/rutana.lt\/wp-content\/uploads\/2025\/09\/C051-169-1.jpg?v=1763565702","datePublished":"2025-09-03T07:41:20+00:00","dateModified":"2025-10-13T13:49:42+00:00","breadcrumb":{"@id":"https:\/\/rutana.lt\/produktas\/parkeris-kapsulinis-ilo-p475-m-baltas-pelikan-817868\/#breadcrumb"},"inLanguage":"en-US","potentialAction":[{"@type":"ReadAction","target":["https:\/\/rutana.lt\/produktas\/parkeris-kapsulinis-ilo-p475-m-baltas-pelikan-817868\/"]}]},{"@type":"ImageObject","inLanguage":"en-US","@id":"https:\/\/rutana.lt\/produktas\/parkeris-kapsulinis-ilo-p475-m-baltas-pelikan-817868\/#primaryimage","url":"https:\/\/rutana.lt\/wp-content\/uploads\/2025\/09\/C051-169-1.jpg?v=1763565702","contentUrl":"https:\/\/rutana.lt\/wp-content\/uploads\/2025\/09\/C051-169-1.jpg?v=1763565702","width":600,"height":600},{"@type":"BreadcrumbList","@id":"https:\/\/rutana.lt\/produktas\/parkeris-kapsulinis-ilo-p475-m-baltas-pelikan-817868\/#breadcrumb","itemListElement":[{"@type":"ListItem","position":1,"name":"Home","item":"https:\/\/rutana.lt\/"},{"@type":"ListItem","position":2,"name":"Parduotuv\u0117","item":"https:\/\/rutana.lt\/parduotuve\/"},{"@type":"ListItem","position":3,"name":"Parkeris kapsulinis ilo P475 M baltas Pelikan 817868"}]},{"@type":"WebSite","@id":"https:\/\/rutana.lt\/#website","url":"https:\/\/rutana.lt\/","name":"Rutana - Ra\u0161tin\u0117s reikmenys","description":"Prekiaujame pasaulin\u0117je rinkoje pripa\u017eintomis, kokybi\u0161komis biuro prek\u0117mis toki\u0173  gamintoj\u0173 kaip: Schneider, Esselte, Novus, 3M, Faber-Castell, Citizen, Milan, Leitz, Colop, Zebra, Staedtler, Durable, Tork, Parker, Waterman ir kt.","publisher":{"@id":"https:\/\/rutana.lt\/#organization"},"potentialAction":[{"@type":"SearchAction","target":{"@type":"EntryPoint","urlTemplate":"https:\/\/rutana.lt\/?s={search_term_string}"},"query-input":{"@type":"PropertyValueSpecification","valueRequired":true,"valueName":"search_term_string"}}],"inLanguage":"en-US"},{"@type":"Organization","@id":"https:\/\/rutana.lt\/#organization","name":"Rutana - Ra\u0161tin\u0117s reikmenys","url":"https:\/\/rutana.lt\/","logo":{"@type":"ImageObject","inLanguage":"en-US","@id":"https:\/\/rutana.lt\/#\/schema\/logo\/image\/","url":"https:\/\/rutana.lt\/wp-content\/uploads\/2025\/10\/Asset-32.png","contentUrl":"https:\/\/rutana.lt\/wp-content\/uploads\/2025\/10\/Asset-32.png","width":433,"height":119,"caption":"Rutana - Ra\u0161tin\u0117s reikmenys"},"image":{"@id":"https:\/\/rutana.lt\/#\/schema\/logo\/image\/"},"sameAs":["https:\/\/www.facebook.com\/RutanaKanceliarinesPrekes\/"]}]}},"_links":{"self":[{"href":"https:\/\/rutana.lt\/en\/wp-json\/wp\/v2\/product\/15694","targetHints":{"allow":["GET"]}}],"collection":[{"href":"https:\/\/rutana.lt\/en\/wp-json\/wp\/v2\/product"}],"about":[{"href":"https:\/\/rutana.lt\/en\/wp-json\/wp\/v2\/types\/product"}],"replies":[{"embeddable":true,"href":"https:\/\/rutana.lt\/en\/wp-json\/wp\/v2\/comments?post=15694"}],"version-history":[{"count":1,"href":"https:\/\/rutana.lt\/en\/wp-json\/wp\/v2\/product\/15694\/revisions"}],"predecessor-version":[{"id":15744,"href":"https:\/\/rutana.lt\/en\/wp-json\/wp\/v2\/product\/15694\/revisions\/15744"}],"wp:featuredmedia":[{"embeddable":true,"href":"https:\/\/rutana.lt\/en\/wp-json\/wp\/v2\/media\/28836"}],"wp:attachment":[{"href":"https:\/\/rutana.lt\/en\/wp-json\/wp\/v2\/media?parent=15694"}],"wp:term":[{"taxonomy":"product_brand","embeddable":true,"href":"https:\/\/rutana.lt\/en\/wp-json\/wp\/v2\/product_brand?post=15694"},{"taxonomy":"product_cat","embeddable":true,"href":"https:\/\/rutana.lt\/en\/wp-json\/wp\/v2\/product_cat?post=15694"},{"taxonomy":"product_tag","embeddable":true,"href":"https:\/\/rutana.lt\/en\/wp-json\/wp\/v2\/product_tag?post=15694"}],"curies":[{"name":"wp","href":"https:\/\/api.w.org\/{rel}","templated":true}]}}