{"id":15690,"date":"2025-09-03T09:41:20","date_gmt":"2025-09-03T07:41:20","guid":{"rendered":"https:\/\/rutana.webdemo.lt\/?post_type=product&#038;p=15690"},"modified":"2025-10-13T15:49:42","modified_gmt":"2025-10-13T13:49:42","slug":"parkeris-kapsulinis-pelikano-p480-f-raudonas-pelikan-803007","status":"publish","type":"product","link":"https:\/\/rutana.lt\/en\/product\/parkeris-kapsulinis-pelikano-p480-f-raudonas-pelikan-803007\/","title":{"rendered":"Parkeris kapsulinis Pelikano P480 F raudonas Pelikan 803007"},"content":{"rendered":"<p>Modernaus, \u0161iuolaiki\u0161ko dizaino kapsulinis parkeris skirtas naudoti tiek mokykloje, tiek biure. Pagamintas i\u0161 plastiko ir auk\u0161tos kokyb\u0117s aliuminio dangtelio. Mink\u0161ta ir neslidi ergonomin\u0117 laikymo zona. Tinkamas naudoti tik de\u0161iniarankiams. Tinka standartin\u0117s ra\u0161alo kapsul\u0117s. Parduodamas kartonin\u0117je d\u0117\u017eut\u0117je kartu su ilga m\u0117lynos spalvos kapsule.<\/p>\n<p>Korpuso spalva: raudona<\/p>\n<p>Plunksnos storis: F<\/p>\n<p>Kilm\u0117s \u0161alis: Vokietija<\/p>\n<p><\/p>\n<p><\/p>","protected":false},"excerpt":{"rendered":"<p>Modernaus, \u0161iuolaiki\u0161ko dizaino kapsulinis parkeris skirtas naudoti tiek mokykloje, tiek biure. Pagamintas i\u0161 plastiko ir auk\u0161tos kokyb\u0117s aliuminio dangtelio. Mink\u0161ta ir neslidi ergonomin\u0117 laikymo zona. Tinkamas naudoti tik de\u0161iniarankiams. Tinka standartin\u0117s ra\u0161alo kapsul\u0117s. Parduodamas kartonin\u0117je d\u0117\u017eut\u0117je kartu su ilga m\u0117lynos spalvos kapsule. Korpuso spalva: raudona Plunksnos storis: F Kilm\u0117s \u0161alis: Vokietija<\/p>","protected":false},"featured_media":28832,"comment_status":"open","ping_status":"closed","template":"","meta":{"_season_start":"","_season_end":"","_season_days":"","_season_months":"","_season_auto_visibility":""},"product_brand":[540],"product_cat":[1537],"product_tag":[],"class_list":{"0":"post-15690","1":"product","2":"type-product","3":"status-publish","4":"has-post-thumbnail","6":"product_brand-pelikan","7":"product_cat-mokykliniai-parkeriai-mokyklines-prekes","9":"first","10":"instock","11":"taxable","12":"shipping-taxable","13":"purchasable","14":"product-type-simple"},"yoast_head":"<!-- This site is optimized with the Yoast SEO plugin v27.4 - https:\/\/yoast.com\/product\/yoast-seo-wordpress\/ -->\n<title>Parkeris kapsulinis Pelikano P480 F raudonas Pelikan 803007 - Rutana - Ra\u0161tin\u0117s reikmenys<\/title>\n<meta name=\"robots\" content=\"index, follow, max-snippet:-1, max-image-preview:large, max-video-preview:-1\" \/>\n<link rel=\"canonical\" href=\"https:\/\/rutana.lt\/en\/product\/parkeris-kapsulinis-pelikano-p480-f-raudonas-pelikan-803007\/\" \/>\n<meta property=\"og:locale\" content=\"en_US\" \/>\n<meta property=\"og:type\" content=\"article\" \/>\n<meta property=\"og:title\" content=\"Parkeris kapsulinis Pelikano P480 F raudonas Pelikan 803007 - Rutana - Ra\u0161tin\u0117s reikmenys\" \/>\n<meta property=\"og:description\" content=\"Modernaus, \u0161iuolaiki\u0161ko dizaino kapsulinis parkeris skirtas naudoti tiek mokykloje, tiek biure. Pagamintas i\u0161 plastiko ir auk\u0161tos kokyb\u0117s aliuminio dangtelio. Mink\u0161ta ir neslidi ergonomin\u0117 laikymo zona. Tinkamas naudoti tik de\u0161iniarankiams. Tinka standartin\u0117s ra\u0161alo kapsul\u0117s. Parduodamas kartonin\u0117je d\u0117\u017eut\u0117je kartu su ilga m\u0117lynos spalvos kapsule. Korpuso spalva: raudona Plunksnos storis: F Kilm\u0117s \u0161alis: Vokietija\" \/>\n<meta property=\"og:url\" content=\"https:\/\/rutana.lt\/en\/product\/parkeris-kapsulinis-pelikano-p480-f-raudonas-pelikan-803007\/\" \/>\n<meta property=\"og:site_name\" content=\"Rutana - Ra\u0161tin\u0117s reikmenys\" \/>\n<meta property=\"article:publisher\" content=\"https:\/\/www.facebook.com\/RutanaKanceliarinesPrekes\/\" \/>\n<meta property=\"article:modified_time\" content=\"2025-10-13T13:49:42+00:00\" \/>\n<meta property=\"og:image\" content=\"https:\/\/rutana.lt\/wp-content\/uploads\/2025\/09\/C051-210.jpg\" \/>\n\t<meta property=\"og:image:width\" content=\"600\" \/>\n\t<meta property=\"og:image:height\" content=\"600\" \/>\n\t<meta property=\"og:image:type\" content=\"image\/jpeg\" \/>\n<meta name=\"twitter:card\" content=\"summary_large_image\" \/>\n<script type=\"application\/ld+json\" class=\"yoast-schema-graph\">{\"@context\":\"https:\\\/\\\/schema.org\",\"@graph\":[{\"@type\":\"WebPage\",\"@id\":\"https:\\\/\\\/rutana.lt\\\/produktas\\\/parkeris-kapsulinis-pelikano-p480-f-raudonas-pelikan-803007\\\/\",\"url\":\"https:\\\/\\\/rutana.lt\\\/produktas\\\/parkeris-kapsulinis-pelikano-p480-f-raudonas-pelikan-803007\\\/\",\"name\":\"Parkeris kapsulinis Pelikano P480 F raudonas Pelikan 803007 - Rutana - Ra\u0161tin\u0117s reikmenys\",\"isPartOf\":{\"@id\":\"https:\\\/\\\/rutana.lt\\\/#website\"},\"primaryImageOfPage\":{\"@id\":\"https:\\\/\\\/rutana.lt\\\/produktas\\\/parkeris-kapsulinis-pelikano-p480-f-raudonas-pelikan-803007\\\/#primaryimage\"},\"image\":{\"@id\":\"https:\\\/\\\/rutana.lt\\\/produktas\\\/parkeris-kapsulinis-pelikano-p480-f-raudonas-pelikan-803007\\\/#primaryimage\"},\"thumbnailUrl\":\"https:\\\/\\\/rutana.lt\\\/wp-content\\\/uploads\\\/2025\\\/09\\\/C051-210-1.jpg?v=1763565705\",\"datePublished\":\"2025-09-03T07:41:20+00:00\",\"dateModified\":\"2025-10-13T13:49:42+00:00\",\"breadcrumb\":{\"@id\":\"https:\\\/\\\/rutana.lt\\\/produktas\\\/parkeris-kapsulinis-pelikano-p480-f-raudonas-pelikan-803007\\\/#breadcrumb\"},\"inLanguage\":\"en-US\",\"potentialAction\":[{\"@type\":\"ReadAction\",\"target\":[\"https:\\\/\\\/rutana.lt\\\/produktas\\\/parkeris-kapsulinis-pelikano-p480-f-raudonas-pelikan-803007\\\/\"]}]},{\"@type\":\"ImageObject\",\"inLanguage\":\"en-US\",\"@id\":\"https:\\\/\\\/rutana.lt\\\/produktas\\\/parkeris-kapsulinis-pelikano-p480-f-raudonas-pelikan-803007\\\/#primaryimage\",\"url\":\"https:\\\/\\\/rutana.lt\\\/wp-content\\\/uploads\\\/2025\\\/09\\\/C051-210-1.jpg?v=1763565705\",\"contentUrl\":\"https:\\\/\\\/rutana.lt\\\/wp-content\\\/uploads\\\/2025\\\/09\\\/C051-210-1.jpg?v=1763565705\",\"width\":600,\"height\":600},{\"@type\":\"BreadcrumbList\",\"@id\":\"https:\\\/\\\/rutana.lt\\\/produktas\\\/parkeris-kapsulinis-pelikano-p480-f-raudonas-pelikan-803007\\\/#breadcrumb\",\"itemListElement\":[{\"@type\":\"ListItem\",\"position\":1,\"name\":\"Home\",\"item\":\"https:\\\/\\\/rutana.lt\\\/\"},{\"@type\":\"ListItem\",\"position\":2,\"name\":\"Parduotuv\u0117\",\"item\":\"https:\\\/\\\/rutana.lt\\\/parduotuve\\\/\"},{\"@type\":\"ListItem\",\"position\":3,\"name\":\"Parkeris kapsulinis Pelikano P480 F raudonas Pelikan 803007\"}]},{\"@type\":\"WebSite\",\"@id\":\"https:\\\/\\\/rutana.lt\\\/#website\",\"url\":\"https:\\\/\\\/rutana.lt\\\/\",\"name\":\"Rutana - Ra\u0161tin\u0117s reikmenys\",\"description\":\"Prekiaujame pasaulin\u0117je rinkoje pripa\u017eintomis, kokybi\u0161komis biuro prek\u0117mis toki\u0173  gamintoj\u0173 kaip: Schneider, Esselte, Novus, 3M, Faber-Castell, Citizen, Milan, Leitz, Colop, Zebra, Staedtler, Durable, Tork, Parker, Waterman ir kt.\",\"publisher\":{\"@id\":\"https:\\\/\\\/rutana.lt\\\/#organization\"},\"potentialAction\":[{\"@type\":\"SearchAction\",\"target\":{\"@type\":\"EntryPoint\",\"urlTemplate\":\"https:\\\/\\\/rutana.lt\\\/?s={search_term_string}\"},\"query-input\":{\"@type\":\"PropertyValueSpecification\",\"valueRequired\":true,\"valueName\":\"search_term_string\"}}],\"inLanguage\":\"en-US\"},{\"@type\":\"Organization\",\"@id\":\"https:\\\/\\\/rutana.lt\\\/#organization\",\"name\":\"Rutana - Ra\u0161tin\u0117s reikmenys\",\"url\":\"https:\\\/\\\/rutana.lt\\\/\",\"logo\":{\"@type\":\"ImageObject\",\"inLanguage\":\"en-US\",\"@id\":\"https:\\\/\\\/rutana.lt\\\/#\\\/schema\\\/logo\\\/image\\\/\",\"url\":\"https:\\\/\\\/rutana.lt\\\/wp-content\\\/uploads\\\/2025\\\/10\\\/Asset-32.png\",\"contentUrl\":\"https:\\\/\\\/rutana.lt\\\/wp-content\\\/uploads\\\/2025\\\/10\\\/Asset-32.png\",\"width\":433,\"height\":119,\"caption\":\"Rutana - Ra\u0161tin\u0117s reikmenys\"},\"image\":{\"@id\":\"https:\\\/\\\/rutana.lt\\\/#\\\/schema\\\/logo\\\/image\\\/\"},\"sameAs\":[\"https:\\\/\\\/www.facebook.com\\\/RutanaKanceliarinesPrekes\\\/\"]}]}<\/script>\n<!-- \/ Yoast SEO plugin. -->","yoast_head_json":{"title":"Parkeris kapsulinis Pelikano P480 F raudonas Pelikan 803007 - Rutana - Ra\u0161tin\u0117s reikmenys","robots":{"index":"index","follow":"follow","max-snippet":"max-snippet:-1","max-image-preview":"max-image-preview:large","max-video-preview":"max-video-preview:-1"},"canonical":"https:\/\/rutana.lt\/en\/product\/parkeris-kapsulinis-pelikano-p480-f-raudonas-pelikan-803007\/","og_locale":"en_US","og_type":"article","og_title":"Parkeris kapsulinis Pelikano P480 F raudonas Pelikan 803007 - Rutana - Ra\u0161tin\u0117s reikmenys","og_description":"Modernaus, \u0161iuolaiki\u0161ko dizaino kapsulinis parkeris skirtas naudoti tiek mokykloje, tiek biure. Pagamintas i\u0161 plastiko ir auk\u0161tos kokyb\u0117s aliuminio dangtelio. Mink\u0161ta ir neslidi ergonomin\u0117 laikymo zona. Tinkamas naudoti tik de\u0161iniarankiams. Tinka standartin\u0117s ra\u0161alo kapsul\u0117s. Parduodamas kartonin\u0117je d\u0117\u017eut\u0117je kartu su ilga m\u0117lynos spalvos kapsule. Korpuso spalva: raudona Plunksnos storis: F Kilm\u0117s \u0161alis: Vokietija","og_url":"https:\/\/rutana.lt\/en\/product\/parkeris-kapsulinis-pelikano-p480-f-raudonas-pelikan-803007\/","og_site_name":"Rutana - Ra\u0161tin\u0117s reikmenys","article_publisher":"https:\/\/www.facebook.com\/RutanaKanceliarinesPrekes\/","article_modified_time":"2025-10-13T13:49:42+00:00","og_image":[{"width":600,"height":600,"url":"https:\/\/rutana.lt\/wp-content\/uploads\/2025\/09\/C051-210.jpg","type":"image\/jpeg"}],"twitter_card":"summary_large_image","schema":{"@context":"https:\/\/schema.org","@graph":[{"@type":"WebPage","@id":"https:\/\/rutana.lt\/produktas\/parkeris-kapsulinis-pelikano-p480-f-raudonas-pelikan-803007\/","url":"https:\/\/rutana.lt\/produktas\/parkeris-kapsulinis-pelikano-p480-f-raudonas-pelikan-803007\/","name":"Parkeris kapsulinis Pelikano P480 F raudonas Pelikan 803007 - Rutana - Ra\u0161tin\u0117s reikmenys","isPartOf":{"@id":"https:\/\/rutana.lt\/#website"},"primaryImageOfPage":{"@id":"https:\/\/rutana.lt\/produktas\/parkeris-kapsulinis-pelikano-p480-f-raudonas-pelikan-803007\/#primaryimage"},"image":{"@id":"https:\/\/rutana.lt\/produktas\/parkeris-kapsulinis-pelikano-p480-f-raudonas-pelikan-803007\/#primaryimage"},"thumbnailUrl":"https:\/\/rutana.lt\/wp-content\/uploads\/2025\/09\/C051-210-1.jpg?v=1763565705","datePublished":"2025-09-03T07:41:20+00:00","dateModified":"2025-10-13T13:49:42+00:00","breadcrumb":{"@id":"https:\/\/rutana.lt\/produktas\/parkeris-kapsulinis-pelikano-p480-f-raudonas-pelikan-803007\/#breadcrumb"},"inLanguage":"en-US","potentialAction":[{"@type":"ReadAction","target":["https:\/\/rutana.lt\/produktas\/parkeris-kapsulinis-pelikano-p480-f-raudonas-pelikan-803007\/"]}]},{"@type":"ImageObject","inLanguage":"en-US","@id":"https:\/\/rutana.lt\/produktas\/parkeris-kapsulinis-pelikano-p480-f-raudonas-pelikan-803007\/#primaryimage","url":"https:\/\/rutana.lt\/wp-content\/uploads\/2025\/09\/C051-210-1.jpg?v=1763565705","contentUrl":"https:\/\/rutana.lt\/wp-content\/uploads\/2025\/09\/C051-210-1.jpg?v=1763565705","width":600,"height":600},{"@type":"BreadcrumbList","@id":"https:\/\/rutana.lt\/produktas\/parkeris-kapsulinis-pelikano-p480-f-raudonas-pelikan-803007\/#breadcrumb","itemListElement":[{"@type":"ListItem","position":1,"name":"Home","item":"https:\/\/rutana.lt\/"},{"@type":"ListItem","position":2,"name":"Parduotuv\u0117","item":"https:\/\/rutana.lt\/parduotuve\/"},{"@type":"ListItem","position":3,"name":"Parkeris kapsulinis Pelikano P480 F raudonas Pelikan 803007"}]},{"@type":"WebSite","@id":"https:\/\/rutana.lt\/#website","url":"https:\/\/rutana.lt\/","name":"Rutana - Ra\u0161tin\u0117s reikmenys","description":"Prekiaujame pasaulin\u0117je rinkoje pripa\u017eintomis, kokybi\u0161komis biuro prek\u0117mis toki\u0173  gamintoj\u0173 kaip: Schneider, Esselte, Novus, 3M, Faber-Castell, Citizen, Milan, Leitz, Colop, Zebra, Staedtler, Durable, Tork, Parker, Waterman ir kt.","publisher":{"@id":"https:\/\/rutana.lt\/#organization"},"potentialAction":[{"@type":"SearchAction","target":{"@type":"EntryPoint","urlTemplate":"https:\/\/rutana.lt\/?s={search_term_string}"},"query-input":{"@type":"PropertyValueSpecification","valueRequired":true,"valueName":"search_term_string"}}],"inLanguage":"en-US"},{"@type":"Organization","@id":"https:\/\/rutana.lt\/#organization","name":"Rutana - Ra\u0161tin\u0117s reikmenys","url":"https:\/\/rutana.lt\/","logo":{"@type":"ImageObject","inLanguage":"en-US","@id":"https:\/\/rutana.lt\/#\/schema\/logo\/image\/","url":"https:\/\/rutana.lt\/wp-content\/uploads\/2025\/10\/Asset-32.png","contentUrl":"https:\/\/rutana.lt\/wp-content\/uploads\/2025\/10\/Asset-32.png","width":433,"height":119,"caption":"Rutana - Ra\u0161tin\u0117s reikmenys"},"image":{"@id":"https:\/\/rutana.lt\/#\/schema\/logo\/image\/"},"sameAs":["https:\/\/www.facebook.com\/RutanaKanceliarinesPrekes\/"]}]}},"_links":{"self":[{"href":"https:\/\/rutana.lt\/en\/wp-json\/wp\/v2\/product\/15690","targetHints":{"allow":["GET"]}}],"collection":[{"href":"https:\/\/rutana.lt\/en\/wp-json\/wp\/v2\/product"}],"about":[{"href":"https:\/\/rutana.lt\/en\/wp-json\/wp\/v2\/types\/product"}],"replies":[{"embeddable":true,"href":"https:\/\/rutana.lt\/en\/wp-json\/wp\/v2\/comments?post=15690"}],"version-history":[{"count":1,"href":"https:\/\/rutana.lt\/en\/wp-json\/wp\/v2\/product\/15690\/revisions"}],"predecessor-version":[{"id":15736,"href":"https:\/\/rutana.lt\/en\/wp-json\/wp\/v2\/product\/15690\/revisions\/15736"}],"wp:featuredmedia":[{"embeddable":true,"href":"https:\/\/rutana.lt\/en\/wp-json\/wp\/v2\/media\/28832"}],"wp:attachment":[{"href":"https:\/\/rutana.lt\/en\/wp-json\/wp\/v2\/media?parent=15690"}],"wp:term":[{"taxonomy":"product_brand","embeddable":true,"href":"https:\/\/rutana.lt\/en\/wp-json\/wp\/v2\/product_brand?post=15690"},{"taxonomy":"product_cat","embeddable":true,"href":"https:\/\/rutana.lt\/en\/wp-json\/wp\/v2\/product_cat?post=15690"},{"taxonomy":"product_tag","embeddable":true,"href":"https:\/\/rutana.lt\/en\/wp-json\/wp\/v2\/product_tag?post=15690"}],"curies":[{"name":"wp","href":"https:\/\/api.w.org\/{rel}","templated":true}]}}