{"id":15624,"date":"2025-09-03T09:40:59","date_gmt":"2025-09-03T07:40:59","guid":{"rendered":"https:\/\/rutana.webdemo.lt\/?post_type=product&#038;p=15624"},"modified":"2025-10-13T15:49:31","modified_gmt":"2025-10-13T13:49:31","slug":"automatinis-rasiklis-istrinamas-koala-melynas-colorino-02688ptr","status":"publish","type":"product","link":"https:\/\/rutana.lt\/en\/product\/automatinis-rasiklis-istrinamas-koala-melynas-colorino-02688ptr\/","title":{"rendered":"Automatinis ra\u0161iklis i\u0161trinamas &#8222;Koala&#8221; m\u0117lynas Colorino 02688PTR"},"content":{"rendered":"<p>Vaiki\u0161kas, spalvotu korpusu i\u0161 plastiko, automatinis ra\u0161iklis, kuriuo u\u017era\u0161yt\u0105 tekst\u0105 galima i\u0161trinti kitu ra\u0161iklio galu. Ant ra\u0161iklio spaud\u017eiamo elemento sukomponuota \u017eaisminga fig\u016br\u0117l\u0117, kuri suteikia ra\u0161ikliui vaiki\u0161k\u0105 patrauklum\u0105. Kei\u010diama \u0161erdel\u0117, kurios ilgis 110 mm.<\/p>\n<p>Br\u0117\u017eio storis: 0.5 mm<\/p>\n<p>Tu\u0161o spalva: m\u0117lyna<\/p>","protected":false},"excerpt":{"rendered":"<p>Vaiki\u0161kas, spalvotu korpusu i\u0161 plastiko, automatinis ra\u0161iklis, kuriuo u\u017era\u0161yt\u0105 tekst\u0105 galima i\u0161trinti kitu ra\u0161iklio galu. Ant ra\u0161iklio spaud\u017eiamo elemento sukomponuota \u017eaisminga fig\u016br\u0117l\u0117, kuri suteikia ra\u0161ikliui vaiki\u0161k\u0105 patrauklum\u0105. Kei\u010diama \u0161erdel\u0117, kurios ilgis 110 mm. Br\u0117\u017eio storis: 0.5 mm Tu\u0161o spalva: m\u0117lyna<\/p>","protected":false},"featured_media":28810,"comment_status":"open","ping_status":"closed","template":"","meta":{"_season_start":"","_season_end":"","_season_days":"","_season_months":"","_season_auto_visibility":""},"product_brand":[723],"product_cat":[1747],"product_tag":[],"class_list":{"0":"post-15624","1":"product","2":"type-product","3":"status-publish","4":"has-post-thumbnail","6":"product_brand-colorino","7":"product_cat-geliniai-rasikliai","9":"first","10":"instock","11":"taxable","12":"shipping-taxable","13":"purchasable","14":"product-type-simple"},"yoast_head":"<!-- This site is optimized with the Yoast SEO plugin v27.4 - https:\/\/yoast.com\/product\/yoast-seo-wordpress\/ -->\n<title>Automatinis ra\u0161iklis i\u0161trinamas &quot;Koala&quot; m\u0117lynas Colorino 02688PTR - Rutana - Ra\u0161tin\u0117s reikmenys<\/title>\n<meta name=\"robots\" content=\"index, follow, max-snippet:-1, max-image-preview:large, max-video-preview:-1\" \/>\n<link rel=\"canonical\" href=\"https:\/\/rutana.lt\/en\/product\/automatinis-rasiklis-istrinamas-koala-melynas-colorino-02688ptr\/\" \/>\n<meta property=\"og:locale\" content=\"en_US\" \/>\n<meta property=\"og:type\" content=\"article\" \/>\n<meta property=\"og:title\" content=\"Automatinis ra\u0161iklis i\u0161trinamas &quot;Koala&quot; m\u0117lynas Colorino 02688PTR - Rutana - Ra\u0161tin\u0117s reikmenys\" \/>\n<meta property=\"og:description\" content=\"Vaiki\u0161kas, spalvotu korpusu i\u0161 plastiko, automatinis ra\u0161iklis, kuriuo u\u017era\u0161yt\u0105 tekst\u0105 galima i\u0161trinti kitu ra\u0161iklio galu. Ant ra\u0161iklio spaud\u017eiamo elemento sukomponuota \u017eaisminga fig\u016br\u0117l\u0117, kuri suteikia ra\u0161ikliui vaiki\u0161k\u0105 patrauklum\u0105. Kei\u010diama \u0161erdel\u0117, kurios ilgis 110 mm. Br\u0117\u017eio storis: 0.5 mm Tu\u0161o spalva: m\u0117lyna\" \/>\n<meta property=\"og:url\" content=\"https:\/\/rutana.lt\/en\/product\/automatinis-rasiklis-istrinamas-koala-melynas-colorino-02688ptr\/\" \/>\n<meta property=\"og:site_name\" content=\"Rutana - Ra\u0161tin\u0117s reikmenys\" \/>\n<meta property=\"article:publisher\" content=\"https:\/\/www.facebook.com\/RutanaKanceliarinesPrekes\/\" \/>\n<meta property=\"article:modified_time\" content=\"2025-10-13T13:49:31+00:00\" \/>\n<meta property=\"og:image\" content=\"https:\/\/rutana.lt\/wp-content\/uploads\/2025\/09\/C035-062.jpg\" \/>\n\t<meta property=\"og:image:width\" content=\"603\" \/>\n\t<meta property=\"og:image:height\" content=\"535\" \/>\n\t<meta property=\"og:image:type\" content=\"image\/jpeg\" \/>\n<meta name=\"twitter:card\" content=\"summary_large_image\" \/>\n<script type=\"application\/ld+json\" class=\"yoast-schema-graph\">{\"@context\":\"https:\\\/\\\/schema.org\",\"@graph\":[{\"@type\":\"WebPage\",\"@id\":\"https:\\\/\\\/rutana.lt\\\/produktas\\\/automatinis-rasiklis-istrinamas-koala-melynas-colorino-02688ptr\\\/\",\"url\":\"https:\\\/\\\/rutana.lt\\\/produktas\\\/automatinis-rasiklis-istrinamas-koala-melynas-colorino-02688ptr\\\/\",\"name\":\"Automatinis ra\u0161iklis i\u0161trinamas \\\"Koala\\\" m\u0117lynas Colorino 02688PTR - Rutana - Ra\u0161tin\u0117s reikmenys\",\"isPartOf\":{\"@id\":\"https:\\\/\\\/rutana.lt\\\/#website\"},\"primaryImageOfPage\":{\"@id\":\"https:\\\/\\\/rutana.lt\\\/produktas\\\/automatinis-rasiklis-istrinamas-koala-melynas-colorino-02688ptr\\\/#primaryimage\"},\"image\":{\"@id\":\"https:\\\/\\\/rutana.lt\\\/produktas\\\/automatinis-rasiklis-istrinamas-koala-melynas-colorino-02688ptr\\\/#primaryimage\"},\"thumbnailUrl\":\"https:\\\/\\\/rutana.lt\\\/wp-content\\\/uploads\\\/2025\\\/09\\\/C035-062-1.jpg?v=1763565737\",\"datePublished\":\"2025-09-03T07:40:59+00:00\",\"dateModified\":\"2025-10-13T13:49:31+00:00\",\"breadcrumb\":{\"@id\":\"https:\\\/\\\/rutana.lt\\\/produktas\\\/automatinis-rasiklis-istrinamas-koala-melynas-colorino-02688ptr\\\/#breadcrumb\"},\"inLanguage\":\"en-US\",\"potentialAction\":[{\"@type\":\"ReadAction\",\"target\":[\"https:\\\/\\\/rutana.lt\\\/produktas\\\/automatinis-rasiklis-istrinamas-koala-melynas-colorino-02688ptr\\\/\"]}]},{\"@type\":\"ImageObject\",\"inLanguage\":\"en-US\",\"@id\":\"https:\\\/\\\/rutana.lt\\\/produktas\\\/automatinis-rasiklis-istrinamas-koala-melynas-colorino-02688ptr\\\/#primaryimage\",\"url\":\"https:\\\/\\\/rutana.lt\\\/wp-content\\\/uploads\\\/2025\\\/09\\\/C035-062-1.jpg?v=1763565737\",\"contentUrl\":\"https:\\\/\\\/rutana.lt\\\/wp-content\\\/uploads\\\/2025\\\/09\\\/C035-062-1.jpg?v=1763565737\",\"width\":603,\"height\":535},{\"@type\":\"BreadcrumbList\",\"@id\":\"https:\\\/\\\/rutana.lt\\\/produktas\\\/automatinis-rasiklis-istrinamas-koala-melynas-colorino-02688ptr\\\/#breadcrumb\",\"itemListElement\":[{\"@type\":\"ListItem\",\"position\":1,\"name\":\"Home\",\"item\":\"https:\\\/\\\/rutana.lt\\\/\"},{\"@type\":\"ListItem\",\"position\":2,\"name\":\"Parduotuv\u0117\",\"item\":\"https:\\\/\\\/rutana.lt\\\/parduotuve\\\/\"},{\"@type\":\"ListItem\",\"position\":3,\"name\":\"Automatinis ra\u0161iklis i\u0161trinamas &#8222;Koala&#8221; m\u0117lynas Colorino 02688PTR\"}]},{\"@type\":\"WebSite\",\"@id\":\"https:\\\/\\\/rutana.lt\\\/#website\",\"url\":\"https:\\\/\\\/rutana.lt\\\/\",\"name\":\"Rutana - Ra\u0161tin\u0117s reikmenys\",\"description\":\"Prekiaujame pasaulin\u0117je rinkoje pripa\u017eintomis, kokybi\u0161komis biuro prek\u0117mis toki\u0173  gamintoj\u0173 kaip: Schneider, Esselte, Novus, 3M, Faber-Castell, Citizen, Milan, Leitz, Colop, Zebra, Staedtler, Durable, Tork, Parker, Waterman ir kt.\",\"publisher\":{\"@id\":\"https:\\\/\\\/rutana.lt\\\/#organization\"},\"potentialAction\":[{\"@type\":\"SearchAction\",\"target\":{\"@type\":\"EntryPoint\",\"urlTemplate\":\"https:\\\/\\\/rutana.lt\\\/?s={search_term_string}\"},\"query-input\":{\"@type\":\"PropertyValueSpecification\",\"valueRequired\":true,\"valueName\":\"search_term_string\"}}],\"inLanguage\":\"en-US\"},{\"@type\":\"Organization\",\"@id\":\"https:\\\/\\\/rutana.lt\\\/#organization\",\"name\":\"Rutana - Ra\u0161tin\u0117s reikmenys\",\"url\":\"https:\\\/\\\/rutana.lt\\\/\",\"logo\":{\"@type\":\"ImageObject\",\"inLanguage\":\"en-US\",\"@id\":\"https:\\\/\\\/rutana.lt\\\/#\\\/schema\\\/logo\\\/image\\\/\",\"url\":\"https:\\\/\\\/rutana.lt\\\/wp-content\\\/uploads\\\/2025\\\/10\\\/Asset-32.png\",\"contentUrl\":\"https:\\\/\\\/rutana.lt\\\/wp-content\\\/uploads\\\/2025\\\/10\\\/Asset-32.png\",\"width\":433,\"height\":119,\"caption\":\"Rutana - Ra\u0161tin\u0117s reikmenys\"},\"image\":{\"@id\":\"https:\\\/\\\/rutana.lt\\\/#\\\/schema\\\/logo\\\/image\\\/\"},\"sameAs\":[\"https:\\\/\\\/www.facebook.com\\\/RutanaKanceliarinesPrekes\\\/\"]}]}<\/script>\n<!-- \/ Yoast SEO plugin. -->","yoast_head_json":{"title":"Automatinis ra\u0161iklis i\u0161trinamas \"Koala\" m\u0117lynas Colorino 02688PTR - Rutana - Ra\u0161tin\u0117s reikmenys","robots":{"index":"index","follow":"follow","max-snippet":"max-snippet:-1","max-image-preview":"max-image-preview:large","max-video-preview":"max-video-preview:-1"},"canonical":"https:\/\/rutana.lt\/en\/product\/automatinis-rasiklis-istrinamas-koala-melynas-colorino-02688ptr\/","og_locale":"en_US","og_type":"article","og_title":"Automatinis ra\u0161iklis i\u0161trinamas \"Koala\" m\u0117lynas Colorino 02688PTR - Rutana - Ra\u0161tin\u0117s reikmenys","og_description":"Vaiki\u0161kas, spalvotu korpusu i\u0161 plastiko, automatinis ra\u0161iklis, kuriuo u\u017era\u0161yt\u0105 tekst\u0105 galima i\u0161trinti kitu ra\u0161iklio galu. Ant ra\u0161iklio spaud\u017eiamo elemento sukomponuota \u017eaisminga fig\u016br\u0117l\u0117, kuri suteikia ra\u0161ikliui vaiki\u0161k\u0105 patrauklum\u0105. Kei\u010diama \u0161erdel\u0117, kurios ilgis 110 mm. Br\u0117\u017eio storis: 0.5 mm Tu\u0161o spalva: m\u0117lyna","og_url":"https:\/\/rutana.lt\/en\/product\/automatinis-rasiklis-istrinamas-koala-melynas-colorino-02688ptr\/","og_site_name":"Rutana - Ra\u0161tin\u0117s reikmenys","article_publisher":"https:\/\/www.facebook.com\/RutanaKanceliarinesPrekes\/","article_modified_time":"2025-10-13T13:49:31+00:00","og_image":[{"width":603,"height":535,"url":"https:\/\/rutana.lt\/wp-content\/uploads\/2025\/09\/C035-062.jpg","type":"image\/jpeg"}],"twitter_card":"summary_large_image","schema":{"@context":"https:\/\/schema.org","@graph":[{"@type":"WebPage","@id":"https:\/\/rutana.lt\/produktas\/automatinis-rasiklis-istrinamas-koala-melynas-colorino-02688ptr\/","url":"https:\/\/rutana.lt\/produktas\/automatinis-rasiklis-istrinamas-koala-melynas-colorino-02688ptr\/","name":"Automatinis ra\u0161iklis i\u0161trinamas \"Koala\" m\u0117lynas Colorino 02688PTR - Rutana - Ra\u0161tin\u0117s reikmenys","isPartOf":{"@id":"https:\/\/rutana.lt\/#website"},"primaryImageOfPage":{"@id":"https:\/\/rutana.lt\/produktas\/automatinis-rasiklis-istrinamas-koala-melynas-colorino-02688ptr\/#primaryimage"},"image":{"@id":"https:\/\/rutana.lt\/produktas\/automatinis-rasiklis-istrinamas-koala-melynas-colorino-02688ptr\/#primaryimage"},"thumbnailUrl":"https:\/\/rutana.lt\/wp-content\/uploads\/2025\/09\/C035-062-1.jpg?v=1763565737","datePublished":"2025-09-03T07:40:59+00:00","dateModified":"2025-10-13T13:49:31+00:00","breadcrumb":{"@id":"https:\/\/rutana.lt\/produktas\/automatinis-rasiklis-istrinamas-koala-melynas-colorino-02688ptr\/#breadcrumb"},"inLanguage":"en-US","potentialAction":[{"@type":"ReadAction","target":["https:\/\/rutana.lt\/produktas\/automatinis-rasiklis-istrinamas-koala-melynas-colorino-02688ptr\/"]}]},{"@type":"ImageObject","inLanguage":"en-US","@id":"https:\/\/rutana.lt\/produktas\/automatinis-rasiklis-istrinamas-koala-melynas-colorino-02688ptr\/#primaryimage","url":"https:\/\/rutana.lt\/wp-content\/uploads\/2025\/09\/C035-062-1.jpg?v=1763565737","contentUrl":"https:\/\/rutana.lt\/wp-content\/uploads\/2025\/09\/C035-062-1.jpg?v=1763565737","width":603,"height":535},{"@type":"BreadcrumbList","@id":"https:\/\/rutana.lt\/produktas\/automatinis-rasiklis-istrinamas-koala-melynas-colorino-02688ptr\/#breadcrumb","itemListElement":[{"@type":"ListItem","position":1,"name":"Home","item":"https:\/\/rutana.lt\/"},{"@type":"ListItem","position":2,"name":"Parduotuv\u0117","item":"https:\/\/rutana.lt\/parduotuve\/"},{"@type":"ListItem","position":3,"name":"Automatinis ra\u0161iklis i\u0161trinamas &#8222;Koala&#8221; m\u0117lynas Colorino 02688PTR"}]},{"@type":"WebSite","@id":"https:\/\/rutana.lt\/#website","url":"https:\/\/rutana.lt\/","name":"Rutana - Ra\u0161tin\u0117s reikmenys","description":"Prekiaujame pasaulin\u0117je rinkoje pripa\u017eintomis, kokybi\u0161komis biuro prek\u0117mis toki\u0173  gamintoj\u0173 kaip: Schneider, Esselte, Novus, 3M, Faber-Castell, Citizen, Milan, Leitz, Colop, Zebra, Staedtler, Durable, Tork, Parker, Waterman ir kt.","publisher":{"@id":"https:\/\/rutana.lt\/#organization"},"potentialAction":[{"@type":"SearchAction","target":{"@type":"EntryPoint","urlTemplate":"https:\/\/rutana.lt\/?s={search_term_string}"},"query-input":{"@type":"PropertyValueSpecification","valueRequired":true,"valueName":"search_term_string"}}],"inLanguage":"en-US"},{"@type":"Organization","@id":"https:\/\/rutana.lt\/#organization","name":"Rutana - Ra\u0161tin\u0117s reikmenys","url":"https:\/\/rutana.lt\/","logo":{"@type":"ImageObject","inLanguage":"en-US","@id":"https:\/\/rutana.lt\/#\/schema\/logo\/image\/","url":"https:\/\/rutana.lt\/wp-content\/uploads\/2025\/10\/Asset-32.png","contentUrl":"https:\/\/rutana.lt\/wp-content\/uploads\/2025\/10\/Asset-32.png","width":433,"height":119,"caption":"Rutana - Ra\u0161tin\u0117s reikmenys"},"image":{"@id":"https:\/\/rutana.lt\/#\/schema\/logo\/image\/"},"sameAs":["https:\/\/www.facebook.com\/RutanaKanceliarinesPrekes\/"]}]}},"_links":{"self":[{"href":"https:\/\/rutana.lt\/en\/wp-json\/wp\/v2\/product\/15624","targetHints":{"allow":["GET"]}}],"collection":[{"href":"https:\/\/rutana.lt\/en\/wp-json\/wp\/v2\/product"}],"about":[{"href":"https:\/\/rutana.lt\/en\/wp-json\/wp\/v2\/types\/product"}],"replies":[{"embeddable":true,"href":"https:\/\/rutana.lt\/en\/wp-json\/wp\/v2\/comments?post=15624"}],"version-history":[{"count":1,"href":"https:\/\/rutana.lt\/en\/wp-json\/wp\/v2\/product\/15624\/revisions"}],"predecessor-version":[{"id":15670,"href":"https:\/\/rutana.lt\/en\/wp-json\/wp\/v2\/product\/15624\/revisions\/15670"}],"wp:featuredmedia":[{"embeddable":true,"href":"https:\/\/rutana.lt\/en\/wp-json\/wp\/v2\/media\/28810"}],"wp:attachment":[{"href":"https:\/\/rutana.lt\/en\/wp-json\/wp\/v2\/media?parent=15624"}],"wp:term":[{"taxonomy":"product_brand","embeddable":true,"href":"https:\/\/rutana.lt\/en\/wp-json\/wp\/v2\/product_brand?post=15624"},{"taxonomy":"product_cat","embeddable":true,"href":"https:\/\/rutana.lt\/en\/wp-json\/wp\/v2\/product_cat?post=15624"},{"taxonomy":"product_tag","embeddable":true,"href":"https:\/\/rutana.lt\/en\/wp-json\/wp\/v2\/product_tag?post=15624"}],"curies":[{"name":"wp","href":"https:\/\/api.w.org\/{rel}","templated":true}]}}