{"id":15572,"date":"2025-09-03T09:40:37","date_gmt":"2025-09-03T07:40:37","guid":{"rendered":"https:\/\/rutana.webdemo.lt\/?post_type=product&#038;p=15572"},"modified":"2025-10-13T15:49:26","modified_gmt":"2025-10-13T13:49:26","slug":"flomasteriai-magic-9-1-keiciantis-spalvas-colorino-34630ptr","status":"publish","type":"product","link":"https:\/\/rutana.lt\/en\/product\/flomasteriai-magic-9-1-keiciantis-spalvas-colorino-34630ptr\/","title":{"rendered":"Flomasteriai &#8222;Magic&#8221; 9 + 1 kei\u010diantis spalvas Colorino 34630PTR"},"content":{"rendered":"<p>Rinkinyje yra 9 flomasteriai + 1 &#8222;stebuklingas&#8221; markeris, kuris &#8211; kaip stebuklinga lazdel\u0117 &#8211; pakeis pie\u0161inio spalv\u0105. Tiesiog pie\u0161kite ant popieriaus lapo, tada naudokite \u201estebukling\u0105\u201c \u017eymekl\u012f, kad pakeistum\u0117te spalv\u0105: juoda \u012f raudon\u0105, rud\u0105 \u012f \u017eali\u0105, tamsiai \u017eali\u0105 \u012f \u0161viesiai \u017eali\u0105, m\u0117lyn\u0105 \u012f pilk\u0105, tamsiai m\u0117lyn\u0105, violetin\u0119 \u012f tamsiai m\u0117lyn\u0105, tamsiai ro\u017ein\u0119 \u012f \u0161viesiai ro\u017ein\u0119, nuo raudonos iki oran\u017ein\u0117s ir nuo oran\u017ein\u0117s iki geltonos.<\/p>\n<p>Spalv\u0173 kiekis: 9 + 1<\/p>\n<p>Pakuot\u0117: kartonas<\/p>\n<p>Kilm\u0117s \u0161alis: Lenkija<\/p>\n<\/p>\n<p><\/p>","protected":false},"excerpt":{"rendered":"<p>Rinkinyje yra 9 flomasteriai + 1 &#8222;stebuklingas&#8221; markeris, kuris &#8211; kaip stebuklinga lazdel\u0117 &#8211; pakeis pie\u0161inio spalv\u0105. Tiesiog pie\u0161kite ant popieriaus lapo, tada naudokite \u201estebukling\u0105\u201c \u017eymekl\u012f, kad pakeistum\u0117te spalv\u0105: juoda \u012f raudon\u0105, rud\u0105 \u012f \u017eali\u0105, tamsiai \u017eali\u0105 \u012f \u0161viesiai \u017eali\u0105, m\u0117lyn\u0105 \u012f pilk\u0105, tamsiai m\u0117lyn\u0105, violetin\u0119 \u012f tamsiai m\u0117lyn\u0105, tamsiai ro\u017ein\u0119 \u012f \u0161viesiai ro\u017ein\u0119, nuo [&hellip;]<\/p>","protected":false},"featured_media":28800,"comment_status":"open","ping_status":"closed","template":"","meta":{"_season_start":"","_season_end":"","_season_days":"","_season_months":"","_season_auto_visibility":""},"product_brand":[723],"product_cat":[1515],"product_tag":[],"class_list":{"0":"post-15572","1":"product","2":"type-product","3":"status-publish","4":"has-post-thumbnail","6":"product_brand-colorino","7":"product_cat-flomasteriai-mokyklines-prekes","9":"first","10":"instock","11":"taxable","12":"shipping-taxable","13":"purchasable","14":"product-type-simple"},"yoast_head":"<!-- This site is optimized with the Yoast SEO plugin v27.4 - https:\/\/yoast.com\/product\/yoast-seo-wordpress\/ -->\n<title>Flomasteriai &quot;Magic&quot; 9 + 1 kei\u010diantis spalvas Colorino 34630PTR - Rutana - Ra\u0161tin\u0117s reikmenys<\/title>\n<meta name=\"robots\" content=\"index, follow, max-snippet:-1, max-image-preview:large, max-video-preview:-1\" \/>\n<link rel=\"canonical\" href=\"https:\/\/rutana.lt\/en\/product\/flomasteriai-magic-9-1-keiciantis-spalvas-colorino-34630ptr\/\" \/>\n<meta property=\"og:locale\" content=\"en_US\" \/>\n<meta property=\"og:type\" content=\"article\" \/>\n<meta property=\"og:title\" content=\"Flomasteriai &quot;Magic&quot; 9 + 1 kei\u010diantis spalvas Colorino 34630PTR - Rutana - Ra\u0161tin\u0117s reikmenys\" \/>\n<meta property=\"og:description\" content=\"Rinkinyje yra 9 flomasteriai + 1 &#8222;stebuklingas&#8221; markeris, kuris &#8211; kaip stebuklinga lazdel\u0117 &#8211; pakeis pie\u0161inio spalv\u0105. Tiesiog pie\u0161kite ant popieriaus lapo, tada naudokite \u201estebukling\u0105\u201c \u017eymekl\u012f, kad pakeistum\u0117te spalv\u0105: juoda \u012f raudon\u0105, rud\u0105 \u012f \u017eali\u0105, tamsiai \u017eali\u0105 \u012f \u0161viesiai \u017eali\u0105, m\u0117lyn\u0105 \u012f pilk\u0105, tamsiai m\u0117lyn\u0105, violetin\u0119 \u012f tamsiai m\u0117lyn\u0105, tamsiai ro\u017ein\u0119 \u012f \u0161viesiai ro\u017ein\u0119, nuo [&hellip;]\" \/>\n<meta property=\"og:url\" content=\"https:\/\/rutana.lt\/en\/product\/flomasteriai-magic-9-1-keiciantis-spalvas-colorino-34630ptr\/\" \/>\n<meta property=\"og:site_name\" content=\"Rutana - Ra\u0161tin\u0117s reikmenys\" \/>\n<meta property=\"article:publisher\" content=\"https:\/\/www.facebook.com\/RutanaKanceliarinesPrekes\/\" \/>\n<meta property=\"article:modified_time\" content=\"2025-10-13T13:49:26+00:00\" \/>\n<meta property=\"og:image\" content=\"https:\/\/rutana.lt\/wp-content\/uploads\/2025\/09\/C092-183.jpg\" \/>\n\t<meta property=\"og:image:width\" content=\"572\" \/>\n\t<meta property=\"og:image:height\" content=\"482\" \/>\n\t<meta property=\"og:image:type\" content=\"image\/jpeg\" \/>\n<meta name=\"twitter:card\" content=\"summary_large_image\" \/>\n<script type=\"application\/ld+json\" class=\"yoast-schema-graph\">{\"@context\":\"https:\\\/\\\/schema.org\",\"@graph\":[{\"@type\":\"WebPage\",\"@id\":\"https:\\\/\\\/rutana.lt\\\/produktas\\\/flomasteriai-magic-9-1-keiciantis-spalvas-colorino-34630ptr\\\/\",\"url\":\"https:\\\/\\\/rutana.lt\\\/produktas\\\/flomasteriai-magic-9-1-keiciantis-spalvas-colorino-34630ptr\\\/\",\"name\":\"Flomasteriai \\\"Magic\\\" 9 + 1 kei\u010diantis spalvas Colorino 34630PTR - Rutana - Ra\u0161tin\u0117s reikmenys\",\"isPartOf\":{\"@id\":\"https:\\\/\\\/rutana.lt\\\/#website\"},\"primaryImageOfPage\":{\"@id\":\"https:\\\/\\\/rutana.lt\\\/produktas\\\/flomasteriai-magic-9-1-keiciantis-spalvas-colorino-34630ptr\\\/#primaryimage\"},\"image\":{\"@id\":\"https:\\\/\\\/rutana.lt\\\/produktas\\\/flomasteriai-magic-9-1-keiciantis-spalvas-colorino-34630ptr\\\/#primaryimage\"},\"thumbnailUrl\":\"https:\\\/\\\/rutana.lt\\\/wp-content\\\/uploads\\\/2025\\\/09\\\/C092-183-2.jpg?v=1763565753\",\"datePublished\":\"2025-09-03T07:40:37+00:00\",\"dateModified\":\"2025-10-13T13:49:26+00:00\",\"breadcrumb\":{\"@id\":\"https:\\\/\\\/rutana.lt\\\/produktas\\\/flomasteriai-magic-9-1-keiciantis-spalvas-colorino-34630ptr\\\/#breadcrumb\"},\"inLanguage\":\"en-US\",\"potentialAction\":[{\"@type\":\"ReadAction\",\"target\":[\"https:\\\/\\\/rutana.lt\\\/produktas\\\/flomasteriai-magic-9-1-keiciantis-spalvas-colorino-34630ptr\\\/\"]}]},{\"@type\":\"ImageObject\",\"inLanguage\":\"en-US\",\"@id\":\"https:\\\/\\\/rutana.lt\\\/produktas\\\/flomasteriai-magic-9-1-keiciantis-spalvas-colorino-34630ptr\\\/#primaryimage\",\"url\":\"https:\\\/\\\/rutana.lt\\\/wp-content\\\/uploads\\\/2025\\\/09\\\/C092-183-2.jpg?v=1763565753\",\"contentUrl\":\"https:\\\/\\\/rutana.lt\\\/wp-content\\\/uploads\\\/2025\\\/09\\\/C092-183-2.jpg?v=1763565753\",\"width\":572,\"height\":482},{\"@type\":\"BreadcrumbList\",\"@id\":\"https:\\\/\\\/rutana.lt\\\/produktas\\\/flomasteriai-magic-9-1-keiciantis-spalvas-colorino-34630ptr\\\/#breadcrumb\",\"itemListElement\":[{\"@type\":\"ListItem\",\"position\":1,\"name\":\"Home\",\"item\":\"https:\\\/\\\/rutana.lt\\\/\"},{\"@type\":\"ListItem\",\"position\":2,\"name\":\"Parduotuv\u0117\",\"item\":\"https:\\\/\\\/rutana.lt\\\/parduotuve\\\/\"},{\"@type\":\"ListItem\",\"position\":3,\"name\":\"Flomasteriai &#8222;Magic&#8221; 9 + 1 kei\u010diantis spalvas Colorino 34630PTR\"}]},{\"@type\":\"WebSite\",\"@id\":\"https:\\\/\\\/rutana.lt\\\/#website\",\"url\":\"https:\\\/\\\/rutana.lt\\\/\",\"name\":\"Rutana - Ra\u0161tin\u0117s reikmenys\",\"description\":\"Prekiaujame pasaulin\u0117je rinkoje pripa\u017eintomis, kokybi\u0161komis biuro prek\u0117mis toki\u0173  gamintoj\u0173 kaip: Schneider, Esselte, Novus, 3M, Faber-Castell, Citizen, Milan, Leitz, Colop, Zebra, Staedtler, Durable, Tork, Parker, Waterman ir kt.\",\"publisher\":{\"@id\":\"https:\\\/\\\/rutana.lt\\\/#organization\"},\"potentialAction\":[{\"@type\":\"SearchAction\",\"target\":{\"@type\":\"EntryPoint\",\"urlTemplate\":\"https:\\\/\\\/rutana.lt\\\/?s={search_term_string}\"},\"query-input\":{\"@type\":\"PropertyValueSpecification\",\"valueRequired\":true,\"valueName\":\"search_term_string\"}}],\"inLanguage\":\"en-US\"},{\"@type\":\"Organization\",\"@id\":\"https:\\\/\\\/rutana.lt\\\/#organization\",\"name\":\"Rutana - Ra\u0161tin\u0117s reikmenys\",\"url\":\"https:\\\/\\\/rutana.lt\\\/\",\"logo\":{\"@type\":\"ImageObject\",\"inLanguage\":\"en-US\",\"@id\":\"https:\\\/\\\/rutana.lt\\\/#\\\/schema\\\/logo\\\/image\\\/\",\"url\":\"https:\\\/\\\/rutana.lt\\\/wp-content\\\/uploads\\\/2025\\\/10\\\/Asset-32.png\",\"contentUrl\":\"https:\\\/\\\/rutana.lt\\\/wp-content\\\/uploads\\\/2025\\\/10\\\/Asset-32.png\",\"width\":433,\"height\":119,\"caption\":\"Rutana - Ra\u0161tin\u0117s reikmenys\"},\"image\":{\"@id\":\"https:\\\/\\\/rutana.lt\\\/#\\\/schema\\\/logo\\\/image\\\/\"},\"sameAs\":[\"https:\\\/\\\/www.facebook.com\\\/RutanaKanceliarinesPrekes\\\/\"]}]}<\/script>\n<!-- \/ Yoast SEO plugin. -->","yoast_head_json":{"title":"Flomasteriai \"Magic\" 9 + 1 kei\u010diantis spalvas Colorino 34630PTR - Rutana - Ra\u0161tin\u0117s reikmenys","robots":{"index":"index","follow":"follow","max-snippet":"max-snippet:-1","max-image-preview":"max-image-preview:large","max-video-preview":"max-video-preview:-1"},"canonical":"https:\/\/rutana.lt\/en\/product\/flomasteriai-magic-9-1-keiciantis-spalvas-colorino-34630ptr\/","og_locale":"en_US","og_type":"article","og_title":"Flomasteriai \"Magic\" 9 + 1 kei\u010diantis spalvas Colorino 34630PTR - Rutana - Ra\u0161tin\u0117s reikmenys","og_description":"Rinkinyje yra 9 flomasteriai + 1 &#8222;stebuklingas&#8221; markeris, kuris &#8211; kaip stebuklinga lazdel\u0117 &#8211; pakeis pie\u0161inio spalv\u0105. Tiesiog pie\u0161kite ant popieriaus lapo, tada naudokite \u201estebukling\u0105\u201c \u017eymekl\u012f, kad pakeistum\u0117te spalv\u0105: juoda \u012f raudon\u0105, rud\u0105 \u012f \u017eali\u0105, tamsiai \u017eali\u0105 \u012f \u0161viesiai \u017eali\u0105, m\u0117lyn\u0105 \u012f pilk\u0105, tamsiai m\u0117lyn\u0105, violetin\u0119 \u012f tamsiai m\u0117lyn\u0105, tamsiai ro\u017ein\u0119 \u012f \u0161viesiai ro\u017ein\u0119, nuo [&hellip;]","og_url":"https:\/\/rutana.lt\/en\/product\/flomasteriai-magic-9-1-keiciantis-spalvas-colorino-34630ptr\/","og_site_name":"Rutana - Ra\u0161tin\u0117s reikmenys","article_publisher":"https:\/\/www.facebook.com\/RutanaKanceliarinesPrekes\/","article_modified_time":"2025-10-13T13:49:26+00:00","og_image":[{"width":572,"height":482,"url":"https:\/\/rutana.lt\/wp-content\/uploads\/2025\/09\/C092-183.jpg","type":"image\/jpeg"}],"twitter_card":"summary_large_image","schema":{"@context":"https:\/\/schema.org","@graph":[{"@type":"WebPage","@id":"https:\/\/rutana.lt\/produktas\/flomasteriai-magic-9-1-keiciantis-spalvas-colorino-34630ptr\/","url":"https:\/\/rutana.lt\/produktas\/flomasteriai-magic-9-1-keiciantis-spalvas-colorino-34630ptr\/","name":"Flomasteriai \"Magic\" 9 + 1 kei\u010diantis spalvas Colorino 34630PTR - Rutana - Ra\u0161tin\u0117s reikmenys","isPartOf":{"@id":"https:\/\/rutana.lt\/#website"},"primaryImageOfPage":{"@id":"https:\/\/rutana.lt\/produktas\/flomasteriai-magic-9-1-keiciantis-spalvas-colorino-34630ptr\/#primaryimage"},"image":{"@id":"https:\/\/rutana.lt\/produktas\/flomasteriai-magic-9-1-keiciantis-spalvas-colorino-34630ptr\/#primaryimage"},"thumbnailUrl":"https:\/\/rutana.lt\/wp-content\/uploads\/2025\/09\/C092-183-2.jpg?v=1763565753","datePublished":"2025-09-03T07:40:37+00:00","dateModified":"2025-10-13T13:49:26+00:00","breadcrumb":{"@id":"https:\/\/rutana.lt\/produktas\/flomasteriai-magic-9-1-keiciantis-spalvas-colorino-34630ptr\/#breadcrumb"},"inLanguage":"en-US","potentialAction":[{"@type":"ReadAction","target":["https:\/\/rutana.lt\/produktas\/flomasteriai-magic-9-1-keiciantis-spalvas-colorino-34630ptr\/"]}]},{"@type":"ImageObject","inLanguage":"en-US","@id":"https:\/\/rutana.lt\/produktas\/flomasteriai-magic-9-1-keiciantis-spalvas-colorino-34630ptr\/#primaryimage","url":"https:\/\/rutana.lt\/wp-content\/uploads\/2025\/09\/C092-183-2.jpg?v=1763565753","contentUrl":"https:\/\/rutana.lt\/wp-content\/uploads\/2025\/09\/C092-183-2.jpg?v=1763565753","width":572,"height":482},{"@type":"BreadcrumbList","@id":"https:\/\/rutana.lt\/produktas\/flomasteriai-magic-9-1-keiciantis-spalvas-colorino-34630ptr\/#breadcrumb","itemListElement":[{"@type":"ListItem","position":1,"name":"Home","item":"https:\/\/rutana.lt\/"},{"@type":"ListItem","position":2,"name":"Parduotuv\u0117","item":"https:\/\/rutana.lt\/parduotuve\/"},{"@type":"ListItem","position":3,"name":"Flomasteriai &#8222;Magic&#8221; 9 + 1 kei\u010diantis spalvas Colorino 34630PTR"}]},{"@type":"WebSite","@id":"https:\/\/rutana.lt\/#website","url":"https:\/\/rutana.lt\/","name":"Rutana - Ra\u0161tin\u0117s reikmenys","description":"Prekiaujame pasaulin\u0117je rinkoje pripa\u017eintomis, kokybi\u0161komis biuro prek\u0117mis toki\u0173  gamintoj\u0173 kaip: Schneider, Esselte, Novus, 3M, Faber-Castell, Citizen, Milan, Leitz, Colop, Zebra, Staedtler, Durable, Tork, Parker, Waterman ir kt.","publisher":{"@id":"https:\/\/rutana.lt\/#organization"},"potentialAction":[{"@type":"SearchAction","target":{"@type":"EntryPoint","urlTemplate":"https:\/\/rutana.lt\/?s={search_term_string}"},"query-input":{"@type":"PropertyValueSpecification","valueRequired":true,"valueName":"search_term_string"}}],"inLanguage":"en-US"},{"@type":"Organization","@id":"https:\/\/rutana.lt\/#organization","name":"Rutana - Ra\u0161tin\u0117s reikmenys","url":"https:\/\/rutana.lt\/","logo":{"@type":"ImageObject","inLanguage":"en-US","@id":"https:\/\/rutana.lt\/#\/schema\/logo\/image\/","url":"https:\/\/rutana.lt\/wp-content\/uploads\/2025\/10\/Asset-32.png","contentUrl":"https:\/\/rutana.lt\/wp-content\/uploads\/2025\/10\/Asset-32.png","width":433,"height":119,"caption":"Rutana - Ra\u0161tin\u0117s reikmenys"},"image":{"@id":"https:\/\/rutana.lt\/#\/schema\/logo\/image\/"},"sameAs":["https:\/\/www.facebook.com\/RutanaKanceliarinesPrekes\/"]}]}},"_links":{"self":[{"href":"https:\/\/rutana.lt\/en\/wp-json\/wp\/v2\/product\/15572","targetHints":{"allow":["GET"]}}],"collection":[{"href":"https:\/\/rutana.lt\/en\/wp-json\/wp\/v2\/product"}],"about":[{"href":"https:\/\/rutana.lt\/en\/wp-json\/wp\/v2\/types\/product"}],"replies":[{"embeddable":true,"href":"https:\/\/rutana.lt\/en\/wp-json\/wp\/v2\/comments?post=15572"}],"version-history":[{"count":1,"href":"https:\/\/rutana.lt\/en\/wp-json\/wp\/v2\/product\/15572\/revisions"}],"predecessor-version":[{"id":15650,"href":"https:\/\/rutana.lt\/en\/wp-json\/wp\/v2\/product\/15572\/revisions\/15650"}],"wp:featuredmedia":[{"embeddable":true,"href":"https:\/\/rutana.lt\/en\/wp-json\/wp\/v2\/media\/28800"}],"wp:attachment":[{"href":"https:\/\/rutana.lt\/en\/wp-json\/wp\/v2\/media?parent=15572"}],"wp:term":[{"taxonomy":"product_brand","embeddable":true,"href":"https:\/\/rutana.lt\/en\/wp-json\/wp\/v2\/product_brand?post=15572"},{"taxonomy":"product_cat","embeddable":true,"href":"https:\/\/rutana.lt\/en\/wp-json\/wp\/v2\/product_cat?post=15572"},{"taxonomy":"product_tag","embeddable":true,"href":"https:\/\/rutana.lt\/en\/wp-json\/wp\/v2\/product_tag?post=15572"}],"curies":[{"name":"wp","href":"https:\/\/api.w.org\/{rel}","templated":true}]}}