{"id":15569,"date":"2025-09-03T09:40:36","date_gmt":"2025-09-03T07:40:36","guid":{"rendered":"https:\/\/rutana.webdemo.lt\/?post_type=product&#038;p=15569"},"modified":"2025-10-13T15:49:25","modified_gmt":"2025-10-13T13:49:25","slug":"skylamusis-iki-20-lapu-juodas-forpus-61541","status":"publish","type":"product","link":"https:\/\/rutana.lt\/en\/product\/skylamusis-iki-20-lapu-juodas-forpus-61541\/","title":{"rendered":"Skylamu\u0161is iki 20 lap\u0173 juodas Forpus 61541"},"content":{"rendered":"<p>Modernaus dizaino skylamu\u0161is su reguliuojan\u010dia liniuote, tiksliam skyli\u0173 i\u0161mu\u0161imui pagal reikaling\u0105 format\u0105. Mu\u0161a dvi standartinio dyd\u017eio skylutes 80 mm atstumu. Skylamu\u0161io korpusas ir mechanizmas pagaminti i\u0161 tvirto metalo. Korpuse \u012fterptos mink\u0161tos gumin\u0117s dalys. Patogus dangtelis \u0161iuk\u0161li\u0173 i\u0161\u0117mimui. Pramu\u0161a iki 20 lap\u0173.<\/p>\n<p>Skylamu\u0161io spalva: juoda<\/p>\n<\/p>\n<p><\/p>","protected":false},"excerpt":{"rendered":"<p>Modernaus dizaino skylamu\u0161is su reguliuojan\u010dia liniuote, tiksliam skyli\u0173 i\u0161mu\u0161imui pagal reikaling\u0105 format\u0105. Mu\u0161a dvi standartinio dyd\u017eio skylutes 80 mm atstumu. Skylamu\u0161io korpusas ir mechanizmas pagaminti i\u0161 tvirto metalo. Korpuse \u012fterptos mink\u0161tos gumin\u0117s dalys. Patogus dangtelis \u0161iuk\u0161li\u0173 i\u0161\u0117mimui. Pramu\u0161a iki 20 lap\u0173. Skylamu\u0161io spalva: juoda<\/p>","protected":false},"featured_media":28797,"comment_status":"open","ping_status":"closed","template":"","meta":{"_season_start":"","_season_end":"","_season_days":"","_season_months":"","_season_auto_visibility":""},"product_brand":[74],"product_cat":[1589],"product_tag":[],"class_list":{"0":"post-15569","1":"product","2":"type-product","3":"status-publish","4":"has-post-thumbnail","6":"product_brand-forpus","7":"product_cat-skylamusiai","9":"first","10":"instock","11":"taxable","12":"shipping-taxable","13":"purchasable","14":"product-type-simple"},"yoast_head":"<!-- This site is optimized with the Yoast SEO plugin v26.1.1 - https:\/\/yoast.com\/wordpress\/plugins\/seo\/ -->\n<title>Skylamu\u0161is iki 20 lap\u0173 juodas Forpus 61541 - Rutana - Ra\u0161tin\u0117s reikmenys<\/title>\n<meta name=\"robots\" content=\"index, follow, max-snippet:-1, max-image-preview:large, max-video-preview:-1\" \/>\n<link rel=\"canonical\" href=\"https:\/\/rutana.lt\/en\/product\/skylamusis-iki-20-lapu-juodas-forpus-61541\/\" \/>\n<meta property=\"og:locale\" content=\"en_US\" \/>\n<meta property=\"og:type\" content=\"article\" \/>\n<meta property=\"og:title\" content=\"Skylamu\u0161is iki 20 lap\u0173 juodas Forpus 61541 - Rutana - Ra\u0161tin\u0117s reikmenys\" \/>\n<meta property=\"og:description\" content=\"Modernaus dizaino skylamu\u0161is su reguliuojan\u010dia liniuote, tiksliam skyli\u0173 i\u0161mu\u0161imui pagal reikaling\u0105 format\u0105. Mu\u0161a dvi standartinio dyd\u017eio skylutes 80 mm atstumu. Skylamu\u0161io korpusas ir mechanizmas pagaminti i\u0161 tvirto metalo. Korpuse \u012fterptos mink\u0161tos gumin\u0117s dalys. Patogus dangtelis \u0161iuk\u0161li\u0173 i\u0161\u0117mimui. Pramu\u0161a iki 20 lap\u0173. Skylamu\u0161io spalva: juoda\" \/>\n<meta property=\"og:url\" content=\"https:\/\/rutana.lt\/en\/product\/skylamusis-iki-20-lapu-juodas-forpus-61541\/\" \/>\n<meta property=\"og:site_name\" content=\"Rutana - Ra\u0161tin\u0117s reikmenys\" \/>\n<meta property=\"article:publisher\" content=\"https:\/\/www.facebook.com\/RutanaKanceliarinesPrekes\/\" \/>\n<meta property=\"article:modified_time\" content=\"2025-10-13T13:49:25+00:00\" \/>\n<meta property=\"og:image\" content=\"https:\/\/rutana.lt\/wp-content\/uploads\/2025\/09\/B016-169.jpg\" \/>\n\t<meta property=\"og:image:width\" content=\"604\" \/>\n\t<meta property=\"og:image:height\" content=\"601\" \/>\n\t<meta property=\"og:image:type\" content=\"image\/jpeg\" \/>\n<meta name=\"twitter:card\" content=\"summary_large_image\" \/>\n<script type=\"application\/ld+json\" class=\"yoast-schema-graph\">{\"@context\":\"https:\/\/schema.org\",\"@graph\":[{\"@type\":\"WebPage\",\"@id\":\"https:\/\/rutana.lt\/produktas\/skylamusis-iki-20-lapu-juodas-forpus-61541\/\",\"url\":\"https:\/\/rutana.lt\/produktas\/skylamusis-iki-20-lapu-juodas-forpus-61541\/\",\"name\":\"Skylamu\u0161is iki 20 lap\u0173 juodas Forpus 61541 - Rutana - Ra\u0161tin\u0117s reikmenys\",\"isPartOf\":{\"@id\":\"https:\/\/rutana.lt\/#website\"},\"primaryImageOfPage\":{\"@id\":\"https:\/\/rutana.lt\/produktas\/skylamusis-iki-20-lapu-juodas-forpus-61541\/#primaryimage\"},\"image\":{\"@id\":\"https:\/\/rutana.lt\/produktas\/skylamusis-iki-20-lapu-juodas-forpus-61541\/#primaryimage\"},\"thumbnailUrl\":\"https:\/\/rutana.lt\/wp-content\/uploads\/2025\/09\/B016-169-1.jpg?v=1763565756\",\"datePublished\":\"2025-09-03T07:40:36+00:00\",\"dateModified\":\"2025-10-13T13:49:25+00:00\",\"breadcrumb\":{\"@id\":\"https:\/\/rutana.lt\/produktas\/skylamusis-iki-20-lapu-juodas-forpus-61541\/#breadcrumb\"},\"inLanguage\":\"en-US\",\"potentialAction\":[{\"@type\":\"ReadAction\",\"target\":[\"https:\/\/rutana.lt\/produktas\/skylamusis-iki-20-lapu-juodas-forpus-61541\/\"]}]},{\"@type\":\"ImageObject\",\"inLanguage\":\"en-US\",\"@id\":\"https:\/\/rutana.lt\/produktas\/skylamusis-iki-20-lapu-juodas-forpus-61541\/#primaryimage\",\"url\":\"https:\/\/rutana.lt\/wp-content\/uploads\/2025\/09\/B016-169-1.jpg?v=1763565756\",\"contentUrl\":\"https:\/\/rutana.lt\/wp-content\/uploads\/2025\/09\/B016-169-1.jpg?v=1763565756\",\"width\":604,\"height\":601},{\"@type\":\"BreadcrumbList\",\"@id\":\"https:\/\/rutana.lt\/produktas\/skylamusis-iki-20-lapu-juodas-forpus-61541\/#breadcrumb\",\"itemListElement\":[{\"@type\":\"ListItem\",\"position\":1,\"name\":\"Home\",\"item\":\"https:\/\/rutana.lt\/\"},{\"@type\":\"ListItem\",\"position\":2,\"name\":\"Parduotuv\u0117\",\"item\":\"https:\/\/rutana.lt\/parduotuve\/\"},{\"@type\":\"ListItem\",\"position\":3,\"name\":\"Skylamu\u0161is iki 20 lap\u0173 juodas Forpus 61541\"}]},{\"@type\":\"WebSite\",\"@id\":\"https:\/\/rutana.lt\/#website\",\"url\":\"https:\/\/rutana.lt\/\",\"name\":\"Rutana - Ra\u0161tin\u0117s reikmenys\",\"description\":\"Prekiaujame pasaulin\u0117je rinkoje pripa\u017eintomis, kokybi\u0161komis biuro prek\u0117mis toki\u0173  gamintoj\u0173 kaip: Schneider, Esselte, Novus, 3M, Faber-Castell, Citizen, Milan, Leitz, Colop, Zebra, Staedtler, Durable, Tork, Parker, Waterman ir kt.\",\"publisher\":{\"@id\":\"https:\/\/rutana.lt\/#organization\"},\"potentialAction\":[{\"@type\":\"SearchAction\",\"target\":{\"@type\":\"EntryPoint\",\"urlTemplate\":\"https:\/\/rutana.lt\/?s={search_term_string}\"},\"query-input\":{\"@type\":\"PropertyValueSpecification\",\"valueRequired\":true,\"valueName\":\"search_term_string\"}}],\"inLanguage\":\"en-US\"},{\"@type\":\"Organization\",\"@id\":\"https:\/\/rutana.lt\/#organization\",\"name\":\"Rutana - Ra\u0161tin\u0117s reikmenys\",\"url\":\"https:\/\/rutana.lt\/\",\"logo\":{\"@type\":\"ImageObject\",\"inLanguage\":\"en-US\",\"@id\":\"https:\/\/rutana.lt\/#\/schema\/logo\/image\/\",\"url\":\"https:\/\/rutana.lt\/wp-content\/uploads\/2025\/10\/Asset-32.png\",\"contentUrl\":\"https:\/\/rutana.lt\/wp-content\/uploads\/2025\/10\/Asset-32.png\",\"width\":433,\"height\":119,\"caption\":\"Rutana - Ra\u0161tin\u0117s reikmenys\"},\"image\":{\"@id\":\"https:\/\/rutana.lt\/#\/schema\/logo\/image\/\"},\"sameAs\":[\"https:\/\/www.facebook.com\/RutanaKanceliarinesPrekes\/\"]}]}<\/script>\n<!-- \/ Yoast SEO plugin. -->","yoast_head_json":{"title":"Skylamu\u0161is iki 20 lap\u0173 juodas Forpus 61541 - Rutana - Ra\u0161tin\u0117s reikmenys","robots":{"index":"index","follow":"follow","max-snippet":"max-snippet:-1","max-image-preview":"max-image-preview:large","max-video-preview":"max-video-preview:-1"},"canonical":"https:\/\/rutana.lt\/en\/product\/skylamusis-iki-20-lapu-juodas-forpus-61541\/","og_locale":"en_US","og_type":"article","og_title":"Skylamu\u0161is iki 20 lap\u0173 juodas Forpus 61541 - Rutana - Ra\u0161tin\u0117s reikmenys","og_description":"Modernaus dizaino skylamu\u0161is su reguliuojan\u010dia liniuote, tiksliam skyli\u0173 i\u0161mu\u0161imui pagal reikaling\u0105 format\u0105. Mu\u0161a dvi standartinio dyd\u017eio skylutes 80 mm atstumu. Skylamu\u0161io korpusas ir mechanizmas pagaminti i\u0161 tvirto metalo. Korpuse \u012fterptos mink\u0161tos gumin\u0117s dalys. Patogus dangtelis \u0161iuk\u0161li\u0173 i\u0161\u0117mimui. Pramu\u0161a iki 20 lap\u0173. Skylamu\u0161io spalva: juoda","og_url":"https:\/\/rutana.lt\/en\/product\/skylamusis-iki-20-lapu-juodas-forpus-61541\/","og_site_name":"Rutana - Ra\u0161tin\u0117s reikmenys","article_publisher":"https:\/\/www.facebook.com\/RutanaKanceliarinesPrekes\/","article_modified_time":"2025-10-13T13:49:25+00:00","og_image":[{"width":604,"height":601,"url":"https:\/\/rutana.lt\/wp-content\/uploads\/2025\/09\/B016-169.jpg","type":"image\/jpeg"}],"twitter_card":"summary_large_image","schema":{"@context":"https:\/\/schema.org","@graph":[{"@type":"WebPage","@id":"https:\/\/rutana.lt\/produktas\/skylamusis-iki-20-lapu-juodas-forpus-61541\/","url":"https:\/\/rutana.lt\/produktas\/skylamusis-iki-20-lapu-juodas-forpus-61541\/","name":"Skylamu\u0161is iki 20 lap\u0173 juodas Forpus 61541 - Rutana - Ra\u0161tin\u0117s reikmenys","isPartOf":{"@id":"https:\/\/rutana.lt\/#website"},"primaryImageOfPage":{"@id":"https:\/\/rutana.lt\/produktas\/skylamusis-iki-20-lapu-juodas-forpus-61541\/#primaryimage"},"image":{"@id":"https:\/\/rutana.lt\/produktas\/skylamusis-iki-20-lapu-juodas-forpus-61541\/#primaryimage"},"thumbnailUrl":"https:\/\/rutana.lt\/wp-content\/uploads\/2025\/09\/B016-169-1.jpg?v=1763565756","datePublished":"2025-09-03T07:40:36+00:00","dateModified":"2025-10-13T13:49:25+00:00","breadcrumb":{"@id":"https:\/\/rutana.lt\/produktas\/skylamusis-iki-20-lapu-juodas-forpus-61541\/#breadcrumb"},"inLanguage":"en-US","potentialAction":[{"@type":"ReadAction","target":["https:\/\/rutana.lt\/produktas\/skylamusis-iki-20-lapu-juodas-forpus-61541\/"]}]},{"@type":"ImageObject","inLanguage":"en-US","@id":"https:\/\/rutana.lt\/produktas\/skylamusis-iki-20-lapu-juodas-forpus-61541\/#primaryimage","url":"https:\/\/rutana.lt\/wp-content\/uploads\/2025\/09\/B016-169-1.jpg?v=1763565756","contentUrl":"https:\/\/rutana.lt\/wp-content\/uploads\/2025\/09\/B016-169-1.jpg?v=1763565756","width":604,"height":601},{"@type":"BreadcrumbList","@id":"https:\/\/rutana.lt\/produktas\/skylamusis-iki-20-lapu-juodas-forpus-61541\/#breadcrumb","itemListElement":[{"@type":"ListItem","position":1,"name":"Home","item":"https:\/\/rutana.lt\/"},{"@type":"ListItem","position":2,"name":"Parduotuv\u0117","item":"https:\/\/rutana.lt\/parduotuve\/"},{"@type":"ListItem","position":3,"name":"Skylamu\u0161is iki 20 lap\u0173 juodas Forpus 61541"}]},{"@type":"WebSite","@id":"https:\/\/rutana.lt\/#website","url":"https:\/\/rutana.lt\/","name":"Rutana - Ra\u0161tin\u0117s reikmenys","description":"Prekiaujame pasaulin\u0117je rinkoje pripa\u017eintomis, kokybi\u0161komis biuro prek\u0117mis toki\u0173  gamintoj\u0173 kaip: Schneider, Esselte, Novus, 3M, Faber-Castell, Citizen, Milan, Leitz, Colop, Zebra, Staedtler, Durable, Tork, Parker, Waterman ir kt.","publisher":{"@id":"https:\/\/rutana.lt\/#organization"},"potentialAction":[{"@type":"SearchAction","target":{"@type":"EntryPoint","urlTemplate":"https:\/\/rutana.lt\/?s={search_term_string}"},"query-input":{"@type":"PropertyValueSpecification","valueRequired":true,"valueName":"search_term_string"}}],"inLanguage":"en-US"},{"@type":"Organization","@id":"https:\/\/rutana.lt\/#organization","name":"Rutana - Ra\u0161tin\u0117s reikmenys","url":"https:\/\/rutana.lt\/","logo":{"@type":"ImageObject","inLanguage":"en-US","@id":"https:\/\/rutana.lt\/#\/schema\/logo\/image\/","url":"https:\/\/rutana.lt\/wp-content\/uploads\/2025\/10\/Asset-32.png","contentUrl":"https:\/\/rutana.lt\/wp-content\/uploads\/2025\/10\/Asset-32.png","width":433,"height":119,"caption":"Rutana - Ra\u0161tin\u0117s reikmenys"},"image":{"@id":"https:\/\/rutana.lt\/#\/schema\/logo\/image\/"},"sameAs":["https:\/\/www.facebook.com\/RutanaKanceliarinesPrekes\/"]}]}},"_links":{"self":[{"href":"https:\/\/rutana.lt\/en\/wp-json\/wp\/v2\/product\/15569","targetHints":{"allow":["GET"]}}],"collection":[{"href":"https:\/\/rutana.lt\/en\/wp-json\/wp\/v2\/product"}],"about":[{"href":"https:\/\/rutana.lt\/en\/wp-json\/wp\/v2\/types\/product"}],"replies":[{"embeddable":true,"href":"https:\/\/rutana.lt\/en\/wp-json\/wp\/v2\/comments?post=15569"}],"version-history":[{"count":1,"href":"https:\/\/rutana.lt\/en\/wp-json\/wp\/v2\/product\/15569\/revisions"}],"predecessor-version":[{"id":15644,"href":"https:\/\/rutana.lt\/en\/wp-json\/wp\/v2\/product\/15569\/revisions\/15644"}],"wp:featuredmedia":[{"embeddable":true,"href":"https:\/\/rutana.lt\/en\/wp-json\/wp\/v2\/media\/28797"}],"wp:attachment":[{"href":"https:\/\/rutana.lt\/en\/wp-json\/wp\/v2\/media?parent=15569"}],"wp:term":[{"taxonomy":"product_brand","embeddable":true,"href":"https:\/\/rutana.lt\/en\/wp-json\/wp\/v2\/product_brand?post=15569"},{"taxonomy":"product_cat","embeddable":true,"href":"https:\/\/rutana.lt\/en\/wp-json\/wp\/v2\/product_cat?post=15569"},{"taxonomy":"product_tag","embeddable":true,"href":"https:\/\/rutana.lt\/en\/wp-json\/wp\/v2\/product_tag?post=15569"}],"curies":[{"name":"wp","href":"https:\/\/api.w.org\/{rel}","templated":true}]}}