{"id":15506,"date":"2025-09-03T09:40:13","date_gmt":"2025-09-03T07:40:13","guid":{"rendered":"https:\/\/rutana.webdemo.lt\/?post_type=product&#038;p=15506"},"modified":"2025-10-13T15:49:15","modified_gmt":"2025-10-13T13:49:15","slug":"migdolu-riesutai-1kg","status":"publish","type":"product","link":"https:\/\/rutana.lt\/en\/product\/migdolu-riesutai-1kg\/","title":{"rendered":"Migdol\u0173 rie\u0161utai 1kg"},"content":{"rendered":"<p>Migdolas \u2013 4-10 m auk\u0161\u010dio lapus metantis medis. Kamieno skersmuo ~30 cm. Lapai 1.2 &#8211; 4 cm plo\u010dio. \u017diedai rausvi, 3 &#8211; 5 cm skersmens, su 5 vainiklapiais. Ant \u0161akos susiformuoja po du \u017eiedus ir \u017eydi anksti pavasar\u012f. Vaisius \u2013 3.5 &#8211; 6 cm ilgio kaulavaisis. Migdolo vaisiaus branduolys vadinamas migdolo rie\u0161utu. Migdolai \u2013 vieni populiariausi\u0173 rie\u0161ut\u0173. Patiekalams jie suteikia pikanti\u0161k\u0105 skon\u012f. \u0160ie rie\u0161utai ne tik skan\u016bs, bet ir labai naudingi organizmui.<\/p>\n<p>Svoris: 1000 g<\/p>\n<p>Pakuot\u0117: PU mai\u0161elis<\/p>\n<p><\/p>\n<p class=\"MsoNoSpacing\" style=\"margin-bottom: 10px;\"><span style=\"color: rgb(33, 33, 33); font-size: 10px; font-style: italic; text-align: right;\">Nuotrauka yra tik pavyzdinio pob\u016bd\u017eio, skirta pademonstruoti prek\u0117s savybes. Nuotraukoje nurodyta prek\u0117 neatspindi konkretaus prek\u0117s modelio.<\/span><\/p>\n<div class=\"legal-info\" style=\"width: 1434px; text-align: right; font-style: italic; font-size: 10px; color: rgb(33, 33, 33); transition: none 0s ease 0s !important;\"><\/div>","protected":false},"excerpt":{"rendered":"<p>Migdolas \u2013 4-10 m auk\u0161\u010dio lapus metantis medis. Kamieno skersmuo ~30 cm. Lapai 1.2 &#8211; 4 cm plo\u010dio. \u017diedai rausvi, 3 &#8211; 5 cm skersmens, su 5 vainiklapiais. Ant \u0161akos susiformuoja po du \u017eiedus ir \u017eydi anksti pavasar\u012f. Vaisius \u2013 3.5 &#8211; 6 cm ilgio kaulavaisis. Migdolo vaisiaus branduolys vadinamas migdolo rie\u0161utu. Migdolai \u2013 vieni [&hellip;]<\/p>","protected":false},"featured_media":28780,"comment_status":"open","ping_status":"closed","template":"","meta":{"_season_start":"","_season_end":"","_season_days":"","_season_months":"","_season_auto_visibility":""},"product_brand":[83],"product_cat":[1702],"product_tag":[],"class_list":{"0":"post-15506","1":"product","2":"type-product","3":"status-publish","4":"has-post-thumbnail","6":"product_brand-null","7":"product_cat-riesutai-ir-uzkandziai","9":"first","10":"instock","11":"taxable","12":"shipping-taxable","13":"purchasable","14":"product-type-simple"},"yoast_head":"<!-- This site is optimized with the Yoast SEO plugin v26.1.1 - https:\/\/yoast.com\/wordpress\/plugins\/seo\/ -->\n<title>Migdol\u0173 rie\u0161utai 1kg - Rutana - Ra\u0161tin\u0117s reikmenys<\/title>\n<meta name=\"robots\" content=\"index, follow, max-snippet:-1, max-image-preview:large, max-video-preview:-1\" \/>\n<link rel=\"canonical\" href=\"https:\/\/rutana.lt\/en\/product\/migdolu-riesutai-1kg\/\" \/>\n<meta property=\"og:locale\" content=\"en_US\" \/>\n<meta property=\"og:type\" content=\"article\" \/>\n<meta property=\"og:title\" content=\"Migdol\u0173 rie\u0161utai 1kg - Rutana - Ra\u0161tin\u0117s reikmenys\" \/>\n<meta property=\"og:description\" content=\"Migdolas \u2013 4-10 m auk\u0161\u010dio lapus metantis medis. Kamieno skersmuo ~30 cm. Lapai 1.2 &#8211; 4 cm plo\u010dio. \u017diedai rausvi, 3 &#8211; 5 cm skersmens, su 5 vainiklapiais. Ant \u0161akos susiformuoja po du \u017eiedus ir \u017eydi anksti pavasar\u012f. Vaisius \u2013 3.5 &#8211; 6 cm ilgio kaulavaisis. Migdolo vaisiaus branduolys vadinamas migdolo rie\u0161utu. Migdolai \u2013 vieni [&hellip;]\" \/>\n<meta property=\"og:url\" content=\"https:\/\/rutana.lt\/en\/product\/migdolu-riesutai-1kg\/\" \/>\n<meta property=\"og:site_name\" content=\"Rutana - Ra\u0161tin\u0117s reikmenys\" \/>\n<meta property=\"article:publisher\" content=\"https:\/\/www.facebook.com\/RutanaKanceliarinesPrekes\/\" \/>\n<meta property=\"article:modified_time\" content=\"2025-10-13T13:49:15+00:00\" \/>\n<meta property=\"og:image\" content=\"https:\/\/rutana.lt\/wp-content\/uploads\/2025\/09\/B091-746.jpg\" \/>\n\t<meta property=\"og:image:width\" content=\"600\" \/>\n\t<meta property=\"og:image:height\" content=\"598\" \/>\n\t<meta property=\"og:image:type\" content=\"image\/jpeg\" \/>\n<meta name=\"twitter:card\" content=\"summary_large_image\" \/>\n<script type=\"application\/ld+json\" class=\"yoast-schema-graph\">{\"@context\":\"https:\/\/schema.org\",\"@graph\":[{\"@type\":\"WebPage\",\"@id\":\"https:\/\/rutana.lt\/produktas\/migdolu-riesutai-1kg\/\",\"url\":\"https:\/\/rutana.lt\/produktas\/migdolu-riesutai-1kg\/\",\"name\":\"Migdol\u0173 rie\u0161utai 1kg - Rutana - Ra\u0161tin\u0117s reikmenys\",\"isPartOf\":{\"@id\":\"https:\/\/rutana.lt\/#website\"},\"primaryImageOfPage\":{\"@id\":\"https:\/\/rutana.lt\/produktas\/migdolu-riesutai-1kg\/#primaryimage\"},\"image\":{\"@id\":\"https:\/\/rutana.lt\/produktas\/migdolu-riesutai-1kg\/#primaryimage\"},\"thumbnailUrl\":\"https:\/\/rutana.lt\/wp-content\/uploads\/2025\/09\/B091-746-1.jpg?v=1763565776\",\"datePublished\":\"2025-09-03T07:40:13+00:00\",\"dateModified\":\"2025-10-13T13:49:15+00:00\",\"breadcrumb\":{\"@id\":\"https:\/\/rutana.lt\/produktas\/migdolu-riesutai-1kg\/#breadcrumb\"},\"inLanguage\":\"en-US\",\"potentialAction\":[{\"@type\":\"ReadAction\",\"target\":[\"https:\/\/rutana.lt\/produktas\/migdolu-riesutai-1kg\/\"]}]},{\"@type\":\"ImageObject\",\"inLanguage\":\"en-US\",\"@id\":\"https:\/\/rutana.lt\/produktas\/migdolu-riesutai-1kg\/#primaryimage\",\"url\":\"https:\/\/rutana.lt\/wp-content\/uploads\/2025\/09\/B091-746-1.jpg?v=1763565776\",\"contentUrl\":\"https:\/\/rutana.lt\/wp-content\/uploads\/2025\/09\/B091-746-1.jpg?v=1763565776\",\"width\":600,\"height\":598},{\"@type\":\"BreadcrumbList\",\"@id\":\"https:\/\/rutana.lt\/produktas\/migdolu-riesutai-1kg\/#breadcrumb\",\"itemListElement\":[{\"@type\":\"ListItem\",\"position\":1,\"name\":\"Home\",\"item\":\"https:\/\/rutana.lt\/\"},{\"@type\":\"ListItem\",\"position\":2,\"name\":\"Parduotuv\u0117\",\"item\":\"https:\/\/rutana.lt\/parduotuve\/\"},{\"@type\":\"ListItem\",\"position\":3,\"name\":\"Migdol\u0173 rie\u0161utai 1kg\"}]},{\"@type\":\"WebSite\",\"@id\":\"https:\/\/rutana.lt\/#website\",\"url\":\"https:\/\/rutana.lt\/\",\"name\":\"Rutana - Ra\u0161tin\u0117s reikmenys\",\"description\":\"Prekiaujame pasaulin\u0117je rinkoje pripa\u017eintomis, kokybi\u0161komis biuro prek\u0117mis toki\u0173  gamintoj\u0173 kaip: Schneider, Esselte, Novus, 3M, Faber-Castell, Citizen, Milan, Leitz, Colop, Zebra, Staedtler, Durable, Tork, Parker, Waterman ir kt.\",\"publisher\":{\"@id\":\"https:\/\/rutana.lt\/#organization\"},\"potentialAction\":[{\"@type\":\"SearchAction\",\"target\":{\"@type\":\"EntryPoint\",\"urlTemplate\":\"https:\/\/rutana.lt\/?s={search_term_string}\"},\"query-input\":{\"@type\":\"PropertyValueSpecification\",\"valueRequired\":true,\"valueName\":\"search_term_string\"}}],\"inLanguage\":\"en-US\"},{\"@type\":\"Organization\",\"@id\":\"https:\/\/rutana.lt\/#organization\",\"name\":\"Rutana - Ra\u0161tin\u0117s reikmenys\",\"url\":\"https:\/\/rutana.lt\/\",\"logo\":{\"@type\":\"ImageObject\",\"inLanguage\":\"en-US\",\"@id\":\"https:\/\/rutana.lt\/#\/schema\/logo\/image\/\",\"url\":\"https:\/\/rutana.lt\/wp-content\/uploads\/2025\/10\/Asset-32.png\",\"contentUrl\":\"https:\/\/rutana.lt\/wp-content\/uploads\/2025\/10\/Asset-32.png\",\"width\":433,\"height\":119,\"caption\":\"Rutana - Ra\u0161tin\u0117s reikmenys\"},\"image\":{\"@id\":\"https:\/\/rutana.lt\/#\/schema\/logo\/image\/\"},\"sameAs\":[\"https:\/\/www.facebook.com\/RutanaKanceliarinesPrekes\/\"]}]}<\/script>\n<!-- \/ Yoast SEO plugin. -->","yoast_head_json":{"title":"Migdol\u0173 rie\u0161utai 1kg - Rutana - Ra\u0161tin\u0117s reikmenys","robots":{"index":"index","follow":"follow","max-snippet":"max-snippet:-1","max-image-preview":"max-image-preview:large","max-video-preview":"max-video-preview:-1"},"canonical":"https:\/\/rutana.lt\/en\/product\/migdolu-riesutai-1kg\/","og_locale":"en_US","og_type":"article","og_title":"Migdol\u0173 rie\u0161utai 1kg - Rutana - Ra\u0161tin\u0117s reikmenys","og_description":"Migdolas \u2013 4-10 m auk\u0161\u010dio lapus metantis medis. Kamieno skersmuo ~30 cm. Lapai 1.2 &#8211; 4 cm plo\u010dio. \u017diedai rausvi, 3 &#8211; 5 cm skersmens, su 5 vainiklapiais. Ant \u0161akos susiformuoja po du \u017eiedus ir \u017eydi anksti pavasar\u012f. Vaisius \u2013 3.5 &#8211; 6 cm ilgio kaulavaisis. Migdolo vaisiaus branduolys vadinamas migdolo rie\u0161utu. Migdolai \u2013 vieni [&hellip;]","og_url":"https:\/\/rutana.lt\/en\/product\/migdolu-riesutai-1kg\/","og_site_name":"Rutana - Ra\u0161tin\u0117s reikmenys","article_publisher":"https:\/\/www.facebook.com\/RutanaKanceliarinesPrekes\/","article_modified_time":"2025-10-13T13:49:15+00:00","og_image":[{"width":600,"height":598,"url":"https:\/\/rutana.lt\/wp-content\/uploads\/2025\/09\/B091-746.jpg","type":"image\/jpeg"}],"twitter_card":"summary_large_image","schema":{"@context":"https:\/\/schema.org","@graph":[{"@type":"WebPage","@id":"https:\/\/rutana.lt\/produktas\/migdolu-riesutai-1kg\/","url":"https:\/\/rutana.lt\/produktas\/migdolu-riesutai-1kg\/","name":"Migdol\u0173 rie\u0161utai 1kg - Rutana - Ra\u0161tin\u0117s reikmenys","isPartOf":{"@id":"https:\/\/rutana.lt\/#website"},"primaryImageOfPage":{"@id":"https:\/\/rutana.lt\/produktas\/migdolu-riesutai-1kg\/#primaryimage"},"image":{"@id":"https:\/\/rutana.lt\/produktas\/migdolu-riesutai-1kg\/#primaryimage"},"thumbnailUrl":"https:\/\/rutana.lt\/wp-content\/uploads\/2025\/09\/B091-746-1.jpg?v=1763565776","datePublished":"2025-09-03T07:40:13+00:00","dateModified":"2025-10-13T13:49:15+00:00","breadcrumb":{"@id":"https:\/\/rutana.lt\/produktas\/migdolu-riesutai-1kg\/#breadcrumb"},"inLanguage":"en-US","potentialAction":[{"@type":"ReadAction","target":["https:\/\/rutana.lt\/produktas\/migdolu-riesutai-1kg\/"]}]},{"@type":"ImageObject","inLanguage":"en-US","@id":"https:\/\/rutana.lt\/produktas\/migdolu-riesutai-1kg\/#primaryimage","url":"https:\/\/rutana.lt\/wp-content\/uploads\/2025\/09\/B091-746-1.jpg?v=1763565776","contentUrl":"https:\/\/rutana.lt\/wp-content\/uploads\/2025\/09\/B091-746-1.jpg?v=1763565776","width":600,"height":598},{"@type":"BreadcrumbList","@id":"https:\/\/rutana.lt\/produktas\/migdolu-riesutai-1kg\/#breadcrumb","itemListElement":[{"@type":"ListItem","position":1,"name":"Home","item":"https:\/\/rutana.lt\/"},{"@type":"ListItem","position":2,"name":"Parduotuv\u0117","item":"https:\/\/rutana.lt\/parduotuve\/"},{"@type":"ListItem","position":3,"name":"Migdol\u0173 rie\u0161utai 1kg"}]},{"@type":"WebSite","@id":"https:\/\/rutana.lt\/#website","url":"https:\/\/rutana.lt\/","name":"Rutana - Ra\u0161tin\u0117s reikmenys","description":"Prekiaujame pasaulin\u0117je rinkoje pripa\u017eintomis, kokybi\u0161komis biuro prek\u0117mis toki\u0173  gamintoj\u0173 kaip: Schneider, Esselte, Novus, 3M, Faber-Castell, Citizen, Milan, Leitz, Colop, Zebra, Staedtler, Durable, Tork, Parker, Waterman ir kt.","publisher":{"@id":"https:\/\/rutana.lt\/#organization"},"potentialAction":[{"@type":"SearchAction","target":{"@type":"EntryPoint","urlTemplate":"https:\/\/rutana.lt\/?s={search_term_string}"},"query-input":{"@type":"PropertyValueSpecification","valueRequired":true,"valueName":"search_term_string"}}],"inLanguage":"en-US"},{"@type":"Organization","@id":"https:\/\/rutana.lt\/#organization","name":"Rutana - Ra\u0161tin\u0117s reikmenys","url":"https:\/\/rutana.lt\/","logo":{"@type":"ImageObject","inLanguage":"en-US","@id":"https:\/\/rutana.lt\/#\/schema\/logo\/image\/","url":"https:\/\/rutana.lt\/wp-content\/uploads\/2025\/10\/Asset-32.png","contentUrl":"https:\/\/rutana.lt\/wp-content\/uploads\/2025\/10\/Asset-32.png","width":433,"height":119,"caption":"Rutana - Ra\u0161tin\u0117s reikmenys"},"image":{"@id":"https:\/\/rutana.lt\/#\/schema\/logo\/image\/"},"sameAs":["https:\/\/www.facebook.com\/RutanaKanceliarinesPrekes\/"]}]}},"_links":{"self":[{"href":"https:\/\/rutana.lt\/en\/wp-json\/wp\/v2\/product\/15506","targetHints":{"allow":["GET"]}}],"collection":[{"href":"https:\/\/rutana.lt\/en\/wp-json\/wp\/v2\/product"}],"about":[{"href":"https:\/\/rutana.lt\/en\/wp-json\/wp\/v2\/types\/product"}],"replies":[{"embeddable":true,"href":"https:\/\/rutana.lt\/en\/wp-json\/wp\/v2\/comments?post=15506"}],"version-history":[{"count":1,"href":"https:\/\/rutana.lt\/en\/wp-json\/wp\/v2\/product\/15506\/revisions"}],"predecessor-version":[{"id":15589,"href":"https:\/\/rutana.lt\/en\/wp-json\/wp\/v2\/product\/15506\/revisions\/15589"}],"wp:featuredmedia":[{"embeddable":true,"href":"https:\/\/rutana.lt\/en\/wp-json\/wp\/v2\/media\/28780"}],"wp:attachment":[{"href":"https:\/\/rutana.lt\/en\/wp-json\/wp\/v2\/media?parent=15506"}],"wp:term":[{"taxonomy":"product_brand","embeddable":true,"href":"https:\/\/rutana.lt\/en\/wp-json\/wp\/v2\/product_brand?post=15506"},{"taxonomy":"product_cat","embeddable":true,"href":"https:\/\/rutana.lt\/en\/wp-json\/wp\/v2\/product_cat?post=15506"},{"taxonomy":"product_tag","embeddable":true,"href":"https:\/\/rutana.lt\/en\/wp-json\/wp\/v2\/product_tag?post=15506"}],"curies":[{"name":"wp","href":"https:\/\/api.w.org\/{rel}","templated":true}]}}