{"id":15439,"date":"2025-09-03T09:39:50","date_gmt":"2025-09-03T07:39:50","guid":{"rendered":"https:\/\/rutana.webdemo.lt\/?post_type=product&#038;p=15439"},"modified":"2025-10-13T15:49:06","modified_gmt":"2025-10-13T13:49:06","slug":"deklas-sasiuviniams-save-me-su-gumele-a4-pagna-21326-25","status":"publish","type":"product","link":"https:\/\/rutana.lt\/en\/product\/deklas-sasiuviniams-save-me-su-gumele-a4-pagna-21326-25\/","title":{"rendered":"D\u0117klas s\u0105siuviniams &#8222;Save Me&#8221; su gumele A4 Pagna 21326-25"},"content":{"rendered":"<p>Prakti\u0161kas &#8222;Save me&#8221; by PAGNA serijos d\u0117klas dokumentams, pagamintas i\u0161 perdirbto popieriaus, su vienspalviu fuksijos ar m\u0117t\u0173 spalv\u0173 atspaudu, idealiai tinka palaidiems dokumentams, aplankams ar aplankams laikyti ir transportuoti. Trys vidiniai atvartai ir elastin\u0117s juostos u\u017esegimas u\u017etikrina, kad svarb\u016bs dokumentai iki A4 formato b\u016bt\u0173 gerai apsaugoti d\u0117kle ir negal\u0117t\u0173 i\u0161kristi.<\/p>\n<p>Formatas: A4<\/p>\n<p>Spalva: \u017ealia arba fuksij\u0173<\/p>\n<p>Matmenys: 245 x 335 x 40 mm<\/p>\n<p>Kilm\u0117s \u0161alis: Vokietija<\/p>","protected":false},"excerpt":{"rendered":"<p>Prakti\u0161kas &#8222;Save me&#8221; by PAGNA serijos d\u0117klas dokumentams, pagamintas i\u0161 perdirbto popieriaus, su vienspalviu fuksijos ar m\u0117t\u0173 spalv\u0173 atspaudu, idealiai tinka palaidiems dokumentams, aplankams ar aplankams laikyti ir transportuoti. Trys vidiniai atvartai ir elastin\u0117s juostos u\u017esegimas u\u017etikrina, kad svarb\u016bs dokumentai iki A4 formato b\u016bt\u0173 gerai apsaugoti d\u0117kle ir negal\u0117t\u0173 i\u0161kristi. Formatas: A4 Spalva: \u017ealia arba [&hellip;]<\/p>","protected":false},"featured_media":28757,"comment_status":"open","ping_status":"closed","template":"","meta":{"_season_start":"","_season_end":"","_season_days":"","_season_months":"","_season_auto_visibility":""},"product_brand":[982],"product_cat":[1610],"product_tag":[],"class_list":{"0":"post-15439","1":"product","2":"type-product","3":"status-publish","4":"has-post-thumbnail","6":"product_brand-pagna","7":"product_cat-kartoniniai-segtuvai-ir-aplankai","9":"first","10":"instock","11":"taxable","12":"shipping-taxable","13":"purchasable","14":"product-type-simple"},"yoast_head":"<!-- This site is optimized with the Yoast SEO plugin v27.4 - https:\/\/yoast.com\/product\/yoast-seo-wordpress\/ -->\n<title>D\u0117klas s\u0105siuviniams &quot;Save Me&quot; su gumele A4 Pagna 21326-25 - Rutana - Ra\u0161tin\u0117s reikmenys<\/title>\n<meta name=\"robots\" content=\"index, follow, max-snippet:-1, max-image-preview:large, max-video-preview:-1\" \/>\n<link rel=\"canonical\" href=\"https:\/\/rutana.lt\/en\/product\/deklas-sasiuviniams-save-me-su-gumele-a4-pagna-21326-25\/\" \/>\n<meta property=\"og:locale\" content=\"en_US\" \/>\n<meta property=\"og:type\" content=\"article\" \/>\n<meta property=\"og:title\" content=\"D\u0117klas s\u0105siuviniams &quot;Save Me&quot; su gumele A4 Pagna 21326-25 - Rutana - Ra\u0161tin\u0117s reikmenys\" \/>\n<meta property=\"og:description\" content=\"Prakti\u0161kas &#8222;Save me&#8221; by PAGNA serijos d\u0117klas dokumentams, pagamintas i\u0161 perdirbto popieriaus, su vienspalviu fuksijos ar m\u0117t\u0173 spalv\u0173 atspaudu, idealiai tinka palaidiems dokumentams, aplankams ar aplankams laikyti ir transportuoti. Trys vidiniai atvartai ir elastin\u0117s juostos u\u017esegimas u\u017etikrina, kad svarb\u016bs dokumentai iki A4 formato b\u016bt\u0173 gerai apsaugoti d\u0117kle ir negal\u0117t\u0173 i\u0161kristi. Formatas: A4 Spalva: \u017ealia arba [&hellip;]\" \/>\n<meta property=\"og:url\" content=\"https:\/\/rutana.lt\/en\/product\/deklas-sasiuviniams-save-me-su-gumele-a4-pagna-21326-25\/\" \/>\n<meta property=\"og:site_name\" content=\"Rutana - Ra\u0161tin\u0117s reikmenys\" \/>\n<meta property=\"article:publisher\" content=\"https:\/\/www.facebook.com\/RutanaKanceliarinesPrekes\/\" \/>\n<meta property=\"article:modified_time\" content=\"2025-10-13T13:49:06+00:00\" \/>\n<meta property=\"og:image\" content=\"https:\/\/rutana.lt\/wp-content\/uploads\/2025\/09\/D028-463.jpg\" \/>\n\t<meta property=\"og:image:width\" content=\"600\" \/>\n\t<meta property=\"og:image:height\" content=\"600\" \/>\n\t<meta property=\"og:image:type\" content=\"image\/jpeg\" \/>\n<meta name=\"twitter:card\" content=\"summary_large_image\" \/>\n<script type=\"application\/ld+json\" class=\"yoast-schema-graph\">{\"@context\":\"https:\\\/\\\/schema.org\",\"@graph\":[{\"@type\":\"WebPage\",\"@id\":\"https:\\\/\\\/rutana.lt\\\/produktas\\\/deklas-sasiuviniams-save-me-su-gumele-a4-pagna-21326-25\\\/\",\"url\":\"https:\\\/\\\/rutana.lt\\\/produktas\\\/deklas-sasiuviniams-save-me-su-gumele-a4-pagna-21326-25\\\/\",\"name\":\"D\u0117klas s\u0105siuviniams \\\"Save Me\\\" su gumele A4 Pagna 21326-25 - Rutana - Ra\u0161tin\u0117s reikmenys\",\"isPartOf\":{\"@id\":\"https:\\\/\\\/rutana.lt\\\/#website\"},\"primaryImageOfPage\":{\"@id\":\"https:\\\/\\\/rutana.lt\\\/produktas\\\/deklas-sasiuviniams-save-me-su-gumele-a4-pagna-21326-25\\\/#primaryimage\"},\"image\":{\"@id\":\"https:\\\/\\\/rutana.lt\\\/produktas\\\/deklas-sasiuviniams-save-me-su-gumele-a4-pagna-21326-25\\\/#primaryimage\"},\"thumbnailUrl\":\"https:\\\/\\\/rutana.lt\\\/wp-content\\\/uploads\\\/2025\\\/09\\\/D028-463-2.jpg?v=1763565807\",\"datePublished\":\"2025-09-03T07:39:50+00:00\",\"dateModified\":\"2025-10-13T13:49:06+00:00\",\"breadcrumb\":{\"@id\":\"https:\\\/\\\/rutana.lt\\\/produktas\\\/deklas-sasiuviniams-save-me-su-gumele-a4-pagna-21326-25\\\/#breadcrumb\"},\"inLanguage\":\"en-US\",\"potentialAction\":[{\"@type\":\"ReadAction\",\"target\":[\"https:\\\/\\\/rutana.lt\\\/produktas\\\/deklas-sasiuviniams-save-me-su-gumele-a4-pagna-21326-25\\\/\"]}]},{\"@type\":\"ImageObject\",\"inLanguage\":\"en-US\",\"@id\":\"https:\\\/\\\/rutana.lt\\\/produktas\\\/deklas-sasiuviniams-save-me-su-gumele-a4-pagna-21326-25\\\/#primaryimage\",\"url\":\"https:\\\/\\\/rutana.lt\\\/wp-content\\\/uploads\\\/2025\\\/09\\\/D028-463-2.jpg?v=1763565807\",\"contentUrl\":\"https:\\\/\\\/rutana.lt\\\/wp-content\\\/uploads\\\/2025\\\/09\\\/D028-463-2.jpg?v=1763565807\",\"width\":600,\"height\":600},{\"@type\":\"BreadcrumbList\",\"@id\":\"https:\\\/\\\/rutana.lt\\\/produktas\\\/deklas-sasiuviniams-save-me-su-gumele-a4-pagna-21326-25\\\/#breadcrumb\",\"itemListElement\":[{\"@type\":\"ListItem\",\"position\":1,\"name\":\"Home\",\"item\":\"https:\\\/\\\/rutana.lt\\\/\"},{\"@type\":\"ListItem\",\"position\":2,\"name\":\"Parduotuv\u0117\",\"item\":\"https:\\\/\\\/rutana.lt\\\/parduotuve\\\/\"},{\"@type\":\"ListItem\",\"position\":3,\"name\":\"D\u0117klas s\u0105siuviniams &#8222;Save Me&#8221; su gumele A4 Pagna 21326-25\"}]},{\"@type\":\"WebSite\",\"@id\":\"https:\\\/\\\/rutana.lt\\\/#website\",\"url\":\"https:\\\/\\\/rutana.lt\\\/\",\"name\":\"Rutana - Ra\u0161tin\u0117s reikmenys\",\"description\":\"Prekiaujame pasaulin\u0117je rinkoje pripa\u017eintomis, kokybi\u0161komis biuro prek\u0117mis toki\u0173  gamintoj\u0173 kaip: Schneider, Esselte, Novus, 3M, Faber-Castell, Citizen, Milan, Leitz, Colop, Zebra, Staedtler, Durable, Tork, Parker, Waterman ir kt.\",\"publisher\":{\"@id\":\"https:\\\/\\\/rutana.lt\\\/#organization\"},\"potentialAction\":[{\"@type\":\"SearchAction\",\"target\":{\"@type\":\"EntryPoint\",\"urlTemplate\":\"https:\\\/\\\/rutana.lt\\\/?s={search_term_string}\"},\"query-input\":{\"@type\":\"PropertyValueSpecification\",\"valueRequired\":true,\"valueName\":\"search_term_string\"}}],\"inLanguage\":\"en-US\"},{\"@type\":\"Organization\",\"@id\":\"https:\\\/\\\/rutana.lt\\\/#organization\",\"name\":\"Rutana - Ra\u0161tin\u0117s reikmenys\",\"url\":\"https:\\\/\\\/rutana.lt\\\/\",\"logo\":{\"@type\":\"ImageObject\",\"inLanguage\":\"en-US\",\"@id\":\"https:\\\/\\\/rutana.lt\\\/#\\\/schema\\\/logo\\\/image\\\/\",\"url\":\"https:\\\/\\\/rutana.lt\\\/wp-content\\\/uploads\\\/2025\\\/10\\\/Asset-32.png\",\"contentUrl\":\"https:\\\/\\\/rutana.lt\\\/wp-content\\\/uploads\\\/2025\\\/10\\\/Asset-32.png\",\"width\":433,\"height\":119,\"caption\":\"Rutana - Ra\u0161tin\u0117s reikmenys\"},\"image\":{\"@id\":\"https:\\\/\\\/rutana.lt\\\/#\\\/schema\\\/logo\\\/image\\\/\"},\"sameAs\":[\"https:\\\/\\\/www.facebook.com\\\/RutanaKanceliarinesPrekes\\\/\"]}]}<\/script>\n<!-- \/ Yoast SEO plugin. -->","yoast_head_json":{"title":"D\u0117klas s\u0105siuviniams \"Save Me\" su gumele A4 Pagna 21326-25 - Rutana - Ra\u0161tin\u0117s reikmenys","robots":{"index":"index","follow":"follow","max-snippet":"max-snippet:-1","max-image-preview":"max-image-preview:large","max-video-preview":"max-video-preview:-1"},"canonical":"https:\/\/rutana.lt\/en\/product\/deklas-sasiuviniams-save-me-su-gumele-a4-pagna-21326-25\/","og_locale":"en_US","og_type":"article","og_title":"D\u0117klas s\u0105siuviniams \"Save Me\" su gumele A4 Pagna 21326-25 - Rutana - Ra\u0161tin\u0117s reikmenys","og_description":"Prakti\u0161kas &#8222;Save me&#8221; by PAGNA serijos d\u0117klas dokumentams, pagamintas i\u0161 perdirbto popieriaus, su vienspalviu fuksijos ar m\u0117t\u0173 spalv\u0173 atspaudu, idealiai tinka palaidiems dokumentams, aplankams ar aplankams laikyti ir transportuoti. Trys vidiniai atvartai ir elastin\u0117s juostos u\u017esegimas u\u017etikrina, kad svarb\u016bs dokumentai iki A4 formato b\u016bt\u0173 gerai apsaugoti d\u0117kle ir negal\u0117t\u0173 i\u0161kristi. Formatas: A4 Spalva: \u017ealia arba [&hellip;]","og_url":"https:\/\/rutana.lt\/en\/product\/deklas-sasiuviniams-save-me-su-gumele-a4-pagna-21326-25\/","og_site_name":"Rutana - Ra\u0161tin\u0117s reikmenys","article_publisher":"https:\/\/www.facebook.com\/RutanaKanceliarinesPrekes\/","article_modified_time":"2025-10-13T13:49:06+00:00","og_image":[{"width":600,"height":600,"url":"https:\/\/rutana.lt\/wp-content\/uploads\/2025\/09\/D028-463.jpg","type":"image\/jpeg"}],"twitter_card":"summary_large_image","schema":{"@context":"https:\/\/schema.org","@graph":[{"@type":"WebPage","@id":"https:\/\/rutana.lt\/produktas\/deklas-sasiuviniams-save-me-su-gumele-a4-pagna-21326-25\/","url":"https:\/\/rutana.lt\/produktas\/deklas-sasiuviniams-save-me-su-gumele-a4-pagna-21326-25\/","name":"D\u0117klas s\u0105siuviniams \"Save Me\" su gumele A4 Pagna 21326-25 - Rutana - Ra\u0161tin\u0117s reikmenys","isPartOf":{"@id":"https:\/\/rutana.lt\/#website"},"primaryImageOfPage":{"@id":"https:\/\/rutana.lt\/produktas\/deklas-sasiuviniams-save-me-su-gumele-a4-pagna-21326-25\/#primaryimage"},"image":{"@id":"https:\/\/rutana.lt\/produktas\/deklas-sasiuviniams-save-me-su-gumele-a4-pagna-21326-25\/#primaryimage"},"thumbnailUrl":"https:\/\/rutana.lt\/wp-content\/uploads\/2025\/09\/D028-463-2.jpg?v=1763565807","datePublished":"2025-09-03T07:39:50+00:00","dateModified":"2025-10-13T13:49:06+00:00","breadcrumb":{"@id":"https:\/\/rutana.lt\/produktas\/deklas-sasiuviniams-save-me-su-gumele-a4-pagna-21326-25\/#breadcrumb"},"inLanguage":"en-US","potentialAction":[{"@type":"ReadAction","target":["https:\/\/rutana.lt\/produktas\/deklas-sasiuviniams-save-me-su-gumele-a4-pagna-21326-25\/"]}]},{"@type":"ImageObject","inLanguage":"en-US","@id":"https:\/\/rutana.lt\/produktas\/deklas-sasiuviniams-save-me-su-gumele-a4-pagna-21326-25\/#primaryimage","url":"https:\/\/rutana.lt\/wp-content\/uploads\/2025\/09\/D028-463-2.jpg?v=1763565807","contentUrl":"https:\/\/rutana.lt\/wp-content\/uploads\/2025\/09\/D028-463-2.jpg?v=1763565807","width":600,"height":600},{"@type":"BreadcrumbList","@id":"https:\/\/rutana.lt\/produktas\/deklas-sasiuviniams-save-me-su-gumele-a4-pagna-21326-25\/#breadcrumb","itemListElement":[{"@type":"ListItem","position":1,"name":"Home","item":"https:\/\/rutana.lt\/"},{"@type":"ListItem","position":2,"name":"Parduotuv\u0117","item":"https:\/\/rutana.lt\/parduotuve\/"},{"@type":"ListItem","position":3,"name":"D\u0117klas s\u0105siuviniams &#8222;Save Me&#8221; su gumele A4 Pagna 21326-25"}]},{"@type":"WebSite","@id":"https:\/\/rutana.lt\/#website","url":"https:\/\/rutana.lt\/","name":"Rutana - Ra\u0161tin\u0117s reikmenys","description":"Prekiaujame pasaulin\u0117je rinkoje pripa\u017eintomis, kokybi\u0161komis biuro prek\u0117mis toki\u0173  gamintoj\u0173 kaip: Schneider, Esselte, Novus, 3M, Faber-Castell, Citizen, Milan, Leitz, Colop, Zebra, Staedtler, Durable, Tork, Parker, Waterman ir kt.","publisher":{"@id":"https:\/\/rutana.lt\/#organization"},"potentialAction":[{"@type":"SearchAction","target":{"@type":"EntryPoint","urlTemplate":"https:\/\/rutana.lt\/?s={search_term_string}"},"query-input":{"@type":"PropertyValueSpecification","valueRequired":true,"valueName":"search_term_string"}}],"inLanguage":"en-US"},{"@type":"Organization","@id":"https:\/\/rutana.lt\/#organization","name":"Rutana - Ra\u0161tin\u0117s reikmenys","url":"https:\/\/rutana.lt\/","logo":{"@type":"ImageObject","inLanguage":"en-US","@id":"https:\/\/rutana.lt\/#\/schema\/logo\/image\/","url":"https:\/\/rutana.lt\/wp-content\/uploads\/2025\/10\/Asset-32.png","contentUrl":"https:\/\/rutana.lt\/wp-content\/uploads\/2025\/10\/Asset-32.png","width":433,"height":119,"caption":"Rutana - Ra\u0161tin\u0117s reikmenys"},"image":{"@id":"https:\/\/rutana.lt\/#\/schema\/logo\/image\/"},"sameAs":["https:\/\/www.facebook.com\/RutanaKanceliarinesPrekes\/"]}]}},"_links":{"self":[{"href":"https:\/\/rutana.lt\/en\/wp-json\/wp\/v2\/product\/15439","targetHints":{"allow":["GET"]}}],"collection":[{"href":"https:\/\/rutana.lt\/en\/wp-json\/wp\/v2\/product"}],"about":[{"href":"https:\/\/rutana.lt\/en\/wp-json\/wp\/v2\/types\/product"}],"replies":[{"embeddable":true,"href":"https:\/\/rutana.lt\/en\/wp-json\/wp\/v2\/comments?post=15439"}],"version-history":[{"count":1,"href":"https:\/\/rutana.lt\/en\/wp-json\/wp\/v2\/product\/15439\/revisions"}],"predecessor-version":[{"id":15520,"href":"https:\/\/rutana.lt\/en\/wp-json\/wp\/v2\/product\/15439\/revisions\/15520"}],"wp:featuredmedia":[{"embeddable":true,"href":"https:\/\/rutana.lt\/en\/wp-json\/wp\/v2\/media\/28757"}],"wp:attachment":[{"href":"https:\/\/rutana.lt\/en\/wp-json\/wp\/v2\/media?parent=15439"}],"wp:term":[{"taxonomy":"product_brand","embeddable":true,"href":"https:\/\/rutana.lt\/en\/wp-json\/wp\/v2\/product_brand?post=15439"},{"taxonomy":"product_cat","embeddable":true,"href":"https:\/\/rutana.lt\/en\/wp-json\/wp\/v2\/product_cat?post=15439"},{"taxonomy":"product_tag","embeddable":true,"href":"https:\/\/rutana.lt\/en\/wp-json\/wp\/v2\/product_tag?post=15439"}],"curies":[{"name":"wp","href":"https:\/\/api.w.org\/{rel}","templated":true}]}}