{"id":15207,"date":"2025-09-03T09:38:35","date_gmt":"2025-09-03T07:38:35","guid":{"rendered":"https:\/\/rutana.webdemo.lt\/?post_type=product&#038;p=15207"},"modified":"2025-10-13T15:48:38","modified_gmt":"2025-10-13T13:48:38","slug":"droztukas-su-trintuku-2-in-1-aguza-tamsiai-melynas-hd-93621-114","status":"publish","type":"product","link":"https:\/\/rutana.lt\/en\/product\/droztukas-su-trintuku-2-in-1-aguza-tamsiai-melynas-hd-93621-114\/","title":{"rendered":"Dro\u017etukas su trintuku 2 in 1 &#8222;Aguza&#8221; tamsiai m\u0117lynas HD 93621-114"},"content":{"rendered":"<p>Du viename &#8211; pie\u0161tuk\u0173 dro\u017etukas pagamintas i\u0161 PS su skaidriu korpuso konteineriu ir trintuku su dangteliu. <\/p>\n<p>Ant dro\u017etuko galima u\u017ed\u0117ti reklamin\u012f \u012fmon\u0117s logotip\u0105 ar kitok\u012f u\u017era\u0161\u0105 jums pageidaujamoje vietoje bei j\u016bs\u0173 pasirinktu b\u016bdu. Kaina nurodyta tik dro\u017etuko, be u\u017era\u0161o. U\u017era\u0161o kaina priklauso nuo u\u017esakomo kiekio ir u\u017ed\u0117jimo b\u016bdo.<\/p>\n<p style=\"margin-bottom: 10px;\">Matmenys: 41 x 60 x 23 mm<\/p>\n<p style=\"margin-bottom: 10px;\">Spalva: tamsiai m\u0117lyna<\/p>\n<p style=\"margin-bottom: 10px;\">Svoris: 14 g<\/p>\n<p style=\"margin-bottom: 10px;\">U\u017era\u0161o u\u017ed\u0117jimo galimi b\u016bdai: tamponin\u0117 spauda<\/p>\n<p style=\"margin-bottom: 10px;\">U\u017era\u0161o u\u017ed\u0117jimo galimos vietos: dro\u017etuko konteinerio korpusas<\/p>\n<div><br style=\"color: rgb(0, 0, 0); font-size: 14px;\"><\/div>","protected":false},"excerpt":{"rendered":"<p>Du viename &#8211; pie\u0161tuk\u0173 dro\u017etukas pagamintas i\u0161 PS su skaidriu korpuso konteineriu ir trintuku su dangteliu. Ant dro\u017etuko galima u\u017ed\u0117ti reklamin\u012f \u012fmon\u0117s logotip\u0105 ar kitok\u012f u\u017era\u0161\u0105 jums pageidaujamoje vietoje bei j\u016bs\u0173 pasirinktu b\u016bdu. Kaina nurodyta tik dro\u017etuko, be u\u017era\u0161o. U\u017era\u0161o kaina priklauso nuo u\u017esakomo kiekio ir u\u017ed\u0117jimo b\u016bdo. Matmenys: 41 x 60 x 23 mm [&hellip;]<\/p>","protected":false},"featured_media":28673,"comment_status":"open","ping_status":"closed","template":"","meta":{"_season_start":"","_season_end":"","_season_days":"","_season_months":"","_season_auto_visibility":""},"product_brand":[868],"product_cat":[1563],"product_tag":[],"class_list":{"0":"post-15207","1":"product","2":"type-product","3":"status-publish","4":"has-post-thumbnail","6":"product_brand-hd","7":"product_cat-droztukai","9":"first","10":"instock","11":"taxable","12":"shipping-taxable","13":"purchasable","14":"product-type-simple"},"yoast_head":"<!-- This site is optimized with the Yoast SEO plugin v27.4 - https:\/\/yoast.com\/product\/yoast-seo-wordpress\/ -->\n<title>Dro\u017etukas su trintuku 2 in 1 &quot;Aguza&quot; tamsiai m\u0117lynas HD 93621-114 - Rutana - Ra\u0161tin\u0117s reikmenys<\/title>\n<meta name=\"robots\" content=\"index, follow, max-snippet:-1, max-image-preview:large, max-video-preview:-1\" \/>\n<link rel=\"canonical\" href=\"https:\/\/rutana.lt\/en\/product\/droztukas-su-trintuku-2-in-1-aguza-tamsiai-melynas-hd-93621-114\/\" \/>\n<meta property=\"og:locale\" content=\"en_US\" \/>\n<meta property=\"og:type\" content=\"article\" \/>\n<meta property=\"og:title\" content=\"Dro\u017etukas su trintuku 2 in 1 &quot;Aguza&quot; tamsiai m\u0117lynas HD 93621-114 - Rutana - Ra\u0161tin\u0117s reikmenys\" \/>\n<meta property=\"og:description\" content=\"Du viename &#8211; pie\u0161tuk\u0173 dro\u017etukas pagamintas i\u0161 PS su skaidriu korpuso konteineriu ir trintuku su dangteliu. Ant dro\u017etuko galima u\u017ed\u0117ti reklamin\u012f \u012fmon\u0117s logotip\u0105 ar kitok\u012f u\u017era\u0161\u0105 jums pageidaujamoje vietoje bei j\u016bs\u0173 pasirinktu b\u016bdu. Kaina nurodyta tik dro\u017etuko, be u\u017era\u0161o. U\u017era\u0161o kaina priklauso nuo u\u017esakomo kiekio ir u\u017ed\u0117jimo b\u016bdo. Matmenys: 41 x 60 x 23 mm [&hellip;]\" \/>\n<meta property=\"og:url\" content=\"https:\/\/rutana.lt\/en\/product\/droztukas-su-trintuku-2-in-1-aguza-tamsiai-melynas-hd-93621-114\/\" \/>\n<meta property=\"og:site_name\" content=\"Rutana - Ra\u0161tin\u0117s reikmenys\" \/>\n<meta property=\"article:publisher\" content=\"https:\/\/www.facebook.com\/RutanaKanceliarinesPrekes\/\" \/>\n<meta property=\"article:modified_time\" content=\"2025-10-13T13:48:38+00:00\" \/>\n<meta property=\"og:image\" content=\"https:\/\/rutana.lt\/wp-content\/uploads\/2025\/09\/D021-275.jpg\" \/>\n\t<meta property=\"og:image:width\" content=\"600\" \/>\n\t<meta property=\"og:image:height\" content=\"600\" \/>\n\t<meta property=\"og:image:type\" content=\"image\/jpeg\" \/>\n<meta name=\"twitter:card\" content=\"summary_large_image\" \/>\n<script type=\"application\/ld+json\" class=\"yoast-schema-graph\">{\"@context\":\"https:\\\/\\\/schema.org\",\"@graph\":[{\"@type\":\"WebPage\",\"@id\":\"https:\\\/\\\/rutana.lt\\\/produktas\\\/droztukas-su-trintuku-2-in-1-aguza-tamsiai-melynas-hd-93621-114\\\/\",\"url\":\"https:\\\/\\\/rutana.lt\\\/produktas\\\/droztukas-su-trintuku-2-in-1-aguza-tamsiai-melynas-hd-93621-114\\\/\",\"name\":\"Dro\u017etukas su trintuku 2 in 1 \\\"Aguza\\\" tamsiai m\u0117lynas HD 93621-114 - Rutana - Ra\u0161tin\u0117s reikmenys\",\"isPartOf\":{\"@id\":\"https:\\\/\\\/rutana.lt\\\/#website\"},\"primaryImageOfPage\":{\"@id\":\"https:\\\/\\\/rutana.lt\\\/produktas\\\/droztukas-su-trintuku-2-in-1-aguza-tamsiai-melynas-hd-93621-114\\\/#primaryimage\"},\"image\":{\"@id\":\"https:\\\/\\\/rutana.lt\\\/produktas\\\/droztukas-su-trintuku-2-in-1-aguza-tamsiai-melynas-hd-93621-114\\\/#primaryimage\"},\"thumbnailUrl\":\"https:\\\/\\\/rutana.lt\\\/wp-content\\\/uploads\\\/2025\\\/09\\\/D021-275-1.jpg?v=1763565928\",\"datePublished\":\"2025-09-03T07:38:35+00:00\",\"dateModified\":\"2025-10-13T13:48:38+00:00\",\"breadcrumb\":{\"@id\":\"https:\\\/\\\/rutana.lt\\\/produktas\\\/droztukas-su-trintuku-2-in-1-aguza-tamsiai-melynas-hd-93621-114\\\/#breadcrumb\"},\"inLanguage\":\"en-US\",\"potentialAction\":[{\"@type\":\"ReadAction\",\"target\":[\"https:\\\/\\\/rutana.lt\\\/produktas\\\/droztukas-su-trintuku-2-in-1-aguza-tamsiai-melynas-hd-93621-114\\\/\"]}]},{\"@type\":\"ImageObject\",\"inLanguage\":\"en-US\",\"@id\":\"https:\\\/\\\/rutana.lt\\\/produktas\\\/droztukas-su-trintuku-2-in-1-aguza-tamsiai-melynas-hd-93621-114\\\/#primaryimage\",\"url\":\"https:\\\/\\\/rutana.lt\\\/wp-content\\\/uploads\\\/2025\\\/09\\\/D021-275-1.jpg?v=1763565928\",\"contentUrl\":\"https:\\\/\\\/rutana.lt\\\/wp-content\\\/uploads\\\/2025\\\/09\\\/D021-275-1.jpg?v=1763565928\",\"width\":600,\"height\":600},{\"@type\":\"BreadcrumbList\",\"@id\":\"https:\\\/\\\/rutana.lt\\\/produktas\\\/droztukas-su-trintuku-2-in-1-aguza-tamsiai-melynas-hd-93621-114\\\/#breadcrumb\",\"itemListElement\":[{\"@type\":\"ListItem\",\"position\":1,\"name\":\"Home\",\"item\":\"https:\\\/\\\/rutana.lt\\\/\"},{\"@type\":\"ListItem\",\"position\":2,\"name\":\"Parduotuv\u0117\",\"item\":\"https:\\\/\\\/rutana.lt\\\/parduotuve\\\/\"},{\"@type\":\"ListItem\",\"position\":3,\"name\":\"Dro\u017etukas su trintuku 2 in 1 &#8222;Aguza&#8221; tamsiai m\u0117lynas HD 93621-114\"}]},{\"@type\":\"WebSite\",\"@id\":\"https:\\\/\\\/rutana.lt\\\/#website\",\"url\":\"https:\\\/\\\/rutana.lt\\\/\",\"name\":\"Rutana - Ra\u0161tin\u0117s reikmenys\",\"description\":\"Prekiaujame pasaulin\u0117je rinkoje pripa\u017eintomis, kokybi\u0161komis biuro prek\u0117mis toki\u0173  gamintoj\u0173 kaip: Schneider, Esselte, Novus, 3M, Faber-Castell, Citizen, Milan, Leitz, Colop, Zebra, Staedtler, Durable, Tork, Parker, Waterman ir kt.\",\"publisher\":{\"@id\":\"https:\\\/\\\/rutana.lt\\\/#organization\"},\"potentialAction\":[{\"@type\":\"SearchAction\",\"target\":{\"@type\":\"EntryPoint\",\"urlTemplate\":\"https:\\\/\\\/rutana.lt\\\/?s={search_term_string}\"},\"query-input\":{\"@type\":\"PropertyValueSpecification\",\"valueRequired\":true,\"valueName\":\"search_term_string\"}}],\"inLanguage\":\"en-US\"},{\"@type\":\"Organization\",\"@id\":\"https:\\\/\\\/rutana.lt\\\/#organization\",\"name\":\"Rutana - Ra\u0161tin\u0117s reikmenys\",\"url\":\"https:\\\/\\\/rutana.lt\\\/\",\"logo\":{\"@type\":\"ImageObject\",\"inLanguage\":\"en-US\",\"@id\":\"https:\\\/\\\/rutana.lt\\\/#\\\/schema\\\/logo\\\/image\\\/\",\"url\":\"https:\\\/\\\/rutana.lt\\\/wp-content\\\/uploads\\\/2025\\\/10\\\/Asset-32.png\",\"contentUrl\":\"https:\\\/\\\/rutana.lt\\\/wp-content\\\/uploads\\\/2025\\\/10\\\/Asset-32.png\",\"width\":433,\"height\":119,\"caption\":\"Rutana - Ra\u0161tin\u0117s reikmenys\"},\"image\":{\"@id\":\"https:\\\/\\\/rutana.lt\\\/#\\\/schema\\\/logo\\\/image\\\/\"},\"sameAs\":[\"https:\\\/\\\/www.facebook.com\\\/RutanaKanceliarinesPrekes\\\/\"]}]}<\/script>\n<!-- \/ Yoast SEO plugin. -->","yoast_head_json":{"title":"Dro\u017etukas su trintuku 2 in 1 \"Aguza\" tamsiai m\u0117lynas HD 93621-114 - Rutana - Ra\u0161tin\u0117s reikmenys","robots":{"index":"index","follow":"follow","max-snippet":"max-snippet:-1","max-image-preview":"max-image-preview:large","max-video-preview":"max-video-preview:-1"},"canonical":"https:\/\/rutana.lt\/en\/product\/droztukas-su-trintuku-2-in-1-aguza-tamsiai-melynas-hd-93621-114\/","og_locale":"en_US","og_type":"article","og_title":"Dro\u017etukas su trintuku 2 in 1 \"Aguza\" tamsiai m\u0117lynas HD 93621-114 - Rutana - Ra\u0161tin\u0117s reikmenys","og_description":"Du viename &#8211; pie\u0161tuk\u0173 dro\u017etukas pagamintas i\u0161 PS su skaidriu korpuso konteineriu ir trintuku su dangteliu. Ant dro\u017etuko galima u\u017ed\u0117ti reklamin\u012f \u012fmon\u0117s logotip\u0105 ar kitok\u012f u\u017era\u0161\u0105 jums pageidaujamoje vietoje bei j\u016bs\u0173 pasirinktu b\u016bdu. Kaina nurodyta tik dro\u017etuko, be u\u017era\u0161o. U\u017era\u0161o kaina priklauso nuo u\u017esakomo kiekio ir u\u017ed\u0117jimo b\u016bdo. Matmenys: 41 x 60 x 23 mm [&hellip;]","og_url":"https:\/\/rutana.lt\/en\/product\/droztukas-su-trintuku-2-in-1-aguza-tamsiai-melynas-hd-93621-114\/","og_site_name":"Rutana - Ra\u0161tin\u0117s reikmenys","article_publisher":"https:\/\/www.facebook.com\/RutanaKanceliarinesPrekes\/","article_modified_time":"2025-10-13T13:48:38+00:00","og_image":[{"width":600,"height":600,"url":"https:\/\/rutana.lt\/wp-content\/uploads\/2025\/09\/D021-275.jpg","type":"image\/jpeg"}],"twitter_card":"summary_large_image","schema":{"@context":"https:\/\/schema.org","@graph":[{"@type":"WebPage","@id":"https:\/\/rutana.lt\/produktas\/droztukas-su-trintuku-2-in-1-aguza-tamsiai-melynas-hd-93621-114\/","url":"https:\/\/rutana.lt\/produktas\/droztukas-su-trintuku-2-in-1-aguza-tamsiai-melynas-hd-93621-114\/","name":"Dro\u017etukas su trintuku 2 in 1 \"Aguza\" tamsiai m\u0117lynas HD 93621-114 - Rutana - Ra\u0161tin\u0117s reikmenys","isPartOf":{"@id":"https:\/\/rutana.lt\/#website"},"primaryImageOfPage":{"@id":"https:\/\/rutana.lt\/produktas\/droztukas-su-trintuku-2-in-1-aguza-tamsiai-melynas-hd-93621-114\/#primaryimage"},"image":{"@id":"https:\/\/rutana.lt\/produktas\/droztukas-su-trintuku-2-in-1-aguza-tamsiai-melynas-hd-93621-114\/#primaryimage"},"thumbnailUrl":"https:\/\/rutana.lt\/wp-content\/uploads\/2025\/09\/D021-275-1.jpg?v=1763565928","datePublished":"2025-09-03T07:38:35+00:00","dateModified":"2025-10-13T13:48:38+00:00","breadcrumb":{"@id":"https:\/\/rutana.lt\/produktas\/droztukas-su-trintuku-2-in-1-aguza-tamsiai-melynas-hd-93621-114\/#breadcrumb"},"inLanguage":"en-US","potentialAction":[{"@type":"ReadAction","target":["https:\/\/rutana.lt\/produktas\/droztukas-su-trintuku-2-in-1-aguza-tamsiai-melynas-hd-93621-114\/"]}]},{"@type":"ImageObject","inLanguage":"en-US","@id":"https:\/\/rutana.lt\/produktas\/droztukas-su-trintuku-2-in-1-aguza-tamsiai-melynas-hd-93621-114\/#primaryimage","url":"https:\/\/rutana.lt\/wp-content\/uploads\/2025\/09\/D021-275-1.jpg?v=1763565928","contentUrl":"https:\/\/rutana.lt\/wp-content\/uploads\/2025\/09\/D021-275-1.jpg?v=1763565928","width":600,"height":600},{"@type":"BreadcrumbList","@id":"https:\/\/rutana.lt\/produktas\/droztukas-su-trintuku-2-in-1-aguza-tamsiai-melynas-hd-93621-114\/#breadcrumb","itemListElement":[{"@type":"ListItem","position":1,"name":"Home","item":"https:\/\/rutana.lt\/"},{"@type":"ListItem","position":2,"name":"Parduotuv\u0117","item":"https:\/\/rutana.lt\/parduotuve\/"},{"@type":"ListItem","position":3,"name":"Dro\u017etukas su trintuku 2 in 1 &#8222;Aguza&#8221; tamsiai m\u0117lynas HD 93621-114"}]},{"@type":"WebSite","@id":"https:\/\/rutana.lt\/#website","url":"https:\/\/rutana.lt\/","name":"Rutana - Ra\u0161tin\u0117s reikmenys","description":"Prekiaujame pasaulin\u0117je rinkoje pripa\u017eintomis, kokybi\u0161komis biuro prek\u0117mis toki\u0173  gamintoj\u0173 kaip: Schneider, Esselte, Novus, 3M, Faber-Castell, Citizen, Milan, Leitz, Colop, Zebra, Staedtler, Durable, Tork, Parker, Waterman ir kt.","publisher":{"@id":"https:\/\/rutana.lt\/#organization"},"potentialAction":[{"@type":"SearchAction","target":{"@type":"EntryPoint","urlTemplate":"https:\/\/rutana.lt\/?s={search_term_string}"},"query-input":{"@type":"PropertyValueSpecification","valueRequired":true,"valueName":"search_term_string"}}],"inLanguage":"en-US"},{"@type":"Organization","@id":"https:\/\/rutana.lt\/#organization","name":"Rutana - Ra\u0161tin\u0117s reikmenys","url":"https:\/\/rutana.lt\/","logo":{"@type":"ImageObject","inLanguage":"en-US","@id":"https:\/\/rutana.lt\/#\/schema\/logo\/image\/","url":"https:\/\/rutana.lt\/wp-content\/uploads\/2025\/10\/Asset-32.png","contentUrl":"https:\/\/rutana.lt\/wp-content\/uploads\/2025\/10\/Asset-32.png","width":433,"height":119,"caption":"Rutana - Ra\u0161tin\u0117s reikmenys"},"image":{"@id":"https:\/\/rutana.lt\/#\/schema\/logo\/image\/"},"sameAs":["https:\/\/www.facebook.com\/RutanaKanceliarinesPrekes\/"]}]}},"_links":{"self":[{"href":"https:\/\/rutana.lt\/en\/wp-json\/wp\/v2\/product\/15207","targetHints":{"allow":["GET"]}}],"collection":[{"href":"https:\/\/rutana.lt\/en\/wp-json\/wp\/v2\/product"}],"about":[{"href":"https:\/\/rutana.lt\/en\/wp-json\/wp\/v2\/types\/product"}],"replies":[{"embeddable":true,"href":"https:\/\/rutana.lt\/en\/wp-json\/wp\/v2\/comments?post=15207"}],"version-history":[{"count":1,"href":"https:\/\/rutana.lt\/en\/wp-json\/wp\/v2\/product\/15207\/revisions"}],"predecessor-version":[{"id":15256,"href":"https:\/\/rutana.lt\/en\/wp-json\/wp\/v2\/product\/15207\/revisions\/15256"}],"wp:featuredmedia":[{"embeddable":true,"href":"https:\/\/rutana.lt\/en\/wp-json\/wp\/v2\/media\/28673"}],"wp:attachment":[{"href":"https:\/\/rutana.lt\/en\/wp-json\/wp\/v2\/media?parent=15207"}],"wp:term":[{"taxonomy":"product_brand","embeddable":true,"href":"https:\/\/rutana.lt\/en\/wp-json\/wp\/v2\/product_brand?post=15207"},{"taxonomy":"product_cat","embeddable":true,"href":"https:\/\/rutana.lt\/en\/wp-json\/wp\/v2\/product_cat?post=15207"},{"taxonomy":"product_tag","embeddable":true,"href":"https:\/\/rutana.lt\/en\/wp-json\/wp\/v2\/product_tag?post=15207"}],"curies":[{"name":"wp","href":"https:\/\/api.w.org\/{rel}","templated":true}]}}