{"id":15136,"date":"2025-09-03T09:38:10","date_gmt":"2025-09-03T07:38:10","guid":{"rendered":"https:\/\/rutana.webdemo.lt\/?post_type=product&#038;p=15136"},"modified":"2025-10-13T15:48:30","modified_gmt":"2025-10-13T13:48:30","slug":"uzrasu-knygute-18x23-cm-anemone-paperblanks-72270","status":"publish","type":"product","link":"https:\/\/rutana.lt\/en\/product\/uzrasu-knygute-18x23-cm-anemone-paperblanks-72270\/","title":{"rendered":"U\u017era\u0161\u0173 knygut\u0117 18&#215;23 cm Anemone Paperblanks 72270"},"content":{"rendered":"<p>Gamintojas bendradarbiaudamas su muziejais ir meno kolekcijomis visame pasaulyje, suk\u016br\u0117 unikali\u0105 ir besikei\u010dian\u010di\u0105 dizaino bibliotek\u0105. Tema, kuri i\u0161lieka nepakitusi visame \u0161iame \u012fvairiame vir\u0161eli\u0173 pasirinkime, yra vaizduot\u0117s \u0161vent\u0117, kuri ne\u012fmanom\u0105 padaro \u012fmanomu. Prabangi, rank\u0173 darbo u\u017era\u0161\u0173 knygut\u0117 kietu vir\u0161eliu ir unikaliu atvaizdu. Viduje turi popierin\u0119 ki\u0161en\u0119, juostel\u0119 pa\u017eym\u0117ti puslapiui. Ypa\u010d tinkama dovanai.<\/p>\n<p>Matmenys: 18 x 23 cm<\/p>\n<p>Vidiniai lapai: linijomis<\/p>\n<p>Puslapi\u0173 skai\u010dius: 144<\/p>\n<p>\u012eri\u0161imas: si\u016btas<\/p>\n<p>U\u017esegimas: su magnetiniu u\u017edarymu<\/p>\n<p>Knygut\u0117s pavadinimas: Anemone<\/p>\n<p>Kolekcija: William Kilburn<\/p>\n<div ng-if=\"!product.SelectedSalePrice\" class=\"row mt-2 text-left ng-scope\" style=\"display: flex; flex-wrap: wrap; color: rgb(51, 51, 51); font-size: 14px; margin-top: 0.5rem !important;\">\n<div class=\"col-12 ng-scope\" ng-if=\"product.CurrencySymbol == '\u20ac'\" style=\"position: relative; width: 415px; padding-right: 15px; padding-left: 15px; flex: 0 0 100%; max-width: 100%;\"><\/div>\n<\/div>\n<div><\/div>\n<p><iframe src=\"\/\/www.youtube.com\/embed\/j3MF4aDXl6M\" width=\"640\" height=\"360\" frameborder=\"0\"><\/iframe><\/p>\n<div><\/div>\n<div><\/div>\n<div ng-if=\"!product.SelectedSalePrice\" class=\"row mt-2 text-left ng-scope\" style=\"display: flex; flex-wrap: wrap; color: rgb(51, 51, 51); font-size: 14px; margin-top: 0.5rem !important;\">\n<div class=\"col-12 ng-scope\" ng-if=\"product.CurrencySymbol == '\u20ac'\" style=\"position: relative; width: 415px; padding-right: 15px; padding-left: 15px; flex: 0 0 100%; max-width: 100%;\"><\/div>\n<\/div>","protected":false},"excerpt":{"rendered":"<p>Gamintojas bendradarbiaudamas su muziejais ir meno kolekcijomis visame pasaulyje, suk\u016br\u0117 unikali\u0105 ir besikei\u010dian\u010di\u0105 dizaino bibliotek\u0105. Tema, kuri i\u0161lieka nepakitusi visame \u0161iame \u012fvairiame vir\u0161eli\u0173 pasirinkime, yra vaizduot\u0117s \u0161vent\u0117, kuri ne\u012fmanom\u0105 padaro \u012fmanomu. Prabangi, rank\u0173 darbo u\u017era\u0161\u0173 knygut\u0117 kietu vir\u0161eliu ir unikaliu atvaizdu. Viduje turi popierin\u0119 ki\u0161en\u0119, juostel\u0119 pa\u017eym\u0117ti puslapiui. Ypa\u010d tinkama dovanai. Matmenys: 18 x 23 [&hellip;]<\/p>","protected":false},"featured_media":28646,"comment_status":"open","ping_status":"closed","template":"","meta":{"_season_start":"","_season_end":"","_season_days":"","_season_months":"","_season_auto_visibility":""},"product_brand":[279],"product_cat":[1833],"product_tag":[],"class_list":{"0":"post-15136","1":"product","2":"type-product","3":"status-publish","4":"has-post-thumbnail","6":"product_brand-paperblanks","7":"product_cat-paperblanks-knygos-ir-knygutes","9":"first","10":"instock","11":"taxable","12":"shipping-taxable","13":"purchasable","14":"product-type-simple"},"yoast_head":"<!-- This site is optimized with the Yoast SEO plugin v26.1.1 - https:\/\/yoast.com\/wordpress\/plugins\/seo\/ -->\n<title>U\u017era\u0161\u0173 knygut\u0117 18x23 cm Anemone Paperblanks 72270 - Rutana - Ra\u0161tin\u0117s reikmenys<\/title>\n<meta name=\"robots\" content=\"index, follow, max-snippet:-1, max-image-preview:large, max-video-preview:-1\" \/>\n<link rel=\"canonical\" href=\"https:\/\/rutana.lt\/en\/product\/uzrasu-knygute-18x23-cm-anemone-paperblanks-72270\/\" \/>\n<meta property=\"og:locale\" content=\"en_US\" \/>\n<meta property=\"og:type\" content=\"article\" \/>\n<meta property=\"og:title\" content=\"U\u017era\u0161\u0173 knygut\u0117 18x23 cm Anemone Paperblanks 72270 - Rutana - Ra\u0161tin\u0117s reikmenys\" \/>\n<meta property=\"og:description\" content=\"Gamintojas bendradarbiaudamas su muziejais ir meno kolekcijomis visame pasaulyje, suk\u016br\u0117 unikali\u0105 ir besikei\u010dian\u010di\u0105 dizaino bibliotek\u0105. Tema, kuri i\u0161lieka nepakitusi visame \u0161iame \u012fvairiame vir\u0161eli\u0173 pasirinkime, yra vaizduot\u0117s \u0161vent\u0117, kuri ne\u012fmanom\u0105 padaro \u012fmanomu. Prabangi, rank\u0173 darbo u\u017era\u0161\u0173 knygut\u0117 kietu vir\u0161eliu ir unikaliu atvaizdu. Viduje turi popierin\u0119 ki\u0161en\u0119, juostel\u0119 pa\u017eym\u0117ti puslapiui. Ypa\u010d tinkama dovanai. Matmenys: 18 x 23 [&hellip;]\" \/>\n<meta property=\"og:url\" content=\"https:\/\/rutana.lt\/en\/product\/uzrasu-knygute-18x23-cm-anemone-paperblanks-72270\/\" \/>\n<meta property=\"og:site_name\" content=\"Rutana - Ra\u0161tin\u0117s reikmenys\" \/>\n<meta property=\"article:publisher\" content=\"https:\/\/www.facebook.com\/RutanaKanceliarinesPrekes\/\" \/>\n<meta property=\"article:modified_time\" content=\"2025-10-13T13:48:30+00:00\" \/>\n<meta property=\"og:image\" content=\"https:\/\/rutana.lt\/wp-content\/uploads\/2025\/09\/A032-606.jpg\" \/>\n\t<meta property=\"og:image:width\" content=\"600\" \/>\n\t<meta property=\"og:image:height\" content=\"600\" \/>\n\t<meta property=\"og:image:type\" content=\"image\/jpeg\" \/>\n<meta name=\"twitter:card\" content=\"summary_large_image\" \/>\n<script type=\"application\/ld+json\" class=\"yoast-schema-graph\">{\"@context\":\"https:\/\/schema.org\",\"@graph\":[{\"@type\":\"WebPage\",\"@id\":\"https:\/\/rutana.lt\/produktas\/uzrasu-knygute-18x23-cm-anemone-paperblanks-72270\/\",\"url\":\"https:\/\/rutana.lt\/produktas\/uzrasu-knygute-18x23-cm-anemone-paperblanks-72270\/\",\"name\":\"U\u017era\u0161\u0173 knygut\u0117 18x23 cm Anemone Paperblanks 72270 - Rutana - Ra\u0161tin\u0117s reikmenys\",\"isPartOf\":{\"@id\":\"https:\/\/rutana.lt\/#website\"},\"primaryImageOfPage\":{\"@id\":\"https:\/\/rutana.lt\/produktas\/uzrasu-knygute-18x23-cm-anemone-paperblanks-72270\/#primaryimage\"},\"image\":{\"@id\":\"https:\/\/rutana.lt\/produktas\/uzrasu-knygute-18x23-cm-anemone-paperblanks-72270\/#primaryimage\"},\"thumbnailUrl\":\"https:\/\/rutana.lt\/wp-content\/uploads\/2025\/09\/A032-606-3.jpg?v=1763565966\",\"datePublished\":\"2025-09-03T07:38:10+00:00\",\"dateModified\":\"2025-10-13T13:48:30+00:00\",\"breadcrumb\":{\"@id\":\"https:\/\/rutana.lt\/produktas\/uzrasu-knygute-18x23-cm-anemone-paperblanks-72270\/#breadcrumb\"},\"inLanguage\":\"en-US\",\"potentialAction\":[{\"@type\":\"ReadAction\",\"target\":[\"https:\/\/rutana.lt\/produktas\/uzrasu-knygute-18x23-cm-anemone-paperblanks-72270\/\"]}]},{\"@type\":\"ImageObject\",\"inLanguage\":\"en-US\",\"@id\":\"https:\/\/rutana.lt\/produktas\/uzrasu-knygute-18x23-cm-anemone-paperblanks-72270\/#primaryimage\",\"url\":\"https:\/\/rutana.lt\/wp-content\/uploads\/2025\/09\/A032-606-3.jpg?v=1763565966\",\"contentUrl\":\"https:\/\/rutana.lt\/wp-content\/uploads\/2025\/09\/A032-606-3.jpg?v=1763565966\",\"width\":600,\"height\":600},{\"@type\":\"BreadcrumbList\",\"@id\":\"https:\/\/rutana.lt\/produktas\/uzrasu-knygute-18x23-cm-anemone-paperblanks-72270\/#breadcrumb\",\"itemListElement\":[{\"@type\":\"ListItem\",\"position\":1,\"name\":\"Home\",\"item\":\"https:\/\/rutana.lt\/\"},{\"@type\":\"ListItem\",\"position\":2,\"name\":\"Parduotuv\u0117\",\"item\":\"https:\/\/rutana.lt\/parduotuve\/\"},{\"@type\":\"ListItem\",\"position\":3,\"name\":\"U\u017era\u0161\u0173 knygut\u0117 18&#215;23 cm Anemone Paperblanks 72270\"}]},{\"@type\":\"WebSite\",\"@id\":\"https:\/\/rutana.lt\/#website\",\"url\":\"https:\/\/rutana.lt\/\",\"name\":\"Rutana - Ra\u0161tin\u0117s reikmenys\",\"description\":\"Prekiaujame pasaulin\u0117je rinkoje pripa\u017eintomis, kokybi\u0161komis biuro prek\u0117mis toki\u0173  gamintoj\u0173 kaip: Schneider, Esselte, Novus, 3M, Faber-Castell, Citizen, Milan, Leitz, Colop, Zebra, Staedtler, Durable, Tork, Parker, Waterman ir kt.\",\"publisher\":{\"@id\":\"https:\/\/rutana.lt\/#organization\"},\"potentialAction\":[{\"@type\":\"SearchAction\",\"target\":{\"@type\":\"EntryPoint\",\"urlTemplate\":\"https:\/\/rutana.lt\/?s={search_term_string}\"},\"query-input\":{\"@type\":\"PropertyValueSpecification\",\"valueRequired\":true,\"valueName\":\"search_term_string\"}}],\"inLanguage\":\"en-US\"},{\"@type\":\"Organization\",\"@id\":\"https:\/\/rutana.lt\/#organization\",\"name\":\"Rutana - Ra\u0161tin\u0117s reikmenys\",\"url\":\"https:\/\/rutana.lt\/\",\"logo\":{\"@type\":\"ImageObject\",\"inLanguage\":\"en-US\",\"@id\":\"https:\/\/rutana.lt\/#\/schema\/logo\/image\/\",\"url\":\"https:\/\/rutana.lt\/wp-content\/uploads\/2025\/10\/Asset-32.png\",\"contentUrl\":\"https:\/\/rutana.lt\/wp-content\/uploads\/2025\/10\/Asset-32.png\",\"width\":433,\"height\":119,\"caption\":\"Rutana - Ra\u0161tin\u0117s reikmenys\"},\"image\":{\"@id\":\"https:\/\/rutana.lt\/#\/schema\/logo\/image\/\"},\"sameAs\":[\"https:\/\/www.facebook.com\/RutanaKanceliarinesPrekes\/\"]}]}<\/script>\n<!-- \/ Yoast SEO plugin. -->","yoast_head_json":{"title":"U\u017era\u0161\u0173 knygut\u0117 18x23 cm Anemone Paperblanks 72270 - Rutana - Ra\u0161tin\u0117s reikmenys","robots":{"index":"index","follow":"follow","max-snippet":"max-snippet:-1","max-image-preview":"max-image-preview:large","max-video-preview":"max-video-preview:-1"},"canonical":"https:\/\/rutana.lt\/en\/product\/uzrasu-knygute-18x23-cm-anemone-paperblanks-72270\/","og_locale":"en_US","og_type":"article","og_title":"U\u017era\u0161\u0173 knygut\u0117 18x23 cm Anemone Paperblanks 72270 - Rutana - Ra\u0161tin\u0117s reikmenys","og_description":"Gamintojas bendradarbiaudamas su muziejais ir meno kolekcijomis visame pasaulyje, suk\u016br\u0117 unikali\u0105 ir besikei\u010dian\u010di\u0105 dizaino bibliotek\u0105. Tema, kuri i\u0161lieka nepakitusi visame \u0161iame \u012fvairiame vir\u0161eli\u0173 pasirinkime, yra vaizduot\u0117s \u0161vent\u0117, kuri ne\u012fmanom\u0105 padaro \u012fmanomu. Prabangi, rank\u0173 darbo u\u017era\u0161\u0173 knygut\u0117 kietu vir\u0161eliu ir unikaliu atvaizdu. Viduje turi popierin\u0119 ki\u0161en\u0119, juostel\u0119 pa\u017eym\u0117ti puslapiui. Ypa\u010d tinkama dovanai. Matmenys: 18 x 23 [&hellip;]","og_url":"https:\/\/rutana.lt\/en\/product\/uzrasu-knygute-18x23-cm-anemone-paperblanks-72270\/","og_site_name":"Rutana - Ra\u0161tin\u0117s reikmenys","article_publisher":"https:\/\/www.facebook.com\/RutanaKanceliarinesPrekes\/","article_modified_time":"2025-10-13T13:48:30+00:00","og_image":[{"width":600,"height":600,"url":"https:\/\/rutana.lt\/wp-content\/uploads\/2025\/09\/A032-606.jpg","type":"image\/jpeg"}],"twitter_card":"summary_large_image","schema":{"@context":"https:\/\/schema.org","@graph":[{"@type":"WebPage","@id":"https:\/\/rutana.lt\/produktas\/uzrasu-knygute-18x23-cm-anemone-paperblanks-72270\/","url":"https:\/\/rutana.lt\/produktas\/uzrasu-knygute-18x23-cm-anemone-paperblanks-72270\/","name":"U\u017era\u0161\u0173 knygut\u0117 18x23 cm Anemone Paperblanks 72270 - Rutana - Ra\u0161tin\u0117s reikmenys","isPartOf":{"@id":"https:\/\/rutana.lt\/#website"},"primaryImageOfPage":{"@id":"https:\/\/rutana.lt\/produktas\/uzrasu-knygute-18x23-cm-anemone-paperblanks-72270\/#primaryimage"},"image":{"@id":"https:\/\/rutana.lt\/produktas\/uzrasu-knygute-18x23-cm-anemone-paperblanks-72270\/#primaryimage"},"thumbnailUrl":"https:\/\/rutana.lt\/wp-content\/uploads\/2025\/09\/A032-606-3.jpg?v=1763565966","datePublished":"2025-09-03T07:38:10+00:00","dateModified":"2025-10-13T13:48:30+00:00","breadcrumb":{"@id":"https:\/\/rutana.lt\/produktas\/uzrasu-knygute-18x23-cm-anemone-paperblanks-72270\/#breadcrumb"},"inLanguage":"en-US","potentialAction":[{"@type":"ReadAction","target":["https:\/\/rutana.lt\/produktas\/uzrasu-knygute-18x23-cm-anemone-paperblanks-72270\/"]}]},{"@type":"ImageObject","inLanguage":"en-US","@id":"https:\/\/rutana.lt\/produktas\/uzrasu-knygute-18x23-cm-anemone-paperblanks-72270\/#primaryimage","url":"https:\/\/rutana.lt\/wp-content\/uploads\/2025\/09\/A032-606-3.jpg?v=1763565966","contentUrl":"https:\/\/rutana.lt\/wp-content\/uploads\/2025\/09\/A032-606-3.jpg?v=1763565966","width":600,"height":600},{"@type":"BreadcrumbList","@id":"https:\/\/rutana.lt\/produktas\/uzrasu-knygute-18x23-cm-anemone-paperblanks-72270\/#breadcrumb","itemListElement":[{"@type":"ListItem","position":1,"name":"Home","item":"https:\/\/rutana.lt\/"},{"@type":"ListItem","position":2,"name":"Parduotuv\u0117","item":"https:\/\/rutana.lt\/parduotuve\/"},{"@type":"ListItem","position":3,"name":"U\u017era\u0161\u0173 knygut\u0117 18&#215;23 cm Anemone Paperblanks 72270"}]},{"@type":"WebSite","@id":"https:\/\/rutana.lt\/#website","url":"https:\/\/rutana.lt\/","name":"Rutana - Ra\u0161tin\u0117s reikmenys","description":"Prekiaujame pasaulin\u0117je rinkoje pripa\u017eintomis, kokybi\u0161komis biuro prek\u0117mis toki\u0173  gamintoj\u0173 kaip: Schneider, Esselte, Novus, 3M, Faber-Castell, Citizen, Milan, Leitz, Colop, Zebra, Staedtler, Durable, Tork, Parker, Waterman ir kt.","publisher":{"@id":"https:\/\/rutana.lt\/#organization"},"potentialAction":[{"@type":"SearchAction","target":{"@type":"EntryPoint","urlTemplate":"https:\/\/rutana.lt\/?s={search_term_string}"},"query-input":{"@type":"PropertyValueSpecification","valueRequired":true,"valueName":"search_term_string"}}],"inLanguage":"en-US"},{"@type":"Organization","@id":"https:\/\/rutana.lt\/#organization","name":"Rutana - Ra\u0161tin\u0117s reikmenys","url":"https:\/\/rutana.lt\/","logo":{"@type":"ImageObject","inLanguage":"en-US","@id":"https:\/\/rutana.lt\/#\/schema\/logo\/image\/","url":"https:\/\/rutana.lt\/wp-content\/uploads\/2025\/10\/Asset-32.png","contentUrl":"https:\/\/rutana.lt\/wp-content\/uploads\/2025\/10\/Asset-32.png","width":433,"height":119,"caption":"Rutana - Ra\u0161tin\u0117s reikmenys"},"image":{"@id":"https:\/\/rutana.lt\/#\/schema\/logo\/image\/"},"sameAs":["https:\/\/www.facebook.com\/RutanaKanceliarinesPrekes\/"]}]}},"_links":{"self":[{"href":"https:\/\/rutana.lt\/en\/wp-json\/wp\/v2\/product\/15136","targetHints":{"allow":["GET"]}}],"collection":[{"href":"https:\/\/rutana.lt\/en\/wp-json\/wp\/v2\/product"}],"about":[{"href":"https:\/\/rutana.lt\/en\/wp-json\/wp\/v2\/types\/product"}],"replies":[{"embeddable":true,"href":"https:\/\/rutana.lt\/en\/wp-json\/wp\/v2\/comments?post=15136"}],"version-history":[{"count":1,"href":"https:\/\/rutana.lt\/en\/wp-json\/wp\/v2\/product\/15136\/revisions"}],"predecessor-version":[{"id":15180,"href":"https:\/\/rutana.lt\/en\/wp-json\/wp\/v2\/product\/15136\/revisions\/15180"}],"wp:featuredmedia":[{"embeddable":true,"href":"https:\/\/rutana.lt\/en\/wp-json\/wp\/v2\/media\/28646"}],"wp:attachment":[{"href":"https:\/\/rutana.lt\/en\/wp-json\/wp\/v2\/media?parent=15136"}],"wp:term":[{"taxonomy":"product_brand","embeddable":true,"href":"https:\/\/rutana.lt\/en\/wp-json\/wp\/v2\/product_brand?post=15136"},{"taxonomy":"product_cat","embeddable":true,"href":"https:\/\/rutana.lt\/en\/wp-json\/wp\/v2\/product_cat?post=15136"},{"taxonomy":"product_tag","embeddable":true,"href":"https:\/\/rutana.lt\/en\/wp-json\/wp\/v2\/product_tag?post=15136"}],"curies":[{"name":"wp","href":"https:\/\/api.w.org\/{rel}","templated":true}]}}