{"id":15133,"date":"2025-09-03T09:38:10","date_gmt":"2025-09-03T07:38:10","guid":{"rendered":"https:\/\/rutana.webdemo.lt\/?post_type=product&#038;p=15133"},"modified":"2025-10-13T15:48:27","modified_gmt":"2025-10-13T13:48:27","slug":"puzzle-delione-van-huysum-1000-daliu-paperblanks-81470","status":"publish","type":"product","link":"https:\/\/rutana.lt\/en\/product\/puzzle-delione-van-huysum-1000-daliu-paperblanks-81470\/","title":{"rendered":"Puzzle-d\u0117lion\u0117 Van Huysum 1000 dali\u0173 Paperblanks 81470"},"content":{"rendered":"<p style=\"margin-bottom: 10px;\">Auk\u0161\u010diausios kokyb\u0117s m\u0117lyna lenta ( specialiai sukurtas kartonas ), sud\u0117tingas vaizdas. Dekoratyvinis spausdintas ir tekst\u016bruotas popierius ( pana\u0161us \u012f Paperblanks knyg\u0173 kietais vir\u0161eliais ). \u201ePaperblanks\u201c d\u0117lion\u0117s demonstruoja kai kuriuos m\u0117gstamiausius dizainus kaip i\u0161baigtus meno k\u016brinius. Baig\u0119 \u0161iuos nuostabius galvos\u016bkius i\u0161ry\u0161kina visas smulkias originalaus darbo detales. Gamintojas \u012ftrauk\u0117 daugyb\u0119 unikali\u0173 padengimo priemoni\u0173 ant specialiai sukurto kartono, kad \u0161ie galvos\u016bkiai b\u016bt\u0173 ne tik patraukl\u016bs vizualiai, bet ir tekst\u016bri\u0161kai! D\u0117lion\u0117s yra puikus b\u016bdas mesti sau i\u0161\u0161\u016bk\u012f intelektualiai arba m\u0117gautis popiete su \u0161eima. Sud\u0117tingi vaizdai ir 1000 \u0161i\u0173 galvos\u016bki\u0173 dali\u0173 u\u017etikrina proti\u0161kai \u012ftraukiant\u012f, bet linksm\u0105 ir malon\u0173 potyr\u012f.<\/p>\n<p style=\"margin-bottom: 10px;\">Matmenys: 507 ( plotis ) x 685 ( auk\u0161tis ) x 2 ( storis ) mm<\/p>\n<p style=\"margin-bottom: 10px;\">Spalva: daugiaspalvis<\/p>\n<p style=\"margin-bottom: 10px;\">Puzzle dalys: 1000 vnt.<\/p>\n<p style=\"margin-bottom: 10px;\">Puzzle pavadinimas: Van Huysum<\/p>\n<p style=\"margin-bottom: 10px;\">Kolekcija: Still Life Burst<\/p>\n<div ng-if=\"!product.SelectedSalePrice\" class=\"row mt-2 text-left ng-scope\" style=\"display: flex; flex-wrap: wrap; color: rgb(51, 51, 51); font-size: 14px; margin-top: 0.5rem !important;\">\n<div class=\"col-12 ng-scope\" ng-if=\"product.CurrencySymbol == '\u20ac'\" style=\"position: relative; width: 415px; padding-right: 15px; padding-left: 15px; flex: 0 0 100%; max-width: 100%;\"><\/div>\n<\/div>\n<div><\/div>\n<div ng-if=\"!product.SelectedSalePrice\" class=\"row mt-2 text-left ng-scope\" style=\"display: flex; flex-wrap: wrap; color: rgb(51, 51, 51); font-size: 14px; margin-top: 0.5rem !important;\">\n<div class=\"col-12 ng-scope\" ng-if=\"product.CurrencySymbol == '\u20ac'\" style=\"position: relative; width: 415px; padding-right: 15px; padding-left: 15px; flex: 0 0 100%; max-width: 100%;\"><\/div>\n<\/div>","protected":false},"excerpt":{"rendered":"<p>Auk\u0161\u010diausios kokyb\u0117s m\u0117lyna lenta ( specialiai sukurtas kartonas ), sud\u0117tingas vaizdas. Dekoratyvinis spausdintas ir tekst\u016bruotas popierius ( pana\u0161us \u012f Paperblanks knyg\u0173 kietais vir\u0161eliais ). \u201ePaperblanks\u201c d\u0117lion\u0117s demonstruoja kai kuriuos m\u0117gstamiausius dizainus kaip i\u0161baigtus meno k\u016brinius. Baig\u0119 \u0161iuos nuostabius galvos\u016bkius i\u0161ry\u0161kina visas smulkias originalaus darbo detales. Gamintojas \u012ftrauk\u0117 daugyb\u0119 unikali\u0173 padengimo priemoni\u0173 ant specialiai sukurto kartono, [&hellip;]<\/p>","protected":false},"featured_media":28643,"comment_status":"open","ping_status":"closed","template":"","meta":{"_season_start":"","_season_end":"","_season_days":"","_season_months":"","_season_auto_visibility":""},"product_brand":[279],"product_cat":[1833],"product_tag":[],"class_list":{"0":"post-15133","1":"product","2":"type-product","3":"status-publish","4":"has-post-thumbnail","6":"product_brand-paperblanks","7":"product_cat-paperblanks-knygos-ir-knygutes","9":"first","10":"instock","11":"taxable","12":"shipping-taxable","13":"purchasable","14":"product-type-simple"},"yoast_head":"<!-- This site is optimized with the Yoast SEO plugin v26.1.1 - https:\/\/yoast.com\/wordpress\/plugins\/seo\/ -->\n<title>Puzzle-d\u0117lion\u0117 Van Huysum 1000 dali\u0173 Paperblanks 81470 - Rutana - Ra\u0161tin\u0117s reikmenys<\/title>\n<meta name=\"robots\" content=\"index, follow, max-snippet:-1, max-image-preview:large, max-video-preview:-1\" \/>\n<link rel=\"canonical\" href=\"https:\/\/rutana.lt\/en\/product\/puzzle-delione-van-huysum-1000-daliu-paperblanks-81470\/\" \/>\n<meta property=\"og:locale\" content=\"en_US\" \/>\n<meta property=\"og:type\" content=\"article\" \/>\n<meta property=\"og:title\" content=\"Puzzle-d\u0117lion\u0117 Van Huysum 1000 dali\u0173 Paperblanks 81470 - Rutana - Ra\u0161tin\u0117s reikmenys\" \/>\n<meta property=\"og:description\" content=\"Auk\u0161\u010diausios kokyb\u0117s m\u0117lyna lenta ( specialiai sukurtas kartonas ), sud\u0117tingas vaizdas. Dekoratyvinis spausdintas ir tekst\u016bruotas popierius ( pana\u0161us \u012f Paperblanks knyg\u0173 kietais vir\u0161eliais ). \u201ePaperblanks\u201c d\u0117lion\u0117s demonstruoja kai kuriuos m\u0117gstamiausius dizainus kaip i\u0161baigtus meno k\u016brinius. Baig\u0119 \u0161iuos nuostabius galvos\u016bkius i\u0161ry\u0161kina visas smulkias originalaus darbo detales. Gamintojas \u012ftrauk\u0117 daugyb\u0119 unikali\u0173 padengimo priemoni\u0173 ant specialiai sukurto kartono, [&hellip;]\" \/>\n<meta property=\"og:url\" content=\"https:\/\/rutana.lt\/en\/product\/puzzle-delione-van-huysum-1000-daliu-paperblanks-81470\/\" \/>\n<meta property=\"og:site_name\" content=\"Rutana - Ra\u0161tin\u0117s reikmenys\" \/>\n<meta property=\"article:publisher\" content=\"https:\/\/www.facebook.com\/RutanaKanceliarinesPrekes\/\" \/>\n<meta property=\"article:modified_time\" content=\"2025-10-13T13:48:27+00:00\" \/>\n<meta property=\"og:image\" content=\"https:\/\/rutana.lt\/wp-content\/uploads\/2025\/09\/B096-925.jpg\" \/>\n\t<meta property=\"og:image:width\" content=\"600\" \/>\n\t<meta property=\"og:image:height\" content=\"600\" \/>\n\t<meta property=\"og:image:type\" content=\"image\/jpeg\" \/>\n<meta name=\"twitter:card\" content=\"summary_large_image\" \/>\n<meta name=\"twitter:label1\" content=\"Est. reading time\" \/>\n\t<meta name=\"twitter:data1\" content=\"1 minute\" \/>\n<script type=\"application\/ld+json\" class=\"yoast-schema-graph\">{\"@context\":\"https:\/\/schema.org\",\"@graph\":[{\"@type\":\"WebPage\",\"@id\":\"https:\/\/rutana.lt\/produktas\/puzzle-delione-van-huysum-1000-daliu-paperblanks-81470\/\",\"url\":\"https:\/\/rutana.lt\/produktas\/puzzle-delione-van-huysum-1000-daliu-paperblanks-81470\/\",\"name\":\"Puzzle-d\u0117lion\u0117 Van Huysum 1000 dali\u0173 Paperblanks 81470 - Rutana - Ra\u0161tin\u0117s reikmenys\",\"isPartOf\":{\"@id\":\"https:\/\/rutana.lt\/#website\"},\"primaryImageOfPage\":{\"@id\":\"https:\/\/rutana.lt\/produktas\/puzzle-delione-van-huysum-1000-daliu-paperblanks-81470\/#primaryimage\"},\"image\":{\"@id\":\"https:\/\/rutana.lt\/produktas\/puzzle-delione-van-huysum-1000-daliu-paperblanks-81470\/#primaryimage\"},\"thumbnailUrl\":\"https:\/\/rutana.lt\/wp-content\/uploads\/2025\/09\/B096-925-3.jpg?v=1763565969\",\"datePublished\":\"2025-09-03T07:38:10+00:00\",\"dateModified\":\"2025-10-13T13:48:27+00:00\",\"breadcrumb\":{\"@id\":\"https:\/\/rutana.lt\/produktas\/puzzle-delione-van-huysum-1000-daliu-paperblanks-81470\/#breadcrumb\"},\"inLanguage\":\"en-US\",\"potentialAction\":[{\"@type\":\"ReadAction\",\"target\":[\"https:\/\/rutana.lt\/produktas\/puzzle-delione-van-huysum-1000-daliu-paperblanks-81470\/\"]}]},{\"@type\":\"ImageObject\",\"inLanguage\":\"en-US\",\"@id\":\"https:\/\/rutana.lt\/produktas\/puzzle-delione-van-huysum-1000-daliu-paperblanks-81470\/#primaryimage\",\"url\":\"https:\/\/rutana.lt\/wp-content\/uploads\/2025\/09\/B096-925-3.jpg?v=1763565969\",\"contentUrl\":\"https:\/\/rutana.lt\/wp-content\/uploads\/2025\/09\/B096-925-3.jpg?v=1763565969\",\"width\":600,\"height\":600},{\"@type\":\"BreadcrumbList\",\"@id\":\"https:\/\/rutana.lt\/produktas\/puzzle-delione-van-huysum-1000-daliu-paperblanks-81470\/#breadcrumb\",\"itemListElement\":[{\"@type\":\"ListItem\",\"position\":1,\"name\":\"Home\",\"item\":\"https:\/\/rutana.lt\/\"},{\"@type\":\"ListItem\",\"position\":2,\"name\":\"Parduotuv\u0117\",\"item\":\"https:\/\/rutana.lt\/parduotuve\/\"},{\"@type\":\"ListItem\",\"position\":3,\"name\":\"Puzzle-d\u0117lion\u0117 Van Huysum 1000 dali\u0173 Paperblanks 81470\"}]},{\"@type\":\"WebSite\",\"@id\":\"https:\/\/rutana.lt\/#website\",\"url\":\"https:\/\/rutana.lt\/\",\"name\":\"Rutana - Ra\u0161tin\u0117s reikmenys\",\"description\":\"Prekiaujame pasaulin\u0117je rinkoje pripa\u017eintomis, kokybi\u0161komis biuro prek\u0117mis toki\u0173  gamintoj\u0173 kaip: Schneider, Esselte, Novus, 3M, Faber-Castell, Citizen, Milan, Leitz, Colop, Zebra, Staedtler, Durable, Tork, Parker, Waterman ir kt.\",\"publisher\":{\"@id\":\"https:\/\/rutana.lt\/#organization\"},\"potentialAction\":[{\"@type\":\"SearchAction\",\"target\":{\"@type\":\"EntryPoint\",\"urlTemplate\":\"https:\/\/rutana.lt\/?s={search_term_string}\"},\"query-input\":{\"@type\":\"PropertyValueSpecification\",\"valueRequired\":true,\"valueName\":\"search_term_string\"}}],\"inLanguage\":\"en-US\"},{\"@type\":\"Organization\",\"@id\":\"https:\/\/rutana.lt\/#organization\",\"name\":\"Rutana - Ra\u0161tin\u0117s reikmenys\",\"url\":\"https:\/\/rutana.lt\/\",\"logo\":{\"@type\":\"ImageObject\",\"inLanguage\":\"en-US\",\"@id\":\"https:\/\/rutana.lt\/#\/schema\/logo\/image\/\",\"url\":\"https:\/\/rutana.lt\/wp-content\/uploads\/2025\/10\/Asset-32.png\",\"contentUrl\":\"https:\/\/rutana.lt\/wp-content\/uploads\/2025\/10\/Asset-32.png\",\"width\":433,\"height\":119,\"caption\":\"Rutana - Ra\u0161tin\u0117s reikmenys\"},\"image\":{\"@id\":\"https:\/\/rutana.lt\/#\/schema\/logo\/image\/\"},\"sameAs\":[\"https:\/\/www.facebook.com\/RutanaKanceliarinesPrekes\/\"]}]}<\/script>\n<!-- \/ Yoast SEO plugin. -->","yoast_head_json":{"title":"Puzzle-d\u0117lion\u0117 Van Huysum 1000 dali\u0173 Paperblanks 81470 - Rutana - Ra\u0161tin\u0117s reikmenys","robots":{"index":"index","follow":"follow","max-snippet":"max-snippet:-1","max-image-preview":"max-image-preview:large","max-video-preview":"max-video-preview:-1"},"canonical":"https:\/\/rutana.lt\/en\/product\/puzzle-delione-van-huysum-1000-daliu-paperblanks-81470\/","og_locale":"en_US","og_type":"article","og_title":"Puzzle-d\u0117lion\u0117 Van Huysum 1000 dali\u0173 Paperblanks 81470 - Rutana - Ra\u0161tin\u0117s reikmenys","og_description":"Auk\u0161\u010diausios kokyb\u0117s m\u0117lyna lenta ( specialiai sukurtas kartonas ), sud\u0117tingas vaizdas. Dekoratyvinis spausdintas ir tekst\u016bruotas popierius ( pana\u0161us \u012f Paperblanks knyg\u0173 kietais vir\u0161eliais ). \u201ePaperblanks\u201c d\u0117lion\u0117s demonstruoja kai kuriuos m\u0117gstamiausius dizainus kaip i\u0161baigtus meno k\u016brinius. Baig\u0119 \u0161iuos nuostabius galvos\u016bkius i\u0161ry\u0161kina visas smulkias originalaus darbo detales. Gamintojas \u012ftrauk\u0117 daugyb\u0119 unikali\u0173 padengimo priemoni\u0173 ant specialiai sukurto kartono, [&hellip;]","og_url":"https:\/\/rutana.lt\/en\/product\/puzzle-delione-van-huysum-1000-daliu-paperblanks-81470\/","og_site_name":"Rutana - Ra\u0161tin\u0117s reikmenys","article_publisher":"https:\/\/www.facebook.com\/RutanaKanceliarinesPrekes\/","article_modified_time":"2025-10-13T13:48:27+00:00","og_image":[{"width":600,"height":600,"url":"https:\/\/rutana.lt\/wp-content\/uploads\/2025\/09\/B096-925.jpg","type":"image\/jpeg"}],"twitter_card":"summary_large_image","twitter_misc":{"Est. reading time":"1 minute"},"schema":{"@context":"https:\/\/schema.org","@graph":[{"@type":"WebPage","@id":"https:\/\/rutana.lt\/produktas\/puzzle-delione-van-huysum-1000-daliu-paperblanks-81470\/","url":"https:\/\/rutana.lt\/produktas\/puzzle-delione-van-huysum-1000-daliu-paperblanks-81470\/","name":"Puzzle-d\u0117lion\u0117 Van Huysum 1000 dali\u0173 Paperblanks 81470 - Rutana - Ra\u0161tin\u0117s reikmenys","isPartOf":{"@id":"https:\/\/rutana.lt\/#website"},"primaryImageOfPage":{"@id":"https:\/\/rutana.lt\/produktas\/puzzle-delione-van-huysum-1000-daliu-paperblanks-81470\/#primaryimage"},"image":{"@id":"https:\/\/rutana.lt\/produktas\/puzzle-delione-van-huysum-1000-daliu-paperblanks-81470\/#primaryimage"},"thumbnailUrl":"https:\/\/rutana.lt\/wp-content\/uploads\/2025\/09\/B096-925-3.jpg?v=1763565969","datePublished":"2025-09-03T07:38:10+00:00","dateModified":"2025-10-13T13:48:27+00:00","breadcrumb":{"@id":"https:\/\/rutana.lt\/produktas\/puzzle-delione-van-huysum-1000-daliu-paperblanks-81470\/#breadcrumb"},"inLanguage":"en-US","potentialAction":[{"@type":"ReadAction","target":["https:\/\/rutana.lt\/produktas\/puzzle-delione-van-huysum-1000-daliu-paperblanks-81470\/"]}]},{"@type":"ImageObject","inLanguage":"en-US","@id":"https:\/\/rutana.lt\/produktas\/puzzle-delione-van-huysum-1000-daliu-paperblanks-81470\/#primaryimage","url":"https:\/\/rutana.lt\/wp-content\/uploads\/2025\/09\/B096-925-3.jpg?v=1763565969","contentUrl":"https:\/\/rutana.lt\/wp-content\/uploads\/2025\/09\/B096-925-3.jpg?v=1763565969","width":600,"height":600},{"@type":"BreadcrumbList","@id":"https:\/\/rutana.lt\/produktas\/puzzle-delione-van-huysum-1000-daliu-paperblanks-81470\/#breadcrumb","itemListElement":[{"@type":"ListItem","position":1,"name":"Home","item":"https:\/\/rutana.lt\/"},{"@type":"ListItem","position":2,"name":"Parduotuv\u0117","item":"https:\/\/rutana.lt\/parduotuve\/"},{"@type":"ListItem","position":3,"name":"Puzzle-d\u0117lion\u0117 Van Huysum 1000 dali\u0173 Paperblanks 81470"}]},{"@type":"WebSite","@id":"https:\/\/rutana.lt\/#website","url":"https:\/\/rutana.lt\/","name":"Rutana - Ra\u0161tin\u0117s reikmenys","description":"Prekiaujame pasaulin\u0117je rinkoje pripa\u017eintomis, kokybi\u0161komis biuro prek\u0117mis toki\u0173  gamintoj\u0173 kaip: Schneider, Esselte, Novus, 3M, Faber-Castell, Citizen, Milan, Leitz, Colop, Zebra, Staedtler, Durable, Tork, Parker, Waterman ir kt.","publisher":{"@id":"https:\/\/rutana.lt\/#organization"},"potentialAction":[{"@type":"SearchAction","target":{"@type":"EntryPoint","urlTemplate":"https:\/\/rutana.lt\/?s={search_term_string}"},"query-input":{"@type":"PropertyValueSpecification","valueRequired":true,"valueName":"search_term_string"}}],"inLanguage":"en-US"},{"@type":"Organization","@id":"https:\/\/rutana.lt\/#organization","name":"Rutana - Ra\u0161tin\u0117s reikmenys","url":"https:\/\/rutana.lt\/","logo":{"@type":"ImageObject","inLanguage":"en-US","@id":"https:\/\/rutana.lt\/#\/schema\/logo\/image\/","url":"https:\/\/rutana.lt\/wp-content\/uploads\/2025\/10\/Asset-32.png","contentUrl":"https:\/\/rutana.lt\/wp-content\/uploads\/2025\/10\/Asset-32.png","width":433,"height":119,"caption":"Rutana - Ra\u0161tin\u0117s reikmenys"},"image":{"@id":"https:\/\/rutana.lt\/#\/schema\/logo\/image\/"},"sameAs":["https:\/\/www.facebook.com\/RutanaKanceliarinesPrekes\/"]}]}},"_links":{"self":[{"href":"https:\/\/rutana.lt\/en\/wp-json\/wp\/v2\/product\/15133","targetHints":{"allow":["GET"]}}],"collection":[{"href":"https:\/\/rutana.lt\/en\/wp-json\/wp\/v2\/product"}],"about":[{"href":"https:\/\/rutana.lt\/en\/wp-json\/wp\/v2\/types\/product"}],"replies":[{"embeddable":true,"href":"https:\/\/rutana.lt\/en\/wp-json\/wp\/v2\/comments?post=15133"}],"version-history":[{"count":1,"href":"https:\/\/rutana.lt\/en\/wp-json\/wp\/v2\/product\/15133\/revisions"}],"predecessor-version":[{"id":15174,"href":"https:\/\/rutana.lt\/en\/wp-json\/wp\/v2\/product\/15133\/revisions\/15174"}],"wp:featuredmedia":[{"embeddable":true,"href":"https:\/\/rutana.lt\/en\/wp-json\/wp\/v2\/media\/28643"}],"wp:attachment":[{"href":"https:\/\/rutana.lt\/en\/wp-json\/wp\/v2\/media?parent=15133"}],"wp:term":[{"taxonomy":"product_brand","embeddable":true,"href":"https:\/\/rutana.lt\/en\/wp-json\/wp\/v2\/product_brand?post=15133"},{"taxonomy":"product_cat","embeddable":true,"href":"https:\/\/rutana.lt\/en\/wp-json\/wp\/v2\/product_cat?post=15133"},{"taxonomy":"product_tag","embeddable":true,"href":"https:\/\/rutana.lt\/en\/wp-json\/wp\/v2\/product_tag?post=15133"}],"curies":[{"name":"wp","href":"https:\/\/api.w.org\/{rel}","templated":true}]}}