{"id":15078,"date":"2025-09-03T09:37:47","date_gmt":"2025-09-03T07:37:47","guid":{"rendered":"https:\/\/rutana.webdemo.lt\/?post_type=product&#038;p=15078"},"modified":"2025-10-13T15:48:24","modified_gmt":"2025-10-13T13:48:24","slug":"knygos-skirtukas-morris-windrush-paperblanks-81579","status":"publish","type":"product","link":"https:\/\/rutana.lt\/en\/product\/knygos-skirtukas-morris-windrush-paperblanks-81579\/","title":{"rendered":"Knygos skirtukas Morris Windrush Paperblanks 81579"},"content":{"rendered":"<p style=\"margin-bottom: 10px;\">Skirtukas knygai i\u0161 dekoratyvinio spausdinto popieriaus, dvipusis dizainas, tekst\u016brin\u0117 spauda, suapvalinti kra\u0161tai. \u0160ios dvipus\u0117s \u017eym\u0117s spausdinamos taikant tuos pa\u010dius unikalius procesus, kurie naudojami Paperblanks knyg\u0173 vir\u0161eliams, tod\u0117l sukuriamas ap\u010diuopiamas ir tekst\u016bruotas poj\u016btis. Jie demonstruoja Paperblanks kolekcijos gro\u017e\u012f ir meistri\u0161kum\u0105 \u012fsimintinu ir kolekcionuojamu formatu. Neabejotinai m\u0117gstamos ra\u0161ytoj\u0173 ir knyg\u0173 myl\u0117toj\u0173, \u0161ios \u017eym\u0117s puikiai tinka dovanoms ir prisiminimams. Surinkite juos visus! Subtilus Paperblanks prek\u0117s \u017eenklas.<\/p>\n<p style=\"margin-bottom: 10px;\">Matmenys: 40 ( plotis ) x 185 ( auk\u0161tis ) x 1 ( storis ) mm<\/p>\n<p style=\"margin-bottom: 10px;\">Spalva: m\u0117lyna<\/p>\n<p style=\"margin-bottom: 10px;\">Skirtuko pavadinimas: Morris Windrush<\/p>\n<p style=\"margin-bottom: 10px;\">Kolekcija: William Morris<\/p>\n<p style=\"margin-bottom: 10px;\"><\/p>\n<p><iframe src=\"\/\/www.youtube.com\/embed\/ZSRMv1r24PY\" width=\"640\" height=\"360\" frameborder=\"0\"><\/iframe><\/p>\n<p style=\"margin-bottom: 10px;\"><\/p>\n<p style=\"margin-bottom: 10px;\"><\/p>\n<div ng-if=\"!product.SelectedSalePrice\" class=\"row mt-2 text-left ng-scope\" style=\"display: flex; flex-wrap: wrap; margin-top: 0.5rem !important;\">\n<div class=\"col-12 ng-scope\" ng-if=\"product.CurrencySymbol == '\u20ac'\" style=\"position: relative; width: 415px; padding-right: 15px; padding-left: 15px; flex: 0 0 100%; max-width: 100%;\"><\/div>\n<\/div>\n<p style=\"margin-bottom: 10px;\"><\/p>\n<p style=\"margin-bottom: 10px;\"><\/p>","protected":false},"excerpt":{"rendered":"<p>Skirtukas knygai i\u0161 dekoratyvinio spausdinto popieriaus, dvipusis dizainas, tekst\u016brin\u0117 spauda, suapvalinti kra\u0161tai. \u0160ios dvipus\u0117s \u017eym\u0117s spausdinamos taikant tuos pa\u010dius unikalius procesus, kurie naudojami Paperblanks knyg\u0173 vir\u0161eliams, tod\u0117l sukuriamas ap\u010diuopiamas ir tekst\u016bruotas poj\u016btis. Jie demonstruoja Paperblanks kolekcijos gro\u017e\u012f ir meistri\u0161kum\u0105 \u012fsimintinu ir kolekcionuojamu formatu. Neabejotinai m\u0117gstamos ra\u0161ytoj\u0173 ir knyg\u0173 myl\u0117toj\u0173, \u0161ios \u017eym\u0117s puikiai tinka dovanoms ir [&hellip;]<\/p>","protected":false},"featured_media":28636,"comment_status":"open","ping_status":"closed","template":"","meta":{"_season_start":"","_season_end":"","_season_days":"","_season_months":"","_season_auto_visibility":""},"product_brand":[279],"product_cat":[1833],"product_tag":[],"class_list":{"0":"post-15078","1":"product","2":"type-product","3":"status-publish","4":"has-post-thumbnail","6":"product_brand-paperblanks","7":"product_cat-paperblanks-knygos-ir-knygutes","9":"first","10":"instock","11":"taxable","12":"shipping-taxable","13":"purchasable","14":"product-type-simple"},"yoast_head":"<!-- This site is optimized with the Yoast SEO plugin v26.1.1 - https:\/\/yoast.com\/wordpress\/plugins\/seo\/ -->\n<title>Knygos skirtukas Morris Windrush Paperblanks 81579 - Rutana - Ra\u0161tin\u0117s reikmenys<\/title>\n<meta name=\"robots\" content=\"index, follow, max-snippet:-1, max-image-preview:large, max-video-preview:-1\" \/>\n<link rel=\"canonical\" href=\"https:\/\/rutana.lt\/en\/product\/knygos-skirtukas-morris-windrush-paperblanks-81579\/\" \/>\n<meta property=\"og:locale\" content=\"en_US\" \/>\n<meta property=\"og:type\" content=\"article\" \/>\n<meta property=\"og:title\" content=\"Knygos skirtukas Morris Windrush Paperblanks 81579 - Rutana - Ra\u0161tin\u0117s reikmenys\" \/>\n<meta property=\"og:description\" content=\"Skirtukas knygai i\u0161 dekoratyvinio spausdinto popieriaus, dvipusis dizainas, tekst\u016brin\u0117 spauda, suapvalinti kra\u0161tai. \u0160ios dvipus\u0117s \u017eym\u0117s spausdinamos taikant tuos pa\u010dius unikalius procesus, kurie naudojami Paperblanks knyg\u0173 vir\u0161eliams, tod\u0117l sukuriamas ap\u010diuopiamas ir tekst\u016bruotas poj\u016btis. Jie demonstruoja Paperblanks kolekcijos gro\u017e\u012f ir meistri\u0161kum\u0105 \u012fsimintinu ir kolekcionuojamu formatu. Neabejotinai m\u0117gstamos ra\u0161ytoj\u0173 ir knyg\u0173 myl\u0117toj\u0173, \u0161ios \u017eym\u0117s puikiai tinka dovanoms ir [&hellip;]\" \/>\n<meta property=\"og:url\" content=\"https:\/\/rutana.lt\/en\/product\/knygos-skirtukas-morris-windrush-paperblanks-81579\/\" \/>\n<meta property=\"og:site_name\" content=\"Rutana - Ra\u0161tin\u0117s reikmenys\" \/>\n<meta property=\"article:publisher\" content=\"https:\/\/www.facebook.com\/RutanaKanceliarinesPrekes\/\" \/>\n<meta property=\"article:modified_time\" content=\"2025-10-13T13:48:24+00:00\" \/>\n<meta property=\"og:image\" content=\"https:\/\/rutana.lt\/wp-content\/uploads\/2025\/09\/A019-335.jpg\" \/>\n\t<meta property=\"og:image:width\" content=\"600\" \/>\n\t<meta property=\"og:image:height\" content=\"600\" \/>\n\t<meta property=\"og:image:type\" content=\"image\/jpeg\" \/>\n<meta name=\"twitter:card\" content=\"summary_large_image\" \/>\n<script type=\"application\/ld+json\" class=\"yoast-schema-graph\">{\"@context\":\"https:\/\/schema.org\",\"@graph\":[{\"@type\":\"WebPage\",\"@id\":\"https:\/\/rutana.lt\/produktas\/knygos-skirtukas-morris-windrush-paperblanks-81579\/\",\"url\":\"https:\/\/rutana.lt\/produktas\/knygos-skirtukas-morris-windrush-paperblanks-81579\/\",\"name\":\"Knygos skirtukas Morris Windrush Paperblanks 81579 - Rutana - Ra\u0161tin\u0117s reikmenys\",\"isPartOf\":{\"@id\":\"https:\/\/rutana.lt\/#website\"},\"primaryImageOfPage\":{\"@id\":\"https:\/\/rutana.lt\/produktas\/knygos-skirtukas-morris-windrush-paperblanks-81579\/#primaryimage\"},\"image\":{\"@id\":\"https:\/\/rutana.lt\/produktas\/knygos-skirtukas-morris-windrush-paperblanks-81579\/#primaryimage\"},\"thumbnailUrl\":\"https:\/\/rutana.lt\/wp-content\/uploads\/2025\/09\/A019-335-2.jpg?v=1763565980\",\"datePublished\":\"2025-09-03T07:37:47+00:00\",\"dateModified\":\"2025-10-13T13:48:24+00:00\",\"breadcrumb\":{\"@id\":\"https:\/\/rutana.lt\/produktas\/knygos-skirtukas-morris-windrush-paperblanks-81579\/#breadcrumb\"},\"inLanguage\":\"en-US\",\"potentialAction\":[{\"@type\":\"ReadAction\",\"target\":[\"https:\/\/rutana.lt\/produktas\/knygos-skirtukas-morris-windrush-paperblanks-81579\/\"]}]},{\"@type\":\"ImageObject\",\"inLanguage\":\"en-US\",\"@id\":\"https:\/\/rutana.lt\/produktas\/knygos-skirtukas-morris-windrush-paperblanks-81579\/#primaryimage\",\"url\":\"https:\/\/rutana.lt\/wp-content\/uploads\/2025\/09\/A019-335-2.jpg?v=1763565980\",\"contentUrl\":\"https:\/\/rutana.lt\/wp-content\/uploads\/2025\/09\/A019-335-2.jpg?v=1763565980\",\"width\":600,\"height\":600},{\"@type\":\"BreadcrumbList\",\"@id\":\"https:\/\/rutana.lt\/produktas\/knygos-skirtukas-morris-windrush-paperblanks-81579\/#breadcrumb\",\"itemListElement\":[{\"@type\":\"ListItem\",\"position\":1,\"name\":\"Home\",\"item\":\"https:\/\/rutana.lt\/\"},{\"@type\":\"ListItem\",\"position\":2,\"name\":\"Parduotuv\u0117\",\"item\":\"https:\/\/rutana.lt\/parduotuve\/\"},{\"@type\":\"ListItem\",\"position\":3,\"name\":\"Knygos skirtukas Morris Windrush Paperblanks 81579\"}]},{\"@type\":\"WebSite\",\"@id\":\"https:\/\/rutana.lt\/#website\",\"url\":\"https:\/\/rutana.lt\/\",\"name\":\"Rutana - Ra\u0161tin\u0117s reikmenys\",\"description\":\"Prekiaujame pasaulin\u0117je rinkoje pripa\u017eintomis, kokybi\u0161komis biuro prek\u0117mis toki\u0173  gamintoj\u0173 kaip: Schneider, Esselte, Novus, 3M, Faber-Castell, Citizen, Milan, Leitz, Colop, Zebra, Staedtler, Durable, Tork, Parker, Waterman ir kt.\",\"publisher\":{\"@id\":\"https:\/\/rutana.lt\/#organization\"},\"potentialAction\":[{\"@type\":\"SearchAction\",\"target\":{\"@type\":\"EntryPoint\",\"urlTemplate\":\"https:\/\/rutana.lt\/?s={search_term_string}\"},\"query-input\":{\"@type\":\"PropertyValueSpecification\",\"valueRequired\":true,\"valueName\":\"search_term_string\"}}],\"inLanguage\":\"en-US\"},{\"@type\":\"Organization\",\"@id\":\"https:\/\/rutana.lt\/#organization\",\"name\":\"Rutana - Ra\u0161tin\u0117s reikmenys\",\"url\":\"https:\/\/rutana.lt\/\",\"logo\":{\"@type\":\"ImageObject\",\"inLanguage\":\"en-US\",\"@id\":\"https:\/\/rutana.lt\/#\/schema\/logo\/image\/\",\"url\":\"https:\/\/rutana.lt\/wp-content\/uploads\/2025\/10\/Asset-32.png\",\"contentUrl\":\"https:\/\/rutana.lt\/wp-content\/uploads\/2025\/10\/Asset-32.png\",\"width\":433,\"height\":119,\"caption\":\"Rutana - Ra\u0161tin\u0117s reikmenys\"},\"image\":{\"@id\":\"https:\/\/rutana.lt\/#\/schema\/logo\/image\/\"},\"sameAs\":[\"https:\/\/www.facebook.com\/RutanaKanceliarinesPrekes\/\"]}]}<\/script>\n<!-- \/ Yoast SEO plugin. -->","yoast_head_json":{"title":"Knygos skirtukas Morris Windrush Paperblanks 81579 - Rutana - Ra\u0161tin\u0117s reikmenys","robots":{"index":"index","follow":"follow","max-snippet":"max-snippet:-1","max-image-preview":"max-image-preview:large","max-video-preview":"max-video-preview:-1"},"canonical":"https:\/\/rutana.lt\/en\/product\/knygos-skirtukas-morris-windrush-paperblanks-81579\/","og_locale":"en_US","og_type":"article","og_title":"Knygos skirtukas Morris Windrush Paperblanks 81579 - Rutana - Ra\u0161tin\u0117s reikmenys","og_description":"Skirtukas knygai i\u0161 dekoratyvinio spausdinto popieriaus, dvipusis dizainas, tekst\u016brin\u0117 spauda, suapvalinti kra\u0161tai. \u0160ios dvipus\u0117s \u017eym\u0117s spausdinamos taikant tuos pa\u010dius unikalius procesus, kurie naudojami Paperblanks knyg\u0173 vir\u0161eliams, tod\u0117l sukuriamas ap\u010diuopiamas ir tekst\u016bruotas poj\u016btis. Jie demonstruoja Paperblanks kolekcijos gro\u017e\u012f ir meistri\u0161kum\u0105 \u012fsimintinu ir kolekcionuojamu formatu. Neabejotinai m\u0117gstamos ra\u0161ytoj\u0173 ir knyg\u0173 myl\u0117toj\u0173, \u0161ios \u017eym\u0117s puikiai tinka dovanoms ir [&hellip;]","og_url":"https:\/\/rutana.lt\/en\/product\/knygos-skirtukas-morris-windrush-paperblanks-81579\/","og_site_name":"Rutana - Ra\u0161tin\u0117s reikmenys","article_publisher":"https:\/\/www.facebook.com\/RutanaKanceliarinesPrekes\/","article_modified_time":"2025-10-13T13:48:24+00:00","og_image":[{"width":600,"height":600,"url":"https:\/\/rutana.lt\/wp-content\/uploads\/2025\/09\/A019-335.jpg","type":"image\/jpeg"}],"twitter_card":"summary_large_image","schema":{"@context":"https:\/\/schema.org","@graph":[{"@type":"WebPage","@id":"https:\/\/rutana.lt\/produktas\/knygos-skirtukas-morris-windrush-paperblanks-81579\/","url":"https:\/\/rutana.lt\/produktas\/knygos-skirtukas-morris-windrush-paperblanks-81579\/","name":"Knygos skirtukas Morris Windrush Paperblanks 81579 - Rutana - Ra\u0161tin\u0117s reikmenys","isPartOf":{"@id":"https:\/\/rutana.lt\/#website"},"primaryImageOfPage":{"@id":"https:\/\/rutana.lt\/produktas\/knygos-skirtukas-morris-windrush-paperblanks-81579\/#primaryimage"},"image":{"@id":"https:\/\/rutana.lt\/produktas\/knygos-skirtukas-morris-windrush-paperblanks-81579\/#primaryimage"},"thumbnailUrl":"https:\/\/rutana.lt\/wp-content\/uploads\/2025\/09\/A019-335-2.jpg?v=1763565980","datePublished":"2025-09-03T07:37:47+00:00","dateModified":"2025-10-13T13:48:24+00:00","breadcrumb":{"@id":"https:\/\/rutana.lt\/produktas\/knygos-skirtukas-morris-windrush-paperblanks-81579\/#breadcrumb"},"inLanguage":"en-US","potentialAction":[{"@type":"ReadAction","target":["https:\/\/rutana.lt\/produktas\/knygos-skirtukas-morris-windrush-paperblanks-81579\/"]}]},{"@type":"ImageObject","inLanguage":"en-US","@id":"https:\/\/rutana.lt\/produktas\/knygos-skirtukas-morris-windrush-paperblanks-81579\/#primaryimage","url":"https:\/\/rutana.lt\/wp-content\/uploads\/2025\/09\/A019-335-2.jpg?v=1763565980","contentUrl":"https:\/\/rutana.lt\/wp-content\/uploads\/2025\/09\/A019-335-2.jpg?v=1763565980","width":600,"height":600},{"@type":"BreadcrumbList","@id":"https:\/\/rutana.lt\/produktas\/knygos-skirtukas-morris-windrush-paperblanks-81579\/#breadcrumb","itemListElement":[{"@type":"ListItem","position":1,"name":"Home","item":"https:\/\/rutana.lt\/"},{"@type":"ListItem","position":2,"name":"Parduotuv\u0117","item":"https:\/\/rutana.lt\/parduotuve\/"},{"@type":"ListItem","position":3,"name":"Knygos skirtukas Morris Windrush Paperblanks 81579"}]},{"@type":"WebSite","@id":"https:\/\/rutana.lt\/#website","url":"https:\/\/rutana.lt\/","name":"Rutana - Ra\u0161tin\u0117s reikmenys","description":"Prekiaujame pasaulin\u0117je rinkoje pripa\u017eintomis, kokybi\u0161komis biuro prek\u0117mis toki\u0173  gamintoj\u0173 kaip: Schneider, Esselte, Novus, 3M, Faber-Castell, Citizen, Milan, Leitz, Colop, Zebra, Staedtler, Durable, Tork, Parker, Waterman ir kt.","publisher":{"@id":"https:\/\/rutana.lt\/#organization"},"potentialAction":[{"@type":"SearchAction","target":{"@type":"EntryPoint","urlTemplate":"https:\/\/rutana.lt\/?s={search_term_string}"},"query-input":{"@type":"PropertyValueSpecification","valueRequired":true,"valueName":"search_term_string"}}],"inLanguage":"en-US"},{"@type":"Organization","@id":"https:\/\/rutana.lt\/#organization","name":"Rutana - Ra\u0161tin\u0117s reikmenys","url":"https:\/\/rutana.lt\/","logo":{"@type":"ImageObject","inLanguage":"en-US","@id":"https:\/\/rutana.lt\/#\/schema\/logo\/image\/","url":"https:\/\/rutana.lt\/wp-content\/uploads\/2025\/10\/Asset-32.png","contentUrl":"https:\/\/rutana.lt\/wp-content\/uploads\/2025\/10\/Asset-32.png","width":433,"height":119,"caption":"Rutana - Ra\u0161tin\u0117s reikmenys"},"image":{"@id":"https:\/\/rutana.lt\/#\/schema\/logo\/image\/"},"sameAs":["https:\/\/www.facebook.com\/RutanaKanceliarinesPrekes\/"]}]}},"_links":{"self":[{"href":"https:\/\/rutana.lt\/en\/wp-json\/wp\/v2\/product\/15078","targetHints":{"allow":["GET"]}}],"collection":[{"href":"https:\/\/rutana.lt\/en\/wp-json\/wp\/v2\/product"}],"about":[{"href":"https:\/\/rutana.lt\/en\/wp-json\/wp\/v2\/types\/product"}],"replies":[{"embeddable":true,"href":"https:\/\/rutana.lt\/en\/wp-json\/wp\/v2\/comments?post=15078"}],"version-history":[{"count":1,"href":"https:\/\/rutana.lt\/en\/wp-json\/wp\/v2\/product\/15078\/revisions"}],"predecessor-version":[{"id":15160,"href":"https:\/\/rutana.lt\/en\/wp-json\/wp\/v2\/product\/15078\/revisions\/15160"}],"wp:featuredmedia":[{"embeddable":true,"href":"https:\/\/rutana.lt\/en\/wp-json\/wp\/v2\/media\/28636"}],"wp:attachment":[{"href":"https:\/\/rutana.lt\/en\/wp-json\/wp\/v2\/media?parent=15078"}],"wp:term":[{"taxonomy":"product_brand","embeddable":true,"href":"https:\/\/rutana.lt\/en\/wp-json\/wp\/v2\/product_brand?post=15078"},{"taxonomy":"product_cat","embeddable":true,"href":"https:\/\/rutana.lt\/en\/wp-json\/wp\/v2\/product_cat?post=15078"},{"taxonomy":"product_tag","embeddable":true,"href":"https:\/\/rutana.lt\/en\/wp-json\/wp\/v2\/product_tag?post=15078"}],"curies":[{"name":"wp","href":"https:\/\/api.w.org\/{rel}","templated":true}]}}