{"id":14998,"date":"2025-09-03T09:37:21","date_gmt":"2025-09-03T07:37:21","guid":{"rendered":"https:\/\/rutana.webdemo.lt\/?post_type=product&#038;p=14998"},"modified":"2026-05-01T09:22:48","modified_gmt":"2026-05-01T07:22:48","slug":"parfumuotas-grindu-valiklis-dore-1000ml-aromatic-89","status":"publish","type":"product","link":"https:\/\/rutana.lt\/en\/product\/parfumuotas-grindu-valiklis-dore-1000ml-aromatic-89\/","title":{"rendered":"Parfumuotas grind\u0173 valiklis &#8222;Dore&#8221; 1000ml Aromatic 89"},"content":{"rendered":"<p>Blizganti nam\u0173 \u0161vara ir prabangus aromat\u0173 dvelksmas \u2013 tai tik kelios savyb\u0117s, kurios Jus d\u017eiugins kiekvien\u0105 kart\u0105 i\u0161plovus grindis su m\u016bs\u0173 auk\u0161tos kokyb\u0117s valikliu. Parfumuotas grind\u0173 valiklis yra gausus auk\u0161tos kokyb\u0117s daleli\u0173, galin\u010di\u0173 veiksmingai pa\u0161alinti riebal\u0173, purvo ar skys\u010di\u0173 paliktus ne\u0161varumus ant grind\u0173. Efektyvus priemon\u0117s veikimas u\u017etikrina lengv\u0105 pavir\u0161i\u0173 \u0161var\u0105 j\u0173 nepa\u017eeid\u017eiant. Valiklis ma\u017eai putoja ir greitai d\u017ei\u016bsta nepalikdamas riebumo ar valymo \u017eymi\u0173, tod\u0117l i\u0161plovus grindis Jums nereik\u0117s papildomai perplauti vandeniu. I\u0161skirtiniais aromatais pasi\u017eyminti priemon\u0117 veiksmingai \u0161alina \u012fsisen\u0117jusias d\u0117m\u0117s bei purv\u0105 nuo medienos, plyteli\u0173, parketo ar kitokio tipo grind\u0173 pavir\u0161iaus. \u0160\u012f valikl\u012f galima pritaikyti \u012fvairiausios aplinkos tvarkai palaikyti. Namuose jis puikiai tinka i\u0161plauti miegamajame, svetain\u0117je ar virtuv\u0117je esan\u010dias grindis, o jo efektyvumas pad\u0117s u\u017etikrinti laiptin\u0117s bei koridoriaus \u0161var\u0105. Grind\u0173 valymo priemon\u0117 nedirgina jautrios odos ir yra draugi\u0161ka aplinkai, tod\u0117l kasdien gal\u0117site ramiai r\u016bpintis norima tvarka. Sud\u0117tyje pasisl\u0117pusios prabangi\u0173 aromat\u0173 dalel\u0117s u\u017epildys J\u016bs\u0173 nam\u0173 erdv\u0119 i\u0161skirtiniais kvap\u0173 \u017eaismais, o ilgai i\u0161liekanti \u0161vara Jus pasitiks kiekvien\u0105 kart\u0105 \u012f\u017eengus pro duris!<\/p>\n<p>&#8222;Dore&#8221; aromatas priklauso ELITE kolekcijai:<\/p>\n<p style=\"margin-bottom: 10px;\"><span style=\"text-align: center;\">Vir\u0161utin\u0117s natos: Karamel\u0117, Apelsinas, Melionas, Laimas, Kartusis Apelsinas, \u017dali\u0173j\u0173 Lap\u0173 Natos, Greipfrutas.<\/span><br style=\"text-align: center;\" \/><span style=\"text-align: center;\">Vidurin\u0117s natos: Na\u0161lait\u0117, Ro\u017e\u0117, Levanda.<br \/>\n<\/span><span style=\"text-align: center;\">Apatin\u0117s natos: Baltasis Muskusas, Gintaras, Pa\u010diulis.<\/span><\/p>\n<p class=\"MsoNoSpacing\" style=\"margin-bottom: 10px;\">Talpa: 1000 ml<\/p>\n<p class=\"MsoNoSpacing\" style=\"margin-bottom: 10px;\">Buteliukas: plastikinis<\/p>\n<p style=\"margin-bottom: 10px;\">Kvapo pavadinimas: DORE<\/p>\n<p class=\"MsoNoSpacing\" style=\"margin-bottom: 10px;\">Kilm\u0117s \u0161alis: Lietuva<\/p>\n<p style=\"margin-bottom: 10px;\">","protected":false},"excerpt":{"rendered":"<p>Blizganti nam\u0173 \u0161vara ir prabangus aromat\u0173 dvelksmas \u2013 tai tik kelios savyb\u0117s, kurios Jus d\u017eiugins kiekvien\u0105 kart\u0105 i\u0161plovus grindis su m\u016bs\u0173 auk\u0161tos kokyb\u0117s valikliu.<\/p>","protected":false},"featured_media":28598,"comment_status":"open","ping_status":"closed","template":"","meta":{"_season_start":"","_season_end":"","_season_days":"","_season_months":"","_season_auto_visibility":"1"},"product_brand":[789],"product_cat":[1630],"product_tag":[],"class_list":{"0":"post-14998","1":"product","2":"type-product","3":"status-publish","4":"has-post-thumbnail","6":"product_brand-aromatic-89","7":"product_cat-grindu-valikliai","9":"first","10":"instock","11":"taxable","12":"shipping-taxable","13":"purchasable","14":"product-type-simple"},"yoast_head":"<!-- This site is optimized with the Yoast SEO plugin v27.4 - https:\/\/yoast.com\/product\/yoast-seo-wordpress\/ -->\n<title>Parfumuotas grind\u0173 valiklis &quot;Dore&quot; 1000ml Aromatic 89 - Rutana - Ra\u0161tin\u0117s reikmenys<\/title>\n<meta name=\"robots\" content=\"index, follow, max-snippet:-1, max-image-preview:large, max-video-preview:-1\" \/>\n<link rel=\"canonical\" href=\"https:\/\/rutana.lt\/en\/product\/parfumuotas-grindu-valiklis-dore-1000ml-aromatic-89\/\" \/>\n<meta property=\"og:locale\" content=\"en_US\" \/>\n<meta property=\"og:type\" content=\"article\" \/>\n<meta property=\"og:title\" content=\"Parfumuotas grind\u0173 valiklis &quot;Dore&quot; 1000ml Aromatic 89 - Rutana - Ra\u0161tin\u0117s reikmenys\" \/>\n<meta property=\"og:description\" content=\"Blizganti nam\u0173 \u0161vara ir prabangus aromat\u0173 dvelksmas \u2013 tai tik kelios savyb\u0117s, kurios Jus d\u017eiugins kiekvien\u0105 kart\u0105 i\u0161plovus grindis su m\u016bs\u0173 auk\u0161tos kokyb\u0117s valikliu.\" \/>\n<meta property=\"og:url\" content=\"https:\/\/rutana.lt\/en\/product\/parfumuotas-grindu-valiklis-dore-1000ml-aromatic-89\/\" \/>\n<meta property=\"og:site_name\" content=\"Rutana - Ra\u0161tin\u0117s reikmenys\" \/>\n<meta property=\"article:publisher\" content=\"https:\/\/www.facebook.com\/RutanaKanceliarinesPrekes\/\" \/>\n<meta property=\"article:modified_time\" content=\"2026-05-01T07:22:48+00:00\" \/>\n<meta property=\"og:image\" content=\"https:\/\/rutana.lt\/wp-content\/uploads\/2025\/09\/B196-406N-2.jpg?v=1763566040\" \/>\n\t<meta property=\"og:image:width\" content=\"1000\" \/>\n\t<meta property=\"og:image:height\" content=\"1000\" \/>\n\t<meta property=\"og:image:type\" content=\"image\/jpeg\" \/>\n<meta name=\"twitter:card\" content=\"summary_large_image\" \/>\n<meta name=\"twitter:label1\" content=\"Est. reading time\" \/>\n\t<meta name=\"twitter:data1\" content=\"2 minutes\" \/>\n<script type=\"application\/ld+json\" class=\"yoast-schema-graph\">{\"@context\":\"https:\\\/\\\/schema.org\",\"@graph\":[{\"@type\":\"WebPage\",\"@id\":\"https:\\\/\\\/rutana.lt\\\/produktas\\\/parfumuotas-grindu-valiklis-dore-1000ml-aromatic-89\\\/\",\"url\":\"https:\\\/\\\/rutana.lt\\\/produktas\\\/parfumuotas-grindu-valiklis-dore-1000ml-aromatic-89\\\/\",\"name\":\"Parfumuotas grind\u0173 valiklis \\\"Dore\\\" 1000ml Aromatic 89 - Rutana - Ra\u0161tin\u0117s reikmenys\",\"isPartOf\":{\"@id\":\"https:\\\/\\\/rutana.lt\\\/#website\"},\"primaryImageOfPage\":{\"@id\":\"https:\\\/\\\/rutana.lt\\\/produktas\\\/parfumuotas-grindu-valiklis-dore-1000ml-aromatic-89\\\/#primaryimage\"},\"image\":{\"@id\":\"https:\\\/\\\/rutana.lt\\\/produktas\\\/parfumuotas-grindu-valiklis-dore-1000ml-aromatic-89\\\/#primaryimage\"},\"thumbnailUrl\":\"https:\\\/\\\/rutana.lt\\\/wp-content\\\/uploads\\\/2025\\\/09\\\/B196-406N-2.jpg?v=1763566040\",\"datePublished\":\"2025-09-03T07:37:21+00:00\",\"dateModified\":\"2026-05-01T07:22:48+00:00\",\"breadcrumb\":{\"@id\":\"https:\\\/\\\/rutana.lt\\\/produktas\\\/parfumuotas-grindu-valiklis-dore-1000ml-aromatic-89\\\/#breadcrumb\"},\"inLanguage\":\"en-US\",\"potentialAction\":[{\"@type\":\"ReadAction\",\"target\":[\"https:\\\/\\\/rutana.lt\\\/produktas\\\/parfumuotas-grindu-valiklis-dore-1000ml-aromatic-89\\\/\"]}]},{\"@type\":\"ImageObject\",\"inLanguage\":\"en-US\",\"@id\":\"https:\\\/\\\/rutana.lt\\\/produktas\\\/parfumuotas-grindu-valiklis-dore-1000ml-aromatic-89\\\/#primaryimage\",\"url\":\"https:\\\/\\\/rutana.lt\\\/wp-content\\\/uploads\\\/2025\\\/09\\\/B196-406N-2.jpg?v=1763566040\",\"contentUrl\":\"https:\\\/\\\/rutana.lt\\\/wp-content\\\/uploads\\\/2025\\\/09\\\/B196-406N-2.jpg?v=1763566040\",\"width\":1000,\"height\":1000},{\"@type\":\"BreadcrumbList\",\"@id\":\"https:\\\/\\\/rutana.lt\\\/produktas\\\/parfumuotas-grindu-valiklis-dore-1000ml-aromatic-89\\\/#breadcrumb\",\"itemListElement\":[{\"@type\":\"ListItem\",\"position\":1,\"name\":\"Home\",\"item\":\"https:\\\/\\\/rutana.lt\\\/\"},{\"@type\":\"ListItem\",\"position\":2,\"name\":\"Parduotuv\u0117\",\"item\":\"https:\\\/\\\/rutana.lt\\\/parduotuve\\\/\"},{\"@type\":\"ListItem\",\"position\":3,\"name\":\"Parfumuotas grind\u0173 valiklis &#8222;Dore&#8221; 1000ml Aromatic 89\"}]},{\"@type\":\"WebSite\",\"@id\":\"https:\\\/\\\/rutana.lt\\\/#website\",\"url\":\"https:\\\/\\\/rutana.lt\\\/\",\"name\":\"Rutana - Ra\u0161tin\u0117s reikmenys\",\"description\":\"Prekiaujame pasaulin\u0117je rinkoje pripa\u017eintomis, kokybi\u0161komis biuro prek\u0117mis toki\u0173  gamintoj\u0173 kaip: Schneider, Esselte, Novus, 3M, Faber-Castell, Citizen, Milan, Leitz, Colop, Zebra, Staedtler, Durable, Tork, Parker, Waterman ir kt.\",\"publisher\":{\"@id\":\"https:\\\/\\\/rutana.lt\\\/#organization\"},\"potentialAction\":[{\"@type\":\"SearchAction\",\"target\":{\"@type\":\"EntryPoint\",\"urlTemplate\":\"https:\\\/\\\/rutana.lt\\\/?s={search_term_string}\"},\"query-input\":{\"@type\":\"PropertyValueSpecification\",\"valueRequired\":true,\"valueName\":\"search_term_string\"}}],\"inLanguage\":\"en-US\"},{\"@type\":\"Organization\",\"@id\":\"https:\\\/\\\/rutana.lt\\\/#organization\",\"name\":\"Rutana - Ra\u0161tin\u0117s reikmenys\",\"url\":\"https:\\\/\\\/rutana.lt\\\/\",\"logo\":{\"@type\":\"ImageObject\",\"inLanguage\":\"en-US\",\"@id\":\"https:\\\/\\\/rutana.lt\\\/#\\\/schema\\\/logo\\\/image\\\/\",\"url\":\"https:\\\/\\\/rutana.lt\\\/wp-content\\\/uploads\\\/2025\\\/10\\\/Asset-32.png\",\"contentUrl\":\"https:\\\/\\\/rutana.lt\\\/wp-content\\\/uploads\\\/2025\\\/10\\\/Asset-32.png\",\"width\":433,\"height\":119,\"caption\":\"Rutana - Ra\u0161tin\u0117s reikmenys\"},\"image\":{\"@id\":\"https:\\\/\\\/rutana.lt\\\/#\\\/schema\\\/logo\\\/image\\\/\"},\"sameAs\":[\"https:\\\/\\\/www.facebook.com\\\/RutanaKanceliarinesPrekes\\\/\"]}]}<\/script>\n<!-- \/ Yoast SEO plugin. -->","yoast_head_json":{"title":"Parfumuotas grind\u0173 valiklis \"Dore\" 1000ml Aromatic 89 - Rutana - Ra\u0161tin\u0117s reikmenys","robots":{"index":"index","follow":"follow","max-snippet":"max-snippet:-1","max-image-preview":"max-image-preview:large","max-video-preview":"max-video-preview:-1"},"canonical":"https:\/\/rutana.lt\/en\/product\/parfumuotas-grindu-valiklis-dore-1000ml-aromatic-89\/","og_locale":"en_US","og_type":"article","og_title":"Parfumuotas grind\u0173 valiklis \"Dore\" 1000ml Aromatic 89 - Rutana - Ra\u0161tin\u0117s reikmenys","og_description":"Blizganti nam\u0173 \u0161vara ir prabangus aromat\u0173 dvelksmas \u2013 tai tik kelios savyb\u0117s, kurios Jus d\u017eiugins kiekvien\u0105 kart\u0105 i\u0161plovus grindis su m\u016bs\u0173 auk\u0161tos kokyb\u0117s valikliu.","og_url":"https:\/\/rutana.lt\/en\/product\/parfumuotas-grindu-valiklis-dore-1000ml-aromatic-89\/","og_site_name":"Rutana - Ra\u0161tin\u0117s reikmenys","article_publisher":"https:\/\/www.facebook.com\/RutanaKanceliarinesPrekes\/","article_modified_time":"2026-05-01T07:22:48+00:00","og_image":[{"width":1000,"height":1000,"url":"https:\/\/rutana.lt\/wp-content\/uploads\/2025\/09\/B196-406N-2.jpg?v=1763566040","type":"image\/jpeg"}],"twitter_card":"summary_large_image","twitter_misc":{"Est. reading time":"2 minutes"},"schema":{"@context":"https:\/\/schema.org","@graph":[{"@type":"WebPage","@id":"https:\/\/rutana.lt\/produktas\/parfumuotas-grindu-valiklis-dore-1000ml-aromatic-89\/","url":"https:\/\/rutana.lt\/produktas\/parfumuotas-grindu-valiklis-dore-1000ml-aromatic-89\/","name":"Parfumuotas grind\u0173 valiklis \"Dore\" 1000ml Aromatic 89 - Rutana - Ra\u0161tin\u0117s reikmenys","isPartOf":{"@id":"https:\/\/rutana.lt\/#website"},"primaryImageOfPage":{"@id":"https:\/\/rutana.lt\/produktas\/parfumuotas-grindu-valiklis-dore-1000ml-aromatic-89\/#primaryimage"},"image":{"@id":"https:\/\/rutana.lt\/produktas\/parfumuotas-grindu-valiklis-dore-1000ml-aromatic-89\/#primaryimage"},"thumbnailUrl":"https:\/\/rutana.lt\/wp-content\/uploads\/2025\/09\/B196-406N-2.jpg?v=1763566040","datePublished":"2025-09-03T07:37:21+00:00","dateModified":"2026-05-01T07:22:48+00:00","breadcrumb":{"@id":"https:\/\/rutana.lt\/produktas\/parfumuotas-grindu-valiklis-dore-1000ml-aromatic-89\/#breadcrumb"},"inLanguage":"en-US","potentialAction":[{"@type":"ReadAction","target":["https:\/\/rutana.lt\/produktas\/parfumuotas-grindu-valiklis-dore-1000ml-aromatic-89\/"]}]},{"@type":"ImageObject","inLanguage":"en-US","@id":"https:\/\/rutana.lt\/produktas\/parfumuotas-grindu-valiklis-dore-1000ml-aromatic-89\/#primaryimage","url":"https:\/\/rutana.lt\/wp-content\/uploads\/2025\/09\/B196-406N-2.jpg?v=1763566040","contentUrl":"https:\/\/rutana.lt\/wp-content\/uploads\/2025\/09\/B196-406N-2.jpg?v=1763566040","width":1000,"height":1000},{"@type":"BreadcrumbList","@id":"https:\/\/rutana.lt\/produktas\/parfumuotas-grindu-valiklis-dore-1000ml-aromatic-89\/#breadcrumb","itemListElement":[{"@type":"ListItem","position":1,"name":"Home","item":"https:\/\/rutana.lt\/"},{"@type":"ListItem","position":2,"name":"Parduotuv\u0117","item":"https:\/\/rutana.lt\/parduotuve\/"},{"@type":"ListItem","position":3,"name":"Parfumuotas grind\u0173 valiklis &#8222;Dore&#8221; 1000ml Aromatic 89"}]},{"@type":"WebSite","@id":"https:\/\/rutana.lt\/#website","url":"https:\/\/rutana.lt\/","name":"Rutana - Ra\u0161tin\u0117s reikmenys","description":"Prekiaujame pasaulin\u0117je rinkoje pripa\u017eintomis, kokybi\u0161komis biuro prek\u0117mis toki\u0173  gamintoj\u0173 kaip: Schneider, Esselte, Novus, 3M, Faber-Castell, Citizen, Milan, Leitz, Colop, Zebra, Staedtler, Durable, Tork, Parker, Waterman ir kt.","publisher":{"@id":"https:\/\/rutana.lt\/#organization"},"potentialAction":[{"@type":"SearchAction","target":{"@type":"EntryPoint","urlTemplate":"https:\/\/rutana.lt\/?s={search_term_string}"},"query-input":{"@type":"PropertyValueSpecification","valueRequired":true,"valueName":"search_term_string"}}],"inLanguage":"en-US"},{"@type":"Organization","@id":"https:\/\/rutana.lt\/#organization","name":"Rutana - Ra\u0161tin\u0117s reikmenys","url":"https:\/\/rutana.lt\/","logo":{"@type":"ImageObject","inLanguage":"en-US","@id":"https:\/\/rutana.lt\/#\/schema\/logo\/image\/","url":"https:\/\/rutana.lt\/wp-content\/uploads\/2025\/10\/Asset-32.png","contentUrl":"https:\/\/rutana.lt\/wp-content\/uploads\/2025\/10\/Asset-32.png","width":433,"height":119,"caption":"Rutana - Ra\u0161tin\u0117s reikmenys"},"image":{"@id":"https:\/\/rutana.lt\/#\/schema\/logo\/image\/"},"sameAs":["https:\/\/www.facebook.com\/RutanaKanceliarinesPrekes\/"]}]}},"_links":{"self":[{"href":"https:\/\/rutana.lt\/en\/wp-json\/wp\/v2\/product\/14998","targetHints":{"allow":["GET"]}}],"collection":[{"href":"https:\/\/rutana.lt\/en\/wp-json\/wp\/v2\/product"}],"about":[{"href":"https:\/\/rutana.lt\/en\/wp-json\/wp\/v2\/types\/product"}],"replies":[{"embeddable":true,"href":"https:\/\/rutana.lt\/en\/wp-json\/wp\/v2\/comments?post=14998"}],"version-history":[{"count":2,"href":"https:\/\/rutana.lt\/en\/wp-json\/wp\/v2\/product\/14998\/revisions"}],"predecessor-version":[{"id":35680,"href":"https:\/\/rutana.lt\/en\/wp-json\/wp\/v2\/product\/14998\/revisions\/35680"}],"wp:featuredmedia":[{"embeddable":true,"href":"https:\/\/rutana.lt\/en\/wp-json\/wp\/v2\/media\/28598"}],"wp:attachment":[{"href":"https:\/\/rutana.lt\/en\/wp-json\/wp\/v2\/media?parent=14998"}],"wp:term":[{"taxonomy":"product_brand","embeddable":true,"href":"https:\/\/rutana.lt\/en\/wp-json\/wp\/v2\/product_brand?post=14998"},{"taxonomy":"product_cat","embeddable":true,"href":"https:\/\/rutana.lt\/en\/wp-json\/wp\/v2\/product_cat?post=14998"},{"taxonomy":"product_tag","embeddable":true,"href":"https:\/\/rutana.lt\/en\/wp-json\/wp\/v2\/product_tag?post=14998"}],"curies":[{"name":"wp","href":"https:\/\/api.w.org\/{rel}","templated":true}]}}