{"id":14997,"date":"2025-09-03T09:37:21","date_gmt":"2025-09-03T07:37:21","guid":{"rendered":"https:\/\/rutana.webdemo.lt\/?post_type=product&#038;p=14997"},"modified":"2026-04-08T20:43:23","modified_gmt":"2026-04-08T18:43:23","slug":"universalus-purskiamas-pavirsiu-valiklis-infinity-flow-720ml-aromatic-89","status":"publish","type":"product","link":"https:\/\/rutana.lt\/en\/product\/universalus-purskiamas-pavirsiu-valiklis-infinity-flow-720ml-aromatic-89\/","title":{"rendered":"Universalus pur\u0161kiamas pavir\u0161i\u0173 valiklis &#8222;Infinity Flow&#8221; 720ml Aromatic 89"},"content":{"rendered":"<p>Blizgantys bei i\u0161skirtiniu aromatu dvelkiantys stalo ar palang\u0117s pavir\u0161iai \u2013 tai tik keli pavyzd\u017eiai, kur prabangiais kvapais praturtintas valiklis gali Jus nustebinti! Pavir\u0161i\u0173 valiklis yra praturtintas milijonu auk\u0161tos kokyb\u0117s daleli\u0173, kurios pasiruo\u0161usios panaikinti riebal\u0173, purvo ar skys\u010di\u0173 paliktus ne\u0161varumus ir juos pakeisti i\u0161skirtiniais prabangos aromatais. Priemon\u0117 pasi\u017eymi tuo, kad ji lengvai valo nepa\u017eeisdama pavir\u0161iaus ir greitai d\u017ei\u016bsta nepalikdama riebumo ar valymo \u017eymi\u0173. Atlikus \u0161varos darbus, Jums nereik\u0117s papildomai plauti vandeniu ir valyti sausa \u0161luoste. I\u0161skirtini\u0173 kvap\u0173 valiklis u\u017etikrins \u0161var\u0105 ant stiklo, med\u017eio, plastiko ar kito tipo pavir\u0161i\u0173. \u0160i\u0105 priemon\u0119 galima pritaikyti \u012fvairiausios aplinkos tvarkai palaikyti. Namuose ji puikiai tiks nuvalyti miegamajame, svetain\u0117je ar virtuv\u0117je esan\u010dius pavir\u0161ius, o biure i\u0161sivalyti darbo viet\u0105 ar susitikim\u0173 kambaryje esant\u012f stal\u0105. Valiklis nedirgina jautrios odos ir yra draugi\u0161kas aplinkai, o naudojant, reik\u0117t\u0173 purk\u0161ti 20-30 cm atstumu nuo valomo pavir\u0161iaus. Ilgai i\u0161liekan\u010dia \u0161vara ir aromatinga gaiva gal\u0117site d\u017eiaugtis ne tiks J\u016bs, bet ir J\u016bs\u0173 \u0161eima, draugai ar kolegos!<\/p>\n<p class=\"MsoNoSpacing\" style=\"margin-bottom: 10px;\">&#8222;Infinity Flow&#8221; aromatas priklauso ELITE kolekcijai. Tai kvap\u0173 kolekcija, puikiai tinkanti m\u0117gstantiems prabang\u0105, kitoni\u0161kum\u0105 ir naujoves savo namuose. Parfumuoti ir ypa\u010d prabang\u016bs aromatai.<\/p>\n<p class=\"MsoNoSpacing\" style=\"margin-bottom: 10px;\">\n<p class=\"MsoNoSpacing\" style=\"margin-bottom: 10px;\"><span style=\"text-align: center;\">Vir\u0161utin\u0117s natos: Laimas, Citrina.<\/span><br style=\"text-align: center;\" \/><span style=\"text-align: center;\">Vidurin\u0117s natos: Tuberoza, Citrina, Jazminas, Vilkdalgis.<\/span><br style=\"text-align: center;\" \/><span style=\"text-align: center;\">Apatin\u0117s natos: Kava, Migdolas, \u0160okoladas, Gintaras, Mi\u0161ko natos.<\/span><\/p>\n<p class=\"MsoNoSpacing\" style=\"margin-bottom: 10px;\">Talpa: 720 ml<\/p>\n<p class=\"MsoNoSpacing\" style=\"margin-bottom: 10px;\">Buteliukas: plastikinis, su purk\u0161tuku<\/p>\n<p style=\"margin-bottom: 10px;\">Kvapo pavadinimas: INFINITY FLOW<\/p>\n<p class=\"MsoNoSpacing\" style=\"margin-bottom: 10px;\">Kilm\u0117s \u0161alis: Lietuva<\/p>\n<div class=\"legal-info\" style=\"width: 1434px; text-align: right; font-style: italic; font-size: 10px; color: #212121; transition: none 0s ease 0s !important;\"><\/div>","protected":false},"excerpt":{"rendered":"<p>Ilgai i\u0161liekan\u010dia \u0161vara ir aromatinga gaiva gal\u0117site d\u017eiaugtis ne tiks J\u016bs, bet ir J\u016bs\u0173 \u0161eima, draugai ar kolegos!<\/p>\n<p>&nbsp;<\/p>","protected":false},"featured_media":28597,"comment_status":"open","ping_status":"closed","template":"","meta":{"_season_start":"","_season_end":"","_season_days":"","_season_months":"","_season_auto_visibility":"1"},"product_brand":[789],"product_cat":[1676],"product_tag":[],"class_list":{"0":"post-14997","1":"product","2":"type-product","3":"status-publish","4":"has-post-thumbnail","6":"product_brand-aromatic-89","7":"product_cat-universalus-valikliai","9":"first","10":"instock","11":"sale","12":"taxable","13":"shipping-taxable","14":"purchasable","15":"product-type-simple"},"yoast_head":"<!-- This site is optimized with the Yoast SEO plugin v27.4 - https:\/\/yoast.com\/product\/yoast-seo-wordpress\/ -->\n<title>Universalus pur\u0161kiamas pavir\u0161i\u0173 valiklis &quot;Infinity Flow&quot; 720ml Aromatic 89 - Rutana - Ra\u0161tin\u0117s reikmenys<\/title>\n<meta name=\"robots\" content=\"index, follow, max-snippet:-1, max-image-preview:large, max-video-preview:-1\" \/>\n<link rel=\"canonical\" href=\"https:\/\/rutana.lt\/en\/product\/universalus-purskiamas-pavirsiu-valiklis-infinity-flow-720ml-aromatic-89\/\" \/>\n<meta property=\"og:locale\" content=\"en_US\" \/>\n<meta property=\"og:type\" content=\"article\" \/>\n<meta property=\"og:title\" content=\"Universalus pur\u0161kiamas pavir\u0161i\u0173 valiklis &quot;Infinity Flow&quot; 720ml Aromatic 89 - Rutana - Ra\u0161tin\u0117s reikmenys\" \/>\n<meta property=\"og:description\" content=\"Ilgai i\u0161liekan\u010dia \u0161vara ir aromatinga gaiva gal\u0117site d\u017eiaugtis ne tiks J\u016bs, bet ir J\u016bs\u0173 \u0161eima, draugai ar kolegos!  &nbsp;\" \/>\n<meta property=\"og:url\" content=\"https:\/\/rutana.lt\/en\/product\/universalus-purskiamas-pavirsiu-valiklis-infinity-flow-720ml-aromatic-89\/\" \/>\n<meta property=\"og:site_name\" content=\"Rutana - Ra\u0161tin\u0117s reikmenys\" \/>\n<meta property=\"article:publisher\" content=\"https:\/\/www.facebook.com\/RutanaKanceliarinesPrekes\/\" \/>\n<meta property=\"article:modified_time\" content=\"2026-04-08T18:43:23+00:00\" \/>\n<meta property=\"og:image\" content=\"https:\/\/rutana.lt\/wp-content\/uploads\/2025\/09\/B196-405-1-1.jpg?v=1763566041\" \/>\n\t<meta property=\"og:image:width\" content=\"1000\" \/>\n\t<meta property=\"og:image:height\" content=\"1000\" \/>\n\t<meta property=\"og:image:type\" content=\"image\/jpeg\" \/>\n<meta name=\"twitter:card\" content=\"summary_large_image\" \/>\n<meta name=\"twitter:label1\" content=\"Est. reading time\" \/>\n\t<meta name=\"twitter:data1\" content=\"2 minutes\" \/>\n<script type=\"application\/ld+json\" class=\"yoast-schema-graph\">{\"@context\":\"https:\\\/\\\/schema.org\",\"@graph\":[{\"@type\":\"WebPage\",\"@id\":\"https:\\\/\\\/rutana.lt\\\/produktas\\\/universalus-purskiamas-pavirsiu-valiklis-infinity-flow-720ml-aromatic-89\\\/\",\"url\":\"https:\\\/\\\/rutana.lt\\\/produktas\\\/universalus-purskiamas-pavirsiu-valiklis-infinity-flow-720ml-aromatic-89\\\/\",\"name\":\"Universalus pur\u0161kiamas pavir\u0161i\u0173 valiklis \\\"Infinity Flow\\\" 720ml Aromatic 89 - Rutana - Ra\u0161tin\u0117s reikmenys\",\"isPartOf\":{\"@id\":\"https:\\\/\\\/rutana.lt\\\/#website\"},\"primaryImageOfPage\":{\"@id\":\"https:\\\/\\\/rutana.lt\\\/produktas\\\/universalus-purskiamas-pavirsiu-valiklis-infinity-flow-720ml-aromatic-89\\\/#primaryimage\"},\"image\":{\"@id\":\"https:\\\/\\\/rutana.lt\\\/produktas\\\/universalus-purskiamas-pavirsiu-valiklis-infinity-flow-720ml-aromatic-89\\\/#primaryimage\"},\"thumbnailUrl\":\"https:\\\/\\\/rutana.lt\\\/wp-content\\\/uploads\\\/2025\\\/09\\\/B196-405-1-1.jpg?v=1763566041\",\"datePublished\":\"2025-09-03T07:37:21+00:00\",\"dateModified\":\"2026-04-08T18:43:23+00:00\",\"breadcrumb\":{\"@id\":\"https:\\\/\\\/rutana.lt\\\/produktas\\\/universalus-purskiamas-pavirsiu-valiklis-infinity-flow-720ml-aromatic-89\\\/#breadcrumb\"},\"inLanguage\":\"en-US\",\"potentialAction\":[{\"@type\":\"ReadAction\",\"target\":[\"https:\\\/\\\/rutana.lt\\\/produktas\\\/universalus-purskiamas-pavirsiu-valiklis-infinity-flow-720ml-aromatic-89\\\/\"]}]},{\"@type\":\"ImageObject\",\"inLanguage\":\"en-US\",\"@id\":\"https:\\\/\\\/rutana.lt\\\/produktas\\\/universalus-purskiamas-pavirsiu-valiklis-infinity-flow-720ml-aromatic-89\\\/#primaryimage\",\"url\":\"https:\\\/\\\/rutana.lt\\\/wp-content\\\/uploads\\\/2025\\\/09\\\/B196-405-1-1.jpg?v=1763566041\",\"contentUrl\":\"https:\\\/\\\/rutana.lt\\\/wp-content\\\/uploads\\\/2025\\\/09\\\/B196-405-1-1.jpg?v=1763566041\",\"width\":1000,\"height\":1000},{\"@type\":\"BreadcrumbList\",\"@id\":\"https:\\\/\\\/rutana.lt\\\/produktas\\\/universalus-purskiamas-pavirsiu-valiklis-infinity-flow-720ml-aromatic-89\\\/#breadcrumb\",\"itemListElement\":[{\"@type\":\"ListItem\",\"position\":1,\"name\":\"Home\",\"item\":\"https:\\\/\\\/rutana.lt\\\/\"},{\"@type\":\"ListItem\",\"position\":2,\"name\":\"Parduotuv\u0117\",\"item\":\"https:\\\/\\\/rutana.lt\\\/parduotuve\\\/\"},{\"@type\":\"ListItem\",\"position\":3,\"name\":\"Universalus pur\u0161kiamas pavir\u0161i\u0173 valiklis &#8222;Infinity Flow&#8221; 720ml Aromatic 89\"}]},{\"@type\":\"WebSite\",\"@id\":\"https:\\\/\\\/rutana.lt\\\/#website\",\"url\":\"https:\\\/\\\/rutana.lt\\\/\",\"name\":\"Rutana - Ra\u0161tin\u0117s reikmenys\",\"description\":\"Prekiaujame pasaulin\u0117je rinkoje pripa\u017eintomis, kokybi\u0161komis biuro prek\u0117mis toki\u0173  gamintoj\u0173 kaip: Schneider, Esselte, Novus, 3M, Faber-Castell, Citizen, Milan, Leitz, Colop, Zebra, Staedtler, Durable, Tork, Parker, Waterman ir kt.\",\"publisher\":{\"@id\":\"https:\\\/\\\/rutana.lt\\\/#organization\"},\"potentialAction\":[{\"@type\":\"SearchAction\",\"target\":{\"@type\":\"EntryPoint\",\"urlTemplate\":\"https:\\\/\\\/rutana.lt\\\/?s={search_term_string}\"},\"query-input\":{\"@type\":\"PropertyValueSpecification\",\"valueRequired\":true,\"valueName\":\"search_term_string\"}}],\"inLanguage\":\"en-US\"},{\"@type\":\"Organization\",\"@id\":\"https:\\\/\\\/rutana.lt\\\/#organization\",\"name\":\"Rutana - Ra\u0161tin\u0117s reikmenys\",\"url\":\"https:\\\/\\\/rutana.lt\\\/\",\"logo\":{\"@type\":\"ImageObject\",\"inLanguage\":\"en-US\",\"@id\":\"https:\\\/\\\/rutana.lt\\\/#\\\/schema\\\/logo\\\/image\\\/\",\"url\":\"https:\\\/\\\/rutana.lt\\\/wp-content\\\/uploads\\\/2025\\\/10\\\/Asset-32.png\",\"contentUrl\":\"https:\\\/\\\/rutana.lt\\\/wp-content\\\/uploads\\\/2025\\\/10\\\/Asset-32.png\",\"width\":433,\"height\":119,\"caption\":\"Rutana - Ra\u0161tin\u0117s reikmenys\"},\"image\":{\"@id\":\"https:\\\/\\\/rutana.lt\\\/#\\\/schema\\\/logo\\\/image\\\/\"},\"sameAs\":[\"https:\\\/\\\/www.facebook.com\\\/RutanaKanceliarinesPrekes\\\/\"]}]}<\/script>\n<!-- \/ Yoast SEO plugin. -->","yoast_head_json":{"title":"Universalus pur\u0161kiamas pavir\u0161i\u0173 valiklis \"Infinity Flow\" 720ml Aromatic 89 - Rutana - Ra\u0161tin\u0117s reikmenys","robots":{"index":"index","follow":"follow","max-snippet":"max-snippet:-1","max-image-preview":"max-image-preview:large","max-video-preview":"max-video-preview:-1"},"canonical":"https:\/\/rutana.lt\/en\/product\/universalus-purskiamas-pavirsiu-valiklis-infinity-flow-720ml-aromatic-89\/","og_locale":"en_US","og_type":"article","og_title":"Universalus pur\u0161kiamas pavir\u0161i\u0173 valiklis \"Infinity Flow\" 720ml Aromatic 89 - Rutana - Ra\u0161tin\u0117s reikmenys","og_description":"Ilgai i\u0161liekan\u010dia \u0161vara ir aromatinga gaiva gal\u0117site d\u017eiaugtis ne tiks J\u016bs, bet ir J\u016bs\u0173 \u0161eima, draugai ar kolegos!  &nbsp;","og_url":"https:\/\/rutana.lt\/en\/product\/universalus-purskiamas-pavirsiu-valiklis-infinity-flow-720ml-aromatic-89\/","og_site_name":"Rutana - Ra\u0161tin\u0117s reikmenys","article_publisher":"https:\/\/www.facebook.com\/RutanaKanceliarinesPrekes\/","article_modified_time":"2026-04-08T18:43:23+00:00","og_image":[{"width":1000,"height":1000,"url":"https:\/\/rutana.lt\/wp-content\/uploads\/2025\/09\/B196-405-1-1.jpg?v=1763566041","type":"image\/jpeg"}],"twitter_card":"summary_large_image","twitter_misc":{"Est. reading time":"2 minutes"},"schema":{"@context":"https:\/\/schema.org","@graph":[{"@type":"WebPage","@id":"https:\/\/rutana.lt\/produktas\/universalus-purskiamas-pavirsiu-valiklis-infinity-flow-720ml-aromatic-89\/","url":"https:\/\/rutana.lt\/produktas\/universalus-purskiamas-pavirsiu-valiklis-infinity-flow-720ml-aromatic-89\/","name":"Universalus pur\u0161kiamas pavir\u0161i\u0173 valiklis \"Infinity Flow\" 720ml Aromatic 89 - Rutana - Ra\u0161tin\u0117s reikmenys","isPartOf":{"@id":"https:\/\/rutana.lt\/#website"},"primaryImageOfPage":{"@id":"https:\/\/rutana.lt\/produktas\/universalus-purskiamas-pavirsiu-valiklis-infinity-flow-720ml-aromatic-89\/#primaryimage"},"image":{"@id":"https:\/\/rutana.lt\/produktas\/universalus-purskiamas-pavirsiu-valiklis-infinity-flow-720ml-aromatic-89\/#primaryimage"},"thumbnailUrl":"https:\/\/rutana.lt\/wp-content\/uploads\/2025\/09\/B196-405-1-1.jpg?v=1763566041","datePublished":"2025-09-03T07:37:21+00:00","dateModified":"2026-04-08T18:43:23+00:00","breadcrumb":{"@id":"https:\/\/rutana.lt\/produktas\/universalus-purskiamas-pavirsiu-valiklis-infinity-flow-720ml-aromatic-89\/#breadcrumb"},"inLanguage":"en-US","potentialAction":[{"@type":"ReadAction","target":["https:\/\/rutana.lt\/produktas\/universalus-purskiamas-pavirsiu-valiklis-infinity-flow-720ml-aromatic-89\/"]}]},{"@type":"ImageObject","inLanguage":"en-US","@id":"https:\/\/rutana.lt\/produktas\/universalus-purskiamas-pavirsiu-valiklis-infinity-flow-720ml-aromatic-89\/#primaryimage","url":"https:\/\/rutana.lt\/wp-content\/uploads\/2025\/09\/B196-405-1-1.jpg?v=1763566041","contentUrl":"https:\/\/rutana.lt\/wp-content\/uploads\/2025\/09\/B196-405-1-1.jpg?v=1763566041","width":1000,"height":1000},{"@type":"BreadcrumbList","@id":"https:\/\/rutana.lt\/produktas\/universalus-purskiamas-pavirsiu-valiklis-infinity-flow-720ml-aromatic-89\/#breadcrumb","itemListElement":[{"@type":"ListItem","position":1,"name":"Home","item":"https:\/\/rutana.lt\/"},{"@type":"ListItem","position":2,"name":"Parduotuv\u0117","item":"https:\/\/rutana.lt\/parduotuve\/"},{"@type":"ListItem","position":3,"name":"Universalus pur\u0161kiamas pavir\u0161i\u0173 valiklis &#8222;Infinity Flow&#8221; 720ml Aromatic 89"}]},{"@type":"WebSite","@id":"https:\/\/rutana.lt\/#website","url":"https:\/\/rutana.lt\/","name":"Rutana - Ra\u0161tin\u0117s reikmenys","description":"Prekiaujame pasaulin\u0117je rinkoje pripa\u017eintomis, kokybi\u0161komis biuro prek\u0117mis toki\u0173  gamintoj\u0173 kaip: Schneider, Esselte, Novus, 3M, Faber-Castell, Citizen, Milan, Leitz, Colop, Zebra, Staedtler, Durable, Tork, Parker, Waterman ir kt.","publisher":{"@id":"https:\/\/rutana.lt\/#organization"},"potentialAction":[{"@type":"SearchAction","target":{"@type":"EntryPoint","urlTemplate":"https:\/\/rutana.lt\/?s={search_term_string}"},"query-input":{"@type":"PropertyValueSpecification","valueRequired":true,"valueName":"search_term_string"}}],"inLanguage":"en-US"},{"@type":"Organization","@id":"https:\/\/rutana.lt\/#organization","name":"Rutana - Ra\u0161tin\u0117s reikmenys","url":"https:\/\/rutana.lt\/","logo":{"@type":"ImageObject","inLanguage":"en-US","@id":"https:\/\/rutana.lt\/#\/schema\/logo\/image\/","url":"https:\/\/rutana.lt\/wp-content\/uploads\/2025\/10\/Asset-32.png","contentUrl":"https:\/\/rutana.lt\/wp-content\/uploads\/2025\/10\/Asset-32.png","width":433,"height":119,"caption":"Rutana - Ra\u0161tin\u0117s reikmenys"},"image":{"@id":"https:\/\/rutana.lt\/#\/schema\/logo\/image\/"},"sameAs":["https:\/\/www.facebook.com\/RutanaKanceliarinesPrekes\/"]}]}},"_links":{"self":[{"href":"https:\/\/rutana.lt\/en\/wp-json\/wp\/v2\/product\/14997","targetHints":{"allow":["GET"]}}],"collection":[{"href":"https:\/\/rutana.lt\/en\/wp-json\/wp\/v2\/product"}],"about":[{"href":"https:\/\/rutana.lt\/en\/wp-json\/wp\/v2\/types\/product"}],"replies":[{"embeddable":true,"href":"https:\/\/rutana.lt\/en\/wp-json\/wp\/v2\/comments?post=14997"}],"version-history":[{"count":3,"href":"https:\/\/rutana.lt\/en\/wp-json\/wp\/v2\/product\/14997\/revisions"}],"predecessor-version":[{"id":35677,"href":"https:\/\/rutana.lt\/en\/wp-json\/wp\/v2\/product\/14997\/revisions\/35677"}],"wp:featuredmedia":[{"embeddable":true,"href":"https:\/\/rutana.lt\/en\/wp-json\/wp\/v2\/media\/28597"}],"wp:attachment":[{"href":"https:\/\/rutana.lt\/en\/wp-json\/wp\/v2\/media?parent=14997"}],"wp:term":[{"taxonomy":"product_brand","embeddable":true,"href":"https:\/\/rutana.lt\/en\/wp-json\/wp\/v2\/product_brand?post=14997"},{"taxonomy":"product_cat","embeddable":true,"href":"https:\/\/rutana.lt\/en\/wp-json\/wp\/v2\/product_cat?post=14997"},{"taxonomy":"product_tag","embeddable":true,"href":"https:\/\/rutana.lt\/en\/wp-json\/wp\/v2\/product_tag?post=14997"}],"curies":[{"name":"wp","href":"https:\/\/api.w.org\/{rel}","templated":true}]}}