{"id":14877,"date":"2025-09-03T09:36:33","date_gmt":"2025-09-03T07:36:33","guid":{"rendered":"https:\/\/rutana.webdemo.lt\/?post_type=product&#038;p=14877"},"modified":"2025-10-13T15:47:54","modified_gmt":"2025-10-13T13:47:54","slug":"deimantines-mozaikos-rinkinys-5d-kaciukas-30x40cm-centrum-89755","status":"publish","type":"product","link":"https:\/\/rutana.lt\/en\/product\/deimantines-mozaikos-rinkinys-5d-kaciukas-30x40cm-centrum-89755\/","title":{"rendered":"Deimantin\u0117s mozaikos rinkinys 5D &#8222;Ka\u010diukas&#8221; 30x40cm Centrum 89755"},"content":{"rendered":"<p>Deimantin\u0117s mozaikos rinkinys skirtas lavinti meninius \u012fg\u016bd\u017eius ar pa\u012fvairinti savo laisvalaik\u012f.  Naudojimas: akrilinius akmenukus &#8211; deimant\u0117lius specialiu \u012frankiu imi ir dedi ant eskize pa\u017eym\u0117to atitinkamo simbolio ir pabaigoje matai nuostab\u0173 vaizd\u0105. Smulkesn\u0117 naudojimo instrukcija bus rinkinyje. Tinka naudoti vaikams, mokiniams. Puiki dovana vaikui ir garantuotas \u012fdomus laiko praleidimas.<\/p>\n<p>Matmenys: 300 x 400 mm<\/p>\n<p>Paveikslas: Ka\u010diukas<\/p>\n<p>Kilm\u0117s \u0161alis: Vokietija<\/p>","protected":false},"excerpt":{"rendered":"<p>Deimantin\u0117s mozaikos rinkinys skirtas lavinti meninius \u012fg\u016bd\u017eius ar pa\u012fvairinti savo laisvalaik\u012f. Naudojimas: akrilinius akmenukus &#8211; deimant\u0117lius specialiu \u012frankiu imi ir dedi ant eskize pa\u017eym\u0117to atitinkamo simbolio ir pabaigoje matai nuostab\u0173 vaizd\u0105. Smulkesn\u0117 naudojimo instrukcija bus rinkinyje. Tinka naudoti vaikams, mokiniams. Puiki dovana vaikui ir garantuotas \u012fdomus laiko praleidimas. Matmenys: 300 x 400 mm Paveikslas: Ka\u010diukas [&hellip;]<\/p>","protected":false},"featured_media":28567,"comment_status":"open","ping_status":"closed","template":"","meta":{"_season_start":"","_season_end":"","_season_days":"","_season_months":"","_season_auto_visibility":""},"product_brand":[199],"product_cat":[1556],"product_tag":[],"class_list":{"0":"post-14877","1":"product","2":"type-product","3":"status-publish","4":"has-post-thumbnail","6":"product_brand-centrum","7":"product_cat-prekes-vaiku-kurybai-ir-lavinimui","9":"first","10":"instock","11":"taxable","12":"shipping-taxable","13":"purchasable","14":"product-type-simple"},"yoast_head":"<!-- This site is optimized with the Yoast SEO plugin v27.4 - https:\/\/yoast.com\/product\/yoast-seo-wordpress\/ -->\n<title>Deimantin\u0117s mozaikos rinkinys 5D &quot;Ka\u010diukas&quot; 30x40cm Centrum 89755 - Rutana - Ra\u0161tin\u0117s reikmenys<\/title>\n<meta name=\"robots\" content=\"index, follow, max-snippet:-1, max-image-preview:large, max-video-preview:-1\" \/>\n<link rel=\"canonical\" href=\"https:\/\/rutana.lt\/en\/product\/deimantines-mozaikos-rinkinys-5d-kaciukas-30x40cm-centrum-89755\/\" \/>\n<meta property=\"og:locale\" content=\"en_US\" \/>\n<meta property=\"og:type\" content=\"article\" \/>\n<meta property=\"og:title\" content=\"Deimantin\u0117s mozaikos rinkinys 5D &quot;Ka\u010diukas&quot; 30x40cm Centrum 89755 - Rutana - Ra\u0161tin\u0117s reikmenys\" \/>\n<meta property=\"og:description\" content=\"Deimantin\u0117s mozaikos rinkinys skirtas lavinti meninius \u012fg\u016bd\u017eius ar pa\u012fvairinti savo laisvalaik\u012f. Naudojimas: akrilinius akmenukus &#8211; deimant\u0117lius specialiu \u012frankiu imi ir dedi ant eskize pa\u017eym\u0117to atitinkamo simbolio ir pabaigoje matai nuostab\u0173 vaizd\u0105. Smulkesn\u0117 naudojimo instrukcija bus rinkinyje. Tinka naudoti vaikams, mokiniams. Puiki dovana vaikui ir garantuotas \u012fdomus laiko praleidimas. Matmenys: 300 x 400 mm Paveikslas: Ka\u010diukas [&hellip;]\" \/>\n<meta property=\"og:url\" content=\"https:\/\/rutana.lt\/en\/product\/deimantines-mozaikos-rinkinys-5d-kaciukas-30x40cm-centrum-89755\/\" \/>\n<meta property=\"og:site_name\" content=\"Rutana - Ra\u0161tin\u0117s reikmenys\" \/>\n<meta property=\"article:publisher\" content=\"https:\/\/www.facebook.com\/RutanaKanceliarinesPrekes\/\" \/>\n<meta property=\"article:modified_time\" content=\"2025-10-13T13:47:54+00:00\" \/>\n<meta property=\"og:image\" content=\"https:\/\/rutana.lt\/wp-content\/uploads\/2025\/09\/D029-658.jpg\" \/>\n\t<meta property=\"og:image:width\" content=\"500\" \/>\n\t<meta property=\"og:image:height\" content=\"536\" \/>\n\t<meta property=\"og:image:type\" content=\"image\/jpeg\" \/>\n<meta name=\"twitter:card\" content=\"summary_large_image\" \/>\n<script type=\"application\/ld+json\" class=\"yoast-schema-graph\">{\"@context\":\"https:\\\/\\\/schema.org\",\"@graph\":[{\"@type\":\"WebPage\",\"@id\":\"https:\\\/\\\/rutana.lt\\\/produktas\\\/deimantines-mozaikos-rinkinys-5d-kaciukas-30x40cm-centrum-89755\\\/\",\"url\":\"https:\\\/\\\/rutana.lt\\\/produktas\\\/deimantines-mozaikos-rinkinys-5d-kaciukas-30x40cm-centrum-89755\\\/\",\"name\":\"Deimantin\u0117s mozaikos rinkinys 5D \\\"Ka\u010diukas\\\" 30x40cm Centrum 89755 - Rutana - Ra\u0161tin\u0117s reikmenys\",\"isPartOf\":{\"@id\":\"https:\\\/\\\/rutana.lt\\\/#website\"},\"primaryImageOfPage\":{\"@id\":\"https:\\\/\\\/rutana.lt\\\/produktas\\\/deimantines-mozaikos-rinkinys-5d-kaciukas-30x40cm-centrum-89755\\\/#primaryimage\"},\"image\":{\"@id\":\"https:\\\/\\\/rutana.lt\\\/produktas\\\/deimantines-mozaikos-rinkinys-5d-kaciukas-30x40cm-centrum-89755\\\/#primaryimage\"},\"thumbnailUrl\":\"https:\\\/\\\/rutana.lt\\\/wp-content\\\/uploads\\\/2025\\\/09\\\/D029-658-1.jpg?v=1763566083\",\"datePublished\":\"2025-09-03T07:36:33+00:00\",\"dateModified\":\"2025-10-13T13:47:54+00:00\",\"breadcrumb\":{\"@id\":\"https:\\\/\\\/rutana.lt\\\/produktas\\\/deimantines-mozaikos-rinkinys-5d-kaciukas-30x40cm-centrum-89755\\\/#breadcrumb\"},\"inLanguage\":\"en-US\",\"potentialAction\":[{\"@type\":\"ReadAction\",\"target\":[\"https:\\\/\\\/rutana.lt\\\/produktas\\\/deimantines-mozaikos-rinkinys-5d-kaciukas-30x40cm-centrum-89755\\\/\"]}]},{\"@type\":\"ImageObject\",\"inLanguage\":\"en-US\",\"@id\":\"https:\\\/\\\/rutana.lt\\\/produktas\\\/deimantines-mozaikos-rinkinys-5d-kaciukas-30x40cm-centrum-89755\\\/#primaryimage\",\"url\":\"https:\\\/\\\/rutana.lt\\\/wp-content\\\/uploads\\\/2025\\\/09\\\/D029-658-1.jpg?v=1763566083\",\"contentUrl\":\"https:\\\/\\\/rutana.lt\\\/wp-content\\\/uploads\\\/2025\\\/09\\\/D029-658-1.jpg?v=1763566083\",\"width\":500,\"height\":536},{\"@type\":\"BreadcrumbList\",\"@id\":\"https:\\\/\\\/rutana.lt\\\/produktas\\\/deimantines-mozaikos-rinkinys-5d-kaciukas-30x40cm-centrum-89755\\\/#breadcrumb\",\"itemListElement\":[{\"@type\":\"ListItem\",\"position\":1,\"name\":\"Home\",\"item\":\"https:\\\/\\\/rutana.lt\\\/\"},{\"@type\":\"ListItem\",\"position\":2,\"name\":\"Parduotuv\u0117\",\"item\":\"https:\\\/\\\/rutana.lt\\\/parduotuve\\\/\"},{\"@type\":\"ListItem\",\"position\":3,\"name\":\"Deimantin\u0117s mozaikos rinkinys 5D &#8222;Ka\u010diukas&#8221; 30x40cm Centrum 89755\"}]},{\"@type\":\"WebSite\",\"@id\":\"https:\\\/\\\/rutana.lt\\\/#website\",\"url\":\"https:\\\/\\\/rutana.lt\\\/\",\"name\":\"Rutana - Ra\u0161tin\u0117s reikmenys\",\"description\":\"Prekiaujame pasaulin\u0117je rinkoje pripa\u017eintomis, kokybi\u0161komis biuro prek\u0117mis toki\u0173  gamintoj\u0173 kaip: Schneider, Esselte, Novus, 3M, Faber-Castell, Citizen, Milan, Leitz, Colop, Zebra, Staedtler, Durable, Tork, Parker, Waterman ir kt.\",\"publisher\":{\"@id\":\"https:\\\/\\\/rutana.lt\\\/#organization\"},\"potentialAction\":[{\"@type\":\"SearchAction\",\"target\":{\"@type\":\"EntryPoint\",\"urlTemplate\":\"https:\\\/\\\/rutana.lt\\\/?s={search_term_string}\"},\"query-input\":{\"@type\":\"PropertyValueSpecification\",\"valueRequired\":true,\"valueName\":\"search_term_string\"}}],\"inLanguage\":\"en-US\"},{\"@type\":\"Organization\",\"@id\":\"https:\\\/\\\/rutana.lt\\\/#organization\",\"name\":\"Rutana - Ra\u0161tin\u0117s reikmenys\",\"url\":\"https:\\\/\\\/rutana.lt\\\/\",\"logo\":{\"@type\":\"ImageObject\",\"inLanguage\":\"en-US\",\"@id\":\"https:\\\/\\\/rutana.lt\\\/#\\\/schema\\\/logo\\\/image\\\/\",\"url\":\"https:\\\/\\\/rutana.lt\\\/wp-content\\\/uploads\\\/2025\\\/10\\\/Asset-32.png\",\"contentUrl\":\"https:\\\/\\\/rutana.lt\\\/wp-content\\\/uploads\\\/2025\\\/10\\\/Asset-32.png\",\"width\":433,\"height\":119,\"caption\":\"Rutana - Ra\u0161tin\u0117s reikmenys\"},\"image\":{\"@id\":\"https:\\\/\\\/rutana.lt\\\/#\\\/schema\\\/logo\\\/image\\\/\"},\"sameAs\":[\"https:\\\/\\\/www.facebook.com\\\/RutanaKanceliarinesPrekes\\\/\"]}]}<\/script>\n<!-- \/ Yoast SEO plugin. -->","yoast_head_json":{"title":"Deimantin\u0117s mozaikos rinkinys 5D \"Ka\u010diukas\" 30x40cm Centrum 89755 - Rutana - Ra\u0161tin\u0117s reikmenys","robots":{"index":"index","follow":"follow","max-snippet":"max-snippet:-1","max-image-preview":"max-image-preview:large","max-video-preview":"max-video-preview:-1"},"canonical":"https:\/\/rutana.lt\/en\/product\/deimantines-mozaikos-rinkinys-5d-kaciukas-30x40cm-centrum-89755\/","og_locale":"en_US","og_type":"article","og_title":"Deimantin\u0117s mozaikos rinkinys 5D \"Ka\u010diukas\" 30x40cm Centrum 89755 - Rutana - Ra\u0161tin\u0117s reikmenys","og_description":"Deimantin\u0117s mozaikos rinkinys skirtas lavinti meninius \u012fg\u016bd\u017eius ar pa\u012fvairinti savo laisvalaik\u012f. Naudojimas: akrilinius akmenukus &#8211; deimant\u0117lius specialiu \u012frankiu imi ir dedi ant eskize pa\u017eym\u0117to atitinkamo simbolio ir pabaigoje matai nuostab\u0173 vaizd\u0105. Smulkesn\u0117 naudojimo instrukcija bus rinkinyje. Tinka naudoti vaikams, mokiniams. Puiki dovana vaikui ir garantuotas \u012fdomus laiko praleidimas. Matmenys: 300 x 400 mm Paveikslas: Ka\u010diukas [&hellip;]","og_url":"https:\/\/rutana.lt\/en\/product\/deimantines-mozaikos-rinkinys-5d-kaciukas-30x40cm-centrum-89755\/","og_site_name":"Rutana - Ra\u0161tin\u0117s reikmenys","article_publisher":"https:\/\/www.facebook.com\/RutanaKanceliarinesPrekes\/","article_modified_time":"2025-10-13T13:47:54+00:00","og_image":[{"width":500,"height":536,"url":"https:\/\/rutana.lt\/wp-content\/uploads\/2025\/09\/D029-658.jpg","type":"image\/jpeg"}],"twitter_card":"summary_large_image","schema":{"@context":"https:\/\/schema.org","@graph":[{"@type":"WebPage","@id":"https:\/\/rutana.lt\/produktas\/deimantines-mozaikos-rinkinys-5d-kaciukas-30x40cm-centrum-89755\/","url":"https:\/\/rutana.lt\/produktas\/deimantines-mozaikos-rinkinys-5d-kaciukas-30x40cm-centrum-89755\/","name":"Deimantin\u0117s mozaikos rinkinys 5D \"Ka\u010diukas\" 30x40cm Centrum 89755 - Rutana - Ra\u0161tin\u0117s reikmenys","isPartOf":{"@id":"https:\/\/rutana.lt\/#website"},"primaryImageOfPage":{"@id":"https:\/\/rutana.lt\/produktas\/deimantines-mozaikos-rinkinys-5d-kaciukas-30x40cm-centrum-89755\/#primaryimage"},"image":{"@id":"https:\/\/rutana.lt\/produktas\/deimantines-mozaikos-rinkinys-5d-kaciukas-30x40cm-centrum-89755\/#primaryimage"},"thumbnailUrl":"https:\/\/rutana.lt\/wp-content\/uploads\/2025\/09\/D029-658-1.jpg?v=1763566083","datePublished":"2025-09-03T07:36:33+00:00","dateModified":"2025-10-13T13:47:54+00:00","breadcrumb":{"@id":"https:\/\/rutana.lt\/produktas\/deimantines-mozaikos-rinkinys-5d-kaciukas-30x40cm-centrum-89755\/#breadcrumb"},"inLanguage":"en-US","potentialAction":[{"@type":"ReadAction","target":["https:\/\/rutana.lt\/produktas\/deimantines-mozaikos-rinkinys-5d-kaciukas-30x40cm-centrum-89755\/"]}]},{"@type":"ImageObject","inLanguage":"en-US","@id":"https:\/\/rutana.lt\/produktas\/deimantines-mozaikos-rinkinys-5d-kaciukas-30x40cm-centrum-89755\/#primaryimage","url":"https:\/\/rutana.lt\/wp-content\/uploads\/2025\/09\/D029-658-1.jpg?v=1763566083","contentUrl":"https:\/\/rutana.lt\/wp-content\/uploads\/2025\/09\/D029-658-1.jpg?v=1763566083","width":500,"height":536},{"@type":"BreadcrumbList","@id":"https:\/\/rutana.lt\/produktas\/deimantines-mozaikos-rinkinys-5d-kaciukas-30x40cm-centrum-89755\/#breadcrumb","itemListElement":[{"@type":"ListItem","position":1,"name":"Home","item":"https:\/\/rutana.lt\/"},{"@type":"ListItem","position":2,"name":"Parduotuv\u0117","item":"https:\/\/rutana.lt\/parduotuve\/"},{"@type":"ListItem","position":3,"name":"Deimantin\u0117s mozaikos rinkinys 5D &#8222;Ka\u010diukas&#8221; 30x40cm Centrum 89755"}]},{"@type":"WebSite","@id":"https:\/\/rutana.lt\/#website","url":"https:\/\/rutana.lt\/","name":"Rutana - Ra\u0161tin\u0117s reikmenys","description":"Prekiaujame pasaulin\u0117je rinkoje pripa\u017eintomis, kokybi\u0161komis biuro prek\u0117mis toki\u0173  gamintoj\u0173 kaip: Schneider, Esselte, Novus, 3M, Faber-Castell, Citizen, Milan, Leitz, Colop, Zebra, Staedtler, Durable, Tork, Parker, Waterman ir kt.","publisher":{"@id":"https:\/\/rutana.lt\/#organization"},"potentialAction":[{"@type":"SearchAction","target":{"@type":"EntryPoint","urlTemplate":"https:\/\/rutana.lt\/?s={search_term_string}"},"query-input":{"@type":"PropertyValueSpecification","valueRequired":true,"valueName":"search_term_string"}}],"inLanguage":"en-US"},{"@type":"Organization","@id":"https:\/\/rutana.lt\/#organization","name":"Rutana - Ra\u0161tin\u0117s reikmenys","url":"https:\/\/rutana.lt\/","logo":{"@type":"ImageObject","inLanguage":"en-US","@id":"https:\/\/rutana.lt\/#\/schema\/logo\/image\/","url":"https:\/\/rutana.lt\/wp-content\/uploads\/2025\/10\/Asset-32.png","contentUrl":"https:\/\/rutana.lt\/wp-content\/uploads\/2025\/10\/Asset-32.png","width":433,"height":119,"caption":"Rutana - Ra\u0161tin\u0117s reikmenys"},"image":{"@id":"https:\/\/rutana.lt\/#\/schema\/logo\/image\/"},"sameAs":["https:\/\/www.facebook.com\/RutanaKanceliarinesPrekes\/"]}]}},"_links":{"self":[{"href":"https:\/\/rutana.lt\/en\/wp-json\/wp\/v2\/product\/14877","targetHints":{"allow":["GET"]}}],"collection":[{"href":"https:\/\/rutana.lt\/en\/wp-json\/wp\/v2\/product"}],"about":[{"href":"https:\/\/rutana.lt\/en\/wp-json\/wp\/v2\/types\/product"}],"replies":[{"embeddable":true,"href":"https:\/\/rutana.lt\/en\/wp-json\/wp\/v2\/comments?post=14877"}],"version-history":[{"count":1,"href":"https:\/\/rutana.lt\/en\/wp-json\/wp\/v2\/product\/14877\/revisions"}],"predecessor-version":[{"id":14952,"href":"https:\/\/rutana.lt\/en\/wp-json\/wp\/v2\/product\/14877\/revisions\/14952"}],"wp:featuredmedia":[{"embeddable":true,"href":"https:\/\/rutana.lt\/en\/wp-json\/wp\/v2\/media\/28567"}],"wp:attachment":[{"href":"https:\/\/rutana.lt\/en\/wp-json\/wp\/v2\/media?parent=14877"}],"wp:term":[{"taxonomy":"product_brand","embeddable":true,"href":"https:\/\/rutana.lt\/en\/wp-json\/wp\/v2\/product_brand?post=14877"},{"taxonomy":"product_cat","embeddable":true,"href":"https:\/\/rutana.lt\/en\/wp-json\/wp\/v2\/product_cat?post=14877"},{"taxonomy":"product_tag","embeddable":true,"href":"https:\/\/rutana.lt\/en\/wp-json\/wp\/v2\/product_tag?post=14877"}],"curies":[{"name":"wp","href":"https:\/\/api.w.org\/{rel}","templated":true}]}}