{"id":14665,"date":"2025-09-03T09:35:22","date_gmt":"2025-09-03T07:35:22","guid":{"rendered":"https:\/\/rutana.webdemo.lt\/?post_type=product&#038;p=14665"},"modified":"2025-10-13T15:47:28","modified_gmt":"2025-10-13T13:47:28","slug":"kasete-rasaliniam-spausdintuvui-pgi-525pgbk-juoda-canon","status":"publish","type":"product","link":"https:\/\/rutana.lt\/en\/product\/kasete-rasaliniam-spausdintuvui-pgi-525pgbk-juoda-canon\/","title":{"rendered":"Kaset\u0117 ra\u0161aliniam spausdintuvui PGI-525PGBK juoda Canon"},"content":{"rendered":"<p style=\"margin-bottom: 10px; line-height: 1.8;\">Originali Canon kaset\u0117, kuri veikia nepriekai\u0161tingai. M\u0117gaukit\u0117s i\u0161skirtine spausdinimo kokybe naudodami originalias Canon kasetes. \u012esp\u016bdingo spausdinimo ry\u0161kumo ir ma\u017eos kainos u\u017e puslap\u012f santykio d\u0117ka Canon kaset\u0117 yra puikus sprendimas nam\u0173 vartotojams ir \u012fmon\u0117ms, kurios reguliariai spausdina. <br \/>Tinka spausdintuvams: Canon Pixma MG6150 \/ MG8150 \/ MG5250 \/ MX885 \/ iX6550 \/ MG6250 \/ MG8250 \/ MG5350 \/ iP4950 \/ MX895 \/ MX715 \/ iP4850.<br \/>Kaset\u0117s talpa: 19 ml<br \/>Spalva: juoda<br \/>Spausdinimo technologija: ra\u0161alinis<br \/>Puslapi\u0173 skai\u010dius: 341<br \/>Gamintojo kodas: 4529B001<br \/>Gamintojas: Canon<\/p>\n<p style=\"margin-bottom: 10px; line-height: 1.8;\">\n<div style=\"box-sizing: border-box; orphans: 2; text-align: start; text-indent: 0px; widows: 2; text-decoration-thickness: initial; text-decoration-style: initial; text-decoration-color: initial; line-height: 1.8;\"><\/div>\n<p style=\"line-height: 1.8;\">\n<div style=\"line-height: 1.8;\">\n<p style=\"margin-bottom: 10px; line-height: 1.8;\"><br style=\"color: rgb(0, 0, 0); font-size: 14px;\"><\/p>\n<\/div>","protected":false},"excerpt":{"rendered":"<p>Originali Canon kaset\u0117, kuri veikia nepriekai\u0161tingai. M\u0117gaukit\u0117s i\u0161skirtine spausdinimo kokybe naudodami originalias Canon kasetes. \u012esp\u016bdingo spausdinimo ry\u0161kumo ir ma\u017eos kainos u\u017e puslap\u012f santykio d\u0117ka Canon kaset\u0117 yra puikus sprendimas nam\u0173 vartotojams ir \u012fmon\u0117ms, kurios reguliariai spausdina. Tinka spausdintuvams: Canon Pixma MG6150 \/ MG8150 \/ MG5250 \/ MX885 \/ iX6550 \/ MG6250 \/ MG8250 \/ MG5350 [&hellip;]<\/p>","protected":false},"featured_media":28509,"comment_status":"open","ping_status":"closed","template":"","meta":{"_season_start":"","_season_end":"","_season_days":"","_season_months":"","_season_auto_visibility":""},"product_brand":[514],"product_cat":[1886],"product_tag":[],"class_list":{"0":"post-14665","1":"product","2":"type-product","3":"status-publish","4":"has-post-thumbnail","6":"product_brand-canon","7":"product_cat-originalios-kasetes-rasaliniams-spausdintuvams","9":"first","10":"instock","11":"taxable","12":"shipping-taxable","13":"purchasable","14":"product-type-simple"},"yoast_head":"<!-- This site is optimized with the Yoast SEO plugin v26.1.1 - https:\/\/yoast.com\/wordpress\/plugins\/seo\/ -->\n<title>Kaset\u0117 ra\u0161aliniam spausdintuvui PGI-525PGBK juoda Canon - Rutana - Ra\u0161tin\u0117s reikmenys<\/title>\n<meta name=\"robots\" content=\"index, follow, max-snippet:-1, max-image-preview:large, max-video-preview:-1\" \/>\n<link rel=\"canonical\" href=\"https:\/\/rutana.lt\/en\/product\/kasete-rasaliniam-spausdintuvui-pgi-525pgbk-juoda-canon\/\" \/>\n<meta property=\"og:locale\" content=\"en_US\" \/>\n<meta property=\"og:type\" content=\"article\" \/>\n<meta property=\"og:title\" content=\"Kaset\u0117 ra\u0161aliniam spausdintuvui PGI-525PGBK juoda Canon - Rutana - Ra\u0161tin\u0117s reikmenys\" \/>\n<meta property=\"og:description\" content=\"Originali Canon kaset\u0117, kuri veikia nepriekai\u0161tingai. M\u0117gaukit\u0117s i\u0161skirtine spausdinimo kokybe naudodami originalias Canon kasetes. \u012esp\u016bdingo spausdinimo ry\u0161kumo ir ma\u017eos kainos u\u017e puslap\u012f santykio d\u0117ka Canon kaset\u0117 yra puikus sprendimas nam\u0173 vartotojams ir \u012fmon\u0117ms, kurios reguliariai spausdina. Tinka spausdintuvams: Canon Pixma MG6150 \/ MG8150 \/ MG5250 \/ MX885 \/ iX6550 \/ MG6250 \/ MG8250 \/ MG5350 [&hellip;]\" \/>\n<meta property=\"og:url\" content=\"https:\/\/rutana.lt\/en\/product\/kasete-rasaliniam-spausdintuvui-pgi-525pgbk-juoda-canon\/\" \/>\n<meta property=\"og:site_name\" content=\"Rutana - Ra\u0161tin\u0117s reikmenys\" \/>\n<meta property=\"article:publisher\" content=\"https:\/\/www.facebook.com\/RutanaKanceliarinesPrekes\/\" \/>\n<meta property=\"article:modified_time\" content=\"2025-10-13T13:47:28+00:00\" \/>\n<meta property=\"og:image\" content=\"https:\/\/rutana.lt\/wp-content\/uploads\/2025\/09\/B032-249.jpg\" \/>\n\t<meta property=\"og:image:width\" content=\"600\" \/>\n\t<meta property=\"og:image:height\" content=\"600\" \/>\n\t<meta property=\"og:image:type\" content=\"image\/jpeg\" \/>\n<meta name=\"twitter:card\" content=\"summary_large_image\" \/>\n<script type=\"application\/ld+json\" class=\"yoast-schema-graph\">{\"@context\":\"https:\/\/schema.org\",\"@graph\":[{\"@type\":\"WebPage\",\"@id\":\"https:\/\/rutana.lt\/produktas\/kasete-rasaliniam-spausdintuvui-pgi-525pgbk-juoda-canon\/\",\"url\":\"https:\/\/rutana.lt\/produktas\/kasete-rasaliniam-spausdintuvui-pgi-525pgbk-juoda-canon\/\",\"name\":\"Kaset\u0117 ra\u0161aliniam spausdintuvui PGI-525PGBK juoda Canon - Rutana - Ra\u0161tin\u0117s reikmenys\",\"isPartOf\":{\"@id\":\"https:\/\/rutana.lt\/#website\"},\"primaryImageOfPage\":{\"@id\":\"https:\/\/rutana.lt\/produktas\/kasete-rasaliniam-spausdintuvui-pgi-525pgbk-juoda-canon\/#primaryimage\"},\"image\":{\"@id\":\"https:\/\/rutana.lt\/produktas\/kasete-rasaliniam-spausdintuvui-pgi-525pgbk-juoda-canon\/#primaryimage\"},\"thumbnailUrl\":\"https:\/\/rutana.lt\/wp-content\/uploads\/2025\/09\/B032-249-1.jpg?v=1763566154\",\"datePublished\":\"2025-09-03T07:35:22+00:00\",\"dateModified\":\"2025-10-13T13:47:28+00:00\",\"breadcrumb\":{\"@id\":\"https:\/\/rutana.lt\/produktas\/kasete-rasaliniam-spausdintuvui-pgi-525pgbk-juoda-canon\/#breadcrumb\"},\"inLanguage\":\"en-US\",\"potentialAction\":[{\"@type\":\"ReadAction\",\"target\":[\"https:\/\/rutana.lt\/produktas\/kasete-rasaliniam-spausdintuvui-pgi-525pgbk-juoda-canon\/\"]}]},{\"@type\":\"ImageObject\",\"inLanguage\":\"en-US\",\"@id\":\"https:\/\/rutana.lt\/produktas\/kasete-rasaliniam-spausdintuvui-pgi-525pgbk-juoda-canon\/#primaryimage\",\"url\":\"https:\/\/rutana.lt\/wp-content\/uploads\/2025\/09\/B032-249-1.jpg?v=1763566154\",\"contentUrl\":\"https:\/\/rutana.lt\/wp-content\/uploads\/2025\/09\/B032-249-1.jpg?v=1763566154\",\"width\":600,\"height\":600},{\"@type\":\"BreadcrumbList\",\"@id\":\"https:\/\/rutana.lt\/produktas\/kasete-rasaliniam-spausdintuvui-pgi-525pgbk-juoda-canon\/#breadcrumb\",\"itemListElement\":[{\"@type\":\"ListItem\",\"position\":1,\"name\":\"Home\",\"item\":\"https:\/\/rutana.lt\/\"},{\"@type\":\"ListItem\",\"position\":2,\"name\":\"Parduotuv\u0117\",\"item\":\"https:\/\/rutana.lt\/parduotuve\/\"},{\"@type\":\"ListItem\",\"position\":3,\"name\":\"Kaset\u0117 ra\u0161aliniam spausdintuvui PGI-525PGBK juoda Canon\"}]},{\"@type\":\"WebSite\",\"@id\":\"https:\/\/rutana.lt\/#website\",\"url\":\"https:\/\/rutana.lt\/\",\"name\":\"Rutana - Ra\u0161tin\u0117s reikmenys\",\"description\":\"Prekiaujame pasaulin\u0117je rinkoje pripa\u017eintomis, kokybi\u0161komis biuro prek\u0117mis toki\u0173  gamintoj\u0173 kaip: Schneider, Esselte, Novus, 3M, Faber-Castell, Citizen, Milan, Leitz, Colop, Zebra, Staedtler, Durable, Tork, Parker, Waterman ir kt.\",\"publisher\":{\"@id\":\"https:\/\/rutana.lt\/#organization\"},\"potentialAction\":[{\"@type\":\"SearchAction\",\"target\":{\"@type\":\"EntryPoint\",\"urlTemplate\":\"https:\/\/rutana.lt\/?s={search_term_string}\"},\"query-input\":{\"@type\":\"PropertyValueSpecification\",\"valueRequired\":true,\"valueName\":\"search_term_string\"}}],\"inLanguage\":\"en-US\"},{\"@type\":\"Organization\",\"@id\":\"https:\/\/rutana.lt\/#organization\",\"name\":\"Rutana - Ra\u0161tin\u0117s reikmenys\",\"url\":\"https:\/\/rutana.lt\/\",\"logo\":{\"@type\":\"ImageObject\",\"inLanguage\":\"en-US\",\"@id\":\"https:\/\/rutana.lt\/#\/schema\/logo\/image\/\",\"url\":\"https:\/\/rutana.lt\/wp-content\/uploads\/2025\/10\/Asset-32.png\",\"contentUrl\":\"https:\/\/rutana.lt\/wp-content\/uploads\/2025\/10\/Asset-32.png\",\"width\":433,\"height\":119,\"caption\":\"Rutana - Ra\u0161tin\u0117s reikmenys\"},\"image\":{\"@id\":\"https:\/\/rutana.lt\/#\/schema\/logo\/image\/\"},\"sameAs\":[\"https:\/\/www.facebook.com\/RutanaKanceliarinesPrekes\/\"]}]}<\/script>\n<!-- \/ Yoast SEO plugin. -->","yoast_head_json":{"title":"Kaset\u0117 ra\u0161aliniam spausdintuvui PGI-525PGBK juoda Canon - Rutana - Ra\u0161tin\u0117s reikmenys","robots":{"index":"index","follow":"follow","max-snippet":"max-snippet:-1","max-image-preview":"max-image-preview:large","max-video-preview":"max-video-preview:-1"},"canonical":"https:\/\/rutana.lt\/en\/product\/kasete-rasaliniam-spausdintuvui-pgi-525pgbk-juoda-canon\/","og_locale":"en_US","og_type":"article","og_title":"Kaset\u0117 ra\u0161aliniam spausdintuvui PGI-525PGBK juoda Canon - Rutana - Ra\u0161tin\u0117s reikmenys","og_description":"Originali Canon kaset\u0117, kuri veikia nepriekai\u0161tingai. M\u0117gaukit\u0117s i\u0161skirtine spausdinimo kokybe naudodami originalias Canon kasetes. \u012esp\u016bdingo spausdinimo ry\u0161kumo ir ma\u017eos kainos u\u017e puslap\u012f santykio d\u0117ka Canon kaset\u0117 yra puikus sprendimas nam\u0173 vartotojams ir \u012fmon\u0117ms, kurios reguliariai spausdina. Tinka spausdintuvams: Canon Pixma MG6150 \/ MG8150 \/ MG5250 \/ MX885 \/ iX6550 \/ MG6250 \/ MG8250 \/ MG5350 [&hellip;]","og_url":"https:\/\/rutana.lt\/en\/product\/kasete-rasaliniam-spausdintuvui-pgi-525pgbk-juoda-canon\/","og_site_name":"Rutana - Ra\u0161tin\u0117s reikmenys","article_publisher":"https:\/\/www.facebook.com\/RutanaKanceliarinesPrekes\/","article_modified_time":"2025-10-13T13:47:28+00:00","og_image":[{"width":600,"height":600,"url":"https:\/\/rutana.lt\/wp-content\/uploads\/2025\/09\/B032-249.jpg","type":"image\/jpeg"}],"twitter_card":"summary_large_image","schema":{"@context":"https:\/\/schema.org","@graph":[{"@type":"WebPage","@id":"https:\/\/rutana.lt\/produktas\/kasete-rasaliniam-spausdintuvui-pgi-525pgbk-juoda-canon\/","url":"https:\/\/rutana.lt\/produktas\/kasete-rasaliniam-spausdintuvui-pgi-525pgbk-juoda-canon\/","name":"Kaset\u0117 ra\u0161aliniam spausdintuvui PGI-525PGBK juoda Canon - Rutana - Ra\u0161tin\u0117s reikmenys","isPartOf":{"@id":"https:\/\/rutana.lt\/#website"},"primaryImageOfPage":{"@id":"https:\/\/rutana.lt\/produktas\/kasete-rasaliniam-spausdintuvui-pgi-525pgbk-juoda-canon\/#primaryimage"},"image":{"@id":"https:\/\/rutana.lt\/produktas\/kasete-rasaliniam-spausdintuvui-pgi-525pgbk-juoda-canon\/#primaryimage"},"thumbnailUrl":"https:\/\/rutana.lt\/wp-content\/uploads\/2025\/09\/B032-249-1.jpg?v=1763566154","datePublished":"2025-09-03T07:35:22+00:00","dateModified":"2025-10-13T13:47:28+00:00","breadcrumb":{"@id":"https:\/\/rutana.lt\/produktas\/kasete-rasaliniam-spausdintuvui-pgi-525pgbk-juoda-canon\/#breadcrumb"},"inLanguage":"en-US","potentialAction":[{"@type":"ReadAction","target":["https:\/\/rutana.lt\/produktas\/kasete-rasaliniam-spausdintuvui-pgi-525pgbk-juoda-canon\/"]}]},{"@type":"ImageObject","inLanguage":"en-US","@id":"https:\/\/rutana.lt\/produktas\/kasete-rasaliniam-spausdintuvui-pgi-525pgbk-juoda-canon\/#primaryimage","url":"https:\/\/rutana.lt\/wp-content\/uploads\/2025\/09\/B032-249-1.jpg?v=1763566154","contentUrl":"https:\/\/rutana.lt\/wp-content\/uploads\/2025\/09\/B032-249-1.jpg?v=1763566154","width":600,"height":600},{"@type":"BreadcrumbList","@id":"https:\/\/rutana.lt\/produktas\/kasete-rasaliniam-spausdintuvui-pgi-525pgbk-juoda-canon\/#breadcrumb","itemListElement":[{"@type":"ListItem","position":1,"name":"Home","item":"https:\/\/rutana.lt\/"},{"@type":"ListItem","position":2,"name":"Parduotuv\u0117","item":"https:\/\/rutana.lt\/parduotuve\/"},{"@type":"ListItem","position":3,"name":"Kaset\u0117 ra\u0161aliniam spausdintuvui PGI-525PGBK juoda Canon"}]},{"@type":"WebSite","@id":"https:\/\/rutana.lt\/#website","url":"https:\/\/rutana.lt\/","name":"Rutana - Ra\u0161tin\u0117s reikmenys","description":"Prekiaujame pasaulin\u0117je rinkoje pripa\u017eintomis, kokybi\u0161komis biuro prek\u0117mis toki\u0173  gamintoj\u0173 kaip: Schneider, Esselte, Novus, 3M, Faber-Castell, Citizen, Milan, Leitz, Colop, Zebra, Staedtler, Durable, Tork, Parker, Waterman ir kt.","publisher":{"@id":"https:\/\/rutana.lt\/#organization"},"potentialAction":[{"@type":"SearchAction","target":{"@type":"EntryPoint","urlTemplate":"https:\/\/rutana.lt\/?s={search_term_string}"},"query-input":{"@type":"PropertyValueSpecification","valueRequired":true,"valueName":"search_term_string"}}],"inLanguage":"en-US"},{"@type":"Organization","@id":"https:\/\/rutana.lt\/#organization","name":"Rutana - Ra\u0161tin\u0117s reikmenys","url":"https:\/\/rutana.lt\/","logo":{"@type":"ImageObject","inLanguage":"en-US","@id":"https:\/\/rutana.lt\/#\/schema\/logo\/image\/","url":"https:\/\/rutana.lt\/wp-content\/uploads\/2025\/10\/Asset-32.png","contentUrl":"https:\/\/rutana.lt\/wp-content\/uploads\/2025\/10\/Asset-32.png","width":433,"height":119,"caption":"Rutana - Ra\u0161tin\u0117s reikmenys"},"image":{"@id":"https:\/\/rutana.lt\/#\/schema\/logo\/image\/"},"sameAs":["https:\/\/www.facebook.com\/RutanaKanceliarinesPrekes\/"]}]}},"_links":{"self":[{"href":"https:\/\/rutana.lt\/en\/wp-json\/wp\/v2\/product\/14665","targetHints":{"allow":["GET"]}}],"collection":[{"href":"https:\/\/rutana.lt\/en\/wp-json\/wp\/v2\/product"}],"about":[{"href":"https:\/\/rutana.lt\/en\/wp-json\/wp\/v2\/types\/product"}],"replies":[{"embeddable":true,"href":"https:\/\/rutana.lt\/en\/wp-json\/wp\/v2\/comments?post=14665"}],"version-history":[{"count":1,"href":"https:\/\/rutana.lt\/en\/wp-json\/wp\/v2\/product\/14665\/revisions"}],"predecessor-version":[{"id":14746,"href":"https:\/\/rutana.lt\/en\/wp-json\/wp\/v2\/product\/14665\/revisions\/14746"}],"wp:featuredmedia":[{"embeddable":true,"href":"https:\/\/rutana.lt\/en\/wp-json\/wp\/v2\/media\/28509"}],"wp:attachment":[{"href":"https:\/\/rutana.lt\/en\/wp-json\/wp\/v2\/media?parent=14665"}],"wp:term":[{"taxonomy":"product_brand","embeddable":true,"href":"https:\/\/rutana.lt\/en\/wp-json\/wp\/v2\/product_brand?post=14665"},{"taxonomy":"product_cat","embeddable":true,"href":"https:\/\/rutana.lt\/en\/wp-json\/wp\/v2\/product_cat?post=14665"},{"taxonomy":"product_tag","embeddable":true,"href":"https:\/\/rutana.lt\/en\/wp-json\/wp\/v2\/product_tag?post=14665"}],"curies":[{"name":"wp","href":"https:\/\/api.w.org\/{rel}","templated":true}]}}