{"id":14658,"date":"2025-09-03T09:35:21","date_gmt":"2025-09-03T07:35:21","guid":{"rendered":"https:\/\/rutana.webdemo.lt\/?post_type=product&#038;p=14658"},"modified":"2026-04-08T15:23:04","modified_gmt":"2026-04-08T13:23:04","slug":"valymo-ir-poliravimo-priemone-ivairiems-pavirsiams-750ml-evans-a043aev","status":"publish","type":"product","link":"https:\/\/rutana.lt\/en\/product\/valymo-ir-poliravimo-priemone-ivairiems-pavirsiams-750ml-evans-a043aev\/","title":{"rendered":"Valymo ir poliravimo priemon\u0117 \u012fvairiems pavir\u0161iams 750ml Evans A043AEV"},"content":{"rendered":"<p>Efektyvi \u012fvairi\u0173 pavir\u0161i\u0173 valymo ir poliravimo priemon\u0117. Puikiai nuvalo ir nupoliruoja \u012fvairius pavir\u0161ius bei palieka ilgai i\u0161liekant\u012f blizges\u012f ir kvap\u0105. Antistatin\u0117s savyb\u0117s, idealiai tinka kompiuteri\u0173 pavir\u0161iams, VDU ir TV ekranams. Tinka naudoti mediniams, faneruotiems, laminuotiems, ner\u016bdijan\u010dio plieno, plastiko, stiklo, chromo, da\u017eytiems pavir\u0161iams, \u012frangos valymui<\/p>\n<p class=\"MsoHeader\">Talpa: 750 ml<\/p>\n<p class=\"MsoHeader\">Ekologija: visos pavir\u0161iaus aktyviosios med\u017eiagos, naudojamos Evans Vanodine produktuose atitinka Europos Taisykles d\u0117l biologinio skilimo ir aplinkos apsaugos.<\/p>\n<p class=\"MsoHeader\" style=\"margin-bottom: 10px;\">Galiojimo laikas ( neatidarytas ): ne ma\u017eiau 3 metai<\/p>\n<p class=\"MsoHeader\" style=\"margin-bottom: 10px;\">Valiklis parduodamas plastikiniame butelyje su purk\u0161tuku.<\/p>\n<p class=\"MsoHeader\" style=\"margin-bottom: 10px;\">Kilm\u0117s \u0161alis: Did\u017eioji Britanija<\/p>\n<p class=\"MsoNormal\">","protected":false},"excerpt":{"rendered":"<p>Efektyvi \u012fvairi\u0173 pavir\u0161i\u0173 valymo ir poliravimo priemon\u0117. Puikiai nuvalo ir nupoliruoja \u012fvairius pavir\u0161ius bei palieka ilgai i\u0161liekant\u012f blizges\u012f ir kvap\u0105.<\/p>","protected":false},"featured_media":28505,"comment_status":"open","ping_status":"closed","template":"","meta":{"_season_start":"","_season_end":"","_season_days":"","_season_months":"","_season_auto_visibility":"1"},"product_brand":[620],"product_cat":[1676],"product_tag":[],"class_list":{"0":"post-14658","1":"product","2":"type-product","3":"status-publish","4":"has-post-thumbnail","6":"product_brand-evans","7":"product_cat-universalus-valikliai","9":"first","10":"instock","11":"sale","12":"taxable","13":"shipping-taxable","14":"purchasable","15":"product-type-simple"},"yoast_head":"<!-- This site is optimized with the Yoast SEO plugin v26.1.1 - https:\/\/yoast.com\/wordpress\/plugins\/seo\/ -->\n<title>Valymo ir poliravimo priemon\u0117 \u012fvairiems pavir\u0161iams 750ml Evans A043AEV - Rutana - Ra\u0161tin\u0117s reikmenys<\/title>\n<meta name=\"robots\" content=\"index, follow, max-snippet:-1, max-image-preview:large, max-video-preview:-1\" \/>\n<link rel=\"canonical\" href=\"https:\/\/rutana.lt\/en\/product\/valymo-ir-poliravimo-priemone-ivairiems-pavirsiams-750ml-evans-a043aev\/\" \/>\n<meta property=\"og:locale\" content=\"en_US\" \/>\n<meta property=\"og:type\" content=\"article\" \/>\n<meta property=\"og:title\" content=\"Valymo ir poliravimo priemon\u0117 \u012fvairiems pavir\u0161iams 750ml Evans A043AEV - Rutana - Ra\u0161tin\u0117s reikmenys\" \/>\n<meta property=\"og:description\" content=\"Efektyvi \u012fvairi\u0173 pavir\u0161i\u0173 valymo ir poliravimo priemon\u0117. Puikiai nuvalo ir nupoliruoja \u012fvairius pavir\u0161ius bei palieka ilgai i\u0161liekant\u012f blizges\u012f ir kvap\u0105.\" \/>\n<meta property=\"og:url\" content=\"https:\/\/rutana.lt\/en\/product\/valymo-ir-poliravimo-priemone-ivairiems-pavirsiams-750ml-evans-a043aev\/\" \/>\n<meta property=\"og:site_name\" content=\"Rutana - Ra\u0161tin\u0117s reikmenys\" \/>\n<meta property=\"article:publisher\" content=\"https:\/\/www.facebook.com\/RutanaKanceliarinesPrekes\/\" \/>\n<meta property=\"article:modified_time\" content=\"2026-04-08T13:23:04+00:00\" \/>\n<meta property=\"og:image\" content=\"https:\/\/rutana.lt\/wp-content\/uploads\/2025\/09\/B095-092-1.jpg?v=1763566160\" \/>\n\t<meta property=\"og:image:width\" content=\"600\" \/>\n\t<meta property=\"og:image:height\" content=\"600\" \/>\n\t<meta property=\"og:image:type\" content=\"image\/jpeg\" \/>\n<meta name=\"twitter:card\" content=\"summary_large_image\" \/>\n<meta name=\"twitter:label1\" content=\"Est. reading time\" \/>\n\t<meta name=\"twitter:data1\" content=\"1 minute\" \/>\n<script type=\"application\/ld+json\" class=\"yoast-schema-graph\">{\"@context\":\"https:\/\/schema.org\",\"@graph\":[{\"@type\":\"WebPage\",\"@id\":\"https:\/\/rutana.lt\/produktas\/valymo-ir-poliravimo-priemone-ivairiems-pavirsiams-750ml-evans-a043aev\/\",\"url\":\"https:\/\/rutana.lt\/produktas\/valymo-ir-poliravimo-priemone-ivairiems-pavirsiams-750ml-evans-a043aev\/\",\"name\":\"Valymo ir poliravimo priemon\u0117 \u012fvairiems pavir\u0161iams 750ml Evans A043AEV - Rutana - Ra\u0161tin\u0117s reikmenys\",\"isPartOf\":{\"@id\":\"https:\/\/rutana.lt\/#website\"},\"primaryImageOfPage\":{\"@id\":\"https:\/\/rutana.lt\/produktas\/valymo-ir-poliravimo-priemone-ivairiems-pavirsiams-750ml-evans-a043aev\/#primaryimage\"},\"image\":{\"@id\":\"https:\/\/rutana.lt\/produktas\/valymo-ir-poliravimo-priemone-ivairiems-pavirsiams-750ml-evans-a043aev\/#primaryimage\"},\"thumbnailUrl\":\"https:\/\/rutana.lt\/wp-content\/uploads\/2025\/09\/B095-092-1.jpg?v=1763566160\",\"datePublished\":\"2025-09-03T07:35:21+00:00\",\"dateModified\":\"2026-04-08T13:23:04+00:00\",\"breadcrumb\":{\"@id\":\"https:\/\/rutana.lt\/produktas\/valymo-ir-poliravimo-priemone-ivairiems-pavirsiams-750ml-evans-a043aev\/#breadcrumb\"},\"inLanguage\":\"en-US\",\"potentialAction\":[{\"@type\":\"ReadAction\",\"target\":[\"https:\/\/rutana.lt\/produktas\/valymo-ir-poliravimo-priemone-ivairiems-pavirsiams-750ml-evans-a043aev\/\"]}]},{\"@type\":\"ImageObject\",\"inLanguage\":\"en-US\",\"@id\":\"https:\/\/rutana.lt\/produktas\/valymo-ir-poliravimo-priemone-ivairiems-pavirsiams-750ml-evans-a043aev\/#primaryimage\",\"url\":\"https:\/\/rutana.lt\/wp-content\/uploads\/2025\/09\/B095-092-1.jpg?v=1763566160\",\"contentUrl\":\"https:\/\/rutana.lt\/wp-content\/uploads\/2025\/09\/B095-092-1.jpg?v=1763566160\",\"width\":600,\"height\":600},{\"@type\":\"BreadcrumbList\",\"@id\":\"https:\/\/rutana.lt\/produktas\/valymo-ir-poliravimo-priemone-ivairiems-pavirsiams-750ml-evans-a043aev\/#breadcrumb\",\"itemListElement\":[{\"@type\":\"ListItem\",\"position\":1,\"name\":\"Home\",\"item\":\"https:\/\/rutana.lt\/\"},{\"@type\":\"ListItem\",\"position\":2,\"name\":\"Parduotuv\u0117\",\"item\":\"https:\/\/rutana.lt\/parduotuve\/\"},{\"@type\":\"ListItem\",\"position\":3,\"name\":\"Valymo ir poliravimo priemon\u0117 \u012fvairiems pavir\u0161iams 750ml Evans A043AEV\"}]},{\"@type\":\"WebSite\",\"@id\":\"https:\/\/rutana.lt\/#website\",\"url\":\"https:\/\/rutana.lt\/\",\"name\":\"Rutana - Ra\u0161tin\u0117s reikmenys\",\"description\":\"Prekiaujame pasaulin\u0117je rinkoje pripa\u017eintomis, kokybi\u0161komis biuro prek\u0117mis toki\u0173  gamintoj\u0173 kaip: Schneider, Esselte, Novus, 3M, Faber-Castell, Citizen, Milan, Leitz, Colop, Zebra, Staedtler, Durable, Tork, Parker, Waterman ir kt.\",\"publisher\":{\"@id\":\"https:\/\/rutana.lt\/#organization\"},\"potentialAction\":[{\"@type\":\"SearchAction\",\"target\":{\"@type\":\"EntryPoint\",\"urlTemplate\":\"https:\/\/rutana.lt\/?s={search_term_string}\"},\"query-input\":{\"@type\":\"PropertyValueSpecification\",\"valueRequired\":true,\"valueName\":\"search_term_string\"}}],\"inLanguage\":\"en-US\"},{\"@type\":\"Organization\",\"@id\":\"https:\/\/rutana.lt\/#organization\",\"name\":\"Rutana - Ra\u0161tin\u0117s reikmenys\",\"url\":\"https:\/\/rutana.lt\/\",\"logo\":{\"@type\":\"ImageObject\",\"inLanguage\":\"en-US\",\"@id\":\"https:\/\/rutana.lt\/#\/schema\/logo\/image\/\",\"url\":\"https:\/\/rutana.lt\/wp-content\/uploads\/2025\/10\/Asset-32.png\",\"contentUrl\":\"https:\/\/rutana.lt\/wp-content\/uploads\/2025\/10\/Asset-32.png\",\"width\":433,\"height\":119,\"caption\":\"Rutana - Ra\u0161tin\u0117s reikmenys\"},\"image\":{\"@id\":\"https:\/\/rutana.lt\/#\/schema\/logo\/image\/\"},\"sameAs\":[\"https:\/\/www.facebook.com\/RutanaKanceliarinesPrekes\/\"]}]}<\/script>\n<!-- \/ Yoast SEO plugin. -->","yoast_head_json":{"title":"Valymo ir poliravimo priemon\u0117 \u012fvairiems pavir\u0161iams 750ml Evans A043AEV - Rutana - Ra\u0161tin\u0117s reikmenys","robots":{"index":"index","follow":"follow","max-snippet":"max-snippet:-1","max-image-preview":"max-image-preview:large","max-video-preview":"max-video-preview:-1"},"canonical":"https:\/\/rutana.lt\/en\/product\/valymo-ir-poliravimo-priemone-ivairiems-pavirsiams-750ml-evans-a043aev\/","og_locale":"en_US","og_type":"article","og_title":"Valymo ir poliravimo priemon\u0117 \u012fvairiems pavir\u0161iams 750ml Evans A043AEV - Rutana - Ra\u0161tin\u0117s reikmenys","og_description":"Efektyvi \u012fvairi\u0173 pavir\u0161i\u0173 valymo ir poliravimo priemon\u0117. Puikiai nuvalo ir nupoliruoja \u012fvairius pavir\u0161ius bei palieka ilgai i\u0161liekant\u012f blizges\u012f ir kvap\u0105.","og_url":"https:\/\/rutana.lt\/en\/product\/valymo-ir-poliravimo-priemone-ivairiems-pavirsiams-750ml-evans-a043aev\/","og_site_name":"Rutana - Ra\u0161tin\u0117s reikmenys","article_publisher":"https:\/\/www.facebook.com\/RutanaKanceliarinesPrekes\/","article_modified_time":"2026-04-08T13:23:04+00:00","og_image":[{"width":600,"height":600,"url":"https:\/\/rutana.lt\/wp-content\/uploads\/2025\/09\/B095-092-1.jpg?v=1763566160","type":"image\/jpeg"}],"twitter_card":"summary_large_image","twitter_misc":{"Est. reading time":"1 minute"},"schema":{"@context":"https:\/\/schema.org","@graph":[{"@type":"WebPage","@id":"https:\/\/rutana.lt\/produktas\/valymo-ir-poliravimo-priemone-ivairiems-pavirsiams-750ml-evans-a043aev\/","url":"https:\/\/rutana.lt\/produktas\/valymo-ir-poliravimo-priemone-ivairiems-pavirsiams-750ml-evans-a043aev\/","name":"Valymo ir poliravimo priemon\u0117 \u012fvairiems pavir\u0161iams 750ml Evans A043AEV - Rutana - Ra\u0161tin\u0117s reikmenys","isPartOf":{"@id":"https:\/\/rutana.lt\/#website"},"primaryImageOfPage":{"@id":"https:\/\/rutana.lt\/produktas\/valymo-ir-poliravimo-priemone-ivairiems-pavirsiams-750ml-evans-a043aev\/#primaryimage"},"image":{"@id":"https:\/\/rutana.lt\/produktas\/valymo-ir-poliravimo-priemone-ivairiems-pavirsiams-750ml-evans-a043aev\/#primaryimage"},"thumbnailUrl":"https:\/\/rutana.lt\/wp-content\/uploads\/2025\/09\/B095-092-1.jpg?v=1763566160","datePublished":"2025-09-03T07:35:21+00:00","dateModified":"2026-04-08T13:23:04+00:00","breadcrumb":{"@id":"https:\/\/rutana.lt\/produktas\/valymo-ir-poliravimo-priemone-ivairiems-pavirsiams-750ml-evans-a043aev\/#breadcrumb"},"inLanguage":"en-US","potentialAction":[{"@type":"ReadAction","target":["https:\/\/rutana.lt\/produktas\/valymo-ir-poliravimo-priemone-ivairiems-pavirsiams-750ml-evans-a043aev\/"]}]},{"@type":"ImageObject","inLanguage":"en-US","@id":"https:\/\/rutana.lt\/produktas\/valymo-ir-poliravimo-priemone-ivairiems-pavirsiams-750ml-evans-a043aev\/#primaryimage","url":"https:\/\/rutana.lt\/wp-content\/uploads\/2025\/09\/B095-092-1.jpg?v=1763566160","contentUrl":"https:\/\/rutana.lt\/wp-content\/uploads\/2025\/09\/B095-092-1.jpg?v=1763566160","width":600,"height":600},{"@type":"BreadcrumbList","@id":"https:\/\/rutana.lt\/produktas\/valymo-ir-poliravimo-priemone-ivairiems-pavirsiams-750ml-evans-a043aev\/#breadcrumb","itemListElement":[{"@type":"ListItem","position":1,"name":"Home","item":"https:\/\/rutana.lt\/"},{"@type":"ListItem","position":2,"name":"Parduotuv\u0117","item":"https:\/\/rutana.lt\/parduotuve\/"},{"@type":"ListItem","position":3,"name":"Valymo ir poliravimo priemon\u0117 \u012fvairiems pavir\u0161iams 750ml Evans A043AEV"}]},{"@type":"WebSite","@id":"https:\/\/rutana.lt\/#website","url":"https:\/\/rutana.lt\/","name":"Rutana - Ra\u0161tin\u0117s reikmenys","description":"Prekiaujame pasaulin\u0117je rinkoje pripa\u017eintomis, kokybi\u0161komis biuro prek\u0117mis toki\u0173  gamintoj\u0173 kaip: Schneider, Esselte, Novus, 3M, Faber-Castell, Citizen, Milan, Leitz, Colop, Zebra, Staedtler, Durable, Tork, Parker, Waterman ir kt.","publisher":{"@id":"https:\/\/rutana.lt\/#organization"},"potentialAction":[{"@type":"SearchAction","target":{"@type":"EntryPoint","urlTemplate":"https:\/\/rutana.lt\/?s={search_term_string}"},"query-input":{"@type":"PropertyValueSpecification","valueRequired":true,"valueName":"search_term_string"}}],"inLanguage":"en-US"},{"@type":"Organization","@id":"https:\/\/rutana.lt\/#organization","name":"Rutana - Ra\u0161tin\u0117s reikmenys","url":"https:\/\/rutana.lt\/","logo":{"@type":"ImageObject","inLanguage":"en-US","@id":"https:\/\/rutana.lt\/#\/schema\/logo\/image\/","url":"https:\/\/rutana.lt\/wp-content\/uploads\/2025\/10\/Asset-32.png","contentUrl":"https:\/\/rutana.lt\/wp-content\/uploads\/2025\/10\/Asset-32.png","width":433,"height":119,"caption":"Rutana - Ra\u0161tin\u0117s reikmenys"},"image":{"@id":"https:\/\/rutana.lt\/#\/schema\/logo\/image\/"},"sameAs":["https:\/\/www.facebook.com\/RutanaKanceliarinesPrekes\/"]}]}},"_links":{"self":[{"href":"https:\/\/rutana.lt\/en\/wp-json\/wp\/v2\/product\/14658","targetHints":{"allow":["GET"]}}],"collection":[{"href":"https:\/\/rutana.lt\/en\/wp-json\/wp\/v2\/product"}],"about":[{"href":"https:\/\/rutana.lt\/en\/wp-json\/wp\/v2\/types\/product"}],"replies":[{"embeddable":true,"href":"https:\/\/rutana.lt\/en\/wp-json\/wp\/v2\/comments?post=14658"}],"version-history":[{"count":4,"href":"https:\/\/rutana.lt\/en\/wp-json\/wp\/v2\/product\/14658\/revisions"}],"predecessor-version":[{"id":34654,"href":"https:\/\/rutana.lt\/en\/wp-json\/wp\/v2\/product\/14658\/revisions\/34654"}],"wp:featuredmedia":[{"embeddable":true,"href":"https:\/\/rutana.lt\/en\/wp-json\/wp\/v2\/media\/28505"}],"wp:attachment":[{"href":"https:\/\/rutana.lt\/en\/wp-json\/wp\/v2\/media?parent=14658"}],"wp:term":[{"taxonomy":"product_brand","embeddable":true,"href":"https:\/\/rutana.lt\/en\/wp-json\/wp\/v2\/product_brand?post=14658"},{"taxonomy":"product_cat","embeddable":true,"href":"https:\/\/rutana.lt\/en\/wp-json\/wp\/v2\/product_cat?post=14658"},{"taxonomy":"product_tag","embeddable":true,"href":"https:\/\/rutana.lt\/en\/wp-json\/wp\/v2\/product_tag?post=14658"}],"curies":[{"name":"wp","href":"https:\/\/api.w.org\/{rel}","templated":true}]}}