{"id":14648,"date":"2025-09-03T09:35:21","date_gmt":"2025-09-03T07:35:21","guid":{"rendered":"https:\/\/rutana.webdemo.lt\/?post_type=product&#038;p=14648"},"modified":"2025-10-13T15:47:22","modified_gmt":"2025-10-13T13:47:22","slug":"popieriniai-ranksluosciai-jumbo-400-lapeliu-balti-zewa-04390","status":"publish","type":"product","link":"https:\/\/rutana.lt\/en\/product\/popieriniai-ranksluosciai-jumbo-400-lapeliu-balti-zewa-04390\/","title":{"rendered":"Popieriniai rank\u0161luos\u010diai &#8222;Jumbo&#8221; 400 lapeli\u0173 balti Zewa 04390"},"content":{"rendered":"<p style=\"margin-top: 10px; margin-bottom: 10px; line-height: 20px; transition: none 0s ease 0s !important;\">ZEWA vienas i\u0161 lyderiaujan\u010di\u0173 prek\u0117s \u017eenkl\u0173 pasaulyje. Gamyb\u0105 prad\u0117j\u0119 nuo virtuvini\u0173 rank\u0161luos\u010di\u0173, ir kitus valymui skirtus popierius pagamintus taikant pa\u010dias naujausias technologijas.<\/p>\n<dd itemprop=\"description\" style=\"line-height: 1.42857; margin-bottom: 10px;\">Gerai sugeriantys 2 sluoksni\u0173, baltos spalvos ZEWA JUMBO popierinis rank\u0161luostis kasdieniam naudojimui virtuv\u0117je ir buityje. <\/dd>\n<p>Lapeli\u0173 kiekis: 400<\/p>\n<p>Sluoksniai: 2<\/p>\n<p>Spalva: balta<\/p>\n<p>Spauda: ne<\/p>\n<p>Pakelyje: 1 vnt. <\/p>\n<p>Kilm\u0117s \u0161alis: Suomija<\/p>\n<p><\/p>\n<p><\/p>","protected":false},"excerpt":{"rendered":"<p>ZEWA vienas i\u0161 lyderiaujan\u010di\u0173 prek\u0117s \u017eenkl\u0173 pasaulyje. Gamyb\u0105 prad\u0117j\u0119 nuo virtuvini\u0173 rank\u0161luos\u010di\u0173, ir kitus valymui skirtus popierius pagamintus taikant pa\u010dias naujausias technologijas. Gerai sugeriantys 2 sluoksni\u0173, baltos spalvos ZEWA JUMBO popierinis rank\u0161luostis kasdieniam naudojimui virtuv\u0117je ir buityje. Lapeli\u0173 kiekis: 400 Sluoksniai: 2 Spalva: balta Spauda: ne Pakelyje: 1 vnt. Kilm\u0117s \u0161alis: Suomija<\/p>","protected":false},"featured_media":28495,"comment_status":"open","ping_status":"closed","template":"","meta":{"_season_start":"","_season_end":"","_season_days":"","_season_months":"","_season_auto_visibility":""},"product_brand":[942],"product_cat":[1620],"product_tag":[],"class_list":{"0":"post-14648","1":"product","2":"type-product","3":"status-publish","4":"has-post-thumbnail","6":"product_brand-zewa","7":"product_cat-popieriniai-ranksluosciai","9":"first","10":"instock","11":"taxable","12":"shipping-taxable","13":"purchasable","14":"product-type-simple"},"yoast_head":"<!-- This site is optimized with the Yoast SEO plugin v26.1.1 - https:\/\/yoast.com\/wordpress\/plugins\/seo\/ -->\n<title>Popieriniai rank\u0161luos\u010diai &quot;Jumbo&quot; 400 lapeli\u0173 balti Zewa 04390 - Rutana - Ra\u0161tin\u0117s reikmenys<\/title>\n<meta name=\"robots\" content=\"index, follow, max-snippet:-1, max-image-preview:large, max-video-preview:-1\" \/>\n<link rel=\"canonical\" href=\"https:\/\/rutana.lt\/en\/product\/popieriniai-ranksluosciai-jumbo-400-lapeliu-balti-zewa-04390\/\" \/>\n<meta property=\"og:locale\" content=\"en_US\" \/>\n<meta property=\"og:type\" content=\"article\" \/>\n<meta property=\"og:title\" content=\"Popieriniai rank\u0161luos\u010diai &quot;Jumbo&quot; 400 lapeli\u0173 balti Zewa 04390 - Rutana - Ra\u0161tin\u0117s reikmenys\" \/>\n<meta property=\"og:description\" content=\"ZEWA vienas i\u0161 lyderiaujan\u010di\u0173 prek\u0117s \u017eenkl\u0173 pasaulyje. Gamyb\u0105 prad\u0117j\u0119 nuo virtuvini\u0173 rank\u0161luos\u010di\u0173, ir kitus valymui skirtus popierius pagamintus taikant pa\u010dias naujausias technologijas. Gerai sugeriantys 2 sluoksni\u0173, baltos spalvos ZEWA JUMBO popierinis rank\u0161luostis kasdieniam naudojimui virtuv\u0117je ir buityje. Lapeli\u0173 kiekis: 400 Sluoksniai: 2 Spalva: balta Spauda: ne Pakelyje: 1 vnt. Kilm\u0117s \u0161alis: Suomija\" \/>\n<meta property=\"og:url\" content=\"https:\/\/rutana.lt\/en\/product\/popieriniai-ranksluosciai-jumbo-400-lapeliu-balti-zewa-04390\/\" \/>\n<meta property=\"og:site_name\" content=\"Rutana - Ra\u0161tin\u0117s reikmenys\" \/>\n<meta property=\"article:publisher\" content=\"https:\/\/www.facebook.com\/RutanaKanceliarinesPrekes\/\" \/>\n<meta property=\"article:modified_time\" content=\"2025-10-13T13:47:22+00:00\" \/>\n<meta property=\"og:image\" content=\"https:\/\/rutana.lt\/wp-content\/uploads\/2025\/09\/A082-021.jpg\" \/>\n\t<meta property=\"og:image:width\" content=\"563\" \/>\n\t<meta property=\"og:image:height\" content=\"700\" \/>\n\t<meta property=\"og:image:type\" content=\"image\/jpeg\" \/>\n<meta name=\"twitter:card\" content=\"summary_large_image\" \/>\n<script type=\"application\/ld+json\" class=\"yoast-schema-graph\">{\"@context\":\"https:\/\/schema.org\",\"@graph\":[{\"@type\":\"WebPage\",\"@id\":\"https:\/\/rutana.lt\/produktas\/popieriniai-ranksluosciai-jumbo-400-lapeliu-balti-zewa-04390\/\",\"url\":\"https:\/\/rutana.lt\/produktas\/popieriniai-ranksluosciai-jumbo-400-lapeliu-balti-zewa-04390\/\",\"name\":\"Popieriniai rank\u0161luos\u010diai \\\"Jumbo\\\" 400 lapeli\u0173 balti Zewa 04390 - Rutana - Ra\u0161tin\u0117s reikmenys\",\"isPartOf\":{\"@id\":\"https:\/\/rutana.lt\/#website\"},\"primaryImageOfPage\":{\"@id\":\"https:\/\/rutana.lt\/produktas\/popieriniai-ranksluosciai-jumbo-400-lapeliu-balti-zewa-04390\/#primaryimage\"},\"image\":{\"@id\":\"https:\/\/rutana.lt\/produktas\/popieriniai-ranksluosciai-jumbo-400-lapeliu-balti-zewa-04390\/#primaryimage\"},\"thumbnailUrl\":\"https:\/\/rutana.lt\/wp-content\/uploads\/2025\/09\/A082-021-1.jpg?v=1763566172\",\"datePublished\":\"2025-09-03T07:35:21+00:00\",\"dateModified\":\"2025-10-13T13:47:22+00:00\",\"breadcrumb\":{\"@id\":\"https:\/\/rutana.lt\/produktas\/popieriniai-ranksluosciai-jumbo-400-lapeliu-balti-zewa-04390\/#breadcrumb\"},\"inLanguage\":\"en-US\",\"potentialAction\":[{\"@type\":\"ReadAction\",\"target\":[\"https:\/\/rutana.lt\/produktas\/popieriniai-ranksluosciai-jumbo-400-lapeliu-balti-zewa-04390\/\"]}]},{\"@type\":\"ImageObject\",\"inLanguage\":\"en-US\",\"@id\":\"https:\/\/rutana.lt\/produktas\/popieriniai-ranksluosciai-jumbo-400-lapeliu-balti-zewa-04390\/#primaryimage\",\"url\":\"https:\/\/rutana.lt\/wp-content\/uploads\/2025\/09\/A082-021-1.jpg?v=1763566172\",\"contentUrl\":\"https:\/\/rutana.lt\/wp-content\/uploads\/2025\/09\/A082-021-1.jpg?v=1763566172\",\"width\":563,\"height\":700},{\"@type\":\"BreadcrumbList\",\"@id\":\"https:\/\/rutana.lt\/produktas\/popieriniai-ranksluosciai-jumbo-400-lapeliu-balti-zewa-04390\/#breadcrumb\",\"itemListElement\":[{\"@type\":\"ListItem\",\"position\":1,\"name\":\"Home\",\"item\":\"https:\/\/rutana.lt\/\"},{\"@type\":\"ListItem\",\"position\":2,\"name\":\"Parduotuv\u0117\",\"item\":\"https:\/\/rutana.lt\/parduotuve\/\"},{\"@type\":\"ListItem\",\"position\":3,\"name\":\"Popieriniai rank\u0161luos\u010diai &#8222;Jumbo&#8221; 400 lapeli\u0173 balti Zewa 04390\"}]},{\"@type\":\"WebSite\",\"@id\":\"https:\/\/rutana.lt\/#website\",\"url\":\"https:\/\/rutana.lt\/\",\"name\":\"Rutana - Ra\u0161tin\u0117s reikmenys\",\"description\":\"Prekiaujame pasaulin\u0117je rinkoje pripa\u017eintomis, kokybi\u0161komis biuro prek\u0117mis toki\u0173  gamintoj\u0173 kaip: Schneider, Esselte, Novus, 3M, Faber-Castell, Citizen, Milan, Leitz, Colop, Zebra, Staedtler, Durable, Tork, Parker, Waterman ir kt.\",\"publisher\":{\"@id\":\"https:\/\/rutana.lt\/#organization\"},\"potentialAction\":[{\"@type\":\"SearchAction\",\"target\":{\"@type\":\"EntryPoint\",\"urlTemplate\":\"https:\/\/rutana.lt\/?s={search_term_string}\"},\"query-input\":{\"@type\":\"PropertyValueSpecification\",\"valueRequired\":true,\"valueName\":\"search_term_string\"}}],\"inLanguage\":\"en-US\"},{\"@type\":\"Organization\",\"@id\":\"https:\/\/rutana.lt\/#organization\",\"name\":\"Rutana - Ra\u0161tin\u0117s reikmenys\",\"url\":\"https:\/\/rutana.lt\/\",\"logo\":{\"@type\":\"ImageObject\",\"inLanguage\":\"en-US\",\"@id\":\"https:\/\/rutana.lt\/#\/schema\/logo\/image\/\",\"url\":\"https:\/\/rutana.lt\/wp-content\/uploads\/2025\/10\/Asset-32.png\",\"contentUrl\":\"https:\/\/rutana.lt\/wp-content\/uploads\/2025\/10\/Asset-32.png\",\"width\":433,\"height\":119,\"caption\":\"Rutana - Ra\u0161tin\u0117s reikmenys\"},\"image\":{\"@id\":\"https:\/\/rutana.lt\/#\/schema\/logo\/image\/\"},\"sameAs\":[\"https:\/\/www.facebook.com\/RutanaKanceliarinesPrekes\/\"]}]}<\/script>\n<!-- \/ Yoast SEO plugin. -->","yoast_head_json":{"title":"Popieriniai rank\u0161luos\u010diai \"Jumbo\" 400 lapeli\u0173 balti Zewa 04390 - Rutana - Ra\u0161tin\u0117s reikmenys","robots":{"index":"index","follow":"follow","max-snippet":"max-snippet:-1","max-image-preview":"max-image-preview:large","max-video-preview":"max-video-preview:-1"},"canonical":"https:\/\/rutana.lt\/en\/product\/popieriniai-ranksluosciai-jumbo-400-lapeliu-balti-zewa-04390\/","og_locale":"en_US","og_type":"article","og_title":"Popieriniai rank\u0161luos\u010diai \"Jumbo\" 400 lapeli\u0173 balti Zewa 04390 - Rutana - Ra\u0161tin\u0117s reikmenys","og_description":"ZEWA vienas i\u0161 lyderiaujan\u010di\u0173 prek\u0117s \u017eenkl\u0173 pasaulyje. Gamyb\u0105 prad\u0117j\u0119 nuo virtuvini\u0173 rank\u0161luos\u010di\u0173, ir kitus valymui skirtus popierius pagamintus taikant pa\u010dias naujausias technologijas. Gerai sugeriantys 2 sluoksni\u0173, baltos spalvos ZEWA JUMBO popierinis rank\u0161luostis kasdieniam naudojimui virtuv\u0117je ir buityje. Lapeli\u0173 kiekis: 400 Sluoksniai: 2 Spalva: balta Spauda: ne Pakelyje: 1 vnt. Kilm\u0117s \u0161alis: Suomija","og_url":"https:\/\/rutana.lt\/en\/product\/popieriniai-ranksluosciai-jumbo-400-lapeliu-balti-zewa-04390\/","og_site_name":"Rutana - Ra\u0161tin\u0117s reikmenys","article_publisher":"https:\/\/www.facebook.com\/RutanaKanceliarinesPrekes\/","article_modified_time":"2025-10-13T13:47:22+00:00","og_image":[{"width":563,"height":700,"url":"https:\/\/rutana.lt\/wp-content\/uploads\/2025\/09\/A082-021.jpg","type":"image\/jpeg"}],"twitter_card":"summary_large_image","schema":{"@context":"https:\/\/schema.org","@graph":[{"@type":"WebPage","@id":"https:\/\/rutana.lt\/produktas\/popieriniai-ranksluosciai-jumbo-400-lapeliu-balti-zewa-04390\/","url":"https:\/\/rutana.lt\/produktas\/popieriniai-ranksluosciai-jumbo-400-lapeliu-balti-zewa-04390\/","name":"Popieriniai rank\u0161luos\u010diai \"Jumbo\" 400 lapeli\u0173 balti Zewa 04390 - Rutana - Ra\u0161tin\u0117s reikmenys","isPartOf":{"@id":"https:\/\/rutana.lt\/#website"},"primaryImageOfPage":{"@id":"https:\/\/rutana.lt\/produktas\/popieriniai-ranksluosciai-jumbo-400-lapeliu-balti-zewa-04390\/#primaryimage"},"image":{"@id":"https:\/\/rutana.lt\/produktas\/popieriniai-ranksluosciai-jumbo-400-lapeliu-balti-zewa-04390\/#primaryimage"},"thumbnailUrl":"https:\/\/rutana.lt\/wp-content\/uploads\/2025\/09\/A082-021-1.jpg?v=1763566172","datePublished":"2025-09-03T07:35:21+00:00","dateModified":"2025-10-13T13:47:22+00:00","breadcrumb":{"@id":"https:\/\/rutana.lt\/produktas\/popieriniai-ranksluosciai-jumbo-400-lapeliu-balti-zewa-04390\/#breadcrumb"},"inLanguage":"en-US","potentialAction":[{"@type":"ReadAction","target":["https:\/\/rutana.lt\/produktas\/popieriniai-ranksluosciai-jumbo-400-lapeliu-balti-zewa-04390\/"]}]},{"@type":"ImageObject","inLanguage":"en-US","@id":"https:\/\/rutana.lt\/produktas\/popieriniai-ranksluosciai-jumbo-400-lapeliu-balti-zewa-04390\/#primaryimage","url":"https:\/\/rutana.lt\/wp-content\/uploads\/2025\/09\/A082-021-1.jpg?v=1763566172","contentUrl":"https:\/\/rutana.lt\/wp-content\/uploads\/2025\/09\/A082-021-1.jpg?v=1763566172","width":563,"height":700},{"@type":"BreadcrumbList","@id":"https:\/\/rutana.lt\/produktas\/popieriniai-ranksluosciai-jumbo-400-lapeliu-balti-zewa-04390\/#breadcrumb","itemListElement":[{"@type":"ListItem","position":1,"name":"Home","item":"https:\/\/rutana.lt\/"},{"@type":"ListItem","position":2,"name":"Parduotuv\u0117","item":"https:\/\/rutana.lt\/parduotuve\/"},{"@type":"ListItem","position":3,"name":"Popieriniai rank\u0161luos\u010diai &#8222;Jumbo&#8221; 400 lapeli\u0173 balti Zewa 04390"}]},{"@type":"WebSite","@id":"https:\/\/rutana.lt\/#website","url":"https:\/\/rutana.lt\/","name":"Rutana - Ra\u0161tin\u0117s reikmenys","description":"Prekiaujame pasaulin\u0117je rinkoje pripa\u017eintomis, kokybi\u0161komis biuro prek\u0117mis toki\u0173  gamintoj\u0173 kaip: Schneider, Esselte, Novus, 3M, Faber-Castell, Citizen, Milan, Leitz, Colop, Zebra, Staedtler, Durable, Tork, Parker, Waterman ir kt.","publisher":{"@id":"https:\/\/rutana.lt\/#organization"},"potentialAction":[{"@type":"SearchAction","target":{"@type":"EntryPoint","urlTemplate":"https:\/\/rutana.lt\/?s={search_term_string}"},"query-input":{"@type":"PropertyValueSpecification","valueRequired":true,"valueName":"search_term_string"}}],"inLanguage":"en-US"},{"@type":"Organization","@id":"https:\/\/rutana.lt\/#organization","name":"Rutana - Ra\u0161tin\u0117s reikmenys","url":"https:\/\/rutana.lt\/","logo":{"@type":"ImageObject","inLanguage":"en-US","@id":"https:\/\/rutana.lt\/#\/schema\/logo\/image\/","url":"https:\/\/rutana.lt\/wp-content\/uploads\/2025\/10\/Asset-32.png","contentUrl":"https:\/\/rutana.lt\/wp-content\/uploads\/2025\/10\/Asset-32.png","width":433,"height":119,"caption":"Rutana - Ra\u0161tin\u0117s reikmenys"},"image":{"@id":"https:\/\/rutana.lt\/#\/schema\/logo\/image\/"},"sameAs":["https:\/\/www.facebook.com\/RutanaKanceliarinesPrekes\/"]}]}},"_links":{"self":[{"href":"https:\/\/rutana.lt\/en\/wp-json\/wp\/v2\/product\/14648","targetHints":{"allow":["GET"]}}],"collection":[{"href":"https:\/\/rutana.lt\/en\/wp-json\/wp\/v2\/product"}],"about":[{"href":"https:\/\/rutana.lt\/en\/wp-json\/wp\/v2\/types\/product"}],"replies":[{"embeddable":true,"href":"https:\/\/rutana.lt\/en\/wp-json\/wp\/v2\/comments?post=14648"}],"version-history":[{"count":1,"href":"https:\/\/rutana.lt\/en\/wp-json\/wp\/v2\/product\/14648\/revisions"}],"predecessor-version":[{"id":14687,"href":"https:\/\/rutana.lt\/en\/wp-json\/wp\/v2\/product\/14648\/revisions\/14687"}],"wp:featuredmedia":[{"embeddable":true,"href":"https:\/\/rutana.lt\/en\/wp-json\/wp\/v2\/media\/28495"}],"wp:attachment":[{"href":"https:\/\/rutana.lt\/en\/wp-json\/wp\/v2\/media?parent=14648"}],"wp:term":[{"taxonomy":"product_brand","embeddable":true,"href":"https:\/\/rutana.lt\/en\/wp-json\/wp\/v2\/product_brand?post=14648"},{"taxonomy":"product_cat","embeddable":true,"href":"https:\/\/rutana.lt\/en\/wp-json\/wp\/v2\/product_cat?post=14648"},{"taxonomy":"product_tag","embeddable":true,"href":"https:\/\/rutana.lt\/en\/wp-json\/wp\/v2\/product_tag?post=14648"}],"curies":[{"name":"wp","href":"https:\/\/api.w.org\/{rel}","templated":true}]}}