{"id":14647,"date":"2025-09-03T09:35:21","date_gmt":"2025-09-03T07:35:21","guid":{"rendered":"https:\/\/rutana.webdemo.lt\/?post_type=product&#038;p=14647"},"modified":"2025-10-13T15:47:22","modified_gmt":"2025-10-13T13:47:22","slug":"popieriniai-ranksluosciai-wishweg-2-vnt-dekoruoti-zewa-97311","status":"publish","type":"product","link":"https:\/\/rutana.lt\/en\/product\/popieriniai-ranksluosciai-wishweg-2-vnt-dekoruoti-zewa-97311\/","title":{"rendered":"Popieriniai rank\u0161luos\u010diai &#8222;Wish&#038;Weg&#8221; 2 vnt. dekoruoti Zewa 97311"},"content":{"rendered":"<p><span style=\"--pr-shadow:0 0 transparent; --pr-ring-inset:var(--pr-empty, ); --pr-ring-offset-width:0px; --pr-ring-offset-color:#fff; --pr-ring-color:rgba(59,130,246,0.5); --pr-ring-offset-shadow:0 0 transparent; --pr-ring-shadow:0 0 transparent; vertical-align: inherit;\">D\u0117l gra\u017eaus virtuv\u0117s dizaino dekoro ir ypa\u010d ilgo ritinio Zewa Wisch&#038;Weg virtuv\u0117s ritin\u0117lis eXtra Long yra patikimas kompanionas, nes jis tarnauja 60 % ilgiau. <\/span><span style=\"--pr-shadow:0 0 transparent; --pr-ring-inset:var(--pr-empty, ); --pr-ring-offset-width:0px; --pr-ring-offset-color:#fff; --pr-ring-color:rgba(59,130,246,0.5); --pr-ring-offset-shadow:0 0 transparent; --pr-ring-shadow:0 0 transparent; vertical-align: inherit;\">Ypa\u010d tinka kaip servet\u0117l\u0117. D\u0117l puikios kokyb\u0117s nam\u0173 apyvokos rank\u0161luos\u010diai Zewa Wisch&#038;Weg buvo i\u0161rinkti 2019-\u0173j\u0173 met\u0173 gaminiu, kur\u012f vartotojai i\u0161rinko 2019-\u0173j\u0173 met\u0173 gaminiu pramon\u0117je pirmaujan\u010dio \u017eurnalo \u201eLebensmittel Praxis\u201c (LP) atliktoje apklausoje. Zewa Wisch&#038;Weg yra ne tik higieni\u0161kas ir prakti\u0161kas, bet ir tvarus. Pakuot\u0117 yra 100 procent\u0173 perdirbama ir suma\u017eina CO<\/span><span style=\"--pr-shadow:0 0 transparent; --pr-ring-inset:var(--pr-empty, ); --pr-ring-offset-width:0px; --pr-ring-offset-color:#fff; --pr-ring-color:rgba(59,130,246,0.5); --pr-ring-offset-shadow:0 0 transparent; --pr-ring-shadow:0 0 transparent; vertical-align: sub;\">2 <\/span><span style=\"--pr-shadow:0 0 transparent; --pr-ring-inset:var(--pr-empty, ); --pr-ring-offset-width:0px; --pr-ring-offset-color:#fff; --pr-ring-color:rgba(59,130,246,0.5); --pr-ring-offset-shadow:0 0 transparent; --pr-ring-shadow:0 0 transparent;\">kiek\u012f<\/span><span style=\"--pr-shadow:0 0 transparent; --pr-ring-inset:var(--pr-empty, ); --pr-ring-offset-width:0px; --pr-ring-offset-color:#fff; --pr-ring-color:rgba(59,130,246,0.5); --pr-ring-offset-shadow:0 0 transparent; --pr-ring-shadow:0 0 transparent; vertical-align: inherit;\"> naudojant perdirbt\u0105 plastik\u0105. <\/span><span style=\"--pr-shadow:0 0 transparent; --pr-ring-inset:var(--pr-empty, ); --pr-ring-offset-width:0px; --pr-ring-offset-color:#fff; --pr-ring-color:rgba(59,130,246,0.5); --pr-ring-offset-shadow:0 0 transparent; --pr-ring-shadow:0 0 transparent; vertical-align: inherit;\">Servet\u0117l\u0117s \u200b\u200bi\u0161lieka biologi\u0161kai skaid\u017eios. Taip Zewa Wisch&#038;Weg u\u017etikrina ma\u017eiau plastiko atliek\u0173 ir geresn\u0119 savijaut\u0105.<\/span><\/p>\n<p>Lapeli\u0173 kiekis: 72 <\/p>\n<p>Sluoksniai: 2<\/p>\n<p>Spalva: balta<\/p>\n<p>Spauda: taip<\/p>\n<p>Pakelyje: 2 vnt. ( kaina nurodyta u\u017e 2 vnt. )<\/p>\n<p>Kilm\u0117s \u0161alis: Vokietija<\/p>\n<p><\/p>\n<p><\/p>","protected":false},"excerpt":{"rendered":"<p>D\u0117l gra\u017eaus virtuv\u0117s dizaino dekoro ir ypa\u010d ilgo ritinio Zewa Wisch&#038;Weg virtuv\u0117s ritin\u0117lis eXtra Long yra patikimas kompanionas, nes jis tarnauja 60 % ilgiau. Ypa\u010d tinka kaip servet\u0117l\u0117. D\u0117l puikios kokyb\u0117s nam\u0173 apyvokos rank\u0161luos\u010diai Zewa Wisch&#038;Weg buvo i\u0161rinkti 2019-\u0173j\u0173 met\u0173 gaminiu, kur\u012f vartotojai i\u0161rinko 2019-\u0173j\u0173 met\u0173 gaminiu pramon\u0117je pirmaujan\u010dio \u017eurnalo \u201eLebensmittel Praxis\u201c (LP) atliktoje apklausoje. [&hellip;]<\/p>","protected":false},"featured_media":28494,"comment_status":"open","ping_status":"closed","template":"","meta":{"_season_start":"","_season_end":"","_season_days":"","_season_months":"","_season_auto_visibility":""},"product_brand":[942],"product_cat":[1620],"product_tag":[],"class_list":{"0":"post-14647","1":"product","2":"type-product","3":"status-publish","4":"has-post-thumbnail","6":"product_brand-zewa","7":"product_cat-popieriniai-ranksluosciai","9":"first","10":"instock","11":"taxable","12":"shipping-taxable","13":"purchasable","14":"product-type-simple"},"yoast_head":"<!-- This site is optimized with the Yoast SEO plugin v26.1.1 - https:\/\/yoast.com\/wordpress\/plugins\/seo\/ -->\n<title>Popieriniai rank\u0161luos\u010diai &quot;Wish&amp;Weg&quot; 2 vnt. dekoruoti Zewa 97311 - Rutana - Ra\u0161tin\u0117s reikmenys<\/title>\n<meta name=\"robots\" content=\"index, follow, max-snippet:-1, max-image-preview:large, max-video-preview:-1\" \/>\n<link rel=\"canonical\" href=\"https:\/\/rutana.lt\/en\/product\/popieriniai-ranksluosciai-wishweg-2-vnt-dekoruoti-zewa-97311\/\" \/>\n<meta property=\"og:locale\" content=\"en_US\" \/>\n<meta property=\"og:type\" content=\"article\" \/>\n<meta property=\"og:title\" content=\"Popieriniai rank\u0161luos\u010diai &quot;Wish&amp;Weg&quot; 2 vnt. dekoruoti Zewa 97311 - Rutana - Ra\u0161tin\u0117s reikmenys\" \/>\n<meta property=\"og:description\" content=\"D\u0117l gra\u017eaus virtuv\u0117s dizaino dekoro ir ypa\u010d ilgo ritinio Zewa Wisch&#038;Weg virtuv\u0117s ritin\u0117lis eXtra Long yra patikimas kompanionas, nes jis tarnauja 60 % ilgiau. Ypa\u010d tinka kaip servet\u0117l\u0117. D\u0117l puikios kokyb\u0117s nam\u0173 apyvokos rank\u0161luos\u010diai Zewa Wisch&#038;Weg buvo i\u0161rinkti 2019-\u0173j\u0173 met\u0173 gaminiu, kur\u012f vartotojai i\u0161rinko 2019-\u0173j\u0173 met\u0173 gaminiu pramon\u0117je pirmaujan\u010dio \u017eurnalo \u201eLebensmittel Praxis\u201c (LP) atliktoje apklausoje. [&hellip;]\" \/>\n<meta property=\"og:url\" content=\"https:\/\/rutana.lt\/en\/product\/popieriniai-ranksluosciai-wishweg-2-vnt-dekoruoti-zewa-97311\/\" \/>\n<meta property=\"og:site_name\" content=\"Rutana - Ra\u0161tin\u0117s reikmenys\" \/>\n<meta property=\"article:publisher\" content=\"https:\/\/www.facebook.com\/RutanaKanceliarinesPrekes\/\" \/>\n<meta property=\"article:modified_time\" content=\"2025-10-13T13:47:22+00:00\" \/>\n<meta property=\"og:image\" content=\"https:\/\/rutana.lt\/wp-content\/uploads\/2025\/09\/A082-020.jpg\" \/>\n\t<meta property=\"og:image:width\" content=\"600\" \/>\n\t<meta property=\"og:image:height\" content=\"600\" \/>\n\t<meta property=\"og:image:type\" content=\"image\/jpeg\" \/>\n<meta name=\"twitter:card\" content=\"summary_large_image\" \/>\n<meta name=\"twitter:label1\" content=\"Est. reading time\" \/>\n\t<meta name=\"twitter:data1\" content=\"1 minute\" \/>\n<script type=\"application\/ld+json\" class=\"yoast-schema-graph\">{\"@context\":\"https:\/\/schema.org\",\"@graph\":[{\"@type\":\"WebPage\",\"@id\":\"https:\/\/rutana.lt\/produktas\/popieriniai-ranksluosciai-wishweg-2-vnt-dekoruoti-zewa-97311\/\",\"url\":\"https:\/\/rutana.lt\/produktas\/popieriniai-ranksluosciai-wishweg-2-vnt-dekoruoti-zewa-97311\/\",\"name\":\"Popieriniai rank\u0161luos\u010diai \\\"Wish&Weg\\\" 2 vnt. dekoruoti Zewa 97311 - Rutana - Ra\u0161tin\u0117s reikmenys\",\"isPartOf\":{\"@id\":\"https:\/\/rutana.lt\/#website\"},\"primaryImageOfPage\":{\"@id\":\"https:\/\/rutana.lt\/produktas\/popieriniai-ranksluosciai-wishweg-2-vnt-dekoruoti-zewa-97311\/#primaryimage\"},\"image\":{\"@id\":\"https:\/\/rutana.lt\/produktas\/popieriniai-ranksluosciai-wishweg-2-vnt-dekoruoti-zewa-97311\/#primaryimage\"},\"thumbnailUrl\":\"https:\/\/rutana.lt\/wp-content\/uploads\/2025\/09\/A082-020-1.jpg?v=1763566173\",\"datePublished\":\"2025-09-03T07:35:21+00:00\",\"dateModified\":\"2025-10-13T13:47:22+00:00\",\"breadcrumb\":{\"@id\":\"https:\/\/rutana.lt\/produktas\/popieriniai-ranksluosciai-wishweg-2-vnt-dekoruoti-zewa-97311\/#breadcrumb\"},\"inLanguage\":\"en-US\",\"potentialAction\":[{\"@type\":\"ReadAction\",\"target\":[\"https:\/\/rutana.lt\/produktas\/popieriniai-ranksluosciai-wishweg-2-vnt-dekoruoti-zewa-97311\/\"]}]},{\"@type\":\"ImageObject\",\"inLanguage\":\"en-US\",\"@id\":\"https:\/\/rutana.lt\/produktas\/popieriniai-ranksluosciai-wishweg-2-vnt-dekoruoti-zewa-97311\/#primaryimage\",\"url\":\"https:\/\/rutana.lt\/wp-content\/uploads\/2025\/09\/A082-020-1.jpg?v=1763566173\",\"contentUrl\":\"https:\/\/rutana.lt\/wp-content\/uploads\/2025\/09\/A082-020-1.jpg?v=1763566173\",\"width\":600,\"height\":600},{\"@type\":\"BreadcrumbList\",\"@id\":\"https:\/\/rutana.lt\/produktas\/popieriniai-ranksluosciai-wishweg-2-vnt-dekoruoti-zewa-97311\/#breadcrumb\",\"itemListElement\":[{\"@type\":\"ListItem\",\"position\":1,\"name\":\"Home\",\"item\":\"https:\/\/rutana.lt\/\"},{\"@type\":\"ListItem\",\"position\":2,\"name\":\"Parduotuv\u0117\",\"item\":\"https:\/\/rutana.lt\/parduotuve\/\"},{\"@type\":\"ListItem\",\"position\":3,\"name\":\"Popieriniai rank\u0161luos\u010diai &#8222;Wish&#038;Weg&#8221; 2 vnt. dekoruoti Zewa 97311\"}]},{\"@type\":\"WebSite\",\"@id\":\"https:\/\/rutana.lt\/#website\",\"url\":\"https:\/\/rutana.lt\/\",\"name\":\"Rutana - Ra\u0161tin\u0117s reikmenys\",\"description\":\"Prekiaujame pasaulin\u0117je rinkoje pripa\u017eintomis, kokybi\u0161komis biuro prek\u0117mis toki\u0173  gamintoj\u0173 kaip: Schneider, Esselte, Novus, 3M, Faber-Castell, Citizen, Milan, Leitz, Colop, Zebra, Staedtler, Durable, Tork, Parker, Waterman ir kt.\",\"publisher\":{\"@id\":\"https:\/\/rutana.lt\/#organization\"},\"potentialAction\":[{\"@type\":\"SearchAction\",\"target\":{\"@type\":\"EntryPoint\",\"urlTemplate\":\"https:\/\/rutana.lt\/?s={search_term_string}\"},\"query-input\":{\"@type\":\"PropertyValueSpecification\",\"valueRequired\":true,\"valueName\":\"search_term_string\"}}],\"inLanguage\":\"en-US\"},{\"@type\":\"Organization\",\"@id\":\"https:\/\/rutana.lt\/#organization\",\"name\":\"Rutana - Ra\u0161tin\u0117s reikmenys\",\"url\":\"https:\/\/rutana.lt\/\",\"logo\":{\"@type\":\"ImageObject\",\"inLanguage\":\"en-US\",\"@id\":\"https:\/\/rutana.lt\/#\/schema\/logo\/image\/\",\"url\":\"https:\/\/rutana.lt\/wp-content\/uploads\/2025\/10\/Asset-32.png\",\"contentUrl\":\"https:\/\/rutana.lt\/wp-content\/uploads\/2025\/10\/Asset-32.png\",\"width\":433,\"height\":119,\"caption\":\"Rutana - Ra\u0161tin\u0117s reikmenys\"},\"image\":{\"@id\":\"https:\/\/rutana.lt\/#\/schema\/logo\/image\/\"},\"sameAs\":[\"https:\/\/www.facebook.com\/RutanaKanceliarinesPrekes\/\"]}]}<\/script>\n<!-- \/ Yoast SEO plugin. -->","yoast_head_json":{"title":"Popieriniai rank\u0161luos\u010diai \"Wish&Weg\" 2 vnt. dekoruoti Zewa 97311 - Rutana - Ra\u0161tin\u0117s reikmenys","robots":{"index":"index","follow":"follow","max-snippet":"max-snippet:-1","max-image-preview":"max-image-preview:large","max-video-preview":"max-video-preview:-1"},"canonical":"https:\/\/rutana.lt\/en\/product\/popieriniai-ranksluosciai-wishweg-2-vnt-dekoruoti-zewa-97311\/","og_locale":"en_US","og_type":"article","og_title":"Popieriniai rank\u0161luos\u010diai \"Wish&Weg\" 2 vnt. dekoruoti Zewa 97311 - Rutana - Ra\u0161tin\u0117s reikmenys","og_description":"D\u0117l gra\u017eaus virtuv\u0117s dizaino dekoro ir ypa\u010d ilgo ritinio Zewa Wisch&#038;Weg virtuv\u0117s ritin\u0117lis eXtra Long yra patikimas kompanionas, nes jis tarnauja 60 % ilgiau. Ypa\u010d tinka kaip servet\u0117l\u0117. D\u0117l puikios kokyb\u0117s nam\u0173 apyvokos rank\u0161luos\u010diai Zewa Wisch&#038;Weg buvo i\u0161rinkti 2019-\u0173j\u0173 met\u0173 gaminiu, kur\u012f vartotojai i\u0161rinko 2019-\u0173j\u0173 met\u0173 gaminiu pramon\u0117je pirmaujan\u010dio \u017eurnalo \u201eLebensmittel Praxis\u201c (LP) atliktoje apklausoje. [&hellip;]","og_url":"https:\/\/rutana.lt\/en\/product\/popieriniai-ranksluosciai-wishweg-2-vnt-dekoruoti-zewa-97311\/","og_site_name":"Rutana - Ra\u0161tin\u0117s reikmenys","article_publisher":"https:\/\/www.facebook.com\/RutanaKanceliarinesPrekes\/","article_modified_time":"2025-10-13T13:47:22+00:00","og_image":[{"width":600,"height":600,"url":"https:\/\/rutana.lt\/wp-content\/uploads\/2025\/09\/A082-020.jpg","type":"image\/jpeg"}],"twitter_card":"summary_large_image","twitter_misc":{"Est. reading time":"1 minute"},"schema":{"@context":"https:\/\/schema.org","@graph":[{"@type":"WebPage","@id":"https:\/\/rutana.lt\/produktas\/popieriniai-ranksluosciai-wishweg-2-vnt-dekoruoti-zewa-97311\/","url":"https:\/\/rutana.lt\/produktas\/popieriniai-ranksluosciai-wishweg-2-vnt-dekoruoti-zewa-97311\/","name":"Popieriniai rank\u0161luos\u010diai \"Wish&Weg\" 2 vnt. dekoruoti Zewa 97311 - Rutana - Ra\u0161tin\u0117s reikmenys","isPartOf":{"@id":"https:\/\/rutana.lt\/#website"},"primaryImageOfPage":{"@id":"https:\/\/rutana.lt\/produktas\/popieriniai-ranksluosciai-wishweg-2-vnt-dekoruoti-zewa-97311\/#primaryimage"},"image":{"@id":"https:\/\/rutana.lt\/produktas\/popieriniai-ranksluosciai-wishweg-2-vnt-dekoruoti-zewa-97311\/#primaryimage"},"thumbnailUrl":"https:\/\/rutana.lt\/wp-content\/uploads\/2025\/09\/A082-020-1.jpg?v=1763566173","datePublished":"2025-09-03T07:35:21+00:00","dateModified":"2025-10-13T13:47:22+00:00","breadcrumb":{"@id":"https:\/\/rutana.lt\/produktas\/popieriniai-ranksluosciai-wishweg-2-vnt-dekoruoti-zewa-97311\/#breadcrumb"},"inLanguage":"en-US","potentialAction":[{"@type":"ReadAction","target":["https:\/\/rutana.lt\/produktas\/popieriniai-ranksluosciai-wishweg-2-vnt-dekoruoti-zewa-97311\/"]}]},{"@type":"ImageObject","inLanguage":"en-US","@id":"https:\/\/rutana.lt\/produktas\/popieriniai-ranksluosciai-wishweg-2-vnt-dekoruoti-zewa-97311\/#primaryimage","url":"https:\/\/rutana.lt\/wp-content\/uploads\/2025\/09\/A082-020-1.jpg?v=1763566173","contentUrl":"https:\/\/rutana.lt\/wp-content\/uploads\/2025\/09\/A082-020-1.jpg?v=1763566173","width":600,"height":600},{"@type":"BreadcrumbList","@id":"https:\/\/rutana.lt\/produktas\/popieriniai-ranksluosciai-wishweg-2-vnt-dekoruoti-zewa-97311\/#breadcrumb","itemListElement":[{"@type":"ListItem","position":1,"name":"Home","item":"https:\/\/rutana.lt\/"},{"@type":"ListItem","position":2,"name":"Parduotuv\u0117","item":"https:\/\/rutana.lt\/parduotuve\/"},{"@type":"ListItem","position":3,"name":"Popieriniai rank\u0161luos\u010diai &#8222;Wish&#038;Weg&#8221; 2 vnt. dekoruoti Zewa 97311"}]},{"@type":"WebSite","@id":"https:\/\/rutana.lt\/#website","url":"https:\/\/rutana.lt\/","name":"Rutana - Ra\u0161tin\u0117s reikmenys","description":"Prekiaujame pasaulin\u0117je rinkoje pripa\u017eintomis, kokybi\u0161komis biuro prek\u0117mis toki\u0173  gamintoj\u0173 kaip: Schneider, Esselte, Novus, 3M, Faber-Castell, Citizen, Milan, Leitz, Colop, Zebra, Staedtler, Durable, Tork, Parker, Waterman ir kt.","publisher":{"@id":"https:\/\/rutana.lt\/#organization"},"potentialAction":[{"@type":"SearchAction","target":{"@type":"EntryPoint","urlTemplate":"https:\/\/rutana.lt\/?s={search_term_string}"},"query-input":{"@type":"PropertyValueSpecification","valueRequired":true,"valueName":"search_term_string"}}],"inLanguage":"en-US"},{"@type":"Organization","@id":"https:\/\/rutana.lt\/#organization","name":"Rutana - Ra\u0161tin\u0117s reikmenys","url":"https:\/\/rutana.lt\/","logo":{"@type":"ImageObject","inLanguage":"en-US","@id":"https:\/\/rutana.lt\/#\/schema\/logo\/image\/","url":"https:\/\/rutana.lt\/wp-content\/uploads\/2025\/10\/Asset-32.png","contentUrl":"https:\/\/rutana.lt\/wp-content\/uploads\/2025\/10\/Asset-32.png","width":433,"height":119,"caption":"Rutana - Ra\u0161tin\u0117s reikmenys"},"image":{"@id":"https:\/\/rutana.lt\/#\/schema\/logo\/image\/"},"sameAs":["https:\/\/www.facebook.com\/RutanaKanceliarinesPrekes\/"]}]}},"_links":{"self":[{"href":"https:\/\/rutana.lt\/en\/wp-json\/wp\/v2\/product\/14647","targetHints":{"allow":["GET"]}}],"collection":[{"href":"https:\/\/rutana.lt\/en\/wp-json\/wp\/v2\/product"}],"about":[{"href":"https:\/\/rutana.lt\/en\/wp-json\/wp\/v2\/types\/product"}],"replies":[{"embeddable":true,"href":"https:\/\/rutana.lt\/en\/wp-json\/wp\/v2\/comments?post=14647"}],"version-history":[{"count":1,"href":"https:\/\/rutana.lt\/en\/wp-json\/wp\/v2\/product\/14647\/revisions"}],"predecessor-version":[{"id":14685,"href":"https:\/\/rutana.lt\/en\/wp-json\/wp\/v2\/product\/14647\/revisions\/14685"}],"wp:featuredmedia":[{"embeddable":true,"href":"https:\/\/rutana.lt\/en\/wp-json\/wp\/v2\/media\/28494"}],"wp:attachment":[{"href":"https:\/\/rutana.lt\/en\/wp-json\/wp\/v2\/media?parent=14647"}],"wp:term":[{"taxonomy":"product_brand","embeddable":true,"href":"https:\/\/rutana.lt\/en\/wp-json\/wp\/v2\/product_brand?post=14647"},{"taxonomy":"product_cat","embeddable":true,"href":"https:\/\/rutana.lt\/en\/wp-json\/wp\/v2\/product_cat?post=14647"},{"taxonomy":"product_tag","embeddable":true,"href":"https:\/\/rutana.lt\/en\/wp-json\/wp\/v2\/product_tag?post=14647"}],"curies":[{"name":"wp","href":"https:\/\/api.w.org\/{rel}","templated":true}]}}