{"id":14586,"date":"2025-09-03T09:34:57","date_gmt":"2025-09-03T07:34:57","guid":{"rendered":"https:\/\/rutana.webdemo.lt\/?post_type=product&#038;p=14586"},"modified":"2025-10-13T15:47:16","modified_gmt":"2025-10-13T13:47:16","slug":"popierinis-ranksluostis-centrefeed-baltas-centralcarta-fa0204","status":"publish","type":"product","link":"https:\/\/rutana.lt\/en\/product\/popierinis-ranksluostis-centrefeed-baltas-centralcarta-fa0204\/","title":{"rendered":"Popierinis rank\u0161luostis Centrefeed baltas Centralcarta FA0204"},"content":{"rendered":"<p>Auk\u0161tos kokyb\u0117s popierinis rank\u0161luostis ritinyje pagamintas i\u0161 grynos celiulioz\u0117s. Lengvai traukiamas i\u0161 vidaus. Tinkamas s\u0105ly\u010diui su maistu. <\/p>\n<p>Ritinio ilgis: 60 m<\/p>\n<p>Ritinio plotis: 20.3 cm<\/p>\n<p>Ritinio skersmuo: 13 cm<\/p>\n<p>Lapelio ilgis: 20 cm<\/p>\n<p>Lapeli\u0173 kiekis: 120<\/p>\n<p>Sluoksniai: 1<\/p>\n<p>Spalva: balta<\/p>\n<p>Spauda: ne<\/p>\n<p>Kilm\u0117s \u0161alis: Italija<\/p>\n<p><\/p>\n<p><\/p>","protected":false},"excerpt":{"rendered":"<p>Auk\u0161tos kokyb\u0117s popierinis rank\u0161luostis ritinyje pagamintas i\u0161 grynos celiulioz\u0117s. Lengvai traukiamas i\u0161 vidaus. Tinkamas s\u0105ly\u010diui su maistu. Ritinio ilgis: 60 m Ritinio plotis: 20.3 cm Ritinio skersmuo: 13 cm Lapelio ilgis: 20 cm Lapeli\u0173 kiekis: 120 Sluoksniai: 1 Spalva: balta Spauda: ne Kilm\u0117s \u0161alis: Italija<\/p>","protected":false},"featured_media":28481,"comment_status":"open","ping_status":"closed","template":"","meta":{"_season_start":"","_season_end":"","_season_days":"","_season_months":"","_season_auto_visibility":""},"product_brand":[83],"product_cat":[1620],"product_tag":[],"class_list":{"0":"post-14586","1":"product","2":"type-product","3":"status-publish","4":"has-post-thumbnail","6":"product_brand-null","7":"product_cat-popieriniai-ranksluosciai","9":"first","10":"instock","11":"taxable","12":"shipping-taxable","13":"purchasable","14":"product-type-simple"},"yoast_head":"<!-- This site is optimized with the Yoast SEO plugin v26.1.1 - https:\/\/yoast.com\/wordpress\/plugins\/seo\/ -->\n<title>Popierinis rank\u0161luostis Centrefeed baltas Centralcarta FA0204 - Rutana - Ra\u0161tin\u0117s reikmenys<\/title>\n<meta name=\"robots\" content=\"index, follow, max-snippet:-1, max-image-preview:large, max-video-preview:-1\" \/>\n<link rel=\"canonical\" href=\"https:\/\/rutana.lt\/en\/product\/popierinis-ranksluostis-centrefeed-baltas-centralcarta-fa0204\/\" \/>\n<meta property=\"og:locale\" content=\"en_US\" \/>\n<meta property=\"og:type\" content=\"article\" \/>\n<meta property=\"og:title\" content=\"Popierinis rank\u0161luostis Centrefeed baltas Centralcarta FA0204 - Rutana - Ra\u0161tin\u0117s reikmenys\" \/>\n<meta property=\"og:description\" content=\"Auk\u0161tos kokyb\u0117s popierinis rank\u0161luostis ritinyje pagamintas i\u0161 grynos celiulioz\u0117s. Lengvai traukiamas i\u0161 vidaus. Tinkamas s\u0105ly\u010diui su maistu. Ritinio ilgis: 60 m Ritinio plotis: 20.3 cm Ritinio skersmuo: 13 cm Lapelio ilgis: 20 cm Lapeli\u0173 kiekis: 120 Sluoksniai: 1 Spalva: balta Spauda: ne Kilm\u0117s \u0161alis: Italija\" \/>\n<meta property=\"og:url\" content=\"https:\/\/rutana.lt\/en\/product\/popierinis-ranksluostis-centrefeed-baltas-centralcarta-fa0204\/\" \/>\n<meta property=\"og:site_name\" content=\"Rutana - Ra\u0161tin\u0117s reikmenys\" \/>\n<meta property=\"article:publisher\" content=\"https:\/\/www.facebook.com\/RutanaKanceliarinesPrekes\/\" \/>\n<meta property=\"article:modified_time\" content=\"2025-10-13T13:47:16+00:00\" \/>\n<meta property=\"og:image\" content=\"https:\/\/rutana.lt\/wp-content\/uploads\/2025\/09\/A082-026.jpg\" \/>\n\t<meta property=\"og:image:width\" content=\"600\" \/>\n\t<meta property=\"og:image:height\" content=\"600\" \/>\n\t<meta property=\"og:image:type\" content=\"image\/jpeg\" \/>\n<meta name=\"twitter:card\" content=\"summary_large_image\" \/>\n<script type=\"application\/ld+json\" class=\"yoast-schema-graph\">{\"@context\":\"https:\/\/schema.org\",\"@graph\":[{\"@type\":\"WebPage\",\"@id\":\"https:\/\/rutana.lt\/produktas\/popierinis-ranksluostis-centrefeed-baltas-centralcarta-fa0204\/\",\"url\":\"https:\/\/rutana.lt\/produktas\/popierinis-ranksluostis-centrefeed-baltas-centralcarta-fa0204\/\",\"name\":\"Popierinis rank\u0161luostis Centrefeed baltas Centralcarta FA0204 - Rutana - Ra\u0161tin\u0117s reikmenys\",\"isPartOf\":{\"@id\":\"https:\/\/rutana.lt\/#website\"},\"primaryImageOfPage\":{\"@id\":\"https:\/\/rutana.lt\/produktas\/popierinis-ranksluostis-centrefeed-baltas-centralcarta-fa0204\/#primaryimage\"},\"image\":{\"@id\":\"https:\/\/rutana.lt\/produktas\/popierinis-ranksluostis-centrefeed-baltas-centralcarta-fa0204\/#primaryimage\"},\"thumbnailUrl\":\"https:\/\/rutana.lt\/wp-content\/uploads\/2025\/09\/A082-026-1.jpg?v=1763566189\",\"datePublished\":\"2025-09-03T07:34:57+00:00\",\"dateModified\":\"2025-10-13T13:47:16+00:00\",\"breadcrumb\":{\"@id\":\"https:\/\/rutana.lt\/produktas\/popierinis-ranksluostis-centrefeed-baltas-centralcarta-fa0204\/#breadcrumb\"},\"inLanguage\":\"en-US\",\"potentialAction\":[{\"@type\":\"ReadAction\",\"target\":[\"https:\/\/rutana.lt\/produktas\/popierinis-ranksluostis-centrefeed-baltas-centralcarta-fa0204\/\"]}]},{\"@type\":\"ImageObject\",\"inLanguage\":\"en-US\",\"@id\":\"https:\/\/rutana.lt\/produktas\/popierinis-ranksluostis-centrefeed-baltas-centralcarta-fa0204\/#primaryimage\",\"url\":\"https:\/\/rutana.lt\/wp-content\/uploads\/2025\/09\/A082-026-1.jpg?v=1763566189\",\"contentUrl\":\"https:\/\/rutana.lt\/wp-content\/uploads\/2025\/09\/A082-026-1.jpg?v=1763566189\",\"width\":600,\"height\":600},{\"@type\":\"BreadcrumbList\",\"@id\":\"https:\/\/rutana.lt\/produktas\/popierinis-ranksluostis-centrefeed-baltas-centralcarta-fa0204\/#breadcrumb\",\"itemListElement\":[{\"@type\":\"ListItem\",\"position\":1,\"name\":\"Home\",\"item\":\"https:\/\/rutana.lt\/\"},{\"@type\":\"ListItem\",\"position\":2,\"name\":\"Parduotuv\u0117\",\"item\":\"https:\/\/rutana.lt\/parduotuve\/\"},{\"@type\":\"ListItem\",\"position\":3,\"name\":\"Popierinis rank\u0161luostis Centrefeed baltas Centralcarta FA0204\"}]},{\"@type\":\"WebSite\",\"@id\":\"https:\/\/rutana.lt\/#website\",\"url\":\"https:\/\/rutana.lt\/\",\"name\":\"Rutana - Ra\u0161tin\u0117s reikmenys\",\"description\":\"Prekiaujame pasaulin\u0117je rinkoje pripa\u017eintomis, kokybi\u0161komis biuro prek\u0117mis toki\u0173  gamintoj\u0173 kaip: Schneider, Esselte, Novus, 3M, Faber-Castell, Citizen, Milan, Leitz, Colop, Zebra, Staedtler, Durable, Tork, Parker, Waterman ir kt.\",\"publisher\":{\"@id\":\"https:\/\/rutana.lt\/#organization\"},\"potentialAction\":[{\"@type\":\"SearchAction\",\"target\":{\"@type\":\"EntryPoint\",\"urlTemplate\":\"https:\/\/rutana.lt\/?s={search_term_string}\"},\"query-input\":{\"@type\":\"PropertyValueSpecification\",\"valueRequired\":true,\"valueName\":\"search_term_string\"}}],\"inLanguage\":\"en-US\"},{\"@type\":\"Organization\",\"@id\":\"https:\/\/rutana.lt\/#organization\",\"name\":\"Rutana - Ra\u0161tin\u0117s reikmenys\",\"url\":\"https:\/\/rutana.lt\/\",\"logo\":{\"@type\":\"ImageObject\",\"inLanguage\":\"en-US\",\"@id\":\"https:\/\/rutana.lt\/#\/schema\/logo\/image\/\",\"url\":\"https:\/\/rutana.lt\/wp-content\/uploads\/2025\/10\/Asset-32.png\",\"contentUrl\":\"https:\/\/rutana.lt\/wp-content\/uploads\/2025\/10\/Asset-32.png\",\"width\":433,\"height\":119,\"caption\":\"Rutana - Ra\u0161tin\u0117s reikmenys\"},\"image\":{\"@id\":\"https:\/\/rutana.lt\/#\/schema\/logo\/image\/\"},\"sameAs\":[\"https:\/\/www.facebook.com\/RutanaKanceliarinesPrekes\/\"]}]}<\/script>\n<!-- \/ Yoast SEO plugin. -->","yoast_head_json":{"title":"Popierinis rank\u0161luostis Centrefeed baltas Centralcarta FA0204 - Rutana - Ra\u0161tin\u0117s reikmenys","robots":{"index":"index","follow":"follow","max-snippet":"max-snippet:-1","max-image-preview":"max-image-preview:large","max-video-preview":"max-video-preview:-1"},"canonical":"https:\/\/rutana.lt\/en\/product\/popierinis-ranksluostis-centrefeed-baltas-centralcarta-fa0204\/","og_locale":"en_US","og_type":"article","og_title":"Popierinis rank\u0161luostis Centrefeed baltas Centralcarta FA0204 - Rutana - Ra\u0161tin\u0117s reikmenys","og_description":"Auk\u0161tos kokyb\u0117s popierinis rank\u0161luostis ritinyje pagamintas i\u0161 grynos celiulioz\u0117s. Lengvai traukiamas i\u0161 vidaus. Tinkamas s\u0105ly\u010diui su maistu. Ritinio ilgis: 60 m Ritinio plotis: 20.3 cm Ritinio skersmuo: 13 cm Lapelio ilgis: 20 cm Lapeli\u0173 kiekis: 120 Sluoksniai: 1 Spalva: balta Spauda: ne Kilm\u0117s \u0161alis: Italija","og_url":"https:\/\/rutana.lt\/en\/product\/popierinis-ranksluostis-centrefeed-baltas-centralcarta-fa0204\/","og_site_name":"Rutana - Ra\u0161tin\u0117s reikmenys","article_publisher":"https:\/\/www.facebook.com\/RutanaKanceliarinesPrekes\/","article_modified_time":"2025-10-13T13:47:16+00:00","og_image":[{"width":600,"height":600,"url":"https:\/\/rutana.lt\/wp-content\/uploads\/2025\/09\/A082-026.jpg","type":"image\/jpeg"}],"twitter_card":"summary_large_image","schema":{"@context":"https:\/\/schema.org","@graph":[{"@type":"WebPage","@id":"https:\/\/rutana.lt\/produktas\/popierinis-ranksluostis-centrefeed-baltas-centralcarta-fa0204\/","url":"https:\/\/rutana.lt\/produktas\/popierinis-ranksluostis-centrefeed-baltas-centralcarta-fa0204\/","name":"Popierinis rank\u0161luostis Centrefeed baltas Centralcarta FA0204 - Rutana - Ra\u0161tin\u0117s reikmenys","isPartOf":{"@id":"https:\/\/rutana.lt\/#website"},"primaryImageOfPage":{"@id":"https:\/\/rutana.lt\/produktas\/popierinis-ranksluostis-centrefeed-baltas-centralcarta-fa0204\/#primaryimage"},"image":{"@id":"https:\/\/rutana.lt\/produktas\/popierinis-ranksluostis-centrefeed-baltas-centralcarta-fa0204\/#primaryimage"},"thumbnailUrl":"https:\/\/rutana.lt\/wp-content\/uploads\/2025\/09\/A082-026-1.jpg?v=1763566189","datePublished":"2025-09-03T07:34:57+00:00","dateModified":"2025-10-13T13:47:16+00:00","breadcrumb":{"@id":"https:\/\/rutana.lt\/produktas\/popierinis-ranksluostis-centrefeed-baltas-centralcarta-fa0204\/#breadcrumb"},"inLanguage":"en-US","potentialAction":[{"@type":"ReadAction","target":["https:\/\/rutana.lt\/produktas\/popierinis-ranksluostis-centrefeed-baltas-centralcarta-fa0204\/"]}]},{"@type":"ImageObject","inLanguage":"en-US","@id":"https:\/\/rutana.lt\/produktas\/popierinis-ranksluostis-centrefeed-baltas-centralcarta-fa0204\/#primaryimage","url":"https:\/\/rutana.lt\/wp-content\/uploads\/2025\/09\/A082-026-1.jpg?v=1763566189","contentUrl":"https:\/\/rutana.lt\/wp-content\/uploads\/2025\/09\/A082-026-1.jpg?v=1763566189","width":600,"height":600},{"@type":"BreadcrumbList","@id":"https:\/\/rutana.lt\/produktas\/popierinis-ranksluostis-centrefeed-baltas-centralcarta-fa0204\/#breadcrumb","itemListElement":[{"@type":"ListItem","position":1,"name":"Home","item":"https:\/\/rutana.lt\/"},{"@type":"ListItem","position":2,"name":"Parduotuv\u0117","item":"https:\/\/rutana.lt\/parduotuve\/"},{"@type":"ListItem","position":3,"name":"Popierinis rank\u0161luostis Centrefeed baltas Centralcarta FA0204"}]},{"@type":"WebSite","@id":"https:\/\/rutana.lt\/#website","url":"https:\/\/rutana.lt\/","name":"Rutana - Ra\u0161tin\u0117s reikmenys","description":"Prekiaujame pasaulin\u0117je rinkoje pripa\u017eintomis, kokybi\u0161komis biuro prek\u0117mis toki\u0173  gamintoj\u0173 kaip: Schneider, Esselte, Novus, 3M, Faber-Castell, Citizen, Milan, Leitz, Colop, Zebra, Staedtler, Durable, Tork, Parker, Waterman ir kt.","publisher":{"@id":"https:\/\/rutana.lt\/#organization"},"potentialAction":[{"@type":"SearchAction","target":{"@type":"EntryPoint","urlTemplate":"https:\/\/rutana.lt\/?s={search_term_string}"},"query-input":{"@type":"PropertyValueSpecification","valueRequired":true,"valueName":"search_term_string"}}],"inLanguage":"en-US"},{"@type":"Organization","@id":"https:\/\/rutana.lt\/#organization","name":"Rutana - Ra\u0161tin\u0117s reikmenys","url":"https:\/\/rutana.lt\/","logo":{"@type":"ImageObject","inLanguage":"en-US","@id":"https:\/\/rutana.lt\/#\/schema\/logo\/image\/","url":"https:\/\/rutana.lt\/wp-content\/uploads\/2025\/10\/Asset-32.png","contentUrl":"https:\/\/rutana.lt\/wp-content\/uploads\/2025\/10\/Asset-32.png","width":433,"height":119,"caption":"Rutana - Ra\u0161tin\u0117s reikmenys"},"image":{"@id":"https:\/\/rutana.lt\/#\/schema\/logo\/image\/"},"sameAs":["https:\/\/www.facebook.com\/RutanaKanceliarinesPrekes\/"]}]}},"_links":{"self":[{"href":"https:\/\/rutana.lt\/en\/wp-json\/wp\/v2\/product\/14586","targetHints":{"allow":["GET"]}}],"collection":[{"href":"https:\/\/rutana.lt\/en\/wp-json\/wp\/v2\/product"}],"about":[{"href":"https:\/\/rutana.lt\/en\/wp-json\/wp\/v2\/types\/product"}],"replies":[{"embeddable":true,"href":"https:\/\/rutana.lt\/en\/wp-json\/wp\/v2\/comments?post=14586"}],"version-history":[{"count":1,"href":"https:\/\/rutana.lt\/en\/wp-json\/wp\/v2\/product\/14586\/revisions"}],"predecessor-version":[{"id":14635,"href":"https:\/\/rutana.lt\/en\/wp-json\/wp\/v2\/product\/14586\/revisions\/14635"}],"wp:featuredmedia":[{"embeddable":true,"href":"https:\/\/rutana.lt\/en\/wp-json\/wp\/v2\/media\/28481"}],"wp:attachment":[{"href":"https:\/\/rutana.lt\/en\/wp-json\/wp\/v2\/media?parent=14586"}],"wp:term":[{"taxonomy":"product_brand","embeddable":true,"href":"https:\/\/rutana.lt\/en\/wp-json\/wp\/v2\/product_brand?post=14586"},{"taxonomy":"product_cat","embeddable":true,"href":"https:\/\/rutana.lt\/en\/wp-json\/wp\/v2\/product_cat?post=14586"},{"taxonomy":"product_tag","embeddable":true,"href":"https:\/\/rutana.lt\/en\/wp-json\/wp\/v2\/product_tag?post=14586"}],"curies":[{"name":"wp","href":"https:\/\/api.w.org\/{rel}","templated":true}]}}