{"id":14585,"date":"2025-09-03T09:34:57","date_gmt":"2025-09-03T07:34:57","guid":{"rendered":"https:\/\/rutana.webdemo.lt\/?post_type=product&#038;p=14585"},"modified":"2025-10-13T15:47:16","modified_gmt":"2025-10-13T13:47:16","slug":"popieriniai-ranksluosciai-lapeliais-h2-z-formos-balti-paperdi-az-802-206","status":"publish","type":"product","link":"https:\/\/rutana.lt\/en\/product\/popieriniai-ranksluosciai-lapeliais-h2-z-formos-balti-paperdi-az-802-206\/","title":{"rendered":"Popieriniai rank\u0161luos\u010diai lapeliais H2 Z-formos balti Paperdi AZ.802\/206"},"content":{"rendered":"<p style=\"margin-bottom: 0px; padding: 0px; border: 0px; font-variant-numeric: inherit; font-variant-east-asian: inherit; font-stretch: inherit; line-height: 1.8; vertical-align: baseline;\">Kokybi\u0161ki lapiniai popieriniai rank\u0161luos\u010diai, 2 sluoksni\u0173. &#8222;Z&#8221; sulankstymo b\u016bdas u\u017etikrina, kad i\u0161traukus vien\u0105 lapel\u012f visada liks i\u0161lind\u0119s kito lapelio kra\u0161tas patogiam i\u0161traukimui. I\u0161 laikiklio po vien\u0105 i\u0161traukiami rank\u0161luos\u010diai yra higieni\u0161ki ir pritaikyti greitai bei patogiai nusausinti rankas. Pagal naujausias technologijas gaminami lapiniai rank\u0161luos\u010diai i\u0161laiko optimal\u0173 vandens sugeriamumo ir tvirtumo balans\u0105.<br \/>Naudojama laikikli\u0173 sistema: H2 &#8211; rank\u0161luos\u010di\u0173 sistema<br \/>I\u0161lankstytos servet\u0117l\u0117s ilgis: 24 cm<br \/>I\u0161lankstytos servet\u0117l\u0117s plotis: 20.6 cm<br \/>Sulankstyt\u0173 servet\u0117li\u0173 pakuot\u0117s plotis: 20.6 cm<br \/>Servet\u0117li\u0173 kiekis pakuot\u0117je: 150 <br \/>Sluoksniai: 2<br \/>Spalva: balta<br \/>Spauda: ne<br \/>Kilm\u0117s \u0161alis: Italija<\/p>\n<p style=\"line-height: 1.8;\"><\/p>","protected":false},"excerpt":{"rendered":"<p>Kokybi\u0161ki lapiniai popieriniai rank\u0161luos\u010diai, 2 sluoksni\u0173. &#8222;Z&#8221; sulankstymo b\u016bdas u\u017etikrina, kad i\u0161traukus vien\u0105 lapel\u012f visada liks i\u0161lind\u0119s kito lapelio kra\u0161tas patogiam i\u0161traukimui. I\u0161 laikiklio po vien\u0105 i\u0161traukiami rank\u0161luos\u010diai yra higieni\u0161ki ir pritaikyti greitai bei patogiai nusausinti rankas. Pagal naujausias technologijas gaminami lapiniai rank\u0161luos\u010diai i\u0161laiko optimal\u0173 vandens sugeriamumo ir tvirtumo balans\u0105.Naudojama laikikli\u0173 sistema: H2 &#8211; rank\u0161luos\u010di\u0173 [&hellip;]<\/p>","protected":false},"featured_media":28480,"comment_status":"open","ping_status":"closed","template":"","meta":{"_season_start":"","_season_end":"","_season_days":"","_season_months":"","_season_auto_visibility":""},"product_brand":[775],"product_cat":[1620],"product_tag":[],"class_list":{"0":"post-14585","1":"product","2":"type-product","3":"status-publish","4":"has-post-thumbnail","6":"product_brand-paperdi","7":"product_cat-popieriniai-ranksluosciai","9":"first","10":"instock","11":"taxable","12":"shipping-taxable","13":"purchasable","14":"product-type-simple"},"yoast_head":"<!-- This site is optimized with the Yoast SEO plugin v26.1.1 - https:\/\/yoast.com\/wordpress\/plugins\/seo\/ -->\n<title>Popieriniai rank\u0161luos\u010diai lapeliais H2 Z-formos balti Paperdi AZ.802\/206 - Rutana - Ra\u0161tin\u0117s reikmenys<\/title>\n<meta name=\"robots\" content=\"index, follow, max-snippet:-1, max-image-preview:large, max-video-preview:-1\" \/>\n<link rel=\"canonical\" href=\"https:\/\/rutana.lt\/en\/product\/popieriniai-ranksluosciai-lapeliais-h2-z-formos-balti-paperdi-az-802-206\/\" \/>\n<meta property=\"og:locale\" content=\"en_US\" \/>\n<meta property=\"og:type\" content=\"article\" \/>\n<meta property=\"og:title\" content=\"Popieriniai rank\u0161luos\u010diai lapeliais H2 Z-formos balti Paperdi AZ.802\/206 - Rutana - Ra\u0161tin\u0117s reikmenys\" \/>\n<meta property=\"og:description\" content=\"Kokybi\u0161ki lapiniai popieriniai rank\u0161luos\u010diai, 2 sluoksni\u0173. &#8222;Z&#8221; sulankstymo b\u016bdas u\u017etikrina, kad i\u0161traukus vien\u0105 lapel\u012f visada liks i\u0161lind\u0119s kito lapelio kra\u0161tas patogiam i\u0161traukimui. I\u0161 laikiklio po vien\u0105 i\u0161traukiami rank\u0161luos\u010diai yra higieni\u0161ki ir pritaikyti greitai bei patogiai nusausinti rankas. Pagal naujausias technologijas gaminami lapiniai rank\u0161luos\u010diai i\u0161laiko optimal\u0173 vandens sugeriamumo ir tvirtumo balans\u0105.Naudojama laikikli\u0173 sistema: H2 &#8211; rank\u0161luos\u010di\u0173 [&hellip;]\" \/>\n<meta property=\"og:url\" content=\"https:\/\/rutana.lt\/en\/product\/popieriniai-ranksluosciai-lapeliais-h2-z-formos-balti-paperdi-az-802-206\/\" \/>\n<meta property=\"og:site_name\" content=\"Rutana - Ra\u0161tin\u0117s reikmenys\" \/>\n<meta property=\"article:publisher\" content=\"https:\/\/www.facebook.com\/RutanaKanceliarinesPrekes\/\" \/>\n<meta property=\"article:modified_time\" content=\"2025-10-13T13:47:16+00:00\" \/>\n<meta property=\"og:image\" content=\"https:\/\/rutana.lt\/wp-content\/uploads\/2025\/09\/A083-755.jpg\" \/>\n\t<meta property=\"og:image:width\" content=\"600\" \/>\n\t<meta property=\"og:image:height\" content=\"600\" \/>\n\t<meta property=\"og:image:type\" content=\"image\/jpeg\" \/>\n<meta name=\"twitter:card\" content=\"summary_large_image\" \/>\n<meta name=\"twitter:label1\" content=\"Est. reading time\" \/>\n\t<meta name=\"twitter:data1\" content=\"1 minute\" \/>\n<script type=\"application\/ld+json\" class=\"yoast-schema-graph\">{\"@context\":\"https:\/\/schema.org\",\"@graph\":[{\"@type\":\"WebPage\",\"@id\":\"https:\/\/rutana.lt\/produktas\/popieriniai-ranksluosciai-lapeliais-h2-z-formos-balti-paperdi-az-802-206\/\",\"url\":\"https:\/\/rutana.lt\/produktas\/popieriniai-ranksluosciai-lapeliais-h2-z-formos-balti-paperdi-az-802-206\/\",\"name\":\"Popieriniai rank\u0161luos\u010diai lapeliais H2 Z-formos balti Paperdi AZ.802\/206 - Rutana - Ra\u0161tin\u0117s reikmenys\",\"isPartOf\":{\"@id\":\"https:\/\/rutana.lt\/#website\"},\"primaryImageOfPage\":{\"@id\":\"https:\/\/rutana.lt\/produktas\/popieriniai-ranksluosciai-lapeliais-h2-z-formos-balti-paperdi-az-802-206\/#primaryimage\"},\"image\":{\"@id\":\"https:\/\/rutana.lt\/produktas\/popieriniai-ranksluosciai-lapeliais-h2-z-formos-balti-paperdi-az-802-206\/#primaryimage\"},\"thumbnailUrl\":\"https:\/\/rutana.lt\/wp-content\/uploads\/2025\/09\/A083-755-1.jpg?v=1763566192\",\"datePublished\":\"2025-09-03T07:34:57+00:00\",\"dateModified\":\"2025-10-13T13:47:16+00:00\",\"breadcrumb\":{\"@id\":\"https:\/\/rutana.lt\/produktas\/popieriniai-ranksluosciai-lapeliais-h2-z-formos-balti-paperdi-az-802-206\/#breadcrumb\"},\"inLanguage\":\"en-US\",\"potentialAction\":[{\"@type\":\"ReadAction\",\"target\":[\"https:\/\/rutana.lt\/produktas\/popieriniai-ranksluosciai-lapeliais-h2-z-formos-balti-paperdi-az-802-206\/\"]}]},{\"@type\":\"ImageObject\",\"inLanguage\":\"en-US\",\"@id\":\"https:\/\/rutana.lt\/produktas\/popieriniai-ranksluosciai-lapeliais-h2-z-formos-balti-paperdi-az-802-206\/#primaryimage\",\"url\":\"https:\/\/rutana.lt\/wp-content\/uploads\/2025\/09\/A083-755-1.jpg?v=1763566192\",\"contentUrl\":\"https:\/\/rutana.lt\/wp-content\/uploads\/2025\/09\/A083-755-1.jpg?v=1763566192\",\"width\":600,\"height\":600},{\"@type\":\"BreadcrumbList\",\"@id\":\"https:\/\/rutana.lt\/produktas\/popieriniai-ranksluosciai-lapeliais-h2-z-formos-balti-paperdi-az-802-206\/#breadcrumb\",\"itemListElement\":[{\"@type\":\"ListItem\",\"position\":1,\"name\":\"Home\",\"item\":\"https:\/\/rutana.lt\/\"},{\"@type\":\"ListItem\",\"position\":2,\"name\":\"Parduotuv\u0117\",\"item\":\"https:\/\/rutana.lt\/parduotuve\/\"},{\"@type\":\"ListItem\",\"position\":3,\"name\":\"Popieriniai rank\u0161luos\u010diai lapeliais H2 Z-formos balti Paperdi AZ.802\/206\"}]},{\"@type\":\"WebSite\",\"@id\":\"https:\/\/rutana.lt\/#website\",\"url\":\"https:\/\/rutana.lt\/\",\"name\":\"Rutana - Ra\u0161tin\u0117s reikmenys\",\"description\":\"Prekiaujame pasaulin\u0117je rinkoje pripa\u017eintomis, kokybi\u0161komis biuro prek\u0117mis toki\u0173  gamintoj\u0173 kaip: Schneider, Esselte, Novus, 3M, Faber-Castell, Citizen, Milan, Leitz, Colop, Zebra, Staedtler, Durable, Tork, Parker, Waterman ir kt.\",\"publisher\":{\"@id\":\"https:\/\/rutana.lt\/#organization\"},\"potentialAction\":[{\"@type\":\"SearchAction\",\"target\":{\"@type\":\"EntryPoint\",\"urlTemplate\":\"https:\/\/rutana.lt\/?s={search_term_string}\"},\"query-input\":{\"@type\":\"PropertyValueSpecification\",\"valueRequired\":true,\"valueName\":\"search_term_string\"}}],\"inLanguage\":\"en-US\"},{\"@type\":\"Organization\",\"@id\":\"https:\/\/rutana.lt\/#organization\",\"name\":\"Rutana - Ra\u0161tin\u0117s reikmenys\",\"url\":\"https:\/\/rutana.lt\/\",\"logo\":{\"@type\":\"ImageObject\",\"inLanguage\":\"en-US\",\"@id\":\"https:\/\/rutana.lt\/#\/schema\/logo\/image\/\",\"url\":\"https:\/\/rutana.lt\/wp-content\/uploads\/2025\/10\/Asset-32.png\",\"contentUrl\":\"https:\/\/rutana.lt\/wp-content\/uploads\/2025\/10\/Asset-32.png\",\"width\":433,\"height\":119,\"caption\":\"Rutana - Ra\u0161tin\u0117s reikmenys\"},\"image\":{\"@id\":\"https:\/\/rutana.lt\/#\/schema\/logo\/image\/\"},\"sameAs\":[\"https:\/\/www.facebook.com\/RutanaKanceliarinesPrekes\/\"]}]}<\/script>\n<!-- \/ Yoast SEO plugin. -->","yoast_head_json":{"title":"Popieriniai rank\u0161luos\u010diai lapeliais H2 Z-formos balti Paperdi AZ.802\/206 - Rutana - Ra\u0161tin\u0117s reikmenys","robots":{"index":"index","follow":"follow","max-snippet":"max-snippet:-1","max-image-preview":"max-image-preview:large","max-video-preview":"max-video-preview:-1"},"canonical":"https:\/\/rutana.lt\/en\/product\/popieriniai-ranksluosciai-lapeliais-h2-z-formos-balti-paperdi-az-802-206\/","og_locale":"en_US","og_type":"article","og_title":"Popieriniai rank\u0161luos\u010diai lapeliais H2 Z-formos balti Paperdi AZ.802\/206 - Rutana - Ra\u0161tin\u0117s reikmenys","og_description":"Kokybi\u0161ki lapiniai popieriniai rank\u0161luos\u010diai, 2 sluoksni\u0173. &#8222;Z&#8221; sulankstymo b\u016bdas u\u017etikrina, kad i\u0161traukus vien\u0105 lapel\u012f visada liks i\u0161lind\u0119s kito lapelio kra\u0161tas patogiam i\u0161traukimui. I\u0161 laikiklio po vien\u0105 i\u0161traukiami rank\u0161luos\u010diai yra higieni\u0161ki ir pritaikyti greitai bei patogiai nusausinti rankas. Pagal naujausias technologijas gaminami lapiniai rank\u0161luos\u010diai i\u0161laiko optimal\u0173 vandens sugeriamumo ir tvirtumo balans\u0105.Naudojama laikikli\u0173 sistema: H2 &#8211; rank\u0161luos\u010di\u0173 [&hellip;]","og_url":"https:\/\/rutana.lt\/en\/product\/popieriniai-ranksluosciai-lapeliais-h2-z-formos-balti-paperdi-az-802-206\/","og_site_name":"Rutana - Ra\u0161tin\u0117s reikmenys","article_publisher":"https:\/\/www.facebook.com\/RutanaKanceliarinesPrekes\/","article_modified_time":"2025-10-13T13:47:16+00:00","og_image":[{"width":600,"height":600,"url":"https:\/\/rutana.lt\/wp-content\/uploads\/2025\/09\/A083-755.jpg","type":"image\/jpeg"}],"twitter_card":"summary_large_image","twitter_misc":{"Est. reading time":"1 minute"},"schema":{"@context":"https:\/\/schema.org","@graph":[{"@type":"WebPage","@id":"https:\/\/rutana.lt\/produktas\/popieriniai-ranksluosciai-lapeliais-h2-z-formos-balti-paperdi-az-802-206\/","url":"https:\/\/rutana.lt\/produktas\/popieriniai-ranksluosciai-lapeliais-h2-z-formos-balti-paperdi-az-802-206\/","name":"Popieriniai rank\u0161luos\u010diai lapeliais H2 Z-formos balti Paperdi AZ.802\/206 - Rutana - Ra\u0161tin\u0117s reikmenys","isPartOf":{"@id":"https:\/\/rutana.lt\/#website"},"primaryImageOfPage":{"@id":"https:\/\/rutana.lt\/produktas\/popieriniai-ranksluosciai-lapeliais-h2-z-formos-balti-paperdi-az-802-206\/#primaryimage"},"image":{"@id":"https:\/\/rutana.lt\/produktas\/popieriniai-ranksluosciai-lapeliais-h2-z-formos-balti-paperdi-az-802-206\/#primaryimage"},"thumbnailUrl":"https:\/\/rutana.lt\/wp-content\/uploads\/2025\/09\/A083-755-1.jpg?v=1763566192","datePublished":"2025-09-03T07:34:57+00:00","dateModified":"2025-10-13T13:47:16+00:00","breadcrumb":{"@id":"https:\/\/rutana.lt\/produktas\/popieriniai-ranksluosciai-lapeliais-h2-z-formos-balti-paperdi-az-802-206\/#breadcrumb"},"inLanguage":"en-US","potentialAction":[{"@type":"ReadAction","target":["https:\/\/rutana.lt\/produktas\/popieriniai-ranksluosciai-lapeliais-h2-z-formos-balti-paperdi-az-802-206\/"]}]},{"@type":"ImageObject","inLanguage":"en-US","@id":"https:\/\/rutana.lt\/produktas\/popieriniai-ranksluosciai-lapeliais-h2-z-formos-balti-paperdi-az-802-206\/#primaryimage","url":"https:\/\/rutana.lt\/wp-content\/uploads\/2025\/09\/A083-755-1.jpg?v=1763566192","contentUrl":"https:\/\/rutana.lt\/wp-content\/uploads\/2025\/09\/A083-755-1.jpg?v=1763566192","width":600,"height":600},{"@type":"BreadcrumbList","@id":"https:\/\/rutana.lt\/produktas\/popieriniai-ranksluosciai-lapeliais-h2-z-formos-balti-paperdi-az-802-206\/#breadcrumb","itemListElement":[{"@type":"ListItem","position":1,"name":"Home","item":"https:\/\/rutana.lt\/"},{"@type":"ListItem","position":2,"name":"Parduotuv\u0117","item":"https:\/\/rutana.lt\/parduotuve\/"},{"@type":"ListItem","position":3,"name":"Popieriniai rank\u0161luos\u010diai lapeliais H2 Z-formos balti Paperdi AZ.802\/206"}]},{"@type":"WebSite","@id":"https:\/\/rutana.lt\/#website","url":"https:\/\/rutana.lt\/","name":"Rutana - Ra\u0161tin\u0117s reikmenys","description":"Prekiaujame pasaulin\u0117je rinkoje pripa\u017eintomis, kokybi\u0161komis biuro prek\u0117mis toki\u0173  gamintoj\u0173 kaip: Schneider, Esselte, Novus, 3M, Faber-Castell, Citizen, Milan, Leitz, Colop, Zebra, Staedtler, Durable, Tork, Parker, Waterman ir kt.","publisher":{"@id":"https:\/\/rutana.lt\/#organization"},"potentialAction":[{"@type":"SearchAction","target":{"@type":"EntryPoint","urlTemplate":"https:\/\/rutana.lt\/?s={search_term_string}"},"query-input":{"@type":"PropertyValueSpecification","valueRequired":true,"valueName":"search_term_string"}}],"inLanguage":"en-US"},{"@type":"Organization","@id":"https:\/\/rutana.lt\/#organization","name":"Rutana - Ra\u0161tin\u0117s reikmenys","url":"https:\/\/rutana.lt\/","logo":{"@type":"ImageObject","inLanguage":"en-US","@id":"https:\/\/rutana.lt\/#\/schema\/logo\/image\/","url":"https:\/\/rutana.lt\/wp-content\/uploads\/2025\/10\/Asset-32.png","contentUrl":"https:\/\/rutana.lt\/wp-content\/uploads\/2025\/10\/Asset-32.png","width":433,"height":119,"caption":"Rutana - Ra\u0161tin\u0117s reikmenys"},"image":{"@id":"https:\/\/rutana.lt\/#\/schema\/logo\/image\/"},"sameAs":["https:\/\/www.facebook.com\/RutanaKanceliarinesPrekes\/"]}]}},"_links":{"self":[{"href":"https:\/\/rutana.lt\/en\/wp-json\/wp\/v2\/product\/14585","targetHints":{"allow":["GET"]}}],"collection":[{"href":"https:\/\/rutana.lt\/en\/wp-json\/wp\/v2\/product"}],"about":[{"href":"https:\/\/rutana.lt\/en\/wp-json\/wp\/v2\/types\/product"}],"replies":[{"embeddable":true,"href":"https:\/\/rutana.lt\/en\/wp-json\/wp\/v2\/comments?post=14585"}],"version-history":[{"count":1,"href":"https:\/\/rutana.lt\/en\/wp-json\/wp\/v2\/product\/14585\/revisions"}],"predecessor-version":[{"id":14633,"href":"https:\/\/rutana.lt\/en\/wp-json\/wp\/v2\/product\/14585\/revisions\/14633"}],"wp:featuredmedia":[{"embeddable":true,"href":"https:\/\/rutana.lt\/en\/wp-json\/wp\/v2\/media\/28480"}],"wp:attachment":[{"href":"https:\/\/rutana.lt\/en\/wp-json\/wp\/v2\/media?parent=14585"}],"wp:term":[{"taxonomy":"product_brand","embeddable":true,"href":"https:\/\/rutana.lt\/en\/wp-json\/wp\/v2\/product_brand?post=14585"},{"taxonomy":"product_cat","embeddable":true,"href":"https:\/\/rutana.lt\/en\/wp-json\/wp\/v2\/product_cat?post=14585"},{"taxonomy":"product_tag","embeddable":true,"href":"https:\/\/rutana.lt\/en\/wp-json\/wp\/v2\/product_tag?post=14585"}],"curies":[{"name":"wp","href":"https:\/\/api.w.org\/{rel}","templated":true}]}}