{"id":14581,"date":"2025-09-03T09:34:57","date_gmt":"2025-09-03T07:34:57","guid":{"rendered":"https:\/\/rutana.webdemo.lt\/?post_type=product&#038;p=14581"},"modified":"2025-10-13T15:47:14","modified_gmt":"2025-10-13T13:47:14","slug":"uzrasu-knygute-su-gumele-a5-roth-juoda-raudona-hd-93592-105","status":"publish","type":"product","link":"https:\/\/rutana.lt\/en\/product\/uzrasu-knygute-su-gumele-a5-roth-juoda-raudona-hd-93592-105\/","title":{"rendered":"U\u017era\u0161\u0173 knygut\u0117 su gumele A5 &#8222;Roth&#8221; juoda\/raudona HD 93592-105"},"content":{"rendered":"<p>A5 formato u\u017era\u0161\u0173 knygel\u0117 su PU kietu vir\u0161eliu. Knygut\u0117je yra 160 puslapiai su linijomis, skiriam\u0105ja juosta ir gumine juostele. Taip pat turi vidin\u0119 ki\u0161en\u0119 ir ra\u0161iklio laikiklis ( ra\u0161iklis nepridedamas ).<\/p>\n<p>Ant knygut\u0117s galima u\u017ed\u0117ti reklamin\u012f \u012fmon\u0117s logotip\u0105 ar kitok\u012f u\u017era\u0161\u0105 jums pageidaujamoje vietoje bei j\u016bs\u0173 pasirinktu b\u016bdu. Kaina nurodyta tik knygut\u0117s, be u\u017era\u0161o. U\u017era\u0161o kaina priklauso nuo u\u017esakomo kiekio ir u\u017ed\u0117jimo b\u016bdo.<\/p>\n<p style=\"margin-bottom: 10px;\">Spalva: juoda \/ raudona<\/p>\n<p style=\"margin-bottom: 10px;\">Knygut\u0117s formatas: A5 ( 140 x 210 mm )<\/p>\n<p style=\"margin-bottom: 10px;\">Puslapi\u0173 skai\u010dius: 160<\/p>\n<p style=\"margin-bottom: 10px;\">Vidiniai lapai: linija<\/p>\n<p style=\"margin-bottom: 10px;\">U\u017era\u0161o u\u017ed\u0117jimo galimi b\u016bdai: \u0161ilkografija, UV spauda, lazerinis graviravimas, \u012fspaudimas, vaizdo perk\u0117limas &#8211; transferis<\/p>\n<p style=\"margin-bottom: 10px;\">U\u017era\u0161o u\u017ed\u0117jimo galimos vietos: knygut\u0117s i\u0161or\u0117<\/p>\n<p style=\"margin-bottom: 10px;\"><\/p>","protected":false},"excerpt":{"rendered":"<p>A5 formato u\u017era\u0161\u0173 knygel\u0117 su PU kietu vir\u0161eliu. Knygut\u0117je yra 160 puslapiai su linijomis, skiriam\u0105ja juosta ir gumine juostele. Taip pat turi vidin\u0119 ki\u0161en\u0119 ir ra\u0161iklio laikiklis ( ra\u0161iklis nepridedamas ). Ant knygut\u0117s galima u\u017ed\u0117ti reklamin\u012f \u012fmon\u0117s logotip\u0105 ar kitok\u012f u\u017era\u0161\u0105 jums pageidaujamoje vietoje bei j\u016bs\u0173 pasirinktu b\u016bdu. Kaina nurodyta tik knygut\u0117s, be u\u017era\u0161o. U\u017era\u0161o [&hellip;]<\/p>","protected":false},"featured_media":28476,"comment_status":"open","ping_status":"closed","template":"","meta":{"_season_start":"","_season_end":"","_season_days":"","_season_months":"","_season_auto_visibility":""},"product_brand":[868],"product_cat":[1856,1857],"product_tag":[],"class_list":{"0":"post-14581","1":"product","2":"type-product","3":"status-publish","4":"has-post-thumbnail","6":"product_brand-hd","7":"product_cat-a5","8":"product_cat-a6-formatas","10":"first","11":"instock","12":"taxable","13":"shipping-taxable","14":"purchasable","15":"product-type-simple"},"yoast_head":"<!-- This site is optimized with the Yoast SEO plugin v27.4 - https:\/\/yoast.com\/product\/yoast-seo-wordpress\/ -->\n<title>U\u017era\u0161\u0173 knygut\u0117 su gumele A5 &quot;Roth&quot; juoda\/raudona HD 93592-105 - Rutana - Ra\u0161tin\u0117s reikmenys<\/title>\n<meta name=\"robots\" content=\"index, follow, max-snippet:-1, max-image-preview:large, max-video-preview:-1\" \/>\n<link rel=\"canonical\" href=\"https:\/\/rutana.lt\/en\/product\/uzrasu-knygute-su-gumele-a5-roth-juoda-raudona-hd-93592-105\/\" \/>\n<meta property=\"og:locale\" content=\"en_US\" \/>\n<meta property=\"og:type\" content=\"article\" \/>\n<meta property=\"og:title\" content=\"U\u017era\u0161\u0173 knygut\u0117 su gumele A5 &quot;Roth&quot; juoda\/raudona HD 93592-105 - Rutana - Ra\u0161tin\u0117s reikmenys\" \/>\n<meta property=\"og:description\" content=\"A5 formato u\u017era\u0161\u0173 knygel\u0117 su PU kietu vir\u0161eliu. Knygut\u0117je yra 160 puslapiai su linijomis, skiriam\u0105ja juosta ir gumine juostele. Taip pat turi vidin\u0119 ki\u0161en\u0119 ir ra\u0161iklio laikiklis ( ra\u0161iklis nepridedamas ). Ant knygut\u0117s galima u\u017ed\u0117ti reklamin\u012f \u012fmon\u0117s logotip\u0105 ar kitok\u012f u\u017era\u0161\u0105 jums pageidaujamoje vietoje bei j\u016bs\u0173 pasirinktu b\u016bdu. Kaina nurodyta tik knygut\u0117s, be u\u017era\u0161o. U\u017era\u0161o [&hellip;]\" \/>\n<meta property=\"og:url\" content=\"https:\/\/rutana.lt\/en\/product\/uzrasu-knygute-su-gumele-a5-roth-juoda-raudona-hd-93592-105\/\" \/>\n<meta property=\"og:site_name\" content=\"Rutana - Ra\u0161tin\u0117s reikmenys\" \/>\n<meta property=\"article:publisher\" content=\"https:\/\/www.facebook.com\/RutanaKanceliarinesPrekes\/\" \/>\n<meta property=\"article:modified_time\" content=\"2025-10-13T13:47:14+00:00\" \/>\n<meta property=\"og:image\" content=\"https:\/\/rutana.lt\/wp-content\/uploads\/2025\/09\/A032-079.jpg\" \/>\n\t<meta property=\"og:image:width\" content=\"600\" \/>\n\t<meta property=\"og:image:height\" content=\"600\" \/>\n\t<meta property=\"og:image:type\" content=\"image\/jpeg\" \/>\n<meta name=\"twitter:card\" content=\"summary_large_image\" \/>\n<meta name=\"twitter:label1\" content=\"Est. reading time\" \/>\n\t<meta name=\"twitter:data1\" content=\"1 minute\" \/>\n<script type=\"application\/ld+json\" class=\"yoast-schema-graph\">{\"@context\":\"https:\\\/\\\/schema.org\",\"@graph\":[{\"@type\":\"WebPage\",\"@id\":\"https:\\\/\\\/rutana.lt\\\/produktas\\\/uzrasu-knygute-su-gumele-a5-roth-juoda-raudona-hd-93592-105\\\/\",\"url\":\"https:\\\/\\\/rutana.lt\\\/produktas\\\/uzrasu-knygute-su-gumele-a5-roth-juoda-raudona-hd-93592-105\\\/\",\"name\":\"U\u017era\u0161\u0173 knygut\u0117 su gumele A5 \\\"Roth\\\" juoda\\\/raudona HD 93592-105 - Rutana - Ra\u0161tin\u0117s reikmenys\",\"isPartOf\":{\"@id\":\"https:\\\/\\\/rutana.lt\\\/#website\"},\"primaryImageOfPage\":{\"@id\":\"https:\\\/\\\/rutana.lt\\\/produktas\\\/uzrasu-knygute-su-gumele-a5-roth-juoda-raudona-hd-93592-105\\\/#primaryimage\"},\"image\":{\"@id\":\"https:\\\/\\\/rutana.lt\\\/produktas\\\/uzrasu-knygute-su-gumele-a5-roth-juoda-raudona-hd-93592-105\\\/#primaryimage\"},\"thumbnailUrl\":\"https:\\\/\\\/rutana.lt\\\/wp-content\\\/uploads\\\/2025\\\/09\\\/A032-079-3.jpg?v=1763566196\",\"datePublished\":\"2025-09-03T07:34:57+00:00\",\"dateModified\":\"2025-10-13T13:47:14+00:00\",\"breadcrumb\":{\"@id\":\"https:\\\/\\\/rutana.lt\\\/produktas\\\/uzrasu-knygute-su-gumele-a5-roth-juoda-raudona-hd-93592-105\\\/#breadcrumb\"},\"inLanguage\":\"en-US\",\"potentialAction\":[{\"@type\":\"ReadAction\",\"target\":[\"https:\\\/\\\/rutana.lt\\\/produktas\\\/uzrasu-knygute-su-gumele-a5-roth-juoda-raudona-hd-93592-105\\\/\"]}]},{\"@type\":\"ImageObject\",\"inLanguage\":\"en-US\",\"@id\":\"https:\\\/\\\/rutana.lt\\\/produktas\\\/uzrasu-knygute-su-gumele-a5-roth-juoda-raudona-hd-93592-105\\\/#primaryimage\",\"url\":\"https:\\\/\\\/rutana.lt\\\/wp-content\\\/uploads\\\/2025\\\/09\\\/A032-079-3.jpg?v=1763566196\",\"contentUrl\":\"https:\\\/\\\/rutana.lt\\\/wp-content\\\/uploads\\\/2025\\\/09\\\/A032-079-3.jpg?v=1763566196\",\"width\":600,\"height\":600},{\"@type\":\"BreadcrumbList\",\"@id\":\"https:\\\/\\\/rutana.lt\\\/produktas\\\/uzrasu-knygute-su-gumele-a5-roth-juoda-raudona-hd-93592-105\\\/#breadcrumb\",\"itemListElement\":[{\"@type\":\"ListItem\",\"position\":1,\"name\":\"Home\",\"item\":\"https:\\\/\\\/rutana.lt\\\/\"},{\"@type\":\"ListItem\",\"position\":2,\"name\":\"Parduotuv\u0117\",\"item\":\"https:\\\/\\\/rutana.lt\\\/parduotuve\\\/\"},{\"@type\":\"ListItem\",\"position\":3,\"name\":\"U\u017era\u0161\u0173 knygut\u0117 su gumele A5 &#8222;Roth&#8221; juoda\\\/raudona HD 93592-105\"}]},{\"@type\":\"WebSite\",\"@id\":\"https:\\\/\\\/rutana.lt\\\/#website\",\"url\":\"https:\\\/\\\/rutana.lt\\\/\",\"name\":\"Rutana - Ra\u0161tin\u0117s reikmenys\",\"description\":\"Prekiaujame pasaulin\u0117je rinkoje pripa\u017eintomis, kokybi\u0161komis biuro prek\u0117mis toki\u0173  gamintoj\u0173 kaip: Schneider, Esselte, Novus, 3M, Faber-Castell, Citizen, Milan, Leitz, Colop, Zebra, Staedtler, Durable, Tork, Parker, Waterman ir kt.\",\"publisher\":{\"@id\":\"https:\\\/\\\/rutana.lt\\\/#organization\"},\"potentialAction\":[{\"@type\":\"SearchAction\",\"target\":{\"@type\":\"EntryPoint\",\"urlTemplate\":\"https:\\\/\\\/rutana.lt\\\/?s={search_term_string}\"},\"query-input\":{\"@type\":\"PropertyValueSpecification\",\"valueRequired\":true,\"valueName\":\"search_term_string\"}}],\"inLanguage\":\"en-US\"},{\"@type\":\"Organization\",\"@id\":\"https:\\\/\\\/rutana.lt\\\/#organization\",\"name\":\"Rutana - Ra\u0161tin\u0117s reikmenys\",\"url\":\"https:\\\/\\\/rutana.lt\\\/\",\"logo\":{\"@type\":\"ImageObject\",\"inLanguage\":\"en-US\",\"@id\":\"https:\\\/\\\/rutana.lt\\\/#\\\/schema\\\/logo\\\/image\\\/\",\"url\":\"https:\\\/\\\/rutana.lt\\\/wp-content\\\/uploads\\\/2025\\\/10\\\/Asset-32.png\",\"contentUrl\":\"https:\\\/\\\/rutana.lt\\\/wp-content\\\/uploads\\\/2025\\\/10\\\/Asset-32.png\",\"width\":433,\"height\":119,\"caption\":\"Rutana - Ra\u0161tin\u0117s reikmenys\"},\"image\":{\"@id\":\"https:\\\/\\\/rutana.lt\\\/#\\\/schema\\\/logo\\\/image\\\/\"},\"sameAs\":[\"https:\\\/\\\/www.facebook.com\\\/RutanaKanceliarinesPrekes\\\/\"]}]}<\/script>\n<!-- \/ Yoast SEO plugin. -->","yoast_head_json":{"title":"U\u017era\u0161\u0173 knygut\u0117 su gumele A5 \"Roth\" juoda\/raudona HD 93592-105 - Rutana - Ra\u0161tin\u0117s reikmenys","robots":{"index":"index","follow":"follow","max-snippet":"max-snippet:-1","max-image-preview":"max-image-preview:large","max-video-preview":"max-video-preview:-1"},"canonical":"https:\/\/rutana.lt\/en\/product\/uzrasu-knygute-su-gumele-a5-roth-juoda-raudona-hd-93592-105\/","og_locale":"en_US","og_type":"article","og_title":"U\u017era\u0161\u0173 knygut\u0117 su gumele A5 \"Roth\" juoda\/raudona HD 93592-105 - Rutana - Ra\u0161tin\u0117s reikmenys","og_description":"A5 formato u\u017era\u0161\u0173 knygel\u0117 su PU kietu vir\u0161eliu. Knygut\u0117je yra 160 puslapiai su linijomis, skiriam\u0105ja juosta ir gumine juostele. Taip pat turi vidin\u0119 ki\u0161en\u0119 ir ra\u0161iklio laikiklis ( ra\u0161iklis nepridedamas ). Ant knygut\u0117s galima u\u017ed\u0117ti reklamin\u012f \u012fmon\u0117s logotip\u0105 ar kitok\u012f u\u017era\u0161\u0105 jums pageidaujamoje vietoje bei j\u016bs\u0173 pasirinktu b\u016bdu. Kaina nurodyta tik knygut\u0117s, be u\u017era\u0161o. U\u017era\u0161o [&hellip;]","og_url":"https:\/\/rutana.lt\/en\/product\/uzrasu-knygute-su-gumele-a5-roth-juoda-raudona-hd-93592-105\/","og_site_name":"Rutana - Ra\u0161tin\u0117s reikmenys","article_publisher":"https:\/\/www.facebook.com\/RutanaKanceliarinesPrekes\/","article_modified_time":"2025-10-13T13:47:14+00:00","og_image":[{"width":600,"height":600,"url":"https:\/\/rutana.lt\/wp-content\/uploads\/2025\/09\/A032-079.jpg","type":"image\/jpeg"}],"twitter_card":"summary_large_image","twitter_misc":{"Est. reading time":"1 minute"},"schema":{"@context":"https:\/\/schema.org","@graph":[{"@type":"WebPage","@id":"https:\/\/rutana.lt\/produktas\/uzrasu-knygute-su-gumele-a5-roth-juoda-raudona-hd-93592-105\/","url":"https:\/\/rutana.lt\/produktas\/uzrasu-knygute-su-gumele-a5-roth-juoda-raudona-hd-93592-105\/","name":"U\u017era\u0161\u0173 knygut\u0117 su gumele A5 \"Roth\" juoda\/raudona HD 93592-105 - Rutana - Ra\u0161tin\u0117s reikmenys","isPartOf":{"@id":"https:\/\/rutana.lt\/#website"},"primaryImageOfPage":{"@id":"https:\/\/rutana.lt\/produktas\/uzrasu-knygute-su-gumele-a5-roth-juoda-raudona-hd-93592-105\/#primaryimage"},"image":{"@id":"https:\/\/rutana.lt\/produktas\/uzrasu-knygute-su-gumele-a5-roth-juoda-raudona-hd-93592-105\/#primaryimage"},"thumbnailUrl":"https:\/\/rutana.lt\/wp-content\/uploads\/2025\/09\/A032-079-3.jpg?v=1763566196","datePublished":"2025-09-03T07:34:57+00:00","dateModified":"2025-10-13T13:47:14+00:00","breadcrumb":{"@id":"https:\/\/rutana.lt\/produktas\/uzrasu-knygute-su-gumele-a5-roth-juoda-raudona-hd-93592-105\/#breadcrumb"},"inLanguage":"en-US","potentialAction":[{"@type":"ReadAction","target":["https:\/\/rutana.lt\/produktas\/uzrasu-knygute-su-gumele-a5-roth-juoda-raudona-hd-93592-105\/"]}]},{"@type":"ImageObject","inLanguage":"en-US","@id":"https:\/\/rutana.lt\/produktas\/uzrasu-knygute-su-gumele-a5-roth-juoda-raudona-hd-93592-105\/#primaryimage","url":"https:\/\/rutana.lt\/wp-content\/uploads\/2025\/09\/A032-079-3.jpg?v=1763566196","contentUrl":"https:\/\/rutana.lt\/wp-content\/uploads\/2025\/09\/A032-079-3.jpg?v=1763566196","width":600,"height":600},{"@type":"BreadcrumbList","@id":"https:\/\/rutana.lt\/produktas\/uzrasu-knygute-su-gumele-a5-roth-juoda-raudona-hd-93592-105\/#breadcrumb","itemListElement":[{"@type":"ListItem","position":1,"name":"Home","item":"https:\/\/rutana.lt\/"},{"@type":"ListItem","position":2,"name":"Parduotuv\u0117","item":"https:\/\/rutana.lt\/parduotuve\/"},{"@type":"ListItem","position":3,"name":"U\u017era\u0161\u0173 knygut\u0117 su gumele A5 &#8222;Roth&#8221; juoda\/raudona HD 93592-105"}]},{"@type":"WebSite","@id":"https:\/\/rutana.lt\/#website","url":"https:\/\/rutana.lt\/","name":"Rutana - Ra\u0161tin\u0117s reikmenys","description":"Prekiaujame pasaulin\u0117je rinkoje pripa\u017eintomis, kokybi\u0161komis biuro prek\u0117mis toki\u0173  gamintoj\u0173 kaip: Schneider, Esselte, Novus, 3M, Faber-Castell, Citizen, Milan, Leitz, Colop, Zebra, Staedtler, Durable, Tork, Parker, Waterman ir kt.","publisher":{"@id":"https:\/\/rutana.lt\/#organization"},"potentialAction":[{"@type":"SearchAction","target":{"@type":"EntryPoint","urlTemplate":"https:\/\/rutana.lt\/?s={search_term_string}"},"query-input":{"@type":"PropertyValueSpecification","valueRequired":true,"valueName":"search_term_string"}}],"inLanguage":"en-US"},{"@type":"Organization","@id":"https:\/\/rutana.lt\/#organization","name":"Rutana - Ra\u0161tin\u0117s reikmenys","url":"https:\/\/rutana.lt\/","logo":{"@type":"ImageObject","inLanguage":"en-US","@id":"https:\/\/rutana.lt\/#\/schema\/logo\/image\/","url":"https:\/\/rutana.lt\/wp-content\/uploads\/2025\/10\/Asset-32.png","contentUrl":"https:\/\/rutana.lt\/wp-content\/uploads\/2025\/10\/Asset-32.png","width":433,"height":119,"caption":"Rutana - Ra\u0161tin\u0117s reikmenys"},"image":{"@id":"https:\/\/rutana.lt\/#\/schema\/logo\/image\/"},"sameAs":["https:\/\/www.facebook.com\/RutanaKanceliarinesPrekes\/"]}]}},"_links":{"self":[{"href":"https:\/\/rutana.lt\/en\/wp-json\/wp\/v2\/product\/14581","targetHints":{"allow":["GET"]}}],"collection":[{"href":"https:\/\/rutana.lt\/en\/wp-json\/wp\/v2\/product"}],"about":[{"href":"https:\/\/rutana.lt\/en\/wp-json\/wp\/v2\/types\/product"}],"replies":[{"embeddable":true,"href":"https:\/\/rutana.lt\/en\/wp-json\/wp\/v2\/comments?post=14581"}],"version-history":[{"count":1,"href":"https:\/\/rutana.lt\/en\/wp-json\/wp\/v2\/product\/14581\/revisions"}],"predecessor-version":[{"id":14625,"href":"https:\/\/rutana.lt\/en\/wp-json\/wp\/v2\/product\/14581\/revisions\/14625"}],"wp:featuredmedia":[{"embeddable":true,"href":"https:\/\/rutana.lt\/en\/wp-json\/wp\/v2\/media\/28476"}],"wp:attachment":[{"href":"https:\/\/rutana.lt\/en\/wp-json\/wp\/v2\/media?parent=14581"}],"wp:term":[{"taxonomy":"product_brand","embeddable":true,"href":"https:\/\/rutana.lt\/en\/wp-json\/wp\/v2\/product_brand?post=14581"},{"taxonomy":"product_cat","embeddable":true,"href":"https:\/\/rutana.lt\/en\/wp-json\/wp\/v2\/product_cat?post=14581"},{"taxonomy":"product_tag","embeddable":true,"href":"https:\/\/rutana.lt\/en\/wp-json\/wp\/v2\/product_tag?post=14581"}],"curies":[{"name":"wp","href":"https:\/\/api.w.org\/{rel}","templated":true}]}}