{"id":14515,"date":"2025-09-03T09:34:33","date_gmt":"2025-09-03T07:34:33","guid":{"rendered":"https:\/\/rutana.webdemo.lt\/?post_type=product&#038;p=14515"},"modified":"2025-10-13T15:47:05","modified_gmt":"2025-10-13T13:47:05","slug":"lipnios-etiketes-a4-105-x-148-mm-100-lapu-image-556301","status":"publish","type":"product","link":"https:\/\/rutana.lt\/en\/product\/lipnios-etiketes-a4-105-x-148-mm-100-lapu-image-556301\/","title":{"rendered":"Lipnios etiket\u0117s A4\/105 x 148 mm 100 lap\u0173 Image 556301"},"content":{"rendered":"<p>Universalios, lipnios etiket\u0117s tinkamos naudoti su ra\u0161aliniais ir lazeriniais spausdintuvais, kopijavimo aparatais bei u\u017era\u0161yti ranka. Tolygus ir patikimas etiket\u0117s sukibimas su bet kokiu pavir\u0161iumi. Image Labels lengva ir patogu naudoti, kai reikia nedidelio j\u0173 kiekio adresams, produkt\u0173 apra\u0161ymams, \u017eym\u0117jimui ir kt. Ruo\u0161iniai gali b\u016bti ir dr\u0117gmei atspariu pavir\u0161iumi, skirti spausdinti ir kopijuoti vis\u0173 tip\u0173 spausdintuvais.<\/p>\n<p>Etike\u010di\u0173 kiekis A4 lape: 4 vnt.<\/p>\n<p>Etike\u010di\u0173 kiekis d\u0117\u017eut\u0117je: 400 vnt.<\/p>\n<p>Etiket\u0117s matmenys: 105 x 148 mm <\/p>\n<p>Etiket\u0117s spalva: balta <\/p>\n<p>Lap\u0173 kiekis d\u0117\u017eut\u0117je: 100 vnt.<\/p>\n<\/p>\n<p><\/p>","protected":false},"excerpt":{"rendered":"<p>Universalios, lipnios etiket\u0117s tinkamos naudoti su ra\u0161aliniais ir lazeriniais spausdintuvais, kopijavimo aparatais bei u\u017era\u0161yti ranka. Tolygus ir patikimas etiket\u0117s sukibimas su bet kokiu pavir\u0161iumi. Image Labels lengva ir patogu naudoti, kai reikia nedidelio j\u0173 kiekio adresams, produkt\u0173 apra\u0161ymams, \u017eym\u0117jimui ir kt. Ruo\u0161iniai gali b\u016bti ir dr\u0117gmei atspariu pavir\u0161iumi, skirti spausdinti ir kopijuoti vis\u0173 tip\u0173 spausdintuvais. [&hellip;]<\/p>","protected":false},"featured_media":28454,"comment_status":"open","ping_status":"closed","template":"","meta":{"_season_start":"","_season_end":"","_season_days":"","_season_months":"","_season_auto_visibility":""},"product_brand":[83],"product_cat":[1796],"product_tag":[],"class_list":{"0":"post-14515","1":"product","2":"type-product","3":"status-publish","4":"has-post-thumbnail","6":"product_brand-null","7":"product_cat-lipnios-etiketes","9":"first","10":"instock","11":"taxable","12":"shipping-taxable","13":"purchasable","14":"product-type-simple"},"yoast_head":"<!-- This site is optimized with the Yoast SEO plugin v27.4 - https:\/\/yoast.com\/product\/yoast-seo-wordpress\/ -->\n<title>Lipnios etiket\u0117s A4\/105 x 148 mm 100 lap\u0173 Image 556301 - Rutana - Ra\u0161tin\u0117s reikmenys<\/title>\n<meta name=\"robots\" content=\"index, follow, max-snippet:-1, max-image-preview:large, max-video-preview:-1\" \/>\n<link rel=\"canonical\" href=\"https:\/\/rutana.lt\/en\/product\/lipnios-etiketes-a4-105-x-148-mm-100-lapu-image-556301\/\" \/>\n<meta property=\"og:locale\" content=\"en_US\" \/>\n<meta property=\"og:type\" content=\"article\" \/>\n<meta property=\"og:title\" content=\"Lipnios etiket\u0117s A4\/105 x 148 mm 100 lap\u0173 Image 556301 - Rutana - Ra\u0161tin\u0117s reikmenys\" \/>\n<meta property=\"og:description\" content=\"Universalios, lipnios etiket\u0117s tinkamos naudoti su ra\u0161aliniais ir lazeriniais spausdintuvais, kopijavimo aparatais bei u\u017era\u0161yti ranka. Tolygus ir patikimas etiket\u0117s sukibimas su bet kokiu pavir\u0161iumi. Image Labels lengva ir patogu naudoti, kai reikia nedidelio j\u0173 kiekio adresams, produkt\u0173 apra\u0161ymams, \u017eym\u0117jimui ir kt. Ruo\u0161iniai gali b\u016bti ir dr\u0117gmei atspariu pavir\u0161iumi, skirti spausdinti ir kopijuoti vis\u0173 tip\u0173 spausdintuvais. [&hellip;]\" \/>\n<meta property=\"og:url\" content=\"https:\/\/rutana.lt\/en\/product\/lipnios-etiketes-a4-105-x-148-mm-100-lapu-image-556301\/\" \/>\n<meta property=\"og:site_name\" content=\"Rutana - Ra\u0161tin\u0117s reikmenys\" \/>\n<meta property=\"article:publisher\" content=\"https:\/\/www.facebook.com\/RutanaKanceliarinesPrekes\/\" \/>\n<meta property=\"article:modified_time\" content=\"2025-10-13T13:47:05+00:00\" \/>\n<meta property=\"og:image\" content=\"https:\/\/rutana.lt\/wp-content\/uploads\/2025\/09\/A113-035.jpg\" \/>\n\t<meta property=\"og:image:width\" content=\"600\" \/>\n\t<meta property=\"og:image:height\" content=\"600\" \/>\n\t<meta property=\"og:image:type\" content=\"image\/jpeg\" \/>\n<meta name=\"twitter:card\" content=\"summary_large_image\" \/>\n<script type=\"application\/ld+json\" class=\"yoast-schema-graph\">{\"@context\":\"https:\\\/\\\/schema.org\",\"@graph\":[{\"@type\":\"WebPage\",\"@id\":\"https:\\\/\\\/rutana.lt\\\/produktas\\\/lipnios-etiketes-a4-105-x-148-mm-100-lapu-image-556301\\\/\",\"url\":\"https:\\\/\\\/rutana.lt\\\/produktas\\\/lipnios-etiketes-a4-105-x-148-mm-100-lapu-image-556301\\\/\",\"name\":\"Lipnios etiket\u0117s A4\\\/105 x 148 mm 100 lap\u0173 Image 556301 - Rutana - Ra\u0161tin\u0117s reikmenys\",\"isPartOf\":{\"@id\":\"https:\\\/\\\/rutana.lt\\\/#website\"},\"primaryImageOfPage\":{\"@id\":\"https:\\\/\\\/rutana.lt\\\/produktas\\\/lipnios-etiketes-a4-105-x-148-mm-100-lapu-image-556301\\\/#primaryimage\"},\"image\":{\"@id\":\"https:\\\/\\\/rutana.lt\\\/produktas\\\/lipnios-etiketes-a4-105-x-148-mm-100-lapu-image-556301\\\/#primaryimage\"},\"thumbnailUrl\":\"https:\\\/\\\/rutana.lt\\\/wp-content\\\/uploads\\\/2025\\\/09\\\/A113-035-2.jpg?v=1763566226\",\"datePublished\":\"2025-09-03T07:34:33+00:00\",\"dateModified\":\"2025-10-13T13:47:05+00:00\",\"breadcrumb\":{\"@id\":\"https:\\\/\\\/rutana.lt\\\/produktas\\\/lipnios-etiketes-a4-105-x-148-mm-100-lapu-image-556301\\\/#breadcrumb\"},\"inLanguage\":\"en-US\",\"potentialAction\":[{\"@type\":\"ReadAction\",\"target\":[\"https:\\\/\\\/rutana.lt\\\/produktas\\\/lipnios-etiketes-a4-105-x-148-mm-100-lapu-image-556301\\\/\"]}]},{\"@type\":\"ImageObject\",\"inLanguage\":\"en-US\",\"@id\":\"https:\\\/\\\/rutana.lt\\\/produktas\\\/lipnios-etiketes-a4-105-x-148-mm-100-lapu-image-556301\\\/#primaryimage\",\"url\":\"https:\\\/\\\/rutana.lt\\\/wp-content\\\/uploads\\\/2025\\\/09\\\/A113-035-2.jpg?v=1763566226\",\"contentUrl\":\"https:\\\/\\\/rutana.lt\\\/wp-content\\\/uploads\\\/2025\\\/09\\\/A113-035-2.jpg?v=1763566226\",\"width\":600,\"height\":600},{\"@type\":\"BreadcrumbList\",\"@id\":\"https:\\\/\\\/rutana.lt\\\/produktas\\\/lipnios-etiketes-a4-105-x-148-mm-100-lapu-image-556301\\\/#breadcrumb\",\"itemListElement\":[{\"@type\":\"ListItem\",\"position\":1,\"name\":\"Home\",\"item\":\"https:\\\/\\\/rutana.lt\\\/\"},{\"@type\":\"ListItem\",\"position\":2,\"name\":\"Parduotuv\u0117\",\"item\":\"https:\\\/\\\/rutana.lt\\\/parduotuve\\\/\"},{\"@type\":\"ListItem\",\"position\":3,\"name\":\"Lipnios etiket\u0117s A4\\\/105 x 148 mm 100 lap\u0173 Image 556301\"}]},{\"@type\":\"WebSite\",\"@id\":\"https:\\\/\\\/rutana.lt\\\/#website\",\"url\":\"https:\\\/\\\/rutana.lt\\\/\",\"name\":\"Rutana - Ra\u0161tin\u0117s reikmenys\",\"description\":\"Prekiaujame pasaulin\u0117je rinkoje pripa\u017eintomis, kokybi\u0161komis biuro prek\u0117mis toki\u0173  gamintoj\u0173 kaip: Schneider, Esselte, Novus, 3M, Faber-Castell, Citizen, Milan, Leitz, Colop, Zebra, Staedtler, Durable, Tork, Parker, Waterman ir kt.\",\"publisher\":{\"@id\":\"https:\\\/\\\/rutana.lt\\\/#organization\"},\"potentialAction\":[{\"@type\":\"SearchAction\",\"target\":{\"@type\":\"EntryPoint\",\"urlTemplate\":\"https:\\\/\\\/rutana.lt\\\/?s={search_term_string}\"},\"query-input\":{\"@type\":\"PropertyValueSpecification\",\"valueRequired\":true,\"valueName\":\"search_term_string\"}}],\"inLanguage\":\"en-US\"},{\"@type\":\"Organization\",\"@id\":\"https:\\\/\\\/rutana.lt\\\/#organization\",\"name\":\"Rutana - Ra\u0161tin\u0117s reikmenys\",\"url\":\"https:\\\/\\\/rutana.lt\\\/\",\"logo\":{\"@type\":\"ImageObject\",\"inLanguage\":\"en-US\",\"@id\":\"https:\\\/\\\/rutana.lt\\\/#\\\/schema\\\/logo\\\/image\\\/\",\"url\":\"https:\\\/\\\/rutana.lt\\\/wp-content\\\/uploads\\\/2025\\\/10\\\/Asset-32.png\",\"contentUrl\":\"https:\\\/\\\/rutana.lt\\\/wp-content\\\/uploads\\\/2025\\\/10\\\/Asset-32.png\",\"width\":433,\"height\":119,\"caption\":\"Rutana - Ra\u0161tin\u0117s reikmenys\"},\"image\":{\"@id\":\"https:\\\/\\\/rutana.lt\\\/#\\\/schema\\\/logo\\\/image\\\/\"},\"sameAs\":[\"https:\\\/\\\/www.facebook.com\\\/RutanaKanceliarinesPrekes\\\/\"]}]}<\/script>\n<!-- \/ Yoast SEO plugin. -->","yoast_head_json":{"title":"Lipnios etiket\u0117s A4\/105 x 148 mm 100 lap\u0173 Image 556301 - Rutana - Ra\u0161tin\u0117s reikmenys","robots":{"index":"index","follow":"follow","max-snippet":"max-snippet:-1","max-image-preview":"max-image-preview:large","max-video-preview":"max-video-preview:-1"},"canonical":"https:\/\/rutana.lt\/en\/product\/lipnios-etiketes-a4-105-x-148-mm-100-lapu-image-556301\/","og_locale":"en_US","og_type":"article","og_title":"Lipnios etiket\u0117s A4\/105 x 148 mm 100 lap\u0173 Image 556301 - Rutana - Ra\u0161tin\u0117s reikmenys","og_description":"Universalios, lipnios etiket\u0117s tinkamos naudoti su ra\u0161aliniais ir lazeriniais spausdintuvais, kopijavimo aparatais bei u\u017era\u0161yti ranka. Tolygus ir patikimas etiket\u0117s sukibimas su bet kokiu pavir\u0161iumi. Image Labels lengva ir patogu naudoti, kai reikia nedidelio j\u0173 kiekio adresams, produkt\u0173 apra\u0161ymams, \u017eym\u0117jimui ir kt. Ruo\u0161iniai gali b\u016bti ir dr\u0117gmei atspariu pavir\u0161iumi, skirti spausdinti ir kopijuoti vis\u0173 tip\u0173 spausdintuvais. [&hellip;]","og_url":"https:\/\/rutana.lt\/en\/product\/lipnios-etiketes-a4-105-x-148-mm-100-lapu-image-556301\/","og_site_name":"Rutana - Ra\u0161tin\u0117s reikmenys","article_publisher":"https:\/\/www.facebook.com\/RutanaKanceliarinesPrekes\/","article_modified_time":"2025-10-13T13:47:05+00:00","og_image":[{"width":600,"height":600,"url":"https:\/\/rutana.lt\/wp-content\/uploads\/2025\/09\/A113-035.jpg","type":"image\/jpeg"}],"twitter_card":"summary_large_image","schema":{"@context":"https:\/\/schema.org","@graph":[{"@type":"WebPage","@id":"https:\/\/rutana.lt\/produktas\/lipnios-etiketes-a4-105-x-148-mm-100-lapu-image-556301\/","url":"https:\/\/rutana.lt\/produktas\/lipnios-etiketes-a4-105-x-148-mm-100-lapu-image-556301\/","name":"Lipnios etiket\u0117s A4\/105 x 148 mm 100 lap\u0173 Image 556301 - Rutana - Ra\u0161tin\u0117s reikmenys","isPartOf":{"@id":"https:\/\/rutana.lt\/#website"},"primaryImageOfPage":{"@id":"https:\/\/rutana.lt\/produktas\/lipnios-etiketes-a4-105-x-148-mm-100-lapu-image-556301\/#primaryimage"},"image":{"@id":"https:\/\/rutana.lt\/produktas\/lipnios-etiketes-a4-105-x-148-mm-100-lapu-image-556301\/#primaryimage"},"thumbnailUrl":"https:\/\/rutana.lt\/wp-content\/uploads\/2025\/09\/A113-035-2.jpg?v=1763566226","datePublished":"2025-09-03T07:34:33+00:00","dateModified":"2025-10-13T13:47:05+00:00","breadcrumb":{"@id":"https:\/\/rutana.lt\/produktas\/lipnios-etiketes-a4-105-x-148-mm-100-lapu-image-556301\/#breadcrumb"},"inLanguage":"en-US","potentialAction":[{"@type":"ReadAction","target":["https:\/\/rutana.lt\/produktas\/lipnios-etiketes-a4-105-x-148-mm-100-lapu-image-556301\/"]}]},{"@type":"ImageObject","inLanguage":"en-US","@id":"https:\/\/rutana.lt\/produktas\/lipnios-etiketes-a4-105-x-148-mm-100-lapu-image-556301\/#primaryimage","url":"https:\/\/rutana.lt\/wp-content\/uploads\/2025\/09\/A113-035-2.jpg?v=1763566226","contentUrl":"https:\/\/rutana.lt\/wp-content\/uploads\/2025\/09\/A113-035-2.jpg?v=1763566226","width":600,"height":600},{"@type":"BreadcrumbList","@id":"https:\/\/rutana.lt\/produktas\/lipnios-etiketes-a4-105-x-148-mm-100-lapu-image-556301\/#breadcrumb","itemListElement":[{"@type":"ListItem","position":1,"name":"Home","item":"https:\/\/rutana.lt\/"},{"@type":"ListItem","position":2,"name":"Parduotuv\u0117","item":"https:\/\/rutana.lt\/parduotuve\/"},{"@type":"ListItem","position":3,"name":"Lipnios etiket\u0117s A4\/105 x 148 mm 100 lap\u0173 Image 556301"}]},{"@type":"WebSite","@id":"https:\/\/rutana.lt\/#website","url":"https:\/\/rutana.lt\/","name":"Rutana - Ra\u0161tin\u0117s reikmenys","description":"Prekiaujame pasaulin\u0117je rinkoje pripa\u017eintomis, kokybi\u0161komis biuro prek\u0117mis toki\u0173  gamintoj\u0173 kaip: Schneider, Esselte, Novus, 3M, Faber-Castell, Citizen, Milan, Leitz, Colop, Zebra, Staedtler, Durable, Tork, Parker, Waterman ir kt.","publisher":{"@id":"https:\/\/rutana.lt\/#organization"},"potentialAction":[{"@type":"SearchAction","target":{"@type":"EntryPoint","urlTemplate":"https:\/\/rutana.lt\/?s={search_term_string}"},"query-input":{"@type":"PropertyValueSpecification","valueRequired":true,"valueName":"search_term_string"}}],"inLanguage":"en-US"},{"@type":"Organization","@id":"https:\/\/rutana.lt\/#organization","name":"Rutana - Ra\u0161tin\u0117s reikmenys","url":"https:\/\/rutana.lt\/","logo":{"@type":"ImageObject","inLanguage":"en-US","@id":"https:\/\/rutana.lt\/#\/schema\/logo\/image\/","url":"https:\/\/rutana.lt\/wp-content\/uploads\/2025\/10\/Asset-32.png","contentUrl":"https:\/\/rutana.lt\/wp-content\/uploads\/2025\/10\/Asset-32.png","width":433,"height":119,"caption":"Rutana - Ra\u0161tin\u0117s reikmenys"},"image":{"@id":"https:\/\/rutana.lt\/#\/schema\/logo\/image\/"},"sameAs":["https:\/\/www.facebook.com\/RutanaKanceliarinesPrekes\/"]}]}},"_links":{"self":[{"href":"https:\/\/rutana.lt\/en\/wp-json\/wp\/v2\/product\/14515","targetHints":{"allow":["GET"]}}],"collection":[{"href":"https:\/\/rutana.lt\/en\/wp-json\/wp\/v2\/product"}],"about":[{"href":"https:\/\/rutana.lt\/en\/wp-json\/wp\/v2\/types\/product"}],"replies":[{"embeddable":true,"href":"https:\/\/rutana.lt\/en\/wp-json\/wp\/v2\/comments?post=14515"}],"version-history":[{"count":1,"href":"https:\/\/rutana.lt\/en\/wp-json\/wp\/v2\/product\/14515\/revisions"}],"predecessor-version":[{"id":14559,"href":"https:\/\/rutana.lt\/en\/wp-json\/wp\/v2\/product\/14515\/revisions\/14559"}],"wp:featuredmedia":[{"embeddable":true,"href":"https:\/\/rutana.lt\/en\/wp-json\/wp\/v2\/media\/28454"}],"wp:attachment":[{"href":"https:\/\/rutana.lt\/en\/wp-json\/wp\/v2\/media?parent=14515"}],"wp:term":[{"taxonomy":"product_brand","embeddable":true,"href":"https:\/\/rutana.lt\/en\/wp-json\/wp\/v2\/product_brand?post=14515"},{"taxonomy":"product_cat","embeddable":true,"href":"https:\/\/rutana.lt\/en\/wp-json\/wp\/v2\/product_cat?post=14515"},{"taxonomy":"product_tag","embeddable":true,"href":"https:\/\/rutana.lt\/en\/wp-json\/wp\/v2\/product_tag?post=14515"}],"curies":[{"name":"wp","href":"https:\/\/api.w.org\/{rel}","templated":true}]}}