{"id":14450,"date":"2025-09-03T09:34:10","date_gmt":"2025-09-03T07:34:10","guid":{"rendered":"https:\/\/rutana.webdemo.lt\/?post_type=product&#038;p=14450"},"modified":"2025-10-13T15:46:58","modified_gmt":"2025-10-13T13:46:58","slug":"lipni-juostele-magic-invisible-810-19-mm-x-33-m-scotch-70005242196","status":"publish","type":"product","link":"https:\/\/rutana.lt\/en\/product\/lipni-juostele-magic-invisible-810-19-mm-x-33-m-scotch-70005242196\/","title":{"rendered":"Lipni juostel\u0117 Magic Invisible 810 19 mm x 33 m Scotch 70005242196"},"content":{"rendered":"<p>Ma\u017eiau netvarkos, jokio streso \u2013 tai Magic\u2122! B\u016btiniausia juosta biurui, namams ar mokyklai. Auk\u0161tos kokyb\u0117s, matin\u0117 biuro juosta, skirta dokument\u0173 taisymui, \u017eenklinimui ir sandarinimui, pavyzd\u017eiui, vok\u0173 u\u017eklijavimui ir nuolatiniam supl\u0117\u0161yt\u0173 dokument\u0173 taisymui. Beveik nematoma, kai naudojama, ji i\u0161nyksta ant daugumos popieriaus pavir\u0161iaus, galima u\u017era\u0161yti ant jos pie\u0161tuku, ra\u0161ikliu ar \u017eymekliu. Juosta pagaminta i\u0161 nat\u016bralaus pluo\u0161to i\u0161tekli\u0173.<\/p>\n<p>Juostel\u0117s spalva: matin\u0117<\/p>\n<p>Juostel\u0117s plotis: 19 mm<\/p>\n<p>Juostel\u0117s ilgis: 33 m<\/p>\n<p>Kilm\u0117s \u0161alis: JAV<\/p>\n<\/p>\n<p><\/p>","protected":false},"excerpt":{"rendered":"<p>Ma\u017eiau netvarkos, jokio streso \u2013 tai Magic\u2122! B\u016btiniausia juosta biurui, namams ar mokyklai. Auk\u0161tos kokyb\u0117s, matin\u0117 biuro juosta, skirta dokument\u0173 taisymui, \u017eenklinimui ir sandarinimui, pavyzd\u017eiui, vok\u0173 u\u017eklijavimui ir nuolatiniam supl\u0117\u0161yt\u0173 dokument\u0173 taisymui. Beveik nematoma, kai naudojama, ji i\u0161nyksta ant daugumos popieriaus pavir\u0161iaus, galima u\u017era\u0161yti ant jos pie\u0161tuku, ra\u0161ikliu ar \u017eymekliu. Juosta pagaminta i\u0161 nat\u016bralaus pluo\u0161to [&hellip;]<\/p>","protected":false},"featured_media":28436,"comment_status":"open","ping_status":"closed","template":"","meta":{"_season_start":"","_season_end":"","_season_days":"","_season_months":"","_season_auto_visibility":""},"product_brand":[242],"product_cat":[1602,1601],"product_tag":[],"class_list":{"0":"post-14450","1":"product","2":"type-product","3":"status-publish","4":"has-post-thumbnail","6":"product_brand-3m","7":"product_cat-juostos-pakavimui","8":"product_cat-lipnios-juosteles-ir-laikikliai","10":"first","11":"instock","12":"taxable","13":"shipping-taxable","14":"purchasable","15":"product-type-simple"},"yoast_head":"<!-- This site is optimized with the Yoast SEO plugin v27.4 - https:\/\/yoast.com\/product\/yoast-seo-wordpress\/ -->\n<title>Lipni juostel\u0117 Magic Invisible 810 19 mm x 33 m Scotch 70005242196 - Rutana - Ra\u0161tin\u0117s reikmenys<\/title>\n<meta name=\"robots\" content=\"index, follow, max-snippet:-1, max-image-preview:large, max-video-preview:-1\" \/>\n<link rel=\"canonical\" href=\"https:\/\/rutana.lt\/en\/product\/lipni-juostele-magic-invisible-810-19-mm-x-33-m-scotch-70005242196\/\" \/>\n<meta property=\"og:locale\" content=\"en_US\" \/>\n<meta property=\"og:type\" content=\"article\" \/>\n<meta property=\"og:title\" content=\"Lipni juostel\u0117 Magic Invisible 810 19 mm x 33 m Scotch 70005242196 - Rutana - Ra\u0161tin\u0117s reikmenys\" \/>\n<meta property=\"og:description\" content=\"Ma\u017eiau netvarkos, jokio streso \u2013 tai Magic\u2122! B\u016btiniausia juosta biurui, namams ar mokyklai. Auk\u0161tos kokyb\u0117s, matin\u0117 biuro juosta, skirta dokument\u0173 taisymui, \u017eenklinimui ir sandarinimui, pavyzd\u017eiui, vok\u0173 u\u017eklijavimui ir nuolatiniam supl\u0117\u0161yt\u0173 dokument\u0173 taisymui. Beveik nematoma, kai naudojama, ji i\u0161nyksta ant daugumos popieriaus pavir\u0161iaus, galima u\u017era\u0161yti ant jos pie\u0161tuku, ra\u0161ikliu ar \u017eymekliu. Juosta pagaminta i\u0161 nat\u016bralaus pluo\u0161to [&hellip;]\" \/>\n<meta property=\"og:url\" content=\"https:\/\/rutana.lt\/en\/product\/lipni-juostele-magic-invisible-810-19-mm-x-33-m-scotch-70005242196\/\" \/>\n<meta property=\"og:site_name\" content=\"Rutana - Ra\u0161tin\u0117s reikmenys\" \/>\n<meta property=\"article:publisher\" content=\"https:\/\/www.facebook.com\/RutanaKanceliarinesPrekes\/\" \/>\n<meta property=\"article:modified_time\" content=\"2025-10-13T13:46:58+00:00\" \/>\n<meta property=\"og:image\" content=\"https:\/\/rutana.lt\/wp-content\/uploads\/2025\/09\/B013-201.jpg\" \/>\n\t<meta property=\"og:image:width\" content=\"600\" \/>\n\t<meta property=\"og:image:height\" content=\"500\" \/>\n\t<meta property=\"og:image:type\" content=\"image\/jpeg\" \/>\n<meta name=\"twitter:card\" content=\"summary_large_image\" \/>\n<script type=\"application\/ld+json\" class=\"yoast-schema-graph\">{\"@context\":\"https:\\\/\\\/schema.org\",\"@graph\":[{\"@type\":\"WebPage\",\"@id\":\"https:\\\/\\\/rutana.lt\\\/produktas\\\/lipni-juostele-magic-invisible-810-19-mm-x-33-m-scotch-70005242196\\\/\",\"url\":\"https:\\\/\\\/rutana.lt\\\/produktas\\\/lipni-juostele-magic-invisible-810-19-mm-x-33-m-scotch-70005242196\\\/\",\"name\":\"Lipni juostel\u0117 Magic Invisible 810 19 mm x 33 m Scotch 70005242196 - Rutana - Ra\u0161tin\u0117s reikmenys\",\"isPartOf\":{\"@id\":\"https:\\\/\\\/rutana.lt\\\/#website\"},\"primaryImageOfPage\":{\"@id\":\"https:\\\/\\\/rutana.lt\\\/produktas\\\/lipni-juostele-magic-invisible-810-19-mm-x-33-m-scotch-70005242196\\\/#primaryimage\"},\"image\":{\"@id\":\"https:\\\/\\\/rutana.lt\\\/produktas\\\/lipni-juostele-magic-invisible-810-19-mm-x-33-m-scotch-70005242196\\\/#primaryimage\"},\"thumbnailUrl\":\"https:\\\/\\\/rutana.lt\\\/wp-content\\\/uploads\\\/2025\\\/09\\\/B013-201-1.jpg?v=1763618721\",\"datePublished\":\"2025-09-03T07:34:10+00:00\",\"dateModified\":\"2025-10-13T13:46:58+00:00\",\"breadcrumb\":{\"@id\":\"https:\\\/\\\/rutana.lt\\\/produktas\\\/lipni-juostele-magic-invisible-810-19-mm-x-33-m-scotch-70005242196\\\/#breadcrumb\"},\"inLanguage\":\"en-US\",\"potentialAction\":[{\"@type\":\"ReadAction\",\"target\":[\"https:\\\/\\\/rutana.lt\\\/produktas\\\/lipni-juostele-magic-invisible-810-19-mm-x-33-m-scotch-70005242196\\\/\"]}]},{\"@type\":\"ImageObject\",\"inLanguage\":\"en-US\",\"@id\":\"https:\\\/\\\/rutana.lt\\\/produktas\\\/lipni-juostele-magic-invisible-810-19-mm-x-33-m-scotch-70005242196\\\/#primaryimage\",\"url\":\"https:\\\/\\\/rutana.lt\\\/wp-content\\\/uploads\\\/2025\\\/09\\\/B013-201-1.jpg?v=1763618721\",\"contentUrl\":\"https:\\\/\\\/rutana.lt\\\/wp-content\\\/uploads\\\/2025\\\/09\\\/B013-201-1.jpg?v=1763618721\",\"width\":600,\"height\":500},{\"@type\":\"BreadcrumbList\",\"@id\":\"https:\\\/\\\/rutana.lt\\\/produktas\\\/lipni-juostele-magic-invisible-810-19-mm-x-33-m-scotch-70005242196\\\/#breadcrumb\",\"itemListElement\":[{\"@type\":\"ListItem\",\"position\":1,\"name\":\"Home\",\"item\":\"https:\\\/\\\/rutana.lt\\\/\"},{\"@type\":\"ListItem\",\"position\":2,\"name\":\"Parduotuv\u0117\",\"item\":\"https:\\\/\\\/rutana.lt\\\/parduotuve\\\/\"},{\"@type\":\"ListItem\",\"position\":3,\"name\":\"Lipni juostel\u0117 Magic Invisible 810 19 mm x 33 m Scotch 70005242196\"}]},{\"@type\":\"WebSite\",\"@id\":\"https:\\\/\\\/rutana.lt\\\/#website\",\"url\":\"https:\\\/\\\/rutana.lt\\\/\",\"name\":\"Rutana - Ra\u0161tin\u0117s reikmenys\",\"description\":\"Prekiaujame pasaulin\u0117je rinkoje pripa\u017eintomis, kokybi\u0161komis biuro prek\u0117mis toki\u0173  gamintoj\u0173 kaip: Schneider, Esselte, Novus, 3M, Faber-Castell, Citizen, Milan, Leitz, Colop, Zebra, Staedtler, Durable, Tork, Parker, Waterman ir kt.\",\"publisher\":{\"@id\":\"https:\\\/\\\/rutana.lt\\\/#organization\"},\"potentialAction\":[{\"@type\":\"SearchAction\",\"target\":{\"@type\":\"EntryPoint\",\"urlTemplate\":\"https:\\\/\\\/rutana.lt\\\/?s={search_term_string}\"},\"query-input\":{\"@type\":\"PropertyValueSpecification\",\"valueRequired\":true,\"valueName\":\"search_term_string\"}}],\"inLanguage\":\"en-US\"},{\"@type\":\"Organization\",\"@id\":\"https:\\\/\\\/rutana.lt\\\/#organization\",\"name\":\"Rutana - Ra\u0161tin\u0117s reikmenys\",\"url\":\"https:\\\/\\\/rutana.lt\\\/\",\"logo\":{\"@type\":\"ImageObject\",\"inLanguage\":\"en-US\",\"@id\":\"https:\\\/\\\/rutana.lt\\\/#\\\/schema\\\/logo\\\/image\\\/\",\"url\":\"https:\\\/\\\/rutana.lt\\\/wp-content\\\/uploads\\\/2025\\\/10\\\/Asset-32.png\",\"contentUrl\":\"https:\\\/\\\/rutana.lt\\\/wp-content\\\/uploads\\\/2025\\\/10\\\/Asset-32.png\",\"width\":433,\"height\":119,\"caption\":\"Rutana - Ra\u0161tin\u0117s reikmenys\"},\"image\":{\"@id\":\"https:\\\/\\\/rutana.lt\\\/#\\\/schema\\\/logo\\\/image\\\/\"},\"sameAs\":[\"https:\\\/\\\/www.facebook.com\\\/RutanaKanceliarinesPrekes\\\/\"]}]}<\/script>\n<!-- \/ Yoast SEO plugin. -->","yoast_head_json":{"title":"Lipni juostel\u0117 Magic Invisible 810 19 mm x 33 m Scotch 70005242196 - Rutana - Ra\u0161tin\u0117s reikmenys","robots":{"index":"index","follow":"follow","max-snippet":"max-snippet:-1","max-image-preview":"max-image-preview:large","max-video-preview":"max-video-preview:-1"},"canonical":"https:\/\/rutana.lt\/en\/product\/lipni-juostele-magic-invisible-810-19-mm-x-33-m-scotch-70005242196\/","og_locale":"en_US","og_type":"article","og_title":"Lipni juostel\u0117 Magic Invisible 810 19 mm x 33 m Scotch 70005242196 - Rutana - Ra\u0161tin\u0117s reikmenys","og_description":"Ma\u017eiau netvarkos, jokio streso \u2013 tai Magic\u2122! B\u016btiniausia juosta biurui, namams ar mokyklai. Auk\u0161tos kokyb\u0117s, matin\u0117 biuro juosta, skirta dokument\u0173 taisymui, \u017eenklinimui ir sandarinimui, pavyzd\u017eiui, vok\u0173 u\u017eklijavimui ir nuolatiniam supl\u0117\u0161yt\u0173 dokument\u0173 taisymui. Beveik nematoma, kai naudojama, ji i\u0161nyksta ant daugumos popieriaus pavir\u0161iaus, galima u\u017era\u0161yti ant jos pie\u0161tuku, ra\u0161ikliu ar \u017eymekliu. Juosta pagaminta i\u0161 nat\u016bralaus pluo\u0161to [&hellip;]","og_url":"https:\/\/rutana.lt\/en\/product\/lipni-juostele-magic-invisible-810-19-mm-x-33-m-scotch-70005242196\/","og_site_name":"Rutana - Ra\u0161tin\u0117s reikmenys","article_publisher":"https:\/\/www.facebook.com\/RutanaKanceliarinesPrekes\/","article_modified_time":"2025-10-13T13:46:58+00:00","og_image":[{"width":600,"height":500,"url":"https:\/\/rutana.lt\/wp-content\/uploads\/2025\/09\/B013-201.jpg","type":"image\/jpeg"}],"twitter_card":"summary_large_image","schema":{"@context":"https:\/\/schema.org","@graph":[{"@type":"WebPage","@id":"https:\/\/rutana.lt\/produktas\/lipni-juostele-magic-invisible-810-19-mm-x-33-m-scotch-70005242196\/","url":"https:\/\/rutana.lt\/produktas\/lipni-juostele-magic-invisible-810-19-mm-x-33-m-scotch-70005242196\/","name":"Lipni juostel\u0117 Magic Invisible 810 19 mm x 33 m Scotch 70005242196 - Rutana - Ra\u0161tin\u0117s reikmenys","isPartOf":{"@id":"https:\/\/rutana.lt\/#website"},"primaryImageOfPage":{"@id":"https:\/\/rutana.lt\/produktas\/lipni-juostele-magic-invisible-810-19-mm-x-33-m-scotch-70005242196\/#primaryimage"},"image":{"@id":"https:\/\/rutana.lt\/produktas\/lipni-juostele-magic-invisible-810-19-mm-x-33-m-scotch-70005242196\/#primaryimage"},"thumbnailUrl":"https:\/\/rutana.lt\/wp-content\/uploads\/2025\/09\/B013-201-1.jpg?v=1763618721","datePublished":"2025-09-03T07:34:10+00:00","dateModified":"2025-10-13T13:46:58+00:00","breadcrumb":{"@id":"https:\/\/rutana.lt\/produktas\/lipni-juostele-magic-invisible-810-19-mm-x-33-m-scotch-70005242196\/#breadcrumb"},"inLanguage":"en-US","potentialAction":[{"@type":"ReadAction","target":["https:\/\/rutana.lt\/produktas\/lipni-juostele-magic-invisible-810-19-mm-x-33-m-scotch-70005242196\/"]}]},{"@type":"ImageObject","inLanguage":"en-US","@id":"https:\/\/rutana.lt\/produktas\/lipni-juostele-magic-invisible-810-19-mm-x-33-m-scotch-70005242196\/#primaryimage","url":"https:\/\/rutana.lt\/wp-content\/uploads\/2025\/09\/B013-201-1.jpg?v=1763618721","contentUrl":"https:\/\/rutana.lt\/wp-content\/uploads\/2025\/09\/B013-201-1.jpg?v=1763618721","width":600,"height":500},{"@type":"BreadcrumbList","@id":"https:\/\/rutana.lt\/produktas\/lipni-juostele-magic-invisible-810-19-mm-x-33-m-scotch-70005242196\/#breadcrumb","itemListElement":[{"@type":"ListItem","position":1,"name":"Home","item":"https:\/\/rutana.lt\/"},{"@type":"ListItem","position":2,"name":"Parduotuv\u0117","item":"https:\/\/rutana.lt\/parduotuve\/"},{"@type":"ListItem","position":3,"name":"Lipni juostel\u0117 Magic Invisible 810 19 mm x 33 m Scotch 70005242196"}]},{"@type":"WebSite","@id":"https:\/\/rutana.lt\/#website","url":"https:\/\/rutana.lt\/","name":"Rutana - Ra\u0161tin\u0117s reikmenys","description":"Prekiaujame pasaulin\u0117je rinkoje pripa\u017eintomis, kokybi\u0161komis biuro prek\u0117mis toki\u0173  gamintoj\u0173 kaip: Schneider, Esselte, Novus, 3M, Faber-Castell, Citizen, Milan, Leitz, Colop, Zebra, Staedtler, Durable, Tork, Parker, Waterman ir kt.","publisher":{"@id":"https:\/\/rutana.lt\/#organization"},"potentialAction":[{"@type":"SearchAction","target":{"@type":"EntryPoint","urlTemplate":"https:\/\/rutana.lt\/?s={search_term_string}"},"query-input":{"@type":"PropertyValueSpecification","valueRequired":true,"valueName":"search_term_string"}}],"inLanguage":"en-US"},{"@type":"Organization","@id":"https:\/\/rutana.lt\/#organization","name":"Rutana - Ra\u0161tin\u0117s reikmenys","url":"https:\/\/rutana.lt\/","logo":{"@type":"ImageObject","inLanguage":"en-US","@id":"https:\/\/rutana.lt\/#\/schema\/logo\/image\/","url":"https:\/\/rutana.lt\/wp-content\/uploads\/2025\/10\/Asset-32.png","contentUrl":"https:\/\/rutana.lt\/wp-content\/uploads\/2025\/10\/Asset-32.png","width":433,"height":119,"caption":"Rutana - Ra\u0161tin\u0117s reikmenys"},"image":{"@id":"https:\/\/rutana.lt\/#\/schema\/logo\/image\/"},"sameAs":["https:\/\/www.facebook.com\/RutanaKanceliarinesPrekes\/"]}]}},"_links":{"self":[{"href":"https:\/\/rutana.lt\/en\/wp-json\/wp\/v2\/product\/14450","targetHints":{"allow":["GET"]}}],"collection":[{"href":"https:\/\/rutana.lt\/en\/wp-json\/wp\/v2\/product"}],"about":[{"href":"https:\/\/rutana.lt\/en\/wp-json\/wp\/v2\/types\/product"}],"replies":[{"embeddable":true,"href":"https:\/\/rutana.lt\/en\/wp-json\/wp\/v2\/comments?post=14450"}],"version-history":[{"count":1,"href":"https:\/\/rutana.lt\/en\/wp-json\/wp\/v2\/product\/14450\/revisions"}],"predecessor-version":[{"id":14499,"href":"https:\/\/rutana.lt\/en\/wp-json\/wp\/v2\/product\/14450\/revisions\/14499"}],"wp:featuredmedia":[{"embeddable":true,"href":"https:\/\/rutana.lt\/en\/wp-json\/wp\/v2\/media\/28436"}],"wp:attachment":[{"href":"https:\/\/rutana.lt\/en\/wp-json\/wp\/v2\/media?parent=14450"}],"wp:term":[{"taxonomy":"product_brand","embeddable":true,"href":"https:\/\/rutana.lt\/en\/wp-json\/wp\/v2\/product_brand?post=14450"},{"taxonomy":"product_cat","embeddable":true,"href":"https:\/\/rutana.lt\/en\/wp-json\/wp\/v2\/product_cat?post=14450"},{"taxonomy":"product_tag","embeddable":true,"href":"https:\/\/rutana.lt\/en\/wp-json\/wp\/v2\/product_tag?post=14450"}],"curies":[{"name":"wp","href":"https:\/\/api.w.org\/{rel}","templated":true}]}}