{"id":14440,"date":"2025-09-03T09:34:09","date_gmt":"2025-09-03T07:34:09","guid":{"rendered":"https:\/\/rutana.webdemo.lt\/?post_type=product&#038;p=14440"},"modified":"2025-10-13T15:46:54","modified_gmt":"2025-10-13T13:46:54","slug":"plastilininiai-klijai-multi-tack-65-vnt-pritt-henkel","status":"publish","type":"product","link":"https:\/\/rutana.lt\/en\/product\/plastilininiai-klijai-multi-tack-65-vnt-pritt-henkel\/","title":{"rendered":"Plastilininiai klijai Multi Tack 65 vnt. Pritt Henkel"},"content":{"rendered":"<p>Pritt Multi Tack yra universal\u016bs, lengvai nuimami ir daugkartinio naudojimo lipn\u016bs kvadratai. Pritt Multi Tack yra ideali smeigtuk\u0173 ar juostos alternatyva, nes jie yra ne permanentiniai ir u\u017etikrina lengv\u0105 plakat\u0173, popieriaus, sveikinimo atviruk\u0173 ar kit\u0173 lengv\u0173 daikt\u0173, sverian\u010di\u0173 iki 250 g ( vienam lipniam kvadratui ), pa\u0161alinim\u0105, priklijuot\u0105 prie sien\u0173, dur\u0173 ar lang\u0173. Puikus meno ir amat\u0173 aksesuaras!<\/p>\n<p>Kvadrat\u0117li\u0173 kiekis: 65 vnt.<\/p>\n<p>Spalva: balta<\/p>\n<p>Klim\u0117s \u0161alis: Vokietija<\/p>","protected":false},"excerpt":{"rendered":"<p>Pritt Multi Tack yra universal\u016bs, lengvai nuimami ir daugkartinio naudojimo lipn\u016bs kvadratai. Pritt Multi Tack yra ideali smeigtuk\u0173 ar juostos alternatyva, nes jie yra ne permanentiniai ir u\u017etikrina lengv\u0105 plakat\u0173, popieriaus, sveikinimo atviruk\u0173 ar kit\u0173 lengv\u0173 daikt\u0173, sverian\u010di\u0173 iki 250 g ( vienam lipniam kvadratui ), pa\u0161alinim\u0105, priklijuot\u0105 prie sien\u0173, dur\u0173 ar lang\u0173. Puikus meno [&hellip;]<\/p>","protected":false},"featured_media":28427,"comment_status":"open","ping_status":"closed","template":"","meta":{"_season_start":"","_season_end":"","_season_days":"","_season_months":"","_season_auto_visibility":""},"product_brand":[243],"product_cat":[1872],"product_tag":[],"class_list":{"0":"post-14440","1":"product","2":"type-product","3":"status-publish","4":"has-post-thumbnail","6":"product_brand-henkel","7":"product_cat-plastilininiai-klijai","9":"first","10":"instock","11":"taxable","12":"shipping-taxable","13":"purchasable","14":"product-type-simple"},"yoast_head":"<!-- This site is optimized with the Yoast SEO plugin v26.1.1 - https:\/\/yoast.com\/wordpress\/plugins\/seo\/ -->\n<title>Plastilininiai klijai Multi Tack 65 vnt. Pritt Henkel - Rutana - Ra\u0161tin\u0117s reikmenys<\/title>\n<meta name=\"robots\" content=\"index, follow, max-snippet:-1, max-image-preview:large, max-video-preview:-1\" \/>\n<link rel=\"canonical\" href=\"https:\/\/rutana.lt\/en\/product\/plastilininiai-klijai-multi-tack-65-vnt-pritt-henkel\/\" \/>\n<meta property=\"og:locale\" content=\"en_US\" \/>\n<meta property=\"og:type\" content=\"article\" \/>\n<meta property=\"og:title\" content=\"Plastilininiai klijai Multi Tack 65 vnt. Pritt Henkel - Rutana - Ra\u0161tin\u0117s reikmenys\" \/>\n<meta property=\"og:description\" content=\"Pritt Multi Tack yra universal\u016bs, lengvai nuimami ir daugkartinio naudojimo lipn\u016bs kvadratai. Pritt Multi Tack yra ideali smeigtuk\u0173 ar juostos alternatyva, nes jie yra ne permanentiniai ir u\u017etikrina lengv\u0105 plakat\u0173, popieriaus, sveikinimo atviruk\u0173 ar kit\u0173 lengv\u0173 daikt\u0173, sverian\u010di\u0173 iki 250 g ( vienam lipniam kvadratui ), pa\u0161alinim\u0105, priklijuot\u0105 prie sien\u0173, dur\u0173 ar lang\u0173. Puikus meno [&hellip;]\" \/>\n<meta property=\"og:url\" content=\"https:\/\/rutana.lt\/en\/product\/plastilininiai-klijai-multi-tack-65-vnt-pritt-henkel\/\" \/>\n<meta property=\"og:site_name\" content=\"Rutana - Ra\u0161tin\u0117s reikmenys\" \/>\n<meta property=\"article:publisher\" content=\"https:\/\/www.facebook.com\/RutanaKanceliarinesPrekes\/\" \/>\n<meta property=\"article:modified_time\" content=\"2025-10-13T13:46:54+00:00\" \/>\n<meta property=\"og:image\" content=\"https:\/\/rutana.lt\/wp-content\/uploads\/2025\/09\/B012-601.jpg\" \/>\n\t<meta property=\"og:image:width\" content=\"600\" \/>\n\t<meta property=\"og:image:height\" content=\"600\" \/>\n\t<meta property=\"og:image:type\" content=\"image\/jpeg\" \/>\n<meta name=\"twitter:card\" content=\"summary_large_image\" \/>\n<script type=\"application\/ld+json\" class=\"yoast-schema-graph\">{\"@context\":\"https:\/\/schema.org\",\"@graph\":[{\"@type\":\"WebPage\",\"@id\":\"https:\/\/rutana.lt\/produktas\/plastilininiai-klijai-multi-tack-65-vnt-pritt-henkel\/\",\"url\":\"https:\/\/rutana.lt\/produktas\/plastilininiai-klijai-multi-tack-65-vnt-pritt-henkel\/\",\"name\":\"Plastilininiai klijai Multi Tack 65 vnt. Pritt Henkel - Rutana - Ra\u0161tin\u0117s reikmenys\",\"isPartOf\":{\"@id\":\"https:\/\/rutana.lt\/#website\"},\"primaryImageOfPage\":{\"@id\":\"https:\/\/rutana.lt\/produktas\/plastilininiai-klijai-multi-tack-65-vnt-pritt-henkel\/#primaryimage\"},\"image\":{\"@id\":\"https:\/\/rutana.lt\/produktas\/plastilininiai-klijai-multi-tack-65-vnt-pritt-henkel\/#primaryimage\"},\"thumbnailUrl\":\"https:\/\/rutana.lt\/wp-content\/uploads\/2025\/09\/B012-601-1.jpg?v=1763618738\",\"datePublished\":\"2025-09-03T07:34:09+00:00\",\"dateModified\":\"2025-10-13T13:46:54+00:00\",\"breadcrumb\":{\"@id\":\"https:\/\/rutana.lt\/produktas\/plastilininiai-klijai-multi-tack-65-vnt-pritt-henkel\/#breadcrumb\"},\"inLanguage\":\"en-US\",\"potentialAction\":[{\"@type\":\"ReadAction\",\"target\":[\"https:\/\/rutana.lt\/produktas\/plastilininiai-klijai-multi-tack-65-vnt-pritt-henkel\/\"]}]},{\"@type\":\"ImageObject\",\"inLanguage\":\"en-US\",\"@id\":\"https:\/\/rutana.lt\/produktas\/plastilininiai-klijai-multi-tack-65-vnt-pritt-henkel\/#primaryimage\",\"url\":\"https:\/\/rutana.lt\/wp-content\/uploads\/2025\/09\/B012-601-1.jpg?v=1763618738\",\"contentUrl\":\"https:\/\/rutana.lt\/wp-content\/uploads\/2025\/09\/B012-601-1.jpg?v=1763618738\",\"width\":600,\"height\":600},{\"@type\":\"BreadcrumbList\",\"@id\":\"https:\/\/rutana.lt\/produktas\/plastilininiai-klijai-multi-tack-65-vnt-pritt-henkel\/#breadcrumb\",\"itemListElement\":[{\"@type\":\"ListItem\",\"position\":1,\"name\":\"Home\",\"item\":\"https:\/\/rutana.lt\/\"},{\"@type\":\"ListItem\",\"position\":2,\"name\":\"Parduotuv\u0117\",\"item\":\"https:\/\/rutana.lt\/parduotuve\/\"},{\"@type\":\"ListItem\",\"position\":3,\"name\":\"Plastilininiai klijai Multi Tack 65 vnt. Pritt Henkel\"}]},{\"@type\":\"WebSite\",\"@id\":\"https:\/\/rutana.lt\/#website\",\"url\":\"https:\/\/rutana.lt\/\",\"name\":\"Rutana - Ra\u0161tin\u0117s reikmenys\",\"description\":\"Prekiaujame pasaulin\u0117je rinkoje pripa\u017eintomis, kokybi\u0161komis biuro prek\u0117mis toki\u0173  gamintoj\u0173 kaip: Schneider, Esselte, Novus, 3M, Faber-Castell, Citizen, Milan, Leitz, Colop, Zebra, Staedtler, Durable, Tork, Parker, Waterman ir kt.\",\"publisher\":{\"@id\":\"https:\/\/rutana.lt\/#organization\"},\"potentialAction\":[{\"@type\":\"SearchAction\",\"target\":{\"@type\":\"EntryPoint\",\"urlTemplate\":\"https:\/\/rutana.lt\/?s={search_term_string}\"},\"query-input\":{\"@type\":\"PropertyValueSpecification\",\"valueRequired\":true,\"valueName\":\"search_term_string\"}}],\"inLanguage\":\"en-US\"},{\"@type\":\"Organization\",\"@id\":\"https:\/\/rutana.lt\/#organization\",\"name\":\"Rutana - Ra\u0161tin\u0117s reikmenys\",\"url\":\"https:\/\/rutana.lt\/\",\"logo\":{\"@type\":\"ImageObject\",\"inLanguage\":\"en-US\",\"@id\":\"https:\/\/rutana.lt\/#\/schema\/logo\/image\/\",\"url\":\"https:\/\/rutana.lt\/wp-content\/uploads\/2025\/10\/Asset-32.png\",\"contentUrl\":\"https:\/\/rutana.lt\/wp-content\/uploads\/2025\/10\/Asset-32.png\",\"width\":433,\"height\":119,\"caption\":\"Rutana - Ra\u0161tin\u0117s reikmenys\"},\"image\":{\"@id\":\"https:\/\/rutana.lt\/#\/schema\/logo\/image\/\"},\"sameAs\":[\"https:\/\/www.facebook.com\/RutanaKanceliarinesPrekes\/\"]}]}<\/script>\n<!-- \/ Yoast SEO plugin. -->","yoast_head_json":{"title":"Plastilininiai klijai Multi Tack 65 vnt. Pritt Henkel - Rutana - Ra\u0161tin\u0117s reikmenys","robots":{"index":"index","follow":"follow","max-snippet":"max-snippet:-1","max-image-preview":"max-image-preview:large","max-video-preview":"max-video-preview:-1"},"canonical":"https:\/\/rutana.lt\/en\/product\/plastilininiai-klijai-multi-tack-65-vnt-pritt-henkel\/","og_locale":"en_US","og_type":"article","og_title":"Plastilininiai klijai Multi Tack 65 vnt. Pritt Henkel - Rutana - Ra\u0161tin\u0117s reikmenys","og_description":"Pritt Multi Tack yra universal\u016bs, lengvai nuimami ir daugkartinio naudojimo lipn\u016bs kvadratai. Pritt Multi Tack yra ideali smeigtuk\u0173 ar juostos alternatyva, nes jie yra ne permanentiniai ir u\u017etikrina lengv\u0105 plakat\u0173, popieriaus, sveikinimo atviruk\u0173 ar kit\u0173 lengv\u0173 daikt\u0173, sverian\u010di\u0173 iki 250 g ( vienam lipniam kvadratui ), pa\u0161alinim\u0105, priklijuot\u0105 prie sien\u0173, dur\u0173 ar lang\u0173. Puikus meno [&hellip;]","og_url":"https:\/\/rutana.lt\/en\/product\/plastilininiai-klijai-multi-tack-65-vnt-pritt-henkel\/","og_site_name":"Rutana - Ra\u0161tin\u0117s reikmenys","article_publisher":"https:\/\/www.facebook.com\/RutanaKanceliarinesPrekes\/","article_modified_time":"2025-10-13T13:46:54+00:00","og_image":[{"width":600,"height":600,"url":"https:\/\/rutana.lt\/wp-content\/uploads\/2025\/09\/B012-601.jpg","type":"image\/jpeg"}],"twitter_card":"summary_large_image","schema":{"@context":"https:\/\/schema.org","@graph":[{"@type":"WebPage","@id":"https:\/\/rutana.lt\/produktas\/plastilininiai-klijai-multi-tack-65-vnt-pritt-henkel\/","url":"https:\/\/rutana.lt\/produktas\/plastilininiai-klijai-multi-tack-65-vnt-pritt-henkel\/","name":"Plastilininiai klijai Multi Tack 65 vnt. Pritt Henkel - Rutana - Ra\u0161tin\u0117s reikmenys","isPartOf":{"@id":"https:\/\/rutana.lt\/#website"},"primaryImageOfPage":{"@id":"https:\/\/rutana.lt\/produktas\/plastilininiai-klijai-multi-tack-65-vnt-pritt-henkel\/#primaryimage"},"image":{"@id":"https:\/\/rutana.lt\/produktas\/plastilininiai-klijai-multi-tack-65-vnt-pritt-henkel\/#primaryimage"},"thumbnailUrl":"https:\/\/rutana.lt\/wp-content\/uploads\/2025\/09\/B012-601-1.jpg?v=1763618738","datePublished":"2025-09-03T07:34:09+00:00","dateModified":"2025-10-13T13:46:54+00:00","breadcrumb":{"@id":"https:\/\/rutana.lt\/produktas\/plastilininiai-klijai-multi-tack-65-vnt-pritt-henkel\/#breadcrumb"},"inLanguage":"en-US","potentialAction":[{"@type":"ReadAction","target":["https:\/\/rutana.lt\/produktas\/plastilininiai-klijai-multi-tack-65-vnt-pritt-henkel\/"]}]},{"@type":"ImageObject","inLanguage":"en-US","@id":"https:\/\/rutana.lt\/produktas\/plastilininiai-klijai-multi-tack-65-vnt-pritt-henkel\/#primaryimage","url":"https:\/\/rutana.lt\/wp-content\/uploads\/2025\/09\/B012-601-1.jpg?v=1763618738","contentUrl":"https:\/\/rutana.lt\/wp-content\/uploads\/2025\/09\/B012-601-1.jpg?v=1763618738","width":600,"height":600},{"@type":"BreadcrumbList","@id":"https:\/\/rutana.lt\/produktas\/plastilininiai-klijai-multi-tack-65-vnt-pritt-henkel\/#breadcrumb","itemListElement":[{"@type":"ListItem","position":1,"name":"Home","item":"https:\/\/rutana.lt\/"},{"@type":"ListItem","position":2,"name":"Parduotuv\u0117","item":"https:\/\/rutana.lt\/parduotuve\/"},{"@type":"ListItem","position":3,"name":"Plastilininiai klijai Multi Tack 65 vnt. Pritt Henkel"}]},{"@type":"WebSite","@id":"https:\/\/rutana.lt\/#website","url":"https:\/\/rutana.lt\/","name":"Rutana - Ra\u0161tin\u0117s reikmenys","description":"Prekiaujame pasaulin\u0117je rinkoje pripa\u017eintomis, kokybi\u0161komis biuro prek\u0117mis toki\u0173  gamintoj\u0173 kaip: Schneider, Esselte, Novus, 3M, Faber-Castell, Citizen, Milan, Leitz, Colop, Zebra, Staedtler, Durable, Tork, Parker, Waterman ir kt.","publisher":{"@id":"https:\/\/rutana.lt\/#organization"},"potentialAction":[{"@type":"SearchAction","target":{"@type":"EntryPoint","urlTemplate":"https:\/\/rutana.lt\/?s={search_term_string}"},"query-input":{"@type":"PropertyValueSpecification","valueRequired":true,"valueName":"search_term_string"}}],"inLanguage":"en-US"},{"@type":"Organization","@id":"https:\/\/rutana.lt\/#organization","name":"Rutana - Ra\u0161tin\u0117s reikmenys","url":"https:\/\/rutana.lt\/","logo":{"@type":"ImageObject","inLanguage":"en-US","@id":"https:\/\/rutana.lt\/#\/schema\/logo\/image\/","url":"https:\/\/rutana.lt\/wp-content\/uploads\/2025\/10\/Asset-32.png","contentUrl":"https:\/\/rutana.lt\/wp-content\/uploads\/2025\/10\/Asset-32.png","width":433,"height":119,"caption":"Rutana - Ra\u0161tin\u0117s reikmenys"},"image":{"@id":"https:\/\/rutana.lt\/#\/schema\/logo\/image\/"},"sameAs":["https:\/\/www.facebook.com\/RutanaKanceliarinesPrekes\/"]}]}},"_links":{"self":[{"href":"https:\/\/rutana.lt\/en\/wp-json\/wp\/v2\/product\/14440","targetHints":{"allow":["GET"]}}],"collection":[{"href":"https:\/\/rutana.lt\/en\/wp-json\/wp\/v2\/product"}],"about":[{"href":"https:\/\/rutana.lt\/en\/wp-json\/wp\/v2\/types\/product"}],"replies":[{"embeddable":true,"href":"https:\/\/rutana.lt\/en\/wp-json\/wp\/v2\/comments?post=14440"}],"version-history":[{"count":1,"href":"https:\/\/rutana.lt\/en\/wp-json\/wp\/v2\/product\/14440\/revisions"}],"predecessor-version":[{"id":14480,"href":"https:\/\/rutana.lt\/en\/wp-json\/wp\/v2\/product\/14440\/revisions\/14480"}],"wp:featuredmedia":[{"embeddable":true,"href":"https:\/\/rutana.lt\/en\/wp-json\/wp\/v2\/media\/28427"}],"wp:attachment":[{"href":"https:\/\/rutana.lt\/en\/wp-json\/wp\/v2\/media?parent=14440"}],"wp:term":[{"taxonomy":"product_brand","embeddable":true,"href":"https:\/\/rutana.lt\/en\/wp-json\/wp\/v2\/product_brand?post=14440"},{"taxonomy":"product_cat","embeddable":true,"href":"https:\/\/rutana.lt\/en\/wp-json\/wp\/v2\/product_cat?post=14440"},{"taxonomy":"product_tag","embeddable":true,"href":"https:\/\/rutana.lt\/en\/wp-json\/wp\/v2\/product_tag?post=14440"}],"curies":[{"name":"wp","href":"https:\/\/api.w.org\/{rel}","templated":true}]}}