{"id":14385,"date":"2025-09-03T09:33:49","date_gmt":"2025-09-03T07:33:49","guid":{"rendered":"https:\/\/rutana.webdemo.lt\/?post_type=product&#038;p=14385"},"modified":"2025-10-13T15:46:47","modified_gmt":"2025-10-13T13:46:47","slug":"zymeklis-kreidinis-maxx-265-2-3mm-geltonas-schneider-126505","status":"publish","type":"product","link":"https:\/\/rutana.lt\/en\/product\/zymeklis-kreidinis-maxx-265-2-3mm-geltonas-schneider-126505\/","title":{"rendered":"\u017dymeklis kreidinis Maxx 265 2-3mm geltonas Schneider 126505"},"content":{"rendered":"<p>Kreidos \u017eymeklis apvaliu antgaliu, skirtas dizainui ant lang\u0173 ar kit\u0173 pana\u0161i\u0173 pavir\u0161i\u0173. Bekvap\u0119 skyst\u0105 kreid\u0105 galima i\u0161trinti i\u0161 beveik vis\u0173 blizgi\u0173 pavir\u0161i\u0173 dr\u0117gna \u0161luoste. Kreidos \u017eymeklis taip pat gali b\u016bti naudojamas ant \u0161iurk\u0161\u010dios ir sugerian\u010dios terp\u0117s, pvz. popieriaus ir kartono, bet nebepavyks nuvalyti po panaudojimo.<\/p>\n<p>\u017dymeklio galiukas: apvalus<\/p>\n<p>Linijos br\u0117\u017eio storis: 2 &#8211; 3 mm<\/p>\n<p>Kreidos spalva: geltona<\/p>\n<p>Kilm\u0117s \u0161alis: Vokietija<\/p>\n<p><\/p>\n<p><\/p>","protected":false},"excerpt":{"rendered":"<p>Kreidos \u017eymeklis apvaliu antgaliu, skirtas dizainui ant lang\u0173 ar kit\u0173 pana\u0161i\u0173 pavir\u0161i\u0173. Bekvap\u0119 skyst\u0105 kreid\u0105 galima i\u0161trinti i\u0161 beveik vis\u0173 blizgi\u0173 pavir\u0161i\u0173 dr\u0117gna \u0161luoste. Kreidos \u017eymeklis taip pat gali b\u016bti naudojamas ant \u0161iurk\u0161\u010dios ir sugerian\u010dios terp\u0117s, pvz. popieriaus ir kartono, bet nebepavyks nuvalyti po panaudojimo. \u017dymeklio galiukas: apvalus Linijos br\u0117\u017eio storis: 2 &#8211; 3 mm [&hellip;]<\/p>","protected":false},"featured_media":28416,"comment_status":"open","ping_status":"closed","template":"","meta":{"_season_start":"","_season_end":"","_season_days":"","_season_months":"","_season_auto_visibility":""},"product_brand":[202],"product_cat":[1878],"product_tag":[],"class_list":{"0":"post-14385","1":"product","2":"type-product","3":"status-publish","4":"has-post-thumbnail","6":"product_brand-schneider","7":"product_cat-vandens-pagrindu-zymekliai","9":"first","10":"instock","11":"taxable","12":"shipping-taxable","13":"purchasable","14":"product-type-simple"},"yoast_head":"<!-- This site is optimized with the Yoast SEO plugin v26.1.1 - https:\/\/yoast.com\/wordpress\/plugins\/seo\/ -->\n<title>\u017dymeklis kreidinis Maxx 265 2-3mm geltonas Schneider 126505 - Rutana - Ra\u0161tin\u0117s reikmenys<\/title>\n<meta name=\"robots\" content=\"index, follow, max-snippet:-1, max-image-preview:large, max-video-preview:-1\" \/>\n<link rel=\"canonical\" href=\"https:\/\/rutana.lt\/en\/product\/zymeklis-kreidinis-maxx-265-2-3mm-geltonas-schneider-126505\/\" \/>\n<meta property=\"og:locale\" content=\"en_US\" \/>\n<meta property=\"og:type\" content=\"article\" \/>\n<meta property=\"og:title\" content=\"\u017dymeklis kreidinis Maxx 265 2-3mm geltonas Schneider 126505 - Rutana - Ra\u0161tin\u0117s reikmenys\" \/>\n<meta property=\"og:description\" content=\"Kreidos \u017eymeklis apvaliu antgaliu, skirtas dizainui ant lang\u0173 ar kit\u0173 pana\u0161i\u0173 pavir\u0161i\u0173. Bekvap\u0119 skyst\u0105 kreid\u0105 galima i\u0161trinti i\u0161 beveik vis\u0173 blizgi\u0173 pavir\u0161i\u0173 dr\u0117gna \u0161luoste. Kreidos \u017eymeklis taip pat gali b\u016bti naudojamas ant \u0161iurk\u0161\u010dios ir sugerian\u010dios terp\u0117s, pvz. popieriaus ir kartono, bet nebepavyks nuvalyti po panaudojimo. \u017dymeklio galiukas: apvalus Linijos br\u0117\u017eio storis: 2 &#8211; 3 mm [&hellip;]\" \/>\n<meta property=\"og:url\" content=\"https:\/\/rutana.lt\/en\/product\/zymeklis-kreidinis-maxx-265-2-3mm-geltonas-schneider-126505\/\" \/>\n<meta property=\"og:site_name\" content=\"Rutana - Ra\u0161tin\u0117s reikmenys\" \/>\n<meta property=\"article:publisher\" content=\"https:\/\/www.facebook.com\/RutanaKanceliarinesPrekes\/\" \/>\n<meta property=\"article:modified_time\" content=\"2025-10-13T13:46:47+00:00\" \/>\n<meta property=\"og:image\" content=\"https:\/\/rutana.lt\/wp-content\/uploads\/2025\/09\/C102-074.jpg\" \/>\n\t<meta property=\"og:image:width\" content=\"600\" \/>\n\t<meta property=\"og:image:height\" content=\"600\" \/>\n\t<meta property=\"og:image:type\" content=\"image\/jpeg\" \/>\n<meta name=\"twitter:card\" content=\"summary_large_image\" \/>\n<script type=\"application\/ld+json\" class=\"yoast-schema-graph\">{\"@context\":\"https:\/\/schema.org\",\"@graph\":[{\"@type\":\"WebPage\",\"@id\":\"https:\/\/rutana.lt\/produktas\/zymeklis-kreidinis-maxx-265-2-3mm-geltonas-schneider-126505\/\",\"url\":\"https:\/\/rutana.lt\/produktas\/zymeklis-kreidinis-maxx-265-2-3mm-geltonas-schneider-126505\/\",\"name\":\"\u017dymeklis kreidinis Maxx 265 2-3mm geltonas Schneider 126505 - Rutana - Ra\u0161tin\u0117s reikmenys\",\"isPartOf\":{\"@id\":\"https:\/\/rutana.lt\/#website\"},\"primaryImageOfPage\":{\"@id\":\"https:\/\/rutana.lt\/produktas\/zymeklis-kreidinis-maxx-265-2-3mm-geltonas-schneider-126505\/#primaryimage\"},\"image\":{\"@id\":\"https:\/\/rutana.lt\/produktas\/zymeklis-kreidinis-maxx-265-2-3mm-geltonas-schneider-126505\/#primaryimage\"},\"thumbnailUrl\":\"https:\/\/rutana.lt\/wp-content\/uploads\/2025\/09\/C102-074-1.jpg?v=1763618750\",\"datePublished\":\"2025-09-03T07:33:49+00:00\",\"dateModified\":\"2025-10-13T13:46:47+00:00\",\"breadcrumb\":{\"@id\":\"https:\/\/rutana.lt\/produktas\/zymeklis-kreidinis-maxx-265-2-3mm-geltonas-schneider-126505\/#breadcrumb\"},\"inLanguage\":\"en-US\",\"potentialAction\":[{\"@type\":\"ReadAction\",\"target\":[\"https:\/\/rutana.lt\/produktas\/zymeklis-kreidinis-maxx-265-2-3mm-geltonas-schneider-126505\/\"]}]},{\"@type\":\"ImageObject\",\"inLanguage\":\"en-US\",\"@id\":\"https:\/\/rutana.lt\/produktas\/zymeklis-kreidinis-maxx-265-2-3mm-geltonas-schneider-126505\/#primaryimage\",\"url\":\"https:\/\/rutana.lt\/wp-content\/uploads\/2025\/09\/C102-074-1.jpg?v=1763618750\",\"contentUrl\":\"https:\/\/rutana.lt\/wp-content\/uploads\/2025\/09\/C102-074-1.jpg?v=1763618750\",\"width\":600,\"height\":600},{\"@type\":\"BreadcrumbList\",\"@id\":\"https:\/\/rutana.lt\/produktas\/zymeklis-kreidinis-maxx-265-2-3mm-geltonas-schneider-126505\/#breadcrumb\",\"itemListElement\":[{\"@type\":\"ListItem\",\"position\":1,\"name\":\"Home\",\"item\":\"https:\/\/rutana.lt\/\"},{\"@type\":\"ListItem\",\"position\":2,\"name\":\"Parduotuv\u0117\",\"item\":\"https:\/\/rutana.lt\/parduotuve\/\"},{\"@type\":\"ListItem\",\"position\":3,\"name\":\"\u017dymeklis kreidinis Maxx 265 2-3mm geltonas Schneider 126505\"}]},{\"@type\":\"WebSite\",\"@id\":\"https:\/\/rutana.lt\/#website\",\"url\":\"https:\/\/rutana.lt\/\",\"name\":\"Rutana - Ra\u0161tin\u0117s reikmenys\",\"description\":\"Prekiaujame pasaulin\u0117je rinkoje pripa\u017eintomis, kokybi\u0161komis biuro prek\u0117mis toki\u0173  gamintoj\u0173 kaip: Schneider, Esselte, Novus, 3M, Faber-Castell, Citizen, Milan, Leitz, Colop, Zebra, Staedtler, Durable, Tork, Parker, Waterman ir kt.\",\"publisher\":{\"@id\":\"https:\/\/rutana.lt\/#organization\"},\"potentialAction\":[{\"@type\":\"SearchAction\",\"target\":{\"@type\":\"EntryPoint\",\"urlTemplate\":\"https:\/\/rutana.lt\/?s={search_term_string}\"},\"query-input\":{\"@type\":\"PropertyValueSpecification\",\"valueRequired\":true,\"valueName\":\"search_term_string\"}}],\"inLanguage\":\"en-US\"},{\"@type\":\"Organization\",\"@id\":\"https:\/\/rutana.lt\/#organization\",\"name\":\"Rutana - Ra\u0161tin\u0117s reikmenys\",\"url\":\"https:\/\/rutana.lt\/\",\"logo\":{\"@type\":\"ImageObject\",\"inLanguage\":\"en-US\",\"@id\":\"https:\/\/rutana.lt\/#\/schema\/logo\/image\/\",\"url\":\"https:\/\/rutana.lt\/wp-content\/uploads\/2025\/10\/Asset-32.png\",\"contentUrl\":\"https:\/\/rutana.lt\/wp-content\/uploads\/2025\/10\/Asset-32.png\",\"width\":433,\"height\":119,\"caption\":\"Rutana - Ra\u0161tin\u0117s reikmenys\"},\"image\":{\"@id\":\"https:\/\/rutana.lt\/#\/schema\/logo\/image\/\"},\"sameAs\":[\"https:\/\/www.facebook.com\/RutanaKanceliarinesPrekes\/\"]}]}<\/script>\n<!-- \/ Yoast SEO plugin. -->","yoast_head_json":{"title":"\u017dymeklis kreidinis Maxx 265 2-3mm geltonas Schneider 126505 - Rutana - Ra\u0161tin\u0117s reikmenys","robots":{"index":"index","follow":"follow","max-snippet":"max-snippet:-1","max-image-preview":"max-image-preview:large","max-video-preview":"max-video-preview:-1"},"canonical":"https:\/\/rutana.lt\/en\/product\/zymeklis-kreidinis-maxx-265-2-3mm-geltonas-schneider-126505\/","og_locale":"en_US","og_type":"article","og_title":"\u017dymeklis kreidinis Maxx 265 2-3mm geltonas Schneider 126505 - Rutana - Ra\u0161tin\u0117s reikmenys","og_description":"Kreidos \u017eymeklis apvaliu antgaliu, skirtas dizainui ant lang\u0173 ar kit\u0173 pana\u0161i\u0173 pavir\u0161i\u0173. Bekvap\u0119 skyst\u0105 kreid\u0105 galima i\u0161trinti i\u0161 beveik vis\u0173 blizgi\u0173 pavir\u0161i\u0173 dr\u0117gna \u0161luoste. Kreidos \u017eymeklis taip pat gali b\u016bti naudojamas ant \u0161iurk\u0161\u010dios ir sugerian\u010dios terp\u0117s, pvz. popieriaus ir kartono, bet nebepavyks nuvalyti po panaudojimo. \u017dymeklio galiukas: apvalus Linijos br\u0117\u017eio storis: 2 &#8211; 3 mm [&hellip;]","og_url":"https:\/\/rutana.lt\/en\/product\/zymeklis-kreidinis-maxx-265-2-3mm-geltonas-schneider-126505\/","og_site_name":"Rutana - Ra\u0161tin\u0117s reikmenys","article_publisher":"https:\/\/www.facebook.com\/RutanaKanceliarinesPrekes\/","article_modified_time":"2025-10-13T13:46:47+00:00","og_image":[{"width":600,"height":600,"url":"https:\/\/rutana.lt\/wp-content\/uploads\/2025\/09\/C102-074.jpg","type":"image\/jpeg"}],"twitter_card":"summary_large_image","schema":{"@context":"https:\/\/schema.org","@graph":[{"@type":"WebPage","@id":"https:\/\/rutana.lt\/produktas\/zymeklis-kreidinis-maxx-265-2-3mm-geltonas-schneider-126505\/","url":"https:\/\/rutana.lt\/produktas\/zymeklis-kreidinis-maxx-265-2-3mm-geltonas-schneider-126505\/","name":"\u017dymeklis kreidinis Maxx 265 2-3mm geltonas Schneider 126505 - Rutana - Ra\u0161tin\u0117s reikmenys","isPartOf":{"@id":"https:\/\/rutana.lt\/#website"},"primaryImageOfPage":{"@id":"https:\/\/rutana.lt\/produktas\/zymeklis-kreidinis-maxx-265-2-3mm-geltonas-schneider-126505\/#primaryimage"},"image":{"@id":"https:\/\/rutana.lt\/produktas\/zymeklis-kreidinis-maxx-265-2-3mm-geltonas-schneider-126505\/#primaryimage"},"thumbnailUrl":"https:\/\/rutana.lt\/wp-content\/uploads\/2025\/09\/C102-074-1.jpg?v=1763618750","datePublished":"2025-09-03T07:33:49+00:00","dateModified":"2025-10-13T13:46:47+00:00","breadcrumb":{"@id":"https:\/\/rutana.lt\/produktas\/zymeklis-kreidinis-maxx-265-2-3mm-geltonas-schneider-126505\/#breadcrumb"},"inLanguage":"en-US","potentialAction":[{"@type":"ReadAction","target":["https:\/\/rutana.lt\/produktas\/zymeklis-kreidinis-maxx-265-2-3mm-geltonas-schneider-126505\/"]}]},{"@type":"ImageObject","inLanguage":"en-US","@id":"https:\/\/rutana.lt\/produktas\/zymeklis-kreidinis-maxx-265-2-3mm-geltonas-schneider-126505\/#primaryimage","url":"https:\/\/rutana.lt\/wp-content\/uploads\/2025\/09\/C102-074-1.jpg?v=1763618750","contentUrl":"https:\/\/rutana.lt\/wp-content\/uploads\/2025\/09\/C102-074-1.jpg?v=1763618750","width":600,"height":600},{"@type":"BreadcrumbList","@id":"https:\/\/rutana.lt\/produktas\/zymeklis-kreidinis-maxx-265-2-3mm-geltonas-schneider-126505\/#breadcrumb","itemListElement":[{"@type":"ListItem","position":1,"name":"Home","item":"https:\/\/rutana.lt\/"},{"@type":"ListItem","position":2,"name":"Parduotuv\u0117","item":"https:\/\/rutana.lt\/parduotuve\/"},{"@type":"ListItem","position":3,"name":"\u017dymeklis kreidinis Maxx 265 2-3mm geltonas Schneider 126505"}]},{"@type":"WebSite","@id":"https:\/\/rutana.lt\/#website","url":"https:\/\/rutana.lt\/","name":"Rutana - Ra\u0161tin\u0117s reikmenys","description":"Prekiaujame pasaulin\u0117je rinkoje pripa\u017eintomis, kokybi\u0161komis biuro prek\u0117mis toki\u0173  gamintoj\u0173 kaip: Schneider, Esselte, Novus, 3M, Faber-Castell, Citizen, Milan, Leitz, Colop, Zebra, Staedtler, Durable, Tork, Parker, Waterman ir kt.","publisher":{"@id":"https:\/\/rutana.lt\/#organization"},"potentialAction":[{"@type":"SearchAction","target":{"@type":"EntryPoint","urlTemplate":"https:\/\/rutana.lt\/?s={search_term_string}"},"query-input":{"@type":"PropertyValueSpecification","valueRequired":true,"valueName":"search_term_string"}}],"inLanguage":"en-US"},{"@type":"Organization","@id":"https:\/\/rutana.lt\/#organization","name":"Rutana - Ra\u0161tin\u0117s reikmenys","url":"https:\/\/rutana.lt\/","logo":{"@type":"ImageObject","inLanguage":"en-US","@id":"https:\/\/rutana.lt\/#\/schema\/logo\/image\/","url":"https:\/\/rutana.lt\/wp-content\/uploads\/2025\/10\/Asset-32.png","contentUrl":"https:\/\/rutana.lt\/wp-content\/uploads\/2025\/10\/Asset-32.png","width":433,"height":119,"caption":"Rutana - Ra\u0161tin\u0117s reikmenys"},"image":{"@id":"https:\/\/rutana.lt\/#\/schema\/logo\/image\/"},"sameAs":["https:\/\/www.facebook.com\/RutanaKanceliarinesPrekes\/"]}]}},"_links":{"self":[{"href":"https:\/\/rutana.lt\/en\/wp-json\/wp\/v2\/product\/14385","targetHints":{"allow":["GET"]}}],"collection":[{"href":"https:\/\/rutana.lt\/en\/wp-json\/wp\/v2\/product"}],"about":[{"href":"https:\/\/rutana.lt\/en\/wp-json\/wp\/v2\/types\/product"}],"replies":[{"embeddable":true,"href":"https:\/\/rutana.lt\/en\/wp-json\/wp\/v2\/comments?post=14385"}],"version-history":[{"count":1,"href":"https:\/\/rutana.lt\/en\/wp-json\/wp\/v2\/product\/14385\/revisions"}],"predecessor-version":[{"id":14436,"href":"https:\/\/rutana.lt\/en\/wp-json\/wp\/v2\/product\/14385\/revisions\/14436"}],"wp:featuredmedia":[{"embeddable":true,"href":"https:\/\/rutana.lt\/en\/wp-json\/wp\/v2\/media\/28416"}],"wp:attachment":[{"href":"https:\/\/rutana.lt\/en\/wp-json\/wp\/v2\/media?parent=14385"}],"wp:term":[{"taxonomy":"product_brand","embeddable":true,"href":"https:\/\/rutana.lt\/en\/wp-json\/wp\/v2\/product_brand?post=14385"},{"taxonomy":"product_cat","embeddable":true,"href":"https:\/\/rutana.lt\/en\/wp-json\/wp\/v2\/product_cat?post=14385"},{"taxonomy":"product_tag","embeddable":true,"href":"https:\/\/rutana.lt\/en\/wp-json\/wp\/v2\/product_tag?post=14385"}],"curies":[{"name":"wp","href":"https:\/\/api.w.org\/{rel}","templated":true}]}}