{"id":14380,"date":"2025-09-03T09:33:49","date_gmt":"2025-09-03T07:33:49","guid":{"rendered":"https:\/\/rutana.webdemo.lt\/?post_type=product&#038;p=14380"},"modified":"2025-10-13T15:46:44","modified_gmt":"2025-10-13T13:46:44","slug":"gelio-rasiklis-megapolis-0-5mm-juodas-erichkrause","status":"publish","type":"product","link":"https:\/\/rutana.lt\/en\/product\/gelio-rasiklis-megapolis-0-5mm-juodas-erichkrause\/","title":{"rendered":"Gelio ra\u0161iklis &#8222;Megapolis&#8221; 0.5mm juodas ErichKrause"},"content":{"rendered":"<p>Modernus gelio ra\u0161iklis su standartiniu antgaliu ir kei\u010diama \u0161erdele. Ra\u0161iklis turi nepermatom\u0105 apval\u0173 korpus\u0105 su ra\u0161alo lygio matomu langeliu ir patogia gumuota laikymo vieta. 5 kanal\u0173 antgalis, kurio rutulio skersmuo 0.5 mm, kartu su geliniu ra\u0161alu u\u017etikrina tiksl\u0173 ir greit\u0105 ra\u0161ym\u0105 be pastang\u0173. I\u0161tisin\u0117s linijos ilgis yra 500 m. MEGAPOLIS Gel modelis tapo vienu perkamiausi\u0173 ErichKrause\u00ae gelio ra\u0161ikli\u0173 asortimente daugiau nei penkiasde\u0161imtyje pasaulio \u0161ali\u0173.<\/p>\n<p>\u0160erdel\u0117s galiuko diametras: 0.5 mm<\/p>\n<p>Br\u0117\u017eio storis: 0.35 mm<\/p>\n<p>Tu\u0161o spalva: juoda<\/p>\n<p>Korpuso spalva: pilka \/ juoda<\/p>\n<p>Kilm\u0117s \u0161alis: Vokietija<\/p>\n<p><\/p>","protected":false},"excerpt":{"rendered":"<p>Modernus gelio ra\u0161iklis su standartiniu antgaliu ir kei\u010diama \u0161erdele. Ra\u0161iklis turi nepermatom\u0105 apval\u0173 korpus\u0105 su ra\u0161alo lygio matomu langeliu ir patogia gumuota laikymo vieta. 5 kanal\u0173 antgalis, kurio rutulio skersmuo 0.5 mm, kartu su geliniu ra\u0161alu u\u017etikrina tiksl\u0173 ir greit\u0105 ra\u0161ym\u0105 be pastang\u0173. I\u0161tisin\u0117s linijos ilgis yra 500 m. MEGAPOLIS Gel modelis tapo vienu perkamiausi\u0173 [&hellip;]<\/p>","protected":false},"featured_media":28411,"comment_status":"open","ping_status":"closed","template":"","meta":{"_season_start":"","_season_end":"","_season_days":"","_season_months":"","_season_auto_visibility":""},"product_brand":[648],"product_cat":[1747],"product_tag":[],"class_list":{"0":"post-14380","1":"product","2":"type-product","3":"status-publish","4":"has-post-thumbnail","6":"product_brand-erichkrause","7":"product_cat-geliniai-rasikliai","9":"first","10":"instock","11":"taxable","12":"shipping-taxable","13":"purchasable","14":"product-type-simple"},"yoast_head":"<!-- This site is optimized with the Yoast SEO plugin v26.1.1 - https:\/\/yoast.com\/wordpress\/plugins\/seo\/ -->\n<title>Gelio ra\u0161iklis &quot;Megapolis&quot; 0.5mm juodas ErichKrause - Rutana - Ra\u0161tin\u0117s reikmenys<\/title>\n<meta name=\"robots\" content=\"index, follow, max-snippet:-1, max-image-preview:large, max-video-preview:-1\" \/>\n<link rel=\"canonical\" href=\"https:\/\/rutana.lt\/en\/product\/gelio-rasiklis-megapolis-0-5mm-juodas-erichkrause\/\" \/>\n<meta property=\"og:locale\" content=\"en_US\" \/>\n<meta property=\"og:type\" content=\"article\" \/>\n<meta property=\"og:title\" content=\"Gelio ra\u0161iklis &quot;Megapolis&quot; 0.5mm juodas ErichKrause - Rutana - Ra\u0161tin\u0117s reikmenys\" \/>\n<meta property=\"og:description\" content=\"Modernus gelio ra\u0161iklis su standartiniu antgaliu ir kei\u010diama \u0161erdele. Ra\u0161iklis turi nepermatom\u0105 apval\u0173 korpus\u0105 su ra\u0161alo lygio matomu langeliu ir patogia gumuota laikymo vieta. 5 kanal\u0173 antgalis, kurio rutulio skersmuo 0.5 mm, kartu su geliniu ra\u0161alu u\u017etikrina tiksl\u0173 ir greit\u0105 ra\u0161ym\u0105 be pastang\u0173. I\u0161tisin\u0117s linijos ilgis yra 500 m. MEGAPOLIS Gel modelis tapo vienu perkamiausi\u0173 [&hellip;]\" \/>\n<meta property=\"og:url\" content=\"https:\/\/rutana.lt\/en\/product\/gelio-rasiklis-megapolis-0-5mm-juodas-erichkrause\/\" \/>\n<meta property=\"og:site_name\" content=\"Rutana - Ra\u0161tin\u0117s reikmenys\" \/>\n<meta property=\"article:publisher\" content=\"https:\/\/www.facebook.com\/RutanaKanceliarinesPrekes\/\" \/>\n<meta property=\"article:modified_time\" content=\"2025-10-13T13:46:44+00:00\" \/>\n<meta property=\"og:image\" content=\"https:\/\/rutana.lt\/wp-content\/uploads\/2025\/09\/C041-124.jpg\" \/>\n\t<meta property=\"og:image:width\" content=\"600\" \/>\n\t<meta property=\"og:image:height\" content=\"600\" \/>\n\t<meta property=\"og:image:type\" content=\"image\/jpeg\" \/>\n<meta name=\"twitter:card\" content=\"summary_large_image\" \/>\n<script type=\"application\/ld+json\" class=\"yoast-schema-graph\">{\"@context\":\"https:\/\/schema.org\",\"@graph\":[{\"@type\":\"WebPage\",\"@id\":\"https:\/\/rutana.lt\/produktas\/gelio-rasiklis-megapolis-0-5mm-juodas-erichkrause\/\",\"url\":\"https:\/\/rutana.lt\/produktas\/gelio-rasiklis-megapolis-0-5mm-juodas-erichkrause\/\",\"name\":\"Gelio ra\u0161iklis \\\"Megapolis\\\" 0.5mm juodas ErichKrause - Rutana - Ra\u0161tin\u0117s reikmenys\",\"isPartOf\":{\"@id\":\"https:\/\/rutana.lt\/#website\"},\"primaryImageOfPage\":{\"@id\":\"https:\/\/rutana.lt\/produktas\/gelio-rasiklis-megapolis-0-5mm-juodas-erichkrause\/#primaryimage\"},\"image\":{\"@id\":\"https:\/\/rutana.lt\/produktas\/gelio-rasiklis-megapolis-0-5mm-juodas-erichkrause\/#primaryimage\"},\"thumbnailUrl\":\"https:\/\/rutana.lt\/wp-content\/uploads\/2025\/09\/C041-124-1.jpg?v=1763618757\",\"datePublished\":\"2025-09-03T07:33:49+00:00\",\"dateModified\":\"2025-10-13T13:46:44+00:00\",\"breadcrumb\":{\"@id\":\"https:\/\/rutana.lt\/produktas\/gelio-rasiklis-megapolis-0-5mm-juodas-erichkrause\/#breadcrumb\"},\"inLanguage\":\"en-US\",\"potentialAction\":[{\"@type\":\"ReadAction\",\"target\":[\"https:\/\/rutana.lt\/produktas\/gelio-rasiklis-megapolis-0-5mm-juodas-erichkrause\/\"]}]},{\"@type\":\"ImageObject\",\"inLanguage\":\"en-US\",\"@id\":\"https:\/\/rutana.lt\/produktas\/gelio-rasiklis-megapolis-0-5mm-juodas-erichkrause\/#primaryimage\",\"url\":\"https:\/\/rutana.lt\/wp-content\/uploads\/2025\/09\/C041-124-1.jpg?v=1763618757\",\"contentUrl\":\"https:\/\/rutana.lt\/wp-content\/uploads\/2025\/09\/C041-124-1.jpg?v=1763618757\",\"width\":600,\"height\":600},{\"@type\":\"BreadcrumbList\",\"@id\":\"https:\/\/rutana.lt\/produktas\/gelio-rasiklis-megapolis-0-5mm-juodas-erichkrause\/#breadcrumb\",\"itemListElement\":[{\"@type\":\"ListItem\",\"position\":1,\"name\":\"Home\",\"item\":\"https:\/\/rutana.lt\/\"},{\"@type\":\"ListItem\",\"position\":2,\"name\":\"Parduotuv\u0117\",\"item\":\"https:\/\/rutana.lt\/parduotuve\/\"},{\"@type\":\"ListItem\",\"position\":3,\"name\":\"Gelio ra\u0161iklis &#8222;Megapolis&#8221; 0.5mm juodas ErichKrause\"}]},{\"@type\":\"WebSite\",\"@id\":\"https:\/\/rutana.lt\/#website\",\"url\":\"https:\/\/rutana.lt\/\",\"name\":\"Rutana - Ra\u0161tin\u0117s reikmenys\",\"description\":\"Prekiaujame pasaulin\u0117je rinkoje pripa\u017eintomis, kokybi\u0161komis biuro prek\u0117mis toki\u0173  gamintoj\u0173 kaip: Schneider, Esselte, Novus, 3M, Faber-Castell, Citizen, Milan, Leitz, Colop, Zebra, Staedtler, Durable, Tork, Parker, Waterman ir kt.\",\"publisher\":{\"@id\":\"https:\/\/rutana.lt\/#organization\"},\"potentialAction\":[{\"@type\":\"SearchAction\",\"target\":{\"@type\":\"EntryPoint\",\"urlTemplate\":\"https:\/\/rutana.lt\/?s={search_term_string}\"},\"query-input\":{\"@type\":\"PropertyValueSpecification\",\"valueRequired\":true,\"valueName\":\"search_term_string\"}}],\"inLanguage\":\"en-US\"},{\"@type\":\"Organization\",\"@id\":\"https:\/\/rutana.lt\/#organization\",\"name\":\"Rutana - Ra\u0161tin\u0117s reikmenys\",\"url\":\"https:\/\/rutana.lt\/\",\"logo\":{\"@type\":\"ImageObject\",\"inLanguage\":\"en-US\",\"@id\":\"https:\/\/rutana.lt\/#\/schema\/logo\/image\/\",\"url\":\"https:\/\/rutana.lt\/wp-content\/uploads\/2025\/10\/Asset-32.png\",\"contentUrl\":\"https:\/\/rutana.lt\/wp-content\/uploads\/2025\/10\/Asset-32.png\",\"width\":433,\"height\":119,\"caption\":\"Rutana - Ra\u0161tin\u0117s reikmenys\"},\"image\":{\"@id\":\"https:\/\/rutana.lt\/#\/schema\/logo\/image\/\"},\"sameAs\":[\"https:\/\/www.facebook.com\/RutanaKanceliarinesPrekes\/\"]}]}<\/script>\n<!-- \/ Yoast SEO plugin. -->","yoast_head_json":{"title":"Gelio ra\u0161iklis \"Megapolis\" 0.5mm juodas ErichKrause - Rutana - Ra\u0161tin\u0117s reikmenys","robots":{"index":"index","follow":"follow","max-snippet":"max-snippet:-1","max-image-preview":"max-image-preview:large","max-video-preview":"max-video-preview:-1"},"canonical":"https:\/\/rutana.lt\/en\/product\/gelio-rasiklis-megapolis-0-5mm-juodas-erichkrause\/","og_locale":"en_US","og_type":"article","og_title":"Gelio ra\u0161iklis \"Megapolis\" 0.5mm juodas ErichKrause - Rutana - Ra\u0161tin\u0117s reikmenys","og_description":"Modernus gelio ra\u0161iklis su standartiniu antgaliu ir kei\u010diama \u0161erdele. Ra\u0161iklis turi nepermatom\u0105 apval\u0173 korpus\u0105 su ra\u0161alo lygio matomu langeliu ir patogia gumuota laikymo vieta. 5 kanal\u0173 antgalis, kurio rutulio skersmuo 0.5 mm, kartu su geliniu ra\u0161alu u\u017etikrina tiksl\u0173 ir greit\u0105 ra\u0161ym\u0105 be pastang\u0173. I\u0161tisin\u0117s linijos ilgis yra 500 m. MEGAPOLIS Gel modelis tapo vienu perkamiausi\u0173 [&hellip;]","og_url":"https:\/\/rutana.lt\/en\/product\/gelio-rasiklis-megapolis-0-5mm-juodas-erichkrause\/","og_site_name":"Rutana - Ra\u0161tin\u0117s reikmenys","article_publisher":"https:\/\/www.facebook.com\/RutanaKanceliarinesPrekes\/","article_modified_time":"2025-10-13T13:46:44+00:00","og_image":[{"width":600,"height":600,"url":"https:\/\/rutana.lt\/wp-content\/uploads\/2025\/09\/C041-124.jpg","type":"image\/jpeg"}],"twitter_card":"summary_large_image","schema":{"@context":"https:\/\/schema.org","@graph":[{"@type":"WebPage","@id":"https:\/\/rutana.lt\/produktas\/gelio-rasiklis-megapolis-0-5mm-juodas-erichkrause\/","url":"https:\/\/rutana.lt\/produktas\/gelio-rasiklis-megapolis-0-5mm-juodas-erichkrause\/","name":"Gelio ra\u0161iklis \"Megapolis\" 0.5mm juodas ErichKrause - Rutana - Ra\u0161tin\u0117s reikmenys","isPartOf":{"@id":"https:\/\/rutana.lt\/#website"},"primaryImageOfPage":{"@id":"https:\/\/rutana.lt\/produktas\/gelio-rasiklis-megapolis-0-5mm-juodas-erichkrause\/#primaryimage"},"image":{"@id":"https:\/\/rutana.lt\/produktas\/gelio-rasiklis-megapolis-0-5mm-juodas-erichkrause\/#primaryimage"},"thumbnailUrl":"https:\/\/rutana.lt\/wp-content\/uploads\/2025\/09\/C041-124-1.jpg?v=1763618757","datePublished":"2025-09-03T07:33:49+00:00","dateModified":"2025-10-13T13:46:44+00:00","breadcrumb":{"@id":"https:\/\/rutana.lt\/produktas\/gelio-rasiklis-megapolis-0-5mm-juodas-erichkrause\/#breadcrumb"},"inLanguage":"en-US","potentialAction":[{"@type":"ReadAction","target":["https:\/\/rutana.lt\/produktas\/gelio-rasiklis-megapolis-0-5mm-juodas-erichkrause\/"]}]},{"@type":"ImageObject","inLanguage":"en-US","@id":"https:\/\/rutana.lt\/produktas\/gelio-rasiklis-megapolis-0-5mm-juodas-erichkrause\/#primaryimage","url":"https:\/\/rutana.lt\/wp-content\/uploads\/2025\/09\/C041-124-1.jpg?v=1763618757","contentUrl":"https:\/\/rutana.lt\/wp-content\/uploads\/2025\/09\/C041-124-1.jpg?v=1763618757","width":600,"height":600},{"@type":"BreadcrumbList","@id":"https:\/\/rutana.lt\/produktas\/gelio-rasiklis-megapolis-0-5mm-juodas-erichkrause\/#breadcrumb","itemListElement":[{"@type":"ListItem","position":1,"name":"Home","item":"https:\/\/rutana.lt\/"},{"@type":"ListItem","position":2,"name":"Parduotuv\u0117","item":"https:\/\/rutana.lt\/parduotuve\/"},{"@type":"ListItem","position":3,"name":"Gelio ra\u0161iklis &#8222;Megapolis&#8221; 0.5mm juodas ErichKrause"}]},{"@type":"WebSite","@id":"https:\/\/rutana.lt\/#website","url":"https:\/\/rutana.lt\/","name":"Rutana - Ra\u0161tin\u0117s reikmenys","description":"Prekiaujame pasaulin\u0117je rinkoje pripa\u017eintomis, kokybi\u0161komis biuro prek\u0117mis toki\u0173  gamintoj\u0173 kaip: Schneider, Esselte, Novus, 3M, Faber-Castell, Citizen, Milan, Leitz, Colop, Zebra, Staedtler, Durable, Tork, Parker, Waterman ir kt.","publisher":{"@id":"https:\/\/rutana.lt\/#organization"},"potentialAction":[{"@type":"SearchAction","target":{"@type":"EntryPoint","urlTemplate":"https:\/\/rutana.lt\/?s={search_term_string}"},"query-input":{"@type":"PropertyValueSpecification","valueRequired":true,"valueName":"search_term_string"}}],"inLanguage":"en-US"},{"@type":"Organization","@id":"https:\/\/rutana.lt\/#organization","name":"Rutana - Ra\u0161tin\u0117s reikmenys","url":"https:\/\/rutana.lt\/","logo":{"@type":"ImageObject","inLanguage":"en-US","@id":"https:\/\/rutana.lt\/#\/schema\/logo\/image\/","url":"https:\/\/rutana.lt\/wp-content\/uploads\/2025\/10\/Asset-32.png","contentUrl":"https:\/\/rutana.lt\/wp-content\/uploads\/2025\/10\/Asset-32.png","width":433,"height":119,"caption":"Rutana - Ra\u0161tin\u0117s reikmenys"},"image":{"@id":"https:\/\/rutana.lt\/#\/schema\/logo\/image\/"},"sameAs":["https:\/\/www.facebook.com\/RutanaKanceliarinesPrekes\/"]}]}},"_links":{"self":[{"href":"https:\/\/rutana.lt\/en\/wp-json\/wp\/v2\/product\/14380","targetHints":{"allow":["GET"]}}],"collection":[{"href":"https:\/\/rutana.lt\/en\/wp-json\/wp\/v2\/product"}],"about":[{"href":"https:\/\/rutana.lt\/en\/wp-json\/wp\/v2\/types\/product"}],"replies":[{"embeddable":true,"href":"https:\/\/rutana.lt\/en\/wp-json\/wp\/v2\/comments?post=14380"}],"version-history":[{"count":1,"href":"https:\/\/rutana.lt\/en\/wp-json\/wp\/v2\/product\/14380\/revisions"}],"predecessor-version":[{"id":14426,"href":"https:\/\/rutana.lt\/en\/wp-json\/wp\/v2\/product\/14380\/revisions\/14426"}],"wp:featuredmedia":[{"embeddable":true,"href":"https:\/\/rutana.lt\/en\/wp-json\/wp\/v2\/media\/28411"}],"wp:attachment":[{"href":"https:\/\/rutana.lt\/en\/wp-json\/wp\/v2\/media?parent=14380"}],"wp:term":[{"taxonomy":"product_brand","embeddable":true,"href":"https:\/\/rutana.lt\/en\/wp-json\/wp\/v2\/product_brand?post=14380"},{"taxonomy":"product_cat","embeddable":true,"href":"https:\/\/rutana.lt\/en\/wp-json\/wp\/v2\/product_cat?post=14380"},{"taxonomy":"product_tag","embeddable":true,"href":"https:\/\/rutana.lt\/en\/wp-json\/wp\/v2\/product_tag?post=14380"}],"curies":[{"name":"wp","href":"https:\/\/api.w.org\/{rel}","templated":true}]}}