{"id":14171,"date":"2025-09-03T09:32:38","date_gmt":"2025-09-03T07:32:38","guid":{"rendered":"https:\/\/rutana.webdemo.lt\/?post_type=product&#038;p=14171"},"modified":"2025-10-13T15:46:16","modified_gmt":"2025-10-13T13:46:16","slug":"foto-popierius-blizgus-a4-140g-100-lapu-apli-11804","status":"publish","type":"product","link":"https:\/\/rutana.lt\/en\/product\/foto-popierius-blizgus-a4-140g-100-lapu-apli-11804\/","title":{"rendered":"Foto popierius blizgus A4 140g 100 lap\u0173 Apli 11804"},"content":{"rendered":"<p>\u0160io popieriaus strukt\u016bra skirtingais sluoksniais suteikia vaizdams atspausdin\u016bs didesn\u012f blizges\u012f ir ry\u0161kum\u0105, taip pat i\u0161vengia deformacij\u0173. Ypa\u010d rekomenduojama spausdinti nuotraukas i\u0161 skaitmenini\u0173 fotoaparat\u0173, nuotrauk\u0173 kokyb\u0117s dokument\u0173 rinkinius, plakatus, skrajutes ir prane\u0161imus. Tinkamas spausdinti spalvotais ra\u0161aliniais spausdintuvais.<\/p>\n<p>Formatas: A4<\/p>\n<p>Popieriaus storis: 140 g \/ m<span style=\"vertical-align: super;\">2<\/span><\/p>\n<p><span style=\"vertical-align: super;\">Popieriaus pavir\u0161ius: blizgus<\/span><\/p>\n<p><span style=\"vertical-align: super;\">Lap\u0173 kiekis pakuot\u0117je: 100 lap\u0173<\/span><\/p>\n<p><span style=\"vertical-align: super;\">Kilm\u0117s \u0161alis: Ispanija<\/span><\/p>","protected":false},"excerpt":{"rendered":"<p>\u0160io popieriaus strukt\u016bra skirtingais sluoksniais suteikia vaizdams atspausdin\u016bs didesn\u012f blizges\u012f ir ry\u0161kum\u0105, taip pat i\u0161vengia deformacij\u0173. Ypa\u010d rekomenduojama spausdinti nuotraukas i\u0161 skaitmenini\u0173 fotoaparat\u0173, nuotrauk\u0173 kokyb\u0117s dokument\u0173 rinkinius, plakatus, skrajutes ir prane\u0161imus. Tinkamas spausdinti spalvotais ra\u0161aliniais spausdintuvais. Formatas: A4 Popieriaus storis: 140 g \/ m2 Popieriaus pavir\u0161ius: blizgus Lap\u0173 kiekis pakuot\u0117je: 100 lap\u0173 Kilm\u0117s \u0161alis: Ispanija<\/p>","protected":false},"featured_media":28349,"comment_status":"open","ping_status":"closed","template":"","meta":{"_season_start":"","_season_end":"","_season_days":"","_season_months":"","_season_auto_visibility":""},"product_brand":[621],"product_cat":[1678],"product_tag":[],"class_list":{"0":"post-14171","1":"product","2":"type-product","3":"status-publish","4":"has-post-thumbnail","6":"product_brand-apli","7":"product_cat-foto-popierius","9":"first","10":"instock","11":"taxable","12":"shipping-taxable","13":"purchasable","14":"product-type-simple"},"yoast_head":"<!-- This site is optimized with the Yoast SEO plugin v27.4 - https:\/\/yoast.com\/product\/yoast-seo-wordpress\/ -->\n<title>Foto popierius blizgus A4 140g 100 lap\u0173 Apli 11804 - Rutana - Ra\u0161tin\u0117s reikmenys<\/title>\n<meta name=\"robots\" content=\"index, follow, max-snippet:-1, max-image-preview:large, max-video-preview:-1\" \/>\n<link rel=\"canonical\" href=\"https:\/\/rutana.lt\/en\/product\/foto-popierius-blizgus-a4-140g-100-lapu-apli-11804\/\" \/>\n<meta property=\"og:locale\" content=\"en_US\" \/>\n<meta property=\"og:type\" content=\"article\" \/>\n<meta property=\"og:title\" content=\"Foto popierius blizgus A4 140g 100 lap\u0173 Apli 11804 - Rutana - Ra\u0161tin\u0117s reikmenys\" \/>\n<meta property=\"og:description\" content=\"\u0160io popieriaus strukt\u016bra skirtingais sluoksniais suteikia vaizdams atspausdin\u016bs didesn\u012f blizges\u012f ir ry\u0161kum\u0105, taip pat i\u0161vengia deformacij\u0173. Ypa\u010d rekomenduojama spausdinti nuotraukas i\u0161 skaitmenini\u0173 fotoaparat\u0173, nuotrauk\u0173 kokyb\u0117s dokument\u0173 rinkinius, plakatus, skrajutes ir prane\u0161imus. Tinkamas spausdinti spalvotais ra\u0161aliniais spausdintuvais. Formatas: A4 Popieriaus storis: 140 g \/ m2 Popieriaus pavir\u0161ius: blizgus Lap\u0173 kiekis pakuot\u0117je: 100 lap\u0173 Kilm\u0117s \u0161alis: Ispanija\" \/>\n<meta property=\"og:url\" content=\"https:\/\/rutana.lt\/en\/product\/foto-popierius-blizgus-a4-140g-100-lapu-apli-11804\/\" \/>\n<meta property=\"og:site_name\" content=\"Rutana - Ra\u0161tin\u0117s reikmenys\" \/>\n<meta property=\"article:publisher\" content=\"https:\/\/www.facebook.com\/RutanaKanceliarinesPrekes\/\" \/>\n<meta property=\"article:modified_time\" content=\"2025-10-13T13:46:16+00:00\" \/>\n<meta property=\"og:image\" content=\"https:\/\/rutana.lt\/wp-content\/uploads\/2025\/09\/A057-018.jpg\" \/>\n\t<meta property=\"og:image:width\" content=\"600\" \/>\n\t<meta property=\"og:image:height\" content=\"600\" \/>\n\t<meta property=\"og:image:type\" content=\"image\/jpeg\" \/>\n<meta name=\"twitter:card\" content=\"summary_large_image\" \/>\n<script type=\"application\/ld+json\" class=\"yoast-schema-graph\">{\"@context\":\"https:\\\/\\\/schema.org\",\"@graph\":[{\"@type\":\"WebPage\",\"@id\":\"https:\\\/\\\/rutana.lt\\\/produktas\\\/foto-popierius-blizgus-a4-140g-100-lapu-apli-11804\\\/\",\"url\":\"https:\\\/\\\/rutana.lt\\\/produktas\\\/foto-popierius-blizgus-a4-140g-100-lapu-apli-11804\\\/\",\"name\":\"Foto popierius blizgus A4 140g 100 lap\u0173 Apli 11804 - Rutana - Ra\u0161tin\u0117s reikmenys\",\"isPartOf\":{\"@id\":\"https:\\\/\\\/rutana.lt\\\/#website\"},\"primaryImageOfPage\":{\"@id\":\"https:\\\/\\\/rutana.lt\\\/produktas\\\/foto-popierius-blizgus-a4-140g-100-lapu-apli-11804\\\/#primaryimage\"},\"image\":{\"@id\":\"https:\\\/\\\/rutana.lt\\\/produktas\\\/foto-popierius-blizgus-a4-140g-100-lapu-apli-11804\\\/#primaryimage\"},\"thumbnailUrl\":\"https:\\\/\\\/rutana.lt\\\/wp-content\\\/uploads\\\/2025\\\/09\\\/A057-018-1.jpg?v=1763618832\",\"datePublished\":\"2025-09-03T07:32:38+00:00\",\"dateModified\":\"2025-10-13T13:46:16+00:00\",\"breadcrumb\":{\"@id\":\"https:\\\/\\\/rutana.lt\\\/produktas\\\/foto-popierius-blizgus-a4-140g-100-lapu-apli-11804\\\/#breadcrumb\"},\"inLanguage\":\"en-US\",\"potentialAction\":[{\"@type\":\"ReadAction\",\"target\":[\"https:\\\/\\\/rutana.lt\\\/produktas\\\/foto-popierius-blizgus-a4-140g-100-lapu-apli-11804\\\/\"]}]},{\"@type\":\"ImageObject\",\"inLanguage\":\"en-US\",\"@id\":\"https:\\\/\\\/rutana.lt\\\/produktas\\\/foto-popierius-blizgus-a4-140g-100-lapu-apli-11804\\\/#primaryimage\",\"url\":\"https:\\\/\\\/rutana.lt\\\/wp-content\\\/uploads\\\/2025\\\/09\\\/A057-018-1.jpg?v=1763618832\",\"contentUrl\":\"https:\\\/\\\/rutana.lt\\\/wp-content\\\/uploads\\\/2025\\\/09\\\/A057-018-1.jpg?v=1763618832\",\"width\":600,\"height\":600},{\"@type\":\"BreadcrumbList\",\"@id\":\"https:\\\/\\\/rutana.lt\\\/produktas\\\/foto-popierius-blizgus-a4-140g-100-lapu-apli-11804\\\/#breadcrumb\",\"itemListElement\":[{\"@type\":\"ListItem\",\"position\":1,\"name\":\"Home\",\"item\":\"https:\\\/\\\/rutana.lt\\\/\"},{\"@type\":\"ListItem\",\"position\":2,\"name\":\"Parduotuv\u0117\",\"item\":\"https:\\\/\\\/rutana.lt\\\/parduotuve\\\/\"},{\"@type\":\"ListItem\",\"position\":3,\"name\":\"Foto popierius blizgus A4 140g 100 lap\u0173 Apli 11804\"}]},{\"@type\":\"WebSite\",\"@id\":\"https:\\\/\\\/rutana.lt\\\/#website\",\"url\":\"https:\\\/\\\/rutana.lt\\\/\",\"name\":\"Rutana - Ra\u0161tin\u0117s reikmenys\",\"description\":\"Prekiaujame pasaulin\u0117je rinkoje pripa\u017eintomis, kokybi\u0161komis biuro prek\u0117mis toki\u0173  gamintoj\u0173 kaip: Schneider, Esselte, Novus, 3M, Faber-Castell, Citizen, Milan, Leitz, Colop, Zebra, Staedtler, Durable, Tork, Parker, Waterman ir kt.\",\"publisher\":{\"@id\":\"https:\\\/\\\/rutana.lt\\\/#organization\"},\"potentialAction\":[{\"@type\":\"SearchAction\",\"target\":{\"@type\":\"EntryPoint\",\"urlTemplate\":\"https:\\\/\\\/rutana.lt\\\/?s={search_term_string}\"},\"query-input\":{\"@type\":\"PropertyValueSpecification\",\"valueRequired\":true,\"valueName\":\"search_term_string\"}}],\"inLanguage\":\"en-US\"},{\"@type\":\"Organization\",\"@id\":\"https:\\\/\\\/rutana.lt\\\/#organization\",\"name\":\"Rutana - Ra\u0161tin\u0117s reikmenys\",\"url\":\"https:\\\/\\\/rutana.lt\\\/\",\"logo\":{\"@type\":\"ImageObject\",\"inLanguage\":\"en-US\",\"@id\":\"https:\\\/\\\/rutana.lt\\\/#\\\/schema\\\/logo\\\/image\\\/\",\"url\":\"https:\\\/\\\/rutana.lt\\\/wp-content\\\/uploads\\\/2025\\\/10\\\/Asset-32.png\",\"contentUrl\":\"https:\\\/\\\/rutana.lt\\\/wp-content\\\/uploads\\\/2025\\\/10\\\/Asset-32.png\",\"width\":433,\"height\":119,\"caption\":\"Rutana - Ra\u0161tin\u0117s reikmenys\"},\"image\":{\"@id\":\"https:\\\/\\\/rutana.lt\\\/#\\\/schema\\\/logo\\\/image\\\/\"},\"sameAs\":[\"https:\\\/\\\/www.facebook.com\\\/RutanaKanceliarinesPrekes\\\/\"]}]}<\/script>\n<!-- \/ Yoast SEO plugin. -->","yoast_head_json":{"title":"Foto popierius blizgus A4 140g 100 lap\u0173 Apli 11804 - Rutana - Ra\u0161tin\u0117s reikmenys","robots":{"index":"index","follow":"follow","max-snippet":"max-snippet:-1","max-image-preview":"max-image-preview:large","max-video-preview":"max-video-preview:-1"},"canonical":"https:\/\/rutana.lt\/en\/product\/foto-popierius-blizgus-a4-140g-100-lapu-apli-11804\/","og_locale":"en_US","og_type":"article","og_title":"Foto popierius blizgus A4 140g 100 lap\u0173 Apli 11804 - Rutana - Ra\u0161tin\u0117s reikmenys","og_description":"\u0160io popieriaus strukt\u016bra skirtingais sluoksniais suteikia vaizdams atspausdin\u016bs didesn\u012f blizges\u012f ir ry\u0161kum\u0105, taip pat i\u0161vengia deformacij\u0173. Ypa\u010d rekomenduojama spausdinti nuotraukas i\u0161 skaitmenini\u0173 fotoaparat\u0173, nuotrauk\u0173 kokyb\u0117s dokument\u0173 rinkinius, plakatus, skrajutes ir prane\u0161imus. Tinkamas spausdinti spalvotais ra\u0161aliniais spausdintuvais. Formatas: A4 Popieriaus storis: 140 g \/ m2 Popieriaus pavir\u0161ius: blizgus Lap\u0173 kiekis pakuot\u0117je: 100 lap\u0173 Kilm\u0117s \u0161alis: Ispanija","og_url":"https:\/\/rutana.lt\/en\/product\/foto-popierius-blizgus-a4-140g-100-lapu-apli-11804\/","og_site_name":"Rutana - Ra\u0161tin\u0117s reikmenys","article_publisher":"https:\/\/www.facebook.com\/RutanaKanceliarinesPrekes\/","article_modified_time":"2025-10-13T13:46:16+00:00","og_image":[{"width":600,"height":600,"url":"https:\/\/rutana.lt\/wp-content\/uploads\/2025\/09\/A057-018.jpg","type":"image\/jpeg"}],"twitter_card":"summary_large_image","schema":{"@context":"https:\/\/schema.org","@graph":[{"@type":"WebPage","@id":"https:\/\/rutana.lt\/produktas\/foto-popierius-blizgus-a4-140g-100-lapu-apli-11804\/","url":"https:\/\/rutana.lt\/produktas\/foto-popierius-blizgus-a4-140g-100-lapu-apli-11804\/","name":"Foto popierius blizgus A4 140g 100 lap\u0173 Apli 11804 - Rutana - Ra\u0161tin\u0117s reikmenys","isPartOf":{"@id":"https:\/\/rutana.lt\/#website"},"primaryImageOfPage":{"@id":"https:\/\/rutana.lt\/produktas\/foto-popierius-blizgus-a4-140g-100-lapu-apli-11804\/#primaryimage"},"image":{"@id":"https:\/\/rutana.lt\/produktas\/foto-popierius-blizgus-a4-140g-100-lapu-apli-11804\/#primaryimage"},"thumbnailUrl":"https:\/\/rutana.lt\/wp-content\/uploads\/2025\/09\/A057-018-1.jpg?v=1763618832","datePublished":"2025-09-03T07:32:38+00:00","dateModified":"2025-10-13T13:46:16+00:00","breadcrumb":{"@id":"https:\/\/rutana.lt\/produktas\/foto-popierius-blizgus-a4-140g-100-lapu-apli-11804\/#breadcrumb"},"inLanguage":"en-US","potentialAction":[{"@type":"ReadAction","target":["https:\/\/rutana.lt\/produktas\/foto-popierius-blizgus-a4-140g-100-lapu-apli-11804\/"]}]},{"@type":"ImageObject","inLanguage":"en-US","@id":"https:\/\/rutana.lt\/produktas\/foto-popierius-blizgus-a4-140g-100-lapu-apli-11804\/#primaryimage","url":"https:\/\/rutana.lt\/wp-content\/uploads\/2025\/09\/A057-018-1.jpg?v=1763618832","contentUrl":"https:\/\/rutana.lt\/wp-content\/uploads\/2025\/09\/A057-018-1.jpg?v=1763618832","width":600,"height":600},{"@type":"BreadcrumbList","@id":"https:\/\/rutana.lt\/produktas\/foto-popierius-blizgus-a4-140g-100-lapu-apli-11804\/#breadcrumb","itemListElement":[{"@type":"ListItem","position":1,"name":"Home","item":"https:\/\/rutana.lt\/"},{"@type":"ListItem","position":2,"name":"Parduotuv\u0117","item":"https:\/\/rutana.lt\/parduotuve\/"},{"@type":"ListItem","position":3,"name":"Foto popierius blizgus A4 140g 100 lap\u0173 Apli 11804"}]},{"@type":"WebSite","@id":"https:\/\/rutana.lt\/#website","url":"https:\/\/rutana.lt\/","name":"Rutana - Ra\u0161tin\u0117s reikmenys","description":"Prekiaujame pasaulin\u0117je rinkoje pripa\u017eintomis, kokybi\u0161komis biuro prek\u0117mis toki\u0173  gamintoj\u0173 kaip: Schneider, Esselte, Novus, 3M, Faber-Castell, Citizen, Milan, Leitz, Colop, Zebra, Staedtler, Durable, Tork, Parker, Waterman ir kt.","publisher":{"@id":"https:\/\/rutana.lt\/#organization"},"potentialAction":[{"@type":"SearchAction","target":{"@type":"EntryPoint","urlTemplate":"https:\/\/rutana.lt\/?s={search_term_string}"},"query-input":{"@type":"PropertyValueSpecification","valueRequired":true,"valueName":"search_term_string"}}],"inLanguage":"en-US"},{"@type":"Organization","@id":"https:\/\/rutana.lt\/#organization","name":"Rutana - Ra\u0161tin\u0117s reikmenys","url":"https:\/\/rutana.lt\/","logo":{"@type":"ImageObject","inLanguage":"en-US","@id":"https:\/\/rutana.lt\/#\/schema\/logo\/image\/","url":"https:\/\/rutana.lt\/wp-content\/uploads\/2025\/10\/Asset-32.png","contentUrl":"https:\/\/rutana.lt\/wp-content\/uploads\/2025\/10\/Asset-32.png","width":433,"height":119,"caption":"Rutana - Ra\u0161tin\u0117s reikmenys"},"image":{"@id":"https:\/\/rutana.lt\/#\/schema\/logo\/image\/"},"sameAs":["https:\/\/www.facebook.com\/RutanaKanceliarinesPrekes\/"]}]}},"_links":{"self":[{"href":"https:\/\/rutana.lt\/en\/wp-json\/wp\/v2\/product\/14171","targetHints":{"allow":["GET"]}}],"collection":[{"href":"https:\/\/rutana.lt\/en\/wp-json\/wp\/v2\/product"}],"about":[{"href":"https:\/\/rutana.lt\/en\/wp-json\/wp\/v2\/types\/product"}],"replies":[{"embeddable":true,"href":"https:\/\/rutana.lt\/en\/wp-json\/wp\/v2\/comments?post=14171"}],"version-history":[{"count":1,"href":"https:\/\/rutana.lt\/en\/wp-json\/wp\/v2\/product\/14171\/revisions"}],"predecessor-version":[{"id":14253,"href":"https:\/\/rutana.lt\/en\/wp-json\/wp\/v2\/product\/14171\/revisions\/14253"}],"wp:featuredmedia":[{"embeddable":true,"href":"https:\/\/rutana.lt\/en\/wp-json\/wp\/v2\/media\/28349"}],"wp:attachment":[{"href":"https:\/\/rutana.lt\/en\/wp-json\/wp\/v2\/media?parent=14171"}],"wp:term":[{"taxonomy":"product_brand","embeddable":true,"href":"https:\/\/rutana.lt\/en\/wp-json\/wp\/v2\/product_brand?post=14171"},{"taxonomy":"product_cat","embeddable":true,"href":"https:\/\/rutana.lt\/en\/wp-json\/wp\/v2\/product_cat?post=14171"},{"taxonomy":"product_tag","embeddable":true,"href":"https:\/\/rutana.lt\/en\/wp-json\/wp\/v2\/product_tag?post=14171"}],"curies":[{"name":"wp","href":"https:\/\/api.w.org\/{rel}","templated":true}]}}