{"id":14168,"date":"2025-09-03T09:32:38","date_gmt":"2025-09-03T07:32:38","guid":{"rendered":"https:\/\/rutana.webdemo.lt\/?post_type=product&#038;p=14168"},"modified":"2025-10-13T15:46:14","modified_gmt":"2025-10-13T13:46:14","slug":"automatinis-tusinukas-megapolis-concept-0-7mm-juodas-erichkrause","status":"publish","type":"product","link":"https:\/\/rutana.lt\/en\/product\/automatinis-tusinukas-megapolis-concept-0-7mm-juodas-erichkrause\/","title":{"rendered":"Automatinis tu\u0161inukas &#8222;Megapolis Concept&#8221; 0.7mm juodas ErichKrause"},"content":{"rendered":"<p>Automatinis Matic &#038; Grip tu\u0161inukas su metaliniais elementais, standartiniu antgaliu, kei\u010diama \u0161erdele ir unikalia Ultra Glide technologija. Ra\u0161iklis turi apval\u0173 blizgant\u012f korpus\u0105 su ergonomi\u0161ka rankena, su dviem guminiais \u012fd\u0117klais. Korpuso spalva atitinka ra\u0161alo spalv\u0105. 5 kanal\u0173 tu\u0161inuko antgalis, kurio skersmuo 0.7 mm, kartu su ma\u017eo klampumo ra\u0161alu u\u017etikrina mink\u0161t\u0105 ir greit\u0105 ra\u0161ym\u0105 be ypating\u0173 pastang\u0173. I\u0161tisinis ra\u0161ymo linijos ilgis yra 1000 m. MEGAPOLIS Concept modelis pasi\u017eymi atpa\u017e\u012fstama patentuota forma, puikia ergonomika ir tapo absoliu\u010diu ErichKrause\u00ae automatini\u0173 tu\u0161inuk\u0173 asortimento bestseleriu daugiau nei penkiasde\u0161imtyje pasaulio \u0161ali\u0173.<\/p>\n<p>\u0160erdel\u0117s galiuko diametras: 0.7 mm<\/p>\n<p>Br\u0117\u017eio storis: 0.35 mm<\/p>\n<p>Tu\u0161o spalva: juoda<\/p>\n<p>Korpuso spalva: juoda<\/p>\n<p>Kilm\u0117s \u0161alis: Vokietija<\/p>\n<p><\/p>","protected":false},"excerpt":{"rendered":"<p>Automatinis Matic &#038; Grip tu\u0161inukas su metaliniais elementais, standartiniu antgaliu, kei\u010diama \u0161erdele ir unikalia Ultra Glide technologija. Ra\u0161iklis turi apval\u0173 blizgant\u012f korpus\u0105 su ergonomi\u0161ka rankena, su dviem guminiais \u012fd\u0117klais. Korpuso spalva atitinka ra\u0161alo spalv\u0105. 5 kanal\u0173 tu\u0161inuko antgalis, kurio skersmuo 0.7 mm, kartu su ma\u017eo klampumo ra\u0161alu u\u017etikrina mink\u0161t\u0105 ir greit\u0105 ra\u0161ym\u0105 be ypating\u0173 pastang\u0173. [&hellip;]<\/p>","protected":false},"featured_media":28346,"comment_status":"open","ping_status":"closed","template":"","meta":{"_season_start":"","_season_end":"","_season_days":"","_season_months":"","_season_auto_visibility":""},"product_brand":[648],"product_cat":[1750],"product_tag":[],"class_list":{"0":"post-14168","1":"product","2":"type-product","3":"status-publish","4":"has-post-thumbnail","6":"product_brand-erichkrause","7":"product_cat-tusinukai","9":"first","10":"instock","11":"taxable","12":"shipping-taxable","13":"purchasable","14":"product-type-simple"},"yoast_head":"<!-- This site is optimized with the Yoast SEO plugin v27.4 - https:\/\/yoast.com\/product\/yoast-seo-wordpress\/ -->\n<title>Automatinis tu\u0161inukas &quot;Megapolis Concept&quot; 0.7mm juodas ErichKrause - Rutana - Ra\u0161tin\u0117s reikmenys<\/title>\n<meta name=\"robots\" content=\"index, follow, max-snippet:-1, max-image-preview:large, max-video-preview:-1\" \/>\n<link rel=\"canonical\" href=\"https:\/\/rutana.lt\/en\/product\/automatinis-tusinukas-megapolis-concept-0-7mm-juodas-erichkrause\/\" \/>\n<meta property=\"og:locale\" content=\"en_US\" \/>\n<meta property=\"og:type\" content=\"article\" \/>\n<meta property=\"og:title\" content=\"Automatinis tu\u0161inukas &quot;Megapolis Concept&quot; 0.7mm juodas ErichKrause - Rutana - Ra\u0161tin\u0117s reikmenys\" \/>\n<meta property=\"og:description\" content=\"Automatinis Matic &#038; Grip tu\u0161inukas su metaliniais elementais, standartiniu antgaliu, kei\u010diama \u0161erdele ir unikalia Ultra Glide technologija. Ra\u0161iklis turi apval\u0173 blizgant\u012f korpus\u0105 su ergonomi\u0161ka rankena, su dviem guminiais \u012fd\u0117klais. Korpuso spalva atitinka ra\u0161alo spalv\u0105. 5 kanal\u0173 tu\u0161inuko antgalis, kurio skersmuo 0.7 mm, kartu su ma\u017eo klampumo ra\u0161alu u\u017etikrina mink\u0161t\u0105 ir greit\u0105 ra\u0161ym\u0105 be ypating\u0173 pastang\u0173. [&hellip;]\" \/>\n<meta property=\"og:url\" content=\"https:\/\/rutana.lt\/en\/product\/automatinis-tusinukas-megapolis-concept-0-7mm-juodas-erichkrause\/\" \/>\n<meta property=\"og:site_name\" content=\"Rutana - Ra\u0161tin\u0117s reikmenys\" \/>\n<meta property=\"article:publisher\" content=\"https:\/\/www.facebook.com\/RutanaKanceliarinesPrekes\/\" \/>\n<meta property=\"article:modified_time\" content=\"2025-10-13T13:46:14+00:00\" \/>\n<meta property=\"og:image\" content=\"https:\/\/rutana.lt\/wp-content\/uploads\/2025\/09\/C133-169.jpg\" \/>\n\t<meta property=\"og:image:width\" content=\"600\" \/>\n\t<meta property=\"og:image:height\" content=\"600\" \/>\n\t<meta property=\"og:image:type\" content=\"image\/jpeg\" \/>\n<meta name=\"twitter:card\" content=\"summary_large_image\" \/>\n<meta name=\"twitter:label1\" content=\"Est. reading time\" \/>\n\t<meta name=\"twitter:data1\" content=\"1 minute\" \/>\n<script type=\"application\/ld+json\" class=\"yoast-schema-graph\">{\"@context\":\"https:\\\/\\\/schema.org\",\"@graph\":[{\"@type\":\"WebPage\",\"@id\":\"https:\\\/\\\/rutana.lt\\\/produktas\\\/automatinis-tusinukas-megapolis-concept-0-7mm-juodas-erichkrause\\\/\",\"url\":\"https:\\\/\\\/rutana.lt\\\/produktas\\\/automatinis-tusinukas-megapolis-concept-0-7mm-juodas-erichkrause\\\/\",\"name\":\"Automatinis tu\u0161inukas \\\"Megapolis Concept\\\" 0.7mm juodas ErichKrause - Rutana - Ra\u0161tin\u0117s reikmenys\",\"isPartOf\":{\"@id\":\"https:\\\/\\\/rutana.lt\\\/#website\"},\"primaryImageOfPage\":{\"@id\":\"https:\\\/\\\/rutana.lt\\\/produktas\\\/automatinis-tusinukas-megapolis-concept-0-7mm-juodas-erichkrause\\\/#primaryimage\"},\"image\":{\"@id\":\"https:\\\/\\\/rutana.lt\\\/produktas\\\/automatinis-tusinukas-megapolis-concept-0-7mm-juodas-erichkrause\\\/#primaryimage\"},\"thumbnailUrl\":\"https:\\\/\\\/rutana.lt\\\/wp-content\\\/uploads\\\/2025\\\/09\\\/C133-169-1.jpg?v=1763618833\",\"datePublished\":\"2025-09-03T07:32:38+00:00\",\"dateModified\":\"2025-10-13T13:46:14+00:00\",\"breadcrumb\":{\"@id\":\"https:\\\/\\\/rutana.lt\\\/produktas\\\/automatinis-tusinukas-megapolis-concept-0-7mm-juodas-erichkrause\\\/#breadcrumb\"},\"inLanguage\":\"en-US\",\"potentialAction\":[{\"@type\":\"ReadAction\",\"target\":[\"https:\\\/\\\/rutana.lt\\\/produktas\\\/automatinis-tusinukas-megapolis-concept-0-7mm-juodas-erichkrause\\\/\"]}]},{\"@type\":\"ImageObject\",\"inLanguage\":\"en-US\",\"@id\":\"https:\\\/\\\/rutana.lt\\\/produktas\\\/automatinis-tusinukas-megapolis-concept-0-7mm-juodas-erichkrause\\\/#primaryimage\",\"url\":\"https:\\\/\\\/rutana.lt\\\/wp-content\\\/uploads\\\/2025\\\/09\\\/C133-169-1.jpg?v=1763618833\",\"contentUrl\":\"https:\\\/\\\/rutana.lt\\\/wp-content\\\/uploads\\\/2025\\\/09\\\/C133-169-1.jpg?v=1763618833\",\"width\":600,\"height\":600},{\"@type\":\"BreadcrumbList\",\"@id\":\"https:\\\/\\\/rutana.lt\\\/produktas\\\/automatinis-tusinukas-megapolis-concept-0-7mm-juodas-erichkrause\\\/#breadcrumb\",\"itemListElement\":[{\"@type\":\"ListItem\",\"position\":1,\"name\":\"Home\",\"item\":\"https:\\\/\\\/rutana.lt\\\/\"},{\"@type\":\"ListItem\",\"position\":2,\"name\":\"Parduotuv\u0117\",\"item\":\"https:\\\/\\\/rutana.lt\\\/parduotuve\\\/\"},{\"@type\":\"ListItem\",\"position\":3,\"name\":\"Automatinis tu\u0161inukas &#8222;Megapolis Concept&#8221; 0.7mm juodas ErichKrause\"}]},{\"@type\":\"WebSite\",\"@id\":\"https:\\\/\\\/rutana.lt\\\/#website\",\"url\":\"https:\\\/\\\/rutana.lt\\\/\",\"name\":\"Rutana - Ra\u0161tin\u0117s reikmenys\",\"description\":\"Prekiaujame pasaulin\u0117je rinkoje pripa\u017eintomis, kokybi\u0161komis biuro prek\u0117mis toki\u0173  gamintoj\u0173 kaip: Schneider, Esselte, Novus, 3M, Faber-Castell, Citizen, Milan, Leitz, Colop, Zebra, Staedtler, Durable, Tork, Parker, Waterman ir kt.\",\"publisher\":{\"@id\":\"https:\\\/\\\/rutana.lt\\\/#organization\"},\"potentialAction\":[{\"@type\":\"SearchAction\",\"target\":{\"@type\":\"EntryPoint\",\"urlTemplate\":\"https:\\\/\\\/rutana.lt\\\/?s={search_term_string}\"},\"query-input\":{\"@type\":\"PropertyValueSpecification\",\"valueRequired\":true,\"valueName\":\"search_term_string\"}}],\"inLanguage\":\"en-US\"},{\"@type\":\"Organization\",\"@id\":\"https:\\\/\\\/rutana.lt\\\/#organization\",\"name\":\"Rutana - Ra\u0161tin\u0117s reikmenys\",\"url\":\"https:\\\/\\\/rutana.lt\\\/\",\"logo\":{\"@type\":\"ImageObject\",\"inLanguage\":\"en-US\",\"@id\":\"https:\\\/\\\/rutana.lt\\\/#\\\/schema\\\/logo\\\/image\\\/\",\"url\":\"https:\\\/\\\/rutana.lt\\\/wp-content\\\/uploads\\\/2025\\\/10\\\/Asset-32.png\",\"contentUrl\":\"https:\\\/\\\/rutana.lt\\\/wp-content\\\/uploads\\\/2025\\\/10\\\/Asset-32.png\",\"width\":433,\"height\":119,\"caption\":\"Rutana - Ra\u0161tin\u0117s reikmenys\"},\"image\":{\"@id\":\"https:\\\/\\\/rutana.lt\\\/#\\\/schema\\\/logo\\\/image\\\/\"},\"sameAs\":[\"https:\\\/\\\/www.facebook.com\\\/RutanaKanceliarinesPrekes\\\/\"]}]}<\/script>\n<!-- \/ Yoast SEO plugin. -->","yoast_head_json":{"title":"Automatinis tu\u0161inukas \"Megapolis Concept\" 0.7mm juodas ErichKrause - Rutana - Ra\u0161tin\u0117s reikmenys","robots":{"index":"index","follow":"follow","max-snippet":"max-snippet:-1","max-image-preview":"max-image-preview:large","max-video-preview":"max-video-preview:-1"},"canonical":"https:\/\/rutana.lt\/en\/product\/automatinis-tusinukas-megapolis-concept-0-7mm-juodas-erichkrause\/","og_locale":"en_US","og_type":"article","og_title":"Automatinis tu\u0161inukas \"Megapolis Concept\" 0.7mm juodas ErichKrause - Rutana - Ra\u0161tin\u0117s reikmenys","og_description":"Automatinis Matic &#038; Grip tu\u0161inukas su metaliniais elementais, standartiniu antgaliu, kei\u010diama \u0161erdele ir unikalia Ultra Glide technologija. Ra\u0161iklis turi apval\u0173 blizgant\u012f korpus\u0105 su ergonomi\u0161ka rankena, su dviem guminiais \u012fd\u0117klais. Korpuso spalva atitinka ra\u0161alo spalv\u0105. 5 kanal\u0173 tu\u0161inuko antgalis, kurio skersmuo 0.7 mm, kartu su ma\u017eo klampumo ra\u0161alu u\u017etikrina mink\u0161t\u0105 ir greit\u0105 ra\u0161ym\u0105 be ypating\u0173 pastang\u0173. [&hellip;]","og_url":"https:\/\/rutana.lt\/en\/product\/automatinis-tusinukas-megapolis-concept-0-7mm-juodas-erichkrause\/","og_site_name":"Rutana - Ra\u0161tin\u0117s reikmenys","article_publisher":"https:\/\/www.facebook.com\/RutanaKanceliarinesPrekes\/","article_modified_time":"2025-10-13T13:46:14+00:00","og_image":[{"width":600,"height":600,"url":"https:\/\/rutana.lt\/wp-content\/uploads\/2025\/09\/C133-169.jpg","type":"image\/jpeg"}],"twitter_card":"summary_large_image","twitter_misc":{"Est. reading time":"1 minute"},"schema":{"@context":"https:\/\/schema.org","@graph":[{"@type":"WebPage","@id":"https:\/\/rutana.lt\/produktas\/automatinis-tusinukas-megapolis-concept-0-7mm-juodas-erichkrause\/","url":"https:\/\/rutana.lt\/produktas\/automatinis-tusinukas-megapolis-concept-0-7mm-juodas-erichkrause\/","name":"Automatinis tu\u0161inukas \"Megapolis Concept\" 0.7mm juodas ErichKrause - Rutana - Ra\u0161tin\u0117s reikmenys","isPartOf":{"@id":"https:\/\/rutana.lt\/#website"},"primaryImageOfPage":{"@id":"https:\/\/rutana.lt\/produktas\/automatinis-tusinukas-megapolis-concept-0-7mm-juodas-erichkrause\/#primaryimage"},"image":{"@id":"https:\/\/rutana.lt\/produktas\/automatinis-tusinukas-megapolis-concept-0-7mm-juodas-erichkrause\/#primaryimage"},"thumbnailUrl":"https:\/\/rutana.lt\/wp-content\/uploads\/2025\/09\/C133-169-1.jpg?v=1763618833","datePublished":"2025-09-03T07:32:38+00:00","dateModified":"2025-10-13T13:46:14+00:00","breadcrumb":{"@id":"https:\/\/rutana.lt\/produktas\/automatinis-tusinukas-megapolis-concept-0-7mm-juodas-erichkrause\/#breadcrumb"},"inLanguage":"en-US","potentialAction":[{"@type":"ReadAction","target":["https:\/\/rutana.lt\/produktas\/automatinis-tusinukas-megapolis-concept-0-7mm-juodas-erichkrause\/"]}]},{"@type":"ImageObject","inLanguage":"en-US","@id":"https:\/\/rutana.lt\/produktas\/automatinis-tusinukas-megapolis-concept-0-7mm-juodas-erichkrause\/#primaryimage","url":"https:\/\/rutana.lt\/wp-content\/uploads\/2025\/09\/C133-169-1.jpg?v=1763618833","contentUrl":"https:\/\/rutana.lt\/wp-content\/uploads\/2025\/09\/C133-169-1.jpg?v=1763618833","width":600,"height":600},{"@type":"BreadcrumbList","@id":"https:\/\/rutana.lt\/produktas\/automatinis-tusinukas-megapolis-concept-0-7mm-juodas-erichkrause\/#breadcrumb","itemListElement":[{"@type":"ListItem","position":1,"name":"Home","item":"https:\/\/rutana.lt\/"},{"@type":"ListItem","position":2,"name":"Parduotuv\u0117","item":"https:\/\/rutana.lt\/parduotuve\/"},{"@type":"ListItem","position":3,"name":"Automatinis tu\u0161inukas &#8222;Megapolis Concept&#8221; 0.7mm juodas ErichKrause"}]},{"@type":"WebSite","@id":"https:\/\/rutana.lt\/#website","url":"https:\/\/rutana.lt\/","name":"Rutana - Ra\u0161tin\u0117s reikmenys","description":"Prekiaujame pasaulin\u0117je rinkoje pripa\u017eintomis, kokybi\u0161komis biuro prek\u0117mis toki\u0173  gamintoj\u0173 kaip: Schneider, Esselte, Novus, 3M, Faber-Castell, Citizen, Milan, Leitz, Colop, Zebra, Staedtler, Durable, Tork, Parker, Waterman ir kt.","publisher":{"@id":"https:\/\/rutana.lt\/#organization"},"potentialAction":[{"@type":"SearchAction","target":{"@type":"EntryPoint","urlTemplate":"https:\/\/rutana.lt\/?s={search_term_string}"},"query-input":{"@type":"PropertyValueSpecification","valueRequired":true,"valueName":"search_term_string"}}],"inLanguage":"en-US"},{"@type":"Organization","@id":"https:\/\/rutana.lt\/#organization","name":"Rutana - Ra\u0161tin\u0117s reikmenys","url":"https:\/\/rutana.lt\/","logo":{"@type":"ImageObject","inLanguage":"en-US","@id":"https:\/\/rutana.lt\/#\/schema\/logo\/image\/","url":"https:\/\/rutana.lt\/wp-content\/uploads\/2025\/10\/Asset-32.png","contentUrl":"https:\/\/rutana.lt\/wp-content\/uploads\/2025\/10\/Asset-32.png","width":433,"height":119,"caption":"Rutana - Ra\u0161tin\u0117s reikmenys"},"image":{"@id":"https:\/\/rutana.lt\/#\/schema\/logo\/image\/"},"sameAs":["https:\/\/www.facebook.com\/RutanaKanceliarinesPrekes\/"]}]}},"_links":{"self":[{"href":"https:\/\/rutana.lt\/en\/wp-json\/wp\/v2\/product\/14168","targetHints":{"allow":["GET"]}}],"collection":[{"href":"https:\/\/rutana.lt\/en\/wp-json\/wp\/v2\/product"}],"about":[{"href":"https:\/\/rutana.lt\/en\/wp-json\/wp\/v2\/types\/product"}],"replies":[{"embeddable":true,"href":"https:\/\/rutana.lt\/en\/wp-json\/wp\/v2\/comments?post=14168"}],"version-history":[{"count":1,"href":"https:\/\/rutana.lt\/en\/wp-json\/wp\/v2\/product\/14168\/revisions"}],"predecessor-version":[{"id":14222,"href":"https:\/\/rutana.lt\/en\/wp-json\/wp\/v2\/product\/14168\/revisions\/14222"}],"wp:featuredmedia":[{"embeddable":true,"href":"https:\/\/rutana.lt\/en\/wp-json\/wp\/v2\/media\/28346"}],"wp:attachment":[{"href":"https:\/\/rutana.lt\/en\/wp-json\/wp\/v2\/media?parent=14168"}],"wp:term":[{"taxonomy":"product_brand","embeddable":true,"href":"https:\/\/rutana.lt\/en\/wp-json\/wp\/v2\/product_brand?post=14168"},{"taxonomy":"product_cat","embeddable":true,"href":"https:\/\/rutana.lt\/en\/wp-json\/wp\/v2\/product_cat?post=14168"},{"taxonomy":"product_tag","embeddable":true,"href":"https:\/\/rutana.lt\/en\/wp-json\/wp\/v2\/product_tag?post=14168"}],"curies":[{"name":"wp","href":"https:\/\/api.w.org\/{rel}","templated":true}]}}