{"id":14165,"date":"2025-09-03T09:32:37","date_gmt":"2025-09-03T07:32:37","guid":{"rendered":"https:\/\/rutana.webdemo.lt\/?post_type=product&#038;p=14165"},"modified":"2025-10-13T15:46:13","modified_gmt":"2025-10-13T13:46:13","slug":"aplankas-su-spaustuku-a4-uzverciamas-juodas-rillstab-98850","status":"publish","type":"product","link":"https:\/\/rutana.lt\/en\/product\/aplankas-su-spaustuku-a4-uzverciamas-juodas-rillstab-98850\/","title":{"rendered":"Aplankas su spaustuku A4 u\u017ever\u010diamas juodas Rillstab 98850"},"content":{"rendered":"<p>A4 formato aplankas su prisegimu popieriui pagamintas i\u0161 odos pakaitalo. Kair\u0117je pus\u0117je, viduje \u012fstri\u017ea ki\u0161en\u0117 A4 formato dokumentams. Viduryje tu\u0161inuko laikiklis. De\u0161in\u0117je, vidin\u0117je pus\u0117je juodas integruotas kietas PVC lapas, kad b\u016bt\u0173 i\u0161vengta teksto persispausdinimo ant popieriaus. Vir\u0161uje de\u0161in\u0117je yra labai tvirtas popieriaus spaustukas, u\u017etikrinantis, kad dokumentai i\u0161liks stabiliai pritvirtinti. <\/p>\n<p>Matmenys: 24 ( plotis ) x 35 ( auk\u0161tis ) cm.<\/p>\n<p>Lentel\u0117s formatas: A4<\/p>\n<p>Lentel\u0117s spalva: juoda<\/p>\n<p>Kilm\u0117s \u0161alis: Olandija<\/p>\n<p><\/p>\n<\/p>\n<p><\/p>","protected":false},"excerpt":{"rendered":"<p>A4 formato aplankas su prisegimu popieriui pagamintas i\u0161 odos pakaitalo. Kair\u0117je pus\u0117je, viduje \u012fstri\u017ea ki\u0161en\u0117 A4 formato dokumentams. Viduryje tu\u0161inuko laikiklis. De\u0161in\u0117je, vidin\u0117je pus\u0117je juodas integruotas kietas PVC lapas, kad b\u016bt\u0173 i\u0161vengta teksto persispausdinimo ant popieriaus. Vir\u0161uje de\u0161in\u0117je yra labai tvirtas popieriaus spaustukas, u\u017etikrinantis, kad dokumentai i\u0161liks stabiliai pritvirtinti. Matmenys: 24 ( plotis ) x [&hellip;]<\/p>","protected":false},"featured_media":28343,"comment_status":"open","ping_status":"closed","template":"","meta":{"_season_start":"","_season_end":"","_season_days":"","_season_months":"","_season_auto_visibility":""},"product_brand":[546],"product_cat":[1597],"product_tag":[],"class_list":{"0":"post-14165","1":"product","2":"type-product","3":"status-publish","4":"has-post-thumbnail","6":"product_brand-rillstab","7":"product_cat-lenteles-rasymui","9":"first","10":"instock","11":"taxable","12":"shipping-taxable","13":"purchasable","14":"product-type-simple"},"yoast_head":"<!-- This site is optimized with the Yoast SEO plugin v27.4 - https:\/\/yoast.com\/product\/yoast-seo-wordpress\/ -->\n<title>Aplankas su spaustuku A4 u\u017ever\u010diamas juodas Rillstab 98850 - Rutana - Ra\u0161tin\u0117s reikmenys<\/title>\n<meta name=\"robots\" content=\"index, follow, max-snippet:-1, max-image-preview:large, max-video-preview:-1\" \/>\n<link rel=\"canonical\" href=\"https:\/\/rutana.lt\/en\/product\/aplankas-su-spaustuku-a4-uzverciamas-juodas-rillstab-98850\/\" \/>\n<meta property=\"og:locale\" content=\"en_US\" \/>\n<meta property=\"og:type\" content=\"article\" \/>\n<meta property=\"og:title\" content=\"Aplankas su spaustuku A4 u\u017ever\u010diamas juodas Rillstab 98850 - Rutana - Ra\u0161tin\u0117s reikmenys\" \/>\n<meta property=\"og:description\" content=\"A4 formato aplankas su prisegimu popieriui pagamintas i\u0161 odos pakaitalo. Kair\u0117je pus\u0117je, viduje \u012fstri\u017ea ki\u0161en\u0117 A4 formato dokumentams. Viduryje tu\u0161inuko laikiklis. De\u0161in\u0117je, vidin\u0117je pus\u0117je juodas integruotas kietas PVC lapas, kad b\u016bt\u0173 i\u0161vengta teksto persispausdinimo ant popieriaus. Vir\u0161uje de\u0161in\u0117je yra labai tvirtas popieriaus spaustukas, u\u017etikrinantis, kad dokumentai i\u0161liks stabiliai pritvirtinti. Matmenys: 24 ( plotis ) x [&hellip;]\" \/>\n<meta property=\"og:url\" content=\"https:\/\/rutana.lt\/en\/product\/aplankas-su-spaustuku-a4-uzverciamas-juodas-rillstab-98850\/\" \/>\n<meta property=\"og:site_name\" content=\"Rutana - Ra\u0161tin\u0117s reikmenys\" \/>\n<meta property=\"article:publisher\" content=\"https:\/\/www.facebook.com\/RutanaKanceliarinesPrekes\/\" \/>\n<meta property=\"article:modified_time\" content=\"2025-10-13T13:46:13+00:00\" \/>\n<meta property=\"og:image\" content=\"https:\/\/rutana.lt\/wp-content\/uploads\/2025\/09\/C024-121.jpg\" \/>\n\t<meta property=\"og:image:width\" content=\"600\" \/>\n\t<meta property=\"og:image:height\" content=\"537\" \/>\n\t<meta property=\"og:image:type\" content=\"image\/jpeg\" \/>\n<meta name=\"twitter:card\" content=\"summary_large_image\" \/>\n<script type=\"application\/ld+json\" class=\"yoast-schema-graph\">{\"@context\":\"https:\\\/\\\/schema.org\",\"@graph\":[{\"@type\":\"WebPage\",\"@id\":\"https:\\\/\\\/rutana.lt\\\/produktas\\\/aplankas-su-spaustuku-a4-uzverciamas-juodas-rillstab-98850\\\/\",\"url\":\"https:\\\/\\\/rutana.lt\\\/produktas\\\/aplankas-su-spaustuku-a4-uzverciamas-juodas-rillstab-98850\\\/\",\"name\":\"Aplankas su spaustuku A4 u\u017ever\u010diamas juodas Rillstab 98850 - Rutana - Ra\u0161tin\u0117s reikmenys\",\"isPartOf\":{\"@id\":\"https:\\\/\\\/rutana.lt\\\/#website\"},\"primaryImageOfPage\":{\"@id\":\"https:\\\/\\\/rutana.lt\\\/produktas\\\/aplankas-su-spaustuku-a4-uzverciamas-juodas-rillstab-98850\\\/#primaryimage\"},\"image\":{\"@id\":\"https:\\\/\\\/rutana.lt\\\/produktas\\\/aplankas-su-spaustuku-a4-uzverciamas-juodas-rillstab-98850\\\/#primaryimage\"},\"thumbnailUrl\":\"https:\\\/\\\/rutana.lt\\\/wp-content\\\/uploads\\\/2025\\\/09\\\/C024-121-1.jpg?v=1763618837\",\"datePublished\":\"2025-09-03T07:32:37+00:00\",\"dateModified\":\"2025-10-13T13:46:13+00:00\",\"breadcrumb\":{\"@id\":\"https:\\\/\\\/rutana.lt\\\/produktas\\\/aplankas-su-spaustuku-a4-uzverciamas-juodas-rillstab-98850\\\/#breadcrumb\"},\"inLanguage\":\"en-US\",\"potentialAction\":[{\"@type\":\"ReadAction\",\"target\":[\"https:\\\/\\\/rutana.lt\\\/produktas\\\/aplankas-su-spaustuku-a4-uzverciamas-juodas-rillstab-98850\\\/\"]}]},{\"@type\":\"ImageObject\",\"inLanguage\":\"en-US\",\"@id\":\"https:\\\/\\\/rutana.lt\\\/produktas\\\/aplankas-su-spaustuku-a4-uzverciamas-juodas-rillstab-98850\\\/#primaryimage\",\"url\":\"https:\\\/\\\/rutana.lt\\\/wp-content\\\/uploads\\\/2025\\\/09\\\/C024-121-1.jpg?v=1763618837\",\"contentUrl\":\"https:\\\/\\\/rutana.lt\\\/wp-content\\\/uploads\\\/2025\\\/09\\\/C024-121-1.jpg?v=1763618837\",\"width\":600,\"height\":537},{\"@type\":\"BreadcrumbList\",\"@id\":\"https:\\\/\\\/rutana.lt\\\/produktas\\\/aplankas-su-spaustuku-a4-uzverciamas-juodas-rillstab-98850\\\/#breadcrumb\",\"itemListElement\":[{\"@type\":\"ListItem\",\"position\":1,\"name\":\"Home\",\"item\":\"https:\\\/\\\/rutana.lt\\\/\"},{\"@type\":\"ListItem\",\"position\":2,\"name\":\"Parduotuv\u0117\",\"item\":\"https:\\\/\\\/rutana.lt\\\/parduotuve\\\/\"},{\"@type\":\"ListItem\",\"position\":3,\"name\":\"Aplankas su spaustuku A4 u\u017ever\u010diamas juodas Rillstab 98850\"}]},{\"@type\":\"WebSite\",\"@id\":\"https:\\\/\\\/rutana.lt\\\/#website\",\"url\":\"https:\\\/\\\/rutana.lt\\\/\",\"name\":\"Rutana - Ra\u0161tin\u0117s reikmenys\",\"description\":\"Prekiaujame pasaulin\u0117je rinkoje pripa\u017eintomis, kokybi\u0161komis biuro prek\u0117mis toki\u0173  gamintoj\u0173 kaip: Schneider, Esselte, Novus, 3M, Faber-Castell, Citizen, Milan, Leitz, Colop, Zebra, Staedtler, Durable, Tork, Parker, Waterman ir kt.\",\"publisher\":{\"@id\":\"https:\\\/\\\/rutana.lt\\\/#organization\"},\"potentialAction\":[{\"@type\":\"SearchAction\",\"target\":{\"@type\":\"EntryPoint\",\"urlTemplate\":\"https:\\\/\\\/rutana.lt\\\/?s={search_term_string}\"},\"query-input\":{\"@type\":\"PropertyValueSpecification\",\"valueRequired\":true,\"valueName\":\"search_term_string\"}}],\"inLanguage\":\"en-US\"},{\"@type\":\"Organization\",\"@id\":\"https:\\\/\\\/rutana.lt\\\/#organization\",\"name\":\"Rutana - Ra\u0161tin\u0117s reikmenys\",\"url\":\"https:\\\/\\\/rutana.lt\\\/\",\"logo\":{\"@type\":\"ImageObject\",\"inLanguage\":\"en-US\",\"@id\":\"https:\\\/\\\/rutana.lt\\\/#\\\/schema\\\/logo\\\/image\\\/\",\"url\":\"https:\\\/\\\/rutana.lt\\\/wp-content\\\/uploads\\\/2025\\\/10\\\/Asset-32.png\",\"contentUrl\":\"https:\\\/\\\/rutana.lt\\\/wp-content\\\/uploads\\\/2025\\\/10\\\/Asset-32.png\",\"width\":433,\"height\":119,\"caption\":\"Rutana - Ra\u0161tin\u0117s reikmenys\"},\"image\":{\"@id\":\"https:\\\/\\\/rutana.lt\\\/#\\\/schema\\\/logo\\\/image\\\/\"},\"sameAs\":[\"https:\\\/\\\/www.facebook.com\\\/RutanaKanceliarinesPrekes\\\/\"]}]}<\/script>\n<!-- \/ Yoast SEO plugin. -->","yoast_head_json":{"title":"Aplankas su spaustuku A4 u\u017ever\u010diamas juodas Rillstab 98850 - Rutana - Ra\u0161tin\u0117s reikmenys","robots":{"index":"index","follow":"follow","max-snippet":"max-snippet:-1","max-image-preview":"max-image-preview:large","max-video-preview":"max-video-preview:-1"},"canonical":"https:\/\/rutana.lt\/en\/product\/aplankas-su-spaustuku-a4-uzverciamas-juodas-rillstab-98850\/","og_locale":"en_US","og_type":"article","og_title":"Aplankas su spaustuku A4 u\u017ever\u010diamas juodas Rillstab 98850 - Rutana - Ra\u0161tin\u0117s reikmenys","og_description":"A4 formato aplankas su prisegimu popieriui pagamintas i\u0161 odos pakaitalo. Kair\u0117je pus\u0117je, viduje \u012fstri\u017ea ki\u0161en\u0117 A4 formato dokumentams. Viduryje tu\u0161inuko laikiklis. De\u0161in\u0117je, vidin\u0117je pus\u0117je juodas integruotas kietas PVC lapas, kad b\u016bt\u0173 i\u0161vengta teksto persispausdinimo ant popieriaus. Vir\u0161uje de\u0161in\u0117je yra labai tvirtas popieriaus spaustukas, u\u017etikrinantis, kad dokumentai i\u0161liks stabiliai pritvirtinti. Matmenys: 24 ( plotis ) x [&hellip;]","og_url":"https:\/\/rutana.lt\/en\/product\/aplankas-su-spaustuku-a4-uzverciamas-juodas-rillstab-98850\/","og_site_name":"Rutana - Ra\u0161tin\u0117s reikmenys","article_publisher":"https:\/\/www.facebook.com\/RutanaKanceliarinesPrekes\/","article_modified_time":"2025-10-13T13:46:13+00:00","og_image":[{"width":600,"height":537,"url":"https:\/\/rutana.lt\/wp-content\/uploads\/2025\/09\/C024-121.jpg","type":"image\/jpeg"}],"twitter_card":"summary_large_image","schema":{"@context":"https:\/\/schema.org","@graph":[{"@type":"WebPage","@id":"https:\/\/rutana.lt\/produktas\/aplankas-su-spaustuku-a4-uzverciamas-juodas-rillstab-98850\/","url":"https:\/\/rutana.lt\/produktas\/aplankas-su-spaustuku-a4-uzverciamas-juodas-rillstab-98850\/","name":"Aplankas su spaustuku A4 u\u017ever\u010diamas juodas Rillstab 98850 - Rutana - Ra\u0161tin\u0117s reikmenys","isPartOf":{"@id":"https:\/\/rutana.lt\/#website"},"primaryImageOfPage":{"@id":"https:\/\/rutana.lt\/produktas\/aplankas-su-spaustuku-a4-uzverciamas-juodas-rillstab-98850\/#primaryimage"},"image":{"@id":"https:\/\/rutana.lt\/produktas\/aplankas-su-spaustuku-a4-uzverciamas-juodas-rillstab-98850\/#primaryimage"},"thumbnailUrl":"https:\/\/rutana.lt\/wp-content\/uploads\/2025\/09\/C024-121-1.jpg?v=1763618837","datePublished":"2025-09-03T07:32:37+00:00","dateModified":"2025-10-13T13:46:13+00:00","breadcrumb":{"@id":"https:\/\/rutana.lt\/produktas\/aplankas-su-spaustuku-a4-uzverciamas-juodas-rillstab-98850\/#breadcrumb"},"inLanguage":"en-US","potentialAction":[{"@type":"ReadAction","target":["https:\/\/rutana.lt\/produktas\/aplankas-su-spaustuku-a4-uzverciamas-juodas-rillstab-98850\/"]}]},{"@type":"ImageObject","inLanguage":"en-US","@id":"https:\/\/rutana.lt\/produktas\/aplankas-su-spaustuku-a4-uzverciamas-juodas-rillstab-98850\/#primaryimage","url":"https:\/\/rutana.lt\/wp-content\/uploads\/2025\/09\/C024-121-1.jpg?v=1763618837","contentUrl":"https:\/\/rutana.lt\/wp-content\/uploads\/2025\/09\/C024-121-1.jpg?v=1763618837","width":600,"height":537},{"@type":"BreadcrumbList","@id":"https:\/\/rutana.lt\/produktas\/aplankas-su-spaustuku-a4-uzverciamas-juodas-rillstab-98850\/#breadcrumb","itemListElement":[{"@type":"ListItem","position":1,"name":"Home","item":"https:\/\/rutana.lt\/"},{"@type":"ListItem","position":2,"name":"Parduotuv\u0117","item":"https:\/\/rutana.lt\/parduotuve\/"},{"@type":"ListItem","position":3,"name":"Aplankas su spaustuku A4 u\u017ever\u010diamas juodas Rillstab 98850"}]},{"@type":"WebSite","@id":"https:\/\/rutana.lt\/#website","url":"https:\/\/rutana.lt\/","name":"Rutana - Ra\u0161tin\u0117s reikmenys","description":"Prekiaujame pasaulin\u0117je rinkoje pripa\u017eintomis, kokybi\u0161komis biuro prek\u0117mis toki\u0173  gamintoj\u0173 kaip: Schneider, Esselte, Novus, 3M, Faber-Castell, Citizen, Milan, Leitz, Colop, Zebra, Staedtler, Durable, Tork, Parker, Waterman ir kt.","publisher":{"@id":"https:\/\/rutana.lt\/#organization"},"potentialAction":[{"@type":"SearchAction","target":{"@type":"EntryPoint","urlTemplate":"https:\/\/rutana.lt\/?s={search_term_string}"},"query-input":{"@type":"PropertyValueSpecification","valueRequired":true,"valueName":"search_term_string"}}],"inLanguage":"en-US"},{"@type":"Organization","@id":"https:\/\/rutana.lt\/#organization","name":"Rutana - Ra\u0161tin\u0117s reikmenys","url":"https:\/\/rutana.lt\/","logo":{"@type":"ImageObject","inLanguage":"en-US","@id":"https:\/\/rutana.lt\/#\/schema\/logo\/image\/","url":"https:\/\/rutana.lt\/wp-content\/uploads\/2025\/10\/Asset-32.png","contentUrl":"https:\/\/rutana.lt\/wp-content\/uploads\/2025\/10\/Asset-32.png","width":433,"height":119,"caption":"Rutana - Ra\u0161tin\u0117s reikmenys"},"image":{"@id":"https:\/\/rutana.lt\/#\/schema\/logo\/image\/"},"sameAs":["https:\/\/www.facebook.com\/RutanaKanceliarinesPrekes\/"]}]}},"_links":{"self":[{"href":"https:\/\/rutana.lt\/en\/wp-json\/wp\/v2\/product\/14165","targetHints":{"allow":["GET"]}}],"collection":[{"href":"https:\/\/rutana.lt\/en\/wp-json\/wp\/v2\/product"}],"about":[{"href":"https:\/\/rutana.lt\/en\/wp-json\/wp\/v2\/types\/product"}],"replies":[{"embeddable":true,"href":"https:\/\/rutana.lt\/en\/wp-json\/wp\/v2\/comments?post=14165"}],"version-history":[{"count":1,"href":"https:\/\/rutana.lt\/en\/wp-json\/wp\/v2\/product\/14165\/revisions"}],"predecessor-version":[{"id":14216,"href":"https:\/\/rutana.lt\/en\/wp-json\/wp\/v2\/product\/14165\/revisions\/14216"}],"wp:featuredmedia":[{"embeddable":true,"href":"https:\/\/rutana.lt\/en\/wp-json\/wp\/v2\/media\/28343"}],"wp:attachment":[{"href":"https:\/\/rutana.lt\/en\/wp-json\/wp\/v2\/media?parent=14165"}],"wp:term":[{"taxonomy":"product_brand","embeddable":true,"href":"https:\/\/rutana.lt\/en\/wp-json\/wp\/v2\/product_brand?post=14165"},{"taxonomy":"product_cat","embeddable":true,"href":"https:\/\/rutana.lt\/en\/wp-json\/wp\/v2\/product_cat?post=14165"},{"taxonomy":"product_tag","embeddable":true,"href":"https:\/\/rutana.lt\/en\/wp-json\/wp\/v2\/product_tag?post=14165"}],"curies":[{"name":"wp","href":"https:\/\/api.w.org\/{rel}","templated":true}]}}