{"id":14162,"date":"2025-09-03T09:32:37","date_gmt":"2025-09-03T07:32:37","guid":{"rendered":"https:\/\/rutana.webdemo.lt\/?post_type=product&#038;p=14162"},"modified":"2025-10-13T15:46:12","modified_gmt":"2025-10-13T13:46:12","slug":"standartinis-segtuvas-a4-8-cm-herlitz-11233053","status":"publish","type":"product","link":"https:\/\/rutana.lt\/en\/product\/standartinis-segtuvas-a4-8-cm-herlitz-11233053\/","title":{"rendered":"Standartinis segtuvas A4 8 cm Herlitz 11233053"},"content":{"rendered":"<p>Segtuvas pagamintas i\u0161 kieto kartono, laminuotas, dekoruotas vir\u0161elis. Su svertiniu mechanizmu. Stiprus mechanizmas, kuris atidaromas ir u\u017efiksuojamas idealiai net po daug kart\u0173 panaudojim\u0173. Itin tvirtas segtuvas, d\u0117l to ypa\u010d stabilus lentynoje, net tuomet, kai segtuvas visi\u0161kai u\u017epildytas dokumentais. <\/p>\n<p style=\"margin-bottom: 10px;\">Formatas: A4<\/p>\n<p style=\"margin-bottom: 10px;\">Segtuvo spalva: dekoruotas skirtingais motyvais<\/p>\n<p style=\"margin-bottom: 10px;\">Nugar\u0117l\u0117s plotis: 80 mm<\/p>\n<p style=\"margin-bottom: 10px;\">Kilm\u0117s \u0161alis: Vokietija<\/p>\n<p style=\"margin-bottom: 10px;\"><\/p>\n<p style=\"margin-bottom: 10px; color: rgb(0, 0, 0); font-size: 14px;\"><\/p>","protected":false},"excerpt":{"rendered":"<p>Segtuvas pagamintas i\u0161 kieto kartono, laminuotas, dekoruotas vir\u0161elis. Su svertiniu mechanizmu. Stiprus mechanizmas, kuris atidaromas ir u\u017efiksuojamas idealiai net po daug kart\u0173 panaudojim\u0173. Itin tvirtas segtuvas, d\u0117l to ypa\u010d stabilus lentynoje, net tuomet, kai segtuvas visi\u0161kai u\u017epildytas dokumentais. Formatas: A4 Segtuvo spalva: dekoruotas skirtingais motyvais Nugar\u0117l\u0117s plotis: 80 mm Kilm\u0117s \u0161alis: Vokietija<\/p>","protected":false},"featured_media":28340,"comment_status":"open","ping_status":"closed","template":"","meta":{"_season_start":"","_season_end":"","_season_days":"","_season_months":"","_season_auto_visibility":""},"product_brand":[189],"product_cat":[1742],"product_tag":[],"class_list":{"0":"post-14162","1":"product","2":"type-product","3":"status-publish","4":"has-post-thumbnail","6":"product_brand-herlitz","7":"product_cat-standartiniai-segtuvai","9":"first","10":"instock","11":"taxable","12":"shipping-taxable","13":"purchasable","14":"product-type-simple"},"yoast_head":"<!-- This site is optimized with the Yoast SEO plugin v26.1.1 - https:\/\/yoast.com\/wordpress\/plugins\/seo\/ -->\n<title>Standartinis segtuvas A4 8 cm Herlitz 11233053 - Rutana - Ra\u0161tin\u0117s reikmenys<\/title>\n<meta name=\"robots\" content=\"index, follow, max-snippet:-1, max-image-preview:large, max-video-preview:-1\" \/>\n<link rel=\"canonical\" href=\"https:\/\/rutana.lt\/en\/product\/standartinis-segtuvas-a4-8-cm-herlitz-11233053\/\" \/>\n<meta property=\"og:locale\" content=\"en_US\" \/>\n<meta property=\"og:type\" content=\"article\" \/>\n<meta property=\"og:title\" content=\"Standartinis segtuvas A4 8 cm Herlitz 11233053 - Rutana - Ra\u0161tin\u0117s reikmenys\" \/>\n<meta property=\"og:description\" content=\"Segtuvas pagamintas i\u0161 kieto kartono, laminuotas, dekoruotas vir\u0161elis. Su svertiniu mechanizmu. Stiprus mechanizmas, kuris atidaromas ir u\u017efiksuojamas idealiai net po daug kart\u0173 panaudojim\u0173. Itin tvirtas segtuvas, d\u0117l to ypa\u010d stabilus lentynoje, net tuomet, kai segtuvas visi\u0161kai u\u017epildytas dokumentais. Formatas: A4 Segtuvo spalva: dekoruotas skirtingais motyvais Nugar\u0117l\u0117s plotis: 80 mm Kilm\u0117s \u0161alis: Vokietija\" \/>\n<meta property=\"og:url\" content=\"https:\/\/rutana.lt\/en\/product\/standartinis-segtuvas-a4-8-cm-herlitz-11233053\/\" \/>\n<meta property=\"og:site_name\" content=\"Rutana - Ra\u0161tin\u0117s reikmenys\" \/>\n<meta property=\"article:publisher\" content=\"https:\/\/www.facebook.com\/RutanaKanceliarinesPrekes\/\" \/>\n<meta property=\"article:modified_time\" content=\"2025-10-13T13:46:12+00:00\" \/>\n<meta property=\"og:image\" content=\"https:\/\/rutana.lt\/wp-content\/uploads\/2025\/09\/A155-105.jpg\" \/>\n\t<meta property=\"og:image:width\" content=\"600\" \/>\n\t<meta property=\"og:image:height\" content=\"600\" \/>\n\t<meta property=\"og:image:type\" content=\"image\/jpeg\" \/>\n<meta name=\"twitter:card\" content=\"summary_large_image\" \/>\n<script type=\"application\/ld+json\" class=\"yoast-schema-graph\">{\"@context\":\"https:\/\/schema.org\",\"@graph\":[{\"@type\":\"WebPage\",\"@id\":\"https:\/\/rutana.lt\/produktas\/standartinis-segtuvas-a4-8-cm-herlitz-11233053\/\",\"url\":\"https:\/\/rutana.lt\/produktas\/standartinis-segtuvas-a4-8-cm-herlitz-11233053\/\",\"name\":\"Standartinis segtuvas A4 8 cm Herlitz 11233053 - Rutana - Ra\u0161tin\u0117s reikmenys\",\"isPartOf\":{\"@id\":\"https:\/\/rutana.lt\/#website\"},\"primaryImageOfPage\":{\"@id\":\"https:\/\/rutana.lt\/produktas\/standartinis-segtuvas-a4-8-cm-herlitz-11233053\/#primaryimage\"},\"image\":{\"@id\":\"https:\/\/rutana.lt\/produktas\/standartinis-segtuvas-a4-8-cm-herlitz-11233053\/#primaryimage\"},\"thumbnailUrl\":\"https:\/\/rutana.lt\/wp-content\/uploads\/2025\/09\/A155-105-1.jpg?v=1763618841\",\"datePublished\":\"2025-09-03T07:32:37+00:00\",\"dateModified\":\"2025-10-13T13:46:12+00:00\",\"breadcrumb\":{\"@id\":\"https:\/\/rutana.lt\/produktas\/standartinis-segtuvas-a4-8-cm-herlitz-11233053\/#breadcrumb\"},\"inLanguage\":\"en-US\",\"potentialAction\":[{\"@type\":\"ReadAction\",\"target\":[\"https:\/\/rutana.lt\/produktas\/standartinis-segtuvas-a4-8-cm-herlitz-11233053\/\"]}]},{\"@type\":\"ImageObject\",\"inLanguage\":\"en-US\",\"@id\":\"https:\/\/rutana.lt\/produktas\/standartinis-segtuvas-a4-8-cm-herlitz-11233053\/#primaryimage\",\"url\":\"https:\/\/rutana.lt\/wp-content\/uploads\/2025\/09\/A155-105-1.jpg?v=1763618841\",\"contentUrl\":\"https:\/\/rutana.lt\/wp-content\/uploads\/2025\/09\/A155-105-1.jpg?v=1763618841\",\"width\":600,\"height\":600},{\"@type\":\"BreadcrumbList\",\"@id\":\"https:\/\/rutana.lt\/produktas\/standartinis-segtuvas-a4-8-cm-herlitz-11233053\/#breadcrumb\",\"itemListElement\":[{\"@type\":\"ListItem\",\"position\":1,\"name\":\"Home\",\"item\":\"https:\/\/rutana.lt\/\"},{\"@type\":\"ListItem\",\"position\":2,\"name\":\"Parduotuv\u0117\",\"item\":\"https:\/\/rutana.lt\/parduotuve\/\"},{\"@type\":\"ListItem\",\"position\":3,\"name\":\"Standartinis segtuvas A4 8 cm Herlitz 11233053\"}]},{\"@type\":\"WebSite\",\"@id\":\"https:\/\/rutana.lt\/#website\",\"url\":\"https:\/\/rutana.lt\/\",\"name\":\"Rutana - Ra\u0161tin\u0117s reikmenys\",\"description\":\"Prekiaujame pasaulin\u0117je rinkoje pripa\u017eintomis, kokybi\u0161komis biuro prek\u0117mis toki\u0173  gamintoj\u0173 kaip: Schneider, Esselte, Novus, 3M, Faber-Castell, Citizen, Milan, Leitz, Colop, Zebra, Staedtler, Durable, Tork, Parker, Waterman ir kt.\",\"publisher\":{\"@id\":\"https:\/\/rutana.lt\/#organization\"},\"potentialAction\":[{\"@type\":\"SearchAction\",\"target\":{\"@type\":\"EntryPoint\",\"urlTemplate\":\"https:\/\/rutana.lt\/?s={search_term_string}\"},\"query-input\":{\"@type\":\"PropertyValueSpecification\",\"valueRequired\":true,\"valueName\":\"search_term_string\"}}],\"inLanguage\":\"en-US\"},{\"@type\":\"Organization\",\"@id\":\"https:\/\/rutana.lt\/#organization\",\"name\":\"Rutana - Ra\u0161tin\u0117s reikmenys\",\"url\":\"https:\/\/rutana.lt\/\",\"logo\":{\"@type\":\"ImageObject\",\"inLanguage\":\"en-US\",\"@id\":\"https:\/\/rutana.lt\/#\/schema\/logo\/image\/\",\"url\":\"https:\/\/rutana.lt\/wp-content\/uploads\/2025\/10\/Asset-32.png\",\"contentUrl\":\"https:\/\/rutana.lt\/wp-content\/uploads\/2025\/10\/Asset-32.png\",\"width\":433,\"height\":119,\"caption\":\"Rutana - Ra\u0161tin\u0117s reikmenys\"},\"image\":{\"@id\":\"https:\/\/rutana.lt\/#\/schema\/logo\/image\/\"},\"sameAs\":[\"https:\/\/www.facebook.com\/RutanaKanceliarinesPrekes\/\"]}]}<\/script>\n<!-- \/ Yoast SEO plugin. -->","yoast_head_json":{"title":"Standartinis segtuvas A4 8 cm Herlitz 11233053 - Rutana - Ra\u0161tin\u0117s reikmenys","robots":{"index":"index","follow":"follow","max-snippet":"max-snippet:-1","max-image-preview":"max-image-preview:large","max-video-preview":"max-video-preview:-1"},"canonical":"https:\/\/rutana.lt\/en\/product\/standartinis-segtuvas-a4-8-cm-herlitz-11233053\/","og_locale":"en_US","og_type":"article","og_title":"Standartinis segtuvas A4 8 cm Herlitz 11233053 - Rutana - Ra\u0161tin\u0117s reikmenys","og_description":"Segtuvas pagamintas i\u0161 kieto kartono, laminuotas, dekoruotas vir\u0161elis. Su svertiniu mechanizmu. Stiprus mechanizmas, kuris atidaromas ir u\u017efiksuojamas idealiai net po daug kart\u0173 panaudojim\u0173. Itin tvirtas segtuvas, d\u0117l to ypa\u010d stabilus lentynoje, net tuomet, kai segtuvas visi\u0161kai u\u017epildytas dokumentais. Formatas: A4 Segtuvo spalva: dekoruotas skirtingais motyvais Nugar\u0117l\u0117s plotis: 80 mm Kilm\u0117s \u0161alis: Vokietija","og_url":"https:\/\/rutana.lt\/en\/product\/standartinis-segtuvas-a4-8-cm-herlitz-11233053\/","og_site_name":"Rutana - Ra\u0161tin\u0117s reikmenys","article_publisher":"https:\/\/www.facebook.com\/RutanaKanceliarinesPrekes\/","article_modified_time":"2025-10-13T13:46:12+00:00","og_image":[{"width":600,"height":600,"url":"https:\/\/rutana.lt\/wp-content\/uploads\/2025\/09\/A155-105.jpg","type":"image\/jpeg"}],"twitter_card":"summary_large_image","schema":{"@context":"https:\/\/schema.org","@graph":[{"@type":"WebPage","@id":"https:\/\/rutana.lt\/produktas\/standartinis-segtuvas-a4-8-cm-herlitz-11233053\/","url":"https:\/\/rutana.lt\/produktas\/standartinis-segtuvas-a4-8-cm-herlitz-11233053\/","name":"Standartinis segtuvas A4 8 cm Herlitz 11233053 - Rutana - Ra\u0161tin\u0117s reikmenys","isPartOf":{"@id":"https:\/\/rutana.lt\/#website"},"primaryImageOfPage":{"@id":"https:\/\/rutana.lt\/produktas\/standartinis-segtuvas-a4-8-cm-herlitz-11233053\/#primaryimage"},"image":{"@id":"https:\/\/rutana.lt\/produktas\/standartinis-segtuvas-a4-8-cm-herlitz-11233053\/#primaryimage"},"thumbnailUrl":"https:\/\/rutana.lt\/wp-content\/uploads\/2025\/09\/A155-105-1.jpg?v=1763618841","datePublished":"2025-09-03T07:32:37+00:00","dateModified":"2025-10-13T13:46:12+00:00","breadcrumb":{"@id":"https:\/\/rutana.lt\/produktas\/standartinis-segtuvas-a4-8-cm-herlitz-11233053\/#breadcrumb"},"inLanguage":"en-US","potentialAction":[{"@type":"ReadAction","target":["https:\/\/rutana.lt\/produktas\/standartinis-segtuvas-a4-8-cm-herlitz-11233053\/"]}]},{"@type":"ImageObject","inLanguage":"en-US","@id":"https:\/\/rutana.lt\/produktas\/standartinis-segtuvas-a4-8-cm-herlitz-11233053\/#primaryimage","url":"https:\/\/rutana.lt\/wp-content\/uploads\/2025\/09\/A155-105-1.jpg?v=1763618841","contentUrl":"https:\/\/rutana.lt\/wp-content\/uploads\/2025\/09\/A155-105-1.jpg?v=1763618841","width":600,"height":600},{"@type":"BreadcrumbList","@id":"https:\/\/rutana.lt\/produktas\/standartinis-segtuvas-a4-8-cm-herlitz-11233053\/#breadcrumb","itemListElement":[{"@type":"ListItem","position":1,"name":"Home","item":"https:\/\/rutana.lt\/"},{"@type":"ListItem","position":2,"name":"Parduotuv\u0117","item":"https:\/\/rutana.lt\/parduotuve\/"},{"@type":"ListItem","position":3,"name":"Standartinis segtuvas A4 8 cm Herlitz 11233053"}]},{"@type":"WebSite","@id":"https:\/\/rutana.lt\/#website","url":"https:\/\/rutana.lt\/","name":"Rutana - Ra\u0161tin\u0117s reikmenys","description":"Prekiaujame pasaulin\u0117je rinkoje pripa\u017eintomis, kokybi\u0161komis biuro prek\u0117mis toki\u0173  gamintoj\u0173 kaip: Schneider, Esselte, Novus, 3M, Faber-Castell, Citizen, Milan, Leitz, Colop, Zebra, Staedtler, Durable, Tork, Parker, Waterman ir kt.","publisher":{"@id":"https:\/\/rutana.lt\/#organization"},"potentialAction":[{"@type":"SearchAction","target":{"@type":"EntryPoint","urlTemplate":"https:\/\/rutana.lt\/?s={search_term_string}"},"query-input":{"@type":"PropertyValueSpecification","valueRequired":true,"valueName":"search_term_string"}}],"inLanguage":"en-US"},{"@type":"Organization","@id":"https:\/\/rutana.lt\/#organization","name":"Rutana - Ra\u0161tin\u0117s reikmenys","url":"https:\/\/rutana.lt\/","logo":{"@type":"ImageObject","inLanguage":"en-US","@id":"https:\/\/rutana.lt\/#\/schema\/logo\/image\/","url":"https:\/\/rutana.lt\/wp-content\/uploads\/2025\/10\/Asset-32.png","contentUrl":"https:\/\/rutana.lt\/wp-content\/uploads\/2025\/10\/Asset-32.png","width":433,"height":119,"caption":"Rutana - Ra\u0161tin\u0117s reikmenys"},"image":{"@id":"https:\/\/rutana.lt\/#\/schema\/logo\/image\/"},"sameAs":["https:\/\/www.facebook.com\/RutanaKanceliarinesPrekes\/"]}]}},"_links":{"self":[{"href":"https:\/\/rutana.lt\/en\/wp-json\/wp\/v2\/product\/14162","targetHints":{"allow":["GET"]}}],"collection":[{"href":"https:\/\/rutana.lt\/en\/wp-json\/wp\/v2\/product"}],"about":[{"href":"https:\/\/rutana.lt\/en\/wp-json\/wp\/v2\/types\/product"}],"replies":[{"embeddable":true,"href":"https:\/\/rutana.lt\/en\/wp-json\/wp\/v2\/comments?post=14162"}],"version-history":[{"count":1,"href":"https:\/\/rutana.lt\/en\/wp-json\/wp\/v2\/product\/14162\/revisions"}],"predecessor-version":[{"id":14210,"href":"https:\/\/rutana.lt\/en\/wp-json\/wp\/v2\/product\/14162\/revisions\/14210"}],"wp:featuredmedia":[{"embeddable":true,"href":"https:\/\/rutana.lt\/en\/wp-json\/wp\/v2\/media\/28340"}],"wp:attachment":[{"href":"https:\/\/rutana.lt\/en\/wp-json\/wp\/v2\/media?parent=14162"}],"wp:term":[{"taxonomy":"product_brand","embeddable":true,"href":"https:\/\/rutana.lt\/en\/wp-json\/wp\/v2\/product_brand?post=14162"},{"taxonomy":"product_cat","embeddable":true,"href":"https:\/\/rutana.lt\/en\/wp-json\/wp\/v2\/product_cat?post=14162"},{"taxonomy":"product_tag","embeddable":true,"href":"https:\/\/rutana.lt\/en\/wp-json\/wp\/v2\/product_tag?post=14162"}],"curies":[{"name":"wp","href":"https:\/\/api.w.org\/{rel}","templated":true}]}}