{"id":14153,"date":"2025-09-03T09:32:37","date_gmt":"2025-09-03T07:32:37","guid":{"rendered":"https:\/\/rutana.webdemo.lt\/?post_type=product&#038;p=14153"},"modified":"2025-12-14T21:25:09","modified_gmt":"2025-12-14T19:25:09","slug":"krepsys-laminuotas-su-rankenomis-sawgrass-aukso-sp-hd-92850-117","status":"publish","type":"product","link":"https:\/\/rutana.lt\/en\/product\/krepsys-laminuotas-su-rankenomis-sawgrass-aukso-sp-hd-92850-117\/","title":{"rendered":"Krep\u0161ys laminuotas su rankenomis &#8222;Sawgrass&#8221; aukso sp. HD 92850-117"},"content":{"rendered":"<p>Laminuotas neaustinis mai\u0161elis su rankenomis ir blizgiu laminavimu.<\/p>\n<p>Ant krep\u0161io galima u\u017ed\u0117ti reklamin\u012f \u012fmon\u0117s logotip\u0105 ar kitok\u012f u\u017era\u0161\u0105 jums pageidaujamoje vietoje bei j\u016bs\u0173 pasirinktu b\u016bdu. Kaina nurodyta tik krep\u0161io, be u\u017era\u0161o. U\u017era\u0161o kaina priklauso nuo u\u017esakomo kiekio ir u\u017ed\u0117jimo b\u016bdo.<\/p>\n<p>Matmenys: 340 x 350 x 80 mm<\/p>\n<p>Spalva: auksin\u0117<\/p>\n<p>Med\u017eiagos storis: 90 g \/ m\u00b2<\/p>\n<p>Ranken\u0173 ilgis: 50 cm<\/p>\n<p style=\"margin-bottom: 10px;\">U\u017era\u0161o u\u017ed\u0117jimo galimi b\u016bdai: spauda ant tekstil\u0117s<\/p>\n<p style=\"margin-bottom: 10px;\">U\u017era\u0161o u\u017ed\u0117jimo galimos vietos: i\u0161 2 pusi\u0173<\/p>\n<div><\/div>\n<p>&nbsp;<\/p>","protected":false},"excerpt":{"rendered":"<p>Laminuotas neaustinis mai\u0161elis su rankenomis ir blizgiu laminavimu.<\/p>\n<p>&nbsp;<\/p>","protected":false},"featured_media":28332,"comment_status":"open","ping_status":"closed","template":"","meta":{"_season_start":"","_season_end":"","_season_days":"","_season_months":"","_season_auto_visibility":"1"},"product_brand":[868],"product_cat":[885],"product_tag":[],"class_list":{"0":"post-14153","1":"product","2":"type-product","3":"status-publish","4":"has-post-thumbnail","6":"product_brand-hd","7":"product_cat-dovanos-laisvalaikiui-verslo-dovanos","9":"first","10":"instock","11":"taxable","12":"shipping-taxable","13":"purchasable","14":"product-type-simple"},"yoast_head":"<!-- This site is optimized with the Yoast SEO plugin v27.4 - https:\/\/yoast.com\/product\/yoast-seo-wordpress\/ -->\n<title>Krep\u0161ys laminuotas su rankenomis &quot;Sawgrass&quot; aukso sp. HD 92850-117 - Rutana - Ra\u0161tin\u0117s reikmenys<\/title>\n<meta name=\"robots\" content=\"index, follow, max-snippet:-1, max-image-preview:large, max-video-preview:-1\" \/>\n<link rel=\"canonical\" href=\"https:\/\/rutana.lt\/en\/product\/krepsys-laminuotas-su-rankenomis-sawgrass-aukso-sp-hd-92850-117\/\" \/>\n<meta property=\"og:locale\" content=\"en_US\" \/>\n<meta property=\"og:type\" content=\"article\" \/>\n<meta property=\"og:title\" content=\"Krep\u0161ys laminuotas su rankenomis &quot;Sawgrass&quot; aukso sp. HD 92850-117 - Rutana - Ra\u0161tin\u0117s reikmenys\" \/>\n<meta property=\"og:description\" content=\"Laminuotas neaustinis mai\u0161elis su rankenomis ir blizgiu laminavimu.  &nbsp;\" \/>\n<meta property=\"og:url\" content=\"https:\/\/rutana.lt\/en\/product\/krepsys-laminuotas-su-rankenomis-sawgrass-aukso-sp-hd-92850-117\/\" \/>\n<meta property=\"og:site_name\" content=\"Rutana - Ra\u0161tin\u0117s reikmenys\" \/>\n<meta property=\"article:publisher\" content=\"https:\/\/www.facebook.com\/RutanaKanceliarinesPrekes\/\" \/>\n<meta property=\"article:modified_time\" content=\"2025-12-14T19:25:09+00:00\" \/>\n<meta property=\"og:image\" content=\"https:\/\/rutana.lt\/wp-content\/uploads\/2025\/09\/B096-658-2.jpg?v=1763618850\" \/>\n\t<meta property=\"og:image:width\" content=\"600\" \/>\n\t<meta property=\"og:image:height\" content=\"600\" \/>\n\t<meta property=\"og:image:type\" content=\"image\/jpeg\" \/>\n<meta name=\"twitter:card\" content=\"summary_large_image\" \/>\n<meta name=\"twitter:label1\" content=\"Est. reading time\" \/>\n\t<meta name=\"twitter:data1\" content=\"1 minute\" \/>\n<script type=\"application\/ld+json\" class=\"yoast-schema-graph\">{\"@context\":\"https:\\\/\\\/schema.org\",\"@graph\":[{\"@type\":\"WebPage\",\"@id\":\"https:\\\/\\\/rutana.lt\\\/produktas\\\/krepsys-laminuotas-su-rankenomis-sawgrass-aukso-sp-hd-92850-117\\\/\",\"url\":\"https:\\\/\\\/rutana.lt\\\/produktas\\\/krepsys-laminuotas-su-rankenomis-sawgrass-aukso-sp-hd-92850-117\\\/\",\"name\":\"Krep\u0161ys laminuotas su rankenomis \\\"Sawgrass\\\" aukso sp. HD 92850-117 - Rutana - Ra\u0161tin\u0117s reikmenys\",\"isPartOf\":{\"@id\":\"https:\\\/\\\/rutana.lt\\\/#website\"},\"primaryImageOfPage\":{\"@id\":\"https:\\\/\\\/rutana.lt\\\/produktas\\\/krepsys-laminuotas-su-rankenomis-sawgrass-aukso-sp-hd-92850-117\\\/#primaryimage\"},\"image\":{\"@id\":\"https:\\\/\\\/rutana.lt\\\/produktas\\\/krepsys-laminuotas-su-rankenomis-sawgrass-aukso-sp-hd-92850-117\\\/#primaryimage\"},\"thumbnailUrl\":\"https:\\\/\\\/rutana.lt\\\/wp-content\\\/uploads\\\/2025\\\/09\\\/B096-658-2.jpg?v=1763618850\",\"datePublished\":\"2025-09-03T07:32:37+00:00\",\"dateModified\":\"2025-12-14T19:25:09+00:00\",\"breadcrumb\":{\"@id\":\"https:\\\/\\\/rutana.lt\\\/produktas\\\/krepsys-laminuotas-su-rankenomis-sawgrass-aukso-sp-hd-92850-117\\\/#breadcrumb\"},\"inLanguage\":\"en-US\",\"potentialAction\":[{\"@type\":\"ReadAction\",\"target\":[\"https:\\\/\\\/rutana.lt\\\/produktas\\\/krepsys-laminuotas-su-rankenomis-sawgrass-aukso-sp-hd-92850-117\\\/\"]}]},{\"@type\":\"ImageObject\",\"inLanguage\":\"en-US\",\"@id\":\"https:\\\/\\\/rutana.lt\\\/produktas\\\/krepsys-laminuotas-su-rankenomis-sawgrass-aukso-sp-hd-92850-117\\\/#primaryimage\",\"url\":\"https:\\\/\\\/rutana.lt\\\/wp-content\\\/uploads\\\/2025\\\/09\\\/B096-658-2.jpg?v=1763618850\",\"contentUrl\":\"https:\\\/\\\/rutana.lt\\\/wp-content\\\/uploads\\\/2025\\\/09\\\/B096-658-2.jpg?v=1763618850\",\"width\":600,\"height\":600},{\"@type\":\"BreadcrumbList\",\"@id\":\"https:\\\/\\\/rutana.lt\\\/produktas\\\/krepsys-laminuotas-su-rankenomis-sawgrass-aukso-sp-hd-92850-117\\\/#breadcrumb\",\"itemListElement\":[{\"@type\":\"ListItem\",\"position\":1,\"name\":\"Home\",\"item\":\"https:\\\/\\\/rutana.lt\\\/\"},{\"@type\":\"ListItem\",\"position\":2,\"name\":\"Parduotuv\u0117\",\"item\":\"https:\\\/\\\/rutana.lt\\\/parduotuve\\\/\"},{\"@type\":\"ListItem\",\"position\":3,\"name\":\"Krep\u0161ys laminuotas su rankenomis &#8222;Sawgrass&#8221; aukso sp. HD 92850-117\"}]},{\"@type\":\"WebSite\",\"@id\":\"https:\\\/\\\/rutana.lt\\\/#website\",\"url\":\"https:\\\/\\\/rutana.lt\\\/\",\"name\":\"Rutana - Ra\u0161tin\u0117s reikmenys\",\"description\":\"Prekiaujame pasaulin\u0117je rinkoje pripa\u017eintomis, kokybi\u0161komis biuro prek\u0117mis toki\u0173  gamintoj\u0173 kaip: Schneider, Esselte, Novus, 3M, Faber-Castell, Citizen, Milan, Leitz, Colop, Zebra, Staedtler, Durable, Tork, Parker, Waterman ir kt.\",\"publisher\":{\"@id\":\"https:\\\/\\\/rutana.lt\\\/#organization\"},\"potentialAction\":[{\"@type\":\"SearchAction\",\"target\":{\"@type\":\"EntryPoint\",\"urlTemplate\":\"https:\\\/\\\/rutana.lt\\\/?s={search_term_string}\"},\"query-input\":{\"@type\":\"PropertyValueSpecification\",\"valueRequired\":true,\"valueName\":\"search_term_string\"}}],\"inLanguage\":\"en-US\"},{\"@type\":\"Organization\",\"@id\":\"https:\\\/\\\/rutana.lt\\\/#organization\",\"name\":\"Rutana - Ra\u0161tin\u0117s reikmenys\",\"url\":\"https:\\\/\\\/rutana.lt\\\/\",\"logo\":{\"@type\":\"ImageObject\",\"inLanguage\":\"en-US\",\"@id\":\"https:\\\/\\\/rutana.lt\\\/#\\\/schema\\\/logo\\\/image\\\/\",\"url\":\"https:\\\/\\\/rutana.lt\\\/wp-content\\\/uploads\\\/2025\\\/10\\\/Asset-32.png\",\"contentUrl\":\"https:\\\/\\\/rutana.lt\\\/wp-content\\\/uploads\\\/2025\\\/10\\\/Asset-32.png\",\"width\":433,\"height\":119,\"caption\":\"Rutana - Ra\u0161tin\u0117s reikmenys\"},\"image\":{\"@id\":\"https:\\\/\\\/rutana.lt\\\/#\\\/schema\\\/logo\\\/image\\\/\"},\"sameAs\":[\"https:\\\/\\\/www.facebook.com\\\/RutanaKanceliarinesPrekes\\\/\"]}]}<\/script>\n<!-- \/ Yoast SEO plugin. -->","yoast_head_json":{"title":"Krep\u0161ys laminuotas su rankenomis \"Sawgrass\" aukso sp. HD 92850-117 - Rutana - Ra\u0161tin\u0117s reikmenys","robots":{"index":"index","follow":"follow","max-snippet":"max-snippet:-1","max-image-preview":"max-image-preview:large","max-video-preview":"max-video-preview:-1"},"canonical":"https:\/\/rutana.lt\/en\/product\/krepsys-laminuotas-su-rankenomis-sawgrass-aukso-sp-hd-92850-117\/","og_locale":"en_US","og_type":"article","og_title":"Krep\u0161ys laminuotas su rankenomis \"Sawgrass\" aukso sp. HD 92850-117 - Rutana - Ra\u0161tin\u0117s reikmenys","og_description":"Laminuotas neaustinis mai\u0161elis su rankenomis ir blizgiu laminavimu.  &nbsp;","og_url":"https:\/\/rutana.lt\/en\/product\/krepsys-laminuotas-su-rankenomis-sawgrass-aukso-sp-hd-92850-117\/","og_site_name":"Rutana - Ra\u0161tin\u0117s reikmenys","article_publisher":"https:\/\/www.facebook.com\/RutanaKanceliarinesPrekes\/","article_modified_time":"2025-12-14T19:25:09+00:00","og_image":[{"width":600,"height":600,"url":"https:\/\/rutana.lt\/wp-content\/uploads\/2025\/09\/B096-658-2.jpg?v=1763618850","type":"image\/jpeg"}],"twitter_card":"summary_large_image","twitter_misc":{"Est. reading time":"1 minute"},"schema":{"@context":"https:\/\/schema.org","@graph":[{"@type":"WebPage","@id":"https:\/\/rutana.lt\/produktas\/krepsys-laminuotas-su-rankenomis-sawgrass-aukso-sp-hd-92850-117\/","url":"https:\/\/rutana.lt\/produktas\/krepsys-laminuotas-su-rankenomis-sawgrass-aukso-sp-hd-92850-117\/","name":"Krep\u0161ys laminuotas su rankenomis \"Sawgrass\" aukso sp. HD 92850-117 - Rutana - Ra\u0161tin\u0117s reikmenys","isPartOf":{"@id":"https:\/\/rutana.lt\/#website"},"primaryImageOfPage":{"@id":"https:\/\/rutana.lt\/produktas\/krepsys-laminuotas-su-rankenomis-sawgrass-aukso-sp-hd-92850-117\/#primaryimage"},"image":{"@id":"https:\/\/rutana.lt\/produktas\/krepsys-laminuotas-su-rankenomis-sawgrass-aukso-sp-hd-92850-117\/#primaryimage"},"thumbnailUrl":"https:\/\/rutana.lt\/wp-content\/uploads\/2025\/09\/B096-658-2.jpg?v=1763618850","datePublished":"2025-09-03T07:32:37+00:00","dateModified":"2025-12-14T19:25:09+00:00","breadcrumb":{"@id":"https:\/\/rutana.lt\/produktas\/krepsys-laminuotas-su-rankenomis-sawgrass-aukso-sp-hd-92850-117\/#breadcrumb"},"inLanguage":"en-US","potentialAction":[{"@type":"ReadAction","target":["https:\/\/rutana.lt\/produktas\/krepsys-laminuotas-su-rankenomis-sawgrass-aukso-sp-hd-92850-117\/"]}]},{"@type":"ImageObject","inLanguage":"en-US","@id":"https:\/\/rutana.lt\/produktas\/krepsys-laminuotas-su-rankenomis-sawgrass-aukso-sp-hd-92850-117\/#primaryimage","url":"https:\/\/rutana.lt\/wp-content\/uploads\/2025\/09\/B096-658-2.jpg?v=1763618850","contentUrl":"https:\/\/rutana.lt\/wp-content\/uploads\/2025\/09\/B096-658-2.jpg?v=1763618850","width":600,"height":600},{"@type":"BreadcrumbList","@id":"https:\/\/rutana.lt\/produktas\/krepsys-laminuotas-su-rankenomis-sawgrass-aukso-sp-hd-92850-117\/#breadcrumb","itemListElement":[{"@type":"ListItem","position":1,"name":"Home","item":"https:\/\/rutana.lt\/"},{"@type":"ListItem","position":2,"name":"Parduotuv\u0117","item":"https:\/\/rutana.lt\/parduotuve\/"},{"@type":"ListItem","position":3,"name":"Krep\u0161ys laminuotas su rankenomis &#8222;Sawgrass&#8221; aukso sp. HD 92850-117"}]},{"@type":"WebSite","@id":"https:\/\/rutana.lt\/#website","url":"https:\/\/rutana.lt\/","name":"Rutana - Ra\u0161tin\u0117s reikmenys","description":"Prekiaujame pasaulin\u0117je rinkoje pripa\u017eintomis, kokybi\u0161komis biuro prek\u0117mis toki\u0173  gamintoj\u0173 kaip: Schneider, Esselte, Novus, 3M, Faber-Castell, Citizen, Milan, Leitz, Colop, Zebra, Staedtler, Durable, Tork, Parker, Waterman ir kt.","publisher":{"@id":"https:\/\/rutana.lt\/#organization"},"potentialAction":[{"@type":"SearchAction","target":{"@type":"EntryPoint","urlTemplate":"https:\/\/rutana.lt\/?s={search_term_string}"},"query-input":{"@type":"PropertyValueSpecification","valueRequired":true,"valueName":"search_term_string"}}],"inLanguage":"en-US"},{"@type":"Organization","@id":"https:\/\/rutana.lt\/#organization","name":"Rutana - Ra\u0161tin\u0117s reikmenys","url":"https:\/\/rutana.lt\/","logo":{"@type":"ImageObject","inLanguage":"en-US","@id":"https:\/\/rutana.lt\/#\/schema\/logo\/image\/","url":"https:\/\/rutana.lt\/wp-content\/uploads\/2025\/10\/Asset-32.png","contentUrl":"https:\/\/rutana.lt\/wp-content\/uploads\/2025\/10\/Asset-32.png","width":433,"height":119,"caption":"Rutana - Ra\u0161tin\u0117s reikmenys"},"image":{"@id":"https:\/\/rutana.lt\/#\/schema\/logo\/image\/"},"sameAs":["https:\/\/www.facebook.com\/RutanaKanceliarinesPrekes\/"]}]}},"_links":{"self":[{"href":"https:\/\/rutana.lt\/en\/wp-json\/wp\/v2\/product\/14153","targetHints":{"allow":["GET"]}}],"collection":[{"href":"https:\/\/rutana.lt\/en\/wp-json\/wp\/v2\/product"}],"about":[{"href":"https:\/\/rutana.lt\/en\/wp-json\/wp\/v2\/types\/product"}],"replies":[{"embeddable":true,"href":"https:\/\/rutana.lt\/en\/wp-json\/wp\/v2\/comments?post=14153"}],"version-history":[{"count":3,"href":"https:\/\/rutana.lt\/en\/wp-json\/wp\/v2\/product\/14153\/revisions"}],"predecessor-version":[{"id":34124,"href":"https:\/\/rutana.lt\/en\/wp-json\/wp\/v2\/product\/14153\/revisions\/34124"}],"wp:featuredmedia":[{"embeddable":true,"href":"https:\/\/rutana.lt\/en\/wp-json\/wp\/v2\/media\/28332"}],"wp:attachment":[{"href":"https:\/\/rutana.lt\/en\/wp-json\/wp\/v2\/media?parent=14153"}],"wp:term":[{"taxonomy":"product_brand","embeddable":true,"href":"https:\/\/rutana.lt\/en\/wp-json\/wp\/v2\/product_brand?post=14153"},{"taxonomy":"product_cat","embeddable":true,"href":"https:\/\/rutana.lt\/en\/wp-json\/wp\/v2\/product_cat?post=14153"},{"taxonomy":"product_tag","embeddable":true,"href":"https:\/\/rutana.lt\/en\/wp-json\/wp\/v2\/product_tag?post=14153"}],"curies":[{"name":"wp","href":"https:\/\/api.w.org\/{rel}","templated":true}]}}