{"id":14090,"date":"2025-09-03T09:32:11","date_gmt":"2025-09-03T07:32:11","guid":{"rendered":"https:\/\/rutana.webdemo.lt\/?post_type=product&#038;p=14090"},"modified":"2025-10-13T15:45:59","modified_gmt":"2025-10-13T13:45:59","slug":"maiselis-dovanoms-230x320x100mm-vars-pilkas-hd-92886-123","status":"publish","type":"product","link":"https:\/\/rutana.lt\/en\/product\/maiselis-dovanoms-230x320x100mm-vars-pilkas-hd-92886-123\/","title":{"rendered":"Mai\u0161elis dovanoms 230x320x100mm &#8222;Vars&#8221; pilkas HD 92886-123"},"content":{"rendered":"<p>Mai\u0161elis i\u0161 dengto popieriaus su blizgia plastifikacija. Pagamintas i\u0161 kartoninio pagrindo, su kortele u\u017era\u0161ui. Skirtas dovan\u0173 \u012fteikimui ar gra\u017eiam \u012fpakavimui. <\/p>\n<p style=\"margin-bottom: 10px;\">Ant mai\u0161elio kortel\u0117s galima u\u017ed\u0117ti reklamin\u012f \u012fmon\u0117s logotip\u0105 ar kitok\u012f u\u017era\u0161\u0105 j\u016bs\u0173 pasirinktu b\u016bdu. Kaina nurodyta tik mai\u0161elio, be u\u017era\u0161o. U\u017era\u0161o kaina priklauso nuo u\u017esakomo kiekio ir u\u017ed\u0117jimo b\u016bdo.<\/p>\n<p style=\"margin-bottom: 10px;\">Spalva: pilka<\/p>\n<p style=\"margin-bottom: 10px;\">Mai\u0161elio matmenys: 230 x 320 x 100 mm<\/p>\n<p style=\"margin-bottom: 10px;\">Ranken\u0117l\u0117s matmenys: \u00f86 x 300 mm<\/p>\n<p style=\"margin-bottom: 10px;\">Mai\u0161elio storis: 170 g \/ m <span style=\"vertical-align: super;\">2<\/span><\/p>\n<p style=\"margin-bottom: 10px;\"><span style=\"vertical-align: super;\">Mai\u0161elio dekoracija: Kal\u0117din\u0117<\/span><\/p>\n<p style=\"margin-bottom: 10px;\">U\u017era\u0161o u\u017ed\u0117jimo galimi b\u016bdai: \u0161ilkografija<\/p>\n<p style=\"margin-bottom: 10px;\"><span style=\"vertical-align: super;\"><\/span><\/p>\n<p style=\"margin-bottom: 10px;\">U\u017era\u0161o u\u017ed\u0117jimo galimos vietos: kortel\u0117 u\u017era\u0161ui<\/p>","protected":false},"excerpt":{"rendered":"<p>Mai\u0161elis i\u0161 dengto popieriaus su blizgia plastifikacija. Pagamintas i\u0161 kartoninio pagrindo, su kortele u\u017era\u0161ui. Skirtas dovan\u0173 \u012fteikimui ar gra\u017eiam \u012fpakavimui. Ant mai\u0161elio kortel\u0117s galima u\u017ed\u0117ti reklamin\u012f \u012fmon\u0117s logotip\u0105 ar kitok\u012f u\u017era\u0161\u0105 j\u016bs\u0173 pasirinktu b\u016bdu. Kaina nurodyta tik mai\u0161elio, be u\u017era\u0161o. U\u017era\u0161o kaina priklauso nuo u\u017esakomo kiekio ir u\u017ed\u0117jimo b\u016bdo. Spalva: pilka Mai\u0161elio matmenys: 230 x [&hellip;]<\/p>","protected":false},"featured_media":28315,"comment_status":"open","ping_status":"closed","template":"","meta":{"_season_start":"","_season_end":"","_season_days":"","_season_months":"","_season_auto_visibility":""},"product_brand":[868],"product_cat":[1723],"product_tag":[],"class_list":{"0":"post-14090","1":"product","2":"type-product","3":"status-publish","4":"has-post-thumbnail","6":"product_brand-hd","7":"product_cat-dovanu-maiseliai","9":"first","10":"instock","11":"taxable","12":"shipping-taxable","13":"purchasable","14":"product-type-simple"},"yoast_head":"<!-- This site is optimized with the Yoast SEO plugin v27.4 - https:\/\/yoast.com\/product\/yoast-seo-wordpress\/ -->\n<title>Mai\u0161elis dovanoms 230x320x100mm &quot;Vars&quot; pilkas HD 92886-123 - Rutana - Ra\u0161tin\u0117s reikmenys<\/title>\n<meta name=\"robots\" content=\"index, follow, max-snippet:-1, max-image-preview:large, max-video-preview:-1\" \/>\n<link rel=\"canonical\" href=\"https:\/\/rutana.lt\/en\/product\/maiselis-dovanoms-230x320x100mm-vars-pilkas-hd-92886-123\/\" \/>\n<meta property=\"og:locale\" content=\"en_US\" \/>\n<meta property=\"og:type\" content=\"article\" \/>\n<meta property=\"og:title\" content=\"Mai\u0161elis dovanoms 230x320x100mm &quot;Vars&quot; pilkas HD 92886-123 - Rutana - Ra\u0161tin\u0117s reikmenys\" \/>\n<meta property=\"og:description\" content=\"Mai\u0161elis i\u0161 dengto popieriaus su blizgia plastifikacija. Pagamintas i\u0161 kartoninio pagrindo, su kortele u\u017era\u0161ui. Skirtas dovan\u0173 \u012fteikimui ar gra\u017eiam \u012fpakavimui. Ant mai\u0161elio kortel\u0117s galima u\u017ed\u0117ti reklamin\u012f \u012fmon\u0117s logotip\u0105 ar kitok\u012f u\u017era\u0161\u0105 j\u016bs\u0173 pasirinktu b\u016bdu. Kaina nurodyta tik mai\u0161elio, be u\u017era\u0161o. U\u017era\u0161o kaina priklauso nuo u\u017esakomo kiekio ir u\u017ed\u0117jimo b\u016bdo. Spalva: pilka Mai\u0161elio matmenys: 230 x [&hellip;]\" \/>\n<meta property=\"og:url\" content=\"https:\/\/rutana.lt\/en\/product\/maiselis-dovanoms-230x320x100mm-vars-pilkas-hd-92886-123\/\" \/>\n<meta property=\"og:site_name\" content=\"Rutana - Ra\u0161tin\u0117s reikmenys\" \/>\n<meta property=\"article:publisher\" content=\"https:\/\/www.facebook.com\/RutanaKanceliarinesPrekes\/\" \/>\n<meta property=\"article:modified_time\" content=\"2025-10-13T13:45:59+00:00\" \/>\n<meta property=\"og:image\" content=\"https:\/\/rutana.lt\/wp-content\/uploads\/2025\/09\/A091-023.jpg\" \/>\n\t<meta property=\"og:image:width\" content=\"600\" \/>\n\t<meta property=\"og:image:height\" content=\"600\" \/>\n\t<meta property=\"og:image:type\" content=\"image\/jpeg\" \/>\n<meta name=\"twitter:card\" content=\"summary_large_image\" \/>\n<meta name=\"twitter:label1\" content=\"Est. reading time\" \/>\n\t<meta name=\"twitter:data1\" content=\"1 minute\" \/>\n<script type=\"application\/ld+json\" class=\"yoast-schema-graph\">{\"@context\":\"https:\\\/\\\/schema.org\",\"@graph\":[{\"@type\":\"WebPage\",\"@id\":\"https:\\\/\\\/rutana.lt\\\/produktas\\\/maiselis-dovanoms-230x320x100mm-vars-pilkas-hd-92886-123\\\/\",\"url\":\"https:\\\/\\\/rutana.lt\\\/produktas\\\/maiselis-dovanoms-230x320x100mm-vars-pilkas-hd-92886-123\\\/\",\"name\":\"Mai\u0161elis dovanoms 230x320x100mm \\\"Vars\\\" pilkas HD 92886-123 - Rutana - Ra\u0161tin\u0117s reikmenys\",\"isPartOf\":{\"@id\":\"https:\\\/\\\/rutana.lt\\\/#website\"},\"primaryImageOfPage\":{\"@id\":\"https:\\\/\\\/rutana.lt\\\/produktas\\\/maiselis-dovanoms-230x320x100mm-vars-pilkas-hd-92886-123\\\/#primaryimage\"},\"image\":{\"@id\":\"https:\\\/\\\/rutana.lt\\\/produktas\\\/maiselis-dovanoms-230x320x100mm-vars-pilkas-hd-92886-123\\\/#primaryimage\"},\"thumbnailUrl\":\"https:\\\/\\\/rutana.lt\\\/wp-content\\\/uploads\\\/2025\\\/09\\\/A091-023-2.jpg?v=1763618869\",\"datePublished\":\"2025-09-03T07:32:11+00:00\",\"dateModified\":\"2025-10-13T13:45:59+00:00\",\"breadcrumb\":{\"@id\":\"https:\\\/\\\/rutana.lt\\\/produktas\\\/maiselis-dovanoms-230x320x100mm-vars-pilkas-hd-92886-123\\\/#breadcrumb\"},\"inLanguage\":\"en-US\",\"potentialAction\":[{\"@type\":\"ReadAction\",\"target\":[\"https:\\\/\\\/rutana.lt\\\/produktas\\\/maiselis-dovanoms-230x320x100mm-vars-pilkas-hd-92886-123\\\/\"]}]},{\"@type\":\"ImageObject\",\"inLanguage\":\"en-US\",\"@id\":\"https:\\\/\\\/rutana.lt\\\/produktas\\\/maiselis-dovanoms-230x320x100mm-vars-pilkas-hd-92886-123\\\/#primaryimage\",\"url\":\"https:\\\/\\\/rutana.lt\\\/wp-content\\\/uploads\\\/2025\\\/09\\\/A091-023-2.jpg?v=1763618869\",\"contentUrl\":\"https:\\\/\\\/rutana.lt\\\/wp-content\\\/uploads\\\/2025\\\/09\\\/A091-023-2.jpg?v=1763618869\",\"width\":600,\"height\":600},{\"@type\":\"BreadcrumbList\",\"@id\":\"https:\\\/\\\/rutana.lt\\\/produktas\\\/maiselis-dovanoms-230x320x100mm-vars-pilkas-hd-92886-123\\\/#breadcrumb\",\"itemListElement\":[{\"@type\":\"ListItem\",\"position\":1,\"name\":\"Home\",\"item\":\"https:\\\/\\\/rutana.lt\\\/\"},{\"@type\":\"ListItem\",\"position\":2,\"name\":\"Parduotuv\u0117\",\"item\":\"https:\\\/\\\/rutana.lt\\\/parduotuve\\\/\"},{\"@type\":\"ListItem\",\"position\":3,\"name\":\"Mai\u0161elis dovanoms 230x320x100mm &#8222;Vars&#8221; pilkas HD 92886-123\"}]},{\"@type\":\"WebSite\",\"@id\":\"https:\\\/\\\/rutana.lt\\\/#website\",\"url\":\"https:\\\/\\\/rutana.lt\\\/\",\"name\":\"Rutana - Ra\u0161tin\u0117s reikmenys\",\"description\":\"Prekiaujame pasaulin\u0117je rinkoje pripa\u017eintomis, kokybi\u0161komis biuro prek\u0117mis toki\u0173  gamintoj\u0173 kaip: Schneider, Esselte, Novus, 3M, Faber-Castell, Citizen, Milan, Leitz, Colop, Zebra, Staedtler, Durable, Tork, Parker, Waterman ir kt.\",\"publisher\":{\"@id\":\"https:\\\/\\\/rutana.lt\\\/#organization\"},\"potentialAction\":[{\"@type\":\"SearchAction\",\"target\":{\"@type\":\"EntryPoint\",\"urlTemplate\":\"https:\\\/\\\/rutana.lt\\\/?s={search_term_string}\"},\"query-input\":{\"@type\":\"PropertyValueSpecification\",\"valueRequired\":true,\"valueName\":\"search_term_string\"}}],\"inLanguage\":\"en-US\"},{\"@type\":\"Organization\",\"@id\":\"https:\\\/\\\/rutana.lt\\\/#organization\",\"name\":\"Rutana - Ra\u0161tin\u0117s reikmenys\",\"url\":\"https:\\\/\\\/rutana.lt\\\/\",\"logo\":{\"@type\":\"ImageObject\",\"inLanguage\":\"en-US\",\"@id\":\"https:\\\/\\\/rutana.lt\\\/#\\\/schema\\\/logo\\\/image\\\/\",\"url\":\"https:\\\/\\\/rutana.lt\\\/wp-content\\\/uploads\\\/2025\\\/10\\\/Asset-32.png\",\"contentUrl\":\"https:\\\/\\\/rutana.lt\\\/wp-content\\\/uploads\\\/2025\\\/10\\\/Asset-32.png\",\"width\":433,\"height\":119,\"caption\":\"Rutana - Ra\u0161tin\u0117s reikmenys\"},\"image\":{\"@id\":\"https:\\\/\\\/rutana.lt\\\/#\\\/schema\\\/logo\\\/image\\\/\"},\"sameAs\":[\"https:\\\/\\\/www.facebook.com\\\/RutanaKanceliarinesPrekes\\\/\"]}]}<\/script>\n<!-- \/ Yoast SEO plugin. -->","yoast_head_json":{"title":"Mai\u0161elis dovanoms 230x320x100mm \"Vars\" pilkas HD 92886-123 - Rutana - Ra\u0161tin\u0117s reikmenys","robots":{"index":"index","follow":"follow","max-snippet":"max-snippet:-1","max-image-preview":"max-image-preview:large","max-video-preview":"max-video-preview:-1"},"canonical":"https:\/\/rutana.lt\/en\/product\/maiselis-dovanoms-230x320x100mm-vars-pilkas-hd-92886-123\/","og_locale":"en_US","og_type":"article","og_title":"Mai\u0161elis dovanoms 230x320x100mm \"Vars\" pilkas HD 92886-123 - Rutana - Ra\u0161tin\u0117s reikmenys","og_description":"Mai\u0161elis i\u0161 dengto popieriaus su blizgia plastifikacija. Pagamintas i\u0161 kartoninio pagrindo, su kortele u\u017era\u0161ui. Skirtas dovan\u0173 \u012fteikimui ar gra\u017eiam \u012fpakavimui. Ant mai\u0161elio kortel\u0117s galima u\u017ed\u0117ti reklamin\u012f \u012fmon\u0117s logotip\u0105 ar kitok\u012f u\u017era\u0161\u0105 j\u016bs\u0173 pasirinktu b\u016bdu. Kaina nurodyta tik mai\u0161elio, be u\u017era\u0161o. U\u017era\u0161o kaina priklauso nuo u\u017esakomo kiekio ir u\u017ed\u0117jimo b\u016bdo. Spalva: pilka Mai\u0161elio matmenys: 230 x [&hellip;]","og_url":"https:\/\/rutana.lt\/en\/product\/maiselis-dovanoms-230x320x100mm-vars-pilkas-hd-92886-123\/","og_site_name":"Rutana - Ra\u0161tin\u0117s reikmenys","article_publisher":"https:\/\/www.facebook.com\/RutanaKanceliarinesPrekes\/","article_modified_time":"2025-10-13T13:45:59+00:00","og_image":[{"width":600,"height":600,"url":"https:\/\/rutana.lt\/wp-content\/uploads\/2025\/09\/A091-023.jpg","type":"image\/jpeg"}],"twitter_card":"summary_large_image","twitter_misc":{"Est. reading time":"1 minute"},"schema":{"@context":"https:\/\/schema.org","@graph":[{"@type":"WebPage","@id":"https:\/\/rutana.lt\/produktas\/maiselis-dovanoms-230x320x100mm-vars-pilkas-hd-92886-123\/","url":"https:\/\/rutana.lt\/produktas\/maiselis-dovanoms-230x320x100mm-vars-pilkas-hd-92886-123\/","name":"Mai\u0161elis dovanoms 230x320x100mm \"Vars\" pilkas HD 92886-123 - Rutana - Ra\u0161tin\u0117s reikmenys","isPartOf":{"@id":"https:\/\/rutana.lt\/#website"},"primaryImageOfPage":{"@id":"https:\/\/rutana.lt\/produktas\/maiselis-dovanoms-230x320x100mm-vars-pilkas-hd-92886-123\/#primaryimage"},"image":{"@id":"https:\/\/rutana.lt\/produktas\/maiselis-dovanoms-230x320x100mm-vars-pilkas-hd-92886-123\/#primaryimage"},"thumbnailUrl":"https:\/\/rutana.lt\/wp-content\/uploads\/2025\/09\/A091-023-2.jpg?v=1763618869","datePublished":"2025-09-03T07:32:11+00:00","dateModified":"2025-10-13T13:45:59+00:00","breadcrumb":{"@id":"https:\/\/rutana.lt\/produktas\/maiselis-dovanoms-230x320x100mm-vars-pilkas-hd-92886-123\/#breadcrumb"},"inLanguage":"en-US","potentialAction":[{"@type":"ReadAction","target":["https:\/\/rutana.lt\/produktas\/maiselis-dovanoms-230x320x100mm-vars-pilkas-hd-92886-123\/"]}]},{"@type":"ImageObject","inLanguage":"en-US","@id":"https:\/\/rutana.lt\/produktas\/maiselis-dovanoms-230x320x100mm-vars-pilkas-hd-92886-123\/#primaryimage","url":"https:\/\/rutana.lt\/wp-content\/uploads\/2025\/09\/A091-023-2.jpg?v=1763618869","contentUrl":"https:\/\/rutana.lt\/wp-content\/uploads\/2025\/09\/A091-023-2.jpg?v=1763618869","width":600,"height":600},{"@type":"BreadcrumbList","@id":"https:\/\/rutana.lt\/produktas\/maiselis-dovanoms-230x320x100mm-vars-pilkas-hd-92886-123\/#breadcrumb","itemListElement":[{"@type":"ListItem","position":1,"name":"Home","item":"https:\/\/rutana.lt\/"},{"@type":"ListItem","position":2,"name":"Parduotuv\u0117","item":"https:\/\/rutana.lt\/parduotuve\/"},{"@type":"ListItem","position":3,"name":"Mai\u0161elis dovanoms 230x320x100mm &#8222;Vars&#8221; pilkas HD 92886-123"}]},{"@type":"WebSite","@id":"https:\/\/rutana.lt\/#website","url":"https:\/\/rutana.lt\/","name":"Rutana - Ra\u0161tin\u0117s reikmenys","description":"Prekiaujame pasaulin\u0117je rinkoje pripa\u017eintomis, kokybi\u0161komis biuro prek\u0117mis toki\u0173  gamintoj\u0173 kaip: Schneider, Esselte, Novus, 3M, Faber-Castell, Citizen, Milan, Leitz, Colop, Zebra, Staedtler, Durable, Tork, Parker, Waterman ir kt.","publisher":{"@id":"https:\/\/rutana.lt\/#organization"},"potentialAction":[{"@type":"SearchAction","target":{"@type":"EntryPoint","urlTemplate":"https:\/\/rutana.lt\/?s={search_term_string}"},"query-input":{"@type":"PropertyValueSpecification","valueRequired":true,"valueName":"search_term_string"}}],"inLanguage":"en-US"},{"@type":"Organization","@id":"https:\/\/rutana.lt\/#organization","name":"Rutana - Ra\u0161tin\u0117s reikmenys","url":"https:\/\/rutana.lt\/","logo":{"@type":"ImageObject","inLanguage":"en-US","@id":"https:\/\/rutana.lt\/#\/schema\/logo\/image\/","url":"https:\/\/rutana.lt\/wp-content\/uploads\/2025\/10\/Asset-32.png","contentUrl":"https:\/\/rutana.lt\/wp-content\/uploads\/2025\/10\/Asset-32.png","width":433,"height":119,"caption":"Rutana - Ra\u0161tin\u0117s reikmenys"},"image":{"@id":"https:\/\/rutana.lt\/#\/schema\/logo\/image\/"},"sameAs":["https:\/\/www.facebook.com\/RutanaKanceliarinesPrekes\/"]}]}},"_links":{"self":[{"href":"https:\/\/rutana.lt\/en\/wp-json\/wp\/v2\/product\/14090","targetHints":{"allow":["GET"]}}],"collection":[{"href":"https:\/\/rutana.lt\/en\/wp-json\/wp\/v2\/product"}],"about":[{"href":"https:\/\/rutana.lt\/en\/wp-json\/wp\/v2\/types\/product"}],"replies":[{"embeddable":true,"href":"https:\/\/rutana.lt\/en\/wp-json\/wp\/v2\/comments?post=14090"}],"version-history":[{"count":1,"href":"https:\/\/rutana.lt\/en\/wp-json\/wp\/v2\/product\/14090\/revisions"}],"predecessor-version":[{"id":14136,"href":"https:\/\/rutana.lt\/en\/wp-json\/wp\/v2\/product\/14090\/revisions\/14136"}],"wp:featuredmedia":[{"embeddable":true,"href":"https:\/\/rutana.lt\/en\/wp-json\/wp\/v2\/media\/28315"}],"wp:attachment":[{"href":"https:\/\/rutana.lt\/en\/wp-json\/wp\/v2\/media?parent=14090"}],"wp:term":[{"taxonomy":"product_brand","embeddable":true,"href":"https:\/\/rutana.lt\/en\/wp-json\/wp\/v2\/product_brand?post=14090"},{"taxonomy":"product_cat","embeddable":true,"href":"https:\/\/rutana.lt\/en\/wp-json\/wp\/v2\/product_cat?post=14090"},{"taxonomy":"product_tag","embeddable":true,"href":"https:\/\/rutana.lt\/en\/wp-json\/wp\/v2\/product_tag?post=14090"}],"curies":[{"name":"wp","href":"https:\/\/api.w.org\/{rel}","templated":true}]}}