{"id":13939,"date":"2025-09-03T09:31:25","date_gmt":"2025-09-03T07:31:25","guid":{"rendered":"https:\/\/rutana.webdemo.lt\/?post_type=product&#038;p=13939"},"modified":"2026-05-14T00:08:28","modified_gmt":"2026-05-13T22:08:28","slug":"vamzdynu-kamsciu-salinimo-priemone-sinkdrain-5000-ml-evans-a003","status":"publish","type":"product","link":"https:\/\/rutana.lt\/en\/product\/vamzdynu-kamsciu-salinimo-priemone-sinkdrain-5000-ml-evans-a003\/","title":{"rendered":"Vamzdyn\u0173 kam\u0161\u010di\u0173 \u0161alinimo priemon\u0117 &#8222;Sink&#038;Drain&#8221; 5000 ml Evans A003"},"content":{"rendered":"<p>Priemon\u0117 specialiai sukurta kam\u0161\u010diams ir ter\u0161alams pa\u0161alinti i\u0161 nutekam\u0173j\u0173 vamzd\u017ei\u0173, pa\u0161alina vis\u0173 tip\u0173 organines ir neorganines nuos\u0117das. Stiprus, didelio aktyvumo skystis i\u0161valantis riebal\u0173 ir maisto liku\u010dius i\u0161 kanalizacijos vamzd\u017ei\u0173, trap\u0173, \u0161iuk\u0161li\u0173 i\u0161metimo vamzd\u017ei\u0173. Veikia greitai ir efektyviai, padeda i\u0161vengti u\u017esikim\u0161im\u0173, blogo kvapo. Tinka virtuvei, vonios kambariui. Bekvapis, tinka naudoti maisto apdorojimo vietose.<\/p>\n<p>Talpa: 5000 ml<\/p>\n<p>Tara: PET<\/p>\n<p>pH 13.7<\/p>\n<p>Kilm\u0117s \u0161alis: Did\u017eioji Britanija<\/p>","protected":false},"excerpt":{"rendered":"<p>Priemon\u0117 specialiai sukurta kam\u0161\u010diams ir ter\u0161alams pa\u0161alinti i\u0161 nutekam\u0173j\u0173 vamzd\u017ei\u0173, pa\u0161alina vis\u0173 tip\u0173 organines ir neorganines nuos\u0117das.<\/p>","protected":false},"featured_media":28260,"comment_status":"open","ping_status":"closed","template":"","meta":{"_season_start":"","_season_end":"","_season_days":"","_season_months":"","_season_auto_visibility":"1"},"product_brand":[620],"product_cat":[1686],"product_tag":[],"class_list":{"0":"post-13939","1":"product","2":"type-product","3":"status-publish","4":"has-post-thumbnail","6":"product_brand-evans","7":"product_cat-kiti-valikliai-ir-plovikliai","9":"first","10":"instock","11":"taxable","12":"shipping-taxable","13":"purchasable","14":"product-type-simple"},"yoast_head":"<!-- This site is optimized with the Yoast SEO plugin v27.4 - https:\/\/yoast.com\/product\/yoast-seo-wordpress\/ -->\n<title>Vamzdyn\u0173 kam\u0161\u010di\u0173 \u0161alinimo priemon\u0117 &quot;Sink&amp;Drain&quot; 5000 ml Evans A003 - Rutana - Ra\u0161tin\u0117s reikmenys<\/title>\n<meta name=\"robots\" content=\"index, follow, max-snippet:-1, max-image-preview:large, max-video-preview:-1\" \/>\n<link rel=\"canonical\" href=\"https:\/\/rutana.lt\/en\/product\/vamzdynu-kamsciu-salinimo-priemone-sinkdrain-5000-ml-evans-a003\/\" \/>\n<meta property=\"og:locale\" content=\"en_US\" \/>\n<meta property=\"og:type\" content=\"article\" \/>\n<meta property=\"og:title\" content=\"Vamzdyn\u0173 kam\u0161\u010di\u0173 \u0161alinimo priemon\u0117 &quot;Sink&amp;Drain&quot; 5000 ml Evans A003 - Rutana - Ra\u0161tin\u0117s reikmenys\" \/>\n<meta property=\"og:description\" content=\"Priemon\u0117 specialiai sukurta kam\u0161\u010diams ir ter\u0161alams pa\u0161alinti i\u0161 nutekam\u0173j\u0173 vamzd\u017ei\u0173, pa\u0161alina vis\u0173 tip\u0173 organines ir neorganines nuos\u0117das.\" \/>\n<meta property=\"og:url\" content=\"https:\/\/rutana.lt\/en\/product\/vamzdynu-kamsciu-salinimo-priemone-sinkdrain-5000-ml-evans-a003\/\" \/>\n<meta property=\"og:site_name\" content=\"Rutana - Ra\u0161tin\u0117s reikmenys\" \/>\n<meta property=\"article:publisher\" content=\"https:\/\/www.facebook.com\/RutanaKanceliarinesPrekes\/\" \/>\n<meta property=\"article:modified_time\" content=\"2026-05-13T22:08:28+00:00\" \/>\n<meta property=\"og:image\" content=\"https:\/\/rutana.lt\/wp-content\/uploads\/2025\/09\/B095-082N-1.jpg?v=1763618942\" \/>\n\t<meta property=\"og:image:width\" content=\"1000\" \/>\n\t<meta property=\"og:image:height\" content=\"1000\" \/>\n\t<meta property=\"og:image:type\" content=\"image\/jpeg\" \/>\n<meta name=\"twitter:card\" content=\"summary_large_image\" \/>\n<meta name=\"twitter:label1\" content=\"Est. reading time\" \/>\n\t<meta name=\"twitter:data1\" content=\"1 minute\" \/>\n<script type=\"application\/ld+json\" class=\"yoast-schema-graph\">{\"@context\":\"https:\\\/\\\/schema.org\",\"@graph\":[{\"@type\":\"WebPage\",\"@id\":\"https:\\\/\\\/rutana.lt\\\/produktas\\\/vamzdynu-kamsciu-salinimo-priemone-sinkdrain-5000-ml-evans-a003\\\/\",\"url\":\"https:\\\/\\\/rutana.lt\\\/produktas\\\/vamzdynu-kamsciu-salinimo-priemone-sinkdrain-5000-ml-evans-a003\\\/\",\"name\":\"Vamzdyn\u0173 kam\u0161\u010di\u0173 \u0161alinimo priemon\u0117 \\\"Sink&Drain\\\" 5000 ml Evans A003 - Rutana - Ra\u0161tin\u0117s reikmenys\",\"isPartOf\":{\"@id\":\"https:\\\/\\\/rutana.lt\\\/#website\"},\"primaryImageOfPage\":{\"@id\":\"https:\\\/\\\/rutana.lt\\\/produktas\\\/vamzdynu-kamsciu-salinimo-priemone-sinkdrain-5000-ml-evans-a003\\\/#primaryimage\"},\"image\":{\"@id\":\"https:\\\/\\\/rutana.lt\\\/produktas\\\/vamzdynu-kamsciu-salinimo-priemone-sinkdrain-5000-ml-evans-a003\\\/#primaryimage\"},\"thumbnailUrl\":\"https:\\\/\\\/rutana.lt\\\/wp-content\\\/uploads\\\/2025\\\/09\\\/B095-082N-1.jpg?v=1763618942\",\"datePublished\":\"2025-09-03T07:31:25+00:00\",\"dateModified\":\"2026-05-13T22:08:28+00:00\",\"breadcrumb\":{\"@id\":\"https:\\\/\\\/rutana.lt\\\/produktas\\\/vamzdynu-kamsciu-salinimo-priemone-sinkdrain-5000-ml-evans-a003\\\/#breadcrumb\"},\"inLanguage\":\"en-US\",\"potentialAction\":[{\"@type\":\"ReadAction\",\"target\":[\"https:\\\/\\\/rutana.lt\\\/produktas\\\/vamzdynu-kamsciu-salinimo-priemone-sinkdrain-5000-ml-evans-a003\\\/\"]}]},{\"@type\":\"ImageObject\",\"inLanguage\":\"en-US\",\"@id\":\"https:\\\/\\\/rutana.lt\\\/produktas\\\/vamzdynu-kamsciu-salinimo-priemone-sinkdrain-5000-ml-evans-a003\\\/#primaryimage\",\"url\":\"https:\\\/\\\/rutana.lt\\\/wp-content\\\/uploads\\\/2025\\\/09\\\/B095-082N-1.jpg?v=1763618942\",\"contentUrl\":\"https:\\\/\\\/rutana.lt\\\/wp-content\\\/uploads\\\/2025\\\/09\\\/B095-082N-1.jpg?v=1763618942\",\"width\":1000,\"height\":1000},{\"@type\":\"BreadcrumbList\",\"@id\":\"https:\\\/\\\/rutana.lt\\\/produktas\\\/vamzdynu-kamsciu-salinimo-priemone-sinkdrain-5000-ml-evans-a003\\\/#breadcrumb\",\"itemListElement\":[{\"@type\":\"ListItem\",\"position\":1,\"name\":\"Home\",\"item\":\"https:\\\/\\\/rutana.lt\\\/\"},{\"@type\":\"ListItem\",\"position\":2,\"name\":\"Parduotuv\u0117\",\"item\":\"https:\\\/\\\/rutana.lt\\\/parduotuve\\\/\"},{\"@type\":\"ListItem\",\"position\":3,\"name\":\"Vamzdyn\u0173 kam\u0161\u010di\u0173 \u0161alinimo priemon\u0117 &#8222;Sink&#038;Drain&#8221; 5000 ml Evans A003\"}]},{\"@type\":\"WebSite\",\"@id\":\"https:\\\/\\\/rutana.lt\\\/#website\",\"url\":\"https:\\\/\\\/rutana.lt\\\/\",\"name\":\"Rutana - Ra\u0161tin\u0117s reikmenys\",\"description\":\"Prekiaujame pasaulin\u0117je rinkoje pripa\u017eintomis, kokybi\u0161komis biuro prek\u0117mis toki\u0173  gamintoj\u0173 kaip: Schneider, Esselte, Novus, 3M, Faber-Castell, Citizen, Milan, Leitz, Colop, Zebra, Staedtler, Durable, Tork, Parker, Waterman ir kt.\",\"publisher\":{\"@id\":\"https:\\\/\\\/rutana.lt\\\/#organization\"},\"potentialAction\":[{\"@type\":\"SearchAction\",\"target\":{\"@type\":\"EntryPoint\",\"urlTemplate\":\"https:\\\/\\\/rutana.lt\\\/?s={search_term_string}\"},\"query-input\":{\"@type\":\"PropertyValueSpecification\",\"valueRequired\":true,\"valueName\":\"search_term_string\"}}],\"inLanguage\":\"en-US\"},{\"@type\":\"Organization\",\"@id\":\"https:\\\/\\\/rutana.lt\\\/#organization\",\"name\":\"Rutana - Ra\u0161tin\u0117s reikmenys\",\"url\":\"https:\\\/\\\/rutana.lt\\\/\",\"logo\":{\"@type\":\"ImageObject\",\"inLanguage\":\"en-US\",\"@id\":\"https:\\\/\\\/rutana.lt\\\/#\\\/schema\\\/logo\\\/image\\\/\",\"url\":\"https:\\\/\\\/rutana.lt\\\/wp-content\\\/uploads\\\/2025\\\/10\\\/Asset-32.png\",\"contentUrl\":\"https:\\\/\\\/rutana.lt\\\/wp-content\\\/uploads\\\/2025\\\/10\\\/Asset-32.png\",\"width\":433,\"height\":119,\"caption\":\"Rutana - Ra\u0161tin\u0117s reikmenys\"},\"image\":{\"@id\":\"https:\\\/\\\/rutana.lt\\\/#\\\/schema\\\/logo\\\/image\\\/\"},\"sameAs\":[\"https:\\\/\\\/www.facebook.com\\\/RutanaKanceliarinesPrekes\\\/\"]}]}<\/script>\n<!-- \/ Yoast SEO plugin. -->","yoast_head_json":{"title":"Vamzdyn\u0173 kam\u0161\u010di\u0173 \u0161alinimo priemon\u0117 \"Sink&Drain\" 5000 ml Evans A003 - Rutana - Ra\u0161tin\u0117s reikmenys","robots":{"index":"index","follow":"follow","max-snippet":"max-snippet:-1","max-image-preview":"max-image-preview:large","max-video-preview":"max-video-preview:-1"},"canonical":"https:\/\/rutana.lt\/en\/product\/vamzdynu-kamsciu-salinimo-priemone-sinkdrain-5000-ml-evans-a003\/","og_locale":"en_US","og_type":"article","og_title":"Vamzdyn\u0173 kam\u0161\u010di\u0173 \u0161alinimo priemon\u0117 \"Sink&Drain\" 5000 ml Evans A003 - Rutana - Ra\u0161tin\u0117s reikmenys","og_description":"Priemon\u0117 specialiai sukurta kam\u0161\u010diams ir ter\u0161alams pa\u0161alinti i\u0161 nutekam\u0173j\u0173 vamzd\u017ei\u0173, pa\u0161alina vis\u0173 tip\u0173 organines ir neorganines nuos\u0117das.","og_url":"https:\/\/rutana.lt\/en\/product\/vamzdynu-kamsciu-salinimo-priemone-sinkdrain-5000-ml-evans-a003\/","og_site_name":"Rutana - Ra\u0161tin\u0117s reikmenys","article_publisher":"https:\/\/www.facebook.com\/RutanaKanceliarinesPrekes\/","article_modified_time":"2026-05-13T22:08:28+00:00","og_image":[{"width":1000,"height":1000,"url":"https:\/\/rutana.lt\/wp-content\/uploads\/2025\/09\/B095-082N-1.jpg?v=1763618942","type":"image\/jpeg"}],"twitter_card":"summary_large_image","twitter_misc":{"Est. reading time":"1 minute"},"schema":{"@context":"https:\/\/schema.org","@graph":[{"@type":"WebPage","@id":"https:\/\/rutana.lt\/produktas\/vamzdynu-kamsciu-salinimo-priemone-sinkdrain-5000-ml-evans-a003\/","url":"https:\/\/rutana.lt\/produktas\/vamzdynu-kamsciu-salinimo-priemone-sinkdrain-5000-ml-evans-a003\/","name":"Vamzdyn\u0173 kam\u0161\u010di\u0173 \u0161alinimo priemon\u0117 \"Sink&Drain\" 5000 ml Evans A003 - Rutana - Ra\u0161tin\u0117s reikmenys","isPartOf":{"@id":"https:\/\/rutana.lt\/#website"},"primaryImageOfPage":{"@id":"https:\/\/rutana.lt\/produktas\/vamzdynu-kamsciu-salinimo-priemone-sinkdrain-5000-ml-evans-a003\/#primaryimage"},"image":{"@id":"https:\/\/rutana.lt\/produktas\/vamzdynu-kamsciu-salinimo-priemone-sinkdrain-5000-ml-evans-a003\/#primaryimage"},"thumbnailUrl":"https:\/\/rutana.lt\/wp-content\/uploads\/2025\/09\/B095-082N-1.jpg?v=1763618942","datePublished":"2025-09-03T07:31:25+00:00","dateModified":"2026-05-13T22:08:28+00:00","breadcrumb":{"@id":"https:\/\/rutana.lt\/produktas\/vamzdynu-kamsciu-salinimo-priemone-sinkdrain-5000-ml-evans-a003\/#breadcrumb"},"inLanguage":"en-US","potentialAction":[{"@type":"ReadAction","target":["https:\/\/rutana.lt\/produktas\/vamzdynu-kamsciu-salinimo-priemone-sinkdrain-5000-ml-evans-a003\/"]}]},{"@type":"ImageObject","inLanguage":"en-US","@id":"https:\/\/rutana.lt\/produktas\/vamzdynu-kamsciu-salinimo-priemone-sinkdrain-5000-ml-evans-a003\/#primaryimage","url":"https:\/\/rutana.lt\/wp-content\/uploads\/2025\/09\/B095-082N-1.jpg?v=1763618942","contentUrl":"https:\/\/rutana.lt\/wp-content\/uploads\/2025\/09\/B095-082N-1.jpg?v=1763618942","width":1000,"height":1000},{"@type":"BreadcrumbList","@id":"https:\/\/rutana.lt\/produktas\/vamzdynu-kamsciu-salinimo-priemone-sinkdrain-5000-ml-evans-a003\/#breadcrumb","itemListElement":[{"@type":"ListItem","position":1,"name":"Home","item":"https:\/\/rutana.lt\/"},{"@type":"ListItem","position":2,"name":"Parduotuv\u0117","item":"https:\/\/rutana.lt\/parduotuve\/"},{"@type":"ListItem","position":3,"name":"Vamzdyn\u0173 kam\u0161\u010di\u0173 \u0161alinimo priemon\u0117 &#8222;Sink&#038;Drain&#8221; 5000 ml Evans A003"}]},{"@type":"WebSite","@id":"https:\/\/rutana.lt\/#website","url":"https:\/\/rutana.lt\/","name":"Rutana - Ra\u0161tin\u0117s reikmenys","description":"Prekiaujame pasaulin\u0117je rinkoje pripa\u017eintomis, kokybi\u0161komis biuro prek\u0117mis toki\u0173  gamintoj\u0173 kaip: Schneider, Esselte, Novus, 3M, Faber-Castell, Citizen, Milan, Leitz, Colop, Zebra, Staedtler, Durable, Tork, Parker, Waterman ir kt.","publisher":{"@id":"https:\/\/rutana.lt\/#organization"},"potentialAction":[{"@type":"SearchAction","target":{"@type":"EntryPoint","urlTemplate":"https:\/\/rutana.lt\/?s={search_term_string}"},"query-input":{"@type":"PropertyValueSpecification","valueRequired":true,"valueName":"search_term_string"}}],"inLanguage":"en-US"},{"@type":"Organization","@id":"https:\/\/rutana.lt\/#organization","name":"Rutana - Ra\u0161tin\u0117s reikmenys","url":"https:\/\/rutana.lt\/","logo":{"@type":"ImageObject","inLanguage":"en-US","@id":"https:\/\/rutana.lt\/#\/schema\/logo\/image\/","url":"https:\/\/rutana.lt\/wp-content\/uploads\/2025\/10\/Asset-32.png","contentUrl":"https:\/\/rutana.lt\/wp-content\/uploads\/2025\/10\/Asset-32.png","width":433,"height":119,"caption":"Rutana - Ra\u0161tin\u0117s reikmenys"},"image":{"@id":"https:\/\/rutana.lt\/#\/schema\/logo\/image\/"},"sameAs":["https:\/\/www.facebook.com\/RutanaKanceliarinesPrekes\/"]}]}},"_links":{"self":[{"href":"https:\/\/rutana.lt\/en\/wp-json\/wp\/v2\/product\/13939","targetHints":{"allow":["GET"]}}],"collection":[{"href":"https:\/\/rutana.lt\/en\/wp-json\/wp\/v2\/product"}],"about":[{"href":"https:\/\/rutana.lt\/en\/wp-json\/wp\/v2\/types\/product"}],"replies":[{"embeddable":true,"href":"https:\/\/rutana.lt\/en\/wp-json\/wp\/v2\/comments?post=13939"}],"version-history":[{"count":2,"href":"https:\/\/rutana.lt\/en\/wp-json\/wp\/v2\/product\/13939\/revisions"}],"predecessor-version":[{"id":35654,"href":"https:\/\/rutana.lt\/en\/wp-json\/wp\/v2\/product\/13939\/revisions\/35654"}],"wp:featuredmedia":[{"embeddable":true,"href":"https:\/\/rutana.lt\/en\/wp-json\/wp\/v2\/media\/28260"}],"wp:attachment":[{"href":"https:\/\/rutana.lt\/en\/wp-json\/wp\/v2\/media?parent=13939"}],"wp:term":[{"taxonomy":"product_brand","embeddable":true,"href":"https:\/\/rutana.lt\/en\/wp-json\/wp\/v2\/product_brand?post=13939"},{"taxonomy":"product_cat","embeddable":true,"href":"https:\/\/rutana.lt\/en\/wp-json\/wp\/v2\/product_cat?post=13939"},{"taxonomy":"product_tag","embeddable":true,"href":"https:\/\/rutana.lt\/en\/wp-json\/wp\/v2\/product_tag?post=13939"}],"curies":[{"name":"wp","href":"https:\/\/api.w.org\/{rel}","templated":true}]}}