{"id":13884,"date":"2025-09-03T09:31:01","date_gmt":"2025-09-03T07:31:01","guid":{"rendered":"https:\/\/rutana.webdemo.lt\/?post_type=product&#038;p=13884"},"modified":"2025-10-13T15:45:34","modified_gmt":"2025-10-13T13:45:34","slug":"serdele-gelio-rasikliui-frixion-0-7-mm-melyna-pilot","status":"publish","type":"product","link":"https:\/\/rutana.lt\/en\/product\/serdele-gelio-rasikliui-frixion-0-7-mm-melyna-pilot\/","title":{"rendered":"\u0160erdel\u0117 gelio ra\u0161ikliui Frixion 0.7 mm m\u0117lyna Pilot"},"content":{"rendered":"<p style=\"margin-bottom: 10px; line-height: 1.8;\">\u0160erdel\u0117 pakeitimui Pilot Frixion trinamiems ra\u0161ikliams. Ra\u0161ykite &#8211; i\u0161trinkite &#8211; ir v\u0117l u\u017era\u0161ykite tuo pa\u010diu i\u0161stumiamu tu\u0161inuku i\u0161 Frixion serijos! \u0160variai i\u0161trina u\u017era\u0161\u0105, trinant ir sukeliant kar\u0161t\u012f specialiu Frixion trintuko gabaliuku, nepaliekant joki\u0173 \u017eymi\u0173. Naudojamas tas pats ra\u0161alas ra\u0161yti ir u\u017era\u0161yti ant i\u0161trintos vietos. Nenaudokite ra\u0161iklio para\u0161ams d\u0117ti, oficialiuose dokumentuose ir kituose dokumentuose, kur u\u017era\u0161ai turi b\u016bti nenutrinami ir ilgalaikiai. <br \/>Kaina nurodyta u\u017e 1 vnt.<br \/>\u0160erdel\u0117s galvut\u0117s storis: 0.7 mm ( medium )<br \/>Br\u0117\u017eiamos linijos storis: 0.35 mm <br \/>Ra\u0161alo spalva: m\u0117lyna<br \/>Kilm\u0117s \u0161alis: Japonija<\/p>\n<p style=\"margin-bottom: 10px;\"><\/p>\n<p><iframe src=\"\/\/www.youtube.com\/embed\/ZhPfqy30Ksk\" width=\"640\" height=\"360\" frameborder=\"0\"><\/iframe><\/p>\n<p style=\"margin-bottom: 10px;\"><\/p>\n<p><\/p>\n<p><\/p>\n<p><\/p>","protected":false},"excerpt":{"rendered":"<p>\u0160erdel\u0117 pakeitimui Pilot Frixion trinamiems ra\u0161ikliams. Ra\u0161ykite &#8211; i\u0161trinkite &#8211; ir v\u0117l u\u017era\u0161ykite tuo pa\u010diu i\u0161stumiamu tu\u0161inuku i\u0161 Frixion serijos! \u0160variai i\u0161trina u\u017era\u0161\u0105, trinant ir sukeliant kar\u0161t\u012f specialiu Frixion trintuko gabaliuku, nepaliekant joki\u0173 \u017eymi\u0173. Naudojamas tas pats ra\u0161alas ra\u0161yti ir u\u017era\u0161yti ant i\u0161trintos vietos. Nenaudokite ra\u0161iklio para\u0161ams d\u0117ti, oficialiuose dokumentuose ir kituose dokumentuose, kur u\u017era\u0161ai [&hellip;]<\/p>","protected":false},"featured_media":28249,"comment_status":"open","ping_status":"closed","template":"","meta":{"_season_start":"","_season_end":"","_season_days":"","_season_months":"","_season_auto_visibility":""},"product_brand":[204],"product_cat":[1858],"product_tag":[],"class_list":{"0":"post-13884","1":"product","2":"type-product","3":"status-publish","4":"has-post-thumbnail","6":"product_brand-pilot","7":"product_cat-serdeles-gelio-rasikliams","9":"first","10":"instock","11":"taxable","12":"shipping-taxable","13":"purchasable","14":"product-type-simple"},"yoast_head":"<!-- This site is optimized with the Yoast SEO plugin v26.1.1 - https:\/\/yoast.com\/wordpress\/plugins\/seo\/ -->\n<title>\u0160erdel\u0117 gelio ra\u0161ikliui Frixion 0.7 mm m\u0117lyna Pilot - Rutana - Ra\u0161tin\u0117s reikmenys<\/title>\n<meta name=\"robots\" content=\"index, follow, max-snippet:-1, max-image-preview:large, max-video-preview:-1\" \/>\n<link rel=\"canonical\" href=\"https:\/\/rutana.lt\/en\/product\/serdele-gelio-rasikliui-frixion-0-7-mm-melyna-pilot\/\" \/>\n<meta property=\"og:locale\" content=\"en_US\" \/>\n<meta property=\"og:type\" content=\"article\" \/>\n<meta property=\"og:title\" content=\"\u0160erdel\u0117 gelio ra\u0161ikliui Frixion 0.7 mm m\u0117lyna Pilot - Rutana - Ra\u0161tin\u0117s reikmenys\" \/>\n<meta property=\"og:description\" content=\"\u0160erdel\u0117 pakeitimui Pilot Frixion trinamiems ra\u0161ikliams. Ra\u0161ykite &#8211; i\u0161trinkite &#8211; ir v\u0117l u\u017era\u0161ykite tuo pa\u010diu i\u0161stumiamu tu\u0161inuku i\u0161 Frixion serijos! \u0160variai i\u0161trina u\u017era\u0161\u0105, trinant ir sukeliant kar\u0161t\u012f specialiu Frixion trintuko gabaliuku, nepaliekant joki\u0173 \u017eymi\u0173. Naudojamas tas pats ra\u0161alas ra\u0161yti ir u\u017era\u0161yti ant i\u0161trintos vietos. Nenaudokite ra\u0161iklio para\u0161ams d\u0117ti, oficialiuose dokumentuose ir kituose dokumentuose, kur u\u017era\u0161ai [&hellip;]\" \/>\n<meta property=\"og:url\" content=\"https:\/\/rutana.lt\/en\/product\/serdele-gelio-rasikliui-frixion-0-7-mm-melyna-pilot\/\" \/>\n<meta property=\"og:site_name\" content=\"Rutana - Ra\u0161tin\u0117s reikmenys\" \/>\n<meta property=\"article:publisher\" content=\"https:\/\/www.facebook.com\/RutanaKanceliarinesPrekes\/\" \/>\n<meta property=\"article:modified_time\" content=\"2025-10-13T13:45:34+00:00\" \/>\n<meta property=\"og:image\" content=\"https:\/\/rutana.lt\/wp-content\/uploads\/2025\/09\/C079-024.jpg\" \/>\n\t<meta property=\"og:image:width\" content=\"600\" \/>\n\t<meta property=\"og:image:height\" content=\"450\" \/>\n\t<meta property=\"og:image:type\" content=\"image\/jpeg\" \/>\n<meta name=\"twitter:card\" content=\"summary_large_image\" \/>\n<meta name=\"twitter:label1\" content=\"Est. reading time\" \/>\n\t<meta name=\"twitter:data1\" content=\"1 minute\" \/>\n<script type=\"application\/ld+json\" class=\"yoast-schema-graph\">{\"@context\":\"https:\/\/schema.org\",\"@graph\":[{\"@type\":\"WebPage\",\"@id\":\"https:\/\/rutana.lt\/produktas\/serdele-gelio-rasikliui-frixion-0-7-mm-melyna-pilot\/\",\"url\":\"https:\/\/rutana.lt\/produktas\/serdele-gelio-rasikliui-frixion-0-7-mm-melyna-pilot\/\",\"name\":\"\u0160erdel\u0117 gelio ra\u0161ikliui Frixion 0.7 mm m\u0117lyna Pilot - Rutana - Ra\u0161tin\u0117s reikmenys\",\"isPartOf\":{\"@id\":\"https:\/\/rutana.lt\/#website\"},\"primaryImageOfPage\":{\"@id\":\"https:\/\/rutana.lt\/produktas\/serdele-gelio-rasikliui-frixion-0-7-mm-melyna-pilot\/#primaryimage\"},\"image\":{\"@id\":\"https:\/\/rutana.lt\/produktas\/serdele-gelio-rasikliui-frixion-0-7-mm-melyna-pilot\/#primaryimage\"},\"thumbnailUrl\":\"https:\/\/rutana.lt\/wp-content\/uploads\/2025\/09\/C079-024-1.jpg?v=1763618955\",\"datePublished\":\"2025-09-03T07:31:01+00:00\",\"dateModified\":\"2025-10-13T13:45:34+00:00\",\"breadcrumb\":{\"@id\":\"https:\/\/rutana.lt\/produktas\/serdele-gelio-rasikliui-frixion-0-7-mm-melyna-pilot\/#breadcrumb\"},\"inLanguage\":\"en-US\",\"potentialAction\":[{\"@type\":\"ReadAction\",\"target\":[\"https:\/\/rutana.lt\/produktas\/serdele-gelio-rasikliui-frixion-0-7-mm-melyna-pilot\/\"]}]},{\"@type\":\"ImageObject\",\"inLanguage\":\"en-US\",\"@id\":\"https:\/\/rutana.lt\/produktas\/serdele-gelio-rasikliui-frixion-0-7-mm-melyna-pilot\/#primaryimage\",\"url\":\"https:\/\/rutana.lt\/wp-content\/uploads\/2025\/09\/C079-024-1.jpg?v=1763618955\",\"contentUrl\":\"https:\/\/rutana.lt\/wp-content\/uploads\/2025\/09\/C079-024-1.jpg?v=1763618955\",\"width\":600,\"height\":450},{\"@type\":\"BreadcrumbList\",\"@id\":\"https:\/\/rutana.lt\/produktas\/serdele-gelio-rasikliui-frixion-0-7-mm-melyna-pilot\/#breadcrumb\",\"itemListElement\":[{\"@type\":\"ListItem\",\"position\":1,\"name\":\"Home\",\"item\":\"https:\/\/rutana.lt\/\"},{\"@type\":\"ListItem\",\"position\":2,\"name\":\"Parduotuv\u0117\",\"item\":\"https:\/\/rutana.lt\/parduotuve\/\"},{\"@type\":\"ListItem\",\"position\":3,\"name\":\"\u0160erdel\u0117 gelio ra\u0161ikliui Frixion 0.7 mm m\u0117lyna Pilot\"}]},{\"@type\":\"WebSite\",\"@id\":\"https:\/\/rutana.lt\/#website\",\"url\":\"https:\/\/rutana.lt\/\",\"name\":\"Rutana - Ra\u0161tin\u0117s reikmenys\",\"description\":\"Prekiaujame pasaulin\u0117je rinkoje pripa\u017eintomis, kokybi\u0161komis biuro prek\u0117mis toki\u0173  gamintoj\u0173 kaip: Schneider, Esselte, Novus, 3M, Faber-Castell, Citizen, Milan, Leitz, Colop, Zebra, Staedtler, Durable, Tork, Parker, Waterman ir kt.\",\"publisher\":{\"@id\":\"https:\/\/rutana.lt\/#organization\"},\"potentialAction\":[{\"@type\":\"SearchAction\",\"target\":{\"@type\":\"EntryPoint\",\"urlTemplate\":\"https:\/\/rutana.lt\/?s={search_term_string}\"},\"query-input\":{\"@type\":\"PropertyValueSpecification\",\"valueRequired\":true,\"valueName\":\"search_term_string\"}}],\"inLanguage\":\"en-US\"},{\"@type\":\"Organization\",\"@id\":\"https:\/\/rutana.lt\/#organization\",\"name\":\"Rutana - Ra\u0161tin\u0117s reikmenys\",\"url\":\"https:\/\/rutana.lt\/\",\"logo\":{\"@type\":\"ImageObject\",\"inLanguage\":\"en-US\",\"@id\":\"https:\/\/rutana.lt\/#\/schema\/logo\/image\/\",\"url\":\"https:\/\/rutana.lt\/wp-content\/uploads\/2025\/10\/Asset-32.png\",\"contentUrl\":\"https:\/\/rutana.lt\/wp-content\/uploads\/2025\/10\/Asset-32.png\",\"width\":433,\"height\":119,\"caption\":\"Rutana - Ra\u0161tin\u0117s reikmenys\"},\"image\":{\"@id\":\"https:\/\/rutana.lt\/#\/schema\/logo\/image\/\"},\"sameAs\":[\"https:\/\/www.facebook.com\/RutanaKanceliarinesPrekes\/\"]}]}<\/script>\n<!-- \/ Yoast SEO plugin. -->","yoast_head_json":{"title":"\u0160erdel\u0117 gelio ra\u0161ikliui Frixion 0.7 mm m\u0117lyna Pilot - Rutana - Ra\u0161tin\u0117s reikmenys","robots":{"index":"index","follow":"follow","max-snippet":"max-snippet:-1","max-image-preview":"max-image-preview:large","max-video-preview":"max-video-preview:-1"},"canonical":"https:\/\/rutana.lt\/en\/product\/serdele-gelio-rasikliui-frixion-0-7-mm-melyna-pilot\/","og_locale":"en_US","og_type":"article","og_title":"\u0160erdel\u0117 gelio ra\u0161ikliui Frixion 0.7 mm m\u0117lyna Pilot - Rutana - Ra\u0161tin\u0117s reikmenys","og_description":"\u0160erdel\u0117 pakeitimui Pilot Frixion trinamiems ra\u0161ikliams. Ra\u0161ykite &#8211; i\u0161trinkite &#8211; ir v\u0117l u\u017era\u0161ykite tuo pa\u010diu i\u0161stumiamu tu\u0161inuku i\u0161 Frixion serijos! \u0160variai i\u0161trina u\u017era\u0161\u0105, trinant ir sukeliant kar\u0161t\u012f specialiu Frixion trintuko gabaliuku, nepaliekant joki\u0173 \u017eymi\u0173. Naudojamas tas pats ra\u0161alas ra\u0161yti ir u\u017era\u0161yti ant i\u0161trintos vietos. Nenaudokite ra\u0161iklio para\u0161ams d\u0117ti, oficialiuose dokumentuose ir kituose dokumentuose, kur u\u017era\u0161ai [&hellip;]","og_url":"https:\/\/rutana.lt\/en\/product\/serdele-gelio-rasikliui-frixion-0-7-mm-melyna-pilot\/","og_site_name":"Rutana - Ra\u0161tin\u0117s reikmenys","article_publisher":"https:\/\/www.facebook.com\/RutanaKanceliarinesPrekes\/","article_modified_time":"2025-10-13T13:45:34+00:00","og_image":[{"width":600,"height":450,"url":"https:\/\/rutana.lt\/wp-content\/uploads\/2025\/09\/C079-024.jpg","type":"image\/jpeg"}],"twitter_card":"summary_large_image","twitter_misc":{"Est. reading time":"1 minute"},"schema":{"@context":"https:\/\/schema.org","@graph":[{"@type":"WebPage","@id":"https:\/\/rutana.lt\/produktas\/serdele-gelio-rasikliui-frixion-0-7-mm-melyna-pilot\/","url":"https:\/\/rutana.lt\/produktas\/serdele-gelio-rasikliui-frixion-0-7-mm-melyna-pilot\/","name":"\u0160erdel\u0117 gelio ra\u0161ikliui Frixion 0.7 mm m\u0117lyna Pilot - Rutana - Ra\u0161tin\u0117s reikmenys","isPartOf":{"@id":"https:\/\/rutana.lt\/#website"},"primaryImageOfPage":{"@id":"https:\/\/rutana.lt\/produktas\/serdele-gelio-rasikliui-frixion-0-7-mm-melyna-pilot\/#primaryimage"},"image":{"@id":"https:\/\/rutana.lt\/produktas\/serdele-gelio-rasikliui-frixion-0-7-mm-melyna-pilot\/#primaryimage"},"thumbnailUrl":"https:\/\/rutana.lt\/wp-content\/uploads\/2025\/09\/C079-024-1.jpg?v=1763618955","datePublished":"2025-09-03T07:31:01+00:00","dateModified":"2025-10-13T13:45:34+00:00","breadcrumb":{"@id":"https:\/\/rutana.lt\/produktas\/serdele-gelio-rasikliui-frixion-0-7-mm-melyna-pilot\/#breadcrumb"},"inLanguage":"en-US","potentialAction":[{"@type":"ReadAction","target":["https:\/\/rutana.lt\/produktas\/serdele-gelio-rasikliui-frixion-0-7-mm-melyna-pilot\/"]}]},{"@type":"ImageObject","inLanguage":"en-US","@id":"https:\/\/rutana.lt\/produktas\/serdele-gelio-rasikliui-frixion-0-7-mm-melyna-pilot\/#primaryimage","url":"https:\/\/rutana.lt\/wp-content\/uploads\/2025\/09\/C079-024-1.jpg?v=1763618955","contentUrl":"https:\/\/rutana.lt\/wp-content\/uploads\/2025\/09\/C079-024-1.jpg?v=1763618955","width":600,"height":450},{"@type":"BreadcrumbList","@id":"https:\/\/rutana.lt\/produktas\/serdele-gelio-rasikliui-frixion-0-7-mm-melyna-pilot\/#breadcrumb","itemListElement":[{"@type":"ListItem","position":1,"name":"Home","item":"https:\/\/rutana.lt\/"},{"@type":"ListItem","position":2,"name":"Parduotuv\u0117","item":"https:\/\/rutana.lt\/parduotuve\/"},{"@type":"ListItem","position":3,"name":"\u0160erdel\u0117 gelio ra\u0161ikliui Frixion 0.7 mm m\u0117lyna Pilot"}]},{"@type":"WebSite","@id":"https:\/\/rutana.lt\/#website","url":"https:\/\/rutana.lt\/","name":"Rutana - Ra\u0161tin\u0117s reikmenys","description":"Prekiaujame pasaulin\u0117je rinkoje pripa\u017eintomis, kokybi\u0161komis biuro prek\u0117mis toki\u0173  gamintoj\u0173 kaip: Schneider, Esselte, Novus, 3M, Faber-Castell, Citizen, Milan, Leitz, Colop, Zebra, Staedtler, Durable, Tork, Parker, Waterman ir kt.","publisher":{"@id":"https:\/\/rutana.lt\/#organization"},"potentialAction":[{"@type":"SearchAction","target":{"@type":"EntryPoint","urlTemplate":"https:\/\/rutana.lt\/?s={search_term_string}"},"query-input":{"@type":"PropertyValueSpecification","valueRequired":true,"valueName":"search_term_string"}}],"inLanguage":"en-US"},{"@type":"Organization","@id":"https:\/\/rutana.lt\/#organization","name":"Rutana - Ra\u0161tin\u0117s reikmenys","url":"https:\/\/rutana.lt\/","logo":{"@type":"ImageObject","inLanguage":"en-US","@id":"https:\/\/rutana.lt\/#\/schema\/logo\/image\/","url":"https:\/\/rutana.lt\/wp-content\/uploads\/2025\/10\/Asset-32.png","contentUrl":"https:\/\/rutana.lt\/wp-content\/uploads\/2025\/10\/Asset-32.png","width":433,"height":119,"caption":"Rutana - Ra\u0161tin\u0117s reikmenys"},"image":{"@id":"https:\/\/rutana.lt\/#\/schema\/logo\/image\/"},"sameAs":["https:\/\/www.facebook.com\/RutanaKanceliarinesPrekes\/"]}]}},"_links":{"self":[{"href":"https:\/\/rutana.lt\/en\/wp-json\/wp\/v2\/product\/13884","targetHints":{"allow":["GET"]}}],"collection":[{"href":"https:\/\/rutana.lt\/en\/wp-json\/wp\/v2\/product"}],"about":[{"href":"https:\/\/rutana.lt\/en\/wp-json\/wp\/v2\/types\/product"}],"replies":[{"embeddable":true,"href":"https:\/\/rutana.lt\/en\/wp-json\/wp\/v2\/comments?post=13884"}],"version-history":[{"count":1,"href":"https:\/\/rutana.lt\/en\/wp-json\/wp\/v2\/product\/13884\/revisions"}],"predecessor-version":[{"id":13934,"href":"https:\/\/rutana.lt\/en\/wp-json\/wp\/v2\/product\/13884\/revisions\/13934"}],"wp:featuredmedia":[{"embeddable":true,"href":"https:\/\/rutana.lt\/en\/wp-json\/wp\/v2\/media\/28249"}],"wp:attachment":[{"href":"https:\/\/rutana.lt\/en\/wp-json\/wp\/v2\/media?parent=13884"}],"wp:term":[{"taxonomy":"product_brand","embeddable":true,"href":"https:\/\/rutana.lt\/en\/wp-json\/wp\/v2\/product_brand?post=13884"},{"taxonomy":"product_cat","embeddable":true,"href":"https:\/\/rutana.lt\/en\/wp-json\/wp\/v2\/product_cat?post=13884"},{"taxonomy":"product_tag","embeddable":true,"href":"https:\/\/rutana.lt\/en\/wp-json\/wp\/v2\/product_tag?post=13884"}],"curies":[{"name":"wp","href":"https:\/\/api.w.org\/{rel}","templated":true}]}}