{"id":13801,"date":"2025-09-03T09:30:39","date_gmt":"2025-09-03T07:30:39","guid":{"rendered":"https:\/\/rutana.webdemo.lt\/?post_type=product&#038;p=13801"},"modified":"2025-10-13T15:45:22","modified_gmt":"2025-10-13T13:45:22","slug":"nesiojamo-kompiuterio-kuprine-graphs-bpack-15-6-pilka-hd-92668-123","status":"publish","type":"product","link":"https:\/\/rutana.lt\/en\/product\/nesiojamo-kompiuterio-kuprine-graphs-bpack-15-6-pilka-hd-92668-123\/","title":{"rendered":"Ne\u0161iojamo kompiuterio kuprin\u0117 Graphs Bpack 15.6&#8243; pilka HD 92668-123"},"content":{"rendered":"<p>Didelio tankio 600D ne\u0161iojamojo kompiuterio kuprin\u0117 su pamink\u0161tintu ne\u0161iojamojo kompiuterio skyriumi iki 15.6 coli\u0173. Pamink\u0161tintas vidinis pamu\u0161alas. Kuprin\u0117 turi 2 priekines ki\u0161enes, nugar\u0105 ir pamink\u0161tintus pe\u010di\u0173 dir\u017eus.<\/p>\n<p>Ant kuprin\u0117s galima u\u017ed\u0117ti reklamin\u012f \u012fmon\u0117s logotip\u0105 ar kitok\u012f u\u017era\u0161\u0105 jums pageidaujamoje vietoje bei j\u016bs\u0173 pasirinktu b\u016bdu. Kaina nurodyta tik kuprin\u0117s, be u\u017era\u0161o. U\u017era\u0161o kaina priklauso nuo u\u017esakomo kiekio ir u\u017ed\u0117jimo b\u016bdo. <\/p>\n<p style=\"margin-bottom: 10px;\"><span style=\"text-align: justify;\">Spalva: pilka <\/span><\/p>\n<p style=\"margin-bottom: 10px;\">Matmenys: 295 x 390 x 100 mm<\/p>\n<p style=\"margin-bottom: 10px;\"><span style=\"text-align: justify;\">Tinka ne\u0161iojamam kompiuteriui: iki 15.6&#8243;<\/span><\/p>\n<p style=\"margin-bottom: 10px;\"><span style=\"text-align: justify;\">Svoris: 434 g<\/span><\/p>\n<p style=\"margin-bottom: 10px;\">U\u017era\u0161o u\u017ed\u0117jimo galimi b\u016bdai: vaizdo perk\u0117limas &#8211; transferis<\/p>\n<p style=\"margin-bottom: 10px;\">U\u017era\u0161o u\u017ed\u0117jimo galimos vietos: priekis, peties dir\u017eas<\/p>\n<p style=\"margin-bottom: 10px;\"><\/p>\n<p style=\"margin-bottom: 10px;\"><span style=\"text-align: justify;\"><br \/><\/span><\/p>\n<p style=\"margin-bottom: 10px;\"><\/p>","protected":false},"excerpt":{"rendered":"<p>Didelio tankio 600D ne\u0161iojamojo kompiuterio kuprin\u0117 su pamink\u0161tintu ne\u0161iojamojo kompiuterio skyriumi iki 15.6 coli\u0173. Pamink\u0161tintas vidinis pamu\u0161alas. Kuprin\u0117 turi 2 priekines ki\u0161enes, nugar\u0105 ir pamink\u0161tintus pe\u010di\u0173 dir\u017eus. Ant kuprin\u0117s galima u\u017ed\u0117ti reklamin\u012f \u012fmon\u0117s logotip\u0105 ar kitok\u012f u\u017era\u0161\u0105 jums pageidaujamoje vietoje bei j\u016bs\u0173 pasirinktu b\u016bdu. Kaina nurodyta tik kuprin\u0117s, be u\u017era\u0161o. U\u017era\u0161o kaina priklauso nuo u\u017esakomo [&hellip;]<\/p>","protected":false},"featured_media":28216,"comment_status":"open","ping_status":"closed","template":"","meta":{"_season_start":"","_season_end":"","_season_days":"","_season_months":"","_season_auto_visibility":""},"product_brand":[868],"product_cat":[1646,1645],"product_tag":[],"class_list":{"0":"post-13801","1":"product","2":"type-product","3":"status-publish","4":"has-post-thumbnail","6":"product_brand-hd","7":"product_cat-deklai-ir-kuprines-nesiojamiems-kompiuteriams","8":"product_cat-krepsiai","10":"first","11":"instock","12":"taxable","13":"shipping-taxable","14":"purchasable","15":"product-type-simple"},"yoast_head":"<!-- This site is optimized with the Yoast SEO plugin v27.4 - https:\/\/yoast.com\/product\/yoast-seo-wordpress\/ -->\n<title>Ne\u0161iojamo kompiuterio kuprin\u0117 Graphs Bpack 15.6&quot; pilka HD 92668-123 - Rutana - Ra\u0161tin\u0117s reikmenys<\/title>\n<meta name=\"robots\" content=\"index, follow, max-snippet:-1, max-image-preview:large, max-video-preview:-1\" \/>\n<link rel=\"canonical\" href=\"https:\/\/rutana.lt\/en\/product\/nesiojamo-kompiuterio-kuprine-graphs-bpack-15-6-pilka-hd-92668-123\/\" \/>\n<meta property=\"og:locale\" content=\"en_US\" \/>\n<meta property=\"og:type\" content=\"article\" \/>\n<meta property=\"og:title\" content=\"Ne\u0161iojamo kompiuterio kuprin\u0117 Graphs Bpack 15.6&quot; pilka HD 92668-123 - Rutana - Ra\u0161tin\u0117s reikmenys\" \/>\n<meta property=\"og:description\" content=\"Didelio tankio 600D ne\u0161iojamojo kompiuterio kuprin\u0117 su pamink\u0161tintu ne\u0161iojamojo kompiuterio skyriumi iki 15.6 coli\u0173. Pamink\u0161tintas vidinis pamu\u0161alas. Kuprin\u0117 turi 2 priekines ki\u0161enes, nugar\u0105 ir pamink\u0161tintus pe\u010di\u0173 dir\u017eus. Ant kuprin\u0117s galima u\u017ed\u0117ti reklamin\u012f \u012fmon\u0117s logotip\u0105 ar kitok\u012f u\u017era\u0161\u0105 jums pageidaujamoje vietoje bei j\u016bs\u0173 pasirinktu b\u016bdu. Kaina nurodyta tik kuprin\u0117s, be u\u017era\u0161o. U\u017era\u0161o kaina priklauso nuo u\u017esakomo [&hellip;]\" \/>\n<meta property=\"og:url\" content=\"https:\/\/rutana.lt\/en\/product\/nesiojamo-kompiuterio-kuprine-graphs-bpack-15-6-pilka-hd-92668-123\/\" \/>\n<meta property=\"og:site_name\" content=\"Rutana - Ra\u0161tin\u0117s reikmenys\" \/>\n<meta property=\"article:publisher\" content=\"https:\/\/www.facebook.com\/RutanaKanceliarinesPrekes\/\" \/>\n<meta property=\"article:modified_time\" content=\"2025-10-13T13:45:22+00:00\" \/>\n<meta property=\"og:image\" content=\"https:\/\/rutana.lt\/wp-content\/uploads\/2025\/09\/B040-562.jpg\" \/>\n\t<meta property=\"og:image:width\" content=\"600\" \/>\n\t<meta property=\"og:image:height\" content=\"600\" \/>\n\t<meta property=\"og:image:type\" content=\"image\/jpeg\" \/>\n<meta name=\"twitter:card\" content=\"summary_large_image\" \/>\n<meta name=\"twitter:label1\" content=\"Est. reading time\" \/>\n\t<meta name=\"twitter:data1\" content=\"1 minute\" \/>\n<script type=\"application\/ld+json\" class=\"yoast-schema-graph\">{\"@context\":\"https:\\\/\\\/schema.org\",\"@graph\":[{\"@type\":\"WebPage\",\"@id\":\"https:\\\/\\\/rutana.lt\\\/produktas\\\/nesiojamo-kompiuterio-kuprine-graphs-bpack-15-6-pilka-hd-92668-123\\\/\",\"url\":\"https:\\\/\\\/rutana.lt\\\/produktas\\\/nesiojamo-kompiuterio-kuprine-graphs-bpack-15-6-pilka-hd-92668-123\\\/\",\"name\":\"Ne\u0161iojamo kompiuterio kuprin\u0117 Graphs Bpack 15.6\\\" pilka HD 92668-123 - Rutana - Ra\u0161tin\u0117s reikmenys\",\"isPartOf\":{\"@id\":\"https:\\\/\\\/rutana.lt\\\/#website\"},\"primaryImageOfPage\":{\"@id\":\"https:\\\/\\\/rutana.lt\\\/produktas\\\/nesiojamo-kompiuterio-kuprine-graphs-bpack-15-6-pilka-hd-92668-123\\\/#primaryimage\"},\"image\":{\"@id\":\"https:\\\/\\\/rutana.lt\\\/produktas\\\/nesiojamo-kompiuterio-kuprine-graphs-bpack-15-6-pilka-hd-92668-123\\\/#primaryimage\"},\"thumbnailUrl\":\"https:\\\/\\\/rutana.lt\\\/wp-content\\\/uploads\\\/2025\\\/09\\\/B040-562-1.jpg?v=1763618999\",\"datePublished\":\"2025-09-03T07:30:39+00:00\",\"dateModified\":\"2025-10-13T13:45:22+00:00\",\"breadcrumb\":{\"@id\":\"https:\\\/\\\/rutana.lt\\\/produktas\\\/nesiojamo-kompiuterio-kuprine-graphs-bpack-15-6-pilka-hd-92668-123\\\/#breadcrumb\"},\"inLanguage\":\"en-US\",\"potentialAction\":[{\"@type\":\"ReadAction\",\"target\":[\"https:\\\/\\\/rutana.lt\\\/produktas\\\/nesiojamo-kompiuterio-kuprine-graphs-bpack-15-6-pilka-hd-92668-123\\\/\"]}]},{\"@type\":\"ImageObject\",\"inLanguage\":\"en-US\",\"@id\":\"https:\\\/\\\/rutana.lt\\\/produktas\\\/nesiojamo-kompiuterio-kuprine-graphs-bpack-15-6-pilka-hd-92668-123\\\/#primaryimage\",\"url\":\"https:\\\/\\\/rutana.lt\\\/wp-content\\\/uploads\\\/2025\\\/09\\\/B040-562-1.jpg?v=1763618999\",\"contentUrl\":\"https:\\\/\\\/rutana.lt\\\/wp-content\\\/uploads\\\/2025\\\/09\\\/B040-562-1.jpg?v=1763618999\",\"width\":600,\"height\":600},{\"@type\":\"BreadcrumbList\",\"@id\":\"https:\\\/\\\/rutana.lt\\\/produktas\\\/nesiojamo-kompiuterio-kuprine-graphs-bpack-15-6-pilka-hd-92668-123\\\/#breadcrumb\",\"itemListElement\":[{\"@type\":\"ListItem\",\"position\":1,\"name\":\"Home\",\"item\":\"https:\\\/\\\/rutana.lt\\\/\"},{\"@type\":\"ListItem\",\"position\":2,\"name\":\"Parduotuv\u0117\",\"item\":\"https:\\\/\\\/rutana.lt\\\/parduotuve\\\/\"},{\"@type\":\"ListItem\",\"position\":3,\"name\":\"Ne\u0161iojamo kompiuterio kuprin\u0117 Graphs Bpack 15.6&#8243; pilka HD 92668-123\"}]},{\"@type\":\"WebSite\",\"@id\":\"https:\\\/\\\/rutana.lt\\\/#website\",\"url\":\"https:\\\/\\\/rutana.lt\\\/\",\"name\":\"Rutana - Ra\u0161tin\u0117s reikmenys\",\"description\":\"Prekiaujame pasaulin\u0117je rinkoje pripa\u017eintomis, kokybi\u0161komis biuro prek\u0117mis toki\u0173  gamintoj\u0173 kaip: Schneider, Esselte, Novus, 3M, Faber-Castell, Citizen, Milan, Leitz, Colop, Zebra, Staedtler, Durable, Tork, Parker, Waterman ir kt.\",\"publisher\":{\"@id\":\"https:\\\/\\\/rutana.lt\\\/#organization\"},\"potentialAction\":[{\"@type\":\"SearchAction\",\"target\":{\"@type\":\"EntryPoint\",\"urlTemplate\":\"https:\\\/\\\/rutana.lt\\\/?s={search_term_string}\"},\"query-input\":{\"@type\":\"PropertyValueSpecification\",\"valueRequired\":true,\"valueName\":\"search_term_string\"}}],\"inLanguage\":\"en-US\"},{\"@type\":\"Organization\",\"@id\":\"https:\\\/\\\/rutana.lt\\\/#organization\",\"name\":\"Rutana - Ra\u0161tin\u0117s reikmenys\",\"url\":\"https:\\\/\\\/rutana.lt\\\/\",\"logo\":{\"@type\":\"ImageObject\",\"inLanguage\":\"en-US\",\"@id\":\"https:\\\/\\\/rutana.lt\\\/#\\\/schema\\\/logo\\\/image\\\/\",\"url\":\"https:\\\/\\\/rutana.lt\\\/wp-content\\\/uploads\\\/2025\\\/10\\\/Asset-32.png\",\"contentUrl\":\"https:\\\/\\\/rutana.lt\\\/wp-content\\\/uploads\\\/2025\\\/10\\\/Asset-32.png\",\"width\":433,\"height\":119,\"caption\":\"Rutana - Ra\u0161tin\u0117s reikmenys\"},\"image\":{\"@id\":\"https:\\\/\\\/rutana.lt\\\/#\\\/schema\\\/logo\\\/image\\\/\"},\"sameAs\":[\"https:\\\/\\\/www.facebook.com\\\/RutanaKanceliarinesPrekes\\\/\"]}]}<\/script>\n<!-- \/ Yoast SEO plugin. -->","yoast_head_json":{"title":"Ne\u0161iojamo kompiuterio kuprin\u0117 Graphs Bpack 15.6\" pilka HD 92668-123 - Rutana - Ra\u0161tin\u0117s reikmenys","robots":{"index":"index","follow":"follow","max-snippet":"max-snippet:-1","max-image-preview":"max-image-preview:large","max-video-preview":"max-video-preview:-1"},"canonical":"https:\/\/rutana.lt\/en\/product\/nesiojamo-kompiuterio-kuprine-graphs-bpack-15-6-pilka-hd-92668-123\/","og_locale":"en_US","og_type":"article","og_title":"Ne\u0161iojamo kompiuterio kuprin\u0117 Graphs Bpack 15.6\" pilka HD 92668-123 - Rutana - Ra\u0161tin\u0117s reikmenys","og_description":"Didelio tankio 600D ne\u0161iojamojo kompiuterio kuprin\u0117 su pamink\u0161tintu ne\u0161iojamojo kompiuterio skyriumi iki 15.6 coli\u0173. Pamink\u0161tintas vidinis pamu\u0161alas. Kuprin\u0117 turi 2 priekines ki\u0161enes, nugar\u0105 ir pamink\u0161tintus pe\u010di\u0173 dir\u017eus. Ant kuprin\u0117s galima u\u017ed\u0117ti reklamin\u012f \u012fmon\u0117s logotip\u0105 ar kitok\u012f u\u017era\u0161\u0105 jums pageidaujamoje vietoje bei j\u016bs\u0173 pasirinktu b\u016bdu. Kaina nurodyta tik kuprin\u0117s, be u\u017era\u0161o. U\u017era\u0161o kaina priklauso nuo u\u017esakomo [&hellip;]","og_url":"https:\/\/rutana.lt\/en\/product\/nesiojamo-kompiuterio-kuprine-graphs-bpack-15-6-pilka-hd-92668-123\/","og_site_name":"Rutana - Ra\u0161tin\u0117s reikmenys","article_publisher":"https:\/\/www.facebook.com\/RutanaKanceliarinesPrekes\/","article_modified_time":"2025-10-13T13:45:22+00:00","og_image":[{"width":600,"height":600,"url":"https:\/\/rutana.lt\/wp-content\/uploads\/2025\/09\/B040-562.jpg","type":"image\/jpeg"}],"twitter_card":"summary_large_image","twitter_misc":{"Est. reading time":"1 minute"},"schema":{"@context":"https:\/\/schema.org","@graph":[{"@type":"WebPage","@id":"https:\/\/rutana.lt\/produktas\/nesiojamo-kompiuterio-kuprine-graphs-bpack-15-6-pilka-hd-92668-123\/","url":"https:\/\/rutana.lt\/produktas\/nesiojamo-kompiuterio-kuprine-graphs-bpack-15-6-pilka-hd-92668-123\/","name":"Ne\u0161iojamo kompiuterio kuprin\u0117 Graphs Bpack 15.6\" pilka HD 92668-123 - Rutana - Ra\u0161tin\u0117s reikmenys","isPartOf":{"@id":"https:\/\/rutana.lt\/#website"},"primaryImageOfPage":{"@id":"https:\/\/rutana.lt\/produktas\/nesiojamo-kompiuterio-kuprine-graphs-bpack-15-6-pilka-hd-92668-123\/#primaryimage"},"image":{"@id":"https:\/\/rutana.lt\/produktas\/nesiojamo-kompiuterio-kuprine-graphs-bpack-15-6-pilka-hd-92668-123\/#primaryimage"},"thumbnailUrl":"https:\/\/rutana.lt\/wp-content\/uploads\/2025\/09\/B040-562-1.jpg?v=1763618999","datePublished":"2025-09-03T07:30:39+00:00","dateModified":"2025-10-13T13:45:22+00:00","breadcrumb":{"@id":"https:\/\/rutana.lt\/produktas\/nesiojamo-kompiuterio-kuprine-graphs-bpack-15-6-pilka-hd-92668-123\/#breadcrumb"},"inLanguage":"en-US","potentialAction":[{"@type":"ReadAction","target":["https:\/\/rutana.lt\/produktas\/nesiojamo-kompiuterio-kuprine-graphs-bpack-15-6-pilka-hd-92668-123\/"]}]},{"@type":"ImageObject","inLanguage":"en-US","@id":"https:\/\/rutana.lt\/produktas\/nesiojamo-kompiuterio-kuprine-graphs-bpack-15-6-pilka-hd-92668-123\/#primaryimage","url":"https:\/\/rutana.lt\/wp-content\/uploads\/2025\/09\/B040-562-1.jpg?v=1763618999","contentUrl":"https:\/\/rutana.lt\/wp-content\/uploads\/2025\/09\/B040-562-1.jpg?v=1763618999","width":600,"height":600},{"@type":"BreadcrumbList","@id":"https:\/\/rutana.lt\/produktas\/nesiojamo-kompiuterio-kuprine-graphs-bpack-15-6-pilka-hd-92668-123\/#breadcrumb","itemListElement":[{"@type":"ListItem","position":1,"name":"Home","item":"https:\/\/rutana.lt\/"},{"@type":"ListItem","position":2,"name":"Parduotuv\u0117","item":"https:\/\/rutana.lt\/parduotuve\/"},{"@type":"ListItem","position":3,"name":"Ne\u0161iojamo kompiuterio kuprin\u0117 Graphs Bpack 15.6&#8243; pilka HD 92668-123"}]},{"@type":"WebSite","@id":"https:\/\/rutana.lt\/#website","url":"https:\/\/rutana.lt\/","name":"Rutana - Ra\u0161tin\u0117s reikmenys","description":"Prekiaujame pasaulin\u0117je rinkoje pripa\u017eintomis, kokybi\u0161komis biuro prek\u0117mis toki\u0173  gamintoj\u0173 kaip: Schneider, Esselte, Novus, 3M, Faber-Castell, Citizen, Milan, Leitz, Colop, Zebra, Staedtler, Durable, Tork, Parker, Waterman ir kt.","publisher":{"@id":"https:\/\/rutana.lt\/#organization"},"potentialAction":[{"@type":"SearchAction","target":{"@type":"EntryPoint","urlTemplate":"https:\/\/rutana.lt\/?s={search_term_string}"},"query-input":{"@type":"PropertyValueSpecification","valueRequired":true,"valueName":"search_term_string"}}],"inLanguage":"en-US"},{"@type":"Organization","@id":"https:\/\/rutana.lt\/#organization","name":"Rutana - Ra\u0161tin\u0117s reikmenys","url":"https:\/\/rutana.lt\/","logo":{"@type":"ImageObject","inLanguage":"en-US","@id":"https:\/\/rutana.lt\/#\/schema\/logo\/image\/","url":"https:\/\/rutana.lt\/wp-content\/uploads\/2025\/10\/Asset-32.png","contentUrl":"https:\/\/rutana.lt\/wp-content\/uploads\/2025\/10\/Asset-32.png","width":433,"height":119,"caption":"Rutana - Ra\u0161tin\u0117s reikmenys"},"image":{"@id":"https:\/\/rutana.lt\/#\/schema\/logo\/image\/"},"sameAs":["https:\/\/www.facebook.com\/RutanaKanceliarinesPrekes\/"]}]}},"_links":{"self":[{"href":"https:\/\/rutana.lt\/en\/wp-json\/wp\/v2\/product\/13801","targetHints":{"allow":["GET"]}}],"collection":[{"href":"https:\/\/rutana.lt\/en\/wp-json\/wp\/v2\/product"}],"about":[{"href":"https:\/\/rutana.lt\/en\/wp-json\/wp\/v2\/types\/product"}],"replies":[{"embeddable":true,"href":"https:\/\/rutana.lt\/en\/wp-json\/wp\/v2\/comments?post=13801"}],"version-history":[{"count":1,"href":"https:\/\/rutana.lt\/en\/wp-json\/wp\/v2\/product\/13801\/revisions"}],"predecessor-version":[{"id":13843,"href":"https:\/\/rutana.lt\/en\/wp-json\/wp\/v2\/product\/13801\/revisions\/13843"}],"wp:featuredmedia":[{"embeddable":true,"href":"https:\/\/rutana.lt\/en\/wp-json\/wp\/v2\/media\/28216"}],"wp:attachment":[{"href":"https:\/\/rutana.lt\/en\/wp-json\/wp\/v2\/media?parent=13801"}],"wp:term":[{"taxonomy":"product_brand","embeddable":true,"href":"https:\/\/rutana.lt\/en\/wp-json\/wp\/v2\/product_brand?post=13801"},{"taxonomy":"product_cat","embeddable":true,"href":"https:\/\/rutana.lt\/en\/wp-json\/wp\/v2\/product_cat?post=13801"},{"taxonomy":"product_tag","embeddable":true,"href":"https:\/\/rutana.lt\/en\/wp-json\/wp\/v2\/product_tag?post=13801"}],"curies":[{"name":"wp","href":"https:\/\/api.w.org\/{rel}","templated":true}]}}