{"id":13668,"date":"2025-09-03T09:29:51","date_gmt":"2025-09-03T07:29:51","guid":{"rendered":"https:\/\/rutana.webdemo.lt\/?post_type=product&#038;p=13668"},"modified":"2025-10-13T15:44:59","modified_gmt":"2025-10-13T13:44:59","slug":"skaiciuotuvas-su-252-funkcijomis-sc2060sbx-rebell","status":"publish","type":"product","link":"https:\/\/rutana.lt\/en\/product\/skaiciuotuvas-su-252-funkcijomis-sc2060sbx-rebell\/","title":{"rendered":"Skai\u010diuotuvas su 252 funkcijomis SC2060SBX Rebell"},"content":{"rendered":"<p>Skai\u010diuotuvas, skirtas mokslui, turintis daug funkcij\u0173 atlikti sud\u0117tingus aritmetinius veiksmus. Ta\u0161k\u0173 matricos ekranas. Statistiniai skai\u010diavimai, trigonometrin\u0117s funkcijos, hiperbolin\u0117s funkcijos, logaritmin\u0117s ir laipsnio funkcijos, poliarin\u0117s ir sta\u010diakamp\u0117s koordinat\u0117s, lenteli\u0173 statistikos duomen\u0173 redaktorius, trupmenos, \u0161aknies funkcija, koreagavimo mygtukas, kartojimo ir atsakymo funkcija, kamp\u0173 keitimo funkcija, \u0161e\u0161ioliktaini\u0173 skaitmen\u0173 vertimas \u012f de\u0161imtain\u0119 ir atgal. Be tekstin\u0117s atminties. Tinkamas naudoti vyresni\u0173 klasi\u0173 moksleiviams, studentams. Kietas, u\u017edaromas plastikinis d\u0117klas apsaugo skai\u010diuotuv\u0105 nuo sulau\u017eimo. Maitinimas saul\u0117s baterijomis ir elementu. Patvirtintas ir tinkamas naudojimui egzaminuose.<\/p>\n<p>Atliekam\u0173 funkcij\u0173 kiekis: 252<\/p>\n<p>Matmenys: 155 x 70 x 18 mm<\/p>\n<p>Svoris: 136 g<\/p>\n<p><\/p>\n<p><\/p>","protected":false},"excerpt":{"rendered":"<p>Skai\u010diuotuvas, skirtas mokslui, turintis daug funkcij\u0173 atlikti sud\u0117tingus aritmetinius veiksmus. Ta\u0161k\u0173 matricos ekranas. Statistiniai skai\u010diavimai, trigonometrin\u0117s funkcijos, hiperbolin\u0117s funkcijos, logaritmin\u0117s ir laipsnio funkcijos, poliarin\u0117s ir sta\u010diakamp\u0117s koordinat\u0117s, lenteli\u0173 statistikos duomen\u0173 redaktorius, trupmenos, \u0161aknies funkcija, koreagavimo mygtukas, kartojimo ir atsakymo funkcija, kamp\u0173 keitimo funkcija, \u0161e\u0161ioliktaini\u0173 skaitmen\u0173 vertimas \u012f de\u0161imtain\u0119 ir atgal. Be tekstin\u0117s atminties. Tinkamas naudoti [&hellip;]<\/p>","protected":false},"featured_media":28175,"comment_status":"open","ping_status":"closed","template":"","meta":{"_season_start":"","_season_end":"","_season_days":"","_season_months":"","_season_auto_visibility":""},"product_brand":[887],"product_cat":[1824],"product_tag":[],"class_list":{"0":"post-13668","1":"product","2":"type-product","3":"status-publish","4":"has-post-thumbnail","6":"product_brand-rebell","7":"product_cat-mokykliniai-skaiciuotuvai","9":"first","10":"instock","11":"taxable","12":"shipping-taxable","13":"purchasable","14":"product-type-simple"},"yoast_head":"<!-- This site is optimized with the Yoast SEO plugin v26.1.1 - https:\/\/yoast.com\/wordpress\/plugins\/seo\/ -->\n<title>Skai\u010diuotuvas su 252 funkcijomis SC2060SBX Rebell - Rutana - Ra\u0161tin\u0117s reikmenys<\/title>\n<meta name=\"robots\" content=\"index, follow, max-snippet:-1, max-image-preview:large, max-video-preview:-1\" \/>\n<link rel=\"canonical\" href=\"https:\/\/rutana.lt\/en\/product\/skaiciuotuvas-su-252-funkcijomis-sc2060sbx-rebell\/\" \/>\n<meta property=\"og:locale\" content=\"en_US\" \/>\n<meta property=\"og:type\" content=\"article\" \/>\n<meta property=\"og:title\" content=\"Skai\u010diuotuvas su 252 funkcijomis SC2060SBX Rebell - Rutana - Ra\u0161tin\u0117s reikmenys\" \/>\n<meta property=\"og:description\" content=\"Skai\u010diuotuvas, skirtas mokslui, turintis daug funkcij\u0173 atlikti sud\u0117tingus aritmetinius veiksmus. Ta\u0161k\u0173 matricos ekranas. Statistiniai skai\u010diavimai, trigonometrin\u0117s funkcijos, hiperbolin\u0117s funkcijos, logaritmin\u0117s ir laipsnio funkcijos, poliarin\u0117s ir sta\u010diakamp\u0117s koordinat\u0117s, lenteli\u0173 statistikos duomen\u0173 redaktorius, trupmenos, \u0161aknies funkcija, koreagavimo mygtukas, kartojimo ir atsakymo funkcija, kamp\u0173 keitimo funkcija, \u0161e\u0161ioliktaini\u0173 skaitmen\u0173 vertimas \u012f de\u0161imtain\u0119 ir atgal. Be tekstin\u0117s atminties. Tinkamas naudoti [&hellip;]\" \/>\n<meta property=\"og:url\" content=\"https:\/\/rutana.lt\/en\/product\/skaiciuotuvas-su-252-funkcijomis-sc2060sbx-rebell\/\" \/>\n<meta property=\"og:site_name\" content=\"Rutana - Ra\u0161tin\u0117s reikmenys\" \/>\n<meta property=\"article:publisher\" content=\"https:\/\/www.facebook.com\/RutanaKanceliarinesPrekes\/\" \/>\n<meta property=\"article:modified_time\" content=\"2025-10-13T13:44:59+00:00\" \/>\n<meta property=\"og:image\" content=\"https:\/\/rutana.lt\/wp-content\/uploads\/2025\/09\/B071-711.jpg\" \/>\n\t<meta property=\"og:image:width\" content=\"402\" \/>\n\t<meta property=\"og:image:height\" content=\"567\" \/>\n\t<meta property=\"og:image:type\" content=\"image\/jpeg\" \/>\n<meta name=\"twitter:card\" content=\"summary_large_image\" \/>\n<meta name=\"twitter:label1\" content=\"Est. reading time\" \/>\n\t<meta name=\"twitter:data1\" content=\"1 minute\" \/>\n<script type=\"application\/ld+json\" class=\"yoast-schema-graph\">{\"@context\":\"https:\/\/schema.org\",\"@graph\":[{\"@type\":\"WebPage\",\"@id\":\"https:\/\/rutana.lt\/produktas\/skaiciuotuvas-su-252-funkcijomis-sc2060sbx-rebell\/\",\"url\":\"https:\/\/rutana.lt\/produktas\/skaiciuotuvas-su-252-funkcijomis-sc2060sbx-rebell\/\",\"name\":\"Skai\u010diuotuvas su 252 funkcijomis SC2060SBX Rebell - Rutana - Ra\u0161tin\u0117s reikmenys\",\"isPartOf\":{\"@id\":\"https:\/\/rutana.lt\/#website\"},\"primaryImageOfPage\":{\"@id\":\"https:\/\/rutana.lt\/produktas\/skaiciuotuvas-su-252-funkcijomis-sc2060sbx-rebell\/#primaryimage\"},\"image\":{\"@id\":\"https:\/\/rutana.lt\/produktas\/skaiciuotuvas-su-252-funkcijomis-sc2060sbx-rebell\/#primaryimage\"},\"thumbnailUrl\":\"https:\/\/rutana.lt\/wp-content\/uploads\/2025\/09\/B071-711-1.jpg?v=1763619057\",\"datePublished\":\"2025-09-03T07:29:51+00:00\",\"dateModified\":\"2025-10-13T13:44:59+00:00\",\"breadcrumb\":{\"@id\":\"https:\/\/rutana.lt\/produktas\/skaiciuotuvas-su-252-funkcijomis-sc2060sbx-rebell\/#breadcrumb\"},\"inLanguage\":\"en-US\",\"potentialAction\":[{\"@type\":\"ReadAction\",\"target\":[\"https:\/\/rutana.lt\/produktas\/skaiciuotuvas-su-252-funkcijomis-sc2060sbx-rebell\/\"]}]},{\"@type\":\"ImageObject\",\"inLanguage\":\"en-US\",\"@id\":\"https:\/\/rutana.lt\/produktas\/skaiciuotuvas-su-252-funkcijomis-sc2060sbx-rebell\/#primaryimage\",\"url\":\"https:\/\/rutana.lt\/wp-content\/uploads\/2025\/09\/B071-711-1.jpg?v=1763619057\",\"contentUrl\":\"https:\/\/rutana.lt\/wp-content\/uploads\/2025\/09\/B071-711-1.jpg?v=1763619057\",\"width\":402,\"height\":567},{\"@type\":\"BreadcrumbList\",\"@id\":\"https:\/\/rutana.lt\/produktas\/skaiciuotuvas-su-252-funkcijomis-sc2060sbx-rebell\/#breadcrumb\",\"itemListElement\":[{\"@type\":\"ListItem\",\"position\":1,\"name\":\"Home\",\"item\":\"https:\/\/rutana.lt\/\"},{\"@type\":\"ListItem\",\"position\":2,\"name\":\"Parduotuv\u0117\",\"item\":\"https:\/\/rutana.lt\/parduotuve\/\"},{\"@type\":\"ListItem\",\"position\":3,\"name\":\"Skai\u010diuotuvas su 252 funkcijomis SC2060SBX Rebell\"}]},{\"@type\":\"WebSite\",\"@id\":\"https:\/\/rutana.lt\/#website\",\"url\":\"https:\/\/rutana.lt\/\",\"name\":\"Rutana - Ra\u0161tin\u0117s reikmenys\",\"description\":\"Prekiaujame pasaulin\u0117je rinkoje pripa\u017eintomis, kokybi\u0161komis biuro prek\u0117mis toki\u0173  gamintoj\u0173 kaip: Schneider, Esselte, Novus, 3M, Faber-Castell, Citizen, Milan, Leitz, Colop, Zebra, Staedtler, Durable, Tork, Parker, Waterman ir kt.\",\"publisher\":{\"@id\":\"https:\/\/rutana.lt\/#organization\"},\"potentialAction\":[{\"@type\":\"SearchAction\",\"target\":{\"@type\":\"EntryPoint\",\"urlTemplate\":\"https:\/\/rutana.lt\/?s={search_term_string}\"},\"query-input\":{\"@type\":\"PropertyValueSpecification\",\"valueRequired\":true,\"valueName\":\"search_term_string\"}}],\"inLanguage\":\"en-US\"},{\"@type\":\"Organization\",\"@id\":\"https:\/\/rutana.lt\/#organization\",\"name\":\"Rutana - Ra\u0161tin\u0117s reikmenys\",\"url\":\"https:\/\/rutana.lt\/\",\"logo\":{\"@type\":\"ImageObject\",\"inLanguage\":\"en-US\",\"@id\":\"https:\/\/rutana.lt\/#\/schema\/logo\/image\/\",\"url\":\"https:\/\/rutana.lt\/wp-content\/uploads\/2025\/10\/Asset-32.png\",\"contentUrl\":\"https:\/\/rutana.lt\/wp-content\/uploads\/2025\/10\/Asset-32.png\",\"width\":433,\"height\":119,\"caption\":\"Rutana - Ra\u0161tin\u0117s reikmenys\"},\"image\":{\"@id\":\"https:\/\/rutana.lt\/#\/schema\/logo\/image\/\"},\"sameAs\":[\"https:\/\/www.facebook.com\/RutanaKanceliarinesPrekes\/\"]}]}<\/script>\n<!-- \/ Yoast SEO plugin. -->","yoast_head_json":{"title":"Skai\u010diuotuvas su 252 funkcijomis SC2060SBX Rebell - Rutana - Ra\u0161tin\u0117s reikmenys","robots":{"index":"index","follow":"follow","max-snippet":"max-snippet:-1","max-image-preview":"max-image-preview:large","max-video-preview":"max-video-preview:-1"},"canonical":"https:\/\/rutana.lt\/en\/product\/skaiciuotuvas-su-252-funkcijomis-sc2060sbx-rebell\/","og_locale":"en_US","og_type":"article","og_title":"Skai\u010diuotuvas su 252 funkcijomis SC2060SBX Rebell - Rutana - Ra\u0161tin\u0117s reikmenys","og_description":"Skai\u010diuotuvas, skirtas mokslui, turintis daug funkcij\u0173 atlikti sud\u0117tingus aritmetinius veiksmus. Ta\u0161k\u0173 matricos ekranas. Statistiniai skai\u010diavimai, trigonometrin\u0117s funkcijos, hiperbolin\u0117s funkcijos, logaritmin\u0117s ir laipsnio funkcijos, poliarin\u0117s ir sta\u010diakamp\u0117s koordinat\u0117s, lenteli\u0173 statistikos duomen\u0173 redaktorius, trupmenos, \u0161aknies funkcija, koreagavimo mygtukas, kartojimo ir atsakymo funkcija, kamp\u0173 keitimo funkcija, \u0161e\u0161ioliktaini\u0173 skaitmen\u0173 vertimas \u012f de\u0161imtain\u0119 ir atgal. Be tekstin\u0117s atminties. Tinkamas naudoti [&hellip;]","og_url":"https:\/\/rutana.lt\/en\/product\/skaiciuotuvas-su-252-funkcijomis-sc2060sbx-rebell\/","og_site_name":"Rutana - Ra\u0161tin\u0117s reikmenys","article_publisher":"https:\/\/www.facebook.com\/RutanaKanceliarinesPrekes\/","article_modified_time":"2025-10-13T13:44:59+00:00","og_image":[{"width":402,"height":567,"url":"https:\/\/rutana.lt\/wp-content\/uploads\/2025\/09\/B071-711.jpg","type":"image\/jpeg"}],"twitter_card":"summary_large_image","twitter_misc":{"Est. reading time":"1 minute"},"schema":{"@context":"https:\/\/schema.org","@graph":[{"@type":"WebPage","@id":"https:\/\/rutana.lt\/produktas\/skaiciuotuvas-su-252-funkcijomis-sc2060sbx-rebell\/","url":"https:\/\/rutana.lt\/produktas\/skaiciuotuvas-su-252-funkcijomis-sc2060sbx-rebell\/","name":"Skai\u010diuotuvas su 252 funkcijomis SC2060SBX Rebell - Rutana - Ra\u0161tin\u0117s reikmenys","isPartOf":{"@id":"https:\/\/rutana.lt\/#website"},"primaryImageOfPage":{"@id":"https:\/\/rutana.lt\/produktas\/skaiciuotuvas-su-252-funkcijomis-sc2060sbx-rebell\/#primaryimage"},"image":{"@id":"https:\/\/rutana.lt\/produktas\/skaiciuotuvas-su-252-funkcijomis-sc2060sbx-rebell\/#primaryimage"},"thumbnailUrl":"https:\/\/rutana.lt\/wp-content\/uploads\/2025\/09\/B071-711-1.jpg?v=1763619057","datePublished":"2025-09-03T07:29:51+00:00","dateModified":"2025-10-13T13:44:59+00:00","breadcrumb":{"@id":"https:\/\/rutana.lt\/produktas\/skaiciuotuvas-su-252-funkcijomis-sc2060sbx-rebell\/#breadcrumb"},"inLanguage":"en-US","potentialAction":[{"@type":"ReadAction","target":["https:\/\/rutana.lt\/produktas\/skaiciuotuvas-su-252-funkcijomis-sc2060sbx-rebell\/"]}]},{"@type":"ImageObject","inLanguage":"en-US","@id":"https:\/\/rutana.lt\/produktas\/skaiciuotuvas-su-252-funkcijomis-sc2060sbx-rebell\/#primaryimage","url":"https:\/\/rutana.lt\/wp-content\/uploads\/2025\/09\/B071-711-1.jpg?v=1763619057","contentUrl":"https:\/\/rutana.lt\/wp-content\/uploads\/2025\/09\/B071-711-1.jpg?v=1763619057","width":402,"height":567},{"@type":"BreadcrumbList","@id":"https:\/\/rutana.lt\/produktas\/skaiciuotuvas-su-252-funkcijomis-sc2060sbx-rebell\/#breadcrumb","itemListElement":[{"@type":"ListItem","position":1,"name":"Home","item":"https:\/\/rutana.lt\/"},{"@type":"ListItem","position":2,"name":"Parduotuv\u0117","item":"https:\/\/rutana.lt\/parduotuve\/"},{"@type":"ListItem","position":3,"name":"Skai\u010diuotuvas su 252 funkcijomis SC2060SBX Rebell"}]},{"@type":"WebSite","@id":"https:\/\/rutana.lt\/#website","url":"https:\/\/rutana.lt\/","name":"Rutana - Ra\u0161tin\u0117s reikmenys","description":"Prekiaujame pasaulin\u0117je rinkoje pripa\u017eintomis, kokybi\u0161komis biuro prek\u0117mis toki\u0173  gamintoj\u0173 kaip: Schneider, Esselte, Novus, 3M, Faber-Castell, Citizen, Milan, Leitz, Colop, Zebra, Staedtler, Durable, Tork, Parker, Waterman ir kt.","publisher":{"@id":"https:\/\/rutana.lt\/#organization"},"potentialAction":[{"@type":"SearchAction","target":{"@type":"EntryPoint","urlTemplate":"https:\/\/rutana.lt\/?s={search_term_string}"},"query-input":{"@type":"PropertyValueSpecification","valueRequired":true,"valueName":"search_term_string"}}],"inLanguage":"en-US"},{"@type":"Organization","@id":"https:\/\/rutana.lt\/#organization","name":"Rutana - Ra\u0161tin\u0117s reikmenys","url":"https:\/\/rutana.lt\/","logo":{"@type":"ImageObject","inLanguage":"en-US","@id":"https:\/\/rutana.lt\/#\/schema\/logo\/image\/","url":"https:\/\/rutana.lt\/wp-content\/uploads\/2025\/10\/Asset-32.png","contentUrl":"https:\/\/rutana.lt\/wp-content\/uploads\/2025\/10\/Asset-32.png","width":433,"height":119,"caption":"Rutana - Ra\u0161tin\u0117s reikmenys"},"image":{"@id":"https:\/\/rutana.lt\/#\/schema\/logo\/image\/"},"sameAs":["https:\/\/www.facebook.com\/RutanaKanceliarinesPrekes\/"]}]}},"_links":{"self":[{"href":"https:\/\/rutana.lt\/en\/wp-json\/wp\/v2\/product\/13668","targetHints":{"allow":["GET"]}}],"collection":[{"href":"https:\/\/rutana.lt\/en\/wp-json\/wp\/v2\/product"}],"about":[{"href":"https:\/\/rutana.lt\/en\/wp-json\/wp\/v2\/types\/product"}],"replies":[{"embeddable":true,"href":"https:\/\/rutana.lt\/en\/wp-json\/wp\/v2\/comments?post=13668"}],"version-history":[{"count":1,"href":"https:\/\/rutana.lt\/en\/wp-json\/wp\/v2\/product\/13668\/revisions"}],"predecessor-version":[{"id":13715,"href":"https:\/\/rutana.lt\/en\/wp-json\/wp\/v2\/product\/13668\/revisions\/13715"}],"wp:featuredmedia":[{"embeddable":true,"href":"https:\/\/rutana.lt\/en\/wp-json\/wp\/v2\/media\/28175"}],"wp:attachment":[{"href":"https:\/\/rutana.lt\/en\/wp-json\/wp\/v2\/media?parent=13668"}],"wp:term":[{"taxonomy":"product_brand","embeddable":true,"href":"https:\/\/rutana.lt\/en\/wp-json\/wp\/v2\/product_brand?post=13668"},{"taxonomy":"product_cat","embeddable":true,"href":"https:\/\/rutana.lt\/en\/wp-json\/wp\/v2\/product_cat?post=13668"},{"taxonomy":"product_tag","embeddable":true,"href":"https:\/\/rutana.lt\/en\/wp-json\/wp\/v2\/product_tag?post=13668"}],"curies":[{"name":"wp","href":"https:\/\/api.w.org\/{rel}","templated":true}]}}