{"id":13662,"date":"2025-09-03T09:29:50","date_gmt":"2025-09-03T07:29:50","guid":{"rendered":"https:\/\/rutana.webdemo.lt\/?post_type=product&#038;p=13662"},"modified":"2025-10-13T15:44:56","modified_gmt":"2025-10-13T13:44:56","slug":"ruloninis-popierius-ooops-professional-m-baltas-vajda-papir-kkc10011688","status":"publish","type":"product","link":"https:\/\/rutana.lt\/en\/product\/ruloninis-popierius-ooops-professional-m-baltas-vajda-papir-kkc10011688\/","title":{"rendered":"Ruloninis popierius Ooops! Professional M baltas Vajda papir KKC10011688"},"content":{"rendered":"<p>Auk\u0161\u010diausios kokyb\u0117s popieriniai rank\u0161luos\u010diai ritiniuose, skirti nusausinimui ar valymui profesionaliose virtuv\u0117se, degalin\u0117se ir kitose intensyvaus jud\u0117jimo patalpose. Popierius i\u0161 100 % celiulioz\u0117s.<\/p>\n<p>Ritinio ilgis: 300 m<\/p>\n<p>Ritinio skersmuo: 20 cm<\/p>\n<p>Vidin\u0117 \u0161erdis: neturi<\/p>\n<p>Lapelio dydis: 20.5 x 30 cm<\/p>\n<p>Lapeli\u0173 kiekis: 1000<\/p>\n<p>Sluoksniai: 1<\/p>\n<p>Spalva: balta<\/p>\n<p>Kilm\u0117s \u0161alis: Vengrija<\/p>\n<p><\/p>","protected":false},"excerpt":{"rendered":"<p>Auk\u0161\u010diausios kokyb\u0117s popieriniai rank\u0161luos\u010diai ritiniuose, skirti nusausinimui ar valymui profesionaliose virtuv\u0117se, degalin\u0117se ir kitose intensyvaus jud\u0117jimo patalpose. Popierius i\u0161 100 % celiulioz\u0117s. Ritinio ilgis: 300 m Ritinio skersmuo: 20 cm Vidin\u0117 \u0161erdis: neturi Lapelio dydis: 20.5 x 30 cm Lapeli\u0173 kiekis: 1000 Sluoksniai: 1 Spalva: balta Kilm\u0117s \u0161alis: Vengrija<\/p>","protected":false},"featured_media":28169,"comment_status":"open","ping_status":"closed","template":"","meta":{"_season_start":"","_season_end":"","_season_days":"","_season_months":"","_season_auto_visibility":""},"product_brand":[886],"product_cat":[1620],"product_tag":[],"class_list":{"0":"post-13662","1":"product","2":"type-product","3":"status-publish","4":"has-post-thumbnail","6":"product_brand-vajda-papir","7":"product_cat-popieriniai-ranksluosciai","9":"first","10":"instock","11":"taxable","12":"shipping-taxable","13":"purchasable","14":"product-type-simple"},"yoast_head":"<!-- This site is optimized with the Yoast SEO plugin v26.1.1 - https:\/\/yoast.com\/wordpress\/plugins\/seo\/ -->\n<title>Ruloninis popierius Ooops! Professional M baltas Vajda papir KKC10011688 - Rutana - Ra\u0161tin\u0117s reikmenys<\/title>\n<meta name=\"robots\" content=\"index, follow, max-snippet:-1, max-image-preview:large, max-video-preview:-1\" \/>\n<link rel=\"canonical\" href=\"https:\/\/rutana.lt\/en\/product\/ruloninis-popierius-ooops-professional-m-baltas-vajda-papir-kkc10011688\/\" \/>\n<meta property=\"og:locale\" content=\"en_US\" \/>\n<meta property=\"og:type\" content=\"article\" \/>\n<meta property=\"og:title\" content=\"Ruloninis popierius Ooops! Professional M baltas Vajda papir KKC10011688 - Rutana - Ra\u0161tin\u0117s reikmenys\" \/>\n<meta property=\"og:description\" content=\"Auk\u0161\u010diausios kokyb\u0117s popieriniai rank\u0161luos\u010diai ritiniuose, skirti nusausinimui ar valymui profesionaliose virtuv\u0117se, degalin\u0117se ir kitose intensyvaus jud\u0117jimo patalpose. Popierius i\u0161 100 % celiulioz\u0117s. Ritinio ilgis: 300 m Ritinio skersmuo: 20 cm Vidin\u0117 \u0161erdis: neturi Lapelio dydis: 20.5 x 30 cm Lapeli\u0173 kiekis: 1000 Sluoksniai: 1 Spalva: balta Kilm\u0117s \u0161alis: Vengrija\" \/>\n<meta property=\"og:url\" content=\"https:\/\/rutana.lt\/en\/product\/ruloninis-popierius-ooops-professional-m-baltas-vajda-papir-kkc10011688\/\" \/>\n<meta property=\"og:site_name\" content=\"Rutana - Ra\u0161tin\u0117s reikmenys\" \/>\n<meta property=\"article:publisher\" content=\"https:\/\/www.facebook.com\/RutanaKanceliarinesPrekes\/\" \/>\n<meta property=\"article:modified_time\" content=\"2025-10-13T13:44:56+00:00\" \/>\n<meta property=\"og:image\" content=\"https:\/\/rutana.lt\/wp-content\/uploads\/2025\/09\/A082-107.jpg\" \/>\n\t<meta property=\"og:image:width\" content=\"500\" \/>\n\t<meta property=\"og:image:height\" content=\"500\" \/>\n\t<meta property=\"og:image:type\" content=\"image\/jpeg\" \/>\n<meta name=\"twitter:card\" content=\"summary_large_image\" \/>\n<script type=\"application\/ld+json\" class=\"yoast-schema-graph\">{\"@context\":\"https:\/\/schema.org\",\"@graph\":[{\"@type\":\"WebPage\",\"@id\":\"https:\/\/rutana.lt\/produktas\/ruloninis-popierius-ooops-professional-m-baltas-vajda-papir-kkc10011688\/\",\"url\":\"https:\/\/rutana.lt\/produktas\/ruloninis-popierius-ooops-professional-m-baltas-vajda-papir-kkc10011688\/\",\"name\":\"Ruloninis popierius Ooops! Professional M baltas Vajda papir KKC10011688 - Rutana - Ra\u0161tin\u0117s reikmenys\",\"isPartOf\":{\"@id\":\"https:\/\/rutana.lt\/#website\"},\"primaryImageOfPage\":{\"@id\":\"https:\/\/rutana.lt\/produktas\/ruloninis-popierius-ooops-professional-m-baltas-vajda-papir-kkc10011688\/#primaryimage\"},\"image\":{\"@id\":\"https:\/\/rutana.lt\/produktas\/ruloninis-popierius-ooops-professional-m-baltas-vajda-papir-kkc10011688\/#primaryimage\"},\"thumbnailUrl\":\"https:\/\/rutana.lt\/wp-content\/uploads\/2025\/09\/A082-107-1.jpg?v=1763619062\",\"datePublished\":\"2025-09-03T07:29:50+00:00\",\"dateModified\":\"2025-10-13T13:44:56+00:00\",\"breadcrumb\":{\"@id\":\"https:\/\/rutana.lt\/produktas\/ruloninis-popierius-ooops-professional-m-baltas-vajda-papir-kkc10011688\/#breadcrumb\"},\"inLanguage\":\"en-US\",\"potentialAction\":[{\"@type\":\"ReadAction\",\"target\":[\"https:\/\/rutana.lt\/produktas\/ruloninis-popierius-ooops-professional-m-baltas-vajda-papir-kkc10011688\/\"]}]},{\"@type\":\"ImageObject\",\"inLanguage\":\"en-US\",\"@id\":\"https:\/\/rutana.lt\/produktas\/ruloninis-popierius-ooops-professional-m-baltas-vajda-papir-kkc10011688\/#primaryimage\",\"url\":\"https:\/\/rutana.lt\/wp-content\/uploads\/2025\/09\/A082-107-1.jpg?v=1763619062\",\"contentUrl\":\"https:\/\/rutana.lt\/wp-content\/uploads\/2025\/09\/A082-107-1.jpg?v=1763619062\",\"width\":500,\"height\":500},{\"@type\":\"BreadcrumbList\",\"@id\":\"https:\/\/rutana.lt\/produktas\/ruloninis-popierius-ooops-professional-m-baltas-vajda-papir-kkc10011688\/#breadcrumb\",\"itemListElement\":[{\"@type\":\"ListItem\",\"position\":1,\"name\":\"Home\",\"item\":\"https:\/\/rutana.lt\/\"},{\"@type\":\"ListItem\",\"position\":2,\"name\":\"Parduotuv\u0117\",\"item\":\"https:\/\/rutana.lt\/parduotuve\/\"},{\"@type\":\"ListItem\",\"position\":3,\"name\":\"Ruloninis popierius Ooops! Professional M baltas Vajda papir KKC10011688\"}]},{\"@type\":\"WebSite\",\"@id\":\"https:\/\/rutana.lt\/#website\",\"url\":\"https:\/\/rutana.lt\/\",\"name\":\"Rutana - Ra\u0161tin\u0117s reikmenys\",\"description\":\"Prekiaujame pasaulin\u0117je rinkoje pripa\u017eintomis, kokybi\u0161komis biuro prek\u0117mis toki\u0173  gamintoj\u0173 kaip: Schneider, Esselte, Novus, 3M, Faber-Castell, Citizen, Milan, Leitz, Colop, Zebra, Staedtler, Durable, Tork, Parker, Waterman ir kt.\",\"publisher\":{\"@id\":\"https:\/\/rutana.lt\/#organization\"},\"potentialAction\":[{\"@type\":\"SearchAction\",\"target\":{\"@type\":\"EntryPoint\",\"urlTemplate\":\"https:\/\/rutana.lt\/?s={search_term_string}\"},\"query-input\":{\"@type\":\"PropertyValueSpecification\",\"valueRequired\":true,\"valueName\":\"search_term_string\"}}],\"inLanguage\":\"en-US\"},{\"@type\":\"Organization\",\"@id\":\"https:\/\/rutana.lt\/#organization\",\"name\":\"Rutana - Ra\u0161tin\u0117s reikmenys\",\"url\":\"https:\/\/rutana.lt\/\",\"logo\":{\"@type\":\"ImageObject\",\"inLanguage\":\"en-US\",\"@id\":\"https:\/\/rutana.lt\/#\/schema\/logo\/image\/\",\"url\":\"https:\/\/rutana.lt\/wp-content\/uploads\/2025\/10\/Asset-32.png\",\"contentUrl\":\"https:\/\/rutana.lt\/wp-content\/uploads\/2025\/10\/Asset-32.png\",\"width\":433,\"height\":119,\"caption\":\"Rutana - Ra\u0161tin\u0117s reikmenys\"},\"image\":{\"@id\":\"https:\/\/rutana.lt\/#\/schema\/logo\/image\/\"},\"sameAs\":[\"https:\/\/www.facebook.com\/RutanaKanceliarinesPrekes\/\"]}]}<\/script>\n<!-- \/ Yoast SEO plugin. -->","yoast_head_json":{"title":"Ruloninis popierius Ooops! Professional M baltas Vajda papir KKC10011688 - Rutana - Ra\u0161tin\u0117s reikmenys","robots":{"index":"index","follow":"follow","max-snippet":"max-snippet:-1","max-image-preview":"max-image-preview:large","max-video-preview":"max-video-preview:-1"},"canonical":"https:\/\/rutana.lt\/en\/product\/ruloninis-popierius-ooops-professional-m-baltas-vajda-papir-kkc10011688\/","og_locale":"en_US","og_type":"article","og_title":"Ruloninis popierius Ooops! Professional M baltas Vajda papir KKC10011688 - Rutana - Ra\u0161tin\u0117s reikmenys","og_description":"Auk\u0161\u010diausios kokyb\u0117s popieriniai rank\u0161luos\u010diai ritiniuose, skirti nusausinimui ar valymui profesionaliose virtuv\u0117se, degalin\u0117se ir kitose intensyvaus jud\u0117jimo patalpose. Popierius i\u0161 100 % celiulioz\u0117s. Ritinio ilgis: 300 m Ritinio skersmuo: 20 cm Vidin\u0117 \u0161erdis: neturi Lapelio dydis: 20.5 x 30 cm Lapeli\u0173 kiekis: 1000 Sluoksniai: 1 Spalva: balta Kilm\u0117s \u0161alis: Vengrija","og_url":"https:\/\/rutana.lt\/en\/product\/ruloninis-popierius-ooops-professional-m-baltas-vajda-papir-kkc10011688\/","og_site_name":"Rutana - Ra\u0161tin\u0117s reikmenys","article_publisher":"https:\/\/www.facebook.com\/RutanaKanceliarinesPrekes\/","article_modified_time":"2025-10-13T13:44:56+00:00","og_image":[{"width":500,"height":500,"url":"https:\/\/rutana.lt\/wp-content\/uploads\/2025\/09\/A082-107.jpg","type":"image\/jpeg"}],"twitter_card":"summary_large_image","schema":{"@context":"https:\/\/schema.org","@graph":[{"@type":"WebPage","@id":"https:\/\/rutana.lt\/produktas\/ruloninis-popierius-ooops-professional-m-baltas-vajda-papir-kkc10011688\/","url":"https:\/\/rutana.lt\/produktas\/ruloninis-popierius-ooops-professional-m-baltas-vajda-papir-kkc10011688\/","name":"Ruloninis popierius Ooops! Professional M baltas Vajda papir KKC10011688 - Rutana - Ra\u0161tin\u0117s reikmenys","isPartOf":{"@id":"https:\/\/rutana.lt\/#website"},"primaryImageOfPage":{"@id":"https:\/\/rutana.lt\/produktas\/ruloninis-popierius-ooops-professional-m-baltas-vajda-papir-kkc10011688\/#primaryimage"},"image":{"@id":"https:\/\/rutana.lt\/produktas\/ruloninis-popierius-ooops-professional-m-baltas-vajda-papir-kkc10011688\/#primaryimage"},"thumbnailUrl":"https:\/\/rutana.lt\/wp-content\/uploads\/2025\/09\/A082-107-1.jpg?v=1763619062","datePublished":"2025-09-03T07:29:50+00:00","dateModified":"2025-10-13T13:44:56+00:00","breadcrumb":{"@id":"https:\/\/rutana.lt\/produktas\/ruloninis-popierius-ooops-professional-m-baltas-vajda-papir-kkc10011688\/#breadcrumb"},"inLanguage":"en-US","potentialAction":[{"@type":"ReadAction","target":["https:\/\/rutana.lt\/produktas\/ruloninis-popierius-ooops-professional-m-baltas-vajda-papir-kkc10011688\/"]}]},{"@type":"ImageObject","inLanguage":"en-US","@id":"https:\/\/rutana.lt\/produktas\/ruloninis-popierius-ooops-professional-m-baltas-vajda-papir-kkc10011688\/#primaryimage","url":"https:\/\/rutana.lt\/wp-content\/uploads\/2025\/09\/A082-107-1.jpg?v=1763619062","contentUrl":"https:\/\/rutana.lt\/wp-content\/uploads\/2025\/09\/A082-107-1.jpg?v=1763619062","width":500,"height":500},{"@type":"BreadcrumbList","@id":"https:\/\/rutana.lt\/produktas\/ruloninis-popierius-ooops-professional-m-baltas-vajda-papir-kkc10011688\/#breadcrumb","itemListElement":[{"@type":"ListItem","position":1,"name":"Home","item":"https:\/\/rutana.lt\/"},{"@type":"ListItem","position":2,"name":"Parduotuv\u0117","item":"https:\/\/rutana.lt\/parduotuve\/"},{"@type":"ListItem","position":3,"name":"Ruloninis popierius Ooops! Professional M baltas Vajda papir KKC10011688"}]},{"@type":"WebSite","@id":"https:\/\/rutana.lt\/#website","url":"https:\/\/rutana.lt\/","name":"Rutana - Ra\u0161tin\u0117s reikmenys","description":"Prekiaujame pasaulin\u0117je rinkoje pripa\u017eintomis, kokybi\u0161komis biuro prek\u0117mis toki\u0173  gamintoj\u0173 kaip: Schneider, Esselte, Novus, 3M, Faber-Castell, Citizen, Milan, Leitz, Colop, Zebra, Staedtler, Durable, Tork, Parker, Waterman ir kt.","publisher":{"@id":"https:\/\/rutana.lt\/#organization"},"potentialAction":[{"@type":"SearchAction","target":{"@type":"EntryPoint","urlTemplate":"https:\/\/rutana.lt\/?s={search_term_string}"},"query-input":{"@type":"PropertyValueSpecification","valueRequired":true,"valueName":"search_term_string"}}],"inLanguage":"en-US"},{"@type":"Organization","@id":"https:\/\/rutana.lt\/#organization","name":"Rutana - Ra\u0161tin\u0117s reikmenys","url":"https:\/\/rutana.lt\/","logo":{"@type":"ImageObject","inLanguage":"en-US","@id":"https:\/\/rutana.lt\/#\/schema\/logo\/image\/","url":"https:\/\/rutana.lt\/wp-content\/uploads\/2025\/10\/Asset-32.png","contentUrl":"https:\/\/rutana.lt\/wp-content\/uploads\/2025\/10\/Asset-32.png","width":433,"height":119,"caption":"Rutana - Ra\u0161tin\u0117s reikmenys"},"image":{"@id":"https:\/\/rutana.lt\/#\/schema\/logo\/image\/"},"sameAs":["https:\/\/www.facebook.com\/RutanaKanceliarinesPrekes\/"]}]}},"_links":{"self":[{"href":"https:\/\/rutana.lt\/en\/wp-json\/wp\/v2\/product\/13662","targetHints":{"allow":["GET"]}}],"collection":[{"href":"https:\/\/rutana.lt\/en\/wp-json\/wp\/v2\/product"}],"about":[{"href":"https:\/\/rutana.lt\/en\/wp-json\/wp\/v2\/types\/product"}],"replies":[{"embeddable":true,"href":"https:\/\/rutana.lt\/en\/wp-json\/wp\/v2\/comments?post=13662"}],"version-history":[{"count":1,"href":"https:\/\/rutana.lt\/en\/wp-json\/wp\/v2\/product\/13662\/revisions"}],"predecessor-version":[{"id":13703,"href":"https:\/\/rutana.lt\/en\/wp-json\/wp\/v2\/product\/13662\/revisions\/13703"}],"wp:featuredmedia":[{"embeddable":true,"href":"https:\/\/rutana.lt\/en\/wp-json\/wp\/v2\/media\/28169"}],"wp:attachment":[{"href":"https:\/\/rutana.lt\/en\/wp-json\/wp\/v2\/media?parent=13662"}],"wp:term":[{"taxonomy":"product_brand","embeddable":true,"href":"https:\/\/rutana.lt\/en\/wp-json\/wp\/v2\/product_brand?post=13662"},{"taxonomy":"product_cat","embeddable":true,"href":"https:\/\/rutana.lt\/en\/wp-json\/wp\/v2\/product_cat?post=13662"},{"taxonomy":"product_tag","embeddable":true,"href":"https:\/\/rutana.lt\/en\/wp-json\/wp\/v2\/product_tag?post=13662"}],"curies":[{"name":"wp","href":"https:\/\/api.w.org\/{rel}","templated":true}]}}